{"id":456106,"date":"2014-12-25T12:55:22","date_gmt":"2014-12-25T10:55:22","guid":{"rendered":"https:\/\/beebipood.ee\/toode\/beebivoodi-jana-varvivalik\/"},"modified":"2025-03-05T07:10:43","modified_gmt":"2025-03-05T05:10:43","slug":"beebivoodi-jana-varvivalik","status":"publish","type":"product","link":"https:\/\/beebipood.ee\/ru\/produkt\/beebivoodi-jana-varvivalik\/","title":{"rendered":"Beebivoodi Jana, v\u00e4rvivalik"},"content":{"rendered":"<p>*m\u00e4nnipuidust beebivoodi <br \/>*viimistlus: valge<br \/> *valmistatud Eestis <br \/>*v\u00f5imalik muuta voodi \u00fche k\u00fclje k\u00f5rgust <br \/>*voodi p\u00f5hja v\u00f5imalik t\u00f5sta kaks erinevat k\u00f5rgust <br \/>*sobivat m\u00f5\u00f5tu madrats voodisse: laius 60 cm, pikkus 120 cm <br \/>*madrats ei ole hinna sees <br \/>*toode vastab k\u00f5ikidele EN turvastandarditele<\/p>\n","protected":false},"excerpt":{"rendered":"<p>*m\u00e4nnipuidust beebivoodi *viimistlus: valge *valmistatud Eestis *v\u00f5imalik muuta voodi \u00fche k\u00fclje k\u00f5rgust *voodi p\u00f5hja v\u00f5imalik t\u00f5sta kaks erinevat k\u00f5rgust *sobivat m\u00f5\u00f5tu madrats voodisse: laius 60 cm, pikkus 120 cm *madrats ei ole hinna sees *toode vastab k\u00f5ikidele EN turvastandarditele<\/p>\n","protected":false},"featured_media":105339,"template":"","meta":{"_acf_changed":false},"pwb-brand":[],"product_brand":[],"product_cat":[11567,11745,11553],"product_tag":[],"class_list":{"0":"post-456106","1":"product","2":"type-product","3":"status-publish","4":"has-post-thumbnail","6":"product_cat-vorevoodid-ru","7":"product_cat-madratsile-60x120-ru","8":"product_cat-beebivoodid-reisivoodid-hallid-ru","10":"first","11":"onbackorder","12":"sale","13":"taxable","14":"shipping-taxable","15":"purchasable","16":"product-type-simple"},"exclude_global_add_ons":false,"addons":[{"name":"Vali v\u00e4rv","type":"multiple_choice","position":1,"required":true,"title_format":"heading","default":"","description_enable":false,"description":"","placeholder_enable":false,"placeholder":"","display":"images","restrictions_type":"any_text","adjust_price":false,"price":"","price_type":"flat_fee","restrictions":false,"min":"0","max":"0","options":[{"label":"hele lakk","price":"","price_type":"quantity_based","image":500751,"visibility":true},{"label":"vana m\u00e4nd","price":"","price_type":"quantity_based","image":500753,"visibility":true},{"label":"tumepruun","price":"","price_type":"quantity_based","image":500755,"visibility":true},{"label":"mahagon-pruun","price":"","price_type":"quantity_based","image":500757,"visibility":true},{"label":"kirss keskmine","price":"","price_type":"quantity_based","image":500759,"visibility":true},{"label":"kollane peits","price":"","price_type":"quantity_based","image":500761,"visibility":true},{"label":"oran\u017e peits","price":"","price_type":"quantity_based","image":500763,"visibility":true},{"label":"punane peits","price":"","price_type":"quantity_based","image":500765,"visibility":true},{"label":"hele-p\u00f6\u00f6k peits","price":"","price_type":"quantity_based","image":500767,"visibility":true},{"label":"roheline peits","price":"","price_type":"quantity_based","image":500769,"visibility":true},{"label":"roosakas peits","price":"","price_type":"quantity_based","image":500771,"visibility":true},{"label":"hele-sinakas peits","price":"","price_type":"quantity_based","image":500773,"visibility":true},{"label":"valge peits","price":"","price_type":"quantity_based","image":500775,"visibility":true},{"label":"antiik-rohekas peits","price":"","price_type":"quantity_based","image":500777,"visibility":true},{"label":"vana m\u00e4nd keskmine","price":"","price_type":"quantity_based","image":500779,"visibility":true}]}],"acf":[],"yoast_head":"<!-- This site is optimized with the Yoast SEO plugin v27.3 - https:\/\/yoast.com\/product\/yoast-seo-wordpress\/ -->\n<title>Beebivoodi Jana, v\u00e4rvivalik, \u0414\u0435\u0442\u0441\u043a\u0438e \u043a\u0440\u043e\u0432\u0430\u0442\u043a\u0438, \u043f\u0435\u0440\u0435\u043d\u043e\u0441\u043d\u044b\u0435 \u043a\u0440\u043e\u0432\u0430\u0442\u043a\u0438, \u043b\u044e\u043b\u044c\u043a\u0438, \u0414\u0435\u0442\u0441\u043a\u0438e \u043a\u0440\u043e\u0432\u0430\u0442\u043a\u0438, \u043c\u0430\u0442\u0440\u0430\u0441 60x120, Beebipood<\/title>\n<meta name=\"description\" content=\"Beebivoodi Jana, v\u00e4rvivalik, *m&auml;nnipuidust beebivoodi *viimistlus: valge *valmistatud Eestis *v&otilde;imalik muuta voodi &uuml;he k&amp;\" \/>\n<meta name=\"robots\" content=\"index, follow, max-snippet:-1, max-image-preview:large, max-video-preview:-1\" \/>\n<link rel=\"canonical\" href=\"https:\/\/beebipood.ee\/ru\/produkt\/beebivoodi-jana-varvivalik\/\" \/>\n<meta property=\"og:locale\" content=\"ru_RU\" \/>\n<meta property=\"og:type\" content=\"article\" \/>\n<meta property=\"og:title\" content=\"Beebivoodi Jana, v\u00e4rvivalik, \u0414\u0435\u0442\u0441\u043a\u0438e \u043a\u0440\u043e\u0432\u0430\u0442\u043a\u0438, \u043f\u0435\u0440\u0435\u043d\u043e\u0441\u043d\u044b\u0435 \u043a\u0440\u043e\u0432\u0430\u0442\u043a\u0438, \u043b\u044e\u043b\u044c\u043a\u0438, \u0414\u0435\u0442\u0441\u043a\u0438e \u043a\u0440\u043e\u0432\u0430\u0442\u043a\u0438, \u043c\u0430\u0442\u0440\u0430\u0441 60x120, Beebipood\" \/>\n<meta property=\"og:description\" content=\"Beebivoodi Jana, v\u00e4rvivalik, *m&auml;nnipuidust beebivoodi *viimistlus: valge *valmistatud Eestis *v&otilde;imalik muuta voodi &uuml;he k&amp;\" \/>\n<meta property=\"og:url\" content=\"https:\/\/beebipood.ee\/ru\/produkt\/beebivoodi-jana-varvivalik\/\" \/>\n<meta property=\"og:site_name\" content=\"Beebipood\" \/>\n<meta property=\"article:modified_time\" content=\"2025-03-05T05:10:43+00:00\" \/>\n<meta property=\"og:image\" content=\"https:\/\/beebipood.ee\/wp-content\/uploads\/2014\/12\/beebivoodi_jana_valge-f1b.jpg\" \/>\n\t<meta property=\"og:image:width\" content=\"600\" \/>\n\t<meta property=\"og:image:height\" content=\"600\" \/>\n\t<meta property=\"og:image:type\" content=\"image\/jpeg\" \/>\n<meta name=\"twitter:card\" content=\"summary_large_image\" \/>\n<script type=\"application\/ld+json\" class=\"yoast-schema-graph\">{\"@context\":\"https:\\\/\\\/schema.org\",\"@graph\":[{\"@type\":\"WebPage\",\"@id\":\"https:\\\/\\\/beebipood.ee\\\/ru\\\/produkt\\\/beebivoodi-jana-varvivalik\\\/\",\"url\":\"https:\\\/\\\/beebipood.ee\\\/ru\\\/produkt\\\/beebivoodi-jana-varvivalik\\\/\",\"name\":\"Beebivoodi Jana, v\u00e4rvivalik, \u0414\u0435\u0442\u0441\u043a\u0438e \u043a\u0440\u043e\u0432\u0430\u0442\u043a\u0438, \u043f\u0435\u0440\u0435\u043d\u043e\u0441\u043d\u044b\u0435 \u043a\u0440\u043e\u0432\u0430\u0442\u043a\u0438, \u043b\u044e\u043b\u044c\u043a\u0438, \u0414\u0435\u0442\u0441\u043a\u0438e \u043a\u0440\u043e\u0432\u0430\u0442\u043a\u0438, \u043c\u0430\u0442\u0440\u0430\u0441 60x120, Beebipood\",\"isPartOf\":{\"@id\":\"https:\\\/\\\/beebipood.ee\\\/ru\\\/#website\"},\"primaryImageOfPage\":{\"@id\":\"https:\\\/\\\/beebipood.ee\\\/ru\\\/produkt\\\/beebivoodi-jana-varvivalik\\\/#primaryimage\"},\"image\":{\"@id\":\"https:\\\/\\\/beebipood.ee\\\/ru\\\/produkt\\\/beebivoodi-jana-varvivalik\\\/#primaryimage\"},\"thumbnailUrl\":\"https:\\\/\\\/beebipood.ee\\\/wp-content\\\/uploads\\\/2014\\\/12\\\/beebivoodi_jana_valge-f1b.jpg\",\"datePublished\":\"2014-12-25T10:55:22+00:00\",\"dateModified\":\"2025-03-05T05:10:43+00:00\",\"description\":\"Beebivoodi Jana, v\u00e4rvivalik, *m&auml;nnipuidust beebivoodi *viimistlus: valge *valmistatud Eestis *v&otilde;imalik muuta voodi &uuml;he k&\",\"breadcrumb\":{\"@id\":\"https:\\\/\\\/beebipood.ee\\\/ru\\\/produkt\\\/beebivoodi-jana-varvivalik\\\/#breadcrumb\"},\"inLanguage\":\"ru-RU\",\"potentialAction\":[{\"@type\":\"ReadAction\",\"target\":[\"https:\\\/\\\/beebipood.ee\\\/ru\\\/produkt\\\/beebivoodi-jana-varvivalik\\\/\"]}]},{\"@type\":\"ImageObject\",\"inLanguage\":\"ru-RU\",\"@id\":\"https:\\\/\\\/beebipood.ee\\\/ru\\\/produkt\\\/beebivoodi-jana-varvivalik\\\/#primaryimage\",\"url\":\"https:\\\/\\\/beebipood.ee\\\/wp-content\\\/uploads\\\/2014\\\/12\\\/beebivoodi_jana_valge-f1b.jpg\",\"contentUrl\":\"https:\\\/\\\/beebipood.ee\\\/wp-content\\\/uploads\\\/2014\\\/12\\\/beebivoodi_jana_valge-f1b.jpg\",\"width\":600,\"height\":600},{\"@type\":\"BreadcrumbList\",\"@id\":\"https:\\\/\\\/beebipood.ee\\\/ru\\\/produkt\\\/beebivoodi-jana-varvivalik\\\/#breadcrumb\",\"itemListElement\":[{\"@type\":\"ListItem\",\"position\":1,\"name\":\"Home\",\"item\":\"https:\\\/\\\/beebipood.ee\\\/ru\\\/\"},{\"@type\":\"ListItem\",\"position\":2,\"name\":\"\u041a\u0430\u0442\u0430\u043b\u043e\u0433 \u0442\u043e\u0432\u0430\u0440\u043e\u0432\",\"item\":\"https:\\\/\\\/beebipood.ee\\\/tooted\\\/\"},{\"@type\":\"ListItem\",\"position\":3,\"name\":\"Beebivoodi Jana, v\u00e4rvivalik\"}]},{\"@type\":\"WebSite\",\"@id\":\"https:\\\/\\\/beebipood.ee\\\/ru\\\/#website\",\"url\":\"https:\\\/\\\/beebipood.ee\\\/ru\\\/\",\"name\":\"Beebipood\",\"description\":\"Lastekaubad, beebikaubad, m\u00e4nguasjad\",\"publisher\":{\"@id\":\"https:\\\/\\\/beebipood.ee\\\/ru\\\/#organization\"},\"potentialAction\":[{\"@type\":\"SearchAction\",\"target\":{\"@type\":\"EntryPoint\",\"urlTemplate\":\"https:\\\/\\\/beebipood.ee\\\/ru\\\/?s={search_term_string}\"},\"query-input\":{\"@type\":\"PropertyValueSpecification\",\"valueRequired\":true,\"valueName\":\"search_term_string\"}}],\"inLanguage\":\"ru-RU\"},{\"@type\":\"Organization\",\"@id\":\"https:\\\/\\\/beebipood.ee\\\/ru\\\/#organization\",\"name\":\"Beebipood\",\"url\":\"https:\\\/\\\/beebipood.ee\\\/ru\\\/\",\"logo\":{\"@type\":\"ImageObject\",\"inLanguage\":\"ru-RU\",\"@id\":\"https:\\\/\\\/beebipood.ee\\\/ru\\\/#\\\/schema\\\/logo\\\/image\\\/\",\"url\":\"https:\\\/\\\/beebipood.ee\\\/wp-content\\\/uploads\\\/2025\\\/03\\\/beebipood.ee-logo-1.svg\",\"contentUrl\":\"https:\\\/\\\/beebipood.ee\\\/wp-content\\\/uploads\\\/2025\\\/03\\\/beebipood.ee-logo-1.svg\",\"caption\":\"Beebipood\"},\"image\":{\"@id\":\"https:\\\/\\\/beebipood.ee\\\/ru\\\/#\\\/schema\\\/logo\\\/image\\\/\"}}]}<\/script>\n<!-- \/ Yoast SEO plugin. -->","yoast_head_json":{"title":"Beebivoodi Jana, v\u00e4rvivalik, \u0414\u0435\u0442\u0441\u043a\u0438e \u043a\u0440\u043e\u0432\u0430\u0442\u043a\u0438, \u043f\u0435\u0440\u0435\u043d\u043e\u0441\u043d\u044b\u0435 \u043a\u0440\u043e\u0432\u0430\u0442\u043a\u0438, \u043b\u044e\u043b\u044c\u043a\u0438, \u0414\u0435\u0442\u0441\u043a\u0438e \u043a\u0440\u043e\u0432\u0430\u0442\u043a\u0438, \u043c\u0430\u0442\u0440\u0430\u0441 60x120, Beebipood","description":"Beebivoodi Jana, v\u00e4rvivalik, *m&auml;nnipuidust beebivoodi *viimistlus: valge *valmistatud Eestis *v&otilde;imalik muuta voodi &uuml;he k&","robots":{"index":"index","follow":"follow","max-snippet":"max-snippet:-1","max-image-preview":"max-image-preview:large","max-video-preview":"max-video-preview:-1"},"canonical":"https:\/\/beebipood.ee\/ru\/produkt\/beebivoodi-jana-varvivalik\/","og_locale":"ru_RU","og_type":"article","og_title":"Beebivoodi Jana, v\u00e4rvivalik, \u0414\u0435\u0442\u0441\u043a\u0438e \u043a\u0440\u043e\u0432\u0430\u0442\u043a\u0438, \u043f\u0435\u0440\u0435\u043d\u043e\u0441\u043d\u044b\u0435 \u043a\u0440\u043e\u0432\u0430\u0442\u043a\u0438, \u043b\u044e\u043b\u044c\u043a\u0438, \u0414\u0435\u0442\u0441\u043a\u0438e \u043a\u0440\u043e\u0432\u0430\u0442\u043a\u0438, \u043c\u0430\u0442\u0440\u0430\u0441 60x120, Beebipood","og_description":"Beebivoodi Jana, v\u00e4rvivalik, *m&auml;nnipuidust beebivoodi *viimistlus: valge *valmistatud Eestis *v&otilde;imalik muuta voodi &uuml;he k&","og_url":"https:\/\/beebipood.ee\/ru\/produkt\/beebivoodi-jana-varvivalik\/","og_site_name":"Beebipood","article_modified_time":"2025-03-05T05:10:43+00:00","og_image":[{"width":600,"height":600,"url":"https:\/\/beebipood.ee\/wp-content\/uploads\/2014\/12\/beebivoodi_jana_valge-f1b.jpg","type":"image\/jpeg"}],"twitter_card":"summary_large_image","schema":{"@context":"https:\/\/schema.org","@graph":[{"@type":"WebPage","@id":"https:\/\/beebipood.ee\/ru\/produkt\/beebivoodi-jana-varvivalik\/","url":"https:\/\/beebipood.ee\/ru\/produkt\/beebivoodi-jana-varvivalik\/","name":"Beebivoodi Jana, v\u00e4rvivalik, \u0414\u0435\u0442\u0441\u043a\u0438e \u043a\u0440\u043e\u0432\u0430\u0442\u043a\u0438, \u043f\u0435\u0440\u0435\u043d\u043e\u0441\u043d\u044b\u0435 \u043a\u0440\u043e\u0432\u0430\u0442\u043a\u0438, \u043b\u044e\u043b\u044c\u043a\u0438, \u0414\u0435\u0442\u0441\u043a\u0438e \u043a\u0440\u043e\u0432\u0430\u0442\u043a\u0438, \u043c\u0430\u0442\u0440\u0430\u0441 60x120, Beebipood","isPartOf":{"@id":"https:\/\/beebipood.ee\/ru\/#website"},"primaryImageOfPage":{"@id":"https:\/\/beebipood.ee\/ru\/produkt\/beebivoodi-jana-varvivalik\/#primaryimage"},"image":{"@id":"https:\/\/beebipood.ee\/ru\/produkt\/beebivoodi-jana-varvivalik\/#primaryimage"},"thumbnailUrl":"https:\/\/beebipood.ee\/wp-content\/uploads\/2014\/12\/beebivoodi_jana_valge-f1b.jpg","datePublished":"2014-12-25T10:55:22+00:00","dateModified":"2025-03-05T05:10:43+00:00","description":"Beebivoodi Jana, v\u00e4rvivalik, *m&auml;nnipuidust beebivoodi *viimistlus: valge *valmistatud Eestis *v&otilde;imalik muuta voodi &uuml;he k&","breadcrumb":{"@id":"https:\/\/beebipood.ee\/ru\/produkt\/beebivoodi-jana-varvivalik\/#breadcrumb"},"inLanguage":"ru-RU","potentialAction":[{"@type":"ReadAction","target":["https:\/\/beebipood.ee\/ru\/produkt\/beebivoodi-jana-varvivalik\/"]}]},{"@type":"ImageObject","inLanguage":"ru-RU","@id":"https:\/\/beebipood.ee\/ru\/produkt\/beebivoodi-jana-varvivalik\/#primaryimage","url":"https:\/\/beebipood.ee\/wp-content\/uploads\/2014\/12\/beebivoodi_jana_valge-f1b.jpg","contentUrl":"https:\/\/beebipood.ee\/wp-content\/uploads\/2014\/12\/beebivoodi_jana_valge-f1b.jpg","width":600,"height":600},{"@type":"BreadcrumbList","@id":"https:\/\/beebipood.ee\/ru\/produkt\/beebivoodi-jana-varvivalik\/#breadcrumb","itemListElement":[{"@type":"ListItem","position":1,"name":"Home","item":"https:\/\/beebipood.ee\/ru\/"},{"@type":"ListItem","position":2,"name":"\u041a\u0430\u0442\u0430\u043b\u043e\u0433 \u0442\u043e\u0432\u0430\u0440\u043e\u0432","item":"https:\/\/beebipood.ee\/tooted\/"},{"@type":"ListItem","position":3,"name":"Beebivoodi Jana, v\u00e4rvivalik"}]},{"@type":"WebSite","@id":"https:\/\/beebipood.ee\/ru\/#website","url":"https:\/\/beebipood.ee\/ru\/","name":"Beebipood","description":"Lastekaubad, beebikaubad, m\u00e4nguasjad","publisher":{"@id":"https:\/\/beebipood.ee\/ru\/#organization"},"potentialAction":[{"@type":"SearchAction","target":{"@type":"EntryPoint","urlTemplate":"https:\/\/beebipood.ee\/ru\/?s={search_term_string}"},"query-input":{"@type":"PropertyValueSpecification","valueRequired":true,"valueName":"search_term_string"}}],"inLanguage":"ru-RU"},{"@type":"Organization","@id":"https:\/\/beebipood.ee\/ru\/#organization","name":"Beebipood","url":"https:\/\/beebipood.ee\/ru\/","logo":{"@type":"ImageObject","inLanguage":"ru-RU","@id":"https:\/\/beebipood.ee\/ru\/#\/schema\/logo\/image\/","url":"https:\/\/beebipood.ee\/wp-content\/uploads\/2025\/03\/beebipood.ee-logo-1.svg","contentUrl":"https:\/\/beebipood.ee\/wp-content\/uploads\/2025\/03\/beebipood.ee-logo-1.svg","caption":"Beebipood"},"image":{"@id":"https:\/\/beebipood.ee\/ru\/#\/schema\/logo\/image\/"}}]}},"brands":[],"_links":{"self":[{"href":"https:\/\/beebipood.ee\/ru\/wp-json\/wp\/v2\/product\/456106","targetHints":{"allow":["GET"]}}],"collection":[{"href":"https:\/\/beebipood.ee\/ru\/wp-json\/wp\/v2\/product"}],"about":[{"href":"https:\/\/beebipood.ee\/ru\/wp-json\/wp\/v2\/types\/product"}],"wp:featuredmedia":[{"embeddable":true,"href":"https:\/\/beebipood.ee\/ru\/wp-json\/wp\/v2\/media\/105339"}],"wp:attachment":[{"href":"https:\/\/beebipood.ee\/ru\/wp-json\/wp\/v2\/media?parent=456106"}],"wp:term":[{"taxonomy":"pwb-brand","embeddable":true,"href":"https:\/\/beebipood.ee\/ru\/wp-json\/wp\/v2\/pwb-brand?post=456106"},{"taxonomy":"product_brand","embeddable":true,"href":"https:\/\/beebipood.ee\/ru\/wp-json\/wp\/v2\/product_brand?post=456106"},{"taxonomy":"product_cat","embeddable":true,"href":"https:\/\/beebipood.ee\/ru\/wp-json\/wp\/v2\/product_cat?post=456106"},{"taxonomy":"product_tag","embeddable":true,"href":"https:\/\/beebipood.ee\/ru\/wp-json\/wp\/v2\/product_tag?post=456106"}],"curies":[{"name":"wp","href":"https:\/\/api.w.org\/{rel}","templated":true}]}}