{"id":456112,"date":"2025-10-01T12:38:49","date_gmt":"2025-10-01T09:38:49","guid":{"rendered":"https:\/\/beebipood.ee\/toode\/vooditasku-bedside-sand\/"},"modified":"2025-10-02T13:16:12","modified_gmt":"2025-10-02T10:16:12","slug":"vooditasku-side-crib-white","status":"publish","type":"product","link":"https:\/\/beebipood.ee\/ru\/produkt\/vooditasku-side-crib-white\/","title":{"rendered":"Vooditasku Side Crib, white"},"content":{"rendered":"<h2 data-start=\"154\" data-end=\"231\"><strong data-start=\"157\" data-end=\"231\">Vooditasku Side Crib \u2013 turvaline ja kompaktne magamiskoht beebile<\/strong><\/h2>\n<p data-start=\"233\" data-end=\"448\"><strong data-start=\"233\" data-end=\"246\">Side Crib<\/strong> on stiilne ja turvaline mini beebivoodi, mis on loodud spetsiaalselt vasts\u00fcndinutele vanuses 0\u20137 kuud.<br \/>\nSee on ideaalne alternatiiv Moosese korvile \u2013 ohutu, stabiilne ning toetab beebi varajast arengut.<\/p>\n<h3 data-start=\"450\" data-end=\"475\"><strong data-start=\"454\" data-end=\"475\">Peamised eelised:<\/strong><\/h3>\n<ul data-start=\"477\" data-end=\"1368\">\n<li data-start=\"477\" data-end=\"633\">\n<p data-start=\"479\" data-end=\"633\">\ud83d\udecf\ufe0f <strong data-start=\"483\" data-end=\"523\">Turvaline ja sertifitseeritud disain<\/strong><br data-start=\"523\" data-end=\"526\" \/>Valmistatud 100% 1. klassi m\u00e4nnipuidust. Sertifitseeritud konstruktsioon tagab beebi ohutuse igal hetkel.<\/p>\n<\/li>\n<li data-start=\"635\" data-end=\"832\">\n<p data-start=\"637\" data-end=\"832\">\ud83c\udf2c\ufe0f \u00d5<strong data-start=\"641\" data-end=\"677\">huline konstruktsioon<\/strong><br data-start=\"677\" data-end=\"680\" \/>\u00d5huline disain tagab maksimaalse \u00f5huringluse ning v\u00f5imaldab beebil tajuda keskkonda m\u00f5lemalt poolt \u2013 mitte ainult \u00fclalt, nagu tavaliste h\u00e4llide puhul.<\/p>\n<\/li>\n<li data-start=\"834\" data-end=\"1012\">\n<p data-start=\"836\" data-end=\"1012\">\ud83d\udccf <strong data-start=\"839\" data-end=\"861\">Kompaktne ja kerge<\/strong><br data-start=\"861\" data-end=\"864\" \/>T\u00e4nu v\u00e4ikestele m\u00f5\u00f5tudele sobib suurep\u00e4raselt v\u00e4ikestesse magamistubadesse. Voodit saab paigutada nii paremale kui vasakule poole vanemate voodit.<\/p>\n<\/li>\n<li data-start=\"1014\" data-end=\"1176\">\n<p data-start=\"1016\" data-end=\"1176\">\ud83d\udebc <strong data-start=\"1019\" data-end=\"1048\">Mitmeotstarbeline kasutus<\/strong><br data-start=\"1048\" data-end=\"1051\" \/>Lisades rattad (kuuluvad komplekti), saab voodit lihtsalt liigutada elutuppa v\u00f5i vannituppa \u2013 nii on beebi alati silme ees.<\/p>\n<\/li>\n<\/ul>\n<h3 data-start=\"1370\" data-end=\"1396\"><strong data-start=\"1374\" data-end=\"1396\">Tehnilised andmed:<\/strong><\/h3>\n<ul data-start=\"1398\" data-end=\"1617\">\n<li data-start=\"1398\" data-end=\"1436\">\n<p data-start=\"1400\" data-end=\"1436\">Materjal: 100% 1. klassi m\u00e4nnipuit<\/p>\n<\/li>\n<li data-start=\"1437\" data-end=\"1476\">\n<p data-start=\"1439\" data-end=\"1476\">Madratsi k\u00f5rguse seadistus: 6 taset<br \/>\nP\u00f5hja k\u00f5rgused maast 26cm, 29cm, 32cm, 36cm, 39cm, 42cm<br \/>\nJuurde tuleb liita rattad +6cm ja madratsi k\u00f5rgus +6cm kuni +7cm<\/p>\n<\/li>\n<li data-start=\"1477\" data-end=\"1518\">\n<p data-start=\"1479\" data-end=\"1518\">Vanus: Sobib lastele vanuses 0\u20137 kuud<\/p>\n<\/li>\n<li data-start=\"1519\" data-end=\"1571\">\n<p data-start=\"1521\" data-end=\"1571\">Rattad: sobivad voodile ja kuuluvad komplekti, k<span dir=\"auto\">ahel kaasasoleval rattal on pidurid<\/span><\/p>\n<\/li>\n<li data-start=\"1572\" data-end=\"1617\">\n<p data-start=\"1574\" data-end=\"1617\">Sertifikaadid: vastab EN ohutusstandarditele<\/p>\n<\/li>\n<li data-start=\"1572\" data-end=\"1617\">Voodisse sobib madrats m\u00f5\u00f5duga 40&#215;90<\/li>\n<\/ul>\n<hr data-start=\"1619\" data-end=\"1622\" \/>\n<p data-start=\"1624\" data-end=\"1788\"><strong data-start=\"1624\" data-end=\"1689\">Side Crib \u2013 praktiline ja kaunis valik esimesteks elukuudeks.<\/strong><br data-start=\"1689\" data-end=\"1692\" \/>Sobib ideaalselt vanematele, kes hindavad kvaliteeti, turvalisust ja skandinaaviap\u00e4rast disaini.<\/p>\n","protected":false},"excerpt":{"rendered":"<p>Vooditasku Side Crib \u2013 turvaline ja kompaktne magamiskoht beebile Side Crib on stiilne ja turvaline mini beebivoodi, mis on loodud spetsiaalselt vasts\u00fcndinutele vanuses 0\u20137 kuud. See on ideaalne alternatiiv Moosese korvile \u2013 ohutu, stabiilne ning toetab beebi varajast arengut. Peamised eelised: \ud83d\udecf\ufe0f Turvaline ja sertifitseeritud disainValmistatud 100% 1. klassi m\u00e4nnipuidust. Sertifitseeritud konstruktsioon tagab beebi ohutuse [&hellip;]<\/p>\n","protected":false},"featured_media":507441,"template":"","meta":{"_acf_changed":false},"pwb-brand":[12000],"product_brand":[],"product_cat":[11571,11553,11789],"product_tag":[],"class_list":{"0":"post-456112","1":"product","2":"type-product","3":"status-publish","4":"has-post-thumbnail","6":"pwb-brand-woodies-2","7":"product_cat-hallid-ja-vooditaskud-ru","8":"product_cat-beebivoodid-reisivoodid-hallid-ru","9":"product_cat-lastemoobel-ja-sisustus-ru","10":"pa_manufacturer-troll-ru","12":"first","13":"onbackorder","14":"sale","15":"taxable","16":"shipping-taxable","17":"purchasable","18":"product-type-simple"},"exclude_global_add_ons":[],"addons":[],"acf":[],"yoast_head":"<!-- This site is optimized with the Yoast SEO plugin v27.1.1 - https:\/\/yoast.com\/product\/yoast-seo-wordpress\/ -->\n<title>Vooditasku Bedside, Sand, \u0414\u0435\u0442\u0441\u043a\u0438e \u043a\u0440\u043e\u0432\u0430\u0442\u043a\u0438, \u043f\u0435\u0440\u0435\u043d\u043e\u0441\u043d\u044b\u0435 \u043a\u0440\u043e\u0432\u0430\u0442\u043a\u0438, \u043b\u044e\u043b\u044c\u043a\u0438, \u041b\u044e\u043b\u044c\u043a\u0438 \u0438 \u043a\u0430\u0440\u043c\u0430\u0448\u043a\u0438 \u0434\u043b\u044f \u043a\u0440\u043e\u0432\u0430\u0442\u043a\u0438, M\u0435\u0431\u0435\u043b\u044c, Beebipood<\/title>\n<meta name=\"description\" content=\"Vooditasku Bedside, Sand, * tugevast naturaalsest kasepuidust beebi lisavoodi* valmistamisel on kasutatud kaasaegset tehnoloogiat ja\" \/>\n<meta name=\"robots\" content=\"index, follow, max-snippet:-1, max-image-preview:large, max-video-preview:-1\" \/>\n<link rel=\"canonical\" href=\"https:\/\/beebipood.ee\/ru\/produkt\/vooditasku-side-crib-white\/\" \/>\n<meta property=\"og:locale\" content=\"ru_RU\" \/>\n<meta property=\"og:type\" content=\"article\" \/>\n<meta property=\"og:title\" content=\"Vooditasku Bedside, Sand, \u0414\u0435\u0442\u0441\u043a\u0438e \u043a\u0440\u043e\u0432\u0430\u0442\u043a\u0438, \u043f\u0435\u0440\u0435\u043d\u043e\u0441\u043d\u044b\u0435 \u043a\u0440\u043e\u0432\u0430\u0442\u043a\u0438, \u043b\u044e\u043b\u044c\u043a\u0438, \u041b\u044e\u043b\u044c\u043a\u0438 \u0438 \u043a\u0430\u0440\u043c\u0430\u0448\u043a\u0438 \u0434\u043b\u044f \u043a\u0440\u043e\u0432\u0430\u0442\u043a\u0438, M\u0435\u0431\u0435\u043b\u044c, Beebipood\" \/>\n<meta property=\"og:description\" content=\"Vooditasku Bedside, Sand, * tugevast naturaalsest kasepuidust beebi lisavoodi* valmistamisel on kasutatud kaasaegset tehnoloogiat ja\" \/>\n<meta property=\"og:url\" content=\"https:\/\/beebipood.ee\/ru\/produkt\/vooditasku-side-crib-white\/\" \/>\n<meta property=\"og:site_name\" content=\"Beebipood\" \/>\n<meta property=\"article:modified_time\" content=\"2025-10-02T10:16:12+00:00\" \/>\n<meta property=\"og:image\" content=\"https:\/\/beebipood.ee\/wp-content\/uploads\/2025\/10\/vooditasku-side-crib-white-scaled.webp\" \/>\n\t<meta property=\"og:image:width\" content=\"1707\" \/>\n\t<meta property=\"og:image:height\" content=\"2560\" \/>\n\t<meta property=\"og:image:type\" content=\"image\/webp\" \/>\n<meta name=\"twitter:card\" content=\"summary_large_image\" \/>\n<meta name=\"twitter:label1\" content=\"\u041f\u0440\u0438\u043c\u0435\u0440\u043d\u043e\u0435 \u0432\u0440\u0435\u043c\u044f \u0434\u043b\u044f \u0447\u0442\u0435\u043d\u0438\u044f\" \/>\n\t<meta name=\"twitter:data1\" content=\"2 \u043c\u0438\u043d\u0443\u0442\u044b\" \/>\n<script type=\"application\/ld+json\" class=\"yoast-schema-graph\">{\"@context\":\"https:\/\/schema.org\",\"@graph\":[{\"@type\":\"WebPage\",\"@id\":\"https:\/\/beebipood.ee\/ru\/produkt\/vooditasku-side-crib-white\/\",\"url\":\"https:\/\/beebipood.ee\/ru\/produkt\/vooditasku-side-crib-white\/\",\"name\":\"Vooditasku Bedside, Sand, \u0414\u0435\u0442\u0441\u043a\u0438e \u043a\u0440\u043e\u0432\u0430\u0442\u043a\u0438, \u043f\u0435\u0440\u0435\u043d\u043e\u0441\u043d\u044b\u0435 \u043a\u0440\u043e\u0432\u0430\u0442\u043a\u0438, \u043b\u044e\u043b\u044c\u043a\u0438, \u041b\u044e\u043b\u044c\u043a\u0438 \u0438 \u043a\u0430\u0440\u043c\u0430\u0448\u043a\u0438 \u0434\u043b\u044f \u043a\u0440\u043e\u0432\u0430\u0442\u043a\u0438, M\u0435\u0431\u0435\u043b\u044c, Beebipood\",\"isPartOf\":{\"@id\":\"https:\/\/beebipood.ee\/ru\/#website\"},\"primaryImageOfPage\":{\"@id\":\"https:\/\/beebipood.ee\/ru\/produkt\/vooditasku-side-crib-white\/#primaryimage\"},\"image\":{\"@id\":\"https:\/\/beebipood.ee\/ru\/produkt\/vooditasku-side-crib-white\/#primaryimage\"},\"thumbnailUrl\":\"https:\/\/beebipood.ee\/wp-content\/uploads\/2025\/10\/vooditasku-side-crib-white-scaled.webp\",\"datePublished\":\"2025-10-01T09:38:49+00:00\",\"dateModified\":\"2025-10-02T10:16:12+00:00\",\"description\":\"Vooditasku Bedside, Sand, * tugevast naturaalsest kasepuidust beebi lisavoodi* valmistamisel on kasutatud kaasaegset tehnoloogiat ja\",\"breadcrumb\":{\"@id\":\"https:\/\/beebipood.ee\/ru\/produkt\/vooditasku-side-crib-white\/#breadcrumb\"},\"inLanguage\":\"ru-RU\",\"potentialAction\":[{\"@type\":\"ReadAction\",\"target\":[\"https:\/\/beebipood.ee\/ru\/produkt\/vooditasku-side-crib-white\/\"]}]},{\"@type\":\"ImageObject\",\"inLanguage\":\"ru-RU\",\"@id\":\"https:\/\/beebipood.ee\/ru\/produkt\/vooditasku-side-crib-white\/#primaryimage\",\"url\":\"https:\/\/beebipood.ee\/wp-content\/uploads\/2025\/10\/vooditasku-side-crib-white-scaled.webp\",\"contentUrl\":\"https:\/\/beebipood.ee\/wp-content\/uploads\/2025\/10\/vooditasku-side-crib-white-scaled.webp\",\"width\":1707,\"height\":2560},{\"@type\":\"BreadcrumbList\",\"@id\":\"https:\/\/beebipood.ee\/ru\/produkt\/vooditasku-side-crib-white\/#breadcrumb\",\"itemListElement\":[{\"@type\":\"ListItem\",\"position\":1,\"name\":\"Home\",\"item\":\"https:\/\/beebipood.ee\/ru\/\"},{\"@type\":\"ListItem\",\"position\":2,\"name\":\"\u041a\u0430\u0442\u0430\u043b\u043e\u0433 \u0442\u043e\u0432\u0430\u0440\u043e\u0432\",\"item\":\"https:\/\/beebipood.ee\/tooted\/\"},{\"@type\":\"ListItem\",\"position\":3,\"name\":\"Vooditasku Side Crib, white\"}]},{\"@type\":\"WebSite\",\"@id\":\"https:\/\/beebipood.ee\/ru\/#website\",\"url\":\"https:\/\/beebipood.ee\/ru\/\",\"name\":\"Beebipood\",\"description\":\"Lastekaubad, beebikaubad, m\u00e4nguasjad\",\"publisher\":{\"@id\":\"https:\/\/beebipood.ee\/ru\/#organization\"},\"potentialAction\":[{\"@type\":\"SearchAction\",\"target\":{\"@type\":\"EntryPoint\",\"urlTemplate\":\"https:\/\/beebipood.ee\/ru\/?s={search_term_string}\"},\"query-input\":{\"@type\":\"PropertyValueSpecification\",\"valueRequired\":true,\"valueName\":\"search_term_string\"}}],\"inLanguage\":\"ru-RU\"},{\"@type\":\"Organization\",\"@id\":\"https:\/\/beebipood.ee\/ru\/#organization\",\"name\":\"Beebipood\",\"url\":\"https:\/\/beebipood.ee\/ru\/\",\"logo\":{\"@type\":\"ImageObject\",\"inLanguage\":\"ru-RU\",\"@id\":\"https:\/\/beebipood.ee\/ru\/#\/schema\/logo\/image\/\",\"url\":\"https:\/\/beebipood.ee\/wp-content\/uploads\/2025\/03\/beebipood.ee-logo-1.svg\",\"contentUrl\":\"https:\/\/beebipood.ee\/wp-content\/uploads\/2025\/03\/beebipood.ee-logo-1.svg\",\"caption\":\"Beebipood\"},\"image\":{\"@id\":\"https:\/\/beebipood.ee\/ru\/#\/schema\/logo\/image\/\"}}]}<\/script>\n<!-- \/ Yoast SEO plugin. -->","yoast_head_json":{"title":"Vooditasku Bedside, Sand, \u0414\u0435\u0442\u0441\u043a\u0438e \u043a\u0440\u043e\u0432\u0430\u0442\u043a\u0438, \u043f\u0435\u0440\u0435\u043d\u043e\u0441\u043d\u044b\u0435 \u043a\u0440\u043e\u0432\u0430\u0442\u043a\u0438, \u043b\u044e\u043b\u044c\u043a\u0438, \u041b\u044e\u043b\u044c\u043a\u0438 \u0438 \u043a\u0430\u0440\u043c\u0430\u0448\u043a\u0438 \u0434\u043b\u044f \u043a\u0440\u043e\u0432\u0430\u0442\u043a\u0438, M\u0435\u0431\u0435\u043b\u044c, Beebipood","description":"Vooditasku Bedside, Sand, * tugevast naturaalsest kasepuidust beebi lisavoodi* valmistamisel on kasutatud kaasaegset tehnoloogiat ja","robots":{"index":"index","follow":"follow","max-snippet":"max-snippet:-1","max-image-preview":"max-image-preview:large","max-video-preview":"max-video-preview:-1"},"canonical":"https:\/\/beebipood.ee\/ru\/produkt\/vooditasku-side-crib-white\/","og_locale":"ru_RU","og_type":"article","og_title":"Vooditasku Bedside, Sand, \u0414\u0435\u0442\u0441\u043a\u0438e \u043a\u0440\u043e\u0432\u0430\u0442\u043a\u0438, \u043f\u0435\u0440\u0435\u043d\u043e\u0441\u043d\u044b\u0435 \u043a\u0440\u043e\u0432\u0430\u0442\u043a\u0438, \u043b\u044e\u043b\u044c\u043a\u0438, \u041b\u044e\u043b\u044c\u043a\u0438 \u0438 \u043a\u0430\u0440\u043c\u0430\u0448\u043a\u0438 \u0434\u043b\u044f \u043a\u0440\u043e\u0432\u0430\u0442\u043a\u0438, M\u0435\u0431\u0435\u043b\u044c, Beebipood","og_description":"Vooditasku Bedside, Sand, * tugevast naturaalsest kasepuidust beebi lisavoodi* valmistamisel on kasutatud kaasaegset tehnoloogiat ja","og_url":"https:\/\/beebipood.ee\/ru\/produkt\/vooditasku-side-crib-white\/","og_site_name":"Beebipood","article_modified_time":"2025-10-02T10:16:12+00:00","og_image":[{"width":1707,"height":2560,"url":"https:\/\/beebipood.ee\/wp-content\/uploads\/2025\/10\/vooditasku-side-crib-white-scaled.webp","type":"image\/webp"}],"twitter_card":"summary_large_image","twitter_misc":{"\u041f\u0440\u0438\u043c\u0435\u0440\u043d\u043e\u0435 \u0432\u0440\u0435\u043c\u044f \u0434\u043b\u044f \u0447\u0442\u0435\u043d\u0438\u044f":"2 \u043c\u0438\u043d\u0443\u0442\u044b"},"schema":{"@context":"https:\/\/schema.org","@graph":[{"@type":"WebPage","@id":"https:\/\/beebipood.ee\/ru\/produkt\/vooditasku-side-crib-white\/","url":"https:\/\/beebipood.ee\/ru\/produkt\/vooditasku-side-crib-white\/","name":"Vooditasku Bedside, Sand, \u0414\u0435\u0442\u0441\u043a\u0438e \u043a\u0440\u043e\u0432\u0430\u0442\u043a\u0438, \u043f\u0435\u0440\u0435\u043d\u043e\u0441\u043d\u044b\u0435 \u043a\u0440\u043e\u0432\u0430\u0442\u043a\u0438, \u043b\u044e\u043b\u044c\u043a\u0438, \u041b\u044e\u043b\u044c\u043a\u0438 \u0438 \u043a\u0430\u0440\u043c\u0430\u0448\u043a\u0438 \u0434\u043b\u044f \u043a\u0440\u043e\u0432\u0430\u0442\u043a\u0438, M\u0435\u0431\u0435\u043b\u044c, Beebipood","isPartOf":{"@id":"https:\/\/beebipood.ee\/ru\/#website"},"primaryImageOfPage":{"@id":"https:\/\/beebipood.ee\/ru\/produkt\/vooditasku-side-crib-white\/#primaryimage"},"image":{"@id":"https:\/\/beebipood.ee\/ru\/produkt\/vooditasku-side-crib-white\/#primaryimage"},"thumbnailUrl":"https:\/\/beebipood.ee\/wp-content\/uploads\/2025\/10\/vooditasku-side-crib-white-scaled.webp","datePublished":"2025-10-01T09:38:49+00:00","dateModified":"2025-10-02T10:16:12+00:00","description":"Vooditasku Bedside, Sand, * tugevast naturaalsest kasepuidust beebi lisavoodi* valmistamisel on kasutatud kaasaegset tehnoloogiat ja","breadcrumb":{"@id":"https:\/\/beebipood.ee\/ru\/produkt\/vooditasku-side-crib-white\/#breadcrumb"},"inLanguage":"ru-RU","potentialAction":[{"@type":"ReadAction","target":["https:\/\/beebipood.ee\/ru\/produkt\/vooditasku-side-crib-white\/"]}]},{"@type":"ImageObject","inLanguage":"ru-RU","@id":"https:\/\/beebipood.ee\/ru\/produkt\/vooditasku-side-crib-white\/#primaryimage","url":"https:\/\/beebipood.ee\/wp-content\/uploads\/2025\/10\/vooditasku-side-crib-white-scaled.webp","contentUrl":"https:\/\/beebipood.ee\/wp-content\/uploads\/2025\/10\/vooditasku-side-crib-white-scaled.webp","width":1707,"height":2560},{"@type":"BreadcrumbList","@id":"https:\/\/beebipood.ee\/ru\/produkt\/vooditasku-side-crib-white\/#breadcrumb","itemListElement":[{"@type":"ListItem","position":1,"name":"Home","item":"https:\/\/beebipood.ee\/ru\/"},{"@type":"ListItem","position":2,"name":"\u041a\u0430\u0442\u0430\u043b\u043e\u0433 \u0442\u043e\u0432\u0430\u0440\u043e\u0432","item":"https:\/\/beebipood.ee\/tooted\/"},{"@type":"ListItem","position":3,"name":"Vooditasku Side Crib, white"}]},{"@type":"WebSite","@id":"https:\/\/beebipood.ee\/ru\/#website","url":"https:\/\/beebipood.ee\/ru\/","name":"Beebipood","description":"Lastekaubad, beebikaubad, m\u00e4nguasjad","publisher":{"@id":"https:\/\/beebipood.ee\/ru\/#organization"},"potentialAction":[{"@type":"SearchAction","target":{"@type":"EntryPoint","urlTemplate":"https:\/\/beebipood.ee\/ru\/?s={search_term_string}"},"query-input":{"@type":"PropertyValueSpecification","valueRequired":true,"valueName":"search_term_string"}}],"inLanguage":"ru-RU"},{"@type":"Organization","@id":"https:\/\/beebipood.ee\/ru\/#organization","name":"Beebipood","url":"https:\/\/beebipood.ee\/ru\/","logo":{"@type":"ImageObject","inLanguage":"ru-RU","@id":"https:\/\/beebipood.ee\/ru\/#\/schema\/logo\/image\/","url":"https:\/\/beebipood.ee\/wp-content\/uploads\/2025\/03\/beebipood.ee-logo-1.svg","contentUrl":"https:\/\/beebipood.ee\/wp-content\/uploads\/2025\/03\/beebipood.ee-logo-1.svg","caption":"Beebipood"},"image":{"@id":"https:\/\/beebipood.ee\/ru\/#\/schema\/logo\/image\/"}}]}},"brands":[{"id":12000,"name":"Woodies","slug":"woodies-2"}],"_links":{"self":[{"href":"https:\/\/beebipood.ee\/ru\/wp-json\/wp\/v2\/product\/456112","targetHints":{"allow":["GET"]}}],"collection":[{"href":"https:\/\/beebipood.ee\/ru\/wp-json\/wp\/v2\/product"}],"about":[{"href":"https:\/\/beebipood.ee\/ru\/wp-json\/wp\/v2\/types\/product"}],"wp:featuredmedia":[{"embeddable":true,"href":"https:\/\/beebipood.ee\/ru\/wp-json\/wp\/v2\/media\/507441"}],"wp:attachment":[{"href":"https:\/\/beebipood.ee\/ru\/wp-json\/wp\/v2\/media?parent=456112"}],"wp:term":[{"taxonomy":"pwb-brand","embeddable":true,"href":"https:\/\/beebipood.ee\/ru\/wp-json\/wp\/v2\/pwb-brand?post=456112"},{"taxonomy":"product_brand","embeddable":true,"href":"https:\/\/beebipood.ee\/ru\/wp-json\/wp\/v2\/product_brand?post=456112"},{"taxonomy":"product_cat","embeddable":true,"href":"https:\/\/beebipood.ee\/ru\/wp-json\/wp\/v2\/product_cat?post=456112"},{"taxonomy":"product_tag","embeddable":true,"href":"https:\/\/beebipood.ee\/ru\/wp-json\/wp\/v2\/product_tag?post=456112"}],"curies":[{"name":"wp","href":"https:\/\/api.w.org\/{rel}","templated":true}]}}