{"id":456116,"date":"2026-02-18T07:08:12","date_gmt":"2026-02-18T05:08:12","guid":{"rendered":"https:\/\/beebipood.ee\/toode\/thule-courier-jalgrattahaagis-aegean-blue\/"},"modified":"2026-02-18T13:55:35","modified_gmt":"2026-02-18T11:55:35","slug":"thule-courier-jalgrattahaagis-vintage-green","status":"publish","type":"product","link":"https:\/\/beebipood.ee\/ru\/produkt\/thule-courier-jalgrattahaagis-vintage-green\/","title":{"rendered":"Thule Courier jalgrattahaagis, Vintage Green"},"content":{"rendered":"<h2 data-start=\"206\" data-end=\"268\">Thule Courier \u2013 mitmek\u00fclgne jalgrattak\u00e4ru aktiivsele perele<\/h2>\n<p data-start=\"270\" data-end=\"559\"><strong data-start=\"270\" data-end=\"287\">Thule Courier<\/strong> on turvaline ja mugav jalgrattak\u00e4ru kuni kahele lapsele, millega saate koos pere ja varustusega liikuda k\u00f5ikjale \u2013 linnat\u00e4navatele, rattateedele v\u00f5i n\u00e4dalavahetuse seiklustele looduses. Tegemist on t\u00f5eliselt mitmeotstarbelise lahendusega, mis kohandub pere igap\u00e4evaeluga.<\/p>\n<hr data-start=\"561\" data-end=\"564\" \/>\n<h3 data-start=\"566\" data-end=\"598\">\u00dcks k\u00e4ru \u2013 mitu kasutusviisi<\/h3>\n<p data-start=\"599\" data-end=\"669\">Thule Courier ei ole ainult jalgrattahaagis. Seda saab kiiresti muuta:<\/p>\n<ul data-start=\"670\" data-end=\"791\">\n<li data-start=\"670\" data-end=\"691\">\n<p data-start=\"672\" data-end=\"691\"><strong data-start=\"672\" data-end=\"691\">jalgrattak\u00e4ruks<\/strong><\/p>\n<\/li>\n<li data-start=\"692\" data-end=\"711\">\n<p data-start=\"694\" data-end=\"711\"><strong data-start=\"694\" data-end=\"711\">jalutusk\u00e4ruks<\/strong><\/p>\n<\/li>\n<li data-start=\"712\" data-end=\"732\">\n<p data-start=\"714\" data-end=\"732\"><strong data-start=\"714\" data-end=\"732\">kaubahaagiseks<\/strong><\/p>\n<\/li>\n<li data-start=\"733\" data-end=\"791\">\n<p data-start=\"735\" data-end=\"791\">ning lisatarvikuga ka <strong data-start=\"757\" data-end=\"775\">koerahaagiseks<\/strong> (m\u00fc\u00fcgil eraldi)<\/p>\n<\/li>\n<\/ul>\n<p data-start=\"793\" data-end=\"939\">FlipFlat tehnoloogia v\u00f5imaldab re\u017eiime vahetada kiiresti ja lihtsalt \u2014 sobib nii laste s\u00f5idutamiseks kui ka ostude v\u00f5i varustuse transportimiseks.<\/p>\n<hr data-start=\"941\" data-end=\"944\" \/>\n<h3 data-start=\"946\" data-end=\"983\">Mugav ja turvaline kahele lapsele<\/h3>\n<p data-start=\"984\" data-end=\"1040\">Ruumikas iste pakub mugavat s\u00f5itu kuni kahele lapsele.<\/p>\n<ul data-start=\"1041\" data-end=\"1214\">\n<li data-start=\"1041\" data-end=\"1099\">\n<p data-start=\"1043\" data-end=\"1099\">5-punkti turvarihmad hoiavad lapsed turvaliselt paigal<\/p>\n<\/li>\n<li data-start=\"1100\" data-end=\"1214\">\n<p data-start=\"1102\" data-end=\"1214\">sobib kasutamiseks alates s\u00fcnnist kuni umbes 5. eluaastani<br data-start=\"1160\" data-end=\"1163\" \/><em data-start=\"1165\" data-end=\"1214\">(vasts\u00fcndinule vajalik eraldi imiku lisatarvik)<\/em><\/p>\n<\/li>\n<\/ul>\n<p data-start=\"1216\" data-end=\"1318\">K\u00e4ru on ideaalne nii igap\u00e4evasteks s\u00f5itudeks lasteaeda v\u00f5i kooli kui ka pikemateks perev\u00e4ljas\u00f5itudeks.<\/p>\n<hr data-start=\"1320\" data-end=\"1323\" \/>\n<h3 data-start=\"1325\" data-end=\"1359\">Sujuv liikumine igal teekonnal<\/h3>\n<p data-start=\"1360\" data-end=\"1545\">Kvaliteetne Thule k\u00e4rus\u00fcsteem ja man\u00f6\u00f6verdatavad rattad tagavad mugava liikumise nii rattaga s\u00f5ites kui jalutades. Kompaktne esiratas aitab rahvarohketes kohtades h\u00f5lpsalt man\u00f6\u00f6verdada.<\/p>\n<p data-start=\"1547\" data-end=\"1638\">Reguleeritava k\u00f5rgusega juhtraud v\u00f5imaldab k\u00e4rutamist mugavalt erineva pikkusega vanematel.<\/p>\n<hr data-start=\"1640\" data-end=\"1643\" \/>\n<h3 data-start=\"1645\" data-end=\"1679\">Suur hoiuruum kogu varustusele<\/h3>\n<ul data-start=\"1680\" data-end=\"1864\">\n<li data-start=\"1680\" data-end=\"1731\">\n<p data-start=\"1682\" data-end=\"1731\">avar ja kergesti ligip\u00e4\u00e4setav tagumine panipaik<\/p>\n<\/li>\n<li data-start=\"1732\" data-end=\"1795\">\n<p data-start=\"1734\" data-end=\"1795\">tugev p\u00f5rand ja integreeritud kinnituspunktid kaubare\u017eiimis<\/p>\n<\/li>\n<li data-start=\"1796\" data-end=\"1864\">\n<p data-start=\"1798\" data-end=\"1864\">ideaalne ostude, spordivarustuse v\u00f5i reisikottide transportimiseks<\/p>\n<\/li>\n<\/ul>\n<hr data-start=\"1866\" data-end=\"1869\" \/>\n<h3 data-start=\"1871\" data-end=\"1890\">S\u00f5it iga ilmaga<\/h3>\n<p data-start=\"1891\" data-end=\"1910\">Komplekti kuuluvad:<\/p>\n<ul data-start=\"1911\" data-end=\"1935\">\n<li data-start=\"1911\" data-end=\"1922\">\n<p data-start=\"1913\" data-end=\"1922\">vihmakate<\/p>\n<\/li>\n<li data-start=\"1923\" data-end=\"1935\">\n<p data-start=\"1925\" data-end=\"1935\">putukav\u00f5rk<\/p>\n<\/li>\n<\/ul>\n<p data-start=\"1937\" data-end=\"2034\">Need hoiavad lapsed kaitstuna tuule, vihma ja putukate eest, tagades mugava s\u00f5idu igal aastaajal.<\/p>\n<hr data-start=\"2036\" data-end=\"2039\" \/>\n<h3 data-start=\"2041\" data-end=\"2076\">V\u00f5ta kaasa ka neljajalgne s\u00f5ber<\/h3>\n<p data-start=\"2077\" data-end=\"2278\">Soovi korral saab Thule Courieri muuta <strong data-start=\"2116\" data-end=\"2134\">koerahaagiseks<\/strong> (lisakomplekt m\u00fc\u00fcgil eraldi). Komplekti kuuluv pehme koeravoodi ja katusekate vihmakaitsega v\u00f5imaldavad ka lemmikul pere seiklustest osa saada.<\/p>\n<hr data-start=\"2280\" data-end=\"2283\" \/>\n<h3 data-start=\"2285\" data-end=\"2330\">Turvaline ja praktiline igap\u00e4evakasutuses<\/h3>\n<ul data-start=\"2331\" data-end=\"2507\">\n<li data-start=\"2331\" data-end=\"2387\">\n<p data-start=\"2333\" data-end=\"2387\">helkuritega rattad parandavad n\u00e4htavust pimedal ajal<\/p>\n<\/li>\n<li data-start=\"2388\" data-end=\"2455\">\n<p data-start=\"2390\" data-end=\"2455\">kokkuklapitav disain lihtsaks hoiustamiseks ja transportimiseks<\/p>\n<\/li>\n<li data-start=\"2456\" data-end=\"2507\">\n<p data-start=\"2458\" data-end=\"2507\">vastupidav konstruktsioon aktiivseks kasutamiseks<\/p>\n<\/li>\n<\/ul>\n<hr data-start=\"2509\" data-end=\"2512\" \/>\n<h2 data-start=\"2514\" data-end=\"2534\">Tehnilised andmed<\/h2>\n<ul data-start=\"2536\" data-end=\"2761\">\n<li data-start=\"2536\" data-end=\"2562\">\n<p data-start=\"2538\" data-end=\"2562\">Laste arv: kuni 2 last<\/p>\n<\/li>\n<li data-start=\"2563\" data-end=\"2600\">\n<p data-start=\"2565\" data-end=\"2600\">Maksimaalne lapse kaal: 2 \u00d7 22 kg<\/p>\n<\/li>\n<li data-start=\"2601\" data-end=\"2642\">\n<p data-start=\"2603\" data-end=\"2642\">Maksimaalne kandev\u00f5ime (pagas): 45 kg<\/p>\n<\/li>\n<li data-start=\"2643\" data-end=\"2676\">\n<p data-start=\"2645\" data-end=\"2676\">Turvarihmad: 5-punkti s\u00fcsteem<\/p>\n<\/li>\n<li data-start=\"2677\" data-end=\"2699\">\n<p data-start=\"2679\" data-end=\"2699\">K\u00e4ru kaal: 17,4 kg<\/p>\n<\/li>\n<li data-start=\"2700\" data-end=\"2716\">\n<p data-start=\"2702\" data-end=\"2716\">Laius: 78 cm<\/p>\n<\/li>\n<li data-start=\"2717\" data-end=\"2736\">\n<p data-start=\"2719\" data-end=\"2736\">\u00d5lalaius: 56 cm<\/p>\n<\/li>\n<li data-start=\"2737\" data-end=\"2761\">\n<p data-start=\"2739\" data-end=\"2761\">Istumisk\u00f5rgus: 64 cm<\/p>\n<\/li>\n<\/ul>\n<p data-start=\"2763\" data-end=\"2773\"><strong data-start=\"2763\" data-end=\"2773\">M\u00f5\u00f5dud<\/strong><\/p>\n<ul data-start=\"2774\" data-end=\"2871\">\n<li data-start=\"2774\" data-end=\"2805\">\n<p data-start=\"2776\" data-end=\"2805\">Kokkupandult: 99 \u00d7 74 \u00d7 32 cm<\/p>\n<\/li>\n<li data-start=\"2807\" data-end=\"2830\">\n<p data-start=\"2809\" data-end=\"2830\">V\u00e4rv: khakiroheline<\/p>\n<\/li>\n<li data-start=\"2831\" data-end=\"2871\">\n<p data-start=\"2833\" data-end=\"2871\">Vastab kehtivatele ohutusstandarditele<\/p>\n<\/li>\n<\/ul>\n<hr data-start=\"2873\" data-end=\"2876\" \/>\n<p data-start=\"2878\" data-end=\"3044\"><strong data-start=\"2878\" data-end=\"2895\">Thule Courier<\/strong> on ideaalne valik perele, kes soovib \u00fchte nutikat lahendust igap\u00e4evasteks s\u00f5itudeks, aktiivseks liikumiseks ja \u00fchisteks seiklusteks \ud83d\udeb4\u200d\u2640\ufe0f\ud83d\udc68\u200d\ud83d\udc69\u200d\ud83d\udc67\u200d\ud83d\udc66<\/p>\n","protected":false},"excerpt":{"rendered":"<p>Thule Courier \u2013 mitmek\u00fclgne jalgrattak\u00e4ru aktiivsele perele Thule Courier on turvaline ja mugav jalgrattak\u00e4ru kuni kahele lapsele, millega saate koos pere ja varustusega liikuda k\u00f5ikjale \u2013 linnat\u00e4navatele, rattateedele v\u00f5i n\u00e4dalavahetuse seiklustele looduses. Tegemist on t\u00f5eliselt mitmeotstarbelise lahendusega, mis kohandub pere igap\u00e4evaeluga. \u00dcks k\u00e4ru \u2013 mitu kasutusviisi Thule Courier ei ole ainult jalgrattahaagis. Seda saab kiiresti [&hellip;]<\/p>\n","protected":false},"featured_media":511478,"template":"","meta":{"_acf_changed":false},"pwb-brand":[11980],"product_brand":[],"product_cat":[11841,11847,11717],"product_tag":[],"class_list":{"0":"post-456116","1":"product","2":"type-product","3":"status-publish","4":"has-post-thumbnail","6":"pwb-brand-thule-ru","7":"product_cat-jalgrattahaagised-ru","8":"product_cat-thule-ru","9":"product_cat-lastevankrid-ja-karud-ru","10":"pa_manufacturer-thule-ru","12":"first","13":"onbackorder","14":"taxable","15":"shipping-taxable","16":"purchasable","17":"product-type-simple"},"exclude_global_add_ons":[],"addons":[],"acf":[],"yoast_head":"<!-- This site is optimized with the Yoast SEO plugin v27.3 - https:\/\/yoast.com\/product\/yoast-seo-wordpress\/ -->\n<title>Thule Courier jalgrattahaagis, Aegean Blue, \u0421\u041a\u0418\u0414\u041a\u0418, \u041d\u041e\u0412\u042b\u0415 \u0422\u041e\u0412\u0410\u0420\u042b, \u041a\u043e\u043b\u044f\u0441\u043a\u0438, \u041f\u0440\u0438\u0446\u0435\u043f\u044b \u0434\u043b\u044f \u0432\u0435\u043b\u043e\u0441\u0438\u043f\u0435\u0434\u0430, THULE, Beebipood<\/title>\n<meta name=\"description\" content=\"Thule Courier jalgrattahaagis, Aegean Blue, Thule Courier on mitmek\u00fclgne jalgrattak\u00e4ru aktiivseks pereeluks.See vastupidav k\u00e4ru ruumika\" \/>\n<meta name=\"robots\" content=\"index, follow, max-snippet:-1, max-image-preview:large, max-video-preview:-1\" \/>\n<link rel=\"canonical\" href=\"https:\/\/beebipood.ee\/ru\/produkt\/thule-courier-jalgrattahaagis-vintage-green\/\" \/>\n<meta property=\"og:locale\" content=\"ru_RU\" \/>\n<meta property=\"og:type\" content=\"article\" \/>\n<meta property=\"og:title\" content=\"Thule Courier jalgrattahaagis, Aegean Blue, \u0421\u041a\u0418\u0414\u041a\u0418, \u041d\u041e\u0412\u042b\u0415 \u0422\u041e\u0412\u0410\u0420\u042b, \u041a\u043e\u043b\u044f\u0441\u043a\u0438, \u041f\u0440\u0438\u0446\u0435\u043f\u044b \u0434\u043b\u044f \u0432\u0435\u043b\u043e\u0441\u0438\u043f\u0435\u0434\u0430, THULE, Beebipood\" \/>\n<meta property=\"og:description\" content=\"Thule Courier jalgrattahaagis, Aegean Blue, Thule Courier on mitmek\u00fclgne jalgrattak\u00e4ru aktiivseks pereeluks.See vastupidav k\u00e4ru ruumika\" \/>\n<meta property=\"og:url\" content=\"https:\/\/beebipood.ee\/ru\/produkt\/thule-courier-jalgrattahaagis-vintage-green\/\" \/>\n<meta property=\"og:site_name\" content=\"Beebipood\" \/>\n<meta property=\"article:modified_time\" content=\"2026-02-18T11:55:35+00:00\" \/>\n<meta property=\"og:image\" content=\"https:\/\/beebipood.ee\/wp-content\/uploads\/2026\/02\/thule-courier.jpg\" \/>\n\t<meta property=\"og:image:width\" content=\"1200\" \/>\n\t<meta property=\"og:image:height\" content=\"1200\" \/>\n\t<meta property=\"og:image:type\" content=\"image\/jpeg\" \/>\n<meta name=\"twitter:card\" content=\"summary_large_image\" \/>\n<meta name=\"twitter:label1\" content=\"\u041f\u0440\u0438\u043c\u0435\u0440\u043d\u043e\u0435 \u0432\u0440\u0435\u043c\u044f \u0434\u043b\u044f \u0447\u0442\u0435\u043d\u0438\u044f\" \/>\n\t<meta name=\"twitter:data1\" content=\"2 \u043c\u0438\u043d\u0443\u0442\u044b\" \/>\n<script type=\"application\/ld+json\" class=\"yoast-schema-graph\">{\"@context\":\"https:\\\/\\\/schema.org\",\"@graph\":[{\"@type\":\"WebPage\",\"@id\":\"https:\\\/\\\/beebipood.ee\\\/ru\\\/produkt\\\/thule-courier-jalgrattahaagis-vintage-green\\\/\",\"url\":\"https:\\\/\\\/beebipood.ee\\\/ru\\\/produkt\\\/thule-courier-jalgrattahaagis-vintage-green\\\/\",\"name\":\"Thule Courier jalgrattahaagis, Aegean Blue, \u0421\u041a\u0418\u0414\u041a\u0418, \u041d\u041e\u0412\u042b\u0415 \u0422\u041e\u0412\u0410\u0420\u042b, \u041a\u043e\u043b\u044f\u0441\u043a\u0438, \u041f\u0440\u0438\u0446\u0435\u043f\u044b \u0434\u043b\u044f \u0432\u0435\u043b\u043e\u0441\u0438\u043f\u0435\u0434\u0430, THULE, Beebipood\",\"isPartOf\":{\"@id\":\"https:\\\/\\\/beebipood.ee\\\/ru\\\/#website\"},\"primaryImageOfPage\":{\"@id\":\"https:\\\/\\\/beebipood.ee\\\/ru\\\/produkt\\\/thule-courier-jalgrattahaagis-vintage-green\\\/#primaryimage\"},\"image\":{\"@id\":\"https:\\\/\\\/beebipood.ee\\\/ru\\\/produkt\\\/thule-courier-jalgrattahaagis-vintage-green\\\/#primaryimage\"},\"thumbnailUrl\":\"https:\\\/\\\/beebipood.ee\\\/wp-content\\\/uploads\\\/2026\\\/02\\\/thule-courier.jpg\",\"datePublished\":\"2026-02-18T05:08:12+00:00\",\"dateModified\":\"2026-02-18T11:55:35+00:00\",\"description\":\"Thule Courier jalgrattahaagis, Aegean Blue, Thule Courier on mitmek\u00fclgne jalgrattak\u00e4ru aktiivseks pereeluks.See vastupidav k\u00e4ru ruumika\",\"breadcrumb\":{\"@id\":\"https:\\\/\\\/beebipood.ee\\\/ru\\\/produkt\\\/thule-courier-jalgrattahaagis-vintage-green\\\/#breadcrumb\"},\"inLanguage\":\"ru-RU\",\"potentialAction\":[{\"@type\":\"ReadAction\",\"target\":[\"https:\\\/\\\/beebipood.ee\\\/ru\\\/produkt\\\/thule-courier-jalgrattahaagis-vintage-green\\\/\"]}]},{\"@type\":\"ImageObject\",\"inLanguage\":\"ru-RU\",\"@id\":\"https:\\\/\\\/beebipood.ee\\\/ru\\\/produkt\\\/thule-courier-jalgrattahaagis-vintage-green\\\/#primaryimage\",\"url\":\"https:\\\/\\\/beebipood.ee\\\/wp-content\\\/uploads\\\/2026\\\/02\\\/thule-courier.jpg\",\"contentUrl\":\"https:\\\/\\\/beebipood.ee\\\/wp-content\\\/uploads\\\/2026\\\/02\\\/thule-courier.jpg\",\"width\":1200,\"height\":1200},{\"@type\":\"BreadcrumbList\",\"@id\":\"https:\\\/\\\/beebipood.ee\\\/ru\\\/produkt\\\/thule-courier-jalgrattahaagis-vintage-green\\\/#breadcrumb\",\"itemListElement\":[{\"@type\":\"ListItem\",\"position\":1,\"name\":\"Home\",\"item\":\"https:\\\/\\\/beebipood.ee\\\/ru\\\/\"},{\"@type\":\"ListItem\",\"position\":2,\"name\":\"\u041a\u0430\u0442\u0430\u043b\u043e\u0433 \u0442\u043e\u0432\u0430\u0440\u043e\u0432\",\"item\":\"https:\\\/\\\/beebipood.ee\\\/tooted\\\/\"},{\"@type\":\"ListItem\",\"position\":3,\"name\":\"Thule Courier jalgrattahaagis, Vintage Green\"}]},{\"@type\":\"WebSite\",\"@id\":\"https:\\\/\\\/beebipood.ee\\\/ru\\\/#website\",\"url\":\"https:\\\/\\\/beebipood.ee\\\/ru\\\/\",\"name\":\"Beebipood\",\"description\":\"Lastekaubad, beebikaubad, m\u00e4nguasjad\",\"publisher\":{\"@id\":\"https:\\\/\\\/beebipood.ee\\\/ru\\\/#organization\"},\"potentialAction\":[{\"@type\":\"SearchAction\",\"target\":{\"@type\":\"EntryPoint\",\"urlTemplate\":\"https:\\\/\\\/beebipood.ee\\\/ru\\\/?s={search_term_string}\"},\"query-input\":{\"@type\":\"PropertyValueSpecification\",\"valueRequired\":true,\"valueName\":\"search_term_string\"}}],\"inLanguage\":\"ru-RU\"},{\"@type\":\"Organization\",\"@id\":\"https:\\\/\\\/beebipood.ee\\\/ru\\\/#organization\",\"name\":\"Beebipood\",\"url\":\"https:\\\/\\\/beebipood.ee\\\/ru\\\/\",\"logo\":{\"@type\":\"ImageObject\",\"inLanguage\":\"ru-RU\",\"@id\":\"https:\\\/\\\/beebipood.ee\\\/ru\\\/#\\\/schema\\\/logo\\\/image\\\/\",\"url\":\"https:\\\/\\\/beebipood.ee\\\/wp-content\\\/uploads\\\/2025\\\/03\\\/beebipood.ee-logo-1.svg\",\"contentUrl\":\"https:\\\/\\\/beebipood.ee\\\/wp-content\\\/uploads\\\/2025\\\/03\\\/beebipood.ee-logo-1.svg\",\"caption\":\"Beebipood\"},\"image\":{\"@id\":\"https:\\\/\\\/beebipood.ee\\\/ru\\\/#\\\/schema\\\/logo\\\/image\\\/\"}}]}<\/script>\n<!-- \/ Yoast SEO plugin. -->","yoast_head_json":{"title":"Thule Courier jalgrattahaagis, Aegean Blue, \u0421\u041a\u0418\u0414\u041a\u0418, \u041d\u041e\u0412\u042b\u0415 \u0422\u041e\u0412\u0410\u0420\u042b, \u041a\u043e\u043b\u044f\u0441\u043a\u0438, \u041f\u0440\u0438\u0446\u0435\u043f\u044b \u0434\u043b\u044f \u0432\u0435\u043b\u043e\u0441\u0438\u043f\u0435\u0434\u0430, THULE, Beebipood","description":"Thule Courier jalgrattahaagis, Aegean Blue, Thule Courier on mitmek\u00fclgne jalgrattak\u00e4ru aktiivseks pereeluks.See vastupidav k\u00e4ru ruumika","robots":{"index":"index","follow":"follow","max-snippet":"max-snippet:-1","max-image-preview":"max-image-preview:large","max-video-preview":"max-video-preview:-1"},"canonical":"https:\/\/beebipood.ee\/ru\/produkt\/thule-courier-jalgrattahaagis-vintage-green\/","og_locale":"ru_RU","og_type":"article","og_title":"Thule Courier jalgrattahaagis, Aegean Blue, \u0421\u041a\u0418\u0414\u041a\u0418, \u041d\u041e\u0412\u042b\u0415 \u0422\u041e\u0412\u0410\u0420\u042b, \u041a\u043e\u043b\u044f\u0441\u043a\u0438, \u041f\u0440\u0438\u0446\u0435\u043f\u044b \u0434\u043b\u044f \u0432\u0435\u043b\u043e\u0441\u0438\u043f\u0435\u0434\u0430, THULE, Beebipood","og_description":"Thule Courier jalgrattahaagis, Aegean Blue, Thule Courier on mitmek\u00fclgne jalgrattak\u00e4ru aktiivseks pereeluks.See vastupidav k\u00e4ru ruumika","og_url":"https:\/\/beebipood.ee\/ru\/produkt\/thule-courier-jalgrattahaagis-vintage-green\/","og_site_name":"Beebipood","article_modified_time":"2026-02-18T11:55:35+00:00","og_image":[{"width":1200,"height":1200,"url":"https:\/\/beebipood.ee\/wp-content\/uploads\/2026\/02\/thule-courier.jpg","type":"image\/jpeg"}],"twitter_card":"summary_large_image","twitter_misc":{"\u041f\u0440\u0438\u043c\u0435\u0440\u043d\u043e\u0435 \u0432\u0440\u0435\u043c\u044f \u0434\u043b\u044f \u0447\u0442\u0435\u043d\u0438\u044f":"2 \u043c\u0438\u043d\u0443\u0442\u044b"},"schema":{"@context":"https:\/\/schema.org","@graph":[{"@type":"WebPage","@id":"https:\/\/beebipood.ee\/ru\/produkt\/thule-courier-jalgrattahaagis-vintage-green\/","url":"https:\/\/beebipood.ee\/ru\/produkt\/thule-courier-jalgrattahaagis-vintage-green\/","name":"Thule Courier jalgrattahaagis, Aegean Blue, \u0421\u041a\u0418\u0414\u041a\u0418, \u041d\u041e\u0412\u042b\u0415 \u0422\u041e\u0412\u0410\u0420\u042b, \u041a\u043e\u043b\u044f\u0441\u043a\u0438, \u041f\u0440\u0438\u0446\u0435\u043f\u044b \u0434\u043b\u044f \u0432\u0435\u043b\u043e\u0441\u0438\u043f\u0435\u0434\u0430, THULE, Beebipood","isPartOf":{"@id":"https:\/\/beebipood.ee\/ru\/#website"},"primaryImageOfPage":{"@id":"https:\/\/beebipood.ee\/ru\/produkt\/thule-courier-jalgrattahaagis-vintage-green\/#primaryimage"},"image":{"@id":"https:\/\/beebipood.ee\/ru\/produkt\/thule-courier-jalgrattahaagis-vintage-green\/#primaryimage"},"thumbnailUrl":"https:\/\/beebipood.ee\/wp-content\/uploads\/2026\/02\/thule-courier.jpg","datePublished":"2026-02-18T05:08:12+00:00","dateModified":"2026-02-18T11:55:35+00:00","description":"Thule Courier jalgrattahaagis, Aegean Blue, Thule Courier on mitmek\u00fclgne jalgrattak\u00e4ru aktiivseks pereeluks.See vastupidav k\u00e4ru ruumika","breadcrumb":{"@id":"https:\/\/beebipood.ee\/ru\/produkt\/thule-courier-jalgrattahaagis-vintage-green\/#breadcrumb"},"inLanguage":"ru-RU","potentialAction":[{"@type":"ReadAction","target":["https:\/\/beebipood.ee\/ru\/produkt\/thule-courier-jalgrattahaagis-vintage-green\/"]}]},{"@type":"ImageObject","inLanguage":"ru-RU","@id":"https:\/\/beebipood.ee\/ru\/produkt\/thule-courier-jalgrattahaagis-vintage-green\/#primaryimage","url":"https:\/\/beebipood.ee\/wp-content\/uploads\/2026\/02\/thule-courier.jpg","contentUrl":"https:\/\/beebipood.ee\/wp-content\/uploads\/2026\/02\/thule-courier.jpg","width":1200,"height":1200},{"@type":"BreadcrumbList","@id":"https:\/\/beebipood.ee\/ru\/produkt\/thule-courier-jalgrattahaagis-vintage-green\/#breadcrumb","itemListElement":[{"@type":"ListItem","position":1,"name":"Home","item":"https:\/\/beebipood.ee\/ru\/"},{"@type":"ListItem","position":2,"name":"\u041a\u0430\u0442\u0430\u043b\u043e\u0433 \u0442\u043e\u0432\u0430\u0440\u043e\u0432","item":"https:\/\/beebipood.ee\/tooted\/"},{"@type":"ListItem","position":3,"name":"Thule Courier jalgrattahaagis, Vintage Green"}]},{"@type":"WebSite","@id":"https:\/\/beebipood.ee\/ru\/#website","url":"https:\/\/beebipood.ee\/ru\/","name":"Beebipood","description":"Lastekaubad, beebikaubad, m\u00e4nguasjad","publisher":{"@id":"https:\/\/beebipood.ee\/ru\/#organization"},"potentialAction":[{"@type":"SearchAction","target":{"@type":"EntryPoint","urlTemplate":"https:\/\/beebipood.ee\/ru\/?s={search_term_string}"},"query-input":{"@type":"PropertyValueSpecification","valueRequired":true,"valueName":"search_term_string"}}],"inLanguage":"ru-RU"},{"@type":"Organization","@id":"https:\/\/beebipood.ee\/ru\/#organization","name":"Beebipood","url":"https:\/\/beebipood.ee\/ru\/","logo":{"@type":"ImageObject","inLanguage":"ru-RU","@id":"https:\/\/beebipood.ee\/ru\/#\/schema\/logo\/image\/","url":"https:\/\/beebipood.ee\/wp-content\/uploads\/2025\/03\/beebipood.ee-logo-1.svg","contentUrl":"https:\/\/beebipood.ee\/wp-content\/uploads\/2025\/03\/beebipood.ee-logo-1.svg","caption":"Beebipood"},"image":{"@id":"https:\/\/beebipood.ee\/ru\/#\/schema\/logo\/image\/"}}]}},"brands":[{"id":11980,"name":"THULE","slug":"thule-ru"}],"_links":{"self":[{"href":"https:\/\/beebipood.ee\/ru\/wp-json\/wp\/v2\/product\/456116","targetHints":{"allow":["GET"]}}],"collection":[{"href":"https:\/\/beebipood.ee\/ru\/wp-json\/wp\/v2\/product"}],"about":[{"href":"https:\/\/beebipood.ee\/ru\/wp-json\/wp\/v2\/types\/product"}],"wp:featuredmedia":[{"embeddable":true,"href":"https:\/\/beebipood.ee\/ru\/wp-json\/wp\/v2\/media\/511478"}],"wp:attachment":[{"href":"https:\/\/beebipood.ee\/ru\/wp-json\/wp\/v2\/media?parent=456116"}],"wp:term":[{"taxonomy":"pwb-brand","embeddable":true,"href":"https:\/\/beebipood.ee\/ru\/wp-json\/wp\/v2\/pwb-brand?post=456116"},{"taxonomy":"product_brand","embeddable":true,"href":"https:\/\/beebipood.ee\/ru\/wp-json\/wp\/v2\/product_brand?post=456116"},{"taxonomy":"product_cat","embeddable":true,"href":"https:\/\/beebipood.ee\/ru\/wp-json\/wp\/v2\/product_cat?post=456116"},{"taxonomy":"product_tag","embeddable":true,"href":"https:\/\/beebipood.ee\/ru\/wp-json\/wp\/v2\/product_tag?post=456116"}],"curies":[{"name":"wp","href":"https:\/\/api.w.org\/{rel}","templated":true}]}}