{"id":456120,"date":"2015-02-03T15:56:28","date_gmt":"2015-02-03T13:56:28","guid":{"rendered":"https:\/\/beebipood.ee\/toode\/beebivoodi-marsylia-mdf\/"},"modified":"2025-04-17T15:57:00","modified_gmt":"2025-04-17T12:57:00","slug":"beebivoodi-marsylia-mdf","status":"publish","type":"product","link":"https:\/\/beebipood.ee\/ru\/produkt\/beebivoodi-marsylia-mdf\/","title":{"rendered":"Beebivoodi Marsylia 60&#215;120"},"content":{"rendered":"<ul>\n<li>\u0438\u0437\u0433\u043e\u0442\u043e\u0432\u043b\u0435\u043d\u043e \u0438\u0437 \u041c\u0414\u0424 \u0438 \u0441\u043e\u0441\u043d\u044b (\u0431\u043e\u043a\u0430 \u0438 \u0434\u043d\u043e \u043a\u0440\u043e\u0432\u0430\u0442\u0438)<\/li>\n<li>\u041c\u0414\u0424 \u0441\u0435\u0440\u0442\u0438\u0444\u0438\u0446\u0438\u0440\u043e\u0432\u0430\u043d \u0438 \u0441\u043e\u043e\u0442\u0432\u0435\u0442\u0441\u0442\u0432\u0443\u0435\u0442 \u0435\u0432\u0440\u043e\u043f\u0435\u0439\u0441\u043a\u0438\u043c \u0441\u0442\u0430\u043d\u0434\u0430\u0440\u0442\u0430\u043c \u043f\u043e \u0442\u0440\u0435\u0431\u043e\u0432\u0430\u043d\u0438\u044f\u043c \u0431\u0435\u0437\u043e\u043f\u0430\u0441\u043d\u043e\u0441\u0442\u0438 \u0438 \u0434\u043e\u043b\u0433\u043e\u0432\u0435\u0447\u043d\u043e\u0441\u0442\u0438.<\/li>\n<li>\u043e\u0442\u0434\u0435\u043b\u043a\u0430: \u0431\u0435\u043b\u0430\u044f<\/li>\n<li>\u0441\u043d\u0430\u0431\u0436\u0435\u043d \u043b\u043e\u0433\u043e\u0442\u0438\u043f\u043e\u043c &#171;Le Soleil&#187; (\u0444\u0440. \u0421\u043e\u043b\u043d\u0446\u0435), \u0440\u0430\u0437\u043b\u0438\u0447\u043d\u044b\u0435 \u0444\u0440\u0430\u043d\u0446\u0443\u0437\u0441\u043a\u0438\u0435 \u043d\u0430\u0437\u0432\u0430\u043d\u0438\u044f \u044f\u0432\u043b\u044f\u044e\u0442\u0441\u044f \u043e\u0431\u0449\u0438\u043c \u044d\u043b\u0435\u043c\u0435\u043d\u0442\u043e\u043c \u0432 \u0441\u0435\u0440\u0438\u0438 <strong>Marsylia<\/strong><\/li>\n<li>\u043f\u043e\u0434\u0445\u043e\u0434\u0438\u0442 \u043a\u0430\u043a \u0434\u043b\u044f \u043a\u043e\u043c\u043d\u0430\u0442\u044b \u043c\u0430\u043b\u044c\u0447\u0438\u043a\u0430, \u0442\u0430\u043a \u0438 \u0434\u043b\u044f \u043a\u043e\u043c\u043d\u0430\u0442\u044b \u0434\u0435\u0432\u043e\u0447\u043a\u0438<\/li>\n<li>\u041f\u0440\u0438 \u0438\u0437\u0433\u043e\u0442\u043e\u0432\u043b\u0435\u043d\u0438\u0438 \u0438\u0441\u043f\u043e\u043b\u044c\u0437\u043e\u0432\u0430\u043d\u044b \u0441\u043e\u0432\u0440\u0435\u043c\u0435\u043d\u043d\u044b\u0435 \u0442\u0435\u0445\u043d\u043e\u043b\u043e\u0433\u0438\u0438 \u0438 \u0444\u0443\u0440\u043d\u0438\u0442\u0443\u0440\u0430 \u043a\u043b\u0430\u0441\u0441\u0430 \u0410.<\/li>\n<li>\u041b\u0443\u0447\u0448\u0438\u0439 \u043f\u0440\u043e\u0434\u0443\u043a\u0442 \u0434\u043b\u044f \u0441\u0435\u043c\u044c\u0438, \u043a\u043e\u0442\u043e\u0440\u0430\u044f \u0446\u0435\u043d\u0438\u0442 \u043a\u0430\u0447\u0435\u0441\u0442\u0432\u043e \u0438 \u0438\u043d\u0442\u0435\u0440\u0435\u0441\u043d\u044b\u0439 \u0434\u0438\u0437\u0430\u0439\u043d.<\/li>\n<li>\u041e\u0441\u043d\u043e\u0432\u0430\u043d\u0438\u0435 \u043a\u0440\u043e\u0432\u0430\u0442\u0438 \u043c\u043e\u0436\u043d\u043e \u043f\u043e\u0434\u043d\u044f\u0442\u044c \u043d\u0430 <strong>3 \u0440\u0430\u0437\u043d\u044b\u0435 \u0432\u044b\u0441\u043e\u0442\u044b<\/strong>.<\/li>\n<li>\u043c\u043e\u0436\u043d\u043e \u0441\u043d\u044f\u0442\u044c \u0431\u043e\u043a\u043e\u0432\u044b\u0435 \u043f\u0430\u043b\u043a\u0438 (<strong>2 \u0448\u0442. \u043f\u043e\u0441\u0435\u0440\u0435\u0434\u0438\u043d\u0435<\/strong>)<\/li>\n<li>\u041d\u0430 \u0434\u043b\u0438\u043d\u043d\u044b\u0445 \u0441\u0442\u043e\u0440\u043e\u043d\u0430\u0445 \u043a\u0440\u043e\u0432\u0430\u0442\u043a\u0438 \u0438\u043c\u0435\u0435\u0442\u0441\u044f <strong>\u043f\u043b\u0430\u0441\u0442\u0438\u043a\u043e\u0432\u0430\u044f \u0437\u0430\u0449\u0438\u0442\u0430 \u0437\u0443\u0431\u043e\u0432<\/strong>, \u0447\u0442\u043e\u0431\u044b \u0440\u0435\u0431\u0435\u043d\u043e\u043a \u043d\u0435 \u043f\u043e\u0432\u0440\u0435\u0434\u0438\u043b \u0441\u0432\u043e\u0438 \u0437\u0443\u0431\u044b.<\/li>\n<li>\u041f\u043e\u0434\u0445\u043e\u0434\u0438\u0442 \u0434\u043b\u044f \u043c\u0430\u0442\u0440\u0430\u0441\u0430 \u0440\u0430\u0437\u043c\u0435\u0440\u043e\u043c 120&#215;60\u0441\u043c.<\/li>\n<li>\u041c\u0430\u0442\u0440\u0430\u0441 \u0432 \u0441\u0442\u043e\u0438\u043c\u043e\u0441\u0442\u044c \u043d\u0435 \u0432\u0445\u043e\u0434\u0438\u0442.<\/li>\n<li>\u043f\u0440\u0438 \u043e\u0442\u0434\u0435\u043b\u043a\u0435 \u0438\u0441\u043f\u043e\u043b\u044c\u0437\u043e\u0432\u0430\u043d\u044b \u0442\u043e\u043b\u044c\u043a\u043e \u0441\u0435\u0440\u0442\u0438\u0444\u0438\u0446\u0438\u0440\u043e\u0432\u0430\u043d\u043d\u044b\u0435 \u043e\u0440\u0433\u0430\u043d\u0438\u0447\u0435\u0441\u043a\u0438\u0435 \u043a\u0440\u0430\u0441\u043a\u0438<\/li>\n<li>\u043f\u0440\u043e\u0434\u0443\u043a\u0442 \u0441\u043e\u043e\u0442\u0432\u0435\u0442\u0441\u0442\u0432\u0443\u0435\u0442 \u0432\u0441\u0435\u043c <strong>\u0441\u0442\u0430\u043d\u0434\u0430\u0440\u0442\u0430\u043c \u0431\u0435\u0437\u043e\u043f\u0430\u0441\u043d\u043e\u0441\u0442\u0438 EN<\/strong><\/li>\n<\/ul>\n","protected":false},"excerpt":{"rendered":"<p>\u0438\u0437\u0433\u043e\u0442\u043e\u0432\u043b\u0435\u043d\u043e \u0438\u0437 \u041c\u0414\u0424 \u0438 \u0441\u043e\u0441\u043d\u044b (\u0431\u043e\u043a\u0430 \u0438 \u0434\u043d\u043e \u043a\u0440\u043e\u0432\u0430\u0442\u0438) \u041c\u0414\u0424 \u0441\u0435\u0440\u0442\u0438\u0444\u0438\u0446\u0438\u0440\u043e\u0432\u0430\u043d \u0438 \u0441\u043e\u043e\u0442\u0432\u0435\u0442\u0441\u0442\u0432\u0443\u0435\u0442 \u0435\u0432\u0440\u043e\u043f\u0435\u0439\u0441\u043a\u0438\u043c \u0441\u0442\u0430\u043d\u0434\u0430\u0440\u0442\u0430\u043c \u043f\u043e \u0442\u0440\u0435\u0431\u043e\u0432\u0430\u043d\u0438\u044f\u043c \u0431\u0435\u0437\u043e\u043f\u0430\u0441\u043d\u043e\u0441\u0442\u0438 \u0438 \u0434\u043e\u043b\u0433\u043e\u0432\u0435\u0447\u043d\u043e\u0441\u0442\u0438. \u043e\u0442\u0434\u0435\u043b\u043a\u0430: \u0431\u0435\u043b\u0430\u044f \u0441\u043d\u0430\u0431\u0436\u0435\u043d \u043b\u043e\u0433\u043e\u0442\u0438\u043f\u043e\u043c &#171;Le Soleil&#187; (\u0444\u0440. \u0421\u043e\u043b\u043d\u0446\u0435), \u0440\u0430\u0437\u043b\u0438\u0447\u043d\u044b\u0435 \u0444\u0440\u0430\u043d\u0446\u0443\u0437\u0441\u043a\u0438\u0435 \u043d\u0430\u0437\u0432\u0430\u043d\u0438\u044f \u044f\u0432\u043b\u044f\u044e\u0442\u0441\u044f \u043e\u0431\u0449\u0438\u043c \u044d\u043b\u0435\u043c\u0435\u043d\u0442\u043e\u043c \u0432 \u0441\u0435\u0440\u0438\u0438 Marsylia \u043f\u043e\u0434\u0445\u043e\u0434\u0438\u0442 \u043a\u0430\u043a \u0434\u043b\u044f \u043a\u043e\u043c\u043d\u0430\u0442\u044b \u043c\u0430\u043b\u044c\u0447\u0438\u043a\u0430, \u0442\u0430\u043a \u0438 \u0434\u043b\u044f \u043a\u043e\u043c\u043d\u0430\u0442\u044b \u0434\u0435\u0432\u043e\u0447\u043a\u0438 \u041f\u0440\u0438 \u0438\u0437\u0433\u043e\u0442\u043e\u0432\u043b\u0435\u043d\u0438\u0438 \u0438\u0441\u043f\u043e\u043b\u044c\u0437\u043e\u0432\u0430\u043d\u044b \u0441\u043e\u0432\u0440\u0435\u043c\u0435\u043d\u043d\u044b\u0435 \u0442\u0435\u0445\u043d\u043e\u043b\u043e\u0433\u0438\u0438 \u0438 \u0444\u0443\u0440\u043d\u0438\u0442\u0443\u0440\u0430 \u043a\u043b\u0430\u0441\u0441\u0430 [&hellip;]<\/p>\n","protected":false},"featured_media":105628,"template":"","meta":{"_acf_changed":false},"pwb-brand":[],"product_brand":[],"product_cat":[11567,11573,11745,11795,11553,11793],"product_tag":[],"class_list":{"0":"post-456120","1":"product","2":"type-product","3":"status-publish","4":"has-post-thumbnail","6":"product_cat-vorevoodid-ru","7":"product_cat-sooduspakkumised-ru","8":"product_cat-madratsile-60x120-ru","9":"product_cat-ladu-tuhjaks-ru","10":"product_cat-beebivoodid-reisivoodid-hallid-ru","11":"product_cat-laos-ru","13":"first","14":"instock","15":"sale","16":"taxable","17":"shipping-taxable","18":"purchasable","19":"product-type-simple"},"exclude_global_add_ons":[],"addons":[],"acf":[],"yoast_head":"<!-- This site is optimized with the Yoast SEO plugin v27.3 - https:\/\/yoast.com\/product\/yoast-seo-wordpress\/ -->\n<title>Beebivoodi Marsylia 60x120, \u0414\u0435\u0442\u0441\u043a\u0438e \u043a\u0440\u043e\u0432\u0430\u0442\u043a\u0438, \u043f\u0435\u0440\u0435\u043d\u043e\u0441\u043d\u044b\u0435 \u043a\u0440\u043e\u0432\u0430\u0442\u043a\u0438, \u043b\u044e\u043b\u044c\u043a\u0438, \u0414\u0435\u0442\u0441\u043a\u0438e \u043a\u0440\u043e\u0432\u0430\u0442\u043a\u0438, \u0421\u041a\u0418\u0414\u041a\u0418, \u043c\u0430\u0442\u0440\u0430\u0441 60x120, Ha c\u043a\u043b\u0430\u0434\u0435, Ladu t\u00fchjaks, Beebipood<\/title>\n<meta name=\"description\" content=\"Beebivoodi Marsylia 60x120, valmistatud MDF&#039;st ja m\u00e4nnipuidust (voodi k\u00fcljed ja p\u00f5hi) MDF on sertifitseeritud ja vast\" \/>\n<meta name=\"robots\" content=\"index, follow, max-snippet:-1, max-image-preview:large, max-video-preview:-1\" \/>\n<link rel=\"canonical\" href=\"https:\/\/beebipood.ee\/ru\/produkt\/beebivoodi-marsylia-mdf\/\" \/>\n<meta property=\"og:locale\" content=\"ru_RU\" \/>\n<meta property=\"og:type\" content=\"article\" \/>\n<meta property=\"og:title\" content=\"Beebivoodi Marsylia 60x120, \u0414\u0435\u0442\u0441\u043a\u0438e \u043a\u0440\u043e\u0432\u0430\u0442\u043a\u0438, \u043f\u0435\u0440\u0435\u043d\u043e\u0441\u043d\u044b\u0435 \u043a\u0440\u043e\u0432\u0430\u0442\u043a\u0438, \u043b\u044e\u043b\u044c\u043a\u0438, \u0414\u0435\u0442\u0441\u043a\u0438e \u043a\u0440\u043e\u0432\u0430\u0442\u043a\u0438, \u0421\u041a\u0418\u0414\u041a\u0418, \u043c\u0430\u0442\u0440\u0430\u0441 60x120, Ha c\u043a\u043b\u0430\u0434\u0435, Ladu t\u00fchjaks, Beebipood\" \/>\n<meta property=\"og:description\" content=\"Beebivoodi Marsylia 60x120, valmistatud MDF&#039;st ja m\u00e4nnipuidust (voodi k\u00fcljed ja p\u00f5hi) MDF on sertifitseeritud ja vast\" \/>\n<meta property=\"og:url\" content=\"https:\/\/beebipood.ee\/ru\/produkt\/beebivoodi-marsylia-mdf\/\" \/>\n<meta property=\"og:site_name\" content=\"Beebipood\" \/>\n<meta property=\"article:modified_time\" content=\"2025-04-17T12:57:00+00:00\" \/>\n<meta property=\"og:image\" content=\"https:\/\/beebipood.ee\/wp-content\/uploads\/2015\/02\/Beebivoodi-Marsylia-MDF-Beebivoodid-reisivoodid-hallid-Vorevoodid-madratsile-60x120_3-389.jpg\" \/>\n\t<meta property=\"og:image:width\" content=\"769\" \/>\n\t<meta property=\"og:image:height\" content=\"647\" \/>\n\t<meta property=\"og:image:type\" content=\"image\/jpeg\" \/>\n<meta name=\"twitter:card\" content=\"summary_large_image\" \/>\n<meta name=\"twitter:label1\" content=\"\u041f\u0440\u0438\u043c\u0435\u0440\u043d\u043e\u0435 \u0432\u0440\u0435\u043c\u044f \u0434\u043b\u044f \u0447\u0442\u0435\u043d\u0438\u044f\" \/>\n\t<meta name=\"twitter:data1\" content=\"1 \u043c\u0438\u043d\u0443\u0442\u0430\" \/>\n<script type=\"application\/ld+json\" class=\"yoast-schema-graph\">{\"@context\":\"https:\\\/\\\/schema.org\",\"@graph\":[{\"@type\":\"WebPage\",\"@id\":\"https:\\\/\\\/beebipood.ee\\\/ru\\\/produkt\\\/beebivoodi-marsylia-mdf\\\/\",\"url\":\"https:\\\/\\\/beebipood.ee\\\/ru\\\/produkt\\\/beebivoodi-marsylia-mdf\\\/\",\"name\":\"Beebivoodi Marsylia 60x120, \u0414\u0435\u0442\u0441\u043a\u0438e \u043a\u0440\u043e\u0432\u0430\u0442\u043a\u0438, \u043f\u0435\u0440\u0435\u043d\u043e\u0441\u043d\u044b\u0435 \u043a\u0440\u043e\u0432\u0430\u0442\u043a\u0438, \u043b\u044e\u043b\u044c\u043a\u0438, \u0414\u0435\u0442\u0441\u043a\u0438e \u043a\u0440\u043e\u0432\u0430\u0442\u043a\u0438, \u0421\u041a\u0418\u0414\u041a\u0418, \u043c\u0430\u0442\u0440\u0430\u0441 60x120, Ha c\u043a\u043b\u0430\u0434\u0435, Ladu t\u00fchjaks, Beebipood\",\"isPartOf\":{\"@id\":\"https:\\\/\\\/beebipood.ee\\\/ru\\\/#website\"},\"primaryImageOfPage\":{\"@id\":\"https:\\\/\\\/beebipood.ee\\\/ru\\\/produkt\\\/beebivoodi-marsylia-mdf\\\/#primaryimage\"},\"image\":{\"@id\":\"https:\\\/\\\/beebipood.ee\\\/ru\\\/produkt\\\/beebivoodi-marsylia-mdf\\\/#primaryimage\"},\"thumbnailUrl\":\"https:\\\/\\\/beebipood.ee\\\/wp-content\\\/uploads\\\/2015\\\/02\\\/Beebivoodi-Marsylia-MDF-Beebivoodid-reisivoodid-hallid-Vorevoodid-madratsile-60x120_3-389.jpg\",\"datePublished\":\"2015-02-03T13:56:28+00:00\",\"dateModified\":\"2025-04-17T12:57:00+00:00\",\"description\":\"Beebivoodi Marsylia 60x120, valmistatud MDF'st ja m\u00e4nnipuidust (voodi k\u00fcljed ja p\u00f5hi) MDF on sertifitseeritud ja vast\",\"breadcrumb\":{\"@id\":\"https:\\\/\\\/beebipood.ee\\\/ru\\\/produkt\\\/beebivoodi-marsylia-mdf\\\/#breadcrumb\"},\"inLanguage\":\"ru-RU\",\"potentialAction\":[{\"@type\":\"ReadAction\",\"target\":[\"https:\\\/\\\/beebipood.ee\\\/ru\\\/produkt\\\/beebivoodi-marsylia-mdf\\\/\"]}]},{\"@type\":\"ImageObject\",\"inLanguage\":\"ru-RU\",\"@id\":\"https:\\\/\\\/beebipood.ee\\\/ru\\\/produkt\\\/beebivoodi-marsylia-mdf\\\/#primaryimage\",\"url\":\"https:\\\/\\\/beebipood.ee\\\/wp-content\\\/uploads\\\/2015\\\/02\\\/Beebivoodi-Marsylia-MDF-Beebivoodid-reisivoodid-hallid-Vorevoodid-madratsile-60x120_3-389.jpg\",\"contentUrl\":\"https:\\\/\\\/beebipood.ee\\\/wp-content\\\/uploads\\\/2015\\\/02\\\/Beebivoodi-Marsylia-MDF-Beebivoodid-reisivoodid-hallid-Vorevoodid-madratsile-60x120_3-389.jpg\",\"width\":769,\"height\":647},{\"@type\":\"BreadcrumbList\",\"@id\":\"https:\\\/\\\/beebipood.ee\\\/ru\\\/produkt\\\/beebivoodi-marsylia-mdf\\\/#breadcrumb\",\"itemListElement\":[{\"@type\":\"ListItem\",\"position\":1,\"name\":\"Home\",\"item\":\"https:\\\/\\\/beebipood.ee\\\/ru\\\/\"},{\"@type\":\"ListItem\",\"position\":2,\"name\":\"\u041a\u0430\u0442\u0430\u043b\u043e\u0433 \u0442\u043e\u0432\u0430\u0440\u043e\u0432\",\"item\":\"https:\\\/\\\/beebipood.ee\\\/tooted\\\/\"},{\"@type\":\"ListItem\",\"position\":3,\"name\":\"Beebivoodi Marsylia 60&#215;120\"}]},{\"@type\":\"WebSite\",\"@id\":\"https:\\\/\\\/beebipood.ee\\\/ru\\\/#website\",\"url\":\"https:\\\/\\\/beebipood.ee\\\/ru\\\/\",\"name\":\"Beebipood\",\"description\":\"Lastekaubad, beebikaubad, m\u00e4nguasjad\",\"publisher\":{\"@id\":\"https:\\\/\\\/beebipood.ee\\\/ru\\\/#organization\"},\"potentialAction\":[{\"@type\":\"SearchAction\",\"target\":{\"@type\":\"EntryPoint\",\"urlTemplate\":\"https:\\\/\\\/beebipood.ee\\\/ru\\\/?s={search_term_string}\"},\"query-input\":{\"@type\":\"PropertyValueSpecification\",\"valueRequired\":true,\"valueName\":\"search_term_string\"}}],\"inLanguage\":\"ru-RU\"},{\"@type\":\"Organization\",\"@id\":\"https:\\\/\\\/beebipood.ee\\\/ru\\\/#organization\",\"name\":\"Beebipood\",\"url\":\"https:\\\/\\\/beebipood.ee\\\/ru\\\/\",\"logo\":{\"@type\":\"ImageObject\",\"inLanguage\":\"ru-RU\",\"@id\":\"https:\\\/\\\/beebipood.ee\\\/ru\\\/#\\\/schema\\\/logo\\\/image\\\/\",\"url\":\"https:\\\/\\\/beebipood.ee\\\/wp-content\\\/uploads\\\/2025\\\/03\\\/beebipood.ee-logo-1.svg\",\"contentUrl\":\"https:\\\/\\\/beebipood.ee\\\/wp-content\\\/uploads\\\/2025\\\/03\\\/beebipood.ee-logo-1.svg\",\"caption\":\"Beebipood\"},\"image\":{\"@id\":\"https:\\\/\\\/beebipood.ee\\\/ru\\\/#\\\/schema\\\/logo\\\/image\\\/\"}}]}<\/script>\n<!-- \/ Yoast SEO plugin. -->","yoast_head_json":{"title":"Beebivoodi Marsylia 60x120, \u0414\u0435\u0442\u0441\u043a\u0438e \u043a\u0440\u043e\u0432\u0430\u0442\u043a\u0438, \u043f\u0435\u0440\u0435\u043d\u043e\u0441\u043d\u044b\u0435 \u043a\u0440\u043e\u0432\u0430\u0442\u043a\u0438, \u043b\u044e\u043b\u044c\u043a\u0438, \u0414\u0435\u0442\u0441\u043a\u0438e \u043a\u0440\u043e\u0432\u0430\u0442\u043a\u0438, \u0421\u041a\u0418\u0414\u041a\u0418, \u043c\u0430\u0442\u0440\u0430\u0441 60x120, Ha c\u043a\u043b\u0430\u0434\u0435, Ladu t\u00fchjaks, Beebipood","description":"Beebivoodi Marsylia 60x120, valmistatud MDF'st ja m\u00e4nnipuidust (voodi k\u00fcljed ja p\u00f5hi) MDF on sertifitseeritud ja vast","robots":{"index":"index","follow":"follow","max-snippet":"max-snippet:-1","max-image-preview":"max-image-preview:large","max-video-preview":"max-video-preview:-1"},"canonical":"https:\/\/beebipood.ee\/ru\/produkt\/beebivoodi-marsylia-mdf\/","og_locale":"ru_RU","og_type":"article","og_title":"Beebivoodi Marsylia 60x120, \u0414\u0435\u0442\u0441\u043a\u0438e \u043a\u0440\u043e\u0432\u0430\u0442\u043a\u0438, \u043f\u0435\u0440\u0435\u043d\u043e\u0441\u043d\u044b\u0435 \u043a\u0440\u043e\u0432\u0430\u0442\u043a\u0438, \u043b\u044e\u043b\u044c\u043a\u0438, \u0414\u0435\u0442\u0441\u043a\u0438e \u043a\u0440\u043e\u0432\u0430\u0442\u043a\u0438, \u0421\u041a\u0418\u0414\u041a\u0418, \u043c\u0430\u0442\u0440\u0430\u0441 60x120, Ha c\u043a\u043b\u0430\u0434\u0435, Ladu t\u00fchjaks, Beebipood","og_description":"Beebivoodi Marsylia 60x120, valmistatud MDF'st ja m\u00e4nnipuidust (voodi k\u00fcljed ja p\u00f5hi) MDF on sertifitseeritud ja vast","og_url":"https:\/\/beebipood.ee\/ru\/produkt\/beebivoodi-marsylia-mdf\/","og_site_name":"Beebipood","article_modified_time":"2025-04-17T12:57:00+00:00","og_image":[{"width":769,"height":647,"url":"https:\/\/beebipood.ee\/wp-content\/uploads\/2015\/02\/Beebivoodi-Marsylia-MDF-Beebivoodid-reisivoodid-hallid-Vorevoodid-madratsile-60x120_3-389.jpg","type":"image\/jpeg"}],"twitter_card":"summary_large_image","twitter_misc":{"\u041f\u0440\u0438\u043c\u0435\u0440\u043d\u043e\u0435 \u0432\u0440\u0435\u043c\u044f \u0434\u043b\u044f \u0447\u0442\u0435\u043d\u0438\u044f":"1 \u043c\u0438\u043d\u0443\u0442\u0430"},"schema":{"@context":"https:\/\/schema.org","@graph":[{"@type":"WebPage","@id":"https:\/\/beebipood.ee\/ru\/produkt\/beebivoodi-marsylia-mdf\/","url":"https:\/\/beebipood.ee\/ru\/produkt\/beebivoodi-marsylia-mdf\/","name":"Beebivoodi Marsylia 60x120, \u0414\u0435\u0442\u0441\u043a\u0438e \u043a\u0440\u043e\u0432\u0430\u0442\u043a\u0438, \u043f\u0435\u0440\u0435\u043d\u043e\u0441\u043d\u044b\u0435 \u043a\u0440\u043e\u0432\u0430\u0442\u043a\u0438, \u043b\u044e\u043b\u044c\u043a\u0438, \u0414\u0435\u0442\u0441\u043a\u0438e \u043a\u0440\u043e\u0432\u0430\u0442\u043a\u0438, \u0421\u041a\u0418\u0414\u041a\u0418, \u043c\u0430\u0442\u0440\u0430\u0441 60x120, Ha c\u043a\u043b\u0430\u0434\u0435, Ladu t\u00fchjaks, Beebipood","isPartOf":{"@id":"https:\/\/beebipood.ee\/ru\/#website"},"primaryImageOfPage":{"@id":"https:\/\/beebipood.ee\/ru\/produkt\/beebivoodi-marsylia-mdf\/#primaryimage"},"image":{"@id":"https:\/\/beebipood.ee\/ru\/produkt\/beebivoodi-marsylia-mdf\/#primaryimage"},"thumbnailUrl":"https:\/\/beebipood.ee\/wp-content\/uploads\/2015\/02\/Beebivoodi-Marsylia-MDF-Beebivoodid-reisivoodid-hallid-Vorevoodid-madratsile-60x120_3-389.jpg","datePublished":"2015-02-03T13:56:28+00:00","dateModified":"2025-04-17T12:57:00+00:00","description":"Beebivoodi Marsylia 60x120, valmistatud MDF'st ja m\u00e4nnipuidust (voodi k\u00fcljed ja p\u00f5hi) MDF on sertifitseeritud ja vast","breadcrumb":{"@id":"https:\/\/beebipood.ee\/ru\/produkt\/beebivoodi-marsylia-mdf\/#breadcrumb"},"inLanguage":"ru-RU","potentialAction":[{"@type":"ReadAction","target":["https:\/\/beebipood.ee\/ru\/produkt\/beebivoodi-marsylia-mdf\/"]}]},{"@type":"ImageObject","inLanguage":"ru-RU","@id":"https:\/\/beebipood.ee\/ru\/produkt\/beebivoodi-marsylia-mdf\/#primaryimage","url":"https:\/\/beebipood.ee\/wp-content\/uploads\/2015\/02\/Beebivoodi-Marsylia-MDF-Beebivoodid-reisivoodid-hallid-Vorevoodid-madratsile-60x120_3-389.jpg","contentUrl":"https:\/\/beebipood.ee\/wp-content\/uploads\/2015\/02\/Beebivoodi-Marsylia-MDF-Beebivoodid-reisivoodid-hallid-Vorevoodid-madratsile-60x120_3-389.jpg","width":769,"height":647},{"@type":"BreadcrumbList","@id":"https:\/\/beebipood.ee\/ru\/produkt\/beebivoodi-marsylia-mdf\/#breadcrumb","itemListElement":[{"@type":"ListItem","position":1,"name":"Home","item":"https:\/\/beebipood.ee\/ru\/"},{"@type":"ListItem","position":2,"name":"\u041a\u0430\u0442\u0430\u043b\u043e\u0433 \u0442\u043e\u0432\u0430\u0440\u043e\u0432","item":"https:\/\/beebipood.ee\/tooted\/"},{"@type":"ListItem","position":3,"name":"Beebivoodi Marsylia 60&#215;120"}]},{"@type":"WebSite","@id":"https:\/\/beebipood.ee\/ru\/#website","url":"https:\/\/beebipood.ee\/ru\/","name":"Beebipood","description":"Lastekaubad, beebikaubad, m\u00e4nguasjad","publisher":{"@id":"https:\/\/beebipood.ee\/ru\/#organization"},"potentialAction":[{"@type":"SearchAction","target":{"@type":"EntryPoint","urlTemplate":"https:\/\/beebipood.ee\/ru\/?s={search_term_string}"},"query-input":{"@type":"PropertyValueSpecification","valueRequired":true,"valueName":"search_term_string"}}],"inLanguage":"ru-RU"},{"@type":"Organization","@id":"https:\/\/beebipood.ee\/ru\/#organization","name":"Beebipood","url":"https:\/\/beebipood.ee\/ru\/","logo":{"@type":"ImageObject","inLanguage":"ru-RU","@id":"https:\/\/beebipood.ee\/ru\/#\/schema\/logo\/image\/","url":"https:\/\/beebipood.ee\/wp-content\/uploads\/2025\/03\/beebipood.ee-logo-1.svg","contentUrl":"https:\/\/beebipood.ee\/wp-content\/uploads\/2025\/03\/beebipood.ee-logo-1.svg","caption":"Beebipood"},"image":{"@id":"https:\/\/beebipood.ee\/ru\/#\/schema\/logo\/image\/"}}]}},"brands":[],"_links":{"self":[{"href":"https:\/\/beebipood.ee\/ru\/wp-json\/wp\/v2\/product\/456120","targetHints":{"allow":["GET"]}}],"collection":[{"href":"https:\/\/beebipood.ee\/ru\/wp-json\/wp\/v2\/product"}],"about":[{"href":"https:\/\/beebipood.ee\/ru\/wp-json\/wp\/v2\/types\/product"}],"wp:featuredmedia":[{"embeddable":true,"href":"https:\/\/beebipood.ee\/ru\/wp-json\/wp\/v2\/media\/105628"}],"wp:attachment":[{"href":"https:\/\/beebipood.ee\/ru\/wp-json\/wp\/v2\/media?parent=456120"}],"wp:term":[{"taxonomy":"pwb-brand","embeddable":true,"href":"https:\/\/beebipood.ee\/ru\/wp-json\/wp\/v2\/pwb-brand?post=456120"},{"taxonomy":"product_brand","embeddable":true,"href":"https:\/\/beebipood.ee\/ru\/wp-json\/wp\/v2\/product_brand?post=456120"},{"taxonomy":"product_cat","embeddable":true,"href":"https:\/\/beebipood.ee\/ru\/wp-json\/wp\/v2\/product_cat?post=456120"},{"taxonomy":"product_tag","embeddable":true,"href":"https:\/\/beebipood.ee\/ru\/wp-json\/wp\/v2\/product_tag?post=456120"}],"curies":[{"name":"wp","href":"https:\/\/api.w.org\/{rel}","templated":true}]}}