{"id":456124,"date":"2015-02-03T16:03:45","date_gmt":"2015-02-03T14:03:45","guid":{"rendered":"https:\/\/beebipood.ee\/toode\/ookapp-swing-grey\/"},"modified":"2025-01-09T10:50:53","modified_gmt":"2025-01-09T08:50:53","slug":"ookapp-swing-grey","status":"publish","type":"product","link":"https:\/\/beebipood.ee\/ru\/produkt\/ookapp-swing-grey\/","title":{"rendered":"\u00d6\u00f6kapp Swing, Grey"},"content":{"rendered":"<p><span>m\u00f6\u00f6bliplaat, MDF ja t\u00e4ispuit<\/span><br \/><span>viimistlus: valge\/natural<\/span><br \/><span>sobib nii poisi kui t\u00fcdruku tuppa<\/span><br \/><span>valmistamisel on kasutatud kaasaegset tehnoloogiat ja A-klass tarvikuid ning furnituure<\/span><br \/><span>parim toode perele kes hindab kvaliteeti ning huvitavat disain<\/span><br \/><span>\u00f6\u00f6kapil on kaks sahtlit<\/span><br \/><span>sahtlid on varustatud aeglaselt sulguvate\u00a0<\/span><span>(soft close)<\/span><span>\u00a0furnituuridega<\/span><br \/><span>viimistlemisel on kasutatud ainult sertifitseeritud orgaanilisi v\u00e4rve EN 71-2<\/span><br \/><span>toode vastab k\u00f5ikidele EN turvastandarditele<\/span><\/p>\n","protected":false},"excerpt":{"rendered":"<p>m\u00f6\u00f6bliplaat, MDF ja t\u00e4ispuitviimistlus: valge\/naturalsobib nii poisi kui t\u00fcdruku tuppavalmistamisel on kasutatud kaasaegset tehnoloogiat ja A-klass tarvikuid ning furnituureparim toode perele kes hindab kvaliteeti ning huvitavat disain\u00f6\u00f6kapil on kaks sahtlitsahtlid on varustatud aeglaselt sulguvate\u00a0(soft close)\u00a0furnituuridegaviimistlemisel on kasutatud ainult sertifitseeritud orgaanilisi v\u00e4rve EN 71-2toode vastab k\u00f5ikidele EN turvastandarditele<\/p>\n","protected":false},"featured_media":105632,"template":"","meta":{"_acf_changed":false},"pwb-brand":[],"product_brand":[],"product_cat":[11625,11623],"product_tag":[],"class_list":{"0":"post-456124","1":"product","2":"type-product","3":"status-publish","4":"has-post-thumbnail","6":"product_cat-ookapid-ru","7":"product_cat-kummutid-kastid-ru","9":"first","10":"onbackorder","11":"sale","12":"taxable","13":"shipping-taxable","14":"purchasable","15":"product-type-simple"},"exclude_global_add_ons":[],"addons":[],"acf":[],"yoast_head":"<!-- This site is optimized with the Yoast SEO plugin v27.3 - https:\/\/yoast.com\/product\/yoast-seo-wordpress\/ -->\n<title>\u00d6\u00f6kapp Swing, Grey, \u041d\u041e\u0412\u042b\u0415 \u0422\u041e\u0412\u0410\u0420\u042b, K\u043e\u043c\u043e\u0434\u044b, \u044f\u0449\u0438\u043a\u0438, \u041d\u043e\u0447\u043d\u044b\u0435 \u0442\u0443\u043c\u0431\u043e\u0447\u043a\u0438, Beebipood<\/title>\n<meta name=\"description\" content=\"\u00d6\u00f6kapp Swing, Grey, m&ouml;&ouml;bliplaat, MDF ja t&auml;ispuitviimistlus: valge\/naturalsobib nii poisi kui t&amp;u\" \/>\n<meta name=\"robots\" content=\"index, follow, max-snippet:-1, max-image-preview:large, max-video-preview:-1\" \/>\n<link rel=\"canonical\" href=\"https:\/\/beebipood.ee\/ru\/produkt\/ookapp-swing-grey\/\" \/>\n<meta property=\"og:locale\" content=\"ru_RU\" \/>\n<meta property=\"og:type\" content=\"article\" \/>\n<meta property=\"og:title\" content=\"\u00d6\u00f6kapp Swing, Grey, \u041d\u041e\u0412\u042b\u0415 \u0422\u041e\u0412\u0410\u0420\u042b, K\u043e\u043c\u043e\u0434\u044b, \u044f\u0449\u0438\u043a\u0438, \u041d\u043e\u0447\u043d\u044b\u0435 \u0442\u0443\u043c\u0431\u043e\u0447\u043a\u0438, Beebipood\" \/>\n<meta property=\"og:description\" content=\"\u00d6\u00f6kapp Swing, Grey, m&ouml;&ouml;bliplaat, MDF ja t&auml;ispuitviimistlus: valge\/naturalsobib nii poisi kui t&amp;u\" \/>\n<meta property=\"og:url\" content=\"https:\/\/beebipood.ee\/ru\/produkt\/ookapp-swing-grey\/\" \/>\n<meta property=\"og:site_name\" content=\"Beebipood\" \/>\n<meta property=\"article:modified_time\" content=\"2025-01-09T08:50:53+00:00\" \/>\n<meta property=\"og:image\" content=\"https:\/\/beebipood.ee\/wp-content\/uploads\/2015\/02\/Ookapp-Swing-Grey-UUED-TOOTED-Kummutid-kastid-Ookapid_1-65d.jpg\" \/>\n\t<meta property=\"og:image:width\" content=\"1701\" \/>\n\t<meta property=\"og:image:height\" content=\"1701\" \/>\n\t<meta property=\"og:image:type\" content=\"image\/jpeg\" \/>\n<meta name=\"twitter:card\" content=\"summary_large_image\" \/>\n<script type=\"application\/ld+json\" class=\"yoast-schema-graph\">{\"@context\":\"https:\\\/\\\/schema.org\",\"@graph\":[{\"@type\":\"WebPage\",\"@id\":\"https:\\\/\\\/beebipood.ee\\\/ru\\\/produkt\\\/ookapp-swing-grey\\\/\",\"url\":\"https:\\\/\\\/beebipood.ee\\\/ru\\\/produkt\\\/ookapp-swing-grey\\\/\",\"name\":\"\u00d6\u00f6kapp Swing, Grey, \u041d\u041e\u0412\u042b\u0415 \u0422\u041e\u0412\u0410\u0420\u042b, K\u043e\u043c\u043e\u0434\u044b, \u044f\u0449\u0438\u043a\u0438, \u041d\u043e\u0447\u043d\u044b\u0435 \u0442\u0443\u043c\u0431\u043e\u0447\u043a\u0438, Beebipood\",\"isPartOf\":{\"@id\":\"https:\\\/\\\/beebipood.ee\\\/ru\\\/#website\"},\"primaryImageOfPage\":{\"@id\":\"https:\\\/\\\/beebipood.ee\\\/ru\\\/produkt\\\/ookapp-swing-grey\\\/#primaryimage\"},\"image\":{\"@id\":\"https:\\\/\\\/beebipood.ee\\\/ru\\\/produkt\\\/ookapp-swing-grey\\\/#primaryimage\"},\"thumbnailUrl\":\"https:\\\/\\\/beebipood.ee\\\/wp-content\\\/uploads\\\/2015\\\/02\\\/Ookapp-Swing-Grey-UUED-TOOTED-Kummutid-kastid-Ookapid_1-65d.jpg\",\"datePublished\":\"2015-02-03T14:03:45+00:00\",\"dateModified\":\"2025-01-09T08:50:53+00:00\",\"description\":\"\u00d6\u00f6kapp Swing, Grey, m&ouml;&ouml;bliplaat, MDF ja t&auml;ispuitviimistlus: valge\\\/naturalsobib nii poisi kui t&u\",\"breadcrumb\":{\"@id\":\"https:\\\/\\\/beebipood.ee\\\/ru\\\/produkt\\\/ookapp-swing-grey\\\/#breadcrumb\"},\"inLanguage\":\"ru-RU\",\"potentialAction\":[{\"@type\":\"ReadAction\",\"target\":[\"https:\\\/\\\/beebipood.ee\\\/ru\\\/produkt\\\/ookapp-swing-grey\\\/\"]}]},{\"@type\":\"ImageObject\",\"inLanguage\":\"ru-RU\",\"@id\":\"https:\\\/\\\/beebipood.ee\\\/ru\\\/produkt\\\/ookapp-swing-grey\\\/#primaryimage\",\"url\":\"https:\\\/\\\/beebipood.ee\\\/wp-content\\\/uploads\\\/2015\\\/02\\\/Ookapp-Swing-Grey-UUED-TOOTED-Kummutid-kastid-Ookapid_1-65d.jpg\",\"contentUrl\":\"https:\\\/\\\/beebipood.ee\\\/wp-content\\\/uploads\\\/2015\\\/02\\\/Ookapp-Swing-Grey-UUED-TOOTED-Kummutid-kastid-Ookapid_1-65d.jpg\",\"width\":1701,\"height\":1701},{\"@type\":\"BreadcrumbList\",\"@id\":\"https:\\\/\\\/beebipood.ee\\\/ru\\\/produkt\\\/ookapp-swing-grey\\\/#breadcrumb\",\"itemListElement\":[{\"@type\":\"ListItem\",\"position\":1,\"name\":\"Home\",\"item\":\"https:\\\/\\\/beebipood.ee\\\/ru\\\/\"},{\"@type\":\"ListItem\",\"position\":2,\"name\":\"\u041a\u0430\u0442\u0430\u043b\u043e\u0433 \u0442\u043e\u0432\u0430\u0440\u043e\u0432\",\"item\":\"https:\\\/\\\/beebipood.ee\\\/tooted\\\/\"},{\"@type\":\"ListItem\",\"position\":3,\"name\":\"\u00d6\u00f6kapp Swing, Grey\"}]},{\"@type\":\"WebSite\",\"@id\":\"https:\\\/\\\/beebipood.ee\\\/ru\\\/#website\",\"url\":\"https:\\\/\\\/beebipood.ee\\\/ru\\\/\",\"name\":\"Beebipood\",\"description\":\"Lastekaubad, beebikaubad, m\u00e4nguasjad\",\"publisher\":{\"@id\":\"https:\\\/\\\/beebipood.ee\\\/ru\\\/#organization\"},\"potentialAction\":[{\"@type\":\"SearchAction\",\"target\":{\"@type\":\"EntryPoint\",\"urlTemplate\":\"https:\\\/\\\/beebipood.ee\\\/ru\\\/?s={search_term_string}\"},\"query-input\":{\"@type\":\"PropertyValueSpecification\",\"valueRequired\":true,\"valueName\":\"search_term_string\"}}],\"inLanguage\":\"ru-RU\"},{\"@type\":\"Organization\",\"@id\":\"https:\\\/\\\/beebipood.ee\\\/ru\\\/#organization\",\"name\":\"Beebipood\",\"url\":\"https:\\\/\\\/beebipood.ee\\\/ru\\\/\",\"logo\":{\"@type\":\"ImageObject\",\"inLanguage\":\"ru-RU\",\"@id\":\"https:\\\/\\\/beebipood.ee\\\/ru\\\/#\\\/schema\\\/logo\\\/image\\\/\",\"url\":\"https:\\\/\\\/beebipood.ee\\\/wp-content\\\/uploads\\\/2025\\\/03\\\/beebipood.ee-logo-1.svg\",\"contentUrl\":\"https:\\\/\\\/beebipood.ee\\\/wp-content\\\/uploads\\\/2025\\\/03\\\/beebipood.ee-logo-1.svg\",\"caption\":\"Beebipood\"},\"image\":{\"@id\":\"https:\\\/\\\/beebipood.ee\\\/ru\\\/#\\\/schema\\\/logo\\\/image\\\/\"}}]}<\/script>\n<!-- \/ Yoast SEO plugin. -->","yoast_head_json":{"title":"\u00d6\u00f6kapp Swing, Grey, \u041d\u041e\u0412\u042b\u0415 \u0422\u041e\u0412\u0410\u0420\u042b, K\u043e\u043c\u043e\u0434\u044b, \u044f\u0449\u0438\u043a\u0438, \u041d\u043e\u0447\u043d\u044b\u0435 \u0442\u0443\u043c\u0431\u043e\u0447\u043a\u0438, Beebipood","description":"\u00d6\u00f6kapp Swing, Grey, m&ouml;&ouml;bliplaat, MDF ja t&auml;ispuitviimistlus: valge\/naturalsobib nii poisi kui t&u","robots":{"index":"index","follow":"follow","max-snippet":"max-snippet:-1","max-image-preview":"max-image-preview:large","max-video-preview":"max-video-preview:-1"},"canonical":"https:\/\/beebipood.ee\/ru\/produkt\/ookapp-swing-grey\/","og_locale":"ru_RU","og_type":"article","og_title":"\u00d6\u00f6kapp Swing, Grey, \u041d\u041e\u0412\u042b\u0415 \u0422\u041e\u0412\u0410\u0420\u042b, K\u043e\u043c\u043e\u0434\u044b, \u044f\u0449\u0438\u043a\u0438, \u041d\u043e\u0447\u043d\u044b\u0435 \u0442\u0443\u043c\u0431\u043e\u0447\u043a\u0438, Beebipood","og_description":"\u00d6\u00f6kapp Swing, Grey, m&ouml;&ouml;bliplaat, MDF ja t&auml;ispuitviimistlus: valge\/naturalsobib nii poisi kui t&u","og_url":"https:\/\/beebipood.ee\/ru\/produkt\/ookapp-swing-grey\/","og_site_name":"Beebipood","article_modified_time":"2025-01-09T08:50:53+00:00","og_image":[{"width":1701,"height":1701,"url":"https:\/\/beebipood.ee\/wp-content\/uploads\/2015\/02\/Ookapp-Swing-Grey-UUED-TOOTED-Kummutid-kastid-Ookapid_1-65d.jpg","type":"image\/jpeg"}],"twitter_card":"summary_large_image","schema":{"@context":"https:\/\/schema.org","@graph":[{"@type":"WebPage","@id":"https:\/\/beebipood.ee\/ru\/produkt\/ookapp-swing-grey\/","url":"https:\/\/beebipood.ee\/ru\/produkt\/ookapp-swing-grey\/","name":"\u00d6\u00f6kapp Swing, Grey, \u041d\u041e\u0412\u042b\u0415 \u0422\u041e\u0412\u0410\u0420\u042b, K\u043e\u043c\u043e\u0434\u044b, \u044f\u0449\u0438\u043a\u0438, \u041d\u043e\u0447\u043d\u044b\u0435 \u0442\u0443\u043c\u0431\u043e\u0447\u043a\u0438, Beebipood","isPartOf":{"@id":"https:\/\/beebipood.ee\/ru\/#website"},"primaryImageOfPage":{"@id":"https:\/\/beebipood.ee\/ru\/produkt\/ookapp-swing-grey\/#primaryimage"},"image":{"@id":"https:\/\/beebipood.ee\/ru\/produkt\/ookapp-swing-grey\/#primaryimage"},"thumbnailUrl":"https:\/\/beebipood.ee\/wp-content\/uploads\/2015\/02\/Ookapp-Swing-Grey-UUED-TOOTED-Kummutid-kastid-Ookapid_1-65d.jpg","datePublished":"2015-02-03T14:03:45+00:00","dateModified":"2025-01-09T08:50:53+00:00","description":"\u00d6\u00f6kapp Swing, Grey, m&ouml;&ouml;bliplaat, MDF ja t&auml;ispuitviimistlus: valge\/naturalsobib nii poisi kui t&u","breadcrumb":{"@id":"https:\/\/beebipood.ee\/ru\/produkt\/ookapp-swing-grey\/#breadcrumb"},"inLanguage":"ru-RU","potentialAction":[{"@type":"ReadAction","target":["https:\/\/beebipood.ee\/ru\/produkt\/ookapp-swing-grey\/"]}]},{"@type":"ImageObject","inLanguage":"ru-RU","@id":"https:\/\/beebipood.ee\/ru\/produkt\/ookapp-swing-grey\/#primaryimage","url":"https:\/\/beebipood.ee\/wp-content\/uploads\/2015\/02\/Ookapp-Swing-Grey-UUED-TOOTED-Kummutid-kastid-Ookapid_1-65d.jpg","contentUrl":"https:\/\/beebipood.ee\/wp-content\/uploads\/2015\/02\/Ookapp-Swing-Grey-UUED-TOOTED-Kummutid-kastid-Ookapid_1-65d.jpg","width":1701,"height":1701},{"@type":"BreadcrumbList","@id":"https:\/\/beebipood.ee\/ru\/produkt\/ookapp-swing-grey\/#breadcrumb","itemListElement":[{"@type":"ListItem","position":1,"name":"Home","item":"https:\/\/beebipood.ee\/ru\/"},{"@type":"ListItem","position":2,"name":"\u041a\u0430\u0442\u0430\u043b\u043e\u0433 \u0442\u043e\u0432\u0430\u0440\u043e\u0432","item":"https:\/\/beebipood.ee\/tooted\/"},{"@type":"ListItem","position":3,"name":"\u00d6\u00f6kapp Swing, Grey"}]},{"@type":"WebSite","@id":"https:\/\/beebipood.ee\/ru\/#website","url":"https:\/\/beebipood.ee\/ru\/","name":"Beebipood","description":"Lastekaubad, beebikaubad, m\u00e4nguasjad","publisher":{"@id":"https:\/\/beebipood.ee\/ru\/#organization"},"potentialAction":[{"@type":"SearchAction","target":{"@type":"EntryPoint","urlTemplate":"https:\/\/beebipood.ee\/ru\/?s={search_term_string}"},"query-input":{"@type":"PropertyValueSpecification","valueRequired":true,"valueName":"search_term_string"}}],"inLanguage":"ru-RU"},{"@type":"Organization","@id":"https:\/\/beebipood.ee\/ru\/#organization","name":"Beebipood","url":"https:\/\/beebipood.ee\/ru\/","logo":{"@type":"ImageObject","inLanguage":"ru-RU","@id":"https:\/\/beebipood.ee\/ru\/#\/schema\/logo\/image\/","url":"https:\/\/beebipood.ee\/wp-content\/uploads\/2025\/03\/beebipood.ee-logo-1.svg","contentUrl":"https:\/\/beebipood.ee\/wp-content\/uploads\/2025\/03\/beebipood.ee-logo-1.svg","caption":"Beebipood"},"image":{"@id":"https:\/\/beebipood.ee\/ru\/#\/schema\/logo\/image\/"}}]}},"brands":[],"_links":{"self":[{"href":"https:\/\/beebipood.ee\/ru\/wp-json\/wp\/v2\/product\/456124","targetHints":{"allow":["GET"]}}],"collection":[{"href":"https:\/\/beebipood.ee\/ru\/wp-json\/wp\/v2\/product"}],"about":[{"href":"https:\/\/beebipood.ee\/ru\/wp-json\/wp\/v2\/types\/product"}],"wp:featuredmedia":[{"embeddable":true,"href":"https:\/\/beebipood.ee\/ru\/wp-json\/wp\/v2\/media\/105632"}],"wp:attachment":[{"href":"https:\/\/beebipood.ee\/ru\/wp-json\/wp\/v2\/media?parent=456124"}],"wp:term":[{"taxonomy":"pwb-brand","embeddable":true,"href":"https:\/\/beebipood.ee\/ru\/wp-json\/wp\/v2\/pwb-brand?post=456124"},{"taxonomy":"product_brand","embeddable":true,"href":"https:\/\/beebipood.ee\/ru\/wp-json\/wp\/v2\/product_brand?post=456124"},{"taxonomy":"product_cat","embeddable":true,"href":"https:\/\/beebipood.ee\/ru\/wp-json\/wp\/v2\/product_cat?post=456124"},{"taxonomy":"product_tag","embeddable":true,"href":"https:\/\/beebipood.ee\/ru\/wp-json\/wp\/v2\/product_tag?post=456124"}],"curies":[{"name":"wp","href":"https:\/\/api.w.org\/{rel}","templated":true}]}}