{"id":456132,"date":"2015-02-05T16:34:44","date_gmt":"2015-02-05T14:34:44","guid":{"rendered":"https:\/\/beebipood.ee\/toode\/kummut-miloo-wide-mahkimisalusga-white\/"},"modified":"2025-01-09T10:50:53","modified_gmt":"2025-01-09T08:50:53","slug":"kummut-miloo-wide-mahkimisalusga-white","status":"publish","type":"product","link":"https:\/\/beebipood.ee\/ru\/produkt\/kummut-miloo-wide-mahkimisalusga-white\/","title":{"rendered":"Kummut Miloo wide m\u00e4hkimisalusga, white"},"content":{"rendered":"<p><span>tugev ja vastupidav kummut<\/span><br \/><span>valmistatud: m\u00f6\u00f6bliplaat, MDF ja t\u00e4ispuit<\/span><br \/><span>viimistlus: valge\/natural<\/span><br \/><span>sobib nii poisi kui t\u00fcdruku tuppa<\/span><br \/><span>valmistamisel on kasutatud kaasaegset tehnoloogiat ja A-klass tarvikuid ning furnituure<\/span><br \/><span>parim toode perele kes hindab kvaliteeti ning disain<\/span><br \/><span>kummutil on kolm sahtlit ja \u00fcks uks<\/span><br \/><span>kummut on varustatud aeglaselt <em>softclose<\/em> sulguvate furnituuridega<\/span><br \/><span>vaikne ja mugav kasutada<\/span><br \/><span>kummutil on m\u00e4hkimisalus, mida saab kergesti eemaldada<\/span><br \/><span>kummutit saab hiljem kasutada ilma m\u00e4hkimisaluseta<\/span><br \/><span>viimistlemisel on kasutatud ainult sertifitseeritud orgaanilisi v\u00e4rve<\/span><br \/><span>toode vastab k\u00f5ikidele EN turvastandarditele<\/span><\/p>\n","protected":false},"excerpt":{"rendered":"<p>tugev ja vastupidav kummutvalmistatud: m\u00f6\u00f6bliplaat, MDF ja t\u00e4ispuitviimistlus: valge\/naturalsobib nii poisi kui t\u00fcdruku tuppavalmistamisel on kasutatud kaasaegset tehnoloogiat ja A-klass tarvikuid ning furnituureparim toode perele kes hindab kvaliteeti ning disainkummutil on kolm sahtlit ja \u00fcks ukskummut on varustatud aeglaselt softclose sulguvate furnituuridegavaikne ja mugav kasutadakummutil on m\u00e4hkimisalus, mida saab kergesti eemaldadakummutit saab hiljem kasutada ilma [&hellip;]<\/p>\n","protected":false},"featured_media":105666,"template":"","meta":{"_acf_changed":false},"pwb-brand":[],"product_brand":[],"product_cat":[11627,11711,11623,11789],"product_tag":[],"class_list":{"0":"post-456132","1":"product","2":"type-product","3":"status-publish","4":"has-post-thumbnail","6":"product_cat-kummutid-ru","7":"product_cat-mahkimisalused-ja-riiulid-ru","8":"product_cat-kummutid-kastid-ru","9":"product_cat-lastemoobel-ja-sisustus-ru","11":"first","12":"onbackorder","13":"sale","14":"taxable","15":"shipping-taxable","16":"purchasable","17":"product-type-simple"},"exclude_global_add_ons":[],"addons":[],"acf":[],"yoast_head":"<!-- This site is optimized with the Yoast SEO plugin v27.3 - https:\/\/yoast.com\/product\/yoast-seo-wordpress\/ -->\n<title>Kummut Miloo wide m\u00e4hkimisalusga, white, K\u043e\u043c\u043e\u0434\u044b, \u044f\u0449\u0438\u043a\u0438, K\u043e\u043c\u043e\u0434\u044b, \u041f\u0435\u043b\u0435\u043d\u0430\u043b\u044c\u043d\u044b\u0435 \u0441\u0442\u043e\u043b\u0438\u043a\u0438 \u0438 \u043f\u043e\u043b\u043a\u0438, M\u0435\u0431\u0435\u043b\u044c, Beebipood<\/title>\n<meta name=\"description\" content=\"Kummut Miloo wide m\u00e4hkimisalusga, white, tugev ja vastupidav kummutvalmistatud: m&ouml;&ouml;bliplaat, MDF ja t&auml;ispuit&lt;\" \/>\n<meta name=\"robots\" content=\"index, follow, max-snippet:-1, max-image-preview:large, max-video-preview:-1\" \/>\n<link rel=\"canonical\" href=\"https:\/\/beebipood.ee\/ru\/produkt\/kummut-miloo-wide-mahkimisalusga-white\/\" \/>\n<meta property=\"og:locale\" content=\"ru_RU\" \/>\n<meta property=\"og:type\" content=\"article\" \/>\n<meta property=\"og:title\" content=\"Kummut Miloo wide m\u00e4hkimisalusga, white, K\u043e\u043c\u043e\u0434\u044b, \u044f\u0449\u0438\u043a\u0438, K\u043e\u043c\u043e\u0434\u044b, \u041f\u0435\u043b\u0435\u043d\u0430\u043b\u044c\u043d\u044b\u0435 \u0441\u0442\u043e\u043b\u0438\u043a\u0438 \u0438 \u043f\u043e\u043b\u043a\u0438, M\u0435\u0431\u0435\u043b\u044c, Beebipood\" \/>\n<meta property=\"og:description\" content=\"Kummut Miloo wide m\u00e4hkimisalusga, white, tugev ja vastupidav kummutvalmistatud: m&ouml;&ouml;bliplaat, MDF ja t&auml;ispuit&lt;\" \/>\n<meta property=\"og:url\" content=\"https:\/\/beebipood.ee\/ru\/produkt\/kummut-miloo-wide-mahkimisalusga-white\/\" \/>\n<meta property=\"og:site_name\" content=\"Beebipood\" \/>\n<meta property=\"article:modified_time\" content=\"2025-01-09T08:50:53+00:00\" \/>\n<meta property=\"og:image\" content=\"https:\/\/beebipood.ee\/wp-content\/uploads\/2015\/02\/Kummut-Miloo-wide-mahkimisalusga-white-Kummutid-kastid-Kummutid-Mahkimisalused-ja-riiulid-Lastemoobel-ja-sisustus_2-33b-scaled.jpg\" \/>\n\t<meta property=\"og:image:width\" content=\"2560\" \/>\n\t<meta property=\"og:image:height\" content=\"1920\" \/>\n\t<meta property=\"og:image:type\" content=\"image\/jpeg\" \/>\n<meta name=\"twitter:card\" content=\"summary_large_image\" \/>\n<script type=\"application\/ld+json\" class=\"yoast-schema-graph\">{\"@context\":\"https:\\\/\\\/schema.org\",\"@graph\":[{\"@type\":\"WebPage\",\"@id\":\"https:\\\/\\\/beebipood.ee\\\/ru\\\/produkt\\\/kummut-miloo-wide-mahkimisalusga-white\\\/\",\"url\":\"https:\\\/\\\/beebipood.ee\\\/ru\\\/produkt\\\/kummut-miloo-wide-mahkimisalusga-white\\\/\",\"name\":\"Kummut Miloo wide m\u00e4hkimisalusga, white, K\u043e\u043c\u043e\u0434\u044b, \u044f\u0449\u0438\u043a\u0438, K\u043e\u043c\u043e\u0434\u044b, \u041f\u0435\u043b\u0435\u043d\u0430\u043b\u044c\u043d\u044b\u0435 \u0441\u0442\u043e\u043b\u0438\u043a\u0438 \u0438 \u043f\u043e\u043b\u043a\u0438, M\u0435\u0431\u0435\u043b\u044c, Beebipood\",\"isPartOf\":{\"@id\":\"https:\\\/\\\/beebipood.ee\\\/ru\\\/#website\"},\"primaryImageOfPage\":{\"@id\":\"https:\\\/\\\/beebipood.ee\\\/ru\\\/produkt\\\/kummut-miloo-wide-mahkimisalusga-white\\\/#primaryimage\"},\"image\":{\"@id\":\"https:\\\/\\\/beebipood.ee\\\/ru\\\/produkt\\\/kummut-miloo-wide-mahkimisalusga-white\\\/#primaryimage\"},\"thumbnailUrl\":\"https:\\\/\\\/beebipood.ee\\\/wp-content\\\/uploads\\\/2015\\\/02\\\/Kummut-Miloo-wide-mahkimisalusga-white-Kummutid-kastid-Kummutid-Mahkimisalused-ja-riiulid-Lastemoobel-ja-sisustus_2-33b-scaled.jpg\",\"datePublished\":\"2015-02-05T14:34:44+00:00\",\"dateModified\":\"2025-01-09T08:50:53+00:00\",\"description\":\"Kummut Miloo wide m\u00e4hkimisalusga, white, tugev ja vastupidav kummutvalmistatud: m&ouml;&ouml;bliplaat, MDF ja t&auml;ispuit&lt;\",\"breadcrumb\":{\"@id\":\"https:\\\/\\\/beebipood.ee\\\/ru\\\/produkt\\\/kummut-miloo-wide-mahkimisalusga-white\\\/#breadcrumb\"},\"inLanguage\":\"ru-RU\",\"potentialAction\":[{\"@type\":\"ReadAction\",\"target\":[\"https:\\\/\\\/beebipood.ee\\\/ru\\\/produkt\\\/kummut-miloo-wide-mahkimisalusga-white\\\/\"]}]},{\"@type\":\"ImageObject\",\"inLanguage\":\"ru-RU\",\"@id\":\"https:\\\/\\\/beebipood.ee\\\/ru\\\/produkt\\\/kummut-miloo-wide-mahkimisalusga-white\\\/#primaryimage\",\"url\":\"https:\\\/\\\/beebipood.ee\\\/wp-content\\\/uploads\\\/2015\\\/02\\\/Kummut-Miloo-wide-mahkimisalusga-white-Kummutid-kastid-Kummutid-Mahkimisalused-ja-riiulid-Lastemoobel-ja-sisustus_2-33b-scaled.jpg\",\"contentUrl\":\"https:\\\/\\\/beebipood.ee\\\/wp-content\\\/uploads\\\/2015\\\/02\\\/Kummut-Miloo-wide-mahkimisalusga-white-Kummutid-kastid-Kummutid-Mahkimisalused-ja-riiulid-Lastemoobel-ja-sisustus_2-33b-scaled.jpg\",\"width\":2560,\"height\":1920},{\"@type\":\"BreadcrumbList\",\"@id\":\"https:\\\/\\\/beebipood.ee\\\/ru\\\/produkt\\\/kummut-miloo-wide-mahkimisalusga-white\\\/#breadcrumb\",\"itemListElement\":[{\"@type\":\"ListItem\",\"position\":1,\"name\":\"Home\",\"item\":\"https:\\\/\\\/beebipood.ee\\\/ru\\\/\"},{\"@type\":\"ListItem\",\"position\":2,\"name\":\"\u041a\u0430\u0442\u0430\u043b\u043e\u0433 \u0442\u043e\u0432\u0430\u0440\u043e\u0432\",\"item\":\"https:\\\/\\\/beebipood.ee\\\/tooted\\\/\"},{\"@type\":\"ListItem\",\"position\":3,\"name\":\"Kummut Miloo wide m\u00e4hkimisalusga, white\"}]},{\"@type\":\"WebSite\",\"@id\":\"https:\\\/\\\/beebipood.ee\\\/ru\\\/#website\",\"url\":\"https:\\\/\\\/beebipood.ee\\\/ru\\\/\",\"name\":\"Beebipood\",\"description\":\"Lastekaubad, beebikaubad, m\u00e4nguasjad\",\"publisher\":{\"@id\":\"https:\\\/\\\/beebipood.ee\\\/ru\\\/#organization\"},\"potentialAction\":[{\"@type\":\"SearchAction\",\"target\":{\"@type\":\"EntryPoint\",\"urlTemplate\":\"https:\\\/\\\/beebipood.ee\\\/ru\\\/?s={search_term_string}\"},\"query-input\":{\"@type\":\"PropertyValueSpecification\",\"valueRequired\":true,\"valueName\":\"search_term_string\"}}],\"inLanguage\":\"ru-RU\"},{\"@type\":\"Organization\",\"@id\":\"https:\\\/\\\/beebipood.ee\\\/ru\\\/#organization\",\"name\":\"Beebipood\",\"url\":\"https:\\\/\\\/beebipood.ee\\\/ru\\\/\",\"logo\":{\"@type\":\"ImageObject\",\"inLanguage\":\"ru-RU\",\"@id\":\"https:\\\/\\\/beebipood.ee\\\/ru\\\/#\\\/schema\\\/logo\\\/image\\\/\",\"url\":\"https:\\\/\\\/beebipood.ee\\\/wp-content\\\/uploads\\\/2025\\\/03\\\/beebipood.ee-logo-1.svg\",\"contentUrl\":\"https:\\\/\\\/beebipood.ee\\\/wp-content\\\/uploads\\\/2025\\\/03\\\/beebipood.ee-logo-1.svg\",\"caption\":\"Beebipood\"},\"image\":{\"@id\":\"https:\\\/\\\/beebipood.ee\\\/ru\\\/#\\\/schema\\\/logo\\\/image\\\/\"}}]}<\/script>\n<!-- \/ Yoast SEO plugin. -->","yoast_head_json":{"title":"Kummut Miloo wide m\u00e4hkimisalusga, white, K\u043e\u043c\u043e\u0434\u044b, \u044f\u0449\u0438\u043a\u0438, K\u043e\u043c\u043e\u0434\u044b, \u041f\u0435\u043b\u0435\u043d\u0430\u043b\u044c\u043d\u044b\u0435 \u0441\u0442\u043e\u043b\u0438\u043a\u0438 \u0438 \u043f\u043e\u043b\u043a\u0438, M\u0435\u0431\u0435\u043b\u044c, Beebipood","description":"Kummut Miloo wide m\u00e4hkimisalusga, white, tugev ja vastupidav kummutvalmistatud: m&ouml;&ouml;bliplaat, MDF ja t&auml;ispuit&lt;","robots":{"index":"index","follow":"follow","max-snippet":"max-snippet:-1","max-image-preview":"max-image-preview:large","max-video-preview":"max-video-preview:-1"},"canonical":"https:\/\/beebipood.ee\/ru\/produkt\/kummut-miloo-wide-mahkimisalusga-white\/","og_locale":"ru_RU","og_type":"article","og_title":"Kummut Miloo wide m\u00e4hkimisalusga, white, K\u043e\u043c\u043e\u0434\u044b, \u044f\u0449\u0438\u043a\u0438, K\u043e\u043c\u043e\u0434\u044b, \u041f\u0435\u043b\u0435\u043d\u0430\u043b\u044c\u043d\u044b\u0435 \u0441\u0442\u043e\u043b\u0438\u043a\u0438 \u0438 \u043f\u043e\u043b\u043a\u0438, M\u0435\u0431\u0435\u043b\u044c, Beebipood","og_description":"Kummut Miloo wide m\u00e4hkimisalusga, white, tugev ja vastupidav kummutvalmistatud: m&ouml;&ouml;bliplaat, MDF ja t&auml;ispuit&lt;","og_url":"https:\/\/beebipood.ee\/ru\/produkt\/kummut-miloo-wide-mahkimisalusga-white\/","og_site_name":"Beebipood","article_modified_time":"2025-01-09T08:50:53+00:00","og_image":[{"width":2560,"height":1920,"url":"https:\/\/beebipood.ee\/wp-content\/uploads\/2015\/02\/Kummut-Miloo-wide-mahkimisalusga-white-Kummutid-kastid-Kummutid-Mahkimisalused-ja-riiulid-Lastemoobel-ja-sisustus_2-33b-scaled.jpg","type":"image\/jpeg"}],"twitter_card":"summary_large_image","schema":{"@context":"https:\/\/schema.org","@graph":[{"@type":"WebPage","@id":"https:\/\/beebipood.ee\/ru\/produkt\/kummut-miloo-wide-mahkimisalusga-white\/","url":"https:\/\/beebipood.ee\/ru\/produkt\/kummut-miloo-wide-mahkimisalusga-white\/","name":"Kummut Miloo wide m\u00e4hkimisalusga, white, K\u043e\u043c\u043e\u0434\u044b, \u044f\u0449\u0438\u043a\u0438, K\u043e\u043c\u043e\u0434\u044b, \u041f\u0435\u043b\u0435\u043d\u0430\u043b\u044c\u043d\u044b\u0435 \u0441\u0442\u043e\u043b\u0438\u043a\u0438 \u0438 \u043f\u043e\u043b\u043a\u0438, M\u0435\u0431\u0435\u043b\u044c, Beebipood","isPartOf":{"@id":"https:\/\/beebipood.ee\/ru\/#website"},"primaryImageOfPage":{"@id":"https:\/\/beebipood.ee\/ru\/produkt\/kummut-miloo-wide-mahkimisalusga-white\/#primaryimage"},"image":{"@id":"https:\/\/beebipood.ee\/ru\/produkt\/kummut-miloo-wide-mahkimisalusga-white\/#primaryimage"},"thumbnailUrl":"https:\/\/beebipood.ee\/wp-content\/uploads\/2015\/02\/Kummut-Miloo-wide-mahkimisalusga-white-Kummutid-kastid-Kummutid-Mahkimisalused-ja-riiulid-Lastemoobel-ja-sisustus_2-33b-scaled.jpg","datePublished":"2015-02-05T14:34:44+00:00","dateModified":"2025-01-09T08:50:53+00:00","description":"Kummut Miloo wide m\u00e4hkimisalusga, white, tugev ja vastupidav kummutvalmistatud: m&ouml;&ouml;bliplaat, MDF ja t&auml;ispuit&lt;","breadcrumb":{"@id":"https:\/\/beebipood.ee\/ru\/produkt\/kummut-miloo-wide-mahkimisalusga-white\/#breadcrumb"},"inLanguage":"ru-RU","potentialAction":[{"@type":"ReadAction","target":["https:\/\/beebipood.ee\/ru\/produkt\/kummut-miloo-wide-mahkimisalusga-white\/"]}]},{"@type":"ImageObject","inLanguage":"ru-RU","@id":"https:\/\/beebipood.ee\/ru\/produkt\/kummut-miloo-wide-mahkimisalusga-white\/#primaryimage","url":"https:\/\/beebipood.ee\/wp-content\/uploads\/2015\/02\/Kummut-Miloo-wide-mahkimisalusga-white-Kummutid-kastid-Kummutid-Mahkimisalused-ja-riiulid-Lastemoobel-ja-sisustus_2-33b-scaled.jpg","contentUrl":"https:\/\/beebipood.ee\/wp-content\/uploads\/2015\/02\/Kummut-Miloo-wide-mahkimisalusga-white-Kummutid-kastid-Kummutid-Mahkimisalused-ja-riiulid-Lastemoobel-ja-sisustus_2-33b-scaled.jpg","width":2560,"height":1920},{"@type":"BreadcrumbList","@id":"https:\/\/beebipood.ee\/ru\/produkt\/kummut-miloo-wide-mahkimisalusga-white\/#breadcrumb","itemListElement":[{"@type":"ListItem","position":1,"name":"Home","item":"https:\/\/beebipood.ee\/ru\/"},{"@type":"ListItem","position":2,"name":"\u041a\u0430\u0442\u0430\u043b\u043e\u0433 \u0442\u043e\u0432\u0430\u0440\u043e\u0432","item":"https:\/\/beebipood.ee\/tooted\/"},{"@type":"ListItem","position":3,"name":"Kummut Miloo wide m\u00e4hkimisalusga, white"}]},{"@type":"WebSite","@id":"https:\/\/beebipood.ee\/ru\/#website","url":"https:\/\/beebipood.ee\/ru\/","name":"Beebipood","description":"Lastekaubad, beebikaubad, m\u00e4nguasjad","publisher":{"@id":"https:\/\/beebipood.ee\/ru\/#organization"},"potentialAction":[{"@type":"SearchAction","target":{"@type":"EntryPoint","urlTemplate":"https:\/\/beebipood.ee\/ru\/?s={search_term_string}"},"query-input":{"@type":"PropertyValueSpecification","valueRequired":true,"valueName":"search_term_string"}}],"inLanguage":"ru-RU"},{"@type":"Organization","@id":"https:\/\/beebipood.ee\/ru\/#organization","name":"Beebipood","url":"https:\/\/beebipood.ee\/ru\/","logo":{"@type":"ImageObject","inLanguage":"ru-RU","@id":"https:\/\/beebipood.ee\/ru\/#\/schema\/logo\/image\/","url":"https:\/\/beebipood.ee\/wp-content\/uploads\/2025\/03\/beebipood.ee-logo-1.svg","contentUrl":"https:\/\/beebipood.ee\/wp-content\/uploads\/2025\/03\/beebipood.ee-logo-1.svg","caption":"Beebipood"},"image":{"@id":"https:\/\/beebipood.ee\/ru\/#\/schema\/logo\/image\/"}}]}},"brands":[],"_links":{"self":[{"href":"https:\/\/beebipood.ee\/ru\/wp-json\/wp\/v2\/product\/456132","targetHints":{"allow":["GET"]}}],"collection":[{"href":"https:\/\/beebipood.ee\/ru\/wp-json\/wp\/v2\/product"}],"about":[{"href":"https:\/\/beebipood.ee\/ru\/wp-json\/wp\/v2\/types\/product"}],"wp:featuredmedia":[{"embeddable":true,"href":"https:\/\/beebipood.ee\/ru\/wp-json\/wp\/v2\/media\/105666"}],"wp:attachment":[{"href":"https:\/\/beebipood.ee\/ru\/wp-json\/wp\/v2\/media?parent=456132"}],"wp:term":[{"taxonomy":"pwb-brand","embeddable":true,"href":"https:\/\/beebipood.ee\/ru\/wp-json\/wp\/v2\/pwb-brand?post=456132"},{"taxonomy":"product_brand","embeddable":true,"href":"https:\/\/beebipood.ee\/ru\/wp-json\/wp\/v2\/product_brand?post=456132"},{"taxonomy":"product_cat","embeddable":true,"href":"https:\/\/beebipood.ee\/ru\/wp-json\/wp\/v2\/product_cat?post=456132"},{"taxonomy":"product_tag","embeddable":true,"href":"https:\/\/beebipood.ee\/ru\/wp-json\/wp\/v2\/product_tag?post=456132"}],"curies":[{"name":"wp","href":"https:\/\/api.w.org\/{rel}","templated":true}]}}