{"id":456190,"date":"2015-03-12T10:09:39","date_gmt":"2015-03-12T08:09:39","guid":{"rendered":"https:\/\/beebipood.ee\/toode\/aeromoov-reisivoodi-seashell-olive\/"},"modified":"2025-01-09T10:50:49","modified_gmt":"2025-01-09T08:50:49","slug":"aeromoov-reisivoodi-seashell-olive","status":"publish","type":"product","link":"https:\/\/beebipood.ee\/ru\/produkt\/aeromoov-reisivoodi-seashell-olive\/","title":{"rendered":"Aeromoov reisivoodi, Seashell Olive"},"content":{"rendered":"<p><span>Seda kerge kaaluga ja kompaktset reisivoodit on imelihtne endaga kaasa v\u00f5tta<\/span><br \/><span>ning antud toode vastab ka k\u00f5ige rangematele turvan\u00f5uetele.<\/span><br \/><span>Kokkupanek ja lahtiv\u00f5tmine k\u00f5igest 2 sekundiga<\/span><br \/><span>Kerge kaal &#8212; alla 5kg<\/span><br \/><span>Kompaktne<\/span><br \/><span>Madratsik\u00f5rgus muudetav<\/span><br \/><span>V\u00f5imalik kasutada igalpool<\/span><br \/><span>Kvaliteetne madrats<\/span><\/p>\n<p><span style=\"text-decoration: underline;\">Aeromoovi reisivoodit<\/span><span><span style=\"text-decoration: underline;\">\u00a0<\/span>on v\u00f5imalik \u00fcles seada ja kokku panna vaid sekunditega.<\/span><br \/><span>Aeromoov reisivoodi alla 5kg<\/span><br \/><span>Aeromoov reisivoodi kaalub veidi v\u00e4hem kui 5kg.<\/span><br \/><span>Enam ei pea te suurt ja rasket reisivoodit endaga kaasas vedama.<\/span><br \/><span>Seda kompaktset toodet saab \u00f5lal kanda ka suurem \u00f5de v\u00f5i vend.<\/span><br \/><span>Kompaktne<\/span><br \/><span>Reisivoodiga kaasas olev elegantne ja \u0161ikk kandekott v\u00f5imaldab teile reisivoodit hoiustada ka k\u00f5ige v\u00e4iksemates kohtades:<\/span><br \/><span>riidekapi taga, trepi all v\u00f5i kus iganes teil vaba ruumi leidub.<\/span><br \/><span>Kandekott on valmistatud vastupidavast materjalist ning sellel on ka tugevdatud p\u00f5hi.<\/span><br \/><span>Aeromoov reisivoodi kompaktsus<\/span><br \/><span>Mitmek\u00fclgne<\/span><br \/><span>K\u00fclastades vanavanemaid v\u00f5i s\u00f5pru, veetes aega rannas v\u00f5i koduaias &#8212; see reisivoodi sobib k\u00f5ikjale.<\/span><br \/><span>T\u00e4nu v\u00f5rgust k\u00fclgedele on teil alati \u00fclevaade lapse tegevustest.<\/span><br \/><span>Aeromoov reisivoodi mitmek\u00fclgsus<\/span><br \/><span>2 p\u00f5hjak\u00f5rgust<\/span><br \/><span>Keskmine k\u00f5rgus on m\u00f5eldud beebidele vanuses kuni ca. 2 kuud,<\/span><br \/><span>et s\u00e4\u00e4sta teie selga lapse v\u00e4lja- v\u00f5i sisset\u00f5stmisel.<\/span><br \/><span>Kui laps suudab juba iseseisvalt ennast istukile ajada,<\/span><br \/><span>on aeg vahetada keskmine k\u00f5rgus k\u00f5ige madalama vastu.<\/span><br \/><span>Selliselt saab teie laps alati magada ja m\u00e4ngida k\u00f5ige turvalisemal viisil.<\/span><br \/><span>Madratsi asendi muutmine on \u00e4\u00e4rmiselt lihtne. Samuti on reisivoodi p\u00f5hja k\u00fcljes 2 jala-ava,<\/span><br \/><span>mis aitavad veel lihtsamini lapsi reisivoodisse sisse ja sealt v\u00e4lja t\u00f5sta.<\/span><br \/><span>Aeromoov reisivoodi p\u00f5hjak\u00f5rgused<\/span><br \/><span>K\u00f5rge kvaliteediga madrats<\/span><br \/><span>Kvaliteetne PU madrats on 3cm paks ning see pakub optimaalset tuge lapse seljale.<\/span><br \/><span>Madratsi m\u00f5\u00f5tmed on 110x60cm. V\u00f5imalik lukuga muuta ka 80x60cm suuruseks<\/span><br \/><span>(beebiasendi jaoks).<\/span><br \/><span>Madrats kinnitub lihtsasti kr\u00f5psudega p\u00f5hja k\u00fclge.<\/span><br \/><span>Aeromoov reisivoodi vastab k\u00f5ige rangematele turvan\u00f5uetele: EN716-1-2008 ja A1-2013.<\/span><br \/><span>Aeromoov reisivoodi madrats<\/span><br \/><span style=\"text-decoration: underline;\">Reisivoodi v\u00e4lism\u00f5\u00f5dud:<\/span><br \/><span>k\u00f5rgus 63cm<\/span><br \/><span>pikkus 130cm<\/span><br \/><span>laius 92cm<\/span><br \/><span style=\"text-decoration: underline;\">M\u00f5\u00f5dud kokkupandult kandekotis:<\/span><br \/><span>k\u00f5rgus 72cm<\/span><br \/><span>pikkus 71cm<\/span><br \/><span>laius 12cm<\/span><br \/><span style=\"text-decoration: underline;\">Reisivoodi sisem\u00f5\u00f5dud:<\/span><br \/><span>K\u00f5ige alumisel k\u00f5rgusel 60x110cm<\/span><br \/><span>Keskmisel k\u00f5rgusel (beebidele) 60x80cm<\/span><br \/><span>Madratsi m\u00f5\u00f5dud:<\/span><br \/><span>K\u00f5ige alumisel k\u00f5rgusel 60x110cm<\/span><br \/><span>Keskmisel k\u00f5rgusel (beebidele) 60x80cm (lukuga muudetav)<\/span><br \/><span><br \/><span style=\"text-decoration: underline;\">Lisatarvikud<\/span><\/span><br \/><span>UV kaitsega p\u00e4ikesevari<\/span><br \/><span>Kummiga lina<\/span><br \/><span>S\u00e4\u00e4sev\u00f5rk<\/span><br \/><span>Aerosleep madratsikaitse<\/span><\/p>\n","protected":false},"excerpt":{"rendered":"<p>Seda kerge kaaluga ja kompaktset reisivoodit on imelihtne endaga kaasa v\u00f5ttaning antud toode vastab ka k\u00f5ige rangematele turvan\u00f5uetele.Kokkupanek ja lahtiv\u00f5tmine k\u00f5igest 2 sekundigaKerge kaal &#8212; alla 5kgKompaktneMadratsik\u00f5rgus muudetavV\u00f5imalik kasutada igalpoolKvaliteetne madrats Aeromoovi reisivoodit\u00a0on v\u00f5imalik \u00fcles seada ja kokku panna vaid sekunditega.Aeromoov reisivoodi alla 5kgAeromoov reisivoodi kaalub veidi v\u00e4hem kui 5kg.Enam ei pea te suurt ja [&hellip;]<\/p>\n","protected":false},"featured_media":105979,"template":"","meta":{"_acf_changed":false},"pwb-brand":[11965],"product_brand":[],"product_cat":[11569,11553,11789],"product_tag":[],"class_list":{"0":"post-456190","1":"product","2":"type-product","3":"status-publish","4":"has-post-thumbnail","6":"pwb-brand-aeromoov-ru","7":"product_cat-reisivoodid-ru","8":"product_cat-beebivoodid-reisivoodid-hallid-ru","9":"product_cat-lastemoobel-ja-sisustus-ru","10":"pa_manufacturer-aeromoov-ru","12":"first","13":"onbackorder","14":"taxable","15":"shipping-taxable","16":"purchasable","17":"product-type-simple"},"exclude_global_add_ons":[],"addons":[],"acf":[],"yoast_head":"<!-- This site is optimized with the Yoast SEO plugin v27.1.1 - https:\/\/yoast.com\/product\/yoast-seo-wordpress\/ -->\n<title>Aeromoov reisivoodi, Seashell Olive, \u0414\u0435\u0442\u0441\u043a\u0438e \u043a\u0440\u043e\u0432\u0430\u0442\u043a\u0438, \u043f\u0435\u0440\u0435\u043d\u043e\u0441\u043d\u044b\u0435 \u043a\u0440\u043e\u0432\u0430\u0442\u043a\u0438, \u043b\u044e\u043b\u044c\u043a\u0438, \u041f\u0435\u0440\u0435\u043d\u043e\u0441\u043d\u044b\u0435 \u043a\u0440\u043e\u0432\u0430\u0442\u043a\u0438, \u041d\u041e\u0412\u042b\u0415 \u0422\u041e\u0412\u0410\u0420\u042b, M\u0435\u0431\u0435\u043b\u044c, Beebipood<\/title>\n<meta name=\"description\" content=\"Aeromoov reisivoodi, Seashell Olive, Seda kerge kaaluga ja kompaktset reisivoodit on imelihtne endaga kaasa v&otilde;ttaning antud t\" \/>\n<meta name=\"robots\" content=\"index, follow, max-snippet:-1, max-image-preview:large, max-video-preview:-1\" \/>\n<link rel=\"canonical\" href=\"https:\/\/beebipood.ee\/ru\/produkt\/aeromoov-reisivoodi-seashell-olive\/\" \/>\n<meta property=\"og:locale\" content=\"ru_RU\" \/>\n<meta property=\"og:type\" content=\"article\" \/>\n<meta property=\"og:title\" content=\"Aeromoov reisivoodi, Seashell Olive, \u0414\u0435\u0442\u0441\u043a\u0438e \u043a\u0440\u043e\u0432\u0430\u0442\u043a\u0438, \u043f\u0435\u0440\u0435\u043d\u043e\u0441\u043d\u044b\u0435 \u043a\u0440\u043e\u0432\u0430\u0442\u043a\u0438, \u043b\u044e\u043b\u044c\u043a\u0438, \u041f\u0435\u0440\u0435\u043d\u043e\u0441\u043d\u044b\u0435 \u043a\u0440\u043e\u0432\u0430\u0442\u043a\u0438, \u041d\u041e\u0412\u042b\u0415 \u0422\u041e\u0412\u0410\u0420\u042b, M\u0435\u0431\u0435\u043b\u044c, Beebipood\" \/>\n<meta property=\"og:description\" content=\"Aeromoov reisivoodi, Seashell Olive, Seda kerge kaaluga ja kompaktset reisivoodit on imelihtne endaga kaasa v&otilde;ttaning antud t\" \/>\n<meta property=\"og:url\" content=\"https:\/\/beebipood.ee\/ru\/produkt\/aeromoov-reisivoodi-seashell-olive\/\" \/>\n<meta property=\"og:site_name\" content=\"Beebipood\" \/>\n<meta property=\"article:modified_time\" content=\"2025-01-09T08:50:49+00:00\" \/>\n<meta property=\"og:image\" content=\"https:\/\/beebipood.ee\/wp-content\/uploads\/2015\/03\/Aeromoov-reisivoodi-Seashell-Olive-Beebivoodid-reisivoodid-hallid-Reisivoodid-Lastemoobel-ja-sisustus_1-1a5.jpg\" \/>\n\t<meta property=\"og:image:width\" content=\"1200\" \/>\n\t<meta property=\"og:image:height\" content=\"1200\" \/>\n\t<meta property=\"og:image:type\" content=\"image\/jpeg\" \/>\n<meta name=\"twitter:card\" content=\"summary_large_image\" \/>\n<meta name=\"twitter:label1\" content=\"\u041f\u0440\u0438\u043c\u0435\u0440\u043d\u043e\u0435 \u0432\u0440\u0435\u043c\u044f \u0434\u043b\u044f \u0447\u0442\u0435\u043d\u0438\u044f\" \/>\n\t<meta name=\"twitter:data1\" content=\"2 \u043c\u0438\u043d\u0443\u0442\u044b\" \/>\n<script type=\"application\/ld+json\" class=\"yoast-schema-graph\">{\"@context\":\"https:\/\/schema.org\",\"@graph\":[{\"@type\":\"WebPage\",\"@id\":\"https:\/\/beebipood.ee\/ru\/produkt\/aeromoov-reisivoodi-seashell-olive\/\",\"url\":\"https:\/\/beebipood.ee\/ru\/produkt\/aeromoov-reisivoodi-seashell-olive\/\",\"name\":\"Aeromoov reisivoodi, Seashell Olive, \u0414\u0435\u0442\u0441\u043a\u0438e \u043a\u0440\u043e\u0432\u0430\u0442\u043a\u0438, \u043f\u0435\u0440\u0435\u043d\u043e\u0441\u043d\u044b\u0435 \u043a\u0440\u043e\u0432\u0430\u0442\u043a\u0438, \u043b\u044e\u043b\u044c\u043a\u0438, \u041f\u0435\u0440\u0435\u043d\u043e\u0441\u043d\u044b\u0435 \u043a\u0440\u043e\u0432\u0430\u0442\u043a\u0438, \u041d\u041e\u0412\u042b\u0415 \u0422\u041e\u0412\u0410\u0420\u042b, M\u0435\u0431\u0435\u043b\u044c, Beebipood\",\"isPartOf\":{\"@id\":\"https:\/\/beebipood.ee\/ru\/#website\"},\"primaryImageOfPage\":{\"@id\":\"https:\/\/beebipood.ee\/ru\/produkt\/aeromoov-reisivoodi-seashell-olive\/#primaryimage\"},\"image\":{\"@id\":\"https:\/\/beebipood.ee\/ru\/produkt\/aeromoov-reisivoodi-seashell-olive\/#primaryimage\"},\"thumbnailUrl\":\"https:\/\/beebipood.ee\/wp-content\/uploads\/2015\/03\/Aeromoov-reisivoodi-Seashell-Olive-Beebivoodid-reisivoodid-hallid-Reisivoodid-Lastemoobel-ja-sisustus_1-1a5.jpg\",\"datePublished\":\"2015-03-12T08:09:39+00:00\",\"dateModified\":\"2025-01-09T08:50:49+00:00\",\"description\":\"Aeromoov reisivoodi, Seashell Olive, Seda kerge kaaluga ja kompaktset reisivoodit on imelihtne endaga kaasa v&otilde;ttaning antud t\",\"breadcrumb\":{\"@id\":\"https:\/\/beebipood.ee\/ru\/produkt\/aeromoov-reisivoodi-seashell-olive\/#breadcrumb\"},\"inLanguage\":\"ru-RU\",\"potentialAction\":[{\"@type\":\"ReadAction\",\"target\":[\"https:\/\/beebipood.ee\/ru\/produkt\/aeromoov-reisivoodi-seashell-olive\/\"]}]},{\"@type\":\"ImageObject\",\"inLanguage\":\"ru-RU\",\"@id\":\"https:\/\/beebipood.ee\/ru\/produkt\/aeromoov-reisivoodi-seashell-olive\/#primaryimage\",\"url\":\"https:\/\/beebipood.ee\/wp-content\/uploads\/2015\/03\/Aeromoov-reisivoodi-Seashell-Olive-Beebivoodid-reisivoodid-hallid-Reisivoodid-Lastemoobel-ja-sisustus_1-1a5.jpg\",\"contentUrl\":\"https:\/\/beebipood.ee\/wp-content\/uploads\/2015\/03\/Aeromoov-reisivoodi-Seashell-Olive-Beebivoodid-reisivoodid-hallid-Reisivoodid-Lastemoobel-ja-sisustus_1-1a5.jpg\",\"width\":1200,\"height\":1200},{\"@type\":\"BreadcrumbList\",\"@id\":\"https:\/\/beebipood.ee\/ru\/produkt\/aeromoov-reisivoodi-seashell-olive\/#breadcrumb\",\"itemListElement\":[{\"@type\":\"ListItem\",\"position\":1,\"name\":\"Home\",\"item\":\"https:\/\/beebipood.ee\/ru\/\"},{\"@type\":\"ListItem\",\"position\":2,\"name\":\"\u041a\u0430\u0442\u0430\u043b\u043e\u0433 \u0442\u043e\u0432\u0430\u0440\u043e\u0432\",\"item\":\"https:\/\/beebipood.ee\/tooted\/\"},{\"@type\":\"ListItem\",\"position\":3,\"name\":\"Aeromoov reisivoodi, Seashell Olive\"}]},{\"@type\":\"WebSite\",\"@id\":\"https:\/\/beebipood.ee\/ru\/#website\",\"url\":\"https:\/\/beebipood.ee\/ru\/\",\"name\":\"Beebipood\",\"description\":\"Lastekaubad, beebikaubad, m\u00e4nguasjad\",\"publisher\":{\"@id\":\"https:\/\/beebipood.ee\/ru\/#organization\"},\"potentialAction\":[{\"@type\":\"SearchAction\",\"target\":{\"@type\":\"EntryPoint\",\"urlTemplate\":\"https:\/\/beebipood.ee\/ru\/?s={search_term_string}\"},\"query-input\":{\"@type\":\"PropertyValueSpecification\",\"valueRequired\":true,\"valueName\":\"search_term_string\"}}],\"inLanguage\":\"ru-RU\"},{\"@type\":\"Organization\",\"@id\":\"https:\/\/beebipood.ee\/ru\/#organization\",\"name\":\"Beebipood\",\"url\":\"https:\/\/beebipood.ee\/ru\/\",\"logo\":{\"@type\":\"ImageObject\",\"inLanguage\":\"ru-RU\",\"@id\":\"https:\/\/beebipood.ee\/ru\/#\/schema\/logo\/image\/\",\"url\":\"https:\/\/beebipood.ee\/wp-content\/uploads\/2025\/03\/beebipood.ee-logo-1.svg\",\"contentUrl\":\"https:\/\/beebipood.ee\/wp-content\/uploads\/2025\/03\/beebipood.ee-logo-1.svg\",\"caption\":\"Beebipood\"},\"image\":{\"@id\":\"https:\/\/beebipood.ee\/ru\/#\/schema\/logo\/image\/\"}}]}<\/script>\n<!-- \/ Yoast SEO plugin. -->","yoast_head_json":{"title":"Aeromoov reisivoodi, Seashell Olive, \u0414\u0435\u0442\u0441\u043a\u0438e \u043a\u0440\u043e\u0432\u0430\u0442\u043a\u0438, \u043f\u0435\u0440\u0435\u043d\u043e\u0441\u043d\u044b\u0435 \u043a\u0440\u043e\u0432\u0430\u0442\u043a\u0438, \u043b\u044e\u043b\u044c\u043a\u0438, \u041f\u0435\u0440\u0435\u043d\u043e\u0441\u043d\u044b\u0435 \u043a\u0440\u043e\u0432\u0430\u0442\u043a\u0438, \u041d\u041e\u0412\u042b\u0415 \u0422\u041e\u0412\u0410\u0420\u042b, M\u0435\u0431\u0435\u043b\u044c, Beebipood","description":"Aeromoov reisivoodi, Seashell Olive, Seda kerge kaaluga ja kompaktset reisivoodit on imelihtne endaga kaasa v&otilde;ttaning antud t","robots":{"index":"index","follow":"follow","max-snippet":"max-snippet:-1","max-image-preview":"max-image-preview:large","max-video-preview":"max-video-preview:-1"},"canonical":"https:\/\/beebipood.ee\/ru\/produkt\/aeromoov-reisivoodi-seashell-olive\/","og_locale":"ru_RU","og_type":"article","og_title":"Aeromoov reisivoodi, Seashell Olive, \u0414\u0435\u0442\u0441\u043a\u0438e \u043a\u0440\u043e\u0432\u0430\u0442\u043a\u0438, \u043f\u0435\u0440\u0435\u043d\u043e\u0441\u043d\u044b\u0435 \u043a\u0440\u043e\u0432\u0430\u0442\u043a\u0438, \u043b\u044e\u043b\u044c\u043a\u0438, \u041f\u0435\u0440\u0435\u043d\u043e\u0441\u043d\u044b\u0435 \u043a\u0440\u043e\u0432\u0430\u0442\u043a\u0438, \u041d\u041e\u0412\u042b\u0415 \u0422\u041e\u0412\u0410\u0420\u042b, M\u0435\u0431\u0435\u043b\u044c, Beebipood","og_description":"Aeromoov reisivoodi, Seashell Olive, Seda kerge kaaluga ja kompaktset reisivoodit on imelihtne endaga kaasa v&otilde;ttaning antud t","og_url":"https:\/\/beebipood.ee\/ru\/produkt\/aeromoov-reisivoodi-seashell-olive\/","og_site_name":"Beebipood","article_modified_time":"2025-01-09T08:50:49+00:00","og_image":[{"width":1200,"height":1200,"url":"https:\/\/beebipood.ee\/wp-content\/uploads\/2015\/03\/Aeromoov-reisivoodi-Seashell-Olive-Beebivoodid-reisivoodid-hallid-Reisivoodid-Lastemoobel-ja-sisustus_1-1a5.jpg","type":"image\/jpeg"}],"twitter_card":"summary_large_image","twitter_misc":{"\u041f\u0440\u0438\u043c\u0435\u0440\u043d\u043e\u0435 \u0432\u0440\u0435\u043c\u044f \u0434\u043b\u044f \u0447\u0442\u0435\u043d\u0438\u044f":"2 \u043c\u0438\u043d\u0443\u0442\u044b"},"schema":{"@context":"https:\/\/schema.org","@graph":[{"@type":"WebPage","@id":"https:\/\/beebipood.ee\/ru\/produkt\/aeromoov-reisivoodi-seashell-olive\/","url":"https:\/\/beebipood.ee\/ru\/produkt\/aeromoov-reisivoodi-seashell-olive\/","name":"Aeromoov reisivoodi, Seashell Olive, \u0414\u0435\u0442\u0441\u043a\u0438e \u043a\u0440\u043e\u0432\u0430\u0442\u043a\u0438, \u043f\u0435\u0440\u0435\u043d\u043e\u0441\u043d\u044b\u0435 \u043a\u0440\u043e\u0432\u0430\u0442\u043a\u0438, \u043b\u044e\u043b\u044c\u043a\u0438, \u041f\u0435\u0440\u0435\u043d\u043e\u0441\u043d\u044b\u0435 \u043a\u0440\u043e\u0432\u0430\u0442\u043a\u0438, \u041d\u041e\u0412\u042b\u0415 \u0422\u041e\u0412\u0410\u0420\u042b, M\u0435\u0431\u0435\u043b\u044c, Beebipood","isPartOf":{"@id":"https:\/\/beebipood.ee\/ru\/#website"},"primaryImageOfPage":{"@id":"https:\/\/beebipood.ee\/ru\/produkt\/aeromoov-reisivoodi-seashell-olive\/#primaryimage"},"image":{"@id":"https:\/\/beebipood.ee\/ru\/produkt\/aeromoov-reisivoodi-seashell-olive\/#primaryimage"},"thumbnailUrl":"https:\/\/beebipood.ee\/wp-content\/uploads\/2015\/03\/Aeromoov-reisivoodi-Seashell-Olive-Beebivoodid-reisivoodid-hallid-Reisivoodid-Lastemoobel-ja-sisustus_1-1a5.jpg","datePublished":"2015-03-12T08:09:39+00:00","dateModified":"2025-01-09T08:50:49+00:00","description":"Aeromoov reisivoodi, Seashell Olive, Seda kerge kaaluga ja kompaktset reisivoodit on imelihtne endaga kaasa v&otilde;ttaning antud t","breadcrumb":{"@id":"https:\/\/beebipood.ee\/ru\/produkt\/aeromoov-reisivoodi-seashell-olive\/#breadcrumb"},"inLanguage":"ru-RU","potentialAction":[{"@type":"ReadAction","target":["https:\/\/beebipood.ee\/ru\/produkt\/aeromoov-reisivoodi-seashell-olive\/"]}]},{"@type":"ImageObject","inLanguage":"ru-RU","@id":"https:\/\/beebipood.ee\/ru\/produkt\/aeromoov-reisivoodi-seashell-olive\/#primaryimage","url":"https:\/\/beebipood.ee\/wp-content\/uploads\/2015\/03\/Aeromoov-reisivoodi-Seashell-Olive-Beebivoodid-reisivoodid-hallid-Reisivoodid-Lastemoobel-ja-sisustus_1-1a5.jpg","contentUrl":"https:\/\/beebipood.ee\/wp-content\/uploads\/2015\/03\/Aeromoov-reisivoodi-Seashell-Olive-Beebivoodid-reisivoodid-hallid-Reisivoodid-Lastemoobel-ja-sisustus_1-1a5.jpg","width":1200,"height":1200},{"@type":"BreadcrumbList","@id":"https:\/\/beebipood.ee\/ru\/produkt\/aeromoov-reisivoodi-seashell-olive\/#breadcrumb","itemListElement":[{"@type":"ListItem","position":1,"name":"Home","item":"https:\/\/beebipood.ee\/ru\/"},{"@type":"ListItem","position":2,"name":"\u041a\u0430\u0442\u0430\u043b\u043e\u0433 \u0442\u043e\u0432\u0430\u0440\u043e\u0432","item":"https:\/\/beebipood.ee\/tooted\/"},{"@type":"ListItem","position":3,"name":"Aeromoov reisivoodi, Seashell Olive"}]},{"@type":"WebSite","@id":"https:\/\/beebipood.ee\/ru\/#website","url":"https:\/\/beebipood.ee\/ru\/","name":"Beebipood","description":"Lastekaubad, beebikaubad, m\u00e4nguasjad","publisher":{"@id":"https:\/\/beebipood.ee\/ru\/#organization"},"potentialAction":[{"@type":"SearchAction","target":{"@type":"EntryPoint","urlTemplate":"https:\/\/beebipood.ee\/ru\/?s={search_term_string}"},"query-input":{"@type":"PropertyValueSpecification","valueRequired":true,"valueName":"search_term_string"}}],"inLanguage":"ru-RU"},{"@type":"Organization","@id":"https:\/\/beebipood.ee\/ru\/#organization","name":"Beebipood","url":"https:\/\/beebipood.ee\/ru\/","logo":{"@type":"ImageObject","inLanguage":"ru-RU","@id":"https:\/\/beebipood.ee\/ru\/#\/schema\/logo\/image\/","url":"https:\/\/beebipood.ee\/wp-content\/uploads\/2025\/03\/beebipood.ee-logo-1.svg","contentUrl":"https:\/\/beebipood.ee\/wp-content\/uploads\/2025\/03\/beebipood.ee-logo-1.svg","caption":"Beebipood"},"image":{"@id":"https:\/\/beebipood.ee\/ru\/#\/schema\/logo\/image\/"}}]}},"brands":[{"id":11965,"name":"AeroMoov","slug":"aeromoov-ru"}],"_links":{"self":[{"href":"https:\/\/beebipood.ee\/ru\/wp-json\/wp\/v2\/product\/456190","targetHints":{"allow":["GET"]}}],"collection":[{"href":"https:\/\/beebipood.ee\/ru\/wp-json\/wp\/v2\/product"}],"about":[{"href":"https:\/\/beebipood.ee\/ru\/wp-json\/wp\/v2\/types\/product"}],"wp:featuredmedia":[{"embeddable":true,"href":"https:\/\/beebipood.ee\/ru\/wp-json\/wp\/v2\/media\/105979"}],"wp:attachment":[{"href":"https:\/\/beebipood.ee\/ru\/wp-json\/wp\/v2\/media?parent=456190"}],"wp:term":[{"taxonomy":"pwb-brand","embeddable":true,"href":"https:\/\/beebipood.ee\/ru\/wp-json\/wp\/v2\/pwb-brand?post=456190"},{"taxonomy":"product_brand","embeddable":true,"href":"https:\/\/beebipood.ee\/ru\/wp-json\/wp\/v2\/product_brand?post=456190"},{"taxonomy":"product_cat","embeddable":true,"href":"https:\/\/beebipood.ee\/ru\/wp-json\/wp\/v2\/product_cat?post=456190"},{"taxonomy":"product_tag","embeddable":true,"href":"https:\/\/beebipood.ee\/ru\/wp-json\/wp\/v2\/product_tag?post=456190"}],"curies":[{"name":"wp","href":"https:\/\/api.w.org\/{rel}","templated":true}]}}