{"id":456192,"date":"2015-03-19T07:22:11","date_gmt":"2015-03-19T05:22:11","guid":{"rendered":"https:\/\/beebipood.ee\/toode\/thule-urban-glide-toidukandik\/"},"modified":"2025-01-09T10:50:49","modified_gmt":"2025-01-09T08:50:49","slug":"thule-urban-glide-toidukandik","status":"publish","type":"product","link":"https:\/\/beebipood.ee\/ru\/produkt\/thule-urban-glide-toidukandik\/","title":{"rendered":"Thule Urban Glide toidukandik"},"content":{"rendered":"<p>Saate oma Thule spordik\u00e4rule lisada toidualuse koos topsihoidikuga. <br \/>Sobib sn\u00e4kkide ja jookide jaoks<br \/>Eine on mugavalt k\u00e4eulatuses<br \/>P\u00f6\u00f6ratav lapse h\u00f5lpsaks sissepanemiseks\/v\u00e4ljav\u00f5tmiseks<br \/>Valmistatud mittem\u00fcrgistest ftalaadivabadest materjalidest<br \/>H\u00f5lpsasti puhastatav pind<\/p>\n","protected":false},"excerpt":{"rendered":"<p>Saate oma Thule spordik\u00e4rule lisada toidualuse koos topsihoidikuga. Sobib sn\u00e4kkide ja jookide jaoksEine on mugavalt k\u00e4eulatusesP\u00f6\u00f6ratav lapse h\u00f5lpsaks sissepanemiseks\/v\u00e4ljav\u00f5tmiseksValmistatud mittem\u00fcrgistest ftalaadivabadest materjalidestH\u00f5lpsasti puhastatav pind<\/p>\n","protected":false},"featured_media":105998,"template":"","meta":{"_acf_changed":false},"pwb-brand":[11980],"product_brand":[],"product_cat":[11847,11573,11795,11725,11717,11793],"product_tag":[],"class_list":{"0":"post-456192","1":"product","2":"type-product","3":"status-publish","4":"has-post-thumbnail","6":"pwb-brand-thule-ru","7":"product_cat-thule-ru","8":"product_cat-sooduspakkumised-ru","9":"product_cat-ladu-tuhjaks-ru","10":"product_cat-lisatarvikud-ru","11":"product_cat-lastevankrid-ja-karud-ru","12":"product_cat-laos-ru","13":"pa_manufacturer-thule-ru","15":"first","16":"instock","17":"sale","18":"taxable","19":"shipping-taxable","20":"purchasable","21":"product-type-simple"},"exclude_global_add_ons":[],"addons":[],"acf":[],"yoast_head":"<!-- This site is optimized with the Yoast SEO plugin v27.1.1 - https:\/\/yoast.com\/product\/yoast-seo-wordpress\/ -->\n<title>Thule Urban Glide toidukandik, \u0421\u041a\u0418\u0414\u041a\u0418, \u041a\u043e\u043b\u044f\u0441\u043a\u0438, \u041f\u0440\u0438\u043d\u0430\u0434\u043b\u0435\u0436\u043d\u043e\u0441\u0442\u0438, Ha c\u043a\u043b\u0430\u0434\u0435, Ladu t\u00fchjaks, Thule Urban Glide 2, THULE, Beebipood<\/title>\n<meta name=\"description\" content=\"Thule Urban Glide toidukandik, Saate oma Thule spordik&auml;rule lisada toidualuse koos topsihoidikuga. Sobib sn&auml;kkide ja jookide jaoksEine\" \/>\n<meta name=\"robots\" content=\"index, follow, max-snippet:-1, max-image-preview:large, max-video-preview:-1\" \/>\n<link rel=\"canonical\" href=\"https:\/\/beebipood.ee\/ru\/produkt\/thule-urban-glide-toidukandik\/\" \/>\n<meta property=\"og:locale\" content=\"ru_RU\" \/>\n<meta property=\"og:type\" content=\"article\" \/>\n<meta property=\"og:title\" content=\"Thule Urban Glide toidukandik, \u0421\u041a\u0418\u0414\u041a\u0418, \u041a\u043e\u043b\u044f\u0441\u043a\u0438, \u041f\u0440\u0438\u043d\u0430\u0434\u043b\u0435\u0436\u043d\u043e\u0441\u0442\u0438, Ha c\u043a\u043b\u0430\u0434\u0435, Ladu t\u00fchjaks, Thule Urban Glide 2, THULE, Beebipood\" \/>\n<meta property=\"og:description\" content=\"Thule Urban Glide toidukandik, Saate oma Thule spordik&auml;rule lisada toidualuse koos topsihoidikuga. Sobib sn&auml;kkide ja jookide jaoksEine\" \/>\n<meta property=\"og:url\" content=\"https:\/\/beebipood.ee\/ru\/produkt\/thule-urban-glide-toidukandik\/\" \/>\n<meta property=\"og:site_name\" content=\"Beebipood\" \/>\n<meta property=\"article:modified_time\" content=\"2025-01-09T08:50:49+00:00\" \/>\n<meta property=\"og:image\" content=\"https:\/\/beebipood.ee\/wp-content\/uploads\/2015\/03\/Thule-Urban-Glide-toidukandik-UUED-TOOTED-Lastevankrid-ja-karud-Lisavarustus-_2-8ac.jpg\" \/>\n\t<meta property=\"og:image:width\" content=\"992\" \/>\n\t<meta property=\"og:image:height\" content=\"907\" \/>\n\t<meta property=\"og:image:type\" content=\"image\/jpeg\" \/>\n<meta name=\"twitter:card\" content=\"summary_large_image\" \/>\n<script type=\"application\/ld+json\" class=\"yoast-schema-graph\">{\"@context\":\"https:\/\/schema.org\",\"@graph\":[{\"@type\":\"WebPage\",\"@id\":\"https:\/\/beebipood.ee\/ru\/produkt\/thule-urban-glide-toidukandik\/\",\"url\":\"https:\/\/beebipood.ee\/ru\/produkt\/thule-urban-glide-toidukandik\/\",\"name\":\"Thule Urban Glide toidukandik, \u0421\u041a\u0418\u0414\u041a\u0418, \u041a\u043e\u043b\u044f\u0441\u043a\u0438, \u041f\u0440\u0438\u043d\u0430\u0434\u043b\u0435\u0436\u043d\u043e\u0441\u0442\u0438, Ha c\u043a\u043b\u0430\u0434\u0435, Ladu t\u00fchjaks, Thule Urban Glide 2, THULE, Beebipood\",\"isPartOf\":{\"@id\":\"https:\/\/beebipood.ee\/ru\/#website\"},\"primaryImageOfPage\":{\"@id\":\"https:\/\/beebipood.ee\/ru\/produkt\/thule-urban-glide-toidukandik\/#primaryimage\"},\"image\":{\"@id\":\"https:\/\/beebipood.ee\/ru\/produkt\/thule-urban-glide-toidukandik\/#primaryimage\"},\"thumbnailUrl\":\"https:\/\/beebipood.ee\/wp-content\/uploads\/2015\/03\/Thule-Urban-Glide-toidukandik-UUED-TOOTED-Lastevankrid-ja-karud-Lisavarustus-_2-8ac.jpg\",\"datePublished\":\"2015-03-19T05:22:11+00:00\",\"dateModified\":\"2025-01-09T08:50:49+00:00\",\"description\":\"Thule Urban Glide toidukandik, Saate oma Thule spordik&auml;rule lisada toidualuse koos topsihoidikuga. Sobib sn&auml;kkide ja jookide jaoksEine\",\"breadcrumb\":{\"@id\":\"https:\/\/beebipood.ee\/ru\/produkt\/thule-urban-glide-toidukandik\/#breadcrumb\"},\"inLanguage\":\"ru-RU\",\"potentialAction\":[{\"@type\":\"ReadAction\",\"target\":[\"https:\/\/beebipood.ee\/ru\/produkt\/thule-urban-glide-toidukandik\/\"]}]},{\"@type\":\"ImageObject\",\"inLanguage\":\"ru-RU\",\"@id\":\"https:\/\/beebipood.ee\/ru\/produkt\/thule-urban-glide-toidukandik\/#primaryimage\",\"url\":\"https:\/\/beebipood.ee\/wp-content\/uploads\/2015\/03\/Thule-Urban-Glide-toidukandik-UUED-TOOTED-Lastevankrid-ja-karud-Lisavarustus-_2-8ac.jpg\",\"contentUrl\":\"https:\/\/beebipood.ee\/wp-content\/uploads\/2015\/03\/Thule-Urban-Glide-toidukandik-UUED-TOOTED-Lastevankrid-ja-karud-Lisavarustus-_2-8ac.jpg\",\"width\":992,\"height\":907},{\"@type\":\"BreadcrumbList\",\"@id\":\"https:\/\/beebipood.ee\/ru\/produkt\/thule-urban-glide-toidukandik\/#breadcrumb\",\"itemListElement\":[{\"@type\":\"ListItem\",\"position\":1,\"name\":\"Home\",\"item\":\"https:\/\/beebipood.ee\/ru\/\"},{\"@type\":\"ListItem\",\"position\":2,\"name\":\"\u041a\u0430\u0442\u0430\u043b\u043e\u0433 \u0442\u043e\u0432\u0430\u0440\u043e\u0432\",\"item\":\"https:\/\/beebipood.ee\/tooted\/\"},{\"@type\":\"ListItem\",\"position\":3,\"name\":\"Thule Urban Glide toidukandik\"}]},{\"@type\":\"WebSite\",\"@id\":\"https:\/\/beebipood.ee\/ru\/#website\",\"url\":\"https:\/\/beebipood.ee\/ru\/\",\"name\":\"Beebipood\",\"description\":\"Lastekaubad, beebikaubad, m\u00e4nguasjad\",\"publisher\":{\"@id\":\"https:\/\/beebipood.ee\/ru\/#organization\"},\"potentialAction\":[{\"@type\":\"SearchAction\",\"target\":{\"@type\":\"EntryPoint\",\"urlTemplate\":\"https:\/\/beebipood.ee\/ru\/?s={search_term_string}\"},\"query-input\":{\"@type\":\"PropertyValueSpecification\",\"valueRequired\":true,\"valueName\":\"search_term_string\"}}],\"inLanguage\":\"ru-RU\"},{\"@type\":\"Organization\",\"@id\":\"https:\/\/beebipood.ee\/ru\/#organization\",\"name\":\"Beebipood\",\"url\":\"https:\/\/beebipood.ee\/ru\/\",\"logo\":{\"@type\":\"ImageObject\",\"inLanguage\":\"ru-RU\",\"@id\":\"https:\/\/beebipood.ee\/ru\/#\/schema\/logo\/image\/\",\"url\":\"https:\/\/beebipood.ee\/wp-content\/uploads\/2025\/03\/beebipood.ee-logo-1.svg\",\"contentUrl\":\"https:\/\/beebipood.ee\/wp-content\/uploads\/2025\/03\/beebipood.ee-logo-1.svg\",\"caption\":\"Beebipood\"},\"image\":{\"@id\":\"https:\/\/beebipood.ee\/ru\/#\/schema\/logo\/image\/\"}}]}<\/script>\n<!-- \/ Yoast SEO plugin. -->","yoast_head_json":{"title":"Thule Urban Glide toidukandik, \u0421\u041a\u0418\u0414\u041a\u0418, \u041a\u043e\u043b\u044f\u0441\u043a\u0438, \u041f\u0440\u0438\u043d\u0430\u0434\u043b\u0435\u0436\u043d\u043e\u0441\u0442\u0438, Ha c\u043a\u043b\u0430\u0434\u0435, Ladu t\u00fchjaks, Thule Urban Glide 2, THULE, Beebipood","description":"Thule Urban Glide toidukandik, Saate oma Thule spordik&auml;rule lisada toidualuse koos topsihoidikuga. Sobib sn&auml;kkide ja jookide jaoksEine","robots":{"index":"index","follow":"follow","max-snippet":"max-snippet:-1","max-image-preview":"max-image-preview:large","max-video-preview":"max-video-preview:-1"},"canonical":"https:\/\/beebipood.ee\/ru\/produkt\/thule-urban-glide-toidukandik\/","og_locale":"ru_RU","og_type":"article","og_title":"Thule Urban Glide toidukandik, \u0421\u041a\u0418\u0414\u041a\u0418, \u041a\u043e\u043b\u044f\u0441\u043a\u0438, \u041f\u0440\u0438\u043d\u0430\u0434\u043b\u0435\u0436\u043d\u043e\u0441\u0442\u0438, Ha c\u043a\u043b\u0430\u0434\u0435, Ladu t\u00fchjaks, Thule Urban Glide 2, THULE, Beebipood","og_description":"Thule Urban Glide toidukandik, Saate oma Thule spordik&auml;rule lisada toidualuse koos topsihoidikuga. Sobib sn&auml;kkide ja jookide jaoksEine","og_url":"https:\/\/beebipood.ee\/ru\/produkt\/thule-urban-glide-toidukandik\/","og_site_name":"Beebipood","article_modified_time":"2025-01-09T08:50:49+00:00","og_image":[{"width":992,"height":907,"url":"https:\/\/beebipood.ee\/wp-content\/uploads\/2015\/03\/Thule-Urban-Glide-toidukandik-UUED-TOOTED-Lastevankrid-ja-karud-Lisavarustus-_2-8ac.jpg","type":"image\/jpeg"}],"twitter_card":"summary_large_image","schema":{"@context":"https:\/\/schema.org","@graph":[{"@type":"WebPage","@id":"https:\/\/beebipood.ee\/ru\/produkt\/thule-urban-glide-toidukandik\/","url":"https:\/\/beebipood.ee\/ru\/produkt\/thule-urban-glide-toidukandik\/","name":"Thule Urban Glide toidukandik, \u0421\u041a\u0418\u0414\u041a\u0418, \u041a\u043e\u043b\u044f\u0441\u043a\u0438, \u041f\u0440\u0438\u043d\u0430\u0434\u043b\u0435\u0436\u043d\u043e\u0441\u0442\u0438, Ha c\u043a\u043b\u0430\u0434\u0435, Ladu t\u00fchjaks, Thule Urban Glide 2, THULE, Beebipood","isPartOf":{"@id":"https:\/\/beebipood.ee\/ru\/#website"},"primaryImageOfPage":{"@id":"https:\/\/beebipood.ee\/ru\/produkt\/thule-urban-glide-toidukandik\/#primaryimage"},"image":{"@id":"https:\/\/beebipood.ee\/ru\/produkt\/thule-urban-glide-toidukandik\/#primaryimage"},"thumbnailUrl":"https:\/\/beebipood.ee\/wp-content\/uploads\/2015\/03\/Thule-Urban-Glide-toidukandik-UUED-TOOTED-Lastevankrid-ja-karud-Lisavarustus-_2-8ac.jpg","datePublished":"2015-03-19T05:22:11+00:00","dateModified":"2025-01-09T08:50:49+00:00","description":"Thule Urban Glide toidukandik, Saate oma Thule spordik&auml;rule lisada toidualuse koos topsihoidikuga. Sobib sn&auml;kkide ja jookide jaoksEine","breadcrumb":{"@id":"https:\/\/beebipood.ee\/ru\/produkt\/thule-urban-glide-toidukandik\/#breadcrumb"},"inLanguage":"ru-RU","potentialAction":[{"@type":"ReadAction","target":["https:\/\/beebipood.ee\/ru\/produkt\/thule-urban-glide-toidukandik\/"]}]},{"@type":"ImageObject","inLanguage":"ru-RU","@id":"https:\/\/beebipood.ee\/ru\/produkt\/thule-urban-glide-toidukandik\/#primaryimage","url":"https:\/\/beebipood.ee\/wp-content\/uploads\/2015\/03\/Thule-Urban-Glide-toidukandik-UUED-TOOTED-Lastevankrid-ja-karud-Lisavarustus-_2-8ac.jpg","contentUrl":"https:\/\/beebipood.ee\/wp-content\/uploads\/2015\/03\/Thule-Urban-Glide-toidukandik-UUED-TOOTED-Lastevankrid-ja-karud-Lisavarustus-_2-8ac.jpg","width":992,"height":907},{"@type":"BreadcrumbList","@id":"https:\/\/beebipood.ee\/ru\/produkt\/thule-urban-glide-toidukandik\/#breadcrumb","itemListElement":[{"@type":"ListItem","position":1,"name":"Home","item":"https:\/\/beebipood.ee\/ru\/"},{"@type":"ListItem","position":2,"name":"\u041a\u0430\u0442\u0430\u043b\u043e\u0433 \u0442\u043e\u0432\u0430\u0440\u043e\u0432","item":"https:\/\/beebipood.ee\/tooted\/"},{"@type":"ListItem","position":3,"name":"Thule Urban Glide toidukandik"}]},{"@type":"WebSite","@id":"https:\/\/beebipood.ee\/ru\/#website","url":"https:\/\/beebipood.ee\/ru\/","name":"Beebipood","description":"Lastekaubad, beebikaubad, m\u00e4nguasjad","publisher":{"@id":"https:\/\/beebipood.ee\/ru\/#organization"},"potentialAction":[{"@type":"SearchAction","target":{"@type":"EntryPoint","urlTemplate":"https:\/\/beebipood.ee\/ru\/?s={search_term_string}"},"query-input":{"@type":"PropertyValueSpecification","valueRequired":true,"valueName":"search_term_string"}}],"inLanguage":"ru-RU"},{"@type":"Organization","@id":"https:\/\/beebipood.ee\/ru\/#organization","name":"Beebipood","url":"https:\/\/beebipood.ee\/ru\/","logo":{"@type":"ImageObject","inLanguage":"ru-RU","@id":"https:\/\/beebipood.ee\/ru\/#\/schema\/logo\/image\/","url":"https:\/\/beebipood.ee\/wp-content\/uploads\/2025\/03\/beebipood.ee-logo-1.svg","contentUrl":"https:\/\/beebipood.ee\/wp-content\/uploads\/2025\/03\/beebipood.ee-logo-1.svg","caption":"Beebipood"},"image":{"@id":"https:\/\/beebipood.ee\/ru\/#\/schema\/logo\/image\/"}}]}},"brands":[{"id":11980,"name":"THULE","slug":"thule-ru"}],"_links":{"self":[{"href":"https:\/\/beebipood.ee\/ru\/wp-json\/wp\/v2\/product\/456192","targetHints":{"allow":["GET"]}}],"collection":[{"href":"https:\/\/beebipood.ee\/ru\/wp-json\/wp\/v2\/product"}],"about":[{"href":"https:\/\/beebipood.ee\/ru\/wp-json\/wp\/v2\/types\/product"}],"wp:featuredmedia":[{"embeddable":true,"href":"https:\/\/beebipood.ee\/ru\/wp-json\/wp\/v2\/media\/105998"}],"wp:attachment":[{"href":"https:\/\/beebipood.ee\/ru\/wp-json\/wp\/v2\/media?parent=456192"}],"wp:term":[{"taxonomy":"pwb-brand","embeddable":true,"href":"https:\/\/beebipood.ee\/ru\/wp-json\/wp\/v2\/pwb-brand?post=456192"},{"taxonomy":"product_brand","embeddable":true,"href":"https:\/\/beebipood.ee\/ru\/wp-json\/wp\/v2\/product_brand?post=456192"},{"taxonomy":"product_cat","embeddable":true,"href":"https:\/\/beebipood.ee\/ru\/wp-json\/wp\/v2\/product_cat?post=456192"},{"taxonomy":"product_tag","embeddable":true,"href":"https:\/\/beebipood.ee\/ru\/wp-json\/wp\/v2\/product_tag?post=456192"}],"curies":[{"name":"wp","href":"https:\/\/api.w.org\/{rel}","templated":true}]}}