{"id":456194,"date":"2015-03-20T08:31:23","date_gmt":"2015-03-20T06:31:23","guid":{"rendered":"https:\/\/beebipood.ee\/toode\/lastevoodi-lili-90x200-grafiit\/"},"modified":"2025-03-05T07:10:49","modified_gmt":"2025-03-05T05:10:49","slug":"lastevoodi-lili-90x200-grafiit","status":"publish","type":"product","link":"https:\/\/beebipood.ee\/ru\/produkt\/lastevoodi-lili-90x200-grafiit\/","title":{"rendered":"Lastevoodi LILI 90&#215;200 grafiit"},"content":{"rendered":"<p>* funktsionaalne laste- ja noortevoodi mida saab t\u00e4nu turvapiirdele kasutada ka v\u00e4ikelaps<br \/> * <strong>komplekti<\/strong> kuulub: voodi, voodip\u00f5hi, turvapiire, voodikast ja poroloonmadrats m\u00f5\u00f5duga 7x90x200 cm<br \/> * valmistatud MDF&#8217;st ja m\u00e4nnipuidust\u00a0<br \/> * kvaliteetne ja vastupidav , lihtne kokku panna, kergesti puhastatav<br \/> * viimistluses on kasutatud \u00f6koloogiliselt puhtaid ja ohutuid v\u00e4rve<br \/>* m\u00f5eldes lapse ohutusele on voodi k\u00f5ik servad \u00fcmardatud<br \/>* voodikast liigub ratastel<\/p>\n","protected":false},"excerpt":{"rendered":"<p>* funktsionaalne laste- ja noortevoodi mida saab t\u00e4nu turvapiirdele kasutada ka v\u00e4ikelaps * komplekti kuulub: voodi, voodip\u00f5hi, turvapiire, voodikast ja poroloonmadrats m\u00f5\u00f5duga 7x90x200 cm * valmistatud MDF&#8217;st ja m\u00e4nnipuidust\u00a0 * kvaliteetne ja vastupidav , lihtne kokku panna, kergesti puhastatav * viimistluses on kasutatud \u00f6koloogiliselt puhtaid ja ohutuid v\u00e4rve* m\u00f5eldes lapse ohutusele on voodi k\u00f5ik servad [&hellip;]<\/p>\n","protected":false},"featured_media":106016,"template":"","meta":{"_acf_changed":false},"pwb-brand":[],"product_brand":[],"product_cat":[11588,11558,11788],"product_tag":[],"class_list":{"0":"post-456194","1":"product","2":"type-product","3":"status-publish","4":"has-post-thumbnail","6":"product_cat-80cm-laiused","7":"product_cat-laste-ja-noortevoodid","8":"product_cat-lastemoobel-ja-sisustus","10":"first","11":"onbackorder","12":"taxable","13":"shipping-taxable","14":"purchasable","15":"product-type-simple"},"exclude_global_add_ons":false,"addons":[{"name":"Vali v\u00e4rv","type":"multiple_choice","position":0,"required":true,"title_format":"heading","default":"","description_enable":false,"description":"","placeholder_enable":false,"placeholder":"","display":"images","restrictions_type":"any_text","adjust_price":false,"price":"","price_type":"flat_fee","restrictions":false,"min":"0","max":"0","options":[{"label":"valge","price":"","price_type":"quantity_based","image":501417,"visibility":true},{"label":"grafiit","price":"","price_type":"quantity_based","image":501419,"visibility":true}]}],"acf":[],"yoast_head":"<!-- This site is optimized with the Yoast SEO plugin v27.3 - https:\/\/yoast.com\/product\/yoast-seo-wordpress\/ -->\n<title>Lastevoodi LILI 90x200 grafiit, \u041a\u0440\u043e\u0432\u0430\u0442\u0438 \u0434\u043b\u044f \u0434\u0435\u0442\u0435\u0439 \u0438 \u043f\u043e\u0434\u0440\u043e\u0441\u0442\u043a\u043e\u0432, \u0428\u0438\u0440\u0438\u043d\u0430 80c\u043c, M\u0435\u0431\u0435\u043b\u044c, Beebipood<\/title>\n<meta name=\"description\" content=\"Lastevoodi LILI 90x200 grafiit, * funktsionaalne laste- ja noortevoodi mida saab t&auml;nu turvapiirdele kasutada ka v&auml;ikelaps * komplekti\" \/>\n<meta name=\"robots\" content=\"index, follow, max-snippet:-1, max-image-preview:large, max-video-preview:-1\" \/>\n<link rel=\"canonical\" href=\"https:\/\/beebipood.ee\/ru\/produkt\/lastevoodi-lili-90x200-grafiit\/\" \/>\n<meta property=\"og:locale\" content=\"ru_RU\" \/>\n<meta property=\"og:type\" content=\"article\" \/>\n<meta property=\"og:title\" content=\"Lastevoodi LILI 90x200 grafiit, \u041a\u0440\u043e\u0432\u0430\u0442\u0438 \u0434\u043b\u044f \u0434\u0435\u0442\u0435\u0439 \u0438 \u043f\u043e\u0434\u0440\u043e\u0441\u0442\u043a\u043e\u0432, \u0428\u0438\u0440\u0438\u043d\u0430 80c\u043c, M\u0435\u0431\u0435\u043b\u044c, Beebipood\" \/>\n<meta property=\"og:description\" content=\"Lastevoodi LILI 90x200 grafiit, * funktsionaalne laste- ja noortevoodi mida saab t&auml;nu turvapiirdele kasutada ka v&auml;ikelaps * komplekti\" \/>\n<meta property=\"og:url\" content=\"https:\/\/beebipood.ee\/ru\/produkt\/lastevoodi-lili-90x200-grafiit\/\" \/>\n<meta property=\"og:site_name\" content=\"Beebipood\" \/>\n<meta property=\"article:modified_time\" content=\"2025-03-05T05:10:49+00:00\" \/>\n<meta property=\"og:image\" content=\"https:\/\/beebipood.ee\/wp-content\/uploads\/2015\/03\/Lastevoodi-LILI-90x200-grafiit-Laste-ja-noortevoodid-80cm-laiused-Lastemoobel-ja-sisustus_1-956.jpg\" \/>\n\t<meta property=\"og:image:width\" content=\"1200\" \/>\n\t<meta property=\"og:image:height\" content=\"799\" \/>\n\t<meta property=\"og:image:type\" content=\"image\/jpeg\" \/>\n<meta name=\"twitter:card\" content=\"summary_large_image\" \/>\n<script type=\"application\/ld+json\" class=\"yoast-schema-graph\">{\"@context\":\"https:\\\/\\\/schema.org\",\"@graph\":[{\"@type\":\"WebPage\",\"@id\":\"https:\\\/\\\/beebipood.ee\\\/ru\\\/produkt\\\/lastevoodi-lili-90x200-grafiit\\\/\",\"url\":\"https:\\\/\\\/beebipood.ee\\\/ru\\\/produkt\\\/lastevoodi-lili-90x200-grafiit\\\/\",\"name\":\"Lastevoodi LILI 90x200 grafiit, \u041a\u0440\u043e\u0432\u0430\u0442\u0438 \u0434\u043b\u044f \u0434\u0435\u0442\u0435\u0439 \u0438 \u043f\u043e\u0434\u0440\u043e\u0441\u0442\u043a\u043e\u0432, \u0428\u0438\u0440\u0438\u043d\u0430 80c\u043c, M\u0435\u0431\u0435\u043b\u044c, Beebipood\",\"isPartOf\":{\"@id\":\"https:\\\/\\\/beebipood.ee\\\/ru\\\/#website\"},\"primaryImageOfPage\":{\"@id\":\"https:\\\/\\\/beebipood.ee\\\/ru\\\/produkt\\\/lastevoodi-lili-90x200-grafiit\\\/#primaryimage\"},\"image\":{\"@id\":\"https:\\\/\\\/beebipood.ee\\\/ru\\\/produkt\\\/lastevoodi-lili-90x200-grafiit\\\/#primaryimage\"},\"thumbnailUrl\":\"https:\\\/\\\/beebipood.ee\\\/wp-content\\\/uploads\\\/2015\\\/03\\\/Lastevoodi-LILI-90x200-grafiit-Laste-ja-noortevoodid-80cm-laiused-Lastemoobel-ja-sisustus_1-956.jpg\",\"datePublished\":\"2015-03-20T06:31:23+00:00\",\"dateModified\":\"2025-03-05T05:10:49+00:00\",\"description\":\"Lastevoodi LILI 90x200 grafiit, * funktsionaalne laste- ja noortevoodi mida saab t&auml;nu turvapiirdele kasutada ka v&auml;ikelaps * komplekti\",\"breadcrumb\":{\"@id\":\"https:\\\/\\\/beebipood.ee\\\/ru\\\/produkt\\\/lastevoodi-lili-90x200-grafiit\\\/#breadcrumb\"},\"inLanguage\":\"ru-RU\",\"potentialAction\":[{\"@type\":\"ReadAction\",\"target\":[\"https:\\\/\\\/beebipood.ee\\\/ru\\\/produkt\\\/lastevoodi-lili-90x200-grafiit\\\/\"]}]},{\"@type\":\"ImageObject\",\"inLanguage\":\"ru-RU\",\"@id\":\"https:\\\/\\\/beebipood.ee\\\/ru\\\/produkt\\\/lastevoodi-lili-90x200-grafiit\\\/#primaryimage\",\"url\":\"https:\\\/\\\/beebipood.ee\\\/wp-content\\\/uploads\\\/2015\\\/03\\\/Lastevoodi-LILI-90x200-grafiit-Laste-ja-noortevoodid-80cm-laiused-Lastemoobel-ja-sisustus_1-956.jpg\",\"contentUrl\":\"https:\\\/\\\/beebipood.ee\\\/wp-content\\\/uploads\\\/2015\\\/03\\\/Lastevoodi-LILI-90x200-grafiit-Laste-ja-noortevoodid-80cm-laiused-Lastemoobel-ja-sisustus_1-956.jpg\",\"width\":1200,\"height\":799},{\"@type\":\"BreadcrumbList\",\"@id\":\"https:\\\/\\\/beebipood.ee\\\/ru\\\/produkt\\\/lastevoodi-lili-90x200-grafiit\\\/#breadcrumb\",\"itemListElement\":[{\"@type\":\"ListItem\",\"position\":1,\"name\":\"Home\",\"item\":\"https:\\\/\\\/beebipood.ee\\\/ru\\\/\"},{\"@type\":\"ListItem\",\"position\":2,\"name\":\"\u041a\u0430\u0442\u0430\u043b\u043e\u0433 \u0442\u043e\u0432\u0430\u0440\u043e\u0432\",\"item\":\"https:\\\/\\\/beebipood.ee\\\/tooted\\\/\"},{\"@type\":\"ListItem\",\"position\":3,\"name\":\"Lastevoodi LILI 90&#215;200 grafiit\"}]},{\"@type\":\"WebSite\",\"@id\":\"https:\\\/\\\/beebipood.ee\\\/ru\\\/#website\",\"url\":\"https:\\\/\\\/beebipood.ee\\\/ru\\\/\",\"name\":\"Beebipood\",\"description\":\"Lastekaubad, beebikaubad, m\u00e4nguasjad\",\"publisher\":{\"@id\":\"https:\\\/\\\/beebipood.ee\\\/ru\\\/#organization\"},\"potentialAction\":[{\"@type\":\"SearchAction\",\"target\":{\"@type\":\"EntryPoint\",\"urlTemplate\":\"https:\\\/\\\/beebipood.ee\\\/ru\\\/?s={search_term_string}\"},\"query-input\":{\"@type\":\"PropertyValueSpecification\",\"valueRequired\":true,\"valueName\":\"search_term_string\"}}],\"inLanguage\":\"ru-RU\"},{\"@type\":\"Organization\",\"@id\":\"https:\\\/\\\/beebipood.ee\\\/ru\\\/#organization\",\"name\":\"Beebipood\",\"url\":\"https:\\\/\\\/beebipood.ee\\\/ru\\\/\",\"logo\":{\"@type\":\"ImageObject\",\"inLanguage\":\"ru-RU\",\"@id\":\"https:\\\/\\\/beebipood.ee\\\/ru\\\/#\\\/schema\\\/logo\\\/image\\\/\",\"url\":\"https:\\\/\\\/beebipood.ee\\\/wp-content\\\/uploads\\\/2025\\\/03\\\/beebipood.ee-logo-1.svg\",\"contentUrl\":\"https:\\\/\\\/beebipood.ee\\\/wp-content\\\/uploads\\\/2025\\\/03\\\/beebipood.ee-logo-1.svg\",\"caption\":\"Beebipood\"},\"image\":{\"@id\":\"https:\\\/\\\/beebipood.ee\\\/ru\\\/#\\\/schema\\\/logo\\\/image\\\/\"}}]}<\/script>\n<!-- \/ Yoast SEO plugin. -->","yoast_head_json":{"title":"Lastevoodi LILI 90x200 grafiit, \u041a\u0440\u043e\u0432\u0430\u0442\u0438 \u0434\u043b\u044f \u0434\u0435\u0442\u0435\u0439 \u0438 \u043f\u043e\u0434\u0440\u043e\u0441\u0442\u043a\u043e\u0432, \u0428\u0438\u0440\u0438\u043d\u0430 80c\u043c, M\u0435\u0431\u0435\u043b\u044c, Beebipood","description":"Lastevoodi LILI 90x200 grafiit, * funktsionaalne laste- ja noortevoodi mida saab t&auml;nu turvapiirdele kasutada ka v&auml;ikelaps * komplekti","robots":{"index":"index","follow":"follow","max-snippet":"max-snippet:-1","max-image-preview":"max-image-preview:large","max-video-preview":"max-video-preview:-1"},"canonical":"https:\/\/beebipood.ee\/ru\/produkt\/lastevoodi-lili-90x200-grafiit\/","og_locale":"ru_RU","og_type":"article","og_title":"Lastevoodi LILI 90x200 grafiit, \u041a\u0440\u043e\u0432\u0430\u0442\u0438 \u0434\u043b\u044f \u0434\u0435\u0442\u0435\u0439 \u0438 \u043f\u043e\u0434\u0440\u043e\u0441\u0442\u043a\u043e\u0432, \u0428\u0438\u0440\u0438\u043d\u0430 80c\u043c, M\u0435\u0431\u0435\u043b\u044c, Beebipood","og_description":"Lastevoodi LILI 90x200 grafiit, * funktsionaalne laste- ja noortevoodi mida saab t&auml;nu turvapiirdele kasutada ka v&auml;ikelaps * komplekti","og_url":"https:\/\/beebipood.ee\/ru\/produkt\/lastevoodi-lili-90x200-grafiit\/","og_site_name":"Beebipood","article_modified_time":"2025-03-05T05:10:49+00:00","og_image":[{"width":1200,"height":799,"url":"https:\/\/beebipood.ee\/wp-content\/uploads\/2015\/03\/Lastevoodi-LILI-90x200-grafiit-Laste-ja-noortevoodid-80cm-laiused-Lastemoobel-ja-sisustus_1-956.jpg","type":"image\/jpeg"}],"twitter_card":"summary_large_image","schema":{"@context":"https:\/\/schema.org","@graph":[{"@type":"WebPage","@id":"https:\/\/beebipood.ee\/ru\/produkt\/lastevoodi-lili-90x200-grafiit\/","url":"https:\/\/beebipood.ee\/ru\/produkt\/lastevoodi-lili-90x200-grafiit\/","name":"Lastevoodi LILI 90x200 grafiit, \u041a\u0440\u043e\u0432\u0430\u0442\u0438 \u0434\u043b\u044f \u0434\u0435\u0442\u0435\u0439 \u0438 \u043f\u043e\u0434\u0440\u043e\u0441\u0442\u043a\u043e\u0432, \u0428\u0438\u0440\u0438\u043d\u0430 80c\u043c, M\u0435\u0431\u0435\u043b\u044c, Beebipood","isPartOf":{"@id":"https:\/\/beebipood.ee\/ru\/#website"},"primaryImageOfPage":{"@id":"https:\/\/beebipood.ee\/ru\/produkt\/lastevoodi-lili-90x200-grafiit\/#primaryimage"},"image":{"@id":"https:\/\/beebipood.ee\/ru\/produkt\/lastevoodi-lili-90x200-grafiit\/#primaryimage"},"thumbnailUrl":"https:\/\/beebipood.ee\/wp-content\/uploads\/2015\/03\/Lastevoodi-LILI-90x200-grafiit-Laste-ja-noortevoodid-80cm-laiused-Lastemoobel-ja-sisustus_1-956.jpg","datePublished":"2015-03-20T06:31:23+00:00","dateModified":"2025-03-05T05:10:49+00:00","description":"Lastevoodi LILI 90x200 grafiit, * funktsionaalne laste- ja noortevoodi mida saab t&auml;nu turvapiirdele kasutada ka v&auml;ikelaps * komplekti","breadcrumb":{"@id":"https:\/\/beebipood.ee\/ru\/produkt\/lastevoodi-lili-90x200-grafiit\/#breadcrumb"},"inLanguage":"ru-RU","potentialAction":[{"@type":"ReadAction","target":["https:\/\/beebipood.ee\/ru\/produkt\/lastevoodi-lili-90x200-grafiit\/"]}]},{"@type":"ImageObject","inLanguage":"ru-RU","@id":"https:\/\/beebipood.ee\/ru\/produkt\/lastevoodi-lili-90x200-grafiit\/#primaryimage","url":"https:\/\/beebipood.ee\/wp-content\/uploads\/2015\/03\/Lastevoodi-LILI-90x200-grafiit-Laste-ja-noortevoodid-80cm-laiused-Lastemoobel-ja-sisustus_1-956.jpg","contentUrl":"https:\/\/beebipood.ee\/wp-content\/uploads\/2015\/03\/Lastevoodi-LILI-90x200-grafiit-Laste-ja-noortevoodid-80cm-laiused-Lastemoobel-ja-sisustus_1-956.jpg","width":1200,"height":799},{"@type":"BreadcrumbList","@id":"https:\/\/beebipood.ee\/ru\/produkt\/lastevoodi-lili-90x200-grafiit\/#breadcrumb","itemListElement":[{"@type":"ListItem","position":1,"name":"Home","item":"https:\/\/beebipood.ee\/ru\/"},{"@type":"ListItem","position":2,"name":"\u041a\u0430\u0442\u0430\u043b\u043e\u0433 \u0442\u043e\u0432\u0430\u0440\u043e\u0432","item":"https:\/\/beebipood.ee\/tooted\/"},{"@type":"ListItem","position":3,"name":"Lastevoodi LILI 90&#215;200 grafiit"}]},{"@type":"WebSite","@id":"https:\/\/beebipood.ee\/ru\/#website","url":"https:\/\/beebipood.ee\/ru\/","name":"Beebipood","description":"Lastekaubad, beebikaubad, m\u00e4nguasjad","publisher":{"@id":"https:\/\/beebipood.ee\/ru\/#organization"},"potentialAction":[{"@type":"SearchAction","target":{"@type":"EntryPoint","urlTemplate":"https:\/\/beebipood.ee\/ru\/?s={search_term_string}"},"query-input":{"@type":"PropertyValueSpecification","valueRequired":true,"valueName":"search_term_string"}}],"inLanguage":"ru-RU"},{"@type":"Organization","@id":"https:\/\/beebipood.ee\/ru\/#organization","name":"Beebipood","url":"https:\/\/beebipood.ee\/ru\/","logo":{"@type":"ImageObject","inLanguage":"ru-RU","@id":"https:\/\/beebipood.ee\/ru\/#\/schema\/logo\/image\/","url":"https:\/\/beebipood.ee\/wp-content\/uploads\/2025\/03\/beebipood.ee-logo-1.svg","contentUrl":"https:\/\/beebipood.ee\/wp-content\/uploads\/2025\/03\/beebipood.ee-logo-1.svg","caption":"Beebipood"},"image":{"@id":"https:\/\/beebipood.ee\/ru\/#\/schema\/logo\/image\/"}}]}},"brands":[],"_links":{"self":[{"href":"https:\/\/beebipood.ee\/ru\/wp-json\/wp\/v2\/product\/456194","targetHints":{"allow":["GET"]}}],"collection":[{"href":"https:\/\/beebipood.ee\/ru\/wp-json\/wp\/v2\/product"}],"about":[{"href":"https:\/\/beebipood.ee\/ru\/wp-json\/wp\/v2\/types\/product"}],"wp:featuredmedia":[{"embeddable":true,"href":"https:\/\/beebipood.ee\/ru\/wp-json\/wp\/v2\/media\/106016"}],"wp:attachment":[{"href":"https:\/\/beebipood.ee\/ru\/wp-json\/wp\/v2\/media?parent=456194"}],"wp:term":[{"taxonomy":"pwb-brand","embeddable":true,"href":"https:\/\/beebipood.ee\/ru\/wp-json\/wp\/v2\/pwb-brand?post=456194"},{"taxonomy":"product_brand","embeddable":true,"href":"https:\/\/beebipood.ee\/ru\/wp-json\/wp\/v2\/product_brand?post=456194"},{"taxonomy":"product_cat","embeddable":true,"href":"https:\/\/beebipood.ee\/ru\/wp-json\/wp\/v2\/product_cat?post=456194"},{"taxonomy":"product_tag","embeddable":true,"href":"https:\/\/beebipood.ee\/ru\/wp-json\/wp\/v2\/product_tag?post=456194"}],"curies":[{"name":"wp","href":"https:\/\/api.w.org\/{rel}","templated":true}]}}