{"id":456314,"date":"2015-05-18T11:51:48","date_gmt":"2015-05-18T08:51:48","guid":{"rendered":"https:\/\/beebipood.ee\/toode\/vedrumadrats-hypnos-kleio-bonnell-kookos-90x200\/"},"modified":"2025-01-09T10:50:43","modified_gmt":"2025-01-09T08:50:43","slug":"vedrumadrats-hypnos-kleio-bonnell-kookos-90x200","status":"publish","type":"product","link":"https:\/\/beebipood.ee\/ru\/produkt\/vedrumadrats-hypnos-kleio-bonnell-kookos-90x200\/","title":{"rendered":"Vedrumadrats Hypnos Kleio (bonnell-kookos) 90&#215;200"},"content":{"rendered":"<ul>\n<li>J\u00e4iga vedrustuse ja kookosmatiga tugev madrats neile, kes soovivad k\u00f5vemat ning j\u00e4igemat aset<\/li>\n<li>bonnell vedrustus, 110 vedru\/m\u00b2, vedrutraadi l\u00e4bim\u00f5\u00f5t 2,2 mm<\/li>\n<li>m\u00f5lemal pool pinna tugevduseks kookosmatt, mis on vooderdatud puuvillaga<\/li>\n<li>vedruplokk on poroloonkarbis, mis tagab tugeva v\u00e4lisvormi ja vastupidavuse<\/li>\n<li>kangas kvaliteetne veniv stretch, mis on tepitud mahulise vatiiniga<\/li>\n<li>sobilik madrats ka raskemakaalulistele<\/li>\n<li>toodetud Eestis<\/li>\n<\/ul>\n","protected":false},"excerpt":{"rendered":"<p>J\u00e4iga vedrustuse ja kookosmatiga tugev madrats neile, kes soovivad k\u00f5vemat ning j\u00e4igemat aset bonnell vedrustus, 110 vedru\/m\u00b2, vedrutraadi l\u00e4bim\u00f5\u00f5t 2,2 mm m\u00f5lemal pool pinna tugevduseks kookosmatt, mis on vooderdatud puuvillaga vedruplokk on poroloonkarbis, mis tagab tugeva v\u00e4lisvormi ja vastupidavuse kangas kvaliteetne veniv stretch, mis on tepitud mahulise vatiiniga sobilik madrats ka raskemakaalulistele toodetud Eestis<\/p>\n","protected":false},"featured_media":106565,"template":"","meta":{"_acf_changed":false},"pwb-brand":[11951],"product_brand":[],"product_cat":[11601,11563,11789],"product_tag":[],"class_list":{"0":"post-456314","1":"product","2":"type-product","3":"status-publish","4":"has-post-thumbnail","6":"pwb-brand-hypnos-ru","7":"product_cat-kuni-90cm-laiused-ru","8":"product_cat-madratsid-ja-kattemadratsid-ru","9":"product_cat-lastemoobel-ja-sisustus-ru","10":"pa_manufacturer-hypnos-ru","12":"first","13":"outofstock","14":"taxable","15":"shipping-taxable","16":"purchasable","17":"product-type-simple"},"exclude_global_add_ons":[],"addons":[],"acf":[],"yoast_head":"<!-- This site is optimized with the Yoast SEO plugin v27.1.1 - https:\/\/yoast.com\/product\/yoast-seo-wordpress\/ -->\n<title>Vedrumadrats Hypnos Kleio (bonnell-kookos) 90x200, \u041c\u0430\u0442\u0440\u0430\u0441\u044b \u0438 \u043c\u0430\u0442\u0440\u0430\u0441\u044b-\u043f\u043e\u043a\u0440\u044b\u0432\u0430\u043b\u0430, \u0428\u0438\u0440\u0438\u043d\u043e\u0439 \u0434\u043e 90 c\u043c, M\u0435\u0431\u0435\u043b\u044c, Beebipood<\/title>\n<meta name=\"description\" content=\"Vedrumadrats Hypnos Kleio (bonnell-kookos) 90x200, J&auml;iga vedrustuse ja kookosmatiga tugev madrats neile, kes soovivad k&otilde;vemat ning j&auml;\" \/>\n<meta name=\"robots\" content=\"index, follow, max-snippet:-1, max-image-preview:large, max-video-preview:-1\" \/>\n<link rel=\"canonical\" href=\"https:\/\/beebipood.ee\/ru\/produkt\/vedrumadrats-hypnos-kleio-bonnell-kookos-90x200\/\" \/>\n<meta property=\"og:locale\" content=\"ru_RU\" \/>\n<meta property=\"og:type\" content=\"article\" \/>\n<meta property=\"og:title\" content=\"Vedrumadrats Hypnos Kleio (bonnell-kookos) 90x200, \u041c\u0430\u0442\u0440\u0430\u0441\u044b \u0438 \u043c\u0430\u0442\u0440\u0430\u0441\u044b-\u043f\u043e\u043a\u0440\u044b\u0432\u0430\u043b\u0430, \u0428\u0438\u0440\u0438\u043d\u043e\u0439 \u0434\u043e 90 c\u043c, M\u0435\u0431\u0435\u043b\u044c, Beebipood\" \/>\n<meta property=\"og:description\" content=\"Vedrumadrats Hypnos Kleio (bonnell-kookos) 90x200, J&auml;iga vedrustuse ja kookosmatiga tugev madrats neile, kes soovivad k&otilde;vemat ning j&auml;\" \/>\n<meta property=\"og:url\" content=\"https:\/\/beebipood.ee\/ru\/produkt\/vedrumadrats-hypnos-kleio-bonnell-kookos-90x200\/\" \/>\n<meta property=\"og:site_name\" content=\"Beebipood\" \/>\n<meta property=\"article:modified_time\" content=\"2025-01-09T08:50:43+00:00\" \/>\n<meta property=\"og:image\" content=\"https:\/\/beebipood.ee\/wp-content\/uploads\/2015\/05\/Vedrumadrats-Hypnos-Kleio-bonnellkookos-90x200-Madratsid-ja-kattemadratsid-Kuni-90cm-laiused-Lastemoobel-ja-sisustus_1-5ea.jpg\" \/>\n\t<meta property=\"og:image:width\" content=\"1323\" \/>\n\t<meta property=\"og:image:height\" content=\"1323\" \/>\n\t<meta property=\"og:image:type\" content=\"image\/jpeg\" \/>\n<meta name=\"twitter:card\" content=\"summary_large_image\" \/>\n<script type=\"application\/ld+json\" class=\"yoast-schema-graph\">{\"@context\":\"https:\/\/schema.org\",\"@graph\":[{\"@type\":\"WebPage\",\"@id\":\"https:\/\/beebipood.ee\/ru\/produkt\/vedrumadrats-hypnos-kleio-bonnell-kookos-90x200\/\",\"url\":\"https:\/\/beebipood.ee\/ru\/produkt\/vedrumadrats-hypnos-kleio-bonnell-kookos-90x200\/\",\"name\":\"Vedrumadrats Hypnos Kleio (bonnell-kookos) 90x200, \u041c\u0430\u0442\u0440\u0430\u0441\u044b \u0438 \u043c\u0430\u0442\u0440\u0430\u0441\u044b-\u043f\u043e\u043a\u0440\u044b\u0432\u0430\u043b\u0430, \u0428\u0438\u0440\u0438\u043d\u043e\u0439 \u0434\u043e 90 c\u043c, M\u0435\u0431\u0435\u043b\u044c, Beebipood\",\"isPartOf\":{\"@id\":\"https:\/\/beebipood.ee\/ru\/#website\"},\"primaryImageOfPage\":{\"@id\":\"https:\/\/beebipood.ee\/ru\/produkt\/vedrumadrats-hypnos-kleio-bonnell-kookos-90x200\/#primaryimage\"},\"image\":{\"@id\":\"https:\/\/beebipood.ee\/ru\/produkt\/vedrumadrats-hypnos-kleio-bonnell-kookos-90x200\/#primaryimage\"},\"thumbnailUrl\":\"https:\/\/beebipood.ee\/wp-content\/uploads\/2015\/05\/Vedrumadrats-Hypnos-Kleio-bonnellkookos-90x200-Madratsid-ja-kattemadratsid-Kuni-90cm-laiused-Lastemoobel-ja-sisustus_1-5ea.jpg\",\"datePublished\":\"2015-05-18T08:51:48+00:00\",\"dateModified\":\"2025-01-09T08:50:43+00:00\",\"description\":\"Vedrumadrats Hypnos Kleio (bonnell-kookos) 90x200, J&auml;iga vedrustuse ja kookosmatiga tugev madrats neile, kes soovivad k&otilde;vemat ning j&auml;\",\"breadcrumb\":{\"@id\":\"https:\/\/beebipood.ee\/ru\/produkt\/vedrumadrats-hypnos-kleio-bonnell-kookos-90x200\/#breadcrumb\"},\"inLanguage\":\"ru-RU\",\"potentialAction\":[{\"@type\":\"ReadAction\",\"target\":[\"https:\/\/beebipood.ee\/ru\/produkt\/vedrumadrats-hypnos-kleio-bonnell-kookos-90x200\/\"]}]},{\"@type\":\"ImageObject\",\"inLanguage\":\"ru-RU\",\"@id\":\"https:\/\/beebipood.ee\/ru\/produkt\/vedrumadrats-hypnos-kleio-bonnell-kookos-90x200\/#primaryimage\",\"url\":\"https:\/\/beebipood.ee\/wp-content\/uploads\/2015\/05\/Vedrumadrats-Hypnos-Kleio-bonnellkookos-90x200-Madratsid-ja-kattemadratsid-Kuni-90cm-laiused-Lastemoobel-ja-sisustus_1-5ea.jpg\",\"contentUrl\":\"https:\/\/beebipood.ee\/wp-content\/uploads\/2015\/05\/Vedrumadrats-Hypnos-Kleio-bonnellkookos-90x200-Madratsid-ja-kattemadratsid-Kuni-90cm-laiused-Lastemoobel-ja-sisustus_1-5ea.jpg\",\"width\":1323,\"height\":1323},{\"@type\":\"BreadcrumbList\",\"@id\":\"https:\/\/beebipood.ee\/ru\/produkt\/vedrumadrats-hypnos-kleio-bonnell-kookos-90x200\/#breadcrumb\",\"itemListElement\":[{\"@type\":\"ListItem\",\"position\":1,\"name\":\"Home\",\"item\":\"https:\/\/beebipood.ee\/ru\/\"},{\"@type\":\"ListItem\",\"position\":2,\"name\":\"\u041a\u0430\u0442\u0430\u043b\u043e\u0433 \u0442\u043e\u0432\u0430\u0440\u043e\u0432\",\"item\":\"https:\/\/beebipood.ee\/tooted\/\"},{\"@type\":\"ListItem\",\"position\":3,\"name\":\"Vedrumadrats Hypnos Kleio (bonnell-kookos) 90&#215;200\"}]},{\"@type\":\"WebSite\",\"@id\":\"https:\/\/beebipood.ee\/ru\/#website\",\"url\":\"https:\/\/beebipood.ee\/ru\/\",\"name\":\"Beebipood\",\"description\":\"Lastekaubad, beebikaubad, m\u00e4nguasjad\",\"publisher\":{\"@id\":\"https:\/\/beebipood.ee\/ru\/#organization\"},\"potentialAction\":[{\"@type\":\"SearchAction\",\"target\":{\"@type\":\"EntryPoint\",\"urlTemplate\":\"https:\/\/beebipood.ee\/ru\/?s={search_term_string}\"},\"query-input\":{\"@type\":\"PropertyValueSpecification\",\"valueRequired\":true,\"valueName\":\"search_term_string\"}}],\"inLanguage\":\"ru-RU\"},{\"@type\":\"Organization\",\"@id\":\"https:\/\/beebipood.ee\/ru\/#organization\",\"name\":\"Beebipood\",\"url\":\"https:\/\/beebipood.ee\/ru\/\",\"logo\":{\"@type\":\"ImageObject\",\"inLanguage\":\"ru-RU\",\"@id\":\"https:\/\/beebipood.ee\/ru\/#\/schema\/logo\/image\/\",\"url\":\"https:\/\/beebipood.ee\/wp-content\/uploads\/2025\/03\/beebipood.ee-logo-1.svg\",\"contentUrl\":\"https:\/\/beebipood.ee\/wp-content\/uploads\/2025\/03\/beebipood.ee-logo-1.svg\",\"caption\":\"Beebipood\"},\"image\":{\"@id\":\"https:\/\/beebipood.ee\/ru\/#\/schema\/logo\/image\/\"}}]}<\/script>\n<!-- \/ Yoast SEO plugin. -->","yoast_head_json":{"title":"Vedrumadrats Hypnos Kleio (bonnell-kookos) 90x200, \u041c\u0430\u0442\u0440\u0430\u0441\u044b \u0438 \u043c\u0430\u0442\u0440\u0430\u0441\u044b-\u043f\u043e\u043a\u0440\u044b\u0432\u0430\u043b\u0430, \u0428\u0438\u0440\u0438\u043d\u043e\u0439 \u0434\u043e 90 c\u043c, M\u0435\u0431\u0435\u043b\u044c, Beebipood","description":"Vedrumadrats Hypnos Kleio (bonnell-kookos) 90x200, J&auml;iga vedrustuse ja kookosmatiga tugev madrats neile, kes soovivad k&otilde;vemat ning j&auml;","robots":{"index":"index","follow":"follow","max-snippet":"max-snippet:-1","max-image-preview":"max-image-preview:large","max-video-preview":"max-video-preview:-1"},"canonical":"https:\/\/beebipood.ee\/ru\/produkt\/vedrumadrats-hypnos-kleio-bonnell-kookos-90x200\/","og_locale":"ru_RU","og_type":"article","og_title":"Vedrumadrats Hypnos Kleio (bonnell-kookos) 90x200, \u041c\u0430\u0442\u0440\u0430\u0441\u044b \u0438 \u043c\u0430\u0442\u0440\u0430\u0441\u044b-\u043f\u043e\u043a\u0440\u044b\u0432\u0430\u043b\u0430, \u0428\u0438\u0440\u0438\u043d\u043e\u0439 \u0434\u043e 90 c\u043c, M\u0435\u0431\u0435\u043b\u044c, Beebipood","og_description":"Vedrumadrats Hypnos Kleio (bonnell-kookos) 90x200, J&auml;iga vedrustuse ja kookosmatiga tugev madrats neile, kes soovivad k&otilde;vemat ning j&auml;","og_url":"https:\/\/beebipood.ee\/ru\/produkt\/vedrumadrats-hypnos-kleio-bonnell-kookos-90x200\/","og_site_name":"Beebipood","article_modified_time":"2025-01-09T08:50:43+00:00","og_image":[{"width":1323,"height":1323,"url":"https:\/\/beebipood.ee\/wp-content\/uploads\/2015\/05\/Vedrumadrats-Hypnos-Kleio-bonnellkookos-90x200-Madratsid-ja-kattemadratsid-Kuni-90cm-laiused-Lastemoobel-ja-sisustus_1-5ea.jpg","type":"image\/jpeg"}],"twitter_card":"summary_large_image","schema":{"@context":"https:\/\/schema.org","@graph":[{"@type":"WebPage","@id":"https:\/\/beebipood.ee\/ru\/produkt\/vedrumadrats-hypnos-kleio-bonnell-kookos-90x200\/","url":"https:\/\/beebipood.ee\/ru\/produkt\/vedrumadrats-hypnos-kleio-bonnell-kookos-90x200\/","name":"Vedrumadrats Hypnos Kleio (bonnell-kookos) 90x200, \u041c\u0430\u0442\u0440\u0430\u0441\u044b \u0438 \u043c\u0430\u0442\u0440\u0430\u0441\u044b-\u043f\u043e\u043a\u0440\u044b\u0432\u0430\u043b\u0430, \u0428\u0438\u0440\u0438\u043d\u043e\u0439 \u0434\u043e 90 c\u043c, M\u0435\u0431\u0435\u043b\u044c, Beebipood","isPartOf":{"@id":"https:\/\/beebipood.ee\/ru\/#website"},"primaryImageOfPage":{"@id":"https:\/\/beebipood.ee\/ru\/produkt\/vedrumadrats-hypnos-kleio-bonnell-kookos-90x200\/#primaryimage"},"image":{"@id":"https:\/\/beebipood.ee\/ru\/produkt\/vedrumadrats-hypnos-kleio-bonnell-kookos-90x200\/#primaryimage"},"thumbnailUrl":"https:\/\/beebipood.ee\/wp-content\/uploads\/2015\/05\/Vedrumadrats-Hypnos-Kleio-bonnellkookos-90x200-Madratsid-ja-kattemadratsid-Kuni-90cm-laiused-Lastemoobel-ja-sisustus_1-5ea.jpg","datePublished":"2015-05-18T08:51:48+00:00","dateModified":"2025-01-09T08:50:43+00:00","description":"Vedrumadrats Hypnos Kleio (bonnell-kookos) 90x200, J&auml;iga vedrustuse ja kookosmatiga tugev madrats neile, kes soovivad k&otilde;vemat ning j&auml;","breadcrumb":{"@id":"https:\/\/beebipood.ee\/ru\/produkt\/vedrumadrats-hypnos-kleio-bonnell-kookos-90x200\/#breadcrumb"},"inLanguage":"ru-RU","potentialAction":[{"@type":"ReadAction","target":["https:\/\/beebipood.ee\/ru\/produkt\/vedrumadrats-hypnos-kleio-bonnell-kookos-90x200\/"]}]},{"@type":"ImageObject","inLanguage":"ru-RU","@id":"https:\/\/beebipood.ee\/ru\/produkt\/vedrumadrats-hypnos-kleio-bonnell-kookos-90x200\/#primaryimage","url":"https:\/\/beebipood.ee\/wp-content\/uploads\/2015\/05\/Vedrumadrats-Hypnos-Kleio-bonnellkookos-90x200-Madratsid-ja-kattemadratsid-Kuni-90cm-laiused-Lastemoobel-ja-sisustus_1-5ea.jpg","contentUrl":"https:\/\/beebipood.ee\/wp-content\/uploads\/2015\/05\/Vedrumadrats-Hypnos-Kleio-bonnellkookos-90x200-Madratsid-ja-kattemadratsid-Kuni-90cm-laiused-Lastemoobel-ja-sisustus_1-5ea.jpg","width":1323,"height":1323},{"@type":"BreadcrumbList","@id":"https:\/\/beebipood.ee\/ru\/produkt\/vedrumadrats-hypnos-kleio-bonnell-kookos-90x200\/#breadcrumb","itemListElement":[{"@type":"ListItem","position":1,"name":"Home","item":"https:\/\/beebipood.ee\/ru\/"},{"@type":"ListItem","position":2,"name":"\u041a\u0430\u0442\u0430\u043b\u043e\u0433 \u0442\u043e\u0432\u0430\u0440\u043e\u0432","item":"https:\/\/beebipood.ee\/tooted\/"},{"@type":"ListItem","position":3,"name":"Vedrumadrats Hypnos Kleio (bonnell-kookos) 90&#215;200"}]},{"@type":"WebSite","@id":"https:\/\/beebipood.ee\/ru\/#website","url":"https:\/\/beebipood.ee\/ru\/","name":"Beebipood","description":"Lastekaubad, beebikaubad, m\u00e4nguasjad","publisher":{"@id":"https:\/\/beebipood.ee\/ru\/#organization"},"potentialAction":[{"@type":"SearchAction","target":{"@type":"EntryPoint","urlTemplate":"https:\/\/beebipood.ee\/ru\/?s={search_term_string}"},"query-input":{"@type":"PropertyValueSpecification","valueRequired":true,"valueName":"search_term_string"}}],"inLanguage":"ru-RU"},{"@type":"Organization","@id":"https:\/\/beebipood.ee\/ru\/#organization","name":"Beebipood","url":"https:\/\/beebipood.ee\/ru\/","logo":{"@type":"ImageObject","inLanguage":"ru-RU","@id":"https:\/\/beebipood.ee\/ru\/#\/schema\/logo\/image\/","url":"https:\/\/beebipood.ee\/wp-content\/uploads\/2025\/03\/beebipood.ee-logo-1.svg","contentUrl":"https:\/\/beebipood.ee\/wp-content\/uploads\/2025\/03\/beebipood.ee-logo-1.svg","caption":"Beebipood"},"image":{"@id":"https:\/\/beebipood.ee\/ru\/#\/schema\/logo\/image\/"}}]}},"brands":[{"id":11951,"name":"Hypnos","slug":"hypnos-ru"}],"_links":{"self":[{"href":"https:\/\/beebipood.ee\/ru\/wp-json\/wp\/v2\/product\/456314","targetHints":{"allow":["GET"]}}],"collection":[{"href":"https:\/\/beebipood.ee\/ru\/wp-json\/wp\/v2\/product"}],"about":[{"href":"https:\/\/beebipood.ee\/ru\/wp-json\/wp\/v2\/types\/product"}],"wp:featuredmedia":[{"embeddable":true,"href":"https:\/\/beebipood.ee\/ru\/wp-json\/wp\/v2\/media\/106565"}],"wp:attachment":[{"href":"https:\/\/beebipood.ee\/ru\/wp-json\/wp\/v2\/media?parent=456314"}],"wp:term":[{"taxonomy":"pwb-brand","embeddable":true,"href":"https:\/\/beebipood.ee\/ru\/wp-json\/wp\/v2\/pwb-brand?post=456314"},{"taxonomy":"product_brand","embeddable":true,"href":"https:\/\/beebipood.ee\/ru\/wp-json\/wp\/v2\/product_brand?post=456314"},{"taxonomy":"product_cat","embeddable":true,"href":"https:\/\/beebipood.ee\/ru\/wp-json\/wp\/v2\/product_cat?post=456314"},{"taxonomy":"product_tag","embeddable":true,"href":"https:\/\/beebipood.ee\/ru\/wp-json\/wp\/v2\/product_tag?post=456314"}],"curies":[{"name":"wp","href":"https:\/\/api.w.org\/{rel}","templated":true}]}}