{"id":456340,"date":"2015-06-28T12:09:23","date_gmt":"2015-06-28T09:09:23","guid":{"rendered":"https:\/\/beebipood.ee\/toode\/kombivoodi-dalia-hall-voodikastiga\/"},"modified":"2025-01-09T10:50:41","modified_gmt":"2025-01-09T08:50:41","slug":"kombivoodi-dalia-hall-voodikastiga","status":"publish","type":"product","link":"https:\/\/beebipood.ee\/ru\/produkt\/kombivoodi-dalia-hall-voodikastiga\/","title":{"rendered":"Kombivoodi Dalia hall voodikastiga"},"content":{"rendered":"<ul>\n<li>puidust ja kvaliteetsest m\u00f6\u00f6bliplaadist valmistatud kombivoodi\u00a0<\/li>\n<li>viimistlus: valge ja roosa<\/li>\n<li>BEEBIVOODI p\u00f5hja v\u00f5imalik t\u00f5sta <strong>KOLM<\/strong> erinevat k\u00f5rgust<\/li>\n<li>v\u00f5imalik k\u00fclje pulkasid \u00e4ra v\u00f5tta (2 tk.keskelt)<\/li>\n<li>voodi k\u00fcljed on eemaldatav<\/li>\n<li>komplekti kuulub voodikast, mis liigub ratastel<\/li>\n<li>BEEBIVOODI saab h\u00f5lpsasti muuta\u00a0<strong>LAPSEVOODIKS\u00a0<\/strong><\/li>\n<li>sobivat m\u00f5\u00f5tu madrats voodisse: laius 70 cm, pikkus 140 cm<\/li>\n<li>madrats ei ole komplektis<\/li>\n<li>viimistlemisel on kasutatud ainult vee baasil v\u00e4rve ja lakke<\/li>\n<li><span>valmistatud EL&#8217;s<\/span><\/li>\n<li><span>toode vastab k\u00f5ikidele EN turvastandarditele<\/span><\/li>\n<\/ul>\n","protected":false},"excerpt":{"rendered":"<p>puidust ja kvaliteetsest m\u00f6\u00f6bliplaadist valmistatud kombivoodi\u00a0 viimistlus: valge ja roosa BEEBIVOODI p\u00f5hja v\u00f5imalik t\u00f5sta KOLM erinevat k\u00f5rgust v\u00f5imalik k\u00fclje pulkasid \u00e4ra v\u00f5tta (2 tk.keskelt) voodi k\u00fcljed on eemaldatav komplekti kuulub voodikast, mis liigub ratastel BEEBIVOODI saab h\u00f5lpsasti muuta\u00a0LAPSEVOODIKS\u00a0 sobivat m\u00f5\u00f5tu madrats voodisse: laius 70 cm, pikkus 140 cm madrats ei ole komplektis viimistlemisel on kasutatud [&hellip;]<\/p>\n","protected":false},"featured_media":106657,"template":"","meta":{"_acf_changed":false},"pwb-brand":[11946],"product_brand":[],"product_cat":[11567,11747,11553,11789],"product_tag":[],"class_list":{"0":"post-456340","1":"product","2":"type-product","3":"status-publish","4":"has-post-thumbnail","6":"pwb-brand-klups-ru","7":"product_cat-vorevoodid-ru","8":"product_cat-madratsile-70x140-ru","9":"product_cat-beebivoodid-reisivoodid-hallid-ru","10":"product_cat-lastemoobel-ja-sisustus-ru","11":"pa_manufacturer-klups-ru","13":"first","14":"onbackorder","15":"sale","16":"taxable","17":"shipping-taxable","18":"purchasable","19":"product-type-simple"},"exclude_global_add_ons":[],"addons":[],"acf":[],"yoast_head":"<!-- This site is optimized with the Yoast SEO plugin v27.1.1 - https:\/\/yoast.com\/product\/yoast-seo-wordpress\/ -->\n<title>Kombivoodi Dalia hall voodikastiga, \u0414\u0435\u0442\u0441\u043a\u0438e \u043a\u0440\u043e\u0432\u0430\u0442\u043a\u0438, \u043f\u0435\u0440\u0435\u043d\u043e\u0441\u043d\u044b\u0435 \u043a\u0440\u043e\u0432\u0430\u0442\u043a\u0438, \u043b\u044e\u043b\u044c\u043a\u0438, \u0414\u0435\u0442\u0441\u043a\u0438e \u043a\u0440\u043e\u0432\u0430\u0442\u043a\u0438, \u043c\u0430\u0442\u0440\u0430\u0441 70x140, M\u0435\u0431\u0435\u043b\u044c, Beebipood<\/title>\n<meta name=\"description\" content=\"Kombivoodi Dalia hall voodikastiga, puidust ja kvaliteetsest m&ouml;&ouml;bliplaadist valmistatud kombivoodi&nbsp; viimistlus: valge ja roos\" \/>\n<meta name=\"robots\" content=\"index, follow, max-snippet:-1, max-image-preview:large, max-video-preview:-1\" \/>\n<link rel=\"canonical\" href=\"https:\/\/beebipood.ee\/ru\/produkt\/kombivoodi-dalia-hall-voodikastiga\/\" \/>\n<meta property=\"og:locale\" content=\"ru_RU\" \/>\n<meta property=\"og:type\" content=\"article\" \/>\n<meta property=\"og:title\" content=\"Kombivoodi Dalia hall voodikastiga, \u0414\u0435\u0442\u0441\u043a\u0438e \u043a\u0440\u043e\u0432\u0430\u0442\u043a\u0438, \u043f\u0435\u0440\u0435\u043d\u043e\u0441\u043d\u044b\u0435 \u043a\u0440\u043e\u0432\u0430\u0442\u043a\u0438, \u043b\u044e\u043b\u044c\u043a\u0438, \u0414\u0435\u0442\u0441\u043a\u0438e \u043a\u0440\u043e\u0432\u0430\u0442\u043a\u0438, \u043c\u0430\u0442\u0440\u0430\u0441 70x140, M\u0435\u0431\u0435\u043b\u044c, Beebipood\" \/>\n<meta property=\"og:description\" content=\"Kombivoodi Dalia hall voodikastiga, puidust ja kvaliteetsest m&ouml;&ouml;bliplaadist valmistatud kombivoodi&nbsp; viimistlus: valge ja roos\" \/>\n<meta property=\"og:url\" content=\"https:\/\/beebipood.ee\/ru\/produkt\/kombivoodi-dalia-hall-voodikastiga\/\" \/>\n<meta property=\"og:site_name\" content=\"Beebipood\" \/>\n<meta property=\"article:modified_time\" content=\"2025-01-09T08:50:41+00:00\" \/>\n<meta property=\"og:image\" content=\"https:\/\/beebipood.ee\/wp-content\/uploads\/2015\/06\/Kombivoodi-Dalia-hall-voodikastiga-Beebivoodid-reisivoodid-hallid-Vorevoodid-madratsile-70x140_3-1ab.jpg\" \/>\n\t<meta property=\"og:image:width\" content=\"1200\" \/>\n\t<meta property=\"og:image:height\" content=\"847\" \/>\n\t<meta property=\"og:image:type\" content=\"image\/jpeg\" \/>\n<meta name=\"twitter:card\" content=\"summary_large_image\" \/>\n<script type=\"application\/ld+json\" class=\"yoast-schema-graph\">{\"@context\":\"https:\/\/schema.org\",\"@graph\":[{\"@type\":\"WebPage\",\"@id\":\"https:\/\/beebipood.ee\/ru\/produkt\/kombivoodi-dalia-hall-voodikastiga\/\",\"url\":\"https:\/\/beebipood.ee\/ru\/produkt\/kombivoodi-dalia-hall-voodikastiga\/\",\"name\":\"Kombivoodi Dalia hall voodikastiga, \u0414\u0435\u0442\u0441\u043a\u0438e \u043a\u0440\u043e\u0432\u0430\u0442\u043a\u0438, \u043f\u0435\u0440\u0435\u043d\u043e\u0441\u043d\u044b\u0435 \u043a\u0440\u043e\u0432\u0430\u0442\u043a\u0438, \u043b\u044e\u043b\u044c\u043a\u0438, \u0414\u0435\u0442\u0441\u043a\u0438e \u043a\u0440\u043e\u0432\u0430\u0442\u043a\u0438, \u043c\u0430\u0442\u0440\u0430\u0441 70x140, M\u0435\u0431\u0435\u043b\u044c, Beebipood\",\"isPartOf\":{\"@id\":\"https:\/\/beebipood.ee\/ru\/#website\"},\"primaryImageOfPage\":{\"@id\":\"https:\/\/beebipood.ee\/ru\/produkt\/kombivoodi-dalia-hall-voodikastiga\/#primaryimage\"},\"image\":{\"@id\":\"https:\/\/beebipood.ee\/ru\/produkt\/kombivoodi-dalia-hall-voodikastiga\/#primaryimage\"},\"thumbnailUrl\":\"https:\/\/beebipood.ee\/wp-content\/uploads\/2015\/06\/Kombivoodi-Dalia-hall-voodikastiga-Beebivoodid-reisivoodid-hallid-Vorevoodid-madratsile-70x140_3-1ab.jpg\",\"datePublished\":\"2015-06-28T09:09:23+00:00\",\"dateModified\":\"2025-01-09T08:50:41+00:00\",\"description\":\"Kombivoodi Dalia hall voodikastiga, puidust ja kvaliteetsest m&ouml;&ouml;bliplaadist valmistatud kombivoodi&nbsp; viimistlus: valge ja roos\",\"breadcrumb\":{\"@id\":\"https:\/\/beebipood.ee\/ru\/produkt\/kombivoodi-dalia-hall-voodikastiga\/#breadcrumb\"},\"inLanguage\":\"ru-RU\",\"potentialAction\":[{\"@type\":\"ReadAction\",\"target\":[\"https:\/\/beebipood.ee\/ru\/produkt\/kombivoodi-dalia-hall-voodikastiga\/\"]}]},{\"@type\":\"ImageObject\",\"inLanguage\":\"ru-RU\",\"@id\":\"https:\/\/beebipood.ee\/ru\/produkt\/kombivoodi-dalia-hall-voodikastiga\/#primaryimage\",\"url\":\"https:\/\/beebipood.ee\/wp-content\/uploads\/2015\/06\/Kombivoodi-Dalia-hall-voodikastiga-Beebivoodid-reisivoodid-hallid-Vorevoodid-madratsile-70x140_3-1ab.jpg\",\"contentUrl\":\"https:\/\/beebipood.ee\/wp-content\/uploads\/2015\/06\/Kombivoodi-Dalia-hall-voodikastiga-Beebivoodid-reisivoodid-hallid-Vorevoodid-madratsile-70x140_3-1ab.jpg\",\"width\":1200,\"height\":847},{\"@type\":\"BreadcrumbList\",\"@id\":\"https:\/\/beebipood.ee\/ru\/produkt\/kombivoodi-dalia-hall-voodikastiga\/#breadcrumb\",\"itemListElement\":[{\"@type\":\"ListItem\",\"position\":1,\"name\":\"Home\",\"item\":\"https:\/\/beebipood.ee\/ru\/\"},{\"@type\":\"ListItem\",\"position\":2,\"name\":\"\u041a\u0430\u0442\u0430\u043b\u043e\u0433 \u0442\u043e\u0432\u0430\u0440\u043e\u0432\",\"item\":\"https:\/\/beebipood.ee\/tooted\/\"},{\"@type\":\"ListItem\",\"position\":3,\"name\":\"Kombivoodi Dalia hall voodikastiga\"}]},{\"@type\":\"WebSite\",\"@id\":\"https:\/\/beebipood.ee\/ru\/#website\",\"url\":\"https:\/\/beebipood.ee\/ru\/\",\"name\":\"Beebipood\",\"description\":\"Lastekaubad, beebikaubad, m\u00e4nguasjad\",\"publisher\":{\"@id\":\"https:\/\/beebipood.ee\/ru\/#organization\"},\"potentialAction\":[{\"@type\":\"SearchAction\",\"target\":{\"@type\":\"EntryPoint\",\"urlTemplate\":\"https:\/\/beebipood.ee\/ru\/?s={search_term_string}\"},\"query-input\":{\"@type\":\"PropertyValueSpecification\",\"valueRequired\":true,\"valueName\":\"search_term_string\"}}],\"inLanguage\":\"ru-RU\"},{\"@type\":\"Organization\",\"@id\":\"https:\/\/beebipood.ee\/ru\/#organization\",\"name\":\"Beebipood\",\"url\":\"https:\/\/beebipood.ee\/ru\/\",\"logo\":{\"@type\":\"ImageObject\",\"inLanguage\":\"ru-RU\",\"@id\":\"https:\/\/beebipood.ee\/ru\/#\/schema\/logo\/image\/\",\"url\":\"https:\/\/beebipood.ee\/wp-content\/uploads\/2025\/03\/beebipood.ee-logo-1.svg\",\"contentUrl\":\"https:\/\/beebipood.ee\/wp-content\/uploads\/2025\/03\/beebipood.ee-logo-1.svg\",\"caption\":\"Beebipood\"},\"image\":{\"@id\":\"https:\/\/beebipood.ee\/ru\/#\/schema\/logo\/image\/\"}}]}<\/script>\n<!-- \/ Yoast SEO plugin. -->","yoast_head_json":{"title":"Kombivoodi Dalia hall voodikastiga, \u0414\u0435\u0442\u0441\u043a\u0438e \u043a\u0440\u043e\u0432\u0430\u0442\u043a\u0438, \u043f\u0435\u0440\u0435\u043d\u043e\u0441\u043d\u044b\u0435 \u043a\u0440\u043e\u0432\u0430\u0442\u043a\u0438, \u043b\u044e\u043b\u044c\u043a\u0438, \u0414\u0435\u0442\u0441\u043a\u0438e \u043a\u0440\u043e\u0432\u0430\u0442\u043a\u0438, \u043c\u0430\u0442\u0440\u0430\u0441 70x140, M\u0435\u0431\u0435\u043b\u044c, Beebipood","description":"Kombivoodi Dalia hall voodikastiga, puidust ja kvaliteetsest m&ouml;&ouml;bliplaadist valmistatud kombivoodi&nbsp; viimistlus: valge ja roos","robots":{"index":"index","follow":"follow","max-snippet":"max-snippet:-1","max-image-preview":"max-image-preview:large","max-video-preview":"max-video-preview:-1"},"canonical":"https:\/\/beebipood.ee\/ru\/produkt\/kombivoodi-dalia-hall-voodikastiga\/","og_locale":"ru_RU","og_type":"article","og_title":"Kombivoodi Dalia hall voodikastiga, \u0414\u0435\u0442\u0441\u043a\u0438e \u043a\u0440\u043e\u0432\u0430\u0442\u043a\u0438, \u043f\u0435\u0440\u0435\u043d\u043e\u0441\u043d\u044b\u0435 \u043a\u0440\u043e\u0432\u0430\u0442\u043a\u0438, \u043b\u044e\u043b\u044c\u043a\u0438, \u0414\u0435\u0442\u0441\u043a\u0438e \u043a\u0440\u043e\u0432\u0430\u0442\u043a\u0438, \u043c\u0430\u0442\u0440\u0430\u0441 70x140, M\u0435\u0431\u0435\u043b\u044c, Beebipood","og_description":"Kombivoodi Dalia hall voodikastiga, puidust ja kvaliteetsest m&ouml;&ouml;bliplaadist valmistatud kombivoodi&nbsp; viimistlus: valge ja roos","og_url":"https:\/\/beebipood.ee\/ru\/produkt\/kombivoodi-dalia-hall-voodikastiga\/","og_site_name":"Beebipood","article_modified_time":"2025-01-09T08:50:41+00:00","og_image":[{"width":1200,"height":847,"url":"https:\/\/beebipood.ee\/wp-content\/uploads\/2015\/06\/Kombivoodi-Dalia-hall-voodikastiga-Beebivoodid-reisivoodid-hallid-Vorevoodid-madratsile-70x140_3-1ab.jpg","type":"image\/jpeg"}],"twitter_card":"summary_large_image","schema":{"@context":"https:\/\/schema.org","@graph":[{"@type":"WebPage","@id":"https:\/\/beebipood.ee\/ru\/produkt\/kombivoodi-dalia-hall-voodikastiga\/","url":"https:\/\/beebipood.ee\/ru\/produkt\/kombivoodi-dalia-hall-voodikastiga\/","name":"Kombivoodi Dalia hall voodikastiga, \u0414\u0435\u0442\u0441\u043a\u0438e \u043a\u0440\u043e\u0432\u0430\u0442\u043a\u0438, \u043f\u0435\u0440\u0435\u043d\u043e\u0441\u043d\u044b\u0435 \u043a\u0440\u043e\u0432\u0430\u0442\u043a\u0438, \u043b\u044e\u043b\u044c\u043a\u0438, \u0414\u0435\u0442\u0441\u043a\u0438e \u043a\u0440\u043e\u0432\u0430\u0442\u043a\u0438, \u043c\u0430\u0442\u0440\u0430\u0441 70x140, M\u0435\u0431\u0435\u043b\u044c, Beebipood","isPartOf":{"@id":"https:\/\/beebipood.ee\/ru\/#website"},"primaryImageOfPage":{"@id":"https:\/\/beebipood.ee\/ru\/produkt\/kombivoodi-dalia-hall-voodikastiga\/#primaryimage"},"image":{"@id":"https:\/\/beebipood.ee\/ru\/produkt\/kombivoodi-dalia-hall-voodikastiga\/#primaryimage"},"thumbnailUrl":"https:\/\/beebipood.ee\/wp-content\/uploads\/2015\/06\/Kombivoodi-Dalia-hall-voodikastiga-Beebivoodid-reisivoodid-hallid-Vorevoodid-madratsile-70x140_3-1ab.jpg","datePublished":"2015-06-28T09:09:23+00:00","dateModified":"2025-01-09T08:50:41+00:00","description":"Kombivoodi Dalia hall voodikastiga, puidust ja kvaliteetsest m&ouml;&ouml;bliplaadist valmistatud kombivoodi&nbsp; viimistlus: valge ja roos","breadcrumb":{"@id":"https:\/\/beebipood.ee\/ru\/produkt\/kombivoodi-dalia-hall-voodikastiga\/#breadcrumb"},"inLanguage":"ru-RU","potentialAction":[{"@type":"ReadAction","target":["https:\/\/beebipood.ee\/ru\/produkt\/kombivoodi-dalia-hall-voodikastiga\/"]}]},{"@type":"ImageObject","inLanguage":"ru-RU","@id":"https:\/\/beebipood.ee\/ru\/produkt\/kombivoodi-dalia-hall-voodikastiga\/#primaryimage","url":"https:\/\/beebipood.ee\/wp-content\/uploads\/2015\/06\/Kombivoodi-Dalia-hall-voodikastiga-Beebivoodid-reisivoodid-hallid-Vorevoodid-madratsile-70x140_3-1ab.jpg","contentUrl":"https:\/\/beebipood.ee\/wp-content\/uploads\/2015\/06\/Kombivoodi-Dalia-hall-voodikastiga-Beebivoodid-reisivoodid-hallid-Vorevoodid-madratsile-70x140_3-1ab.jpg","width":1200,"height":847},{"@type":"BreadcrumbList","@id":"https:\/\/beebipood.ee\/ru\/produkt\/kombivoodi-dalia-hall-voodikastiga\/#breadcrumb","itemListElement":[{"@type":"ListItem","position":1,"name":"Home","item":"https:\/\/beebipood.ee\/ru\/"},{"@type":"ListItem","position":2,"name":"\u041a\u0430\u0442\u0430\u043b\u043e\u0433 \u0442\u043e\u0432\u0430\u0440\u043e\u0432","item":"https:\/\/beebipood.ee\/tooted\/"},{"@type":"ListItem","position":3,"name":"Kombivoodi Dalia hall voodikastiga"}]},{"@type":"WebSite","@id":"https:\/\/beebipood.ee\/ru\/#website","url":"https:\/\/beebipood.ee\/ru\/","name":"Beebipood","description":"Lastekaubad, beebikaubad, m\u00e4nguasjad","publisher":{"@id":"https:\/\/beebipood.ee\/ru\/#organization"},"potentialAction":[{"@type":"SearchAction","target":{"@type":"EntryPoint","urlTemplate":"https:\/\/beebipood.ee\/ru\/?s={search_term_string}"},"query-input":{"@type":"PropertyValueSpecification","valueRequired":true,"valueName":"search_term_string"}}],"inLanguage":"ru-RU"},{"@type":"Organization","@id":"https:\/\/beebipood.ee\/ru\/#organization","name":"Beebipood","url":"https:\/\/beebipood.ee\/ru\/","logo":{"@type":"ImageObject","inLanguage":"ru-RU","@id":"https:\/\/beebipood.ee\/ru\/#\/schema\/logo\/image\/","url":"https:\/\/beebipood.ee\/wp-content\/uploads\/2025\/03\/beebipood.ee-logo-1.svg","contentUrl":"https:\/\/beebipood.ee\/wp-content\/uploads\/2025\/03\/beebipood.ee-logo-1.svg","caption":"Beebipood"},"image":{"@id":"https:\/\/beebipood.ee\/ru\/#\/schema\/logo\/image\/"}}]}},"brands":[{"id":11946,"name":"Klups","slug":"klups-ru"}],"_links":{"self":[{"href":"https:\/\/beebipood.ee\/ru\/wp-json\/wp\/v2\/product\/456340","targetHints":{"allow":["GET"]}}],"collection":[{"href":"https:\/\/beebipood.ee\/ru\/wp-json\/wp\/v2\/product"}],"about":[{"href":"https:\/\/beebipood.ee\/ru\/wp-json\/wp\/v2\/types\/product"}],"wp:featuredmedia":[{"embeddable":true,"href":"https:\/\/beebipood.ee\/ru\/wp-json\/wp\/v2\/media\/106657"}],"wp:attachment":[{"href":"https:\/\/beebipood.ee\/ru\/wp-json\/wp\/v2\/media?parent=456340"}],"wp:term":[{"taxonomy":"pwb-brand","embeddable":true,"href":"https:\/\/beebipood.ee\/ru\/wp-json\/wp\/v2\/pwb-brand?post=456340"},{"taxonomy":"product_brand","embeddable":true,"href":"https:\/\/beebipood.ee\/ru\/wp-json\/wp\/v2\/product_brand?post=456340"},{"taxonomy":"product_cat","embeddable":true,"href":"https:\/\/beebipood.ee\/ru\/wp-json\/wp\/v2\/product_cat?post=456340"},{"taxonomy":"product_tag","embeddable":true,"href":"https:\/\/beebipood.ee\/ru\/wp-json\/wp\/v2\/product_tag?post=456340"}],"curies":[{"name":"wp","href":"https:\/\/api.w.org\/{rel}","templated":true}]}}