{"id":456344,"date":"2015-06-28T12:15:14","date_gmt":"2015-06-28T09:15:14","guid":{"rendered":"https:\/\/beebipood.ee\/toode\/riidekapp-dalia-3-hall\/"},"modified":"2025-01-09T10:50:41","modified_gmt":"2025-01-09T08:50:41","slug":"riidekapp-dalia-3-hall","status":"publish","type":"product","link":"https:\/\/beebipood.ee\/ru\/produkt\/riidekapp-dalia-3-hall\/","title":{"rendered":"Riidekapp Dalia 3 hall"},"content":{"rendered":"<ul>\n<li>kvaliteetsest m\u00f6\u00f6bliplaadist valmistatud riidekapp<\/li>\n<li>viimistlus: valge\u00a0ja hall<\/li>\n<li>riidekapil on <strong>kaks\u00a0<\/strong>ust<\/li>\n<li>parema uskse taga on\u00a0<strong>kaks\u00a0<\/strong><strong><span>stanget\u00a0<\/span><\/strong>riputatavate riiete jaoks<\/li>\n<li><span>vasaku uskse taga\u00a0on neli<strong>\u00a0riiulit<\/strong><\/span><\/li>\n<li>keskosas on <strong>kolm<\/strong> metallsiinidel <strong>sahtlit\u00a0<\/strong>ja<strong>\u00a0\u00fcks riiul<\/strong><\/li>\n<li>viimistlemisel on kasutatud ainult vee baasil v\u00e4rve ja lakke<\/li>\n<li><span>valmistatud EL&#8217;s<\/span><\/li>\n<li><span>toode vastab k\u00f5ikidele EN turvastandarditele<\/span><\/li>\n<\/ul>\n","protected":false},"excerpt":{"rendered":"<p>kvaliteetsest m\u00f6\u00f6bliplaadist valmistatud riidekapp viimistlus: valge\u00a0ja hall riidekapil on kaks\u00a0ust parema uskse taga on\u00a0kaks\u00a0stanget\u00a0riputatavate riiete jaoks vasaku uskse taga\u00a0on neli\u00a0riiulit keskosas on kolm metallsiinidel sahtlit\u00a0ja\u00a0\u00fcks riiul viimistlemisel on kasutatud ainult vee baasil v\u00e4rve ja lakke valmistatud EL&#8217;s toode vastab k\u00f5ikidele EN turvastandarditele<\/p>\n","protected":false},"featured_media":106673,"template":"","meta":{"_acf_changed":false},"pwb-brand":[11946],"product_brand":[],"product_cat":[11633,11631,11789],"product_tag":[],"class_list":{"0":"post-456344","1":"product","2":"type-product","3":"status-publish","4":"has-post-thumbnail","6":"pwb-brand-klups-ru","7":"product_cat-riidekapid-ru","8":"product_cat-kapid-riiulid-ru","9":"product_cat-lastemoobel-ja-sisustus-ru","10":"pa_manufacturer-klups-ru","12":"first","13":"onbackorder","14":"sale","15":"taxable","16":"shipping-taxable","17":"purchasable","18":"product-type-simple"},"exclude_global_add_ons":[],"addons":[],"acf":[],"yoast_head":"<!-- This site is optimized with the Yoast SEO plugin v27.1.1 - https:\/\/yoast.com\/product\/yoast-seo-wordpress\/ -->\n<title>Riidekapp Dalia 3 hall, \u0428\u043a\u0430\u0444\u044b, \u043f\u043e\u043b\u043a\u0438, \u041f\u043b\u0430\u0442\u044f\u043d\u044b\u0435 \u0448\u043a\u0430\u0444\u044b, M\u0435\u0431\u0435\u043b\u044c, Beebipood<\/title>\n<meta name=\"description\" content=\"Riidekapp Dalia 3 hall, kvaliteetsest m&ouml;&ouml;bliplaadist valmistatud riidekapp viimistlus: valge&nbsp;ja hall riidekapil on\" \/>\n<meta name=\"robots\" content=\"index, follow, max-snippet:-1, max-image-preview:large, max-video-preview:-1\" \/>\n<link rel=\"canonical\" href=\"https:\/\/beebipood.ee\/ru\/produkt\/riidekapp-dalia-3-hall\/\" \/>\n<meta property=\"og:locale\" content=\"ru_RU\" \/>\n<meta property=\"og:type\" content=\"article\" \/>\n<meta property=\"og:title\" content=\"Riidekapp Dalia 3 hall, \u0428\u043a\u0430\u0444\u044b, \u043f\u043e\u043b\u043a\u0438, \u041f\u043b\u0430\u0442\u044f\u043d\u044b\u0435 \u0448\u043a\u0430\u0444\u044b, M\u0435\u0431\u0435\u043b\u044c, Beebipood\" \/>\n<meta property=\"og:description\" content=\"Riidekapp Dalia 3 hall, kvaliteetsest m&ouml;&ouml;bliplaadist valmistatud riidekapp viimistlus: valge&nbsp;ja hall riidekapil on\" \/>\n<meta property=\"og:url\" content=\"https:\/\/beebipood.ee\/ru\/produkt\/riidekapp-dalia-3-hall\/\" \/>\n<meta property=\"og:site_name\" content=\"Beebipood\" \/>\n<meta property=\"article:modified_time\" content=\"2025-01-09T08:50:41+00:00\" \/>\n<meta property=\"og:image\" content=\"https:\/\/beebipood.ee\/wp-content\/uploads\/2015\/06\/Riidekapp-Dalia-3-hall-Kapid-riiulid-Riidekapid_4-bdd.jpg\" \/>\n\t<meta property=\"og:image:width\" content=\"1000\" \/>\n\t<meta property=\"og:image:height\" content=\"1000\" \/>\n\t<meta property=\"og:image:type\" content=\"image\/jpeg\" \/>\n<meta name=\"twitter:card\" content=\"summary_large_image\" \/>\n<script type=\"application\/ld+json\" class=\"yoast-schema-graph\">{\"@context\":\"https:\/\/schema.org\",\"@graph\":[{\"@type\":\"WebPage\",\"@id\":\"https:\/\/beebipood.ee\/ru\/produkt\/riidekapp-dalia-3-hall\/\",\"url\":\"https:\/\/beebipood.ee\/ru\/produkt\/riidekapp-dalia-3-hall\/\",\"name\":\"Riidekapp Dalia 3 hall, \u0428\u043a\u0430\u0444\u044b, \u043f\u043e\u043b\u043a\u0438, \u041f\u043b\u0430\u0442\u044f\u043d\u044b\u0435 \u0448\u043a\u0430\u0444\u044b, M\u0435\u0431\u0435\u043b\u044c, Beebipood\",\"isPartOf\":{\"@id\":\"https:\/\/beebipood.ee\/ru\/#website\"},\"primaryImageOfPage\":{\"@id\":\"https:\/\/beebipood.ee\/ru\/produkt\/riidekapp-dalia-3-hall\/#primaryimage\"},\"image\":{\"@id\":\"https:\/\/beebipood.ee\/ru\/produkt\/riidekapp-dalia-3-hall\/#primaryimage\"},\"thumbnailUrl\":\"https:\/\/beebipood.ee\/wp-content\/uploads\/2015\/06\/Riidekapp-Dalia-3-hall-Kapid-riiulid-Riidekapid_4-bdd.jpg\",\"datePublished\":\"2015-06-28T09:15:14+00:00\",\"dateModified\":\"2025-01-09T08:50:41+00:00\",\"description\":\"Riidekapp Dalia 3 hall, kvaliteetsest m&ouml;&ouml;bliplaadist valmistatud riidekapp viimistlus: valge&nbsp;ja hall riidekapil on\",\"breadcrumb\":{\"@id\":\"https:\/\/beebipood.ee\/ru\/produkt\/riidekapp-dalia-3-hall\/#breadcrumb\"},\"inLanguage\":\"ru-RU\",\"potentialAction\":[{\"@type\":\"ReadAction\",\"target\":[\"https:\/\/beebipood.ee\/ru\/produkt\/riidekapp-dalia-3-hall\/\"]}]},{\"@type\":\"ImageObject\",\"inLanguage\":\"ru-RU\",\"@id\":\"https:\/\/beebipood.ee\/ru\/produkt\/riidekapp-dalia-3-hall\/#primaryimage\",\"url\":\"https:\/\/beebipood.ee\/wp-content\/uploads\/2015\/06\/Riidekapp-Dalia-3-hall-Kapid-riiulid-Riidekapid_4-bdd.jpg\",\"contentUrl\":\"https:\/\/beebipood.ee\/wp-content\/uploads\/2015\/06\/Riidekapp-Dalia-3-hall-Kapid-riiulid-Riidekapid_4-bdd.jpg\",\"width\":1000,\"height\":1000},{\"@type\":\"BreadcrumbList\",\"@id\":\"https:\/\/beebipood.ee\/ru\/produkt\/riidekapp-dalia-3-hall\/#breadcrumb\",\"itemListElement\":[{\"@type\":\"ListItem\",\"position\":1,\"name\":\"Home\",\"item\":\"https:\/\/beebipood.ee\/ru\/\"},{\"@type\":\"ListItem\",\"position\":2,\"name\":\"\u041a\u0430\u0442\u0430\u043b\u043e\u0433 \u0442\u043e\u0432\u0430\u0440\u043e\u0432\",\"item\":\"https:\/\/beebipood.ee\/tooted\/\"},{\"@type\":\"ListItem\",\"position\":3,\"name\":\"Riidekapp Dalia 3 hall\"}]},{\"@type\":\"WebSite\",\"@id\":\"https:\/\/beebipood.ee\/ru\/#website\",\"url\":\"https:\/\/beebipood.ee\/ru\/\",\"name\":\"Beebipood\",\"description\":\"Lastekaubad, beebikaubad, m\u00e4nguasjad\",\"publisher\":{\"@id\":\"https:\/\/beebipood.ee\/ru\/#organization\"},\"potentialAction\":[{\"@type\":\"SearchAction\",\"target\":{\"@type\":\"EntryPoint\",\"urlTemplate\":\"https:\/\/beebipood.ee\/ru\/?s={search_term_string}\"},\"query-input\":{\"@type\":\"PropertyValueSpecification\",\"valueRequired\":true,\"valueName\":\"search_term_string\"}}],\"inLanguage\":\"ru-RU\"},{\"@type\":\"Organization\",\"@id\":\"https:\/\/beebipood.ee\/ru\/#organization\",\"name\":\"Beebipood\",\"url\":\"https:\/\/beebipood.ee\/ru\/\",\"logo\":{\"@type\":\"ImageObject\",\"inLanguage\":\"ru-RU\",\"@id\":\"https:\/\/beebipood.ee\/ru\/#\/schema\/logo\/image\/\",\"url\":\"https:\/\/beebipood.ee\/wp-content\/uploads\/2025\/03\/beebipood.ee-logo-1.svg\",\"contentUrl\":\"https:\/\/beebipood.ee\/wp-content\/uploads\/2025\/03\/beebipood.ee-logo-1.svg\",\"caption\":\"Beebipood\"},\"image\":{\"@id\":\"https:\/\/beebipood.ee\/ru\/#\/schema\/logo\/image\/\"}}]}<\/script>\n<!-- \/ Yoast SEO plugin. -->","yoast_head_json":{"title":"Riidekapp Dalia 3 hall, \u0428\u043a\u0430\u0444\u044b, \u043f\u043e\u043b\u043a\u0438, \u041f\u043b\u0430\u0442\u044f\u043d\u044b\u0435 \u0448\u043a\u0430\u0444\u044b, M\u0435\u0431\u0435\u043b\u044c, Beebipood","description":"Riidekapp Dalia 3 hall, kvaliteetsest m&ouml;&ouml;bliplaadist valmistatud riidekapp viimistlus: valge&nbsp;ja hall riidekapil on","robots":{"index":"index","follow":"follow","max-snippet":"max-snippet:-1","max-image-preview":"max-image-preview:large","max-video-preview":"max-video-preview:-1"},"canonical":"https:\/\/beebipood.ee\/ru\/produkt\/riidekapp-dalia-3-hall\/","og_locale":"ru_RU","og_type":"article","og_title":"Riidekapp Dalia 3 hall, \u0428\u043a\u0430\u0444\u044b, \u043f\u043e\u043b\u043a\u0438, \u041f\u043b\u0430\u0442\u044f\u043d\u044b\u0435 \u0448\u043a\u0430\u0444\u044b, M\u0435\u0431\u0435\u043b\u044c, Beebipood","og_description":"Riidekapp Dalia 3 hall, kvaliteetsest m&ouml;&ouml;bliplaadist valmistatud riidekapp viimistlus: valge&nbsp;ja hall riidekapil on","og_url":"https:\/\/beebipood.ee\/ru\/produkt\/riidekapp-dalia-3-hall\/","og_site_name":"Beebipood","article_modified_time":"2025-01-09T08:50:41+00:00","og_image":[{"width":1000,"height":1000,"url":"https:\/\/beebipood.ee\/wp-content\/uploads\/2015\/06\/Riidekapp-Dalia-3-hall-Kapid-riiulid-Riidekapid_4-bdd.jpg","type":"image\/jpeg"}],"twitter_card":"summary_large_image","schema":{"@context":"https:\/\/schema.org","@graph":[{"@type":"WebPage","@id":"https:\/\/beebipood.ee\/ru\/produkt\/riidekapp-dalia-3-hall\/","url":"https:\/\/beebipood.ee\/ru\/produkt\/riidekapp-dalia-3-hall\/","name":"Riidekapp Dalia 3 hall, \u0428\u043a\u0430\u0444\u044b, \u043f\u043e\u043b\u043a\u0438, \u041f\u043b\u0430\u0442\u044f\u043d\u044b\u0435 \u0448\u043a\u0430\u0444\u044b, M\u0435\u0431\u0435\u043b\u044c, Beebipood","isPartOf":{"@id":"https:\/\/beebipood.ee\/ru\/#website"},"primaryImageOfPage":{"@id":"https:\/\/beebipood.ee\/ru\/produkt\/riidekapp-dalia-3-hall\/#primaryimage"},"image":{"@id":"https:\/\/beebipood.ee\/ru\/produkt\/riidekapp-dalia-3-hall\/#primaryimage"},"thumbnailUrl":"https:\/\/beebipood.ee\/wp-content\/uploads\/2015\/06\/Riidekapp-Dalia-3-hall-Kapid-riiulid-Riidekapid_4-bdd.jpg","datePublished":"2015-06-28T09:15:14+00:00","dateModified":"2025-01-09T08:50:41+00:00","description":"Riidekapp Dalia 3 hall, kvaliteetsest m&ouml;&ouml;bliplaadist valmistatud riidekapp viimistlus: valge&nbsp;ja hall riidekapil on","breadcrumb":{"@id":"https:\/\/beebipood.ee\/ru\/produkt\/riidekapp-dalia-3-hall\/#breadcrumb"},"inLanguage":"ru-RU","potentialAction":[{"@type":"ReadAction","target":["https:\/\/beebipood.ee\/ru\/produkt\/riidekapp-dalia-3-hall\/"]}]},{"@type":"ImageObject","inLanguage":"ru-RU","@id":"https:\/\/beebipood.ee\/ru\/produkt\/riidekapp-dalia-3-hall\/#primaryimage","url":"https:\/\/beebipood.ee\/wp-content\/uploads\/2015\/06\/Riidekapp-Dalia-3-hall-Kapid-riiulid-Riidekapid_4-bdd.jpg","contentUrl":"https:\/\/beebipood.ee\/wp-content\/uploads\/2015\/06\/Riidekapp-Dalia-3-hall-Kapid-riiulid-Riidekapid_4-bdd.jpg","width":1000,"height":1000},{"@type":"BreadcrumbList","@id":"https:\/\/beebipood.ee\/ru\/produkt\/riidekapp-dalia-3-hall\/#breadcrumb","itemListElement":[{"@type":"ListItem","position":1,"name":"Home","item":"https:\/\/beebipood.ee\/ru\/"},{"@type":"ListItem","position":2,"name":"\u041a\u0430\u0442\u0430\u043b\u043e\u0433 \u0442\u043e\u0432\u0430\u0440\u043e\u0432","item":"https:\/\/beebipood.ee\/tooted\/"},{"@type":"ListItem","position":3,"name":"Riidekapp Dalia 3 hall"}]},{"@type":"WebSite","@id":"https:\/\/beebipood.ee\/ru\/#website","url":"https:\/\/beebipood.ee\/ru\/","name":"Beebipood","description":"Lastekaubad, beebikaubad, m\u00e4nguasjad","publisher":{"@id":"https:\/\/beebipood.ee\/ru\/#organization"},"potentialAction":[{"@type":"SearchAction","target":{"@type":"EntryPoint","urlTemplate":"https:\/\/beebipood.ee\/ru\/?s={search_term_string}"},"query-input":{"@type":"PropertyValueSpecification","valueRequired":true,"valueName":"search_term_string"}}],"inLanguage":"ru-RU"},{"@type":"Organization","@id":"https:\/\/beebipood.ee\/ru\/#organization","name":"Beebipood","url":"https:\/\/beebipood.ee\/ru\/","logo":{"@type":"ImageObject","inLanguage":"ru-RU","@id":"https:\/\/beebipood.ee\/ru\/#\/schema\/logo\/image\/","url":"https:\/\/beebipood.ee\/wp-content\/uploads\/2025\/03\/beebipood.ee-logo-1.svg","contentUrl":"https:\/\/beebipood.ee\/wp-content\/uploads\/2025\/03\/beebipood.ee-logo-1.svg","caption":"Beebipood"},"image":{"@id":"https:\/\/beebipood.ee\/ru\/#\/schema\/logo\/image\/"}}]}},"brands":[{"id":11946,"name":"Klups","slug":"klups-ru"}],"_links":{"self":[{"href":"https:\/\/beebipood.ee\/ru\/wp-json\/wp\/v2\/product\/456344","targetHints":{"allow":["GET"]}}],"collection":[{"href":"https:\/\/beebipood.ee\/ru\/wp-json\/wp\/v2\/product"}],"about":[{"href":"https:\/\/beebipood.ee\/ru\/wp-json\/wp\/v2\/types\/product"}],"wp:featuredmedia":[{"embeddable":true,"href":"https:\/\/beebipood.ee\/ru\/wp-json\/wp\/v2\/media\/106673"}],"wp:attachment":[{"href":"https:\/\/beebipood.ee\/ru\/wp-json\/wp\/v2\/media?parent=456344"}],"wp:term":[{"taxonomy":"pwb-brand","embeddable":true,"href":"https:\/\/beebipood.ee\/ru\/wp-json\/wp\/v2\/pwb-brand?post=456344"},{"taxonomy":"product_brand","embeddable":true,"href":"https:\/\/beebipood.ee\/ru\/wp-json\/wp\/v2\/product_brand?post=456344"},{"taxonomy":"product_cat","embeddable":true,"href":"https:\/\/beebipood.ee\/ru\/wp-json\/wp\/v2\/product_cat?post=456344"},{"taxonomy":"product_tag","embeddable":true,"href":"https:\/\/beebipood.ee\/ru\/wp-json\/wp\/v2\/product_tag?post=456344"}],"curies":[{"name":"wp","href":"https:\/\/api.w.org\/{rel}","templated":true}]}}