{"id":456364,"date":"2015-08-31T17:01:36","date_gmt":"2015-08-31T14:01:36","guid":{"rendered":"https:\/\/beebipood.ee\/toode\/mahkimiskummut-marsylia-mdf\/"},"modified":"2025-01-09T10:50:40","modified_gmt":"2025-01-09T08:50:40","slug":"mahkimiskummut-marsylia-mdf","status":"publish","type":"product","link":"https:\/\/beebipood.ee\/ru\/produkt\/mahkimiskummut-marsylia-mdf\/","title":{"rendered":"M\u00e4hkimiskummut Marsylia"},"content":{"rendered":"<ul>\n<li>tugev ja vastupidav kummut koos m\u00e4hkimislauaga<\/li>\n<li>valmistatud\u00a0v\u00e4rvitud MDF&#8217;st<\/li>\n<li>MDF on sertifitseeritud ja vastab Euroopa normidele ohutusn\u00f5uete ning vastupidavuse\u00a0seisukohalt<\/li>\n<li>viimistlus:\u00a0valge<\/li>\n<li>varustatud logoga La Mer (fr. Merele)\u00a0erinevad Prantsuse nimetused on l\u00e4biv elemant\u00a0<strong>Marsylia\u00a0<\/strong>sarjas<\/li>\n<li>sobib nii poisi kui t\u00fcdruku tuppa<\/li>\n<li>valmistamisel on kasutatud kaasaegset tehnoloogiat ja A-klass tarvikuid ning furnituure<\/li>\n<li><span>komplektis on <strong>eemaldatav<\/strong> m\u00e4hkimisalus<\/span><\/li>\n<li><span>m\u00e4hkimisaluseid m\u00f5\u00f5tu: <span>101x73cm<\/span> (ulatub v\u00e4lja taha)<\/span><\/li>\n<li>kummutil <strong>kaks<\/strong> ust ja \u00a0<strong>\u00fcks<\/strong> sahtel\u00a0<\/li>\n<li>sahtlid on varustatud aeglaselt sulguvate furnituuridega<\/li>\n<li>uste taga on \u00fcks riiul<\/li>\n<li>vaikne ja mugav kasutada<\/li>\n<li>viimistlemisel on kasutatud ainult sertifitseeritud orgaanilisi v\u00e4rve<\/li>\n<li>toode vastab k\u00f5ikidele\u00a0<strong>EN turvastandarditele<\/strong><\/li>\n<\/ul>\n","protected":false},"excerpt":{"rendered":"<p>tugev ja vastupidav kummut koos m\u00e4hkimislauaga valmistatud\u00a0v\u00e4rvitud MDF&#8217;st MDF on sertifitseeritud ja vastab Euroopa normidele ohutusn\u00f5uete ning vastupidavuse\u00a0seisukohalt viimistlus:\u00a0valge varustatud logoga La Mer (fr. Merele)\u00a0erinevad Prantsuse nimetused on l\u00e4biv elemant\u00a0Marsylia\u00a0sarjas sobib nii poisi kui t\u00fcdruku tuppa valmistamisel on kasutatud kaasaegset tehnoloogiat ja A-klass tarvikuid ning furnituure komplektis on eemaldatav m\u00e4hkimisalus m\u00e4hkimisaluseid m\u00f5\u00f5tu: 101x73cm (ulatub v\u00e4lja [&hellip;]<\/p>\n","protected":false},"featured_media":106817,"template":"","meta":{"_acf_changed":false},"pwb-brand":[],"product_brand":[],"product_cat":[11627,11711,11623],"product_tag":[],"class_list":{"0":"post-456364","1":"product","2":"type-product","3":"status-publish","4":"has-post-thumbnail","6":"product_cat-kummutid-ru","7":"product_cat-mahkimisalused-ja-riiulid-ru","8":"product_cat-kummutid-kastid-ru","10":"first","11":"onbackorder","12":"sale","13":"taxable","14":"shipping-taxable","15":"purchasable","16":"product-type-simple"},"exclude_global_add_ons":[],"addons":[],"acf":[],"yoast_head":"<!-- This site is optimized with the Yoast SEO plugin v27.3 - https:\/\/yoast.com\/product\/yoast-seo-wordpress\/ -->\n<title>M\u00e4hkimiskummut Marsylia, K\u043e\u043c\u043e\u0434\u044b, \u044f\u0449\u0438\u043a\u0438, K\u043e\u043c\u043e\u0434\u044b, \u041f\u0435\u043b\u0435\u043d\u0430\u043b\u044c\u043d\u044b\u0435 \u0441\u0442\u043e\u043b\u0438\u043a\u0438 \u0438 \u043f\u043e\u043b\u043a\u0438, Beebipood<\/title>\n<meta name=\"description\" content=\"M\u00e4hkimiskummut Marsylia, tugev ja vastupidav kummut koos m&auml;hkimislauaga valmistatud&nbsp;v&auml;rvitud MDF&#039;st MDF on sertifi\" \/>\n<meta name=\"robots\" content=\"index, follow, max-snippet:-1, max-image-preview:large, max-video-preview:-1\" \/>\n<link rel=\"canonical\" href=\"https:\/\/beebipood.ee\/ru\/produkt\/mahkimiskummut-marsylia-mdf\/\" \/>\n<meta property=\"og:locale\" content=\"ru_RU\" \/>\n<meta property=\"og:type\" content=\"article\" \/>\n<meta property=\"og:title\" content=\"M\u00e4hkimiskummut Marsylia, K\u043e\u043c\u043e\u0434\u044b, \u044f\u0449\u0438\u043a\u0438, K\u043e\u043c\u043e\u0434\u044b, \u041f\u0435\u043b\u0435\u043d\u0430\u043b\u044c\u043d\u044b\u0435 \u0441\u0442\u043e\u043b\u0438\u043a\u0438 \u0438 \u043f\u043e\u043b\u043a\u0438, Beebipood\" \/>\n<meta property=\"og:description\" content=\"M\u00e4hkimiskummut Marsylia, tugev ja vastupidav kummut koos m&auml;hkimislauaga valmistatud&nbsp;v&auml;rvitud MDF&#039;st MDF on sertifi\" \/>\n<meta property=\"og:url\" content=\"https:\/\/beebipood.ee\/ru\/produkt\/mahkimiskummut-marsylia-mdf\/\" \/>\n<meta property=\"og:site_name\" content=\"Beebipood\" \/>\n<meta property=\"article:modified_time\" content=\"2025-01-09T08:50:40+00:00\" \/>\n<meta property=\"og:image\" content=\"https:\/\/beebipood.ee\/wp-content\/uploads\/2015\/08\/Mahkimiskummut-Marsylia-MDF-Kummutid-kastid-Kummutid-Mahkimisalused-ja-riiulid_2-25a.jpg\" \/>\n\t<meta property=\"og:image:width\" content=\"789\" \/>\n\t<meta property=\"og:image:height\" content=\"629\" \/>\n\t<meta property=\"og:image:type\" content=\"image\/jpeg\" \/>\n<meta name=\"twitter:card\" content=\"summary_large_image\" \/>\n<meta name=\"twitter:label1\" content=\"\u041f\u0440\u0438\u043c\u0435\u0440\u043d\u043e\u0435 \u0432\u0440\u0435\u043c\u044f \u0434\u043b\u044f \u0447\u0442\u0435\u043d\u0438\u044f\" \/>\n\t<meta name=\"twitter:data1\" content=\"1 \u043c\u0438\u043d\u0443\u0442\u0430\" \/>\n<script type=\"application\/ld+json\" class=\"yoast-schema-graph\">{\"@context\":\"https:\\\/\\\/schema.org\",\"@graph\":[{\"@type\":\"WebPage\",\"@id\":\"https:\\\/\\\/beebipood.ee\\\/ru\\\/produkt\\\/mahkimiskummut-marsylia-mdf\\\/\",\"url\":\"https:\\\/\\\/beebipood.ee\\\/ru\\\/produkt\\\/mahkimiskummut-marsylia-mdf\\\/\",\"name\":\"M\u00e4hkimiskummut Marsylia, K\u043e\u043c\u043e\u0434\u044b, \u044f\u0449\u0438\u043a\u0438, K\u043e\u043c\u043e\u0434\u044b, \u041f\u0435\u043b\u0435\u043d\u0430\u043b\u044c\u043d\u044b\u0435 \u0441\u0442\u043e\u043b\u0438\u043a\u0438 \u0438 \u043f\u043e\u043b\u043a\u0438, Beebipood\",\"isPartOf\":{\"@id\":\"https:\\\/\\\/beebipood.ee\\\/ru\\\/#website\"},\"primaryImageOfPage\":{\"@id\":\"https:\\\/\\\/beebipood.ee\\\/ru\\\/produkt\\\/mahkimiskummut-marsylia-mdf\\\/#primaryimage\"},\"image\":{\"@id\":\"https:\\\/\\\/beebipood.ee\\\/ru\\\/produkt\\\/mahkimiskummut-marsylia-mdf\\\/#primaryimage\"},\"thumbnailUrl\":\"https:\\\/\\\/beebipood.ee\\\/wp-content\\\/uploads\\\/2015\\\/08\\\/Mahkimiskummut-Marsylia-MDF-Kummutid-kastid-Kummutid-Mahkimisalused-ja-riiulid_2-25a.jpg\",\"datePublished\":\"2015-08-31T14:01:36+00:00\",\"dateModified\":\"2025-01-09T08:50:40+00:00\",\"description\":\"M\u00e4hkimiskummut Marsylia, tugev ja vastupidav kummut koos m&auml;hkimislauaga valmistatud&nbsp;v&auml;rvitud MDF'st MDF on sertifi\",\"breadcrumb\":{\"@id\":\"https:\\\/\\\/beebipood.ee\\\/ru\\\/produkt\\\/mahkimiskummut-marsylia-mdf\\\/#breadcrumb\"},\"inLanguage\":\"ru-RU\",\"potentialAction\":[{\"@type\":\"ReadAction\",\"target\":[\"https:\\\/\\\/beebipood.ee\\\/ru\\\/produkt\\\/mahkimiskummut-marsylia-mdf\\\/\"]}]},{\"@type\":\"ImageObject\",\"inLanguage\":\"ru-RU\",\"@id\":\"https:\\\/\\\/beebipood.ee\\\/ru\\\/produkt\\\/mahkimiskummut-marsylia-mdf\\\/#primaryimage\",\"url\":\"https:\\\/\\\/beebipood.ee\\\/wp-content\\\/uploads\\\/2015\\\/08\\\/Mahkimiskummut-Marsylia-MDF-Kummutid-kastid-Kummutid-Mahkimisalused-ja-riiulid_2-25a.jpg\",\"contentUrl\":\"https:\\\/\\\/beebipood.ee\\\/wp-content\\\/uploads\\\/2015\\\/08\\\/Mahkimiskummut-Marsylia-MDF-Kummutid-kastid-Kummutid-Mahkimisalused-ja-riiulid_2-25a.jpg\",\"width\":789,\"height\":629},{\"@type\":\"BreadcrumbList\",\"@id\":\"https:\\\/\\\/beebipood.ee\\\/ru\\\/produkt\\\/mahkimiskummut-marsylia-mdf\\\/#breadcrumb\",\"itemListElement\":[{\"@type\":\"ListItem\",\"position\":1,\"name\":\"Home\",\"item\":\"https:\\\/\\\/beebipood.ee\\\/ru\\\/\"},{\"@type\":\"ListItem\",\"position\":2,\"name\":\"\u041a\u0430\u0442\u0430\u043b\u043e\u0433 \u0442\u043e\u0432\u0430\u0440\u043e\u0432\",\"item\":\"https:\\\/\\\/beebipood.ee\\\/tooted\\\/\"},{\"@type\":\"ListItem\",\"position\":3,\"name\":\"M\u00e4hkimiskummut Marsylia\"}]},{\"@type\":\"WebSite\",\"@id\":\"https:\\\/\\\/beebipood.ee\\\/ru\\\/#website\",\"url\":\"https:\\\/\\\/beebipood.ee\\\/ru\\\/\",\"name\":\"Beebipood\",\"description\":\"Lastekaubad, beebikaubad, m\u00e4nguasjad\",\"publisher\":{\"@id\":\"https:\\\/\\\/beebipood.ee\\\/ru\\\/#organization\"},\"potentialAction\":[{\"@type\":\"SearchAction\",\"target\":{\"@type\":\"EntryPoint\",\"urlTemplate\":\"https:\\\/\\\/beebipood.ee\\\/ru\\\/?s={search_term_string}\"},\"query-input\":{\"@type\":\"PropertyValueSpecification\",\"valueRequired\":true,\"valueName\":\"search_term_string\"}}],\"inLanguage\":\"ru-RU\"},{\"@type\":\"Organization\",\"@id\":\"https:\\\/\\\/beebipood.ee\\\/ru\\\/#organization\",\"name\":\"Beebipood\",\"url\":\"https:\\\/\\\/beebipood.ee\\\/ru\\\/\",\"logo\":{\"@type\":\"ImageObject\",\"inLanguage\":\"ru-RU\",\"@id\":\"https:\\\/\\\/beebipood.ee\\\/ru\\\/#\\\/schema\\\/logo\\\/image\\\/\",\"url\":\"https:\\\/\\\/beebipood.ee\\\/wp-content\\\/uploads\\\/2025\\\/03\\\/beebipood.ee-logo-1.svg\",\"contentUrl\":\"https:\\\/\\\/beebipood.ee\\\/wp-content\\\/uploads\\\/2025\\\/03\\\/beebipood.ee-logo-1.svg\",\"caption\":\"Beebipood\"},\"image\":{\"@id\":\"https:\\\/\\\/beebipood.ee\\\/ru\\\/#\\\/schema\\\/logo\\\/image\\\/\"}}]}<\/script>\n<!-- \/ Yoast SEO plugin. -->","yoast_head_json":{"title":"M\u00e4hkimiskummut Marsylia, K\u043e\u043c\u043e\u0434\u044b, \u044f\u0449\u0438\u043a\u0438, K\u043e\u043c\u043e\u0434\u044b, \u041f\u0435\u043b\u0435\u043d\u0430\u043b\u044c\u043d\u044b\u0435 \u0441\u0442\u043e\u043b\u0438\u043a\u0438 \u0438 \u043f\u043e\u043b\u043a\u0438, Beebipood","description":"M\u00e4hkimiskummut Marsylia, tugev ja vastupidav kummut koos m&auml;hkimislauaga valmistatud&nbsp;v&auml;rvitud MDF'st MDF on sertifi","robots":{"index":"index","follow":"follow","max-snippet":"max-snippet:-1","max-image-preview":"max-image-preview:large","max-video-preview":"max-video-preview:-1"},"canonical":"https:\/\/beebipood.ee\/ru\/produkt\/mahkimiskummut-marsylia-mdf\/","og_locale":"ru_RU","og_type":"article","og_title":"M\u00e4hkimiskummut Marsylia, K\u043e\u043c\u043e\u0434\u044b, \u044f\u0449\u0438\u043a\u0438, K\u043e\u043c\u043e\u0434\u044b, \u041f\u0435\u043b\u0435\u043d\u0430\u043b\u044c\u043d\u044b\u0435 \u0441\u0442\u043e\u043b\u0438\u043a\u0438 \u0438 \u043f\u043e\u043b\u043a\u0438, Beebipood","og_description":"M\u00e4hkimiskummut Marsylia, tugev ja vastupidav kummut koos m&auml;hkimislauaga valmistatud&nbsp;v&auml;rvitud MDF'st MDF on sertifi","og_url":"https:\/\/beebipood.ee\/ru\/produkt\/mahkimiskummut-marsylia-mdf\/","og_site_name":"Beebipood","article_modified_time":"2025-01-09T08:50:40+00:00","og_image":[{"width":789,"height":629,"url":"https:\/\/beebipood.ee\/wp-content\/uploads\/2015\/08\/Mahkimiskummut-Marsylia-MDF-Kummutid-kastid-Kummutid-Mahkimisalused-ja-riiulid_2-25a.jpg","type":"image\/jpeg"}],"twitter_card":"summary_large_image","twitter_misc":{"\u041f\u0440\u0438\u043c\u0435\u0440\u043d\u043e\u0435 \u0432\u0440\u0435\u043c\u044f \u0434\u043b\u044f \u0447\u0442\u0435\u043d\u0438\u044f":"1 \u043c\u0438\u043d\u0443\u0442\u0430"},"schema":{"@context":"https:\/\/schema.org","@graph":[{"@type":"WebPage","@id":"https:\/\/beebipood.ee\/ru\/produkt\/mahkimiskummut-marsylia-mdf\/","url":"https:\/\/beebipood.ee\/ru\/produkt\/mahkimiskummut-marsylia-mdf\/","name":"M\u00e4hkimiskummut Marsylia, K\u043e\u043c\u043e\u0434\u044b, \u044f\u0449\u0438\u043a\u0438, K\u043e\u043c\u043e\u0434\u044b, \u041f\u0435\u043b\u0435\u043d\u0430\u043b\u044c\u043d\u044b\u0435 \u0441\u0442\u043e\u043b\u0438\u043a\u0438 \u0438 \u043f\u043e\u043b\u043a\u0438, Beebipood","isPartOf":{"@id":"https:\/\/beebipood.ee\/ru\/#website"},"primaryImageOfPage":{"@id":"https:\/\/beebipood.ee\/ru\/produkt\/mahkimiskummut-marsylia-mdf\/#primaryimage"},"image":{"@id":"https:\/\/beebipood.ee\/ru\/produkt\/mahkimiskummut-marsylia-mdf\/#primaryimage"},"thumbnailUrl":"https:\/\/beebipood.ee\/wp-content\/uploads\/2015\/08\/Mahkimiskummut-Marsylia-MDF-Kummutid-kastid-Kummutid-Mahkimisalused-ja-riiulid_2-25a.jpg","datePublished":"2015-08-31T14:01:36+00:00","dateModified":"2025-01-09T08:50:40+00:00","description":"M\u00e4hkimiskummut Marsylia, tugev ja vastupidav kummut koos m&auml;hkimislauaga valmistatud&nbsp;v&auml;rvitud MDF'st MDF on sertifi","breadcrumb":{"@id":"https:\/\/beebipood.ee\/ru\/produkt\/mahkimiskummut-marsylia-mdf\/#breadcrumb"},"inLanguage":"ru-RU","potentialAction":[{"@type":"ReadAction","target":["https:\/\/beebipood.ee\/ru\/produkt\/mahkimiskummut-marsylia-mdf\/"]}]},{"@type":"ImageObject","inLanguage":"ru-RU","@id":"https:\/\/beebipood.ee\/ru\/produkt\/mahkimiskummut-marsylia-mdf\/#primaryimage","url":"https:\/\/beebipood.ee\/wp-content\/uploads\/2015\/08\/Mahkimiskummut-Marsylia-MDF-Kummutid-kastid-Kummutid-Mahkimisalused-ja-riiulid_2-25a.jpg","contentUrl":"https:\/\/beebipood.ee\/wp-content\/uploads\/2015\/08\/Mahkimiskummut-Marsylia-MDF-Kummutid-kastid-Kummutid-Mahkimisalused-ja-riiulid_2-25a.jpg","width":789,"height":629},{"@type":"BreadcrumbList","@id":"https:\/\/beebipood.ee\/ru\/produkt\/mahkimiskummut-marsylia-mdf\/#breadcrumb","itemListElement":[{"@type":"ListItem","position":1,"name":"Home","item":"https:\/\/beebipood.ee\/ru\/"},{"@type":"ListItem","position":2,"name":"\u041a\u0430\u0442\u0430\u043b\u043e\u0433 \u0442\u043e\u0432\u0430\u0440\u043e\u0432","item":"https:\/\/beebipood.ee\/tooted\/"},{"@type":"ListItem","position":3,"name":"M\u00e4hkimiskummut Marsylia"}]},{"@type":"WebSite","@id":"https:\/\/beebipood.ee\/ru\/#website","url":"https:\/\/beebipood.ee\/ru\/","name":"Beebipood","description":"Lastekaubad, beebikaubad, m\u00e4nguasjad","publisher":{"@id":"https:\/\/beebipood.ee\/ru\/#organization"},"potentialAction":[{"@type":"SearchAction","target":{"@type":"EntryPoint","urlTemplate":"https:\/\/beebipood.ee\/ru\/?s={search_term_string}"},"query-input":{"@type":"PropertyValueSpecification","valueRequired":true,"valueName":"search_term_string"}}],"inLanguage":"ru-RU"},{"@type":"Organization","@id":"https:\/\/beebipood.ee\/ru\/#organization","name":"Beebipood","url":"https:\/\/beebipood.ee\/ru\/","logo":{"@type":"ImageObject","inLanguage":"ru-RU","@id":"https:\/\/beebipood.ee\/ru\/#\/schema\/logo\/image\/","url":"https:\/\/beebipood.ee\/wp-content\/uploads\/2025\/03\/beebipood.ee-logo-1.svg","contentUrl":"https:\/\/beebipood.ee\/wp-content\/uploads\/2025\/03\/beebipood.ee-logo-1.svg","caption":"Beebipood"},"image":{"@id":"https:\/\/beebipood.ee\/ru\/#\/schema\/logo\/image\/"}}]}},"brands":[],"_links":{"self":[{"href":"https:\/\/beebipood.ee\/ru\/wp-json\/wp\/v2\/product\/456364","targetHints":{"allow":["GET"]}}],"collection":[{"href":"https:\/\/beebipood.ee\/ru\/wp-json\/wp\/v2\/product"}],"about":[{"href":"https:\/\/beebipood.ee\/ru\/wp-json\/wp\/v2\/types\/product"}],"wp:featuredmedia":[{"embeddable":true,"href":"https:\/\/beebipood.ee\/ru\/wp-json\/wp\/v2\/media\/106817"}],"wp:attachment":[{"href":"https:\/\/beebipood.ee\/ru\/wp-json\/wp\/v2\/media?parent=456364"}],"wp:term":[{"taxonomy":"pwb-brand","embeddable":true,"href":"https:\/\/beebipood.ee\/ru\/wp-json\/wp\/v2\/pwb-brand?post=456364"},{"taxonomy":"product_brand","embeddable":true,"href":"https:\/\/beebipood.ee\/ru\/wp-json\/wp\/v2\/product_brand?post=456364"},{"taxonomy":"product_cat","embeddable":true,"href":"https:\/\/beebipood.ee\/ru\/wp-json\/wp\/v2\/product_cat?post=456364"},{"taxonomy":"product_tag","embeddable":true,"href":"https:\/\/beebipood.ee\/ru\/wp-json\/wp\/v2\/product_tag?post=456364"}],"curies":[{"name":"wp","href":"https:\/\/api.w.org\/{rel}","templated":true}]}}