{"id":456398,"date":"2016-01-24T11:08:54","date_gmt":"2016-01-24T09:08:54","guid":{"rendered":"https:\/\/beebipood.ee\/toode\/babydan-alma-turvavarav\/"},"modified":"2025-01-09T10:50:38","modified_gmt":"2025-01-09T08:50:38","slug":"babydan-alma-turvavarav","status":"publish","type":"product","link":"https:\/\/beebipood.ee\/ru\/produkt\/babydan-alma-turvavarav\/","title":{"rendered":"BabyDan Alma turvav\u00e4rav, white"},"content":{"rendered":"<p>Alma turvav\u00e4rav on lasteturvalisuse maailmas \u00fcks k\u00f5ige innovaatilisemaid tooteid. <br \/>Selle kompaktne s\u00fcsteem v\u00f5imaldab v\u00e4ravat paigaldada just sellistesse kohtadesse, <br \/>kus tavalise turvav\u00e4rava jaoks ei ole ruumi. <br \/>BabyDan Alma turvav\u00e4rav on avatud asendis pea n\u00e4htamatu, <br \/>mist\u00f5ttu sobib ta ideaalselt kaasaegsetesse kodudesse.<br \/><span style=\"text-decoration: underline;\"><br \/>Omadused<\/span><br \/>Kruvidega seina k\u00fclge kinnitatav<br \/>Turvav\u00e4rava avamine on imelihtne, <br \/>vajutage vaid k\u00e4epideme k\u00f5rval olevat nuppu ja t\u00f5mmake v\u00e4lja<br \/>Turvav\u00e4rav voldib automaatselt end lahti<br \/>Paindlik ja lihtne paigaldus &#8212; ideaalne kitsaste avade jaoks<br \/>V\u00f5imalik kinnitada nii ukseraami sisemisele kui ka v\u00e4limisele k\u00fcljele<br \/>Vastab Euroopa turvastandardile EN1930:2011<br \/>Toodetud Taanis<br \/>Materjal: plastik (100% PVC vaba)<br \/>Patenteeritud toode<br \/><span style=\"text-decoration: underline;\">N\u00e4itajad<\/span><br \/>Alma turvav\u00e4rav katab avad vahemikus 55 kuni 89cm. <br \/>Lisades juurde pikenduskomplekti, <br \/>on teil v\u00f5imalik katta \u00e4ra vahemikud kuni 113,5cm (pikendused saadaval eraldi).<br \/>Avause laiused:<br \/>ukseraami sisemistele k\u00fclgedele kinnitades 64,5 &#8212; 89cm<br \/>ukseraami v\u00e4limistele k\u00fclgedele kinnitades 55 &#8212; 79,5cm<br \/>Turvav\u00e4rava k\u00f5rgus 72,5cm<\/p>\n","protected":false},"excerpt":{"rendered":"<p>Alma turvav\u00e4rav on lasteturvalisuse maailmas \u00fcks k\u00f5ige innovaatilisemaid tooteid. Selle kompaktne s\u00fcsteem v\u00f5imaldab v\u00e4ravat paigaldada just sellistesse kohtadesse, kus tavalise turvav\u00e4rava jaoks ei ole ruumi. BabyDan Alma turvav\u00e4rav on avatud asendis pea n\u00e4htamatu, mist\u00f5ttu sobib ta ideaalselt kaasaegsetesse kodudesse.OmadusedKruvidega seina k\u00fclge kinnitatavTurvav\u00e4rava avamine on imelihtne, vajutage vaid k\u00e4epideme k\u00f5rval olevat nuppu ja t\u00f5mmake v\u00e4ljaTurvav\u00e4rav voldib [&hellip;]<\/p>\n","protected":false},"featured_media":106971,"template":"","meta":{"_acf_changed":false},"pwb-brand":[11971],"product_brand":[],"product_cat":[11703,11705,11791],"product_tag":[],"class_list":{"0":"post-456398","1":"product","2":"type-product","3":"status-publish","4":"has-post-thumbnail","6":"pwb-brand-babydan-ru","7":"product_cat-turvalisus-maneezid-turvavaravad-piirded-ru","8":"product_cat-turvavaravad-ru","9":"product_cat-turvavarustus-ru","10":"pa_manufacturer-babydan-ru","12":"first","13":"onbackorder","14":"taxable","15":"shipping-taxable","16":"purchasable","17":"product-type-simple"},"exclude_global_add_ons":[],"addons":[],"acf":[],"yoast_head":"<!-- This site is optimized with the Yoast SEO plugin v27.1.1 - https:\/\/yoast.com\/product\/yoast-seo-wordpress\/ -->\n<title>BabyDan Alma turvav\u00e4rav, white, \u0411\u0435\u0437\u043e\u043f\u0430\u0441\u043d\u043e\u0441\u0442\u044c, \u0432\u043e\u0440\u043e\u0442\u0430 \u0431\u0435\u0437\u043e\u043f\u0430\u0441\u043d\u043e\u0441\u0442\u0438,\u043c\u0430\u043d\u0435\u0436\u0438, \u0412\u043e\u0440\u043e\u0442\u0430 \u0431\u0435\u0437\u043e\u043f\u0430\u0441\u043d\u043e\u0441\u0442\u0438, \u0421\u043d\u0430\u0440\u044f\u0436\u0435\u043d\u0438\u044f \u0431\u0435\u0437\u043e\u043f\u0430\u0441\u043d\u043e\u0441\u0442\u0438, Beebipood<\/title>\n<meta name=\"description\" content=\"BabyDan Alma turvav\u00e4rav, white, Alma turvav&auml;rav on lasteturvalisuse maailmas &uuml;ks k&otilde;ige innovaatilisemaid tooteid. Selle kompaktne s&amp;u\" \/>\n<meta name=\"robots\" content=\"index, follow, max-snippet:-1, max-image-preview:large, max-video-preview:-1\" \/>\n<link rel=\"canonical\" href=\"https:\/\/beebipood.ee\/ru\/produkt\/babydan-alma-turvavarav\/\" \/>\n<meta property=\"og:locale\" content=\"ru_RU\" \/>\n<meta property=\"og:type\" content=\"article\" \/>\n<meta property=\"og:title\" content=\"BabyDan Alma turvav\u00e4rav, white, \u0411\u0435\u0437\u043e\u043f\u0430\u0441\u043d\u043e\u0441\u0442\u044c, \u0432\u043e\u0440\u043e\u0442\u0430 \u0431\u0435\u0437\u043e\u043f\u0430\u0441\u043d\u043e\u0441\u0442\u0438,\u043c\u0430\u043d\u0435\u0436\u0438, \u0412\u043e\u0440\u043e\u0442\u0430 \u0431\u0435\u0437\u043e\u043f\u0430\u0441\u043d\u043e\u0441\u0442\u0438, \u0421\u043d\u0430\u0440\u044f\u0436\u0435\u043d\u0438\u044f \u0431\u0435\u0437\u043e\u043f\u0430\u0441\u043d\u043e\u0441\u0442\u0438, Beebipood\" \/>\n<meta property=\"og:description\" content=\"BabyDan Alma turvav\u00e4rav, white, Alma turvav&auml;rav on lasteturvalisuse maailmas &uuml;ks k&otilde;ige innovaatilisemaid tooteid. Selle kompaktne s&amp;u\" \/>\n<meta property=\"og:url\" content=\"https:\/\/beebipood.ee\/ru\/produkt\/babydan-alma-turvavarav\/\" \/>\n<meta property=\"og:site_name\" content=\"Beebipood\" \/>\n<meta property=\"article:modified_time\" content=\"2025-01-09T08:50:38+00:00\" \/>\n<meta property=\"og:image\" content=\"https:\/\/beebipood.ee\/wp-content\/uploads\/2016\/01\/BabyDan-Alma-turvavarav-UUED-TOOTED-Turvalisus-maneeid-turvavaravad-piirded-Turvavaravad-Turvavarustus_4-64a.jpg\" \/>\n\t<meta property=\"og:image:width\" content=\"675\" \/>\n\t<meta property=\"og:image:height\" content=\"900\" \/>\n\t<meta property=\"og:image:type\" content=\"image\/jpeg\" \/>\n<meta name=\"twitter:card\" content=\"summary_large_image\" \/>\n<meta name=\"twitter:label1\" content=\"\u041f\u0440\u0438\u043c\u0435\u0440\u043d\u043e\u0435 \u0432\u0440\u0435\u043c\u044f \u0434\u043b\u044f \u0447\u0442\u0435\u043d\u0438\u044f\" \/>\n\t<meta name=\"twitter:data1\" content=\"1 \u043c\u0438\u043d\u0443\u0442\u0430\" \/>\n<script type=\"application\/ld+json\" class=\"yoast-schema-graph\">{\"@context\":\"https:\/\/schema.org\",\"@graph\":[{\"@type\":\"WebPage\",\"@id\":\"https:\/\/beebipood.ee\/ru\/produkt\/babydan-alma-turvavarav\/\",\"url\":\"https:\/\/beebipood.ee\/ru\/produkt\/babydan-alma-turvavarav\/\",\"name\":\"BabyDan Alma turvav\u00e4rav, white, \u0411\u0435\u0437\u043e\u043f\u0430\u0441\u043d\u043e\u0441\u0442\u044c, \u0432\u043e\u0440\u043e\u0442\u0430 \u0431\u0435\u0437\u043e\u043f\u0430\u0441\u043d\u043e\u0441\u0442\u0438,\u043c\u0430\u043d\u0435\u0436\u0438, \u0412\u043e\u0440\u043e\u0442\u0430 \u0431\u0435\u0437\u043e\u043f\u0430\u0441\u043d\u043e\u0441\u0442\u0438, \u0421\u043d\u0430\u0440\u044f\u0436\u0435\u043d\u0438\u044f \u0431\u0435\u0437\u043e\u043f\u0430\u0441\u043d\u043e\u0441\u0442\u0438, Beebipood\",\"isPartOf\":{\"@id\":\"https:\/\/beebipood.ee\/ru\/#website\"},\"primaryImageOfPage\":{\"@id\":\"https:\/\/beebipood.ee\/ru\/produkt\/babydan-alma-turvavarav\/#primaryimage\"},\"image\":{\"@id\":\"https:\/\/beebipood.ee\/ru\/produkt\/babydan-alma-turvavarav\/#primaryimage\"},\"thumbnailUrl\":\"https:\/\/beebipood.ee\/wp-content\/uploads\/2016\/01\/BabyDan-Alma-turvavarav-UUED-TOOTED-Turvalisus-maneeid-turvavaravad-piirded-Turvavaravad-Turvavarustus_4-64a.jpg\",\"datePublished\":\"2016-01-24T09:08:54+00:00\",\"dateModified\":\"2025-01-09T08:50:38+00:00\",\"description\":\"BabyDan Alma turvav\u00e4rav, white, Alma turvav&auml;rav on lasteturvalisuse maailmas &uuml;ks k&otilde;ige innovaatilisemaid tooteid. Selle kompaktne s&u\",\"breadcrumb\":{\"@id\":\"https:\/\/beebipood.ee\/ru\/produkt\/babydan-alma-turvavarav\/#breadcrumb\"},\"inLanguage\":\"ru-RU\",\"potentialAction\":[{\"@type\":\"ReadAction\",\"target\":[\"https:\/\/beebipood.ee\/ru\/produkt\/babydan-alma-turvavarav\/\"]}]},{\"@type\":\"ImageObject\",\"inLanguage\":\"ru-RU\",\"@id\":\"https:\/\/beebipood.ee\/ru\/produkt\/babydan-alma-turvavarav\/#primaryimage\",\"url\":\"https:\/\/beebipood.ee\/wp-content\/uploads\/2016\/01\/BabyDan-Alma-turvavarav-UUED-TOOTED-Turvalisus-maneeid-turvavaravad-piirded-Turvavaravad-Turvavarustus_4-64a.jpg\",\"contentUrl\":\"https:\/\/beebipood.ee\/wp-content\/uploads\/2016\/01\/BabyDan-Alma-turvavarav-UUED-TOOTED-Turvalisus-maneeid-turvavaravad-piirded-Turvavaravad-Turvavarustus_4-64a.jpg\",\"width\":675,\"height\":900},{\"@type\":\"BreadcrumbList\",\"@id\":\"https:\/\/beebipood.ee\/ru\/produkt\/babydan-alma-turvavarav\/#breadcrumb\",\"itemListElement\":[{\"@type\":\"ListItem\",\"position\":1,\"name\":\"Home\",\"item\":\"https:\/\/beebipood.ee\/ru\/\"},{\"@type\":\"ListItem\",\"position\":2,\"name\":\"\u041a\u0430\u0442\u0430\u043b\u043e\u0433 \u0442\u043e\u0432\u0430\u0440\u043e\u0432\",\"item\":\"https:\/\/beebipood.ee\/tooted\/\"},{\"@type\":\"ListItem\",\"position\":3,\"name\":\"BabyDan Alma turvav\u00e4rav, white\"}]},{\"@type\":\"WebSite\",\"@id\":\"https:\/\/beebipood.ee\/ru\/#website\",\"url\":\"https:\/\/beebipood.ee\/ru\/\",\"name\":\"Beebipood\",\"description\":\"Lastekaubad, beebikaubad, m\u00e4nguasjad\",\"publisher\":{\"@id\":\"https:\/\/beebipood.ee\/ru\/#organization\"},\"potentialAction\":[{\"@type\":\"SearchAction\",\"target\":{\"@type\":\"EntryPoint\",\"urlTemplate\":\"https:\/\/beebipood.ee\/ru\/?s={search_term_string}\"},\"query-input\":{\"@type\":\"PropertyValueSpecification\",\"valueRequired\":true,\"valueName\":\"search_term_string\"}}],\"inLanguage\":\"ru-RU\"},{\"@type\":\"Organization\",\"@id\":\"https:\/\/beebipood.ee\/ru\/#organization\",\"name\":\"Beebipood\",\"url\":\"https:\/\/beebipood.ee\/ru\/\",\"logo\":{\"@type\":\"ImageObject\",\"inLanguage\":\"ru-RU\",\"@id\":\"https:\/\/beebipood.ee\/ru\/#\/schema\/logo\/image\/\",\"url\":\"https:\/\/beebipood.ee\/wp-content\/uploads\/2025\/03\/beebipood.ee-logo-1.svg\",\"contentUrl\":\"https:\/\/beebipood.ee\/wp-content\/uploads\/2025\/03\/beebipood.ee-logo-1.svg\",\"caption\":\"Beebipood\"},\"image\":{\"@id\":\"https:\/\/beebipood.ee\/ru\/#\/schema\/logo\/image\/\"}}]}<\/script>\n<!-- \/ Yoast SEO plugin. -->","yoast_head_json":{"title":"BabyDan Alma turvav\u00e4rav, white, \u0411\u0435\u0437\u043e\u043f\u0430\u0441\u043d\u043e\u0441\u0442\u044c, \u0432\u043e\u0440\u043e\u0442\u0430 \u0431\u0435\u0437\u043e\u043f\u0430\u0441\u043d\u043e\u0441\u0442\u0438,\u043c\u0430\u043d\u0435\u0436\u0438, \u0412\u043e\u0440\u043e\u0442\u0430 \u0431\u0435\u0437\u043e\u043f\u0430\u0441\u043d\u043e\u0441\u0442\u0438, \u0421\u043d\u0430\u0440\u044f\u0436\u0435\u043d\u0438\u044f \u0431\u0435\u0437\u043e\u043f\u0430\u0441\u043d\u043e\u0441\u0442\u0438, Beebipood","description":"BabyDan Alma turvav\u00e4rav, white, Alma turvav&auml;rav on lasteturvalisuse maailmas &uuml;ks k&otilde;ige innovaatilisemaid tooteid. Selle kompaktne s&u","robots":{"index":"index","follow":"follow","max-snippet":"max-snippet:-1","max-image-preview":"max-image-preview:large","max-video-preview":"max-video-preview:-1"},"canonical":"https:\/\/beebipood.ee\/ru\/produkt\/babydan-alma-turvavarav\/","og_locale":"ru_RU","og_type":"article","og_title":"BabyDan Alma turvav\u00e4rav, white, \u0411\u0435\u0437\u043e\u043f\u0430\u0441\u043d\u043e\u0441\u0442\u044c, \u0432\u043e\u0440\u043e\u0442\u0430 \u0431\u0435\u0437\u043e\u043f\u0430\u0441\u043d\u043e\u0441\u0442\u0438,\u043c\u0430\u043d\u0435\u0436\u0438, \u0412\u043e\u0440\u043e\u0442\u0430 \u0431\u0435\u0437\u043e\u043f\u0430\u0441\u043d\u043e\u0441\u0442\u0438, \u0421\u043d\u0430\u0440\u044f\u0436\u0435\u043d\u0438\u044f \u0431\u0435\u0437\u043e\u043f\u0430\u0441\u043d\u043e\u0441\u0442\u0438, Beebipood","og_description":"BabyDan Alma turvav\u00e4rav, white, Alma turvav&auml;rav on lasteturvalisuse maailmas &uuml;ks k&otilde;ige innovaatilisemaid tooteid. Selle kompaktne s&u","og_url":"https:\/\/beebipood.ee\/ru\/produkt\/babydan-alma-turvavarav\/","og_site_name":"Beebipood","article_modified_time":"2025-01-09T08:50:38+00:00","og_image":[{"width":675,"height":900,"url":"https:\/\/beebipood.ee\/wp-content\/uploads\/2016\/01\/BabyDan-Alma-turvavarav-UUED-TOOTED-Turvalisus-maneeid-turvavaravad-piirded-Turvavaravad-Turvavarustus_4-64a.jpg","type":"image\/jpeg"}],"twitter_card":"summary_large_image","twitter_misc":{"\u041f\u0440\u0438\u043c\u0435\u0440\u043d\u043e\u0435 \u0432\u0440\u0435\u043c\u044f \u0434\u043b\u044f \u0447\u0442\u0435\u043d\u0438\u044f":"1 \u043c\u0438\u043d\u0443\u0442\u0430"},"schema":{"@context":"https:\/\/schema.org","@graph":[{"@type":"WebPage","@id":"https:\/\/beebipood.ee\/ru\/produkt\/babydan-alma-turvavarav\/","url":"https:\/\/beebipood.ee\/ru\/produkt\/babydan-alma-turvavarav\/","name":"BabyDan Alma turvav\u00e4rav, white, \u0411\u0435\u0437\u043e\u043f\u0430\u0441\u043d\u043e\u0441\u0442\u044c, \u0432\u043e\u0440\u043e\u0442\u0430 \u0431\u0435\u0437\u043e\u043f\u0430\u0441\u043d\u043e\u0441\u0442\u0438,\u043c\u0430\u043d\u0435\u0436\u0438, \u0412\u043e\u0440\u043e\u0442\u0430 \u0431\u0435\u0437\u043e\u043f\u0430\u0441\u043d\u043e\u0441\u0442\u0438, \u0421\u043d\u0430\u0440\u044f\u0436\u0435\u043d\u0438\u044f \u0431\u0435\u0437\u043e\u043f\u0430\u0441\u043d\u043e\u0441\u0442\u0438, Beebipood","isPartOf":{"@id":"https:\/\/beebipood.ee\/ru\/#website"},"primaryImageOfPage":{"@id":"https:\/\/beebipood.ee\/ru\/produkt\/babydan-alma-turvavarav\/#primaryimage"},"image":{"@id":"https:\/\/beebipood.ee\/ru\/produkt\/babydan-alma-turvavarav\/#primaryimage"},"thumbnailUrl":"https:\/\/beebipood.ee\/wp-content\/uploads\/2016\/01\/BabyDan-Alma-turvavarav-UUED-TOOTED-Turvalisus-maneeid-turvavaravad-piirded-Turvavaravad-Turvavarustus_4-64a.jpg","datePublished":"2016-01-24T09:08:54+00:00","dateModified":"2025-01-09T08:50:38+00:00","description":"BabyDan Alma turvav\u00e4rav, white, Alma turvav&auml;rav on lasteturvalisuse maailmas &uuml;ks k&otilde;ige innovaatilisemaid tooteid. Selle kompaktne s&u","breadcrumb":{"@id":"https:\/\/beebipood.ee\/ru\/produkt\/babydan-alma-turvavarav\/#breadcrumb"},"inLanguage":"ru-RU","potentialAction":[{"@type":"ReadAction","target":["https:\/\/beebipood.ee\/ru\/produkt\/babydan-alma-turvavarav\/"]}]},{"@type":"ImageObject","inLanguage":"ru-RU","@id":"https:\/\/beebipood.ee\/ru\/produkt\/babydan-alma-turvavarav\/#primaryimage","url":"https:\/\/beebipood.ee\/wp-content\/uploads\/2016\/01\/BabyDan-Alma-turvavarav-UUED-TOOTED-Turvalisus-maneeid-turvavaravad-piirded-Turvavaravad-Turvavarustus_4-64a.jpg","contentUrl":"https:\/\/beebipood.ee\/wp-content\/uploads\/2016\/01\/BabyDan-Alma-turvavarav-UUED-TOOTED-Turvalisus-maneeid-turvavaravad-piirded-Turvavaravad-Turvavarustus_4-64a.jpg","width":675,"height":900},{"@type":"BreadcrumbList","@id":"https:\/\/beebipood.ee\/ru\/produkt\/babydan-alma-turvavarav\/#breadcrumb","itemListElement":[{"@type":"ListItem","position":1,"name":"Home","item":"https:\/\/beebipood.ee\/ru\/"},{"@type":"ListItem","position":2,"name":"\u041a\u0430\u0442\u0430\u043b\u043e\u0433 \u0442\u043e\u0432\u0430\u0440\u043e\u0432","item":"https:\/\/beebipood.ee\/tooted\/"},{"@type":"ListItem","position":3,"name":"BabyDan Alma turvav\u00e4rav, white"}]},{"@type":"WebSite","@id":"https:\/\/beebipood.ee\/ru\/#website","url":"https:\/\/beebipood.ee\/ru\/","name":"Beebipood","description":"Lastekaubad, beebikaubad, m\u00e4nguasjad","publisher":{"@id":"https:\/\/beebipood.ee\/ru\/#organization"},"potentialAction":[{"@type":"SearchAction","target":{"@type":"EntryPoint","urlTemplate":"https:\/\/beebipood.ee\/ru\/?s={search_term_string}"},"query-input":{"@type":"PropertyValueSpecification","valueRequired":true,"valueName":"search_term_string"}}],"inLanguage":"ru-RU"},{"@type":"Organization","@id":"https:\/\/beebipood.ee\/ru\/#organization","name":"Beebipood","url":"https:\/\/beebipood.ee\/ru\/","logo":{"@type":"ImageObject","inLanguage":"ru-RU","@id":"https:\/\/beebipood.ee\/ru\/#\/schema\/logo\/image\/","url":"https:\/\/beebipood.ee\/wp-content\/uploads\/2025\/03\/beebipood.ee-logo-1.svg","contentUrl":"https:\/\/beebipood.ee\/wp-content\/uploads\/2025\/03\/beebipood.ee-logo-1.svg","caption":"Beebipood"},"image":{"@id":"https:\/\/beebipood.ee\/ru\/#\/schema\/logo\/image\/"}}]}},"brands":[{"id":11971,"name":"BabyDan","slug":"babydan-ru"}],"_links":{"self":[{"href":"https:\/\/beebipood.ee\/ru\/wp-json\/wp\/v2\/product\/456398","targetHints":{"allow":["GET"]}}],"collection":[{"href":"https:\/\/beebipood.ee\/ru\/wp-json\/wp\/v2\/product"}],"about":[{"href":"https:\/\/beebipood.ee\/ru\/wp-json\/wp\/v2\/types\/product"}],"wp:featuredmedia":[{"embeddable":true,"href":"https:\/\/beebipood.ee\/ru\/wp-json\/wp\/v2\/media\/106971"}],"wp:attachment":[{"href":"https:\/\/beebipood.ee\/ru\/wp-json\/wp\/v2\/media?parent=456398"}],"wp:term":[{"taxonomy":"pwb-brand","embeddable":true,"href":"https:\/\/beebipood.ee\/ru\/wp-json\/wp\/v2\/pwb-brand?post=456398"},{"taxonomy":"product_brand","embeddable":true,"href":"https:\/\/beebipood.ee\/ru\/wp-json\/wp\/v2\/product_brand?post=456398"},{"taxonomy":"product_cat","embeddable":true,"href":"https:\/\/beebipood.ee\/ru\/wp-json\/wp\/v2\/product_cat?post=456398"},{"taxonomy":"product_tag","embeddable":true,"href":"https:\/\/beebipood.ee\/ru\/wp-json\/wp\/v2\/product_tag?post=456398"}],"curies":[{"name":"wp","href":"https:\/\/api.w.org\/{rel}","templated":true}]}}