{"id":456408,"date":"2016-01-28T13:52:14","date_gmt":"2016-01-28T11:52:14","guid":{"rendered":"https:\/\/beebipood.ee\/toode\/thule-urban-glide-4-wheel-jalutuskaru-komplekt-2-in-1-beige-beige\/"},"modified":"2025-03-31T01:00:12","modified_gmt":"2025-03-30T22:00:12","slug":"thule-urban-glide-4-wheel-jalutuskaru-komplekt-2-in-1-beige-beige","status":"publish","type":"product","link":"https:\/\/beebipood.ee\/ru\/produkt\/thule-urban-glide-4-wheel-jalutuskaru-komplekt-2-in-1-beige-beige\/","title":{"rendered":"Thule Urban Glide 4-wheel jalutusk\u00e4ru komplekt 2 in 1, Beige\/Beige"},"content":{"rendered":"<p>4-rattaline Thule Urban Glide on linnas\u00f5bralik igale maastikule sobilik jalutusk\u00e4ru, <br \/>mis sobib nii vasts\u00fcndinute kui ka v\u00e4iklaste jaoks. <br \/>Suurep\u00e4rase t\u00e4issuuruses linnak\u00e4runa pakub see igal maastikul mugavust, <br \/>funktsionaalsust, ohtrasti hoiuruumi ning head j\u00f5udlust. <br \/>Igap\u00e4evaseks kasutamiseks m\u00f5eldud k\u00e4rul on konkurentsitu man\u00f6\u00f6verdusv\u00f5ime. <br \/>K\u00e4ru l\u00e4bib kitsad nurgad ja rahvarohked kohad, <br \/>\u00fcksk\u00f5ik kas m\u00f5\u00f5date meetreid linnat\u00e4navatel v\u00f5i vallutate keerukaid maastikke.<br \/>Proovige tipptasemel vedrustust, mille tagavad \u00f5huga t\u00e4idetud rehvid, <br \/>et s\u00f5it oleks sujuv nii kesklinna k\u00f5nniteedel kui ka metsaradadel. <br \/>4-rattaline Thule Urban Glide on loodud kohanema <br \/>ja h\u00e4sti s\u00f5itma nii asfalteeritud linnat\u00e4navatel kui ka karmimas looduses.<br \/>P\u00f6\u00f6ratav k\u00e4sipidur tagab sujuva kiiruse juhtimise igal maastikul <br \/>ning t\u00e4nu kompaktsele \u00fche k\u00e4ega kokkupanekule on hoiustamine <br \/>ja transport aktiivsete vanemate jaoks lihtne. <br \/>Suurendatud pagasiruumi mahub kuni 10 kg. <br \/>4-rattaline Thule Urban Glide pakub rohkesti ruumi k\u00f5igi <br \/>oma oluliste esemete hoiulepanekuks ja ka muuks. <br \/>Alates m\u00e4hkmekottidest ja toidukaupadest kuni ostukottide ja isiklike esemeteni <br \/>saate vabaduse v\u00f5tta oma seiklustele kaasa k\u00f5ik, mida vajate.<br \/>T\u00e4nu p\u00f6\u00f6ratavale esirattale, mille saab suuremate kiiruste ajaks lukustada, <br \/>ning suurtele tagaratastele on k\u00e4ru kerge ja lihtsasti man\u00f6\u00f6verdatav<br \/>Sisseehitatud jalatugi ning reguleeritava seljatoega mugav iste <br \/>annavad lapsele t\u00e4ieliku mugavuse kogu p\u00e4evaks, nii ringi vaadates kui ka uinakut tehes<br \/>H\u00f5lpsaks hoiustamiseks ja transportimiseks lihtsasti \u00fche k\u00e4ega kokkupandav ja toeta p\u00fcsti p\u00fcsiv<br \/>P\u00f6\u00f6ratav k\u00e4sipidur aitab nii asfaldil kui ka m\u00e4gisel maastikul optimaalselt kiirust reguleerida<br \/>Suur t\u00f5mblukuga kinnitatava kattega pagasikorv, mis mahutab kuni 10 kg, <br \/>tagumine v\u00f5rktasku ja ning sn\u00e4kkidele ja m\u00e4nguasjadele sobiv v\u00f5rksahtel <br \/>pakuvad rohkelt ruumi k\u00f5igi vajalike esemete hoidmiseks<br \/>Lapsele tagab mugavuse t\u00e4ielikult kattev ja \u00f5hutusavadega suur varikatus<br \/>Kvaliteetne vedrustus ja \u00f5huga t\u00e4idetud rehvid tagavad igal maastikul <br \/>sujuva s\u00f5idu nii lapsevanemale kui ka lapsele<br \/>Ergonoomiline reguleeritav juhtraud tagab vanemale mugava kasutuse<br \/>Turvaline ja mugav iste, millel on lihtsasti reguleeritav viie punkti turvarihm<br \/>V\u00e4iksest aknast saate j\u00e4lgida magavat last, ilma et see teda h\u00e4iriks<br \/>Varikatuse ja rataste peegeldavad omadused tagavad n\u00e4htavuse ja ohutuse<br \/><span style=\"text-decoration: underline;\">Tehnilised andmed<\/span><br \/>Jalutusk\u00e4ru kandev\u00f5ime 34 kg<br \/>Pagasikorvi maksimaalne kandev\u00f5ime 10 kg<br \/>Lapse kaal kuni 22 kg<br \/>K\u00e4ru kaal 13 kg<br \/>Avatult 110 x 69 x 114 cm<br \/>Kokkupandult 88 x 58 x 28 cm<br \/>Istmek\u00f5rgus 51 cm<br \/>Laius 69 cm<\/p>\n<p><span style=\"text-decoration: underline;\">Thule vankrikorv<\/span> muudab teie k\u00e4ru hetkega mugavaks lapsevankriks.<br \/>Seda on lihtne jalutusk\u00e4ru k\u00fclge kinnitada lihtsa kl\u00f5psatava paigaldisena.<br \/>Vankrikorv sobib ideaalselt 0-6 kuu vanustele imikutele<br \/>ning sisaldab vankrikorvi p\u00f5lle ja ventileeritavat madratsit,<br \/>et imikul oleks mugav. Kui olete oma jalutusk\u00e4igu l\u00f5petanud,<br \/>saab vankrikorvi jalutusk\u00e4rust h\u00f5lpsalt ja vaikselt eemaldada.<br \/>Ventileeritava p\u00f5hja ja madratsiga ruumikas ja mugav vankrikorv<br \/>Pikendatav ja ventileeritav varikatus muudab s\u00f5idu lapse jaoks mugavaks iga ilmaga.<br \/>Varikatus kaitseb p\u00e4ikese ja UV-kiirguse eest (UPF 50 ja \u00fcle selle)<br \/>Eemaldatav ja v\u00f5rkkattega madrats masinpestava kattega<br \/>Pehme ja hubane sisemine v\u00f5rkkangas beebi mugavuse jaoks,<br \/>v\u00e4lisk\u00fcljel on vastupidav vetth\u00fclgav ripstop-kangas<br \/>Lihtsasti paigaldatavad sisse-\/v\u00e4ljakl\u00f5psatavad vankrikorvi adapterid teie lapsevankri mudelile<br \/>Helkurdetailid nii varikatuse \u00e4\u00e4rel kui ka vankrikorvi p\u00f5hjal tagavad h\u00e4maras parema n\u00e4htavuse<br \/>Ergonoomiline k\u00e4epide kergemaks kandmiseks<br \/>Sobib: Thule Urban Glide 3 single,<br \/>Thule Urban Glide 3 double ja Thule Urban Glide 4-Wheel jalutusk\u00e4rudele.<br \/><span style=\"text-decoration: underline;\">Tehnilised andmed<\/span><br \/>M\u00f5\u00f5dud: P 83 x L 31 cm<br \/>Sisem\u00f5\u00f5du: P 75 x L 30 cm<br \/>Maksimaalne kasutaja kaal: 9 kg<br \/>Kaal: 6,5 kg<\/p>\n","protected":false},"excerpt":{"rendered":"<p>4-rattaline Thule Urban Glide on linnas\u00f5bralik igale maastikule sobilik jalutusk\u00e4ru, mis sobib nii vasts\u00fcndinute kui ka v\u00e4iklaste jaoks. Suurep\u00e4rase t\u00e4issuuruses linnak\u00e4runa pakub see igal maastikul mugavust, funktsionaalsust, ohtrasti hoiuruumi ning head j\u00f5udlust. Igap\u00e4evaseks kasutamiseks m\u00f5eldud k\u00e4rul on konkurentsitu man\u00f6\u00f6verdusv\u00f5ime. K\u00e4ru l\u00e4bib kitsad nurgad ja rahvarohked kohad, \u00fcksk\u00f5ik kas m\u00f5\u00f5date meetreid linnat\u00e4navatel v\u00f5i vallutate keerukaid maastikke.Proovige [&hellip;]<\/p>\n","protected":false},"featured_media":164168,"template":"","meta":{"_acf_changed":false},"pwb-brand":[11980],"product_brand":[],"product_cat":[11573,11847,11851,11721,11717],"product_tag":[],"class_list":{"0":"post-456408","1":"product","2":"type-product","3":"status-publish","4":"has-post-thumbnail","6":"pwb-brand-thule-ru","7":"product_cat-sooduspakkumised-ru","8":"product_cat-thule-ru","9":"product_cat-thule-urban-glide-4-wheel-ru","10":"product_cat-jalutuskarud-ru","11":"product_cat-lastevankrid-ja-karud-ru","12":"pa_manufacturer-thule-ru","14":"first","15":"onbackorder","16":"sale","17":"taxable","18":"shipping-taxable","19":"purchasable","20":"product-type-simple"},"exclude_global_add_ons":[],"addons":[],"acf":[],"yoast_head":"<!-- This site is optimized with the Yoast SEO plugin v27.1.1 - https:\/\/yoast.com\/product\/yoast-seo-wordpress\/ -->\n<title>Thule Urban Glide 4-wheel jalutusk\u00e4ru komplekt 2 in 1, Beige\/Beige, \u0421\u041a\u0418\u0414\u041a\u0418, \u041a\u043e\u043b\u044f\u0441\u043a\u0438, \u041f\u0440\u043e\u0433\u0443\u043b\u043e\u0447\u043d\u044b\u0435 \u043a\u043e\u043b\u044f\u0441\u043a\u0438, THULE, Thule Urban Glide 4-wheel, Beebipood<\/title>\n<meta name=\"description\" content=\"Thule Urban Glide 4-wheel jalutusk\u00e4ru komplekt 2 in 1, Beige\/Beige, 4-rattaline Thule Urban Glide on linnas&otilde;bralik igale maastikule sobilik jalutusk&amp;\" \/>\n<meta name=\"robots\" content=\"index, follow, max-snippet:-1, max-image-preview:large, max-video-preview:-1\" \/>\n<link rel=\"canonical\" href=\"https:\/\/beebipood.ee\/ru\/produkt\/thule-urban-glide-4-wheel-jalutuskaru-komplekt-2-in-1-beige-beige\/\" \/>\n<meta property=\"og:locale\" content=\"ru_RU\" \/>\n<meta property=\"og:type\" content=\"article\" \/>\n<meta property=\"og:title\" content=\"Thule Urban Glide 4-wheel jalutusk\u00e4ru komplekt 2 in 1, Beige\/Beige, \u0421\u041a\u0418\u0414\u041a\u0418, \u041a\u043e\u043b\u044f\u0441\u043a\u0438, \u041f\u0440\u043e\u0433\u0443\u043b\u043e\u0447\u043d\u044b\u0435 \u043a\u043e\u043b\u044f\u0441\u043a\u0438, THULE, Thule Urban Glide 4-wheel, Beebipood\" \/>\n<meta property=\"og:description\" content=\"Thule Urban Glide 4-wheel jalutusk\u00e4ru komplekt 2 in 1, Beige\/Beige, 4-rattaline Thule Urban Glide on linnas&otilde;bralik igale maastikule sobilik jalutusk&amp;\" \/>\n<meta property=\"og:url\" content=\"https:\/\/beebipood.ee\/ru\/produkt\/thule-urban-glide-4-wheel-jalutuskaru-komplekt-2-in-1-beige-beige\/\" \/>\n<meta property=\"og:site_name\" content=\"Beebipood\" \/>\n<meta property=\"article:modified_time\" content=\"2025-03-30T22:00:12+00:00\" \/>\n<meta property=\"og:image\" content=\"https:\/\/beebipood.ee\/wp-content\/uploads\/2016\/01\/Thule-Urban-Glide-4wheel-jalutuskaru-komplekt-2-in-1-BeigeBeige-Lastevankrid-ja-karud-Vankrid_7-0aa.jpg\" \/>\n\t<meta property=\"og:image:width\" content=\"973\" \/>\n\t<meta property=\"og:image:height\" content=\"970\" \/>\n\t<meta property=\"og:image:type\" content=\"image\/jpeg\" \/>\n<meta name=\"twitter:card\" content=\"summary_large_image\" \/>\n<meta name=\"twitter:label1\" content=\"\u041f\u0440\u0438\u043c\u0435\u0440\u043d\u043e\u0435 \u0432\u0440\u0435\u043c\u044f \u0434\u043b\u044f \u0447\u0442\u0435\u043d\u0438\u044f\" \/>\n\t<meta name=\"twitter:data1\" content=\"3 \u043c\u0438\u043d\u0443\u0442\u044b\" \/>\n<script type=\"application\/ld+json\" class=\"yoast-schema-graph\">{\"@context\":\"https:\/\/schema.org\",\"@graph\":[{\"@type\":\"WebPage\",\"@id\":\"https:\/\/beebipood.ee\/ru\/produkt\/thule-urban-glide-4-wheel-jalutuskaru-komplekt-2-in-1-beige-beige\/\",\"url\":\"https:\/\/beebipood.ee\/ru\/produkt\/thule-urban-glide-4-wheel-jalutuskaru-komplekt-2-in-1-beige-beige\/\",\"name\":\"Thule Urban Glide 4-wheel jalutusk\u00e4ru komplekt 2 in 1, Beige\/Beige, \u0421\u041a\u0418\u0414\u041a\u0418, \u041a\u043e\u043b\u044f\u0441\u043a\u0438, \u041f\u0440\u043e\u0433\u0443\u043b\u043e\u0447\u043d\u044b\u0435 \u043a\u043e\u043b\u044f\u0441\u043a\u0438, THULE, Thule Urban Glide 4-wheel, Beebipood\",\"isPartOf\":{\"@id\":\"https:\/\/beebipood.ee\/ru\/#website\"},\"primaryImageOfPage\":{\"@id\":\"https:\/\/beebipood.ee\/ru\/produkt\/thule-urban-glide-4-wheel-jalutuskaru-komplekt-2-in-1-beige-beige\/#primaryimage\"},\"image\":{\"@id\":\"https:\/\/beebipood.ee\/ru\/produkt\/thule-urban-glide-4-wheel-jalutuskaru-komplekt-2-in-1-beige-beige\/#primaryimage\"},\"thumbnailUrl\":\"https:\/\/beebipood.ee\/wp-content\/uploads\/2016\/01\/Thule-Urban-Glide-4wheel-jalutuskaru-komplekt-2-in-1-BeigeBeige-Lastevankrid-ja-karud-Vankrid_7-0aa.jpg\",\"datePublished\":\"2016-01-28T11:52:14+00:00\",\"dateModified\":\"2025-03-30T22:00:12+00:00\",\"description\":\"Thule Urban Glide 4-wheel jalutusk\u00e4ru komplekt 2 in 1, Beige\/Beige, 4-rattaline Thule Urban Glide on linnas&otilde;bralik igale maastikule sobilik jalutusk&\",\"breadcrumb\":{\"@id\":\"https:\/\/beebipood.ee\/ru\/produkt\/thule-urban-glide-4-wheel-jalutuskaru-komplekt-2-in-1-beige-beige\/#breadcrumb\"},\"inLanguage\":\"ru-RU\",\"potentialAction\":[{\"@type\":\"ReadAction\",\"target\":[\"https:\/\/beebipood.ee\/ru\/produkt\/thule-urban-glide-4-wheel-jalutuskaru-komplekt-2-in-1-beige-beige\/\"]}]},{\"@type\":\"ImageObject\",\"inLanguage\":\"ru-RU\",\"@id\":\"https:\/\/beebipood.ee\/ru\/produkt\/thule-urban-glide-4-wheel-jalutuskaru-komplekt-2-in-1-beige-beige\/#primaryimage\",\"url\":\"https:\/\/beebipood.ee\/wp-content\/uploads\/2016\/01\/Thule-Urban-Glide-4wheel-jalutuskaru-komplekt-2-in-1-BeigeBeige-Lastevankrid-ja-karud-Vankrid_7-0aa.jpg\",\"contentUrl\":\"https:\/\/beebipood.ee\/wp-content\/uploads\/2016\/01\/Thule-Urban-Glide-4wheel-jalutuskaru-komplekt-2-in-1-BeigeBeige-Lastevankrid-ja-karud-Vankrid_7-0aa.jpg\",\"width\":973,\"height\":970},{\"@type\":\"BreadcrumbList\",\"@id\":\"https:\/\/beebipood.ee\/ru\/produkt\/thule-urban-glide-4-wheel-jalutuskaru-komplekt-2-in-1-beige-beige\/#breadcrumb\",\"itemListElement\":[{\"@type\":\"ListItem\",\"position\":1,\"name\":\"Home\",\"item\":\"https:\/\/beebipood.ee\/ru\/\"},{\"@type\":\"ListItem\",\"position\":2,\"name\":\"\u041a\u0430\u0442\u0430\u043b\u043e\u0433 \u0442\u043e\u0432\u0430\u0440\u043e\u0432\",\"item\":\"https:\/\/beebipood.ee\/tooted\/\"},{\"@type\":\"ListItem\",\"position\":3,\"name\":\"Thule Urban Glide 4-wheel jalutusk\u00e4ru komplekt 2 in 1, Beige\/Beige\"}]},{\"@type\":\"WebSite\",\"@id\":\"https:\/\/beebipood.ee\/ru\/#website\",\"url\":\"https:\/\/beebipood.ee\/ru\/\",\"name\":\"Beebipood\",\"description\":\"Lastekaubad, beebikaubad, m\u00e4nguasjad\",\"publisher\":{\"@id\":\"https:\/\/beebipood.ee\/ru\/#organization\"},\"potentialAction\":[{\"@type\":\"SearchAction\",\"target\":{\"@type\":\"EntryPoint\",\"urlTemplate\":\"https:\/\/beebipood.ee\/ru\/?s={search_term_string}\"},\"query-input\":{\"@type\":\"PropertyValueSpecification\",\"valueRequired\":true,\"valueName\":\"search_term_string\"}}],\"inLanguage\":\"ru-RU\"},{\"@type\":\"Organization\",\"@id\":\"https:\/\/beebipood.ee\/ru\/#organization\",\"name\":\"Beebipood\",\"url\":\"https:\/\/beebipood.ee\/ru\/\",\"logo\":{\"@type\":\"ImageObject\",\"inLanguage\":\"ru-RU\",\"@id\":\"https:\/\/beebipood.ee\/ru\/#\/schema\/logo\/image\/\",\"url\":\"https:\/\/beebipood.ee\/wp-content\/uploads\/2025\/03\/beebipood.ee-logo-1.svg\",\"contentUrl\":\"https:\/\/beebipood.ee\/wp-content\/uploads\/2025\/03\/beebipood.ee-logo-1.svg\",\"caption\":\"Beebipood\"},\"image\":{\"@id\":\"https:\/\/beebipood.ee\/ru\/#\/schema\/logo\/image\/\"}}]}<\/script>\n<!-- \/ Yoast SEO plugin. -->","yoast_head_json":{"title":"Thule Urban Glide 4-wheel jalutusk\u00e4ru komplekt 2 in 1, Beige\/Beige, \u0421\u041a\u0418\u0414\u041a\u0418, \u041a\u043e\u043b\u044f\u0441\u043a\u0438, \u041f\u0440\u043e\u0433\u0443\u043b\u043e\u0447\u043d\u044b\u0435 \u043a\u043e\u043b\u044f\u0441\u043a\u0438, THULE, Thule Urban Glide 4-wheel, Beebipood","description":"Thule Urban Glide 4-wheel jalutusk\u00e4ru komplekt 2 in 1, Beige\/Beige, 4-rattaline Thule Urban Glide on linnas&otilde;bralik igale maastikule sobilik jalutusk&","robots":{"index":"index","follow":"follow","max-snippet":"max-snippet:-1","max-image-preview":"max-image-preview:large","max-video-preview":"max-video-preview:-1"},"canonical":"https:\/\/beebipood.ee\/ru\/produkt\/thule-urban-glide-4-wheel-jalutuskaru-komplekt-2-in-1-beige-beige\/","og_locale":"ru_RU","og_type":"article","og_title":"Thule Urban Glide 4-wheel jalutusk\u00e4ru komplekt 2 in 1, Beige\/Beige, \u0421\u041a\u0418\u0414\u041a\u0418, \u041a\u043e\u043b\u044f\u0441\u043a\u0438, \u041f\u0440\u043e\u0433\u0443\u043b\u043e\u0447\u043d\u044b\u0435 \u043a\u043e\u043b\u044f\u0441\u043a\u0438, THULE, Thule Urban Glide 4-wheel, Beebipood","og_description":"Thule Urban Glide 4-wheel jalutusk\u00e4ru komplekt 2 in 1, Beige\/Beige, 4-rattaline Thule Urban Glide on linnas&otilde;bralik igale maastikule sobilik jalutusk&","og_url":"https:\/\/beebipood.ee\/ru\/produkt\/thule-urban-glide-4-wheel-jalutuskaru-komplekt-2-in-1-beige-beige\/","og_site_name":"Beebipood","article_modified_time":"2025-03-30T22:00:12+00:00","og_image":[{"width":973,"height":970,"url":"https:\/\/beebipood.ee\/wp-content\/uploads\/2016\/01\/Thule-Urban-Glide-4wheel-jalutuskaru-komplekt-2-in-1-BeigeBeige-Lastevankrid-ja-karud-Vankrid_7-0aa.jpg","type":"image\/jpeg"}],"twitter_card":"summary_large_image","twitter_misc":{"\u041f\u0440\u0438\u043c\u0435\u0440\u043d\u043e\u0435 \u0432\u0440\u0435\u043c\u044f \u0434\u043b\u044f \u0447\u0442\u0435\u043d\u0438\u044f":"3 \u043c\u0438\u043d\u0443\u0442\u044b"},"schema":{"@context":"https:\/\/schema.org","@graph":[{"@type":"WebPage","@id":"https:\/\/beebipood.ee\/ru\/produkt\/thule-urban-glide-4-wheel-jalutuskaru-komplekt-2-in-1-beige-beige\/","url":"https:\/\/beebipood.ee\/ru\/produkt\/thule-urban-glide-4-wheel-jalutuskaru-komplekt-2-in-1-beige-beige\/","name":"Thule Urban Glide 4-wheel jalutusk\u00e4ru komplekt 2 in 1, Beige\/Beige, \u0421\u041a\u0418\u0414\u041a\u0418, \u041a\u043e\u043b\u044f\u0441\u043a\u0438, \u041f\u0440\u043e\u0433\u0443\u043b\u043e\u0447\u043d\u044b\u0435 \u043a\u043e\u043b\u044f\u0441\u043a\u0438, THULE, Thule Urban Glide 4-wheel, Beebipood","isPartOf":{"@id":"https:\/\/beebipood.ee\/ru\/#website"},"primaryImageOfPage":{"@id":"https:\/\/beebipood.ee\/ru\/produkt\/thule-urban-glide-4-wheel-jalutuskaru-komplekt-2-in-1-beige-beige\/#primaryimage"},"image":{"@id":"https:\/\/beebipood.ee\/ru\/produkt\/thule-urban-glide-4-wheel-jalutuskaru-komplekt-2-in-1-beige-beige\/#primaryimage"},"thumbnailUrl":"https:\/\/beebipood.ee\/wp-content\/uploads\/2016\/01\/Thule-Urban-Glide-4wheel-jalutuskaru-komplekt-2-in-1-BeigeBeige-Lastevankrid-ja-karud-Vankrid_7-0aa.jpg","datePublished":"2016-01-28T11:52:14+00:00","dateModified":"2025-03-30T22:00:12+00:00","description":"Thule Urban Glide 4-wheel jalutusk\u00e4ru komplekt 2 in 1, Beige\/Beige, 4-rattaline Thule Urban Glide on linnas&otilde;bralik igale maastikule sobilik jalutusk&","breadcrumb":{"@id":"https:\/\/beebipood.ee\/ru\/produkt\/thule-urban-glide-4-wheel-jalutuskaru-komplekt-2-in-1-beige-beige\/#breadcrumb"},"inLanguage":"ru-RU","potentialAction":[{"@type":"ReadAction","target":["https:\/\/beebipood.ee\/ru\/produkt\/thule-urban-glide-4-wheel-jalutuskaru-komplekt-2-in-1-beige-beige\/"]}]},{"@type":"ImageObject","inLanguage":"ru-RU","@id":"https:\/\/beebipood.ee\/ru\/produkt\/thule-urban-glide-4-wheel-jalutuskaru-komplekt-2-in-1-beige-beige\/#primaryimage","url":"https:\/\/beebipood.ee\/wp-content\/uploads\/2016\/01\/Thule-Urban-Glide-4wheel-jalutuskaru-komplekt-2-in-1-BeigeBeige-Lastevankrid-ja-karud-Vankrid_7-0aa.jpg","contentUrl":"https:\/\/beebipood.ee\/wp-content\/uploads\/2016\/01\/Thule-Urban-Glide-4wheel-jalutuskaru-komplekt-2-in-1-BeigeBeige-Lastevankrid-ja-karud-Vankrid_7-0aa.jpg","width":973,"height":970},{"@type":"BreadcrumbList","@id":"https:\/\/beebipood.ee\/ru\/produkt\/thule-urban-glide-4-wheel-jalutuskaru-komplekt-2-in-1-beige-beige\/#breadcrumb","itemListElement":[{"@type":"ListItem","position":1,"name":"Home","item":"https:\/\/beebipood.ee\/ru\/"},{"@type":"ListItem","position":2,"name":"\u041a\u0430\u0442\u0430\u043b\u043e\u0433 \u0442\u043e\u0432\u0430\u0440\u043e\u0432","item":"https:\/\/beebipood.ee\/tooted\/"},{"@type":"ListItem","position":3,"name":"Thule Urban Glide 4-wheel jalutusk\u00e4ru komplekt 2 in 1, Beige\/Beige"}]},{"@type":"WebSite","@id":"https:\/\/beebipood.ee\/ru\/#website","url":"https:\/\/beebipood.ee\/ru\/","name":"Beebipood","description":"Lastekaubad, beebikaubad, m\u00e4nguasjad","publisher":{"@id":"https:\/\/beebipood.ee\/ru\/#organization"},"potentialAction":[{"@type":"SearchAction","target":{"@type":"EntryPoint","urlTemplate":"https:\/\/beebipood.ee\/ru\/?s={search_term_string}"},"query-input":{"@type":"PropertyValueSpecification","valueRequired":true,"valueName":"search_term_string"}}],"inLanguage":"ru-RU"},{"@type":"Organization","@id":"https:\/\/beebipood.ee\/ru\/#organization","name":"Beebipood","url":"https:\/\/beebipood.ee\/ru\/","logo":{"@type":"ImageObject","inLanguage":"ru-RU","@id":"https:\/\/beebipood.ee\/ru\/#\/schema\/logo\/image\/","url":"https:\/\/beebipood.ee\/wp-content\/uploads\/2025\/03\/beebipood.ee-logo-1.svg","contentUrl":"https:\/\/beebipood.ee\/wp-content\/uploads\/2025\/03\/beebipood.ee-logo-1.svg","caption":"Beebipood"},"image":{"@id":"https:\/\/beebipood.ee\/ru\/#\/schema\/logo\/image\/"}}]}},"brands":[{"id":11980,"name":"THULE","slug":"thule-ru"}],"_links":{"self":[{"href":"https:\/\/beebipood.ee\/ru\/wp-json\/wp\/v2\/product\/456408","targetHints":{"allow":["GET"]}}],"collection":[{"href":"https:\/\/beebipood.ee\/ru\/wp-json\/wp\/v2\/product"}],"about":[{"href":"https:\/\/beebipood.ee\/ru\/wp-json\/wp\/v2\/types\/product"}],"wp:featuredmedia":[{"embeddable":true,"href":"https:\/\/beebipood.ee\/ru\/wp-json\/wp\/v2\/media\/164168"}],"wp:attachment":[{"href":"https:\/\/beebipood.ee\/ru\/wp-json\/wp\/v2\/media?parent=456408"}],"wp:term":[{"taxonomy":"pwb-brand","embeddable":true,"href":"https:\/\/beebipood.ee\/ru\/wp-json\/wp\/v2\/pwb-brand?post=456408"},{"taxonomy":"product_brand","embeddable":true,"href":"https:\/\/beebipood.ee\/ru\/wp-json\/wp\/v2\/product_brand?post=456408"},{"taxonomy":"product_cat","embeddable":true,"href":"https:\/\/beebipood.ee\/ru\/wp-json\/wp\/v2\/product_cat?post=456408"},{"taxonomy":"product_tag","embeddable":true,"href":"https:\/\/beebipood.ee\/ru\/wp-json\/wp\/v2\/product_tag?post=456408"}],"curies":[{"name":"wp","href":"https:\/\/api.w.org\/{rel}","templated":true}]}}