{"id":456412,"date":"2016-01-31T08:34:11","date_gmt":"2016-01-31T06:34:11","guid":{"rendered":"https:\/\/beebipood.ee\/toode\/noortevoodi-swing-voodikastiga-90x200\/"},"modified":"2025-01-09T10:50:38","modified_gmt":"2025-01-09T08:50:38","slug":"noortevoodi-swing-voodikastiga-90x200","status":"publish","type":"product","link":"https:\/\/beebipood.ee\/ru\/produkt\/noortevoodi-swing-voodikastiga-90x200\/","title":{"rendered":"Noortevoodi Swing voodikastiga 90&#215;200"},"content":{"rendered":"<p>valmistatud MDF&#8217;st ja t\u00e4ispuidust<br \/>viimistlus: valge\/natural<br \/>sobib nii poisi kui t\u00fcdruku tuppa<br \/>valmistamisel on kasutatud kaasaegset tehnoloogiat ja A-klass tarvikuid ning furnituure<br \/>parim toode perele kes hindab kvaliteeti ning huvitavat disain<br \/>komplektis on v\u00e4ike turvapiire<br \/>komplekti kuulub ratastel voodikast<br \/>sobib madrats m\u00f5\u00f5duga 200x90cm<br \/>madrats ei ole hinna sees<br \/>viimistlemisel on kasutatud ainult sertifitseeritud orgaanilisi v\u00e4rve<br \/>toode vastab k\u00f5ikidele EN turvastandarditele<\/p>\n","protected":false},"excerpt":{"rendered":"<p>valmistatud MDF&#8217;st ja t\u00e4ispuidustviimistlus: valge\/naturalsobib nii poisi kui t\u00fcdruku tuppavalmistamisel on kasutatud kaasaegset tehnoloogiat ja A-klass tarvikuid ning furnituureparim toode perele kes hindab kvaliteeti ning huvitavat disainkomplektis on v\u00e4ike turvapiirekomplekti kuulub ratastel voodikastsobib madrats m\u00f5\u00f5duga 200x90cmmadrats ei ole hinna seesviimistlemisel on kasutatud ainult sertifitseeritud orgaanilisi v\u00e4rvetoode vastab k\u00f5ikidele EN turvastandarditele<\/p>\n","protected":false},"featured_media":107100,"template":"","meta":{"_acf_changed":false},"pwb-brand":[],"product_brand":[],"product_cat":[11591,11559,11789],"product_tag":[],"class_list":{"0":"post-456412","1":"product","2":"type-product","3":"status-publish","4":"has-post-thumbnail","6":"product_cat-90cm-laiused-ru","7":"product_cat-laste-ja-noortevoodid-ru","8":"product_cat-lastemoobel-ja-sisustus-ru","10":"first","11":"onbackorder","12":"sale","13":"taxable","14":"shipping-taxable","15":"purchasable","16":"product-type-simple"},"exclude_global_add_ons":[],"addons":[],"acf":[],"yoast_head":"<!-- This site is optimized with the Yoast SEO plugin v27.1.1 - https:\/\/yoast.com\/product\/yoast-seo-wordpress\/ -->\n<title>Noortevoodi Swing voodikastiga 90x200, \u041a\u0440\u043e\u0432\u0430\u0442\u0438 \u0434\u043b\u044f \u0434\u0435\u0442\u0435\u0439 \u0438 \u043f\u043e\u0434\u0440\u043e\u0441\u0442\u043a\u043e\u0432, \u0428\u0438\u0440\u0438\u043d\u0430 90c\u043c, M\u0435\u0431\u0435\u043b\u044c, Beebipood<\/title>\n<meta name=\"description\" content=\"Noortevoodi Swing voodikastiga 90x200, valmistatud MDF&#039;st ja t&auml;ispuidustviimistlus: valge\/naturalsobib nii poisi kui t&uuml;druku tuppa&lt;br \/\" \/>\n<meta name=\"robots\" content=\"index, follow, max-snippet:-1, max-image-preview:large, max-video-preview:-1\" \/>\n<link rel=\"canonical\" href=\"https:\/\/beebipood.ee\/ru\/produkt\/noortevoodi-swing-voodikastiga-90x200\/\" \/>\n<meta property=\"og:locale\" content=\"ru_RU\" \/>\n<meta property=\"og:type\" content=\"article\" \/>\n<meta property=\"og:title\" content=\"Noortevoodi Swing voodikastiga 90x200, \u041a\u0440\u043e\u0432\u0430\u0442\u0438 \u0434\u043b\u044f \u0434\u0435\u0442\u0435\u0439 \u0438 \u043f\u043e\u0434\u0440\u043e\u0441\u0442\u043a\u043e\u0432, \u0428\u0438\u0440\u0438\u043d\u0430 90c\u043c, M\u0435\u0431\u0435\u043b\u044c, Beebipood\" \/>\n<meta property=\"og:description\" content=\"Noortevoodi Swing voodikastiga 90x200, valmistatud MDF&#039;st ja t&auml;ispuidustviimistlus: valge\/naturalsobib nii poisi kui t&uuml;druku tuppa&lt;br \/\" \/>\n<meta property=\"og:url\" content=\"https:\/\/beebipood.ee\/ru\/produkt\/noortevoodi-swing-voodikastiga-90x200\/\" \/>\n<meta property=\"og:site_name\" content=\"Beebipood\" \/>\n<meta property=\"article:modified_time\" content=\"2025-01-09T08:50:38+00:00\" \/>\n<meta property=\"og:image\" content=\"https:\/\/beebipood.ee\/wp-content\/uploads\/2016\/01\/Noortevoodi-Swing-voodikastiga-90x200-Laste-ja-noortevoodid-UUED-TOOTED-90cm-laiused-Lastemoobel-ja-sisustus_1-703.jpg\" \/>\n\t<meta property=\"og:image:width\" content=\"1673\" \/>\n\t<meta property=\"og:image:height\" content=\"1575\" \/>\n\t<meta property=\"og:image:type\" content=\"image\/jpeg\" \/>\n<meta name=\"twitter:card\" content=\"summary_large_image\" \/>\n<script type=\"application\/ld+json\" class=\"yoast-schema-graph\">{\"@context\":\"https:\/\/schema.org\",\"@graph\":[{\"@type\":\"WebPage\",\"@id\":\"https:\/\/beebipood.ee\/ru\/produkt\/noortevoodi-swing-voodikastiga-90x200\/\",\"url\":\"https:\/\/beebipood.ee\/ru\/produkt\/noortevoodi-swing-voodikastiga-90x200\/\",\"name\":\"Noortevoodi Swing voodikastiga 90x200, \u041a\u0440\u043e\u0432\u0430\u0442\u0438 \u0434\u043b\u044f \u0434\u0435\u0442\u0435\u0439 \u0438 \u043f\u043e\u0434\u0440\u043e\u0441\u0442\u043a\u043e\u0432, \u0428\u0438\u0440\u0438\u043d\u0430 90c\u043c, M\u0435\u0431\u0435\u043b\u044c, Beebipood\",\"isPartOf\":{\"@id\":\"https:\/\/beebipood.ee\/ru\/#website\"},\"primaryImageOfPage\":{\"@id\":\"https:\/\/beebipood.ee\/ru\/produkt\/noortevoodi-swing-voodikastiga-90x200\/#primaryimage\"},\"image\":{\"@id\":\"https:\/\/beebipood.ee\/ru\/produkt\/noortevoodi-swing-voodikastiga-90x200\/#primaryimage\"},\"thumbnailUrl\":\"https:\/\/beebipood.ee\/wp-content\/uploads\/2016\/01\/Noortevoodi-Swing-voodikastiga-90x200-Laste-ja-noortevoodid-UUED-TOOTED-90cm-laiused-Lastemoobel-ja-sisustus_1-703.jpg\",\"datePublished\":\"2016-01-31T06:34:11+00:00\",\"dateModified\":\"2025-01-09T08:50:38+00:00\",\"description\":\"Noortevoodi Swing voodikastiga 90x200, valmistatud MDF'st ja t&auml;ispuidustviimistlus: valge\/naturalsobib nii poisi kui t&uuml;druku tuppa&lt;br \/\",\"breadcrumb\":{\"@id\":\"https:\/\/beebipood.ee\/ru\/produkt\/noortevoodi-swing-voodikastiga-90x200\/#breadcrumb\"},\"inLanguage\":\"ru-RU\",\"potentialAction\":[{\"@type\":\"ReadAction\",\"target\":[\"https:\/\/beebipood.ee\/ru\/produkt\/noortevoodi-swing-voodikastiga-90x200\/\"]}]},{\"@type\":\"ImageObject\",\"inLanguage\":\"ru-RU\",\"@id\":\"https:\/\/beebipood.ee\/ru\/produkt\/noortevoodi-swing-voodikastiga-90x200\/#primaryimage\",\"url\":\"https:\/\/beebipood.ee\/wp-content\/uploads\/2016\/01\/Noortevoodi-Swing-voodikastiga-90x200-Laste-ja-noortevoodid-UUED-TOOTED-90cm-laiused-Lastemoobel-ja-sisustus_1-703.jpg\",\"contentUrl\":\"https:\/\/beebipood.ee\/wp-content\/uploads\/2016\/01\/Noortevoodi-Swing-voodikastiga-90x200-Laste-ja-noortevoodid-UUED-TOOTED-90cm-laiused-Lastemoobel-ja-sisustus_1-703.jpg\",\"width\":1673,\"height\":1575},{\"@type\":\"BreadcrumbList\",\"@id\":\"https:\/\/beebipood.ee\/ru\/produkt\/noortevoodi-swing-voodikastiga-90x200\/#breadcrumb\",\"itemListElement\":[{\"@type\":\"ListItem\",\"position\":1,\"name\":\"Home\",\"item\":\"https:\/\/beebipood.ee\/ru\/\"},{\"@type\":\"ListItem\",\"position\":2,\"name\":\"\u041a\u0430\u0442\u0430\u043b\u043e\u0433 \u0442\u043e\u0432\u0430\u0440\u043e\u0432\",\"item\":\"https:\/\/beebipood.ee\/tooted\/\"},{\"@type\":\"ListItem\",\"position\":3,\"name\":\"Noortevoodi Swing voodikastiga 90&#215;200\"}]},{\"@type\":\"WebSite\",\"@id\":\"https:\/\/beebipood.ee\/ru\/#website\",\"url\":\"https:\/\/beebipood.ee\/ru\/\",\"name\":\"Beebipood\",\"description\":\"Lastekaubad, beebikaubad, m\u00e4nguasjad\",\"publisher\":{\"@id\":\"https:\/\/beebipood.ee\/ru\/#organization\"},\"potentialAction\":[{\"@type\":\"SearchAction\",\"target\":{\"@type\":\"EntryPoint\",\"urlTemplate\":\"https:\/\/beebipood.ee\/ru\/?s={search_term_string}\"},\"query-input\":{\"@type\":\"PropertyValueSpecification\",\"valueRequired\":true,\"valueName\":\"search_term_string\"}}],\"inLanguage\":\"ru-RU\"},{\"@type\":\"Organization\",\"@id\":\"https:\/\/beebipood.ee\/ru\/#organization\",\"name\":\"Beebipood\",\"url\":\"https:\/\/beebipood.ee\/ru\/\",\"logo\":{\"@type\":\"ImageObject\",\"inLanguage\":\"ru-RU\",\"@id\":\"https:\/\/beebipood.ee\/ru\/#\/schema\/logo\/image\/\",\"url\":\"https:\/\/beebipood.ee\/wp-content\/uploads\/2025\/03\/beebipood.ee-logo-1.svg\",\"contentUrl\":\"https:\/\/beebipood.ee\/wp-content\/uploads\/2025\/03\/beebipood.ee-logo-1.svg\",\"caption\":\"Beebipood\"},\"image\":{\"@id\":\"https:\/\/beebipood.ee\/ru\/#\/schema\/logo\/image\/\"}}]}<\/script>\n<!-- \/ Yoast SEO plugin. -->","yoast_head_json":{"title":"Noortevoodi Swing voodikastiga 90x200, \u041a\u0440\u043e\u0432\u0430\u0442\u0438 \u0434\u043b\u044f \u0434\u0435\u0442\u0435\u0439 \u0438 \u043f\u043e\u0434\u0440\u043e\u0441\u0442\u043a\u043e\u0432, \u0428\u0438\u0440\u0438\u043d\u0430 90c\u043c, M\u0435\u0431\u0435\u043b\u044c, Beebipood","description":"Noortevoodi Swing voodikastiga 90x200, valmistatud MDF'st ja t&auml;ispuidustviimistlus: valge\/naturalsobib nii poisi kui t&uuml;druku tuppa&lt;br \/","robots":{"index":"index","follow":"follow","max-snippet":"max-snippet:-1","max-image-preview":"max-image-preview:large","max-video-preview":"max-video-preview:-1"},"canonical":"https:\/\/beebipood.ee\/ru\/produkt\/noortevoodi-swing-voodikastiga-90x200\/","og_locale":"ru_RU","og_type":"article","og_title":"Noortevoodi Swing voodikastiga 90x200, \u041a\u0440\u043e\u0432\u0430\u0442\u0438 \u0434\u043b\u044f \u0434\u0435\u0442\u0435\u0439 \u0438 \u043f\u043e\u0434\u0440\u043e\u0441\u0442\u043a\u043e\u0432, \u0428\u0438\u0440\u0438\u043d\u0430 90c\u043c, M\u0435\u0431\u0435\u043b\u044c, Beebipood","og_description":"Noortevoodi Swing voodikastiga 90x200, valmistatud MDF'st ja t&auml;ispuidustviimistlus: valge\/naturalsobib nii poisi kui t&uuml;druku tuppa&lt;br \/","og_url":"https:\/\/beebipood.ee\/ru\/produkt\/noortevoodi-swing-voodikastiga-90x200\/","og_site_name":"Beebipood","article_modified_time":"2025-01-09T08:50:38+00:00","og_image":[{"width":1673,"height":1575,"url":"https:\/\/beebipood.ee\/wp-content\/uploads\/2016\/01\/Noortevoodi-Swing-voodikastiga-90x200-Laste-ja-noortevoodid-UUED-TOOTED-90cm-laiused-Lastemoobel-ja-sisustus_1-703.jpg","type":"image\/jpeg"}],"twitter_card":"summary_large_image","schema":{"@context":"https:\/\/schema.org","@graph":[{"@type":"WebPage","@id":"https:\/\/beebipood.ee\/ru\/produkt\/noortevoodi-swing-voodikastiga-90x200\/","url":"https:\/\/beebipood.ee\/ru\/produkt\/noortevoodi-swing-voodikastiga-90x200\/","name":"Noortevoodi Swing voodikastiga 90x200, \u041a\u0440\u043e\u0432\u0430\u0442\u0438 \u0434\u043b\u044f \u0434\u0435\u0442\u0435\u0439 \u0438 \u043f\u043e\u0434\u0440\u043e\u0441\u0442\u043a\u043e\u0432, \u0428\u0438\u0440\u0438\u043d\u0430 90c\u043c, M\u0435\u0431\u0435\u043b\u044c, Beebipood","isPartOf":{"@id":"https:\/\/beebipood.ee\/ru\/#website"},"primaryImageOfPage":{"@id":"https:\/\/beebipood.ee\/ru\/produkt\/noortevoodi-swing-voodikastiga-90x200\/#primaryimage"},"image":{"@id":"https:\/\/beebipood.ee\/ru\/produkt\/noortevoodi-swing-voodikastiga-90x200\/#primaryimage"},"thumbnailUrl":"https:\/\/beebipood.ee\/wp-content\/uploads\/2016\/01\/Noortevoodi-Swing-voodikastiga-90x200-Laste-ja-noortevoodid-UUED-TOOTED-90cm-laiused-Lastemoobel-ja-sisustus_1-703.jpg","datePublished":"2016-01-31T06:34:11+00:00","dateModified":"2025-01-09T08:50:38+00:00","description":"Noortevoodi Swing voodikastiga 90x200, valmistatud MDF'st ja t&auml;ispuidustviimistlus: valge\/naturalsobib nii poisi kui t&uuml;druku tuppa&lt;br \/","breadcrumb":{"@id":"https:\/\/beebipood.ee\/ru\/produkt\/noortevoodi-swing-voodikastiga-90x200\/#breadcrumb"},"inLanguage":"ru-RU","potentialAction":[{"@type":"ReadAction","target":["https:\/\/beebipood.ee\/ru\/produkt\/noortevoodi-swing-voodikastiga-90x200\/"]}]},{"@type":"ImageObject","inLanguage":"ru-RU","@id":"https:\/\/beebipood.ee\/ru\/produkt\/noortevoodi-swing-voodikastiga-90x200\/#primaryimage","url":"https:\/\/beebipood.ee\/wp-content\/uploads\/2016\/01\/Noortevoodi-Swing-voodikastiga-90x200-Laste-ja-noortevoodid-UUED-TOOTED-90cm-laiused-Lastemoobel-ja-sisustus_1-703.jpg","contentUrl":"https:\/\/beebipood.ee\/wp-content\/uploads\/2016\/01\/Noortevoodi-Swing-voodikastiga-90x200-Laste-ja-noortevoodid-UUED-TOOTED-90cm-laiused-Lastemoobel-ja-sisustus_1-703.jpg","width":1673,"height":1575},{"@type":"BreadcrumbList","@id":"https:\/\/beebipood.ee\/ru\/produkt\/noortevoodi-swing-voodikastiga-90x200\/#breadcrumb","itemListElement":[{"@type":"ListItem","position":1,"name":"Home","item":"https:\/\/beebipood.ee\/ru\/"},{"@type":"ListItem","position":2,"name":"\u041a\u0430\u0442\u0430\u043b\u043e\u0433 \u0442\u043e\u0432\u0430\u0440\u043e\u0432","item":"https:\/\/beebipood.ee\/tooted\/"},{"@type":"ListItem","position":3,"name":"Noortevoodi Swing voodikastiga 90&#215;200"}]},{"@type":"WebSite","@id":"https:\/\/beebipood.ee\/ru\/#website","url":"https:\/\/beebipood.ee\/ru\/","name":"Beebipood","description":"Lastekaubad, beebikaubad, m\u00e4nguasjad","publisher":{"@id":"https:\/\/beebipood.ee\/ru\/#organization"},"potentialAction":[{"@type":"SearchAction","target":{"@type":"EntryPoint","urlTemplate":"https:\/\/beebipood.ee\/ru\/?s={search_term_string}"},"query-input":{"@type":"PropertyValueSpecification","valueRequired":true,"valueName":"search_term_string"}}],"inLanguage":"ru-RU"},{"@type":"Organization","@id":"https:\/\/beebipood.ee\/ru\/#organization","name":"Beebipood","url":"https:\/\/beebipood.ee\/ru\/","logo":{"@type":"ImageObject","inLanguage":"ru-RU","@id":"https:\/\/beebipood.ee\/ru\/#\/schema\/logo\/image\/","url":"https:\/\/beebipood.ee\/wp-content\/uploads\/2025\/03\/beebipood.ee-logo-1.svg","contentUrl":"https:\/\/beebipood.ee\/wp-content\/uploads\/2025\/03\/beebipood.ee-logo-1.svg","caption":"Beebipood"},"image":{"@id":"https:\/\/beebipood.ee\/ru\/#\/schema\/logo\/image\/"}}]}},"brands":[],"_links":{"self":[{"href":"https:\/\/beebipood.ee\/ru\/wp-json\/wp\/v2\/product\/456412","targetHints":{"allow":["GET"]}}],"collection":[{"href":"https:\/\/beebipood.ee\/ru\/wp-json\/wp\/v2\/product"}],"about":[{"href":"https:\/\/beebipood.ee\/ru\/wp-json\/wp\/v2\/types\/product"}],"wp:featuredmedia":[{"embeddable":true,"href":"https:\/\/beebipood.ee\/ru\/wp-json\/wp\/v2\/media\/107100"}],"wp:attachment":[{"href":"https:\/\/beebipood.ee\/ru\/wp-json\/wp\/v2\/media?parent=456412"}],"wp:term":[{"taxonomy":"pwb-brand","embeddable":true,"href":"https:\/\/beebipood.ee\/ru\/wp-json\/wp\/v2\/pwb-brand?post=456412"},{"taxonomy":"product_brand","embeddable":true,"href":"https:\/\/beebipood.ee\/ru\/wp-json\/wp\/v2\/product_brand?post=456412"},{"taxonomy":"product_cat","embeddable":true,"href":"https:\/\/beebipood.ee\/ru\/wp-json\/wp\/v2\/product_cat?post=456412"},{"taxonomy":"product_tag","embeddable":true,"href":"https:\/\/beebipood.ee\/ru\/wp-json\/wp\/v2\/product_tag?post=456412"}],"curies":[{"name":"wp","href":"https:\/\/api.w.org\/{rel}","templated":true}]}}