{"id":456420,"date":"2016-01-31T09:07:44","date_gmt":"2016-01-31T07:07:44","guid":{"rendered":"https:\/\/beebipood.ee\/toode\/riidekapp-swing-kahe-uksega\/"},"modified":"2025-01-09T10:50:37","modified_gmt":"2025-01-09T08:50:37","slug":"riidekapp-swing-kahe-uksega","status":"publish","type":"product","link":"https:\/\/beebipood.ee\/ru\/produkt\/riidekapp-swing-kahe-uksega\/","title":{"rendered":"Riidekapp Swing kahe uksega"},"content":{"rendered":"<ul>\n<li>m\u00f6\u00f6bliplaat, MDF ja t\u00e4ispuit<\/li>\n<li>viimistlus:\u00a0valge\/natural<span><br \/><\/span><\/li>\n<li>sobib nii poisi kui t\u00fcdruku tuppa<\/li>\n<li>valmistamisel on kasutatud kaasaegset tehnoloogiat ja A-klass tarvikuid ning furnituure<\/li>\n<li>parim toode perele kes hindab kvaliteeti ning huvitavat disain<\/li>\n<li>uksed ja sahtel on varustatud aeglaselt sulguvate furnituuridega<\/li>\n<li>uste taga on neli riiulit ja\u00a0<span>stange riputatavate riiete jaoks<\/span><\/li>\n<li>viimistlemisel on kasutatud ainult sertifitseeritud orgaanilisi v\u00e4rve<\/li>\n<li>toode vastab k\u00f5ikidele\u00a0<span>EN turvastandarditele<\/span><\/li>\n<\/ul>\n","protected":false},"excerpt":{"rendered":"<p>m\u00f6\u00f6bliplaat, MDF ja t\u00e4ispuit viimistlus:\u00a0valge\/natural sobib nii poisi kui t\u00fcdruku tuppa valmistamisel on kasutatud kaasaegset tehnoloogiat ja A-klass tarvikuid ning furnituure parim toode perele kes hindab kvaliteeti ning huvitavat disain uksed ja sahtel on varustatud aeglaselt sulguvate furnituuridega uste taga on neli riiulit ja\u00a0stange riputatavate riiete jaoks viimistlemisel on kasutatud ainult sertifitseeritud orgaanilisi v\u00e4rve toode [&hellip;]<\/p>\n","protected":false},"featured_media":107138,"template":"","meta":{"_acf_changed":false},"pwb-brand":[],"product_brand":[],"product_cat":[11633,11631,11789,11793],"product_tag":[],"class_list":{"0":"post-456420","1":"product","2":"type-product","3":"status-publish","4":"has-post-thumbnail","6":"product_cat-riidekapid-ru","7":"product_cat-kapid-riiulid-ru","8":"product_cat-lastemoobel-ja-sisustus-ru","9":"product_cat-laos-ru","11":"first","12":"onbackorder","13":"sale","14":"taxable","15":"shipping-taxable","16":"purchasable","17":"product-type-simple"},"exclude_global_add_ons":[],"addons":[],"acf":[],"yoast_head":"<!-- This site is optimized with the Yoast SEO plugin v27.1.1 - https:\/\/yoast.com\/product\/yoast-seo-wordpress\/ -->\n<title>Riidekapp Swing kahe uksega, \u0428\u043a\u0430\u0444\u044b, \u043f\u043e\u043b\u043a\u0438, \u041f\u043b\u0430\u0442\u044f\u043d\u044b\u0435 \u0448\u043a\u0430\u0444\u044b, M\u0435\u0431\u0435\u043b\u044c, Ha c\u043a\u043b\u0430\u0434\u0435, Beebipood<\/title>\n<meta name=\"description\" content=\"Riidekapp Swing kahe uksega, m&ouml;&ouml;bliplaat, MDF ja t&auml;ispuit viimistlus:&nbsp;valge\/natural sobib n\" \/>\n<meta name=\"robots\" content=\"index, follow, max-snippet:-1, max-image-preview:large, max-video-preview:-1\" \/>\n<link rel=\"canonical\" href=\"https:\/\/beebipood.ee\/ru\/produkt\/riidekapp-swing-kahe-uksega\/\" \/>\n<meta property=\"og:locale\" content=\"ru_RU\" \/>\n<meta property=\"og:type\" content=\"article\" \/>\n<meta property=\"og:title\" content=\"Riidekapp Swing kahe uksega, \u0428\u043a\u0430\u0444\u044b, \u043f\u043e\u043b\u043a\u0438, \u041f\u043b\u0430\u0442\u044f\u043d\u044b\u0435 \u0448\u043a\u0430\u0444\u044b, M\u0435\u0431\u0435\u043b\u044c, Ha c\u043a\u043b\u0430\u0434\u0435, Beebipood\" \/>\n<meta property=\"og:description\" content=\"Riidekapp Swing kahe uksega, m&ouml;&ouml;bliplaat, MDF ja t&auml;ispuit viimistlus:&nbsp;valge\/natural sobib n\" \/>\n<meta property=\"og:url\" content=\"https:\/\/beebipood.ee\/ru\/produkt\/riidekapp-swing-kahe-uksega\/\" \/>\n<meta property=\"og:site_name\" content=\"Beebipood\" \/>\n<meta property=\"article:modified_time\" content=\"2025-01-09T08:50:37+00:00\" \/>\n<meta property=\"og:image\" content=\"https:\/\/beebipood.ee\/wp-content\/uploads\/2016\/01\/Riidekapp-Swing-kahe-uksega-UUED-TOOTED-Kapid-riiulid-Riidekapid-Lastemoobel-ja-sisustus_4-e82.jpg\" \/>\n\t<meta property=\"og:image:width\" content=\"2362\" \/>\n\t<meta property=\"og:image:height\" content=\"2431\" \/>\n\t<meta property=\"og:image:type\" content=\"image\/jpeg\" \/>\n<meta name=\"twitter:card\" content=\"summary_large_image\" \/>\n<script type=\"application\/ld+json\" class=\"yoast-schema-graph\">{\"@context\":\"https:\/\/schema.org\",\"@graph\":[{\"@type\":\"WebPage\",\"@id\":\"https:\/\/beebipood.ee\/ru\/produkt\/riidekapp-swing-kahe-uksega\/\",\"url\":\"https:\/\/beebipood.ee\/ru\/produkt\/riidekapp-swing-kahe-uksega\/\",\"name\":\"Riidekapp Swing kahe uksega, \u0428\u043a\u0430\u0444\u044b, \u043f\u043e\u043b\u043a\u0438, \u041f\u043b\u0430\u0442\u044f\u043d\u044b\u0435 \u0448\u043a\u0430\u0444\u044b, M\u0435\u0431\u0435\u043b\u044c, Ha c\u043a\u043b\u0430\u0434\u0435, Beebipood\",\"isPartOf\":{\"@id\":\"https:\/\/beebipood.ee\/ru\/#website\"},\"primaryImageOfPage\":{\"@id\":\"https:\/\/beebipood.ee\/ru\/produkt\/riidekapp-swing-kahe-uksega\/#primaryimage\"},\"image\":{\"@id\":\"https:\/\/beebipood.ee\/ru\/produkt\/riidekapp-swing-kahe-uksega\/#primaryimage\"},\"thumbnailUrl\":\"https:\/\/beebipood.ee\/wp-content\/uploads\/2016\/01\/Riidekapp-Swing-kahe-uksega-UUED-TOOTED-Kapid-riiulid-Riidekapid-Lastemoobel-ja-sisustus_4-e82.jpg\",\"datePublished\":\"2016-01-31T07:07:44+00:00\",\"dateModified\":\"2025-01-09T08:50:37+00:00\",\"description\":\"Riidekapp Swing kahe uksega, m&ouml;&ouml;bliplaat, MDF ja t&auml;ispuit viimistlus:&nbsp;valge\/natural sobib n\",\"breadcrumb\":{\"@id\":\"https:\/\/beebipood.ee\/ru\/produkt\/riidekapp-swing-kahe-uksega\/#breadcrumb\"},\"inLanguage\":\"ru-RU\",\"potentialAction\":[{\"@type\":\"ReadAction\",\"target\":[\"https:\/\/beebipood.ee\/ru\/produkt\/riidekapp-swing-kahe-uksega\/\"]}]},{\"@type\":\"ImageObject\",\"inLanguage\":\"ru-RU\",\"@id\":\"https:\/\/beebipood.ee\/ru\/produkt\/riidekapp-swing-kahe-uksega\/#primaryimage\",\"url\":\"https:\/\/beebipood.ee\/wp-content\/uploads\/2016\/01\/Riidekapp-Swing-kahe-uksega-UUED-TOOTED-Kapid-riiulid-Riidekapid-Lastemoobel-ja-sisustus_4-e82.jpg\",\"contentUrl\":\"https:\/\/beebipood.ee\/wp-content\/uploads\/2016\/01\/Riidekapp-Swing-kahe-uksega-UUED-TOOTED-Kapid-riiulid-Riidekapid-Lastemoobel-ja-sisustus_4-e82.jpg\",\"width\":2362,\"height\":2431},{\"@type\":\"BreadcrumbList\",\"@id\":\"https:\/\/beebipood.ee\/ru\/produkt\/riidekapp-swing-kahe-uksega\/#breadcrumb\",\"itemListElement\":[{\"@type\":\"ListItem\",\"position\":1,\"name\":\"Home\",\"item\":\"https:\/\/beebipood.ee\/ru\/\"},{\"@type\":\"ListItem\",\"position\":2,\"name\":\"\u041a\u0430\u0442\u0430\u043b\u043e\u0433 \u0442\u043e\u0432\u0430\u0440\u043e\u0432\",\"item\":\"https:\/\/beebipood.ee\/tooted\/\"},{\"@type\":\"ListItem\",\"position\":3,\"name\":\"Riidekapp Swing kahe uksega\"}]},{\"@type\":\"WebSite\",\"@id\":\"https:\/\/beebipood.ee\/ru\/#website\",\"url\":\"https:\/\/beebipood.ee\/ru\/\",\"name\":\"Beebipood\",\"description\":\"Lastekaubad, beebikaubad, m\u00e4nguasjad\",\"publisher\":{\"@id\":\"https:\/\/beebipood.ee\/ru\/#organization\"},\"potentialAction\":[{\"@type\":\"SearchAction\",\"target\":{\"@type\":\"EntryPoint\",\"urlTemplate\":\"https:\/\/beebipood.ee\/ru\/?s={search_term_string}\"},\"query-input\":{\"@type\":\"PropertyValueSpecification\",\"valueRequired\":true,\"valueName\":\"search_term_string\"}}],\"inLanguage\":\"ru-RU\"},{\"@type\":\"Organization\",\"@id\":\"https:\/\/beebipood.ee\/ru\/#organization\",\"name\":\"Beebipood\",\"url\":\"https:\/\/beebipood.ee\/ru\/\",\"logo\":{\"@type\":\"ImageObject\",\"inLanguage\":\"ru-RU\",\"@id\":\"https:\/\/beebipood.ee\/ru\/#\/schema\/logo\/image\/\",\"url\":\"https:\/\/beebipood.ee\/wp-content\/uploads\/2025\/03\/beebipood.ee-logo-1.svg\",\"contentUrl\":\"https:\/\/beebipood.ee\/wp-content\/uploads\/2025\/03\/beebipood.ee-logo-1.svg\",\"caption\":\"Beebipood\"},\"image\":{\"@id\":\"https:\/\/beebipood.ee\/ru\/#\/schema\/logo\/image\/\"}}]}<\/script>\n<!-- \/ Yoast SEO plugin. -->","yoast_head_json":{"title":"Riidekapp Swing kahe uksega, \u0428\u043a\u0430\u0444\u044b, \u043f\u043e\u043b\u043a\u0438, \u041f\u043b\u0430\u0442\u044f\u043d\u044b\u0435 \u0448\u043a\u0430\u0444\u044b, M\u0435\u0431\u0435\u043b\u044c, Ha c\u043a\u043b\u0430\u0434\u0435, Beebipood","description":"Riidekapp Swing kahe uksega, m&ouml;&ouml;bliplaat, MDF ja t&auml;ispuit viimistlus:&nbsp;valge\/natural sobib n","robots":{"index":"index","follow":"follow","max-snippet":"max-snippet:-1","max-image-preview":"max-image-preview:large","max-video-preview":"max-video-preview:-1"},"canonical":"https:\/\/beebipood.ee\/ru\/produkt\/riidekapp-swing-kahe-uksega\/","og_locale":"ru_RU","og_type":"article","og_title":"Riidekapp Swing kahe uksega, \u0428\u043a\u0430\u0444\u044b, \u043f\u043e\u043b\u043a\u0438, \u041f\u043b\u0430\u0442\u044f\u043d\u044b\u0435 \u0448\u043a\u0430\u0444\u044b, M\u0435\u0431\u0435\u043b\u044c, Ha c\u043a\u043b\u0430\u0434\u0435, Beebipood","og_description":"Riidekapp Swing kahe uksega, m&ouml;&ouml;bliplaat, MDF ja t&auml;ispuit viimistlus:&nbsp;valge\/natural sobib n","og_url":"https:\/\/beebipood.ee\/ru\/produkt\/riidekapp-swing-kahe-uksega\/","og_site_name":"Beebipood","article_modified_time":"2025-01-09T08:50:37+00:00","og_image":[{"width":2362,"height":2431,"url":"https:\/\/beebipood.ee\/wp-content\/uploads\/2016\/01\/Riidekapp-Swing-kahe-uksega-UUED-TOOTED-Kapid-riiulid-Riidekapid-Lastemoobel-ja-sisustus_4-e82.jpg","type":"image\/jpeg"}],"twitter_card":"summary_large_image","schema":{"@context":"https:\/\/schema.org","@graph":[{"@type":"WebPage","@id":"https:\/\/beebipood.ee\/ru\/produkt\/riidekapp-swing-kahe-uksega\/","url":"https:\/\/beebipood.ee\/ru\/produkt\/riidekapp-swing-kahe-uksega\/","name":"Riidekapp Swing kahe uksega, \u0428\u043a\u0430\u0444\u044b, \u043f\u043e\u043b\u043a\u0438, \u041f\u043b\u0430\u0442\u044f\u043d\u044b\u0435 \u0448\u043a\u0430\u0444\u044b, M\u0435\u0431\u0435\u043b\u044c, Ha c\u043a\u043b\u0430\u0434\u0435, Beebipood","isPartOf":{"@id":"https:\/\/beebipood.ee\/ru\/#website"},"primaryImageOfPage":{"@id":"https:\/\/beebipood.ee\/ru\/produkt\/riidekapp-swing-kahe-uksega\/#primaryimage"},"image":{"@id":"https:\/\/beebipood.ee\/ru\/produkt\/riidekapp-swing-kahe-uksega\/#primaryimage"},"thumbnailUrl":"https:\/\/beebipood.ee\/wp-content\/uploads\/2016\/01\/Riidekapp-Swing-kahe-uksega-UUED-TOOTED-Kapid-riiulid-Riidekapid-Lastemoobel-ja-sisustus_4-e82.jpg","datePublished":"2016-01-31T07:07:44+00:00","dateModified":"2025-01-09T08:50:37+00:00","description":"Riidekapp Swing kahe uksega, m&ouml;&ouml;bliplaat, MDF ja t&auml;ispuit viimistlus:&nbsp;valge\/natural sobib n","breadcrumb":{"@id":"https:\/\/beebipood.ee\/ru\/produkt\/riidekapp-swing-kahe-uksega\/#breadcrumb"},"inLanguage":"ru-RU","potentialAction":[{"@type":"ReadAction","target":["https:\/\/beebipood.ee\/ru\/produkt\/riidekapp-swing-kahe-uksega\/"]}]},{"@type":"ImageObject","inLanguage":"ru-RU","@id":"https:\/\/beebipood.ee\/ru\/produkt\/riidekapp-swing-kahe-uksega\/#primaryimage","url":"https:\/\/beebipood.ee\/wp-content\/uploads\/2016\/01\/Riidekapp-Swing-kahe-uksega-UUED-TOOTED-Kapid-riiulid-Riidekapid-Lastemoobel-ja-sisustus_4-e82.jpg","contentUrl":"https:\/\/beebipood.ee\/wp-content\/uploads\/2016\/01\/Riidekapp-Swing-kahe-uksega-UUED-TOOTED-Kapid-riiulid-Riidekapid-Lastemoobel-ja-sisustus_4-e82.jpg","width":2362,"height":2431},{"@type":"BreadcrumbList","@id":"https:\/\/beebipood.ee\/ru\/produkt\/riidekapp-swing-kahe-uksega\/#breadcrumb","itemListElement":[{"@type":"ListItem","position":1,"name":"Home","item":"https:\/\/beebipood.ee\/ru\/"},{"@type":"ListItem","position":2,"name":"\u041a\u0430\u0442\u0430\u043b\u043e\u0433 \u0442\u043e\u0432\u0430\u0440\u043e\u0432","item":"https:\/\/beebipood.ee\/tooted\/"},{"@type":"ListItem","position":3,"name":"Riidekapp Swing kahe uksega"}]},{"@type":"WebSite","@id":"https:\/\/beebipood.ee\/ru\/#website","url":"https:\/\/beebipood.ee\/ru\/","name":"Beebipood","description":"Lastekaubad, beebikaubad, m\u00e4nguasjad","publisher":{"@id":"https:\/\/beebipood.ee\/ru\/#organization"},"potentialAction":[{"@type":"SearchAction","target":{"@type":"EntryPoint","urlTemplate":"https:\/\/beebipood.ee\/ru\/?s={search_term_string}"},"query-input":{"@type":"PropertyValueSpecification","valueRequired":true,"valueName":"search_term_string"}}],"inLanguage":"ru-RU"},{"@type":"Organization","@id":"https:\/\/beebipood.ee\/ru\/#organization","name":"Beebipood","url":"https:\/\/beebipood.ee\/ru\/","logo":{"@type":"ImageObject","inLanguage":"ru-RU","@id":"https:\/\/beebipood.ee\/ru\/#\/schema\/logo\/image\/","url":"https:\/\/beebipood.ee\/wp-content\/uploads\/2025\/03\/beebipood.ee-logo-1.svg","contentUrl":"https:\/\/beebipood.ee\/wp-content\/uploads\/2025\/03\/beebipood.ee-logo-1.svg","caption":"Beebipood"},"image":{"@id":"https:\/\/beebipood.ee\/ru\/#\/schema\/logo\/image\/"}}]}},"brands":[],"_links":{"self":[{"href":"https:\/\/beebipood.ee\/ru\/wp-json\/wp\/v2\/product\/456420","targetHints":{"allow":["GET"]}}],"collection":[{"href":"https:\/\/beebipood.ee\/ru\/wp-json\/wp\/v2\/product"}],"about":[{"href":"https:\/\/beebipood.ee\/ru\/wp-json\/wp\/v2\/types\/product"}],"wp:featuredmedia":[{"embeddable":true,"href":"https:\/\/beebipood.ee\/ru\/wp-json\/wp\/v2\/media\/107138"}],"wp:attachment":[{"href":"https:\/\/beebipood.ee\/ru\/wp-json\/wp\/v2\/media?parent=456420"}],"wp:term":[{"taxonomy":"pwb-brand","embeddable":true,"href":"https:\/\/beebipood.ee\/ru\/wp-json\/wp\/v2\/pwb-brand?post=456420"},{"taxonomy":"product_brand","embeddable":true,"href":"https:\/\/beebipood.ee\/ru\/wp-json\/wp\/v2\/product_brand?post=456420"},{"taxonomy":"product_cat","embeddable":true,"href":"https:\/\/beebipood.ee\/ru\/wp-json\/wp\/v2\/product_cat?post=456420"},{"taxonomy":"product_tag","embeddable":true,"href":"https:\/\/beebipood.ee\/ru\/wp-json\/wp\/v2\/product_tag?post=456420"}],"curies":[{"name":"wp","href":"https:\/\/api.w.org\/{rel}","templated":true}]}}