{"id":456422,"date":"2016-01-31T09:15:11","date_gmt":"2016-01-31T07:15:11","guid":{"rendered":"https:\/\/beebipood.ee\/toode\/raamaturiiul-swing\/"},"modified":"2025-03-04T11:37:03","modified_gmt":"2025-03-04T09:37:03","slug":"raamaturiiul-swing","status":"publish","type":"product","link":"https:\/\/beebipood.ee\/ru\/produkt\/raamaturiiul-swing\/","title":{"rendered":"Raamaturiiul Swing"},"content":{"rendered":"<p>valmistatud: m\u00f6\u00f6bliplaat, MDF ja t\u00e4ispuit<br \/>viimistlus: valge\/natural<br \/>sobib nii poisi kui t\u00fcdruku tuppa<br \/>valmistamisel on kasutatud kaasaegset tehnoloogiat ja A-klass tarvikuid ning furnituure<br \/>parim toode perele kes hindab kvaliteeti ning huvitavat disain<br \/>komplektis on kolm riiulit ja sahtel<br \/>sahtel on varustatud aeglaselt sulguvate furnituuridega<br \/>viimistlemisel on kasutatud ainult sertifitseeritud orgaanilisi v\u00e4rve<br \/>toode vastab k\u00f5ikidele\u00a0EN turvastandarditele<\/p>\n","protected":false},"excerpt":{"rendered":"<p>valmistatud: m\u00f6\u00f6bliplaat, MDF ja t\u00e4ispuitviimistlus: valge\/naturalsobib nii poisi kui t\u00fcdruku tuppavalmistamisel on kasutatud kaasaegset tehnoloogiat ja A-klass tarvikuid ning furnituureparim toode perele kes hindab kvaliteeti ning huvitavat disainkomplektis on kolm riiulit ja sahtelsahtel on varustatud aeglaselt sulguvate furnituuridegaviimistlemisel on kasutatud ainult sertifitseeritud orgaanilisi v\u00e4rvetoode vastab k\u00f5ikidele\u00a0EN turvastandarditele<\/p>\n","protected":false},"featured_media":107148,"template":"","meta":{"_acf_changed":false},"pwb-brand":[],"product_brand":[],"product_cat":[11637,11631,11789,11793],"product_tag":[],"class_list":{"0":"post-456422","1":"product","2":"type-product","3":"status-publish","4":"has-post-thumbnail","6":"product_cat-raamaturiiulid-ru","7":"product_cat-kapid-riiulid-ru","8":"product_cat-lastemoobel-ja-sisustus-ru","9":"product_cat-laos-ru","11":"first","12":"onbackorder","13":"sale","14":"taxable","15":"shipping-taxable","16":"purchasable","17":"product-type-simple"},"exclude_global_add_ons":[],"addons":[],"acf":[],"yoast_head":"<!-- This site is optimized with the Yoast SEO plugin v27.1.1 - https:\/\/yoast.com\/product\/yoast-seo-wordpress\/ -->\n<title>Raamaturiiul Swing, \u0428\u043a\u0430\u0444\u044b, \u043f\u043e\u043b\u043a\u0438, \u041a\u043d\u0438\u0436\u043d\u044b\u0435 \u043f\u043e\u043b\u043a\u0438, M\u0435\u0431\u0435\u043b\u044c, Ha c\u043a\u043b\u0430\u0434\u0435, Beebipood<\/title>\n<meta name=\"description\" content=\"Raamaturiiul Swing, valmistatud: m&ouml;&ouml;bliplaat, MDF ja t&auml;ispuitviimistlus: valge\/naturalsobib nii poisi kui t&uuml;druku tuppa\" \/>\n<meta name=\"robots\" content=\"index, follow, max-snippet:-1, max-image-preview:large, max-video-preview:-1\" \/>\n<link rel=\"canonical\" href=\"https:\/\/beebipood.ee\/ru\/produkt\/raamaturiiul-swing\/\" \/>\n<meta property=\"og:locale\" content=\"ru_RU\" \/>\n<meta property=\"og:type\" content=\"article\" \/>\n<meta property=\"og:title\" content=\"Raamaturiiul Swing, \u0428\u043a\u0430\u0444\u044b, \u043f\u043e\u043b\u043a\u0438, \u041a\u043d\u0438\u0436\u043d\u044b\u0435 \u043f\u043e\u043b\u043a\u0438, M\u0435\u0431\u0435\u043b\u044c, Ha c\u043a\u043b\u0430\u0434\u0435, Beebipood\" \/>\n<meta property=\"og:description\" content=\"Raamaturiiul Swing, valmistatud: m&ouml;&ouml;bliplaat, MDF ja t&auml;ispuitviimistlus: valge\/naturalsobib nii poisi kui t&uuml;druku tuppa\" \/>\n<meta property=\"og:url\" content=\"https:\/\/beebipood.ee\/ru\/produkt\/raamaturiiul-swing\/\" \/>\n<meta property=\"og:site_name\" content=\"Beebipood\" \/>\n<meta property=\"article:modified_time\" content=\"2025-03-04T09:37:03+00:00\" \/>\n<meta property=\"og:image\" content=\"https:\/\/beebipood.ee\/wp-content\/uploads\/2016\/01\/Raamaturiiul-Swing-UUED-TOOTED-Kapid-riiulid-Raamaturiiulid-Lastemoobel-ja-sisustus_1-652.jpg\" \/>\n\t<meta property=\"og:image:width\" content=\"2363\" \/>\n\t<meta property=\"og:image:height\" content=\"2363\" \/>\n\t<meta property=\"og:image:type\" content=\"image\/jpeg\" \/>\n<meta name=\"twitter:card\" content=\"summary_large_image\" \/>\n<script type=\"application\/ld+json\" class=\"yoast-schema-graph\">{\"@context\":\"https:\/\/schema.org\",\"@graph\":[{\"@type\":\"WebPage\",\"@id\":\"https:\/\/beebipood.ee\/ru\/produkt\/raamaturiiul-swing\/\",\"url\":\"https:\/\/beebipood.ee\/ru\/produkt\/raamaturiiul-swing\/\",\"name\":\"Raamaturiiul Swing, \u0428\u043a\u0430\u0444\u044b, \u043f\u043e\u043b\u043a\u0438, \u041a\u043d\u0438\u0436\u043d\u044b\u0435 \u043f\u043e\u043b\u043a\u0438, M\u0435\u0431\u0435\u043b\u044c, Ha c\u043a\u043b\u0430\u0434\u0435, Beebipood\",\"isPartOf\":{\"@id\":\"https:\/\/beebipood.ee\/ru\/#website\"},\"primaryImageOfPage\":{\"@id\":\"https:\/\/beebipood.ee\/ru\/produkt\/raamaturiiul-swing\/#primaryimage\"},\"image\":{\"@id\":\"https:\/\/beebipood.ee\/ru\/produkt\/raamaturiiul-swing\/#primaryimage\"},\"thumbnailUrl\":\"https:\/\/beebipood.ee\/wp-content\/uploads\/2016\/01\/Raamaturiiul-Swing-UUED-TOOTED-Kapid-riiulid-Raamaturiiulid-Lastemoobel-ja-sisustus_1-652.jpg\",\"datePublished\":\"2016-01-31T07:15:11+00:00\",\"dateModified\":\"2025-03-04T09:37:03+00:00\",\"description\":\"Raamaturiiul Swing, valmistatud: m&ouml;&ouml;bliplaat, MDF ja t&auml;ispuitviimistlus: valge\/naturalsobib nii poisi kui t&uuml;druku tuppa\",\"breadcrumb\":{\"@id\":\"https:\/\/beebipood.ee\/ru\/produkt\/raamaturiiul-swing\/#breadcrumb\"},\"inLanguage\":\"ru-RU\",\"potentialAction\":[{\"@type\":\"ReadAction\",\"target\":[\"https:\/\/beebipood.ee\/ru\/produkt\/raamaturiiul-swing\/\"]}]},{\"@type\":\"ImageObject\",\"inLanguage\":\"ru-RU\",\"@id\":\"https:\/\/beebipood.ee\/ru\/produkt\/raamaturiiul-swing\/#primaryimage\",\"url\":\"https:\/\/beebipood.ee\/wp-content\/uploads\/2016\/01\/Raamaturiiul-Swing-UUED-TOOTED-Kapid-riiulid-Raamaturiiulid-Lastemoobel-ja-sisustus_1-652.jpg\",\"contentUrl\":\"https:\/\/beebipood.ee\/wp-content\/uploads\/2016\/01\/Raamaturiiul-Swing-UUED-TOOTED-Kapid-riiulid-Raamaturiiulid-Lastemoobel-ja-sisustus_1-652.jpg\",\"width\":2363,\"height\":2363},{\"@type\":\"BreadcrumbList\",\"@id\":\"https:\/\/beebipood.ee\/ru\/produkt\/raamaturiiul-swing\/#breadcrumb\",\"itemListElement\":[{\"@type\":\"ListItem\",\"position\":1,\"name\":\"Home\",\"item\":\"https:\/\/beebipood.ee\/ru\/\"},{\"@type\":\"ListItem\",\"position\":2,\"name\":\"\u041a\u0430\u0442\u0430\u043b\u043e\u0433 \u0442\u043e\u0432\u0430\u0440\u043e\u0432\",\"item\":\"https:\/\/beebipood.ee\/tooted\/\"},{\"@type\":\"ListItem\",\"position\":3,\"name\":\"Raamaturiiul Swing\"}]},{\"@type\":\"WebSite\",\"@id\":\"https:\/\/beebipood.ee\/ru\/#website\",\"url\":\"https:\/\/beebipood.ee\/ru\/\",\"name\":\"Beebipood\",\"description\":\"Lastekaubad, beebikaubad, m\u00e4nguasjad\",\"publisher\":{\"@id\":\"https:\/\/beebipood.ee\/ru\/#organization\"},\"potentialAction\":[{\"@type\":\"SearchAction\",\"target\":{\"@type\":\"EntryPoint\",\"urlTemplate\":\"https:\/\/beebipood.ee\/ru\/?s={search_term_string}\"},\"query-input\":{\"@type\":\"PropertyValueSpecification\",\"valueRequired\":true,\"valueName\":\"search_term_string\"}}],\"inLanguage\":\"ru-RU\"},{\"@type\":\"Organization\",\"@id\":\"https:\/\/beebipood.ee\/ru\/#organization\",\"name\":\"Beebipood\",\"url\":\"https:\/\/beebipood.ee\/ru\/\",\"logo\":{\"@type\":\"ImageObject\",\"inLanguage\":\"ru-RU\",\"@id\":\"https:\/\/beebipood.ee\/ru\/#\/schema\/logo\/image\/\",\"url\":\"https:\/\/beebipood.ee\/wp-content\/uploads\/2025\/03\/beebipood.ee-logo-1.svg\",\"contentUrl\":\"https:\/\/beebipood.ee\/wp-content\/uploads\/2025\/03\/beebipood.ee-logo-1.svg\",\"caption\":\"Beebipood\"},\"image\":{\"@id\":\"https:\/\/beebipood.ee\/ru\/#\/schema\/logo\/image\/\"}}]}<\/script>\n<!-- \/ Yoast SEO plugin. -->","yoast_head_json":{"title":"Raamaturiiul Swing, \u0428\u043a\u0430\u0444\u044b, \u043f\u043e\u043b\u043a\u0438, \u041a\u043d\u0438\u0436\u043d\u044b\u0435 \u043f\u043e\u043b\u043a\u0438, M\u0435\u0431\u0435\u043b\u044c, Ha c\u043a\u043b\u0430\u0434\u0435, Beebipood","description":"Raamaturiiul Swing, valmistatud: m&ouml;&ouml;bliplaat, MDF ja t&auml;ispuitviimistlus: valge\/naturalsobib nii poisi kui t&uuml;druku tuppa","robots":{"index":"index","follow":"follow","max-snippet":"max-snippet:-1","max-image-preview":"max-image-preview:large","max-video-preview":"max-video-preview:-1"},"canonical":"https:\/\/beebipood.ee\/ru\/produkt\/raamaturiiul-swing\/","og_locale":"ru_RU","og_type":"article","og_title":"Raamaturiiul Swing, \u0428\u043a\u0430\u0444\u044b, \u043f\u043e\u043b\u043a\u0438, \u041a\u043d\u0438\u0436\u043d\u044b\u0435 \u043f\u043e\u043b\u043a\u0438, M\u0435\u0431\u0435\u043b\u044c, Ha c\u043a\u043b\u0430\u0434\u0435, Beebipood","og_description":"Raamaturiiul Swing, valmistatud: m&ouml;&ouml;bliplaat, MDF ja t&auml;ispuitviimistlus: valge\/naturalsobib nii poisi kui t&uuml;druku tuppa","og_url":"https:\/\/beebipood.ee\/ru\/produkt\/raamaturiiul-swing\/","og_site_name":"Beebipood","article_modified_time":"2025-03-04T09:37:03+00:00","og_image":[{"width":2363,"height":2363,"url":"https:\/\/beebipood.ee\/wp-content\/uploads\/2016\/01\/Raamaturiiul-Swing-UUED-TOOTED-Kapid-riiulid-Raamaturiiulid-Lastemoobel-ja-sisustus_1-652.jpg","type":"image\/jpeg"}],"twitter_card":"summary_large_image","schema":{"@context":"https:\/\/schema.org","@graph":[{"@type":"WebPage","@id":"https:\/\/beebipood.ee\/ru\/produkt\/raamaturiiul-swing\/","url":"https:\/\/beebipood.ee\/ru\/produkt\/raamaturiiul-swing\/","name":"Raamaturiiul Swing, \u0428\u043a\u0430\u0444\u044b, \u043f\u043e\u043b\u043a\u0438, \u041a\u043d\u0438\u0436\u043d\u044b\u0435 \u043f\u043e\u043b\u043a\u0438, M\u0435\u0431\u0435\u043b\u044c, Ha c\u043a\u043b\u0430\u0434\u0435, Beebipood","isPartOf":{"@id":"https:\/\/beebipood.ee\/ru\/#website"},"primaryImageOfPage":{"@id":"https:\/\/beebipood.ee\/ru\/produkt\/raamaturiiul-swing\/#primaryimage"},"image":{"@id":"https:\/\/beebipood.ee\/ru\/produkt\/raamaturiiul-swing\/#primaryimage"},"thumbnailUrl":"https:\/\/beebipood.ee\/wp-content\/uploads\/2016\/01\/Raamaturiiul-Swing-UUED-TOOTED-Kapid-riiulid-Raamaturiiulid-Lastemoobel-ja-sisustus_1-652.jpg","datePublished":"2016-01-31T07:15:11+00:00","dateModified":"2025-03-04T09:37:03+00:00","description":"Raamaturiiul Swing, valmistatud: m&ouml;&ouml;bliplaat, MDF ja t&auml;ispuitviimistlus: valge\/naturalsobib nii poisi kui t&uuml;druku tuppa","breadcrumb":{"@id":"https:\/\/beebipood.ee\/ru\/produkt\/raamaturiiul-swing\/#breadcrumb"},"inLanguage":"ru-RU","potentialAction":[{"@type":"ReadAction","target":["https:\/\/beebipood.ee\/ru\/produkt\/raamaturiiul-swing\/"]}]},{"@type":"ImageObject","inLanguage":"ru-RU","@id":"https:\/\/beebipood.ee\/ru\/produkt\/raamaturiiul-swing\/#primaryimage","url":"https:\/\/beebipood.ee\/wp-content\/uploads\/2016\/01\/Raamaturiiul-Swing-UUED-TOOTED-Kapid-riiulid-Raamaturiiulid-Lastemoobel-ja-sisustus_1-652.jpg","contentUrl":"https:\/\/beebipood.ee\/wp-content\/uploads\/2016\/01\/Raamaturiiul-Swing-UUED-TOOTED-Kapid-riiulid-Raamaturiiulid-Lastemoobel-ja-sisustus_1-652.jpg","width":2363,"height":2363},{"@type":"BreadcrumbList","@id":"https:\/\/beebipood.ee\/ru\/produkt\/raamaturiiul-swing\/#breadcrumb","itemListElement":[{"@type":"ListItem","position":1,"name":"Home","item":"https:\/\/beebipood.ee\/ru\/"},{"@type":"ListItem","position":2,"name":"\u041a\u0430\u0442\u0430\u043b\u043e\u0433 \u0442\u043e\u0432\u0430\u0440\u043e\u0432","item":"https:\/\/beebipood.ee\/tooted\/"},{"@type":"ListItem","position":3,"name":"Raamaturiiul Swing"}]},{"@type":"WebSite","@id":"https:\/\/beebipood.ee\/ru\/#website","url":"https:\/\/beebipood.ee\/ru\/","name":"Beebipood","description":"Lastekaubad, beebikaubad, m\u00e4nguasjad","publisher":{"@id":"https:\/\/beebipood.ee\/ru\/#organization"},"potentialAction":[{"@type":"SearchAction","target":{"@type":"EntryPoint","urlTemplate":"https:\/\/beebipood.ee\/ru\/?s={search_term_string}"},"query-input":{"@type":"PropertyValueSpecification","valueRequired":true,"valueName":"search_term_string"}}],"inLanguage":"ru-RU"},{"@type":"Organization","@id":"https:\/\/beebipood.ee\/ru\/#organization","name":"Beebipood","url":"https:\/\/beebipood.ee\/ru\/","logo":{"@type":"ImageObject","inLanguage":"ru-RU","@id":"https:\/\/beebipood.ee\/ru\/#\/schema\/logo\/image\/","url":"https:\/\/beebipood.ee\/wp-content\/uploads\/2025\/03\/beebipood.ee-logo-1.svg","contentUrl":"https:\/\/beebipood.ee\/wp-content\/uploads\/2025\/03\/beebipood.ee-logo-1.svg","caption":"Beebipood"},"image":{"@id":"https:\/\/beebipood.ee\/ru\/#\/schema\/logo\/image\/"}}]}},"brands":[],"_links":{"self":[{"href":"https:\/\/beebipood.ee\/ru\/wp-json\/wp\/v2\/product\/456422","targetHints":{"allow":["GET"]}}],"collection":[{"href":"https:\/\/beebipood.ee\/ru\/wp-json\/wp\/v2\/product"}],"about":[{"href":"https:\/\/beebipood.ee\/ru\/wp-json\/wp\/v2\/types\/product"}],"wp:featuredmedia":[{"embeddable":true,"href":"https:\/\/beebipood.ee\/ru\/wp-json\/wp\/v2\/media\/107148"}],"wp:attachment":[{"href":"https:\/\/beebipood.ee\/ru\/wp-json\/wp\/v2\/media?parent=456422"}],"wp:term":[{"taxonomy":"pwb-brand","embeddable":true,"href":"https:\/\/beebipood.ee\/ru\/wp-json\/wp\/v2\/pwb-brand?post=456422"},{"taxonomy":"product_brand","embeddable":true,"href":"https:\/\/beebipood.ee\/ru\/wp-json\/wp\/v2\/product_brand?post=456422"},{"taxonomy":"product_cat","embeddable":true,"href":"https:\/\/beebipood.ee\/ru\/wp-json\/wp\/v2\/product_cat?post=456422"},{"taxonomy":"product_tag","embeddable":true,"href":"https:\/\/beebipood.ee\/ru\/wp-json\/wp\/v2\/product_tag?post=456422"}],"curies":[{"name":"wp","href":"https:\/\/api.w.org\/{rel}","templated":true}]}}