{"id":456432,"date":"2016-02-03T12:24:17","date_gmt":"2016-02-03T10:24:17","guid":{"rendered":"https:\/\/beebipood.ee\/toode\/thule-urban-glide-3-vankrikorvi-vihmakile\/"},"modified":"2025-03-04T10:32:33","modified_gmt":"2025-03-04T08:32:33","slug":"thule-urban-glide-3-vankrikorvi-vihmakile","status":"publish","type":"product","link":"https:\/\/beebipood.ee\/ru\/produkt\/thule-urban-glide-3-vankrikorvi-vihmakile\/","title":{"rendered":"Thule Urban Glide 3 vankrikorvi vihmakile"},"content":{"rendered":"<p>Thule Urban Glide 3 vankrikorvi vihmakile.<br \/>Kaitseb teie last vihma ja tuule eest.<br \/>Hoolitseb selle eest, et teie lapsel oleks mugav ja kuiv ka vihmase ilmaga.<br \/>Paigaldatud maksimaalse ilmastikukaitse jaoks<br \/>Lihtne ja h\u00f5lbus paigaldamine<br \/>L\u00e4bipaistev materjal annab lapsele igak\u00fclgse vaate, <br \/>olles samal ajal ilmastiku eest kaitstud<br \/>Pakub suurep\u00e4rast kaitset, andes samal ajal h\u00f5lpsa juurdep\u00e4\u00e4su lapsele <br \/>temaga tegelemiseks v\u00f5i tema eest hoolitsemiseks<br \/>Sobib:\u00a0Thule Urban Glide 3\u00a0vankrikorvile<\/p>\n","protected":false},"excerpt":{"rendered":"<p>Thule Urban Glide 3 vankrikorvi vihmakile.Kaitseb teie last vihma ja tuule eest.Hoolitseb selle eest, et teie lapsel oleks mugav ja kuiv ka vihmase ilmaga.Paigaldatud maksimaalse ilmastikukaitse jaoksLihtne ja h\u00f5lbus paigaldamineL\u00e4bipaistev materjal annab lapsele igak\u00fclgse vaate, olles samal ajal ilmastiku eest kaitstudPakub suurep\u00e4rast kaitset, andes samal ajal h\u00f5lpsa juurdep\u00e4\u00e4su lapsele temaga tegelemiseks v\u00f5i tema eest hoolitsemiseksSobib:\u00a0Thule [&hellip;]<\/p>\n","protected":false},"featured_media":164223,"template":"","meta":{"_acf_changed":false},"pwb-brand":[11980],"product_brand":[],"product_cat":[11847,11849,11851,11721,11853,11725,11717,11825],"product_tag":[],"class_list":{"0":"post-456432","1":"product","2":"type-product","3":"status-publish","4":"has-post-thumbnail","6":"pwb-brand-thule-ru","7":"product_cat-thule-ru","8":"product_cat-thule-urban-glide-3-ru","9":"product_cat-thule-urban-glide-4-wheel-ru","10":"product_cat-jalutuskarud-ru","11":"product_cat-thule-urban-glide-3-double-ru","12":"product_cat-lisatarvikud-ru","13":"product_cat-lastevankrid-ja-karud-ru","14":"product_cat-thule-glide-3-ru","15":"pa_manufacturer-thule-ru","17":"first","18":"instock","19":"taxable","20":"shipping-taxable","21":"purchasable","22":"product-type-simple"},"exclude_global_add_ons":[],"addons":[],"acf":[],"yoast_head":"<!-- This site is optimized with the Yoast SEO plugin v27.1.1 - https:\/\/yoast.com\/product\/yoast-seo-wordpress\/ -->\n<title>Thule Urban Glide 3 vankrikorvi vihmakile, \u041a\u043e\u043b\u044f\u0441\u043a\u0438, \u041f\u0440\u043e\u0433\u0443\u043b\u043e\u0447\u043d\u044b\u0435 \u043a\u043e\u043b\u044f\u0441\u043a\u0438, \u041f\u0440\u0438\u043d\u0430\u0434\u043b\u0435\u0436\u043d\u043e\u0441\u0442\u0438, THULE, Thule Urban Glide 3, Thule Urban Glide 4-wheel, Thule Urban Glide 3 Double , Beebipood<\/title>\n<meta name=\"description\" content=\"Thule Urban Glide 3 vankrikorvi vihmakile, Thule Urban Glide 3 vankrikorvi vihmakile.Kaitseb teie last vihma ja tuule eest.Hoolitseb selle eest,\" \/>\n<meta name=\"robots\" content=\"index, follow, max-snippet:-1, max-image-preview:large, max-video-preview:-1\" \/>\n<link rel=\"canonical\" href=\"https:\/\/beebipood.ee\/ru\/produkt\/thule-urban-glide-3-vankrikorvi-vihmakile\/\" \/>\n<meta property=\"og:locale\" content=\"ru_RU\" \/>\n<meta property=\"og:type\" content=\"article\" \/>\n<meta property=\"og:title\" content=\"Thule Urban Glide 3 vankrikorvi vihmakile, \u041a\u043e\u043b\u044f\u0441\u043a\u0438, \u041f\u0440\u043e\u0433\u0443\u043b\u043e\u0447\u043d\u044b\u0435 \u043a\u043e\u043b\u044f\u0441\u043a\u0438, \u041f\u0440\u0438\u043d\u0430\u0434\u043b\u0435\u0436\u043d\u043e\u0441\u0442\u0438, THULE, Thule Urban Glide 3, Thule Urban Glide 4-wheel, Thule Urban Glide 3 Double , Beebipood\" \/>\n<meta property=\"og:description\" content=\"Thule Urban Glide 3 vankrikorvi vihmakile, Thule Urban Glide 3 vankrikorvi vihmakile.Kaitseb teie last vihma ja tuule eest.Hoolitseb selle eest,\" \/>\n<meta property=\"og:url\" content=\"https:\/\/beebipood.ee\/ru\/produkt\/thule-urban-glide-3-vankrikorvi-vihmakile\/\" \/>\n<meta property=\"og:site_name\" content=\"Beebipood\" \/>\n<meta property=\"article:modified_time\" content=\"2025-03-04T08:32:33+00:00\" \/>\n<meta property=\"og:image\" content=\"https:\/\/beebipood.ee\/wp-content\/uploads\/2016\/02\/Thule-Urban-Glide-3-vankrikorvi-vihmakile-SOODUSPAKKUMISED-UUED-TOOTED-Lastevankrid-ja-karud-Jalutuskarud-Lisavarustus-THULE-Thule-Urban-Glide-3-Thule-Urban-Glide-4wheel_1-da4.jpg\" \/>\n\t<meta property=\"og:image:width\" content=\"1200\" \/>\n\t<meta property=\"og:image:height\" content=\"1200\" \/>\n\t<meta property=\"og:image:type\" content=\"image\/jpeg\" \/>\n<meta name=\"twitter:card\" content=\"summary_large_image\" \/>\n<script type=\"application\/ld+json\" class=\"yoast-schema-graph\">{\"@context\":\"https:\/\/schema.org\",\"@graph\":[{\"@type\":\"WebPage\",\"@id\":\"https:\/\/beebipood.ee\/ru\/produkt\/thule-urban-glide-3-vankrikorvi-vihmakile\/\",\"url\":\"https:\/\/beebipood.ee\/ru\/produkt\/thule-urban-glide-3-vankrikorvi-vihmakile\/\",\"name\":\"Thule Urban Glide 3 vankrikorvi vihmakile, \u041a\u043e\u043b\u044f\u0441\u043a\u0438, \u041f\u0440\u043e\u0433\u0443\u043b\u043e\u0447\u043d\u044b\u0435 \u043a\u043e\u043b\u044f\u0441\u043a\u0438, \u041f\u0440\u0438\u043d\u0430\u0434\u043b\u0435\u0436\u043d\u043e\u0441\u0442\u0438, THULE, Thule Urban Glide 3, Thule Urban Glide 4-wheel, Thule Urban Glide 3 Double , Beebipood\",\"isPartOf\":{\"@id\":\"https:\/\/beebipood.ee\/ru\/#website\"},\"primaryImageOfPage\":{\"@id\":\"https:\/\/beebipood.ee\/ru\/produkt\/thule-urban-glide-3-vankrikorvi-vihmakile\/#primaryimage\"},\"image\":{\"@id\":\"https:\/\/beebipood.ee\/ru\/produkt\/thule-urban-glide-3-vankrikorvi-vihmakile\/#primaryimage\"},\"thumbnailUrl\":\"https:\/\/beebipood.ee\/wp-content\/uploads\/2016\/02\/Thule-Urban-Glide-3-vankrikorvi-vihmakile-SOODUSPAKKUMISED-UUED-TOOTED-Lastevankrid-ja-karud-Jalutuskarud-Lisavarustus-THULE-Thule-Urban-Glide-3-Thule-Urban-Glide-4wheel_1-da4.jpg\",\"datePublished\":\"2016-02-03T10:24:17+00:00\",\"dateModified\":\"2025-03-04T08:32:33+00:00\",\"description\":\"Thule Urban Glide 3 vankrikorvi vihmakile, Thule Urban Glide 3 vankrikorvi vihmakile.Kaitseb teie last vihma ja tuule eest.Hoolitseb selle eest,\",\"breadcrumb\":{\"@id\":\"https:\/\/beebipood.ee\/ru\/produkt\/thule-urban-glide-3-vankrikorvi-vihmakile\/#breadcrumb\"},\"inLanguage\":\"ru-RU\",\"potentialAction\":[{\"@type\":\"ReadAction\",\"target\":[\"https:\/\/beebipood.ee\/ru\/produkt\/thule-urban-glide-3-vankrikorvi-vihmakile\/\"]}]},{\"@type\":\"ImageObject\",\"inLanguage\":\"ru-RU\",\"@id\":\"https:\/\/beebipood.ee\/ru\/produkt\/thule-urban-glide-3-vankrikorvi-vihmakile\/#primaryimage\",\"url\":\"https:\/\/beebipood.ee\/wp-content\/uploads\/2016\/02\/Thule-Urban-Glide-3-vankrikorvi-vihmakile-SOODUSPAKKUMISED-UUED-TOOTED-Lastevankrid-ja-karud-Jalutuskarud-Lisavarustus-THULE-Thule-Urban-Glide-3-Thule-Urban-Glide-4wheel_1-da4.jpg\",\"contentUrl\":\"https:\/\/beebipood.ee\/wp-content\/uploads\/2016\/02\/Thule-Urban-Glide-3-vankrikorvi-vihmakile-SOODUSPAKKUMISED-UUED-TOOTED-Lastevankrid-ja-karud-Jalutuskarud-Lisavarustus-THULE-Thule-Urban-Glide-3-Thule-Urban-Glide-4wheel_1-da4.jpg\",\"width\":1200,\"height\":1200},{\"@type\":\"BreadcrumbList\",\"@id\":\"https:\/\/beebipood.ee\/ru\/produkt\/thule-urban-glide-3-vankrikorvi-vihmakile\/#breadcrumb\",\"itemListElement\":[{\"@type\":\"ListItem\",\"position\":1,\"name\":\"Home\",\"item\":\"https:\/\/beebipood.ee\/ru\/\"},{\"@type\":\"ListItem\",\"position\":2,\"name\":\"\u041a\u0430\u0442\u0430\u043b\u043e\u0433 \u0442\u043e\u0432\u0430\u0440\u043e\u0432\",\"item\":\"https:\/\/beebipood.ee\/tooted\/\"},{\"@type\":\"ListItem\",\"position\":3,\"name\":\"Thule Urban Glide 3 vankrikorvi vihmakile\"}]},{\"@type\":\"WebSite\",\"@id\":\"https:\/\/beebipood.ee\/ru\/#website\",\"url\":\"https:\/\/beebipood.ee\/ru\/\",\"name\":\"Beebipood\",\"description\":\"Lastekaubad, beebikaubad, m\u00e4nguasjad\",\"publisher\":{\"@id\":\"https:\/\/beebipood.ee\/ru\/#organization\"},\"potentialAction\":[{\"@type\":\"SearchAction\",\"target\":{\"@type\":\"EntryPoint\",\"urlTemplate\":\"https:\/\/beebipood.ee\/ru\/?s={search_term_string}\"},\"query-input\":{\"@type\":\"PropertyValueSpecification\",\"valueRequired\":true,\"valueName\":\"search_term_string\"}}],\"inLanguage\":\"ru-RU\"},{\"@type\":\"Organization\",\"@id\":\"https:\/\/beebipood.ee\/ru\/#organization\",\"name\":\"Beebipood\",\"url\":\"https:\/\/beebipood.ee\/ru\/\",\"logo\":{\"@type\":\"ImageObject\",\"inLanguage\":\"ru-RU\",\"@id\":\"https:\/\/beebipood.ee\/ru\/#\/schema\/logo\/image\/\",\"url\":\"https:\/\/beebipood.ee\/wp-content\/uploads\/2025\/03\/beebipood.ee-logo-1.svg\",\"contentUrl\":\"https:\/\/beebipood.ee\/wp-content\/uploads\/2025\/03\/beebipood.ee-logo-1.svg\",\"caption\":\"Beebipood\"},\"image\":{\"@id\":\"https:\/\/beebipood.ee\/ru\/#\/schema\/logo\/image\/\"}}]}<\/script>\n<!-- \/ Yoast SEO plugin. -->","yoast_head_json":{"title":"Thule Urban Glide 3 vankrikorvi vihmakile, \u041a\u043e\u043b\u044f\u0441\u043a\u0438, \u041f\u0440\u043e\u0433\u0443\u043b\u043e\u0447\u043d\u044b\u0435 \u043a\u043e\u043b\u044f\u0441\u043a\u0438, \u041f\u0440\u0438\u043d\u0430\u0434\u043b\u0435\u0436\u043d\u043e\u0441\u0442\u0438, THULE, Thule Urban Glide 3, Thule Urban Glide 4-wheel, Thule Urban Glide 3 Double , Beebipood","description":"Thule Urban Glide 3 vankrikorvi vihmakile, Thule Urban Glide 3 vankrikorvi vihmakile.Kaitseb teie last vihma ja tuule eest.Hoolitseb selle eest,","robots":{"index":"index","follow":"follow","max-snippet":"max-snippet:-1","max-image-preview":"max-image-preview:large","max-video-preview":"max-video-preview:-1"},"canonical":"https:\/\/beebipood.ee\/ru\/produkt\/thule-urban-glide-3-vankrikorvi-vihmakile\/","og_locale":"ru_RU","og_type":"article","og_title":"Thule Urban Glide 3 vankrikorvi vihmakile, \u041a\u043e\u043b\u044f\u0441\u043a\u0438, \u041f\u0440\u043e\u0433\u0443\u043b\u043e\u0447\u043d\u044b\u0435 \u043a\u043e\u043b\u044f\u0441\u043a\u0438, \u041f\u0440\u0438\u043d\u0430\u0434\u043b\u0435\u0436\u043d\u043e\u0441\u0442\u0438, THULE, Thule Urban Glide 3, Thule Urban Glide 4-wheel, Thule Urban Glide 3 Double , Beebipood","og_description":"Thule Urban Glide 3 vankrikorvi vihmakile, Thule Urban Glide 3 vankrikorvi vihmakile.Kaitseb teie last vihma ja tuule eest.Hoolitseb selle eest,","og_url":"https:\/\/beebipood.ee\/ru\/produkt\/thule-urban-glide-3-vankrikorvi-vihmakile\/","og_site_name":"Beebipood","article_modified_time":"2025-03-04T08:32:33+00:00","og_image":[{"width":1200,"height":1200,"url":"https:\/\/beebipood.ee\/wp-content\/uploads\/2016\/02\/Thule-Urban-Glide-3-vankrikorvi-vihmakile-SOODUSPAKKUMISED-UUED-TOOTED-Lastevankrid-ja-karud-Jalutuskarud-Lisavarustus-THULE-Thule-Urban-Glide-3-Thule-Urban-Glide-4wheel_1-da4.jpg","type":"image\/jpeg"}],"twitter_card":"summary_large_image","schema":{"@context":"https:\/\/schema.org","@graph":[{"@type":"WebPage","@id":"https:\/\/beebipood.ee\/ru\/produkt\/thule-urban-glide-3-vankrikorvi-vihmakile\/","url":"https:\/\/beebipood.ee\/ru\/produkt\/thule-urban-glide-3-vankrikorvi-vihmakile\/","name":"Thule Urban Glide 3 vankrikorvi vihmakile, \u041a\u043e\u043b\u044f\u0441\u043a\u0438, \u041f\u0440\u043e\u0433\u0443\u043b\u043e\u0447\u043d\u044b\u0435 \u043a\u043e\u043b\u044f\u0441\u043a\u0438, \u041f\u0440\u0438\u043d\u0430\u0434\u043b\u0435\u0436\u043d\u043e\u0441\u0442\u0438, THULE, Thule Urban Glide 3, Thule Urban Glide 4-wheel, Thule Urban Glide 3 Double , Beebipood","isPartOf":{"@id":"https:\/\/beebipood.ee\/ru\/#website"},"primaryImageOfPage":{"@id":"https:\/\/beebipood.ee\/ru\/produkt\/thule-urban-glide-3-vankrikorvi-vihmakile\/#primaryimage"},"image":{"@id":"https:\/\/beebipood.ee\/ru\/produkt\/thule-urban-glide-3-vankrikorvi-vihmakile\/#primaryimage"},"thumbnailUrl":"https:\/\/beebipood.ee\/wp-content\/uploads\/2016\/02\/Thule-Urban-Glide-3-vankrikorvi-vihmakile-SOODUSPAKKUMISED-UUED-TOOTED-Lastevankrid-ja-karud-Jalutuskarud-Lisavarustus-THULE-Thule-Urban-Glide-3-Thule-Urban-Glide-4wheel_1-da4.jpg","datePublished":"2016-02-03T10:24:17+00:00","dateModified":"2025-03-04T08:32:33+00:00","description":"Thule Urban Glide 3 vankrikorvi vihmakile, Thule Urban Glide 3 vankrikorvi vihmakile.Kaitseb teie last vihma ja tuule eest.Hoolitseb selle eest,","breadcrumb":{"@id":"https:\/\/beebipood.ee\/ru\/produkt\/thule-urban-glide-3-vankrikorvi-vihmakile\/#breadcrumb"},"inLanguage":"ru-RU","potentialAction":[{"@type":"ReadAction","target":["https:\/\/beebipood.ee\/ru\/produkt\/thule-urban-glide-3-vankrikorvi-vihmakile\/"]}]},{"@type":"ImageObject","inLanguage":"ru-RU","@id":"https:\/\/beebipood.ee\/ru\/produkt\/thule-urban-glide-3-vankrikorvi-vihmakile\/#primaryimage","url":"https:\/\/beebipood.ee\/wp-content\/uploads\/2016\/02\/Thule-Urban-Glide-3-vankrikorvi-vihmakile-SOODUSPAKKUMISED-UUED-TOOTED-Lastevankrid-ja-karud-Jalutuskarud-Lisavarustus-THULE-Thule-Urban-Glide-3-Thule-Urban-Glide-4wheel_1-da4.jpg","contentUrl":"https:\/\/beebipood.ee\/wp-content\/uploads\/2016\/02\/Thule-Urban-Glide-3-vankrikorvi-vihmakile-SOODUSPAKKUMISED-UUED-TOOTED-Lastevankrid-ja-karud-Jalutuskarud-Lisavarustus-THULE-Thule-Urban-Glide-3-Thule-Urban-Glide-4wheel_1-da4.jpg","width":1200,"height":1200},{"@type":"BreadcrumbList","@id":"https:\/\/beebipood.ee\/ru\/produkt\/thule-urban-glide-3-vankrikorvi-vihmakile\/#breadcrumb","itemListElement":[{"@type":"ListItem","position":1,"name":"Home","item":"https:\/\/beebipood.ee\/ru\/"},{"@type":"ListItem","position":2,"name":"\u041a\u0430\u0442\u0430\u043b\u043e\u0433 \u0442\u043e\u0432\u0430\u0440\u043e\u0432","item":"https:\/\/beebipood.ee\/tooted\/"},{"@type":"ListItem","position":3,"name":"Thule Urban Glide 3 vankrikorvi vihmakile"}]},{"@type":"WebSite","@id":"https:\/\/beebipood.ee\/ru\/#website","url":"https:\/\/beebipood.ee\/ru\/","name":"Beebipood","description":"Lastekaubad, beebikaubad, m\u00e4nguasjad","publisher":{"@id":"https:\/\/beebipood.ee\/ru\/#organization"},"potentialAction":[{"@type":"SearchAction","target":{"@type":"EntryPoint","urlTemplate":"https:\/\/beebipood.ee\/ru\/?s={search_term_string}"},"query-input":{"@type":"PropertyValueSpecification","valueRequired":true,"valueName":"search_term_string"}}],"inLanguage":"ru-RU"},{"@type":"Organization","@id":"https:\/\/beebipood.ee\/ru\/#organization","name":"Beebipood","url":"https:\/\/beebipood.ee\/ru\/","logo":{"@type":"ImageObject","inLanguage":"ru-RU","@id":"https:\/\/beebipood.ee\/ru\/#\/schema\/logo\/image\/","url":"https:\/\/beebipood.ee\/wp-content\/uploads\/2025\/03\/beebipood.ee-logo-1.svg","contentUrl":"https:\/\/beebipood.ee\/wp-content\/uploads\/2025\/03\/beebipood.ee-logo-1.svg","caption":"Beebipood"},"image":{"@id":"https:\/\/beebipood.ee\/ru\/#\/schema\/logo\/image\/"}}]}},"brands":[{"id":11980,"name":"THULE","slug":"thule-ru"}],"_links":{"self":[{"href":"https:\/\/beebipood.ee\/ru\/wp-json\/wp\/v2\/product\/456432","targetHints":{"allow":["GET"]}}],"collection":[{"href":"https:\/\/beebipood.ee\/ru\/wp-json\/wp\/v2\/product"}],"about":[{"href":"https:\/\/beebipood.ee\/ru\/wp-json\/wp\/v2\/types\/product"}],"wp:featuredmedia":[{"embeddable":true,"href":"https:\/\/beebipood.ee\/ru\/wp-json\/wp\/v2\/media\/164223"}],"wp:attachment":[{"href":"https:\/\/beebipood.ee\/ru\/wp-json\/wp\/v2\/media?parent=456432"}],"wp:term":[{"taxonomy":"pwb-brand","embeddable":true,"href":"https:\/\/beebipood.ee\/ru\/wp-json\/wp\/v2\/pwb-brand?post=456432"},{"taxonomy":"product_brand","embeddable":true,"href":"https:\/\/beebipood.ee\/ru\/wp-json\/wp\/v2\/product_brand?post=456432"},{"taxonomy":"product_cat","embeddable":true,"href":"https:\/\/beebipood.ee\/ru\/wp-json\/wp\/v2\/product_cat?post=456432"},{"taxonomy":"product_tag","embeddable":true,"href":"https:\/\/beebipood.ee\/ru\/wp-json\/wp\/v2\/product_tag?post=456432"}],"curies":[{"name":"wp","href":"https:\/\/api.w.org\/{rel}","templated":true}]}}