{"id":456440,"date":"2016-02-04T07:22:53","date_gmt":"2016-02-04T05:22:53","guid":{"rendered":"https:\/\/beebipood.ee\/toode\/thule-urban-glide-3-turvakaar\/"},"modified":"2025-03-04T10:33:15","modified_gmt":"2025-03-04T08:33:15","slug":"thule-urban-glide-3-turvakaar","status":"publish","type":"product","link":"https:\/\/beebipood.ee\/ru\/produkt\/thule-urban-glide-3-turvakaar\/","title":{"rendered":"Thule Urban Glide 3 turvakaar"},"content":{"rendered":"<p>Laps saab jalutamise ajal mugavast ja kindlast k\u00e4epidemest kinni hoida.<br \/>V\u00e4ljakeeratav, et last oleks k\u00e4russe lihtne panna ja sealt v\u00e4lja v\u00f5tta<br \/>Lihtsa kinnitusega paigaldamine ja eemaldamine<br \/>Valmistatud vastupidavatest hammustuskindlatest materjalidest<br \/>V\u00f5imalus kasutada \u00fchte turvakaart iga lapse kohta kahekohalises k\u00e4rus Thule Urban Glide 3<br \/>Sobib: Thule Urban Glide 3 ja Thule Urban Glide 4-wheel ja Thule Urban Glide 3 Double<\/p>\n","protected":false},"excerpt":{"rendered":"<p>Laps saab jalutamise ajal mugavast ja kindlast k\u00e4epidemest kinni hoida.V\u00e4ljakeeratav, et last oleks k\u00e4russe lihtne panna ja sealt v\u00e4lja v\u00f5ttaLihtsa kinnitusega paigaldamine ja eemaldamineValmistatud vastupidavatest hammustuskindlatest materjalidestV\u00f5imalus kasutada \u00fchte turvakaart iga lapse kohta kahekohalises k\u00e4rus Thule Urban Glide 3Sobib: Thule Urban Glide 3 ja Thule Urban Glide 4-wheel ja Thule Urban Glide 3 Double<\/p>\n","protected":false},"featured_media":164237,"template":"","meta":{"_acf_changed":false},"pwb-brand":[11980],"product_brand":[],"product_cat":[11847,11849,11851,11721,11853,11725,11717,11825],"product_tag":[],"class_list":{"0":"post-456440","1":"product","2":"type-product","3":"status-publish","4":"has-post-thumbnail","6":"pwb-brand-thule-ru","7":"product_cat-thule-ru","8":"product_cat-thule-urban-glide-3-ru","9":"product_cat-thule-urban-glide-4-wheel-ru","10":"product_cat-jalutuskarud-ru","11":"product_cat-thule-urban-glide-3-double-ru","12":"product_cat-lisatarvikud-ru","13":"product_cat-lastevankrid-ja-karud-ru","14":"product_cat-thule-glide-3-ru","15":"pa_manufacturer-thule-ru","17":"first","18":"instock","19":"taxable","20":"shipping-taxable","21":"purchasable","22":"product-type-simple"},"exclude_global_add_ons":[],"addons":[],"acf":[],"yoast_head":"<!-- This site is optimized with the Yoast SEO plugin v27.1.1 - https:\/\/yoast.com\/product\/yoast-seo-wordpress\/ -->\n<title>Thule Urban Glide 3 turvakaar, \u0421\u041a\u0418\u0414\u041a\u0418, \u041b\u043e\u0448\u0430\u0434\u043a\u0430-\u043a\u0430\u0447\u0430\u043b\u043a\u0430, \u041a\u043e\u043b\u044f\u0441\u043a\u0438, \u041f\u0440\u043e\u0433\u0443\u043b\u043e\u0447\u043d\u044b\u0435 \u043a\u043e\u043b\u044f\u0441\u043a\u0438, \u041f\u0440\u0438\u043d\u0430\u0434\u043b\u0435\u0436\u043d\u043e\u0441\u0442\u0438, THULE, Thule Urban Glide 3, Thule Urban Glide 4-wheel, Thule Urban Glide 3 Double , Beebipood<\/title>\n<meta name=\"description\" content=\"Thule Urban Glide 3 turvakaar, Laps saab jalutamise ajal mugavast ja kindlast k&auml;epidemest kinni hoida.V&auml;ljakeeratav, et last oleks k&auml;rus\" \/>\n<meta name=\"robots\" content=\"index, follow, max-snippet:-1, max-image-preview:large, max-video-preview:-1\" \/>\n<link rel=\"canonical\" href=\"https:\/\/beebipood.ee\/ru\/produkt\/thule-urban-glide-3-turvakaar\/\" \/>\n<meta property=\"og:locale\" content=\"ru_RU\" \/>\n<meta property=\"og:type\" content=\"article\" \/>\n<meta property=\"og:title\" content=\"Thule Urban Glide 3 turvakaar, \u0421\u041a\u0418\u0414\u041a\u0418, \u041b\u043e\u0448\u0430\u0434\u043a\u0430-\u043a\u0430\u0447\u0430\u043b\u043a\u0430, \u041a\u043e\u043b\u044f\u0441\u043a\u0438, \u041f\u0440\u043e\u0433\u0443\u043b\u043e\u0447\u043d\u044b\u0435 \u043a\u043e\u043b\u044f\u0441\u043a\u0438, \u041f\u0440\u0438\u043d\u0430\u0434\u043b\u0435\u0436\u043d\u043e\u0441\u0442\u0438, THULE, Thule Urban Glide 3, Thule Urban Glide 4-wheel, Thule Urban Glide 3 Double , Beebipood\" \/>\n<meta property=\"og:description\" content=\"Thule Urban Glide 3 turvakaar, Laps saab jalutamise ajal mugavast ja kindlast k&auml;epidemest kinni hoida.V&auml;ljakeeratav, et last oleks k&auml;rus\" \/>\n<meta property=\"og:url\" content=\"https:\/\/beebipood.ee\/ru\/produkt\/thule-urban-glide-3-turvakaar\/\" \/>\n<meta property=\"og:site_name\" content=\"Beebipood\" \/>\n<meta property=\"article:modified_time\" content=\"2025-03-04T08:33:15+00:00\" \/>\n<meta property=\"og:image\" content=\"https:\/\/beebipood.ee\/wp-content\/uploads\/2016\/02\/Thule-Urban-Glide-3-turvakaar-SOODUSPAKKUMISED-UUED-TOOTED-Lastevankrid-ja-karud-Jalutuskarud-Lisavarustus-THULE-Thule-Urban-Glide-3-Thule-Urban-Glide-4wheel-Thule-Urban-Glide-3-Double-_1-e73.jpg\" \/>\n\t<meta property=\"og:image:width\" content=\"1200\" \/>\n\t<meta property=\"og:image:height\" content=\"1200\" \/>\n\t<meta property=\"og:image:type\" content=\"image\/jpeg\" \/>\n<meta name=\"twitter:card\" content=\"summary_large_image\" \/>\n<script type=\"application\/ld+json\" class=\"yoast-schema-graph\">{\"@context\":\"https:\/\/schema.org\",\"@graph\":[{\"@type\":\"WebPage\",\"@id\":\"https:\/\/beebipood.ee\/ru\/produkt\/thule-urban-glide-3-turvakaar\/\",\"url\":\"https:\/\/beebipood.ee\/ru\/produkt\/thule-urban-glide-3-turvakaar\/\",\"name\":\"Thule Urban Glide 3 turvakaar, \u0421\u041a\u0418\u0414\u041a\u0418, \u041b\u043e\u0448\u0430\u0434\u043a\u0430-\u043a\u0430\u0447\u0430\u043b\u043a\u0430, \u041a\u043e\u043b\u044f\u0441\u043a\u0438, \u041f\u0440\u043e\u0433\u0443\u043b\u043e\u0447\u043d\u044b\u0435 \u043a\u043e\u043b\u044f\u0441\u043a\u0438, \u041f\u0440\u0438\u043d\u0430\u0434\u043b\u0435\u0436\u043d\u043e\u0441\u0442\u0438, THULE, Thule Urban Glide 3, Thule Urban Glide 4-wheel, Thule Urban Glide 3 Double , Beebipood\",\"isPartOf\":{\"@id\":\"https:\/\/beebipood.ee\/ru\/#website\"},\"primaryImageOfPage\":{\"@id\":\"https:\/\/beebipood.ee\/ru\/produkt\/thule-urban-glide-3-turvakaar\/#primaryimage\"},\"image\":{\"@id\":\"https:\/\/beebipood.ee\/ru\/produkt\/thule-urban-glide-3-turvakaar\/#primaryimage\"},\"thumbnailUrl\":\"https:\/\/beebipood.ee\/wp-content\/uploads\/2016\/02\/Thule-Urban-Glide-3-turvakaar-SOODUSPAKKUMISED-UUED-TOOTED-Lastevankrid-ja-karud-Jalutuskarud-Lisavarustus-THULE-Thule-Urban-Glide-3-Thule-Urban-Glide-4wheel-Thule-Urban-Glide-3-Double-_1-e73.jpg\",\"datePublished\":\"2016-02-04T05:22:53+00:00\",\"dateModified\":\"2025-03-04T08:33:15+00:00\",\"description\":\"Thule Urban Glide 3 turvakaar, Laps saab jalutamise ajal mugavast ja kindlast k&auml;epidemest kinni hoida.V&auml;ljakeeratav, et last oleks k&auml;rus\",\"breadcrumb\":{\"@id\":\"https:\/\/beebipood.ee\/ru\/produkt\/thule-urban-glide-3-turvakaar\/#breadcrumb\"},\"inLanguage\":\"ru-RU\",\"potentialAction\":[{\"@type\":\"ReadAction\",\"target\":[\"https:\/\/beebipood.ee\/ru\/produkt\/thule-urban-glide-3-turvakaar\/\"]}]},{\"@type\":\"ImageObject\",\"inLanguage\":\"ru-RU\",\"@id\":\"https:\/\/beebipood.ee\/ru\/produkt\/thule-urban-glide-3-turvakaar\/#primaryimage\",\"url\":\"https:\/\/beebipood.ee\/wp-content\/uploads\/2016\/02\/Thule-Urban-Glide-3-turvakaar-SOODUSPAKKUMISED-UUED-TOOTED-Lastevankrid-ja-karud-Jalutuskarud-Lisavarustus-THULE-Thule-Urban-Glide-3-Thule-Urban-Glide-4wheel-Thule-Urban-Glide-3-Double-_1-e73.jpg\",\"contentUrl\":\"https:\/\/beebipood.ee\/wp-content\/uploads\/2016\/02\/Thule-Urban-Glide-3-turvakaar-SOODUSPAKKUMISED-UUED-TOOTED-Lastevankrid-ja-karud-Jalutuskarud-Lisavarustus-THULE-Thule-Urban-Glide-3-Thule-Urban-Glide-4wheel-Thule-Urban-Glide-3-Double-_1-e73.jpg\",\"width\":1200,\"height\":1200},{\"@type\":\"BreadcrumbList\",\"@id\":\"https:\/\/beebipood.ee\/ru\/produkt\/thule-urban-glide-3-turvakaar\/#breadcrumb\",\"itemListElement\":[{\"@type\":\"ListItem\",\"position\":1,\"name\":\"Home\",\"item\":\"https:\/\/beebipood.ee\/ru\/\"},{\"@type\":\"ListItem\",\"position\":2,\"name\":\"\u041a\u0430\u0442\u0430\u043b\u043e\u0433 \u0442\u043e\u0432\u0430\u0440\u043e\u0432\",\"item\":\"https:\/\/beebipood.ee\/tooted\/\"},{\"@type\":\"ListItem\",\"position\":3,\"name\":\"Thule Urban Glide 3 turvakaar\"}]},{\"@type\":\"WebSite\",\"@id\":\"https:\/\/beebipood.ee\/ru\/#website\",\"url\":\"https:\/\/beebipood.ee\/ru\/\",\"name\":\"Beebipood\",\"description\":\"Lastekaubad, beebikaubad, m\u00e4nguasjad\",\"publisher\":{\"@id\":\"https:\/\/beebipood.ee\/ru\/#organization\"},\"potentialAction\":[{\"@type\":\"SearchAction\",\"target\":{\"@type\":\"EntryPoint\",\"urlTemplate\":\"https:\/\/beebipood.ee\/ru\/?s={search_term_string}\"},\"query-input\":{\"@type\":\"PropertyValueSpecification\",\"valueRequired\":true,\"valueName\":\"search_term_string\"}}],\"inLanguage\":\"ru-RU\"},{\"@type\":\"Organization\",\"@id\":\"https:\/\/beebipood.ee\/ru\/#organization\",\"name\":\"Beebipood\",\"url\":\"https:\/\/beebipood.ee\/ru\/\",\"logo\":{\"@type\":\"ImageObject\",\"inLanguage\":\"ru-RU\",\"@id\":\"https:\/\/beebipood.ee\/ru\/#\/schema\/logo\/image\/\",\"url\":\"https:\/\/beebipood.ee\/wp-content\/uploads\/2025\/03\/beebipood.ee-logo-1.svg\",\"contentUrl\":\"https:\/\/beebipood.ee\/wp-content\/uploads\/2025\/03\/beebipood.ee-logo-1.svg\",\"caption\":\"Beebipood\"},\"image\":{\"@id\":\"https:\/\/beebipood.ee\/ru\/#\/schema\/logo\/image\/\"}}]}<\/script>\n<!-- \/ Yoast SEO plugin. -->","yoast_head_json":{"title":"Thule Urban Glide 3 turvakaar, \u0421\u041a\u0418\u0414\u041a\u0418, \u041b\u043e\u0448\u0430\u0434\u043a\u0430-\u043a\u0430\u0447\u0430\u043b\u043a\u0430, \u041a\u043e\u043b\u044f\u0441\u043a\u0438, \u041f\u0440\u043e\u0433\u0443\u043b\u043e\u0447\u043d\u044b\u0435 \u043a\u043e\u043b\u044f\u0441\u043a\u0438, \u041f\u0440\u0438\u043d\u0430\u0434\u043b\u0435\u0436\u043d\u043e\u0441\u0442\u0438, THULE, Thule Urban Glide 3, Thule Urban Glide 4-wheel, Thule Urban Glide 3 Double , Beebipood","description":"Thule Urban Glide 3 turvakaar, Laps saab jalutamise ajal mugavast ja kindlast k&auml;epidemest kinni hoida.V&auml;ljakeeratav, et last oleks k&auml;rus","robots":{"index":"index","follow":"follow","max-snippet":"max-snippet:-1","max-image-preview":"max-image-preview:large","max-video-preview":"max-video-preview:-1"},"canonical":"https:\/\/beebipood.ee\/ru\/produkt\/thule-urban-glide-3-turvakaar\/","og_locale":"ru_RU","og_type":"article","og_title":"Thule Urban Glide 3 turvakaar, \u0421\u041a\u0418\u0414\u041a\u0418, \u041b\u043e\u0448\u0430\u0434\u043a\u0430-\u043a\u0430\u0447\u0430\u043b\u043a\u0430, \u041a\u043e\u043b\u044f\u0441\u043a\u0438, \u041f\u0440\u043e\u0433\u0443\u043b\u043e\u0447\u043d\u044b\u0435 \u043a\u043e\u043b\u044f\u0441\u043a\u0438, \u041f\u0440\u0438\u043d\u0430\u0434\u043b\u0435\u0436\u043d\u043e\u0441\u0442\u0438, THULE, Thule Urban Glide 3, Thule Urban Glide 4-wheel, Thule Urban Glide 3 Double , Beebipood","og_description":"Thule Urban Glide 3 turvakaar, Laps saab jalutamise ajal mugavast ja kindlast k&auml;epidemest kinni hoida.V&auml;ljakeeratav, et last oleks k&auml;rus","og_url":"https:\/\/beebipood.ee\/ru\/produkt\/thule-urban-glide-3-turvakaar\/","og_site_name":"Beebipood","article_modified_time":"2025-03-04T08:33:15+00:00","og_image":[{"width":1200,"height":1200,"url":"https:\/\/beebipood.ee\/wp-content\/uploads\/2016\/02\/Thule-Urban-Glide-3-turvakaar-SOODUSPAKKUMISED-UUED-TOOTED-Lastevankrid-ja-karud-Jalutuskarud-Lisavarustus-THULE-Thule-Urban-Glide-3-Thule-Urban-Glide-4wheel-Thule-Urban-Glide-3-Double-_1-e73.jpg","type":"image\/jpeg"}],"twitter_card":"summary_large_image","schema":{"@context":"https:\/\/schema.org","@graph":[{"@type":"WebPage","@id":"https:\/\/beebipood.ee\/ru\/produkt\/thule-urban-glide-3-turvakaar\/","url":"https:\/\/beebipood.ee\/ru\/produkt\/thule-urban-glide-3-turvakaar\/","name":"Thule Urban Glide 3 turvakaar, \u0421\u041a\u0418\u0414\u041a\u0418, \u041b\u043e\u0448\u0430\u0434\u043a\u0430-\u043a\u0430\u0447\u0430\u043b\u043a\u0430, \u041a\u043e\u043b\u044f\u0441\u043a\u0438, \u041f\u0440\u043e\u0433\u0443\u043b\u043e\u0447\u043d\u044b\u0435 \u043a\u043e\u043b\u044f\u0441\u043a\u0438, \u041f\u0440\u0438\u043d\u0430\u0434\u043b\u0435\u0436\u043d\u043e\u0441\u0442\u0438, THULE, Thule Urban Glide 3, Thule Urban Glide 4-wheel, Thule Urban Glide 3 Double , Beebipood","isPartOf":{"@id":"https:\/\/beebipood.ee\/ru\/#website"},"primaryImageOfPage":{"@id":"https:\/\/beebipood.ee\/ru\/produkt\/thule-urban-glide-3-turvakaar\/#primaryimage"},"image":{"@id":"https:\/\/beebipood.ee\/ru\/produkt\/thule-urban-glide-3-turvakaar\/#primaryimage"},"thumbnailUrl":"https:\/\/beebipood.ee\/wp-content\/uploads\/2016\/02\/Thule-Urban-Glide-3-turvakaar-SOODUSPAKKUMISED-UUED-TOOTED-Lastevankrid-ja-karud-Jalutuskarud-Lisavarustus-THULE-Thule-Urban-Glide-3-Thule-Urban-Glide-4wheel-Thule-Urban-Glide-3-Double-_1-e73.jpg","datePublished":"2016-02-04T05:22:53+00:00","dateModified":"2025-03-04T08:33:15+00:00","description":"Thule Urban Glide 3 turvakaar, Laps saab jalutamise ajal mugavast ja kindlast k&auml;epidemest kinni hoida.V&auml;ljakeeratav, et last oleks k&auml;rus","breadcrumb":{"@id":"https:\/\/beebipood.ee\/ru\/produkt\/thule-urban-glide-3-turvakaar\/#breadcrumb"},"inLanguage":"ru-RU","potentialAction":[{"@type":"ReadAction","target":["https:\/\/beebipood.ee\/ru\/produkt\/thule-urban-glide-3-turvakaar\/"]}]},{"@type":"ImageObject","inLanguage":"ru-RU","@id":"https:\/\/beebipood.ee\/ru\/produkt\/thule-urban-glide-3-turvakaar\/#primaryimage","url":"https:\/\/beebipood.ee\/wp-content\/uploads\/2016\/02\/Thule-Urban-Glide-3-turvakaar-SOODUSPAKKUMISED-UUED-TOOTED-Lastevankrid-ja-karud-Jalutuskarud-Lisavarustus-THULE-Thule-Urban-Glide-3-Thule-Urban-Glide-4wheel-Thule-Urban-Glide-3-Double-_1-e73.jpg","contentUrl":"https:\/\/beebipood.ee\/wp-content\/uploads\/2016\/02\/Thule-Urban-Glide-3-turvakaar-SOODUSPAKKUMISED-UUED-TOOTED-Lastevankrid-ja-karud-Jalutuskarud-Lisavarustus-THULE-Thule-Urban-Glide-3-Thule-Urban-Glide-4wheel-Thule-Urban-Glide-3-Double-_1-e73.jpg","width":1200,"height":1200},{"@type":"BreadcrumbList","@id":"https:\/\/beebipood.ee\/ru\/produkt\/thule-urban-glide-3-turvakaar\/#breadcrumb","itemListElement":[{"@type":"ListItem","position":1,"name":"Home","item":"https:\/\/beebipood.ee\/ru\/"},{"@type":"ListItem","position":2,"name":"\u041a\u0430\u0442\u0430\u043b\u043e\u0433 \u0442\u043e\u0432\u0430\u0440\u043e\u0432","item":"https:\/\/beebipood.ee\/tooted\/"},{"@type":"ListItem","position":3,"name":"Thule Urban Glide 3 turvakaar"}]},{"@type":"WebSite","@id":"https:\/\/beebipood.ee\/ru\/#website","url":"https:\/\/beebipood.ee\/ru\/","name":"Beebipood","description":"Lastekaubad, beebikaubad, m\u00e4nguasjad","publisher":{"@id":"https:\/\/beebipood.ee\/ru\/#organization"},"potentialAction":[{"@type":"SearchAction","target":{"@type":"EntryPoint","urlTemplate":"https:\/\/beebipood.ee\/ru\/?s={search_term_string}"},"query-input":{"@type":"PropertyValueSpecification","valueRequired":true,"valueName":"search_term_string"}}],"inLanguage":"ru-RU"},{"@type":"Organization","@id":"https:\/\/beebipood.ee\/ru\/#organization","name":"Beebipood","url":"https:\/\/beebipood.ee\/ru\/","logo":{"@type":"ImageObject","inLanguage":"ru-RU","@id":"https:\/\/beebipood.ee\/ru\/#\/schema\/logo\/image\/","url":"https:\/\/beebipood.ee\/wp-content\/uploads\/2025\/03\/beebipood.ee-logo-1.svg","contentUrl":"https:\/\/beebipood.ee\/wp-content\/uploads\/2025\/03\/beebipood.ee-logo-1.svg","caption":"Beebipood"},"image":{"@id":"https:\/\/beebipood.ee\/ru\/#\/schema\/logo\/image\/"}}]}},"brands":[{"id":11980,"name":"THULE","slug":"thule-ru"}],"_links":{"self":[{"href":"https:\/\/beebipood.ee\/ru\/wp-json\/wp\/v2\/product\/456440","targetHints":{"allow":["GET"]}}],"collection":[{"href":"https:\/\/beebipood.ee\/ru\/wp-json\/wp\/v2\/product"}],"about":[{"href":"https:\/\/beebipood.ee\/ru\/wp-json\/wp\/v2\/types\/product"}],"wp:featuredmedia":[{"embeddable":true,"href":"https:\/\/beebipood.ee\/ru\/wp-json\/wp\/v2\/media\/164237"}],"wp:attachment":[{"href":"https:\/\/beebipood.ee\/ru\/wp-json\/wp\/v2\/media?parent=456440"}],"wp:term":[{"taxonomy":"pwb-brand","embeddable":true,"href":"https:\/\/beebipood.ee\/ru\/wp-json\/wp\/v2\/pwb-brand?post=456440"},{"taxonomy":"product_brand","embeddable":true,"href":"https:\/\/beebipood.ee\/ru\/wp-json\/wp\/v2\/product_brand?post=456440"},{"taxonomy":"product_cat","embeddable":true,"href":"https:\/\/beebipood.ee\/ru\/wp-json\/wp\/v2\/product_cat?post=456440"},{"taxonomy":"product_tag","embeddable":true,"href":"https:\/\/beebipood.ee\/ru\/wp-json\/wp\/v2\/product_tag?post=456440"}],"curies":[{"name":"wp","href":"https:\/\/api.w.org\/{rel}","templated":true}]}}