{"id":456444,"date":"2016-02-04T08:20:23","date_gmt":"2016-02-04T06:20:23","guid":{"rendered":"https:\/\/beebipood.ee\/toode\/thule-urban-glide-3-double-black\/"},"modified":"2025-03-04T11:28:33","modified_gmt":"2025-03-04T09:28:33","slug":"thule-urban-glide-3-double-black","status":"publish","type":"product","link":"https:\/\/beebipood.ee\/ru\/produkt\/thule-urban-glide-3-double-black\/","title":{"rendered":"Thule Urban Glide 3 Double, Black"},"content":{"rendered":"<p>Praktilisust silmas pidades loodud kahe lapse k\u00e4ru Thule Urban Glide 3 Double.<br \/>See v\u00f5imaldab h\u00f5lpsasti liikuda p\u00e4evaste tegevuste vahel, <br \/>et saaksite vabaduse avastada maailma koos lapsega.<br \/>Kahe lapse k\u00e4ru Thule Urban Glide 3 ei tee kompromisse mugavuses ega man\u00f6\u00f6verdamisv\u00f5imes. <br \/>M\u00f5lemad istmed pakuvad lastele mugavat ja ohutut ruumi ning k\u00e4ru lihtne <br \/>ja kerge kujundus koos suurte rataste ja vedrustuss\u00fcsteemiga tagab sujuva <br \/>ja mugava s\u00f5idu igal maastikul. \u00dcksk\u00f5ik kas m\u00f5\u00f5dad meetreid vilgastel <br \/>linnat\u00e4navatel v\u00f5i vallutad keerulisi maastikke, see kahe lapse maastikuk\u00e4ru <br \/>tagab suurep\u00e4rase man\u00f6\u00f6verdatavuse ja j\u00f5udluse.<br \/>Kahe lapse k\u00e4ru pole mitte ainult praktiline, <br \/>vaid see on loodud ka \u00fche k\u00e4ega kompaktselt kokkupandavaks, <br \/>nii et hoiustamine ja transport on imelihtne. <br \/>T\u00e4ielikult kattev \u00f5hutusavadega kaarvari tagab lapsele mugava s\u00f5idu, \u00fcksk\u00f5ik kuhu tee viib. <br \/>Suurep\u00e4raste funktsioonidega kahe lapse k\u00e4ru, millel on \u00f5huga t\u00e4idetud rehvid <br \/>ja ruumikas pakikorv on erakordne kaaslane teile ja teie kasvavale perele.<\/p>\n<p>T\u00e4nu p\u00f6\u00f6ratavale esirattale, mille saab suuremate kiiruste ajaks lukustada, <br \/>ning suurtele tagaratastele on k\u00e4ru kerge ja lihtsasti man\u00f6\u00f6verdatav<br \/>H\u00f5lpsaks hoiustamiseks ja transportimiseks lihtsasti \u00fche k\u00e4ega kokkupandav ja toeta p\u00fcsti p\u00fcsiv<br \/>Integreeritud p\u00f6\u00f6ratav k\u00e4sipidur aitab igal maastikul sujuvalt ja turvaliselt kiirust reguleerida<br \/>Koos vankrikorviga Thule Bassinet v\u00f5i laste turvaistme adapteriga <br \/>(m\u00fc\u00fcgil eraldi \u2013 vankrikorv pole k\u00f5igil turgudel saadaval) sobib kasutamiseks juba alates lapse s\u00fcnnist<br \/>Lapsele tagab mugavuse t\u00e4ielikult kattev ja \u00f5hutusavadega suur varikatus<br \/>Reguleeritavad eraldiseisvad istmed, millel on astmeteta seljatugi <br \/>ja sisseehitatud jalatoed, pakuvad kohandatud mugavust igale lapsele<br \/>Kvaliteetne vedrustus ja \u00f5huga t\u00e4idetud rehvid tagavad igal maastikul <br \/>sujuva s\u00f5idu nii lapsevanemale kui ka lapsele<br \/>Suur t\u00f5mblukuga kinnitatava kattega pakikorv, <br \/>tagumine v\u00f5rktasku ning kaks sn\u00e4kkidele ja m\u00e4nguasjadele sobivat v\u00f5rksahtlit <br \/>pakuvad rohkelt ruumi k\u00f5igi vajalike esemete hoidmiseks<br \/>Turvaline ja mugav iste, millel on lihtsasti reguleeritav viie punkti turvarihm<br \/>V\u00e4iksest aknast saate j\u00e4lgida magavat last, ilma et see teda h\u00e4iriks<br \/>Varikatuse ja rataste peegeldavad omadused tagavad n\u00e4htavuse ja ohutuse<\/p>\n<p><span style=\"text-decoration: underline;\">Tehnilised andmed<\/span><br \/>Lapse max kaal: 2\u00d722 kg<br \/>M\u00f5\u00f5tmed kokkupandult: 88 x 79 x 34 cm<br \/>Kaal: 16 kg<br \/>Istumisk\u00f5rgus: 51 cm<br \/>Laius: 80 cm<\/p>\n","protected":false},"excerpt":{"rendered":"<p>Praktilisust silmas pidades loodud kahe lapse k\u00e4ru Thule Urban Glide 3 Double.See v\u00f5imaldab h\u00f5lpsasti liikuda p\u00e4evaste tegevuste vahel, et saaksite vabaduse avastada maailma koos lapsega.Kahe lapse k\u00e4ru Thule Urban Glide 3 ei tee kompromisse mugavuses ega man\u00f6\u00f6verdamisv\u00f5imes. M\u00f5lemad istmed pakuvad lastele mugavat ja ohutut ruumi ning k\u00e4ru lihtne ja kerge kujundus koos suurte rataste ja [&hellip;]<\/p>\n","protected":false},"featured_media":164251,"template":"","meta":{"_acf_changed":false},"pwb-brand":[11980],"product_brand":[],"product_cat":[11573,11847,11853,11721,11723,11717],"product_tag":[],"class_list":{"0":"post-456444","1":"product","2":"type-product","3":"status-publish","4":"has-post-thumbnail","6":"pwb-brand-thule-ru","7":"product_cat-sooduspakkumised-ru","8":"product_cat-thule-ru","9":"product_cat-thule-urban-glide-3-double-ru","10":"product_cat-jalutuskarud-ru","11":"product_cat-kaksikutele-ru","12":"product_cat-lastevankrid-ja-karud-ru","13":"pa_manufacturer-thule-ru","15":"first","16":"onbackorder","17":"sale","18":"taxable","19":"shipping-taxable","20":"purchasable","21":"product-type-simple"},"exclude_global_add_ons":[],"addons":[],"acf":[],"yoast_head":"<!-- This site is optimized with the Yoast SEO plugin v27.1.1 - https:\/\/yoast.com\/product\/yoast-seo-wordpress\/ -->\n<title>Thule Urban Glide 3 Double, Black, \u0421\u041a\u0418\u0414\u041a\u0418, \u041b\u043e\u0448\u0430\u0434\u043a\u0430-\u043a\u0430\u0447\u0430\u043b\u043a\u0430, \u041a\u043e\u043b\u044f\u0441\u043a\u0438, \u041f\u0440\u043e\u0433\u0443\u043b\u043e\u0447\u043d\u044b\u0435 \u043a\u043e\u043b\u044f\u0441\u043a\u0438, \u0414\u043b\u044f \u0434\u0432\u043e\u0439\u043d\u044f\u0448\u0435\u043a, THULE, Thule Urban Glide 3 Double , Beebipood<\/title>\n<meta name=\"description\" content=\"Thule Urban Glide 3 Double, Black, Praktilisust silmas pidades loodud kahe lapse k&auml;ru Thule Urban Glide 3 Double.See v&otilde;imaldab h&otilde;lps\" \/>\n<meta name=\"robots\" content=\"index, follow, max-snippet:-1, max-image-preview:large, max-video-preview:-1\" \/>\n<link rel=\"canonical\" href=\"https:\/\/beebipood.ee\/ru\/produkt\/thule-urban-glide-3-double-black\/\" \/>\n<meta property=\"og:locale\" content=\"ru_RU\" \/>\n<meta property=\"og:type\" content=\"article\" \/>\n<meta property=\"og:title\" content=\"Thule Urban Glide 3 Double, Black, \u0421\u041a\u0418\u0414\u041a\u0418, \u041b\u043e\u0448\u0430\u0434\u043a\u0430-\u043a\u0430\u0447\u0430\u043b\u043a\u0430, \u041a\u043e\u043b\u044f\u0441\u043a\u0438, \u041f\u0440\u043e\u0433\u0443\u043b\u043e\u0447\u043d\u044b\u0435 \u043a\u043e\u043b\u044f\u0441\u043a\u0438, \u0414\u043b\u044f \u0434\u0432\u043e\u0439\u043d\u044f\u0448\u0435\u043a, THULE, Thule Urban Glide 3 Double , Beebipood\" \/>\n<meta property=\"og:description\" content=\"Thule Urban Glide 3 Double, Black, Praktilisust silmas pidades loodud kahe lapse k&auml;ru Thule Urban Glide 3 Double.See v&otilde;imaldab h&otilde;lps\" \/>\n<meta property=\"og:url\" content=\"https:\/\/beebipood.ee\/ru\/produkt\/thule-urban-glide-3-double-black\/\" \/>\n<meta property=\"og:site_name\" content=\"Beebipood\" \/>\n<meta property=\"article:modified_time\" content=\"2025-03-04T09:28:33+00:00\" \/>\n<meta property=\"og:image\" content=\"https:\/\/beebipood.ee\/wp-content\/uploads\/2016\/02\/thule_urban_glide_3_double-e2e.jpg\" \/>\n\t<meta property=\"og:image:width\" content=\"1500\" \/>\n\t<meta property=\"og:image:height\" content=\"1500\" \/>\n\t<meta property=\"og:image:type\" content=\"image\/jpeg\" \/>\n<meta name=\"twitter:card\" content=\"summary_large_image\" \/>\n<meta name=\"twitter:label1\" content=\"\u041f\u0440\u0438\u043c\u0435\u0440\u043d\u043e\u0435 \u0432\u0440\u0435\u043c\u044f \u0434\u043b\u044f \u0447\u0442\u0435\u043d\u0438\u044f\" \/>\n\t<meta name=\"twitter:data1\" content=\"2 \u043c\u0438\u043d\u0443\u0442\u044b\" \/>\n<script type=\"application\/ld+json\" class=\"yoast-schema-graph\">{\"@context\":\"https:\/\/schema.org\",\"@graph\":[{\"@type\":\"WebPage\",\"@id\":\"https:\/\/beebipood.ee\/ru\/produkt\/thule-urban-glide-3-double-black\/\",\"url\":\"https:\/\/beebipood.ee\/ru\/produkt\/thule-urban-glide-3-double-black\/\",\"name\":\"Thule Urban Glide 3 Double, Black, \u0421\u041a\u0418\u0414\u041a\u0418, \u041b\u043e\u0448\u0430\u0434\u043a\u0430-\u043a\u0430\u0447\u0430\u043b\u043a\u0430, \u041a\u043e\u043b\u044f\u0441\u043a\u0438, \u041f\u0440\u043e\u0433\u0443\u043b\u043e\u0447\u043d\u044b\u0435 \u043a\u043e\u043b\u044f\u0441\u043a\u0438, \u0414\u043b\u044f \u0434\u0432\u043e\u0439\u043d\u044f\u0448\u0435\u043a, THULE, Thule Urban Glide 3 Double , Beebipood\",\"isPartOf\":{\"@id\":\"https:\/\/beebipood.ee\/ru\/#website\"},\"primaryImageOfPage\":{\"@id\":\"https:\/\/beebipood.ee\/ru\/produkt\/thule-urban-glide-3-double-black\/#primaryimage\"},\"image\":{\"@id\":\"https:\/\/beebipood.ee\/ru\/produkt\/thule-urban-glide-3-double-black\/#primaryimage\"},\"thumbnailUrl\":\"https:\/\/beebipood.ee\/wp-content\/uploads\/2016\/02\/thule_urban_glide_3_double-e2e.jpg\",\"datePublished\":\"2016-02-04T06:20:23+00:00\",\"dateModified\":\"2025-03-04T09:28:33+00:00\",\"description\":\"Thule Urban Glide 3 Double, Black, Praktilisust silmas pidades loodud kahe lapse k&auml;ru Thule Urban Glide 3 Double.See v&otilde;imaldab h&otilde;lps\",\"breadcrumb\":{\"@id\":\"https:\/\/beebipood.ee\/ru\/produkt\/thule-urban-glide-3-double-black\/#breadcrumb\"},\"inLanguage\":\"ru-RU\",\"potentialAction\":[{\"@type\":\"ReadAction\",\"target\":[\"https:\/\/beebipood.ee\/ru\/produkt\/thule-urban-glide-3-double-black\/\"]}]},{\"@type\":\"ImageObject\",\"inLanguage\":\"ru-RU\",\"@id\":\"https:\/\/beebipood.ee\/ru\/produkt\/thule-urban-glide-3-double-black\/#primaryimage\",\"url\":\"https:\/\/beebipood.ee\/wp-content\/uploads\/2016\/02\/thule_urban_glide_3_double-e2e.jpg\",\"contentUrl\":\"https:\/\/beebipood.ee\/wp-content\/uploads\/2016\/02\/thule_urban_glide_3_double-e2e.jpg\",\"width\":1500,\"height\":1500},{\"@type\":\"BreadcrumbList\",\"@id\":\"https:\/\/beebipood.ee\/ru\/produkt\/thule-urban-glide-3-double-black\/#breadcrumb\",\"itemListElement\":[{\"@type\":\"ListItem\",\"position\":1,\"name\":\"Home\",\"item\":\"https:\/\/beebipood.ee\/ru\/\"},{\"@type\":\"ListItem\",\"position\":2,\"name\":\"\u041a\u0430\u0442\u0430\u043b\u043e\u0433 \u0442\u043e\u0432\u0430\u0440\u043e\u0432\",\"item\":\"https:\/\/beebipood.ee\/tooted\/\"},{\"@type\":\"ListItem\",\"position\":3,\"name\":\"Thule Urban Glide 3 Double, Black\"}]},{\"@type\":\"WebSite\",\"@id\":\"https:\/\/beebipood.ee\/ru\/#website\",\"url\":\"https:\/\/beebipood.ee\/ru\/\",\"name\":\"Beebipood\",\"description\":\"Lastekaubad, beebikaubad, m\u00e4nguasjad\",\"publisher\":{\"@id\":\"https:\/\/beebipood.ee\/ru\/#organization\"},\"potentialAction\":[{\"@type\":\"SearchAction\",\"target\":{\"@type\":\"EntryPoint\",\"urlTemplate\":\"https:\/\/beebipood.ee\/ru\/?s={search_term_string}\"},\"query-input\":{\"@type\":\"PropertyValueSpecification\",\"valueRequired\":true,\"valueName\":\"search_term_string\"}}],\"inLanguage\":\"ru-RU\"},{\"@type\":\"Organization\",\"@id\":\"https:\/\/beebipood.ee\/ru\/#organization\",\"name\":\"Beebipood\",\"url\":\"https:\/\/beebipood.ee\/ru\/\",\"logo\":{\"@type\":\"ImageObject\",\"inLanguage\":\"ru-RU\",\"@id\":\"https:\/\/beebipood.ee\/ru\/#\/schema\/logo\/image\/\",\"url\":\"https:\/\/beebipood.ee\/wp-content\/uploads\/2025\/03\/beebipood.ee-logo-1.svg\",\"contentUrl\":\"https:\/\/beebipood.ee\/wp-content\/uploads\/2025\/03\/beebipood.ee-logo-1.svg\",\"caption\":\"Beebipood\"},\"image\":{\"@id\":\"https:\/\/beebipood.ee\/ru\/#\/schema\/logo\/image\/\"}}]}<\/script>\n<!-- \/ Yoast SEO plugin. -->","yoast_head_json":{"title":"Thule Urban Glide 3 Double, Black, \u0421\u041a\u0418\u0414\u041a\u0418, \u041b\u043e\u0448\u0430\u0434\u043a\u0430-\u043a\u0430\u0447\u0430\u043b\u043a\u0430, \u041a\u043e\u043b\u044f\u0441\u043a\u0438, \u041f\u0440\u043e\u0433\u0443\u043b\u043e\u0447\u043d\u044b\u0435 \u043a\u043e\u043b\u044f\u0441\u043a\u0438, \u0414\u043b\u044f \u0434\u0432\u043e\u0439\u043d\u044f\u0448\u0435\u043a, THULE, Thule Urban Glide 3 Double , Beebipood","description":"Thule Urban Glide 3 Double, Black, Praktilisust silmas pidades loodud kahe lapse k&auml;ru Thule Urban Glide 3 Double.See v&otilde;imaldab h&otilde;lps","robots":{"index":"index","follow":"follow","max-snippet":"max-snippet:-1","max-image-preview":"max-image-preview:large","max-video-preview":"max-video-preview:-1"},"canonical":"https:\/\/beebipood.ee\/ru\/produkt\/thule-urban-glide-3-double-black\/","og_locale":"ru_RU","og_type":"article","og_title":"Thule Urban Glide 3 Double, Black, \u0421\u041a\u0418\u0414\u041a\u0418, \u041b\u043e\u0448\u0430\u0434\u043a\u0430-\u043a\u0430\u0447\u0430\u043b\u043a\u0430, \u041a\u043e\u043b\u044f\u0441\u043a\u0438, \u041f\u0440\u043e\u0433\u0443\u043b\u043e\u0447\u043d\u044b\u0435 \u043a\u043e\u043b\u044f\u0441\u043a\u0438, \u0414\u043b\u044f \u0434\u0432\u043e\u0439\u043d\u044f\u0448\u0435\u043a, THULE, Thule Urban Glide 3 Double , Beebipood","og_description":"Thule Urban Glide 3 Double, Black, Praktilisust silmas pidades loodud kahe lapse k&auml;ru Thule Urban Glide 3 Double.See v&otilde;imaldab h&otilde;lps","og_url":"https:\/\/beebipood.ee\/ru\/produkt\/thule-urban-glide-3-double-black\/","og_site_name":"Beebipood","article_modified_time":"2025-03-04T09:28:33+00:00","og_image":[{"width":1500,"height":1500,"url":"https:\/\/beebipood.ee\/wp-content\/uploads\/2016\/02\/thule_urban_glide_3_double-e2e.jpg","type":"image\/jpeg"}],"twitter_card":"summary_large_image","twitter_misc":{"\u041f\u0440\u0438\u043c\u0435\u0440\u043d\u043e\u0435 \u0432\u0440\u0435\u043c\u044f \u0434\u043b\u044f \u0447\u0442\u0435\u043d\u0438\u044f":"2 \u043c\u0438\u043d\u0443\u0442\u044b"},"schema":{"@context":"https:\/\/schema.org","@graph":[{"@type":"WebPage","@id":"https:\/\/beebipood.ee\/ru\/produkt\/thule-urban-glide-3-double-black\/","url":"https:\/\/beebipood.ee\/ru\/produkt\/thule-urban-glide-3-double-black\/","name":"Thule Urban Glide 3 Double, Black, \u0421\u041a\u0418\u0414\u041a\u0418, \u041b\u043e\u0448\u0430\u0434\u043a\u0430-\u043a\u0430\u0447\u0430\u043b\u043a\u0430, \u041a\u043e\u043b\u044f\u0441\u043a\u0438, \u041f\u0440\u043e\u0433\u0443\u043b\u043e\u0447\u043d\u044b\u0435 \u043a\u043e\u043b\u044f\u0441\u043a\u0438, \u0414\u043b\u044f \u0434\u0432\u043e\u0439\u043d\u044f\u0448\u0435\u043a, THULE, Thule Urban Glide 3 Double , Beebipood","isPartOf":{"@id":"https:\/\/beebipood.ee\/ru\/#website"},"primaryImageOfPage":{"@id":"https:\/\/beebipood.ee\/ru\/produkt\/thule-urban-glide-3-double-black\/#primaryimage"},"image":{"@id":"https:\/\/beebipood.ee\/ru\/produkt\/thule-urban-glide-3-double-black\/#primaryimage"},"thumbnailUrl":"https:\/\/beebipood.ee\/wp-content\/uploads\/2016\/02\/thule_urban_glide_3_double-e2e.jpg","datePublished":"2016-02-04T06:20:23+00:00","dateModified":"2025-03-04T09:28:33+00:00","description":"Thule Urban Glide 3 Double, Black, Praktilisust silmas pidades loodud kahe lapse k&auml;ru Thule Urban Glide 3 Double.See v&otilde;imaldab h&otilde;lps","breadcrumb":{"@id":"https:\/\/beebipood.ee\/ru\/produkt\/thule-urban-glide-3-double-black\/#breadcrumb"},"inLanguage":"ru-RU","potentialAction":[{"@type":"ReadAction","target":["https:\/\/beebipood.ee\/ru\/produkt\/thule-urban-glide-3-double-black\/"]}]},{"@type":"ImageObject","inLanguage":"ru-RU","@id":"https:\/\/beebipood.ee\/ru\/produkt\/thule-urban-glide-3-double-black\/#primaryimage","url":"https:\/\/beebipood.ee\/wp-content\/uploads\/2016\/02\/thule_urban_glide_3_double-e2e.jpg","contentUrl":"https:\/\/beebipood.ee\/wp-content\/uploads\/2016\/02\/thule_urban_glide_3_double-e2e.jpg","width":1500,"height":1500},{"@type":"BreadcrumbList","@id":"https:\/\/beebipood.ee\/ru\/produkt\/thule-urban-glide-3-double-black\/#breadcrumb","itemListElement":[{"@type":"ListItem","position":1,"name":"Home","item":"https:\/\/beebipood.ee\/ru\/"},{"@type":"ListItem","position":2,"name":"\u041a\u0430\u0442\u0430\u043b\u043e\u0433 \u0442\u043e\u0432\u0430\u0440\u043e\u0432","item":"https:\/\/beebipood.ee\/tooted\/"},{"@type":"ListItem","position":3,"name":"Thule Urban Glide 3 Double, Black"}]},{"@type":"WebSite","@id":"https:\/\/beebipood.ee\/ru\/#website","url":"https:\/\/beebipood.ee\/ru\/","name":"Beebipood","description":"Lastekaubad, beebikaubad, m\u00e4nguasjad","publisher":{"@id":"https:\/\/beebipood.ee\/ru\/#organization"},"potentialAction":[{"@type":"SearchAction","target":{"@type":"EntryPoint","urlTemplate":"https:\/\/beebipood.ee\/ru\/?s={search_term_string}"},"query-input":{"@type":"PropertyValueSpecification","valueRequired":true,"valueName":"search_term_string"}}],"inLanguage":"ru-RU"},{"@type":"Organization","@id":"https:\/\/beebipood.ee\/ru\/#organization","name":"Beebipood","url":"https:\/\/beebipood.ee\/ru\/","logo":{"@type":"ImageObject","inLanguage":"ru-RU","@id":"https:\/\/beebipood.ee\/ru\/#\/schema\/logo\/image\/","url":"https:\/\/beebipood.ee\/wp-content\/uploads\/2025\/03\/beebipood.ee-logo-1.svg","contentUrl":"https:\/\/beebipood.ee\/wp-content\/uploads\/2025\/03\/beebipood.ee-logo-1.svg","caption":"Beebipood"},"image":{"@id":"https:\/\/beebipood.ee\/ru\/#\/schema\/logo\/image\/"}}]}},"brands":[{"id":11980,"name":"THULE","slug":"thule-ru"}],"_links":{"self":[{"href":"https:\/\/beebipood.ee\/ru\/wp-json\/wp\/v2\/product\/456444","targetHints":{"allow":["GET"]}}],"collection":[{"href":"https:\/\/beebipood.ee\/ru\/wp-json\/wp\/v2\/product"}],"about":[{"href":"https:\/\/beebipood.ee\/ru\/wp-json\/wp\/v2\/types\/product"}],"wp:featuredmedia":[{"embeddable":true,"href":"https:\/\/beebipood.ee\/ru\/wp-json\/wp\/v2\/media\/164251"}],"wp:attachment":[{"href":"https:\/\/beebipood.ee\/ru\/wp-json\/wp\/v2\/media?parent=456444"}],"wp:term":[{"taxonomy":"pwb-brand","embeddable":true,"href":"https:\/\/beebipood.ee\/ru\/wp-json\/wp\/v2\/pwb-brand?post=456444"},{"taxonomy":"product_brand","embeddable":true,"href":"https:\/\/beebipood.ee\/ru\/wp-json\/wp\/v2\/product_brand?post=456444"},{"taxonomy":"product_cat","embeddable":true,"href":"https:\/\/beebipood.ee\/ru\/wp-json\/wp\/v2\/product_cat?post=456444"},{"taxonomy":"product_tag","embeddable":true,"href":"https:\/\/beebipood.ee\/ru\/wp-json\/wp\/v2\/product_tag?post=456444"}],"curies":[{"name":"wp","href":"https:\/\/api.w.org\/{rel}","templated":true}]}}