{"id":456450,"date":"2016-02-04T13:23:45","date_gmt":"2016-02-04T11:23:45","guid":{"rendered":"https:\/\/beebipood.ee\/toode\/thule-urban-glide-3-double-vankrikorvi-adapter\/"},"modified":"2025-01-09T10:50:35","modified_gmt":"2025-01-09T08:50:35","slug":"thule-urban-glide-3-double-vankrikorvi-adapter","status":"publish","type":"product","link":"https:\/\/beebipood.ee\/ru\/produkt\/thule-urban-glide-3-double-vankrikorvi-adapter\/","title":{"rendered":"Thule Urban Glide 3 Double vankrikorvi adapter"},"content":{"rendered":"<p>Kahekohalise jalutusk\u00e4ru Thule Urban Glide 3 Double adapterid \u00fchele vankrikorvile.<br \/>Thule Urban Glide 3 Double adapterid on h\u00f5lpsasti paigaldatavad.<br \/>Lihtsa kinnitusega paigaldamine ja eemaldamine.<br \/>Koos vankrikorviga v\u00e4iksemale lapsele saab samal ajal teisele lapsele paigaldada oma turvakaare v\u00f5i sn\u00e4kikandiku.<\/p>\n","protected":false},"excerpt":{"rendered":"<p>Kahekohalise jalutusk\u00e4ru Thule Urban Glide 3 Double adapterid \u00fchele vankrikorvile.Thule Urban Glide 3 Double adapterid on h\u00f5lpsasti paigaldatavad.Lihtsa kinnitusega paigaldamine ja eemaldamine.Koos vankrikorviga v\u00e4iksemale lapsele saab samal ajal teisele lapsele paigaldada oma turvakaare v\u00f5i sn\u00e4kikandiku.<\/p>\n","protected":false},"featured_media":164290,"template":"","meta":{"_acf_changed":false},"pwb-brand":[11980],"product_brand":[],"product_cat":[11847,11573,11721,11853,11725,11717],"product_tag":[],"class_list":{"0":"post-456450","1":"product","2":"type-product","3":"status-publish","4":"has-post-thumbnail","6":"pwb-brand-thule-ru","7":"product_cat-thule-ru","8":"product_cat-sooduspakkumised-ru","9":"product_cat-jalutuskarud-ru","10":"product_cat-thule-urban-glide-3-double-ru","11":"product_cat-lisatarvikud-ru","12":"product_cat-lastevankrid-ja-karud-ru","13":"pa_manufacturer-thule-ru","15":"first","16":"onbackorder","17":"taxable","18":"shipping-taxable","19":"purchasable","20":"product-type-simple"},"exclude_global_add_ons":[],"addons":[],"acf":[],"yoast_head":"<!-- This site is optimized with the Yoast SEO plugin v27.1.1 - https:\/\/yoast.com\/product\/yoast-seo-wordpress\/ -->\n<title>Thule Urban Glide 3 Double vankrikorvi adapter, \u041d\u041e\u0412\u042b\u0415 \u0422\u041e\u0412\u0410\u0420\u042b, \u041a\u043e\u043b\u044f\u0441\u043a\u0438, \u041f\u0440\u043e\u0433\u0443\u043b\u043e\u0447\u043d\u044b\u0435 \u043a\u043e\u043b\u044f\u0441\u043a\u0438, \u041f\u0440\u0438\u043d\u0430\u0434\u043b\u0435\u0436\u043d\u043e\u0441\u0442\u0438, THULE, Thule Urban Glide 3 Double , Beebipood<\/title>\n<meta name=\"description\" content=\"Thule Urban Glide 3 Double vankrikorvi adapter, Kahekohalise jalutusk&auml;ru Thule Urban Glide 3 Double adapterid &uuml;hele vankrikorvile.Thule Urban\" \/>\n<meta name=\"robots\" content=\"index, follow, max-snippet:-1, max-image-preview:large, max-video-preview:-1\" \/>\n<link rel=\"canonical\" href=\"https:\/\/beebipood.ee\/ru\/produkt\/thule-urban-glide-3-double-vankrikorvi-adapter\/\" \/>\n<meta property=\"og:locale\" content=\"ru_RU\" \/>\n<meta property=\"og:type\" content=\"article\" \/>\n<meta property=\"og:title\" content=\"Thule Urban Glide 3 Double vankrikorvi adapter, \u041d\u041e\u0412\u042b\u0415 \u0422\u041e\u0412\u0410\u0420\u042b, \u041a\u043e\u043b\u044f\u0441\u043a\u0438, \u041f\u0440\u043e\u0433\u0443\u043b\u043e\u0447\u043d\u044b\u0435 \u043a\u043e\u043b\u044f\u0441\u043a\u0438, \u041f\u0440\u0438\u043d\u0430\u0434\u043b\u0435\u0436\u043d\u043e\u0441\u0442\u0438, THULE, Thule Urban Glide 3 Double , Beebipood\" \/>\n<meta property=\"og:description\" content=\"Thule Urban Glide 3 Double vankrikorvi adapter, Kahekohalise jalutusk&auml;ru Thule Urban Glide 3 Double adapterid &uuml;hele vankrikorvile.Thule Urban\" \/>\n<meta property=\"og:url\" content=\"https:\/\/beebipood.ee\/ru\/produkt\/thule-urban-glide-3-double-vankrikorvi-adapter\/\" \/>\n<meta property=\"og:site_name\" content=\"Beebipood\" \/>\n<meta property=\"article:modified_time\" content=\"2025-01-09T08:50:35+00:00\" \/>\n<meta property=\"og:image\" content=\"https:\/\/beebipood.ee\/wp-content\/uploads\/2016\/02\/Thule-Urban-Glide-3-Double-vankrikorvi-adapter-UUED-TOOTED-Lastevankrid-ja-karud-Jalutuskarud-Lisavarustus-THULE-Thule-Urban-Glide-3-Double-_1-57d.jpg\" \/>\n\t<meta property=\"og:image:width\" content=\"1200\" \/>\n\t<meta property=\"og:image:height\" content=\"1200\" \/>\n\t<meta property=\"og:image:type\" content=\"image\/jpeg\" \/>\n<meta name=\"twitter:card\" content=\"summary_large_image\" \/>\n<script type=\"application\/ld+json\" class=\"yoast-schema-graph\">{\"@context\":\"https:\/\/schema.org\",\"@graph\":[{\"@type\":\"WebPage\",\"@id\":\"https:\/\/beebipood.ee\/ru\/produkt\/thule-urban-glide-3-double-vankrikorvi-adapter\/\",\"url\":\"https:\/\/beebipood.ee\/ru\/produkt\/thule-urban-glide-3-double-vankrikorvi-adapter\/\",\"name\":\"Thule Urban Glide 3 Double vankrikorvi adapter, \u041d\u041e\u0412\u042b\u0415 \u0422\u041e\u0412\u0410\u0420\u042b, \u041a\u043e\u043b\u044f\u0441\u043a\u0438, \u041f\u0440\u043e\u0433\u0443\u043b\u043e\u0447\u043d\u044b\u0435 \u043a\u043e\u043b\u044f\u0441\u043a\u0438, \u041f\u0440\u0438\u043d\u0430\u0434\u043b\u0435\u0436\u043d\u043e\u0441\u0442\u0438, THULE, Thule Urban Glide 3 Double , Beebipood\",\"isPartOf\":{\"@id\":\"https:\/\/beebipood.ee\/ru\/#website\"},\"primaryImageOfPage\":{\"@id\":\"https:\/\/beebipood.ee\/ru\/produkt\/thule-urban-glide-3-double-vankrikorvi-adapter\/#primaryimage\"},\"image\":{\"@id\":\"https:\/\/beebipood.ee\/ru\/produkt\/thule-urban-glide-3-double-vankrikorvi-adapter\/#primaryimage\"},\"thumbnailUrl\":\"https:\/\/beebipood.ee\/wp-content\/uploads\/2016\/02\/Thule-Urban-Glide-3-Double-vankrikorvi-adapter-UUED-TOOTED-Lastevankrid-ja-karud-Jalutuskarud-Lisavarustus-THULE-Thule-Urban-Glide-3-Double-_1-57d.jpg\",\"datePublished\":\"2016-02-04T11:23:45+00:00\",\"dateModified\":\"2025-01-09T08:50:35+00:00\",\"description\":\"Thule Urban Glide 3 Double vankrikorvi adapter, Kahekohalise jalutusk&auml;ru Thule Urban Glide 3 Double adapterid &uuml;hele vankrikorvile.Thule Urban\",\"breadcrumb\":{\"@id\":\"https:\/\/beebipood.ee\/ru\/produkt\/thule-urban-glide-3-double-vankrikorvi-adapter\/#breadcrumb\"},\"inLanguage\":\"ru-RU\",\"potentialAction\":[{\"@type\":\"ReadAction\",\"target\":[\"https:\/\/beebipood.ee\/ru\/produkt\/thule-urban-glide-3-double-vankrikorvi-adapter\/\"]}]},{\"@type\":\"ImageObject\",\"inLanguage\":\"ru-RU\",\"@id\":\"https:\/\/beebipood.ee\/ru\/produkt\/thule-urban-glide-3-double-vankrikorvi-adapter\/#primaryimage\",\"url\":\"https:\/\/beebipood.ee\/wp-content\/uploads\/2016\/02\/Thule-Urban-Glide-3-Double-vankrikorvi-adapter-UUED-TOOTED-Lastevankrid-ja-karud-Jalutuskarud-Lisavarustus-THULE-Thule-Urban-Glide-3-Double-_1-57d.jpg\",\"contentUrl\":\"https:\/\/beebipood.ee\/wp-content\/uploads\/2016\/02\/Thule-Urban-Glide-3-Double-vankrikorvi-adapter-UUED-TOOTED-Lastevankrid-ja-karud-Jalutuskarud-Lisavarustus-THULE-Thule-Urban-Glide-3-Double-_1-57d.jpg\",\"width\":1200,\"height\":1200},{\"@type\":\"BreadcrumbList\",\"@id\":\"https:\/\/beebipood.ee\/ru\/produkt\/thule-urban-glide-3-double-vankrikorvi-adapter\/#breadcrumb\",\"itemListElement\":[{\"@type\":\"ListItem\",\"position\":1,\"name\":\"Home\",\"item\":\"https:\/\/beebipood.ee\/ru\/\"},{\"@type\":\"ListItem\",\"position\":2,\"name\":\"\u041a\u0430\u0442\u0430\u043b\u043e\u0433 \u0442\u043e\u0432\u0430\u0440\u043e\u0432\",\"item\":\"https:\/\/beebipood.ee\/tooted\/\"},{\"@type\":\"ListItem\",\"position\":3,\"name\":\"Thule Urban Glide 3 Double vankrikorvi adapter\"}]},{\"@type\":\"WebSite\",\"@id\":\"https:\/\/beebipood.ee\/ru\/#website\",\"url\":\"https:\/\/beebipood.ee\/ru\/\",\"name\":\"Beebipood\",\"description\":\"Lastekaubad, beebikaubad, m\u00e4nguasjad\",\"publisher\":{\"@id\":\"https:\/\/beebipood.ee\/ru\/#organization\"},\"potentialAction\":[{\"@type\":\"SearchAction\",\"target\":{\"@type\":\"EntryPoint\",\"urlTemplate\":\"https:\/\/beebipood.ee\/ru\/?s={search_term_string}\"},\"query-input\":{\"@type\":\"PropertyValueSpecification\",\"valueRequired\":true,\"valueName\":\"search_term_string\"}}],\"inLanguage\":\"ru-RU\"},{\"@type\":\"Organization\",\"@id\":\"https:\/\/beebipood.ee\/ru\/#organization\",\"name\":\"Beebipood\",\"url\":\"https:\/\/beebipood.ee\/ru\/\",\"logo\":{\"@type\":\"ImageObject\",\"inLanguage\":\"ru-RU\",\"@id\":\"https:\/\/beebipood.ee\/ru\/#\/schema\/logo\/image\/\",\"url\":\"https:\/\/beebipood.ee\/wp-content\/uploads\/2025\/03\/beebipood.ee-logo-1.svg\",\"contentUrl\":\"https:\/\/beebipood.ee\/wp-content\/uploads\/2025\/03\/beebipood.ee-logo-1.svg\",\"caption\":\"Beebipood\"},\"image\":{\"@id\":\"https:\/\/beebipood.ee\/ru\/#\/schema\/logo\/image\/\"}}]}<\/script>\n<!-- \/ Yoast SEO plugin. -->","yoast_head_json":{"title":"Thule Urban Glide 3 Double vankrikorvi adapter, \u041d\u041e\u0412\u042b\u0415 \u0422\u041e\u0412\u0410\u0420\u042b, \u041a\u043e\u043b\u044f\u0441\u043a\u0438, \u041f\u0440\u043e\u0433\u0443\u043b\u043e\u0447\u043d\u044b\u0435 \u043a\u043e\u043b\u044f\u0441\u043a\u0438, \u041f\u0440\u0438\u043d\u0430\u0434\u043b\u0435\u0436\u043d\u043e\u0441\u0442\u0438, THULE, Thule Urban Glide 3 Double , Beebipood","description":"Thule Urban Glide 3 Double vankrikorvi adapter, Kahekohalise jalutusk&auml;ru Thule Urban Glide 3 Double adapterid &uuml;hele vankrikorvile.Thule Urban","robots":{"index":"index","follow":"follow","max-snippet":"max-snippet:-1","max-image-preview":"max-image-preview:large","max-video-preview":"max-video-preview:-1"},"canonical":"https:\/\/beebipood.ee\/ru\/produkt\/thule-urban-glide-3-double-vankrikorvi-adapter\/","og_locale":"ru_RU","og_type":"article","og_title":"Thule Urban Glide 3 Double vankrikorvi adapter, \u041d\u041e\u0412\u042b\u0415 \u0422\u041e\u0412\u0410\u0420\u042b, \u041a\u043e\u043b\u044f\u0441\u043a\u0438, \u041f\u0440\u043e\u0433\u0443\u043b\u043e\u0447\u043d\u044b\u0435 \u043a\u043e\u043b\u044f\u0441\u043a\u0438, \u041f\u0440\u0438\u043d\u0430\u0434\u043b\u0435\u0436\u043d\u043e\u0441\u0442\u0438, THULE, Thule Urban Glide 3 Double , Beebipood","og_description":"Thule Urban Glide 3 Double vankrikorvi adapter, Kahekohalise jalutusk&auml;ru Thule Urban Glide 3 Double adapterid &uuml;hele vankrikorvile.Thule Urban","og_url":"https:\/\/beebipood.ee\/ru\/produkt\/thule-urban-glide-3-double-vankrikorvi-adapter\/","og_site_name":"Beebipood","article_modified_time":"2025-01-09T08:50:35+00:00","og_image":[{"width":1200,"height":1200,"url":"https:\/\/beebipood.ee\/wp-content\/uploads\/2016\/02\/Thule-Urban-Glide-3-Double-vankrikorvi-adapter-UUED-TOOTED-Lastevankrid-ja-karud-Jalutuskarud-Lisavarustus-THULE-Thule-Urban-Glide-3-Double-_1-57d.jpg","type":"image\/jpeg"}],"twitter_card":"summary_large_image","schema":{"@context":"https:\/\/schema.org","@graph":[{"@type":"WebPage","@id":"https:\/\/beebipood.ee\/ru\/produkt\/thule-urban-glide-3-double-vankrikorvi-adapter\/","url":"https:\/\/beebipood.ee\/ru\/produkt\/thule-urban-glide-3-double-vankrikorvi-adapter\/","name":"Thule Urban Glide 3 Double vankrikorvi adapter, \u041d\u041e\u0412\u042b\u0415 \u0422\u041e\u0412\u0410\u0420\u042b, \u041a\u043e\u043b\u044f\u0441\u043a\u0438, \u041f\u0440\u043e\u0433\u0443\u043b\u043e\u0447\u043d\u044b\u0435 \u043a\u043e\u043b\u044f\u0441\u043a\u0438, \u041f\u0440\u0438\u043d\u0430\u0434\u043b\u0435\u0436\u043d\u043e\u0441\u0442\u0438, THULE, Thule Urban Glide 3 Double , Beebipood","isPartOf":{"@id":"https:\/\/beebipood.ee\/ru\/#website"},"primaryImageOfPage":{"@id":"https:\/\/beebipood.ee\/ru\/produkt\/thule-urban-glide-3-double-vankrikorvi-adapter\/#primaryimage"},"image":{"@id":"https:\/\/beebipood.ee\/ru\/produkt\/thule-urban-glide-3-double-vankrikorvi-adapter\/#primaryimage"},"thumbnailUrl":"https:\/\/beebipood.ee\/wp-content\/uploads\/2016\/02\/Thule-Urban-Glide-3-Double-vankrikorvi-adapter-UUED-TOOTED-Lastevankrid-ja-karud-Jalutuskarud-Lisavarustus-THULE-Thule-Urban-Glide-3-Double-_1-57d.jpg","datePublished":"2016-02-04T11:23:45+00:00","dateModified":"2025-01-09T08:50:35+00:00","description":"Thule Urban Glide 3 Double vankrikorvi adapter, Kahekohalise jalutusk&auml;ru Thule Urban Glide 3 Double adapterid &uuml;hele vankrikorvile.Thule Urban","breadcrumb":{"@id":"https:\/\/beebipood.ee\/ru\/produkt\/thule-urban-glide-3-double-vankrikorvi-adapter\/#breadcrumb"},"inLanguage":"ru-RU","potentialAction":[{"@type":"ReadAction","target":["https:\/\/beebipood.ee\/ru\/produkt\/thule-urban-glide-3-double-vankrikorvi-adapter\/"]}]},{"@type":"ImageObject","inLanguage":"ru-RU","@id":"https:\/\/beebipood.ee\/ru\/produkt\/thule-urban-glide-3-double-vankrikorvi-adapter\/#primaryimage","url":"https:\/\/beebipood.ee\/wp-content\/uploads\/2016\/02\/Thule-Urban-Glide-3-Double-vankrikorvi-adapter-UUED-TOOTED-Lastevankrid-ja-karud-Jalutuskarud-Lisavarustus-THULE-Thule-Urban-Glide-3-Double-_1-57d.jpg","contentUrl":"https:\/\/beebipood.ee\/wp-content\/uploads\/2016\/02\/Thule-Urban-Glide-3-Double-vankrikorvi-adapter-UUED-TOOTED-Lastevankrid-ja-karud-Jalutuskarud-Lisavarustus-THULE-Thule-Urban-Glide-3-Double-_1-57d.jpg","width":1200,"height":1200},{"@type":"BreadcrumbList","@id":"https:\/\/beebipood.ee\/ru\/produkt\/thule-urban-glide-3-double-vankrikorvi-adapter\/#breadcrumb","itemListElement":[{"@type":"ListItem","position":1,"name":"Home","item":"https:\/\/beebipood.ee\/ru\/"},{"@type":"ListItem","position":2,"name":"\u041a\u0430\u0442\u0430\u043b\u043e\u0433 \u0442\u043e\u0432\u0430\u0440\u043e\u0432","item":"https:\/\/beebipood.ee\/tooted\/"},{"@type":"ListItem","position":3,"name":"Thule Urban Glide 3 Double vankrikorvi adapter"}]},{"@type":"WebSite","@id":"https:\/\/beebipood.ee\/ru\/#website","url":"https:\/\/beebipood.ee\/ru\/","name":"Beebipood","description":"Lastekaubad, beebikaubad, m\u00e4nguasjad","publisher":{"@id":"https:\/\/beebipood.ee\/ru\/#organization"},"potentialAction":[{"@type":"SearchAction","target":{"@type":"EntryPoint","urlTemplate":"https:\/\/beebipood.ee\/ru\/?s={search_term_string}"},"query-input":{"@type":"PropertyValueSpecification","valueRequired":true,"valueName":"search_term_string"}}],"inLanguage":"ru-RU"},{"@type":"Organization","@id":"https:\/\/beebipood.ee\/ru\/#organization","name":"Beebipood","url":"https:\/\/beebipood.ee\/ru\/","logo":{"@type":"ImageObject","inLanguage":"ru-RU","@id":"https:\/\/beebipood.ee\/ru\/#\/schema\/logo\/image\/","url":"https:\/\/beebipood.ee\/wp-content\/uploads\/2025\/03\/beebipood.ee-logo-1.svg","contentUrl":"https:\/\/beebipood.ee\/wp-content\/uploads\/2025\/03\/beebipood.ee-logo-1.svg","caption":"Beebipood"},"image":{"@id":"https:\/\/beebipood.ee\/ru\/#\/schema\/logo\/image\/"}}]}},"brands":[{"id":11980,"name":"THULE","slug":"thule-ru"}],"_links":{"self":[{"href":"https:\/\/beebipood.ee\/ru\/wp-json\/wp\/v2\/product\/456450","targetHints":{"allow":["GET"]}}],"collection":[{"href":"https:\/\/beebipood.ee\/ru\/wp-json\/wp\/v2\/product"}],"about":[{"href":"https:\/\/beebipood.ee\/ru\/wp-json\/wp\/v2\/types\/product"}],"wp:featuredmedia":[{"embeddable":true,"href":"https:\/\/beebipood.ee\/ru\/wp-json\/wp\/v2\/media\/164290"}],"wp:attachment":[{"href":"https:\/\/beebipood.ee\/ru\/wp-json\/wp\/v2\/media?parent=456450"}],"wp:term":[{"taxonomy":"pwb-brand","embeddable":true,"href":"https:\/\/beebipood.ee\/ru\/wp-json\/wp\/v2\/pwb-brand?post=456450"},{"taxonomy":"product_brand","embeddable":true,"href":"https:\/\/beebipood.ee\/ru\/wp-json\/wp\/v2\/product_brand?post=456450"},{"taxonomy":"product_cat","embeddable":true,"href":"https:\/\/beebipood.ee\/ru\/wp-json\/wp\/v2\/product_cat?post=456450"},{"taxonomy":"product_tag","embeddable":true,"href":"https:\/\/beebipood.ee\/ru\/wp-json\/wp\/v2\/product_tag?post=456450"}],"curies":[{"name":"wp","href":"https:\/\/api.w.org\/{rel}","templated":true}]}}