{"id":456452,"date":"2025-12-12T10:43:08","date_gmt":"2025-12-12T08:43:08","guid":{"rendered":"https:\/\/beebipood.ee\/toode\/hauck-vanker-jalutuskaru-shopper-slx-trioset-pooh-cuddles\/"},"modified":"2025-12-12T11:58:19","modified_gmt":"2025-12-12T09:58:19","slug":"hauck-shop-n-care-trio-set-grey","status":"publish","type":"product","link":"https:\/\/beebipood.ee\/ru\/produkt\/hauck-shop-n-care-trio-set-grey\/","title":{"rendered":"Hauck Shop N Care Trio Set, Grey"},"content":{"rendered":"<h2 data-start=\"166\" data-end=\"228\"><strong data-start=\"169\" data-end=\"226\">3-in-1 komplekt: vankrikorv, jalutusk\u00e4ru ja turvah\u00e4ll<\/strong><\/h2>\n<p data-start=\"229\" data-end=\"311\">K\u00f5ik, mida vajad lapse s\u00fcnnist kuni umbes 4. eluaastani \u2013 \u00fches mugavas komplektis!<\/p>\n<h3 data-start=\"313\" data-end=\"346\"><strong data-start=\"317\" data-end=\"344\">Valmis igaks seikluseks<\/strong><\/h3>\n<p data-start=\"347\" data-end=\"605\">Stiilses 3-in-1 komplektis on kokku sobitatud <strong data-start=\"393\" data-end=\"407\">vankrikorv<\/strong>, <strong data-start=\"409\" data-end=\"424\">jalutusk\u00e4ru<\/strong> ja <strong data-start=\"428\" data-end=\"441\">turvah\u00e4ll<\/strong>. Kaasas olevate adapteritega saad jalutusk\u00e4ru hetkega muuta mugavaks reisis\u00fcsteemiks \u2013 lihtsalt \u00fche liigutusega.<br data-start=\"554\" data-end=\"557\" \/><strong data-start=\"557\" data-end=\"585\">Drive N Care Isofix-alus<\/strong> on saadaval eraldi.<\/p>\n<hr data-start=\"607\" data-end=\"610\" \/>\n<h2 data-start=\"612\" data-end=\"649\"><strong data-start=\"615\" data-end=\"649\">Mugav beebile, lihtne vanemale<\/strong><\/h2>\n<h3 data-start=\"651\" data-end=\"687\"><strong data-start=\"655\" data-end=\"685\">Pehme ja hubane vankrikorv<\/strong><\/h3>\n<p data-start=\"688\" data-end=\"753\">Kerge vankrikorv pakub beebile m\u00f5nusat und ja turvatunnet t\u00e4nu:<\/p>\n<ul data-start=\"754\" data-end=\"877\">\n<li data-start=\"754\" data-end=\"777\">\n<p data-start=\"756\" data-end=\"777\">pehmetele k\u00fclgedele<\/p>\n<\/li>\n<li data-start=\"778\" data-end=\"811\">\n<p data-start=\"780\" data-end=\"811\">madratsile puuvillase kattega<\/p>\n<\/li>\n<li data-start=\"812\" data-end=\"877\">\n<p data-start=\"814\" data-end=\"877\">suurerale UPF 50+ p\u00e4ikesevarjule, mis kaitseb tundlikku nahka<\/p>\n<\/li>\n<\/ul>\n<h3 data-start=\"879\" data-end=\"928\"><strong data-start=\"883\" data-end=\"926\">Nutikad lisad igap\u00e4evaseks kasutamiseks<\/strong><\/h3>\n<ul data-start=\"929\" data-end=\"1083\">\n<li data-start=\"929\" data-end=\"1017\">\n<p data-start=\"931\" data-end=\"1017\">Jalutusk\u00e4rul on <strong data-start=\"947\" data-end=\"960\">sn\u00e4kialus<\/strong> ja <strong data-start=\"964\" data-end=\"979\">topsihoidja<\/strong>, et k\u00f5ik vajalik oleks k\u00e4eulatuses.<\/p>\n<\/li>\n<li data-start=\"1018\" data-end=\"1083\">\n<p data-start=\"1020\" data-end=\"1083\">P\u00f6\u00f6ratav turvakaar teeb lapse sisse-ja v\u00e4ljav\u00f5tmise lihtsamaks.<\/p>\n<\/li>\n<\/ul>\n<hr data-start=\"1085\" data-end=\"1088\" \/>\n<h2 data-start=\"1090\" data-end=\"1129\"><strong data-start=\"1093\" data-end=\"1129\">Kerge, kokkupandav ja vastupidav<\/strong><\/h2>\n<p data-start=\"1131\" data-end=\"1212\">Olgu s\u00f5it poodi, parki v\u00f5i bussile \u2013 Shop N Care jalutusk\u00e4ru teeb elu lihtsaks:<\/p>\n<ul data-start=\"1213\" data-end=\"1415\">\n<li data-start=\"1213\" data-end=\"1232\">\n<p data-start=\"1215\" data-end=\"1232\"><strong data-start=\"1215\" data-end=\"1230\">vaid 8,5 kg<\/strong><\/p>\n<\/li>\n<li data-start=\"1233\" data-end=\"1262\">\n<p data-start=\"1235\" data-end=\"1262\"><strong data-start=\"1235\" data-end=\"1260\">kokkupandav \u00fche k\u00e4ega<\/strong><\/p>\n<\/li>\n<li data-start=\"1263\" data-end=\"1310\">\n<p data-start=\"1265\" data-end=\"1310\"><strong data-start=\"1265\" data-end=\"1295\">torkekindlad rattad<\/strong> ja vedrustus<\/p>\n<\/li>\n<li data-start=\"1311\" data-end=\"1363\">\n<p data-start=\"1313\" data-end=\"1363\">sobib s\u00fcnnist kuni <strong data-start=\"1332\" data-end=\"1341\">22 kg<\/strong> (umbes 4 eluaastat)<\/p>\n<\/li>\n<li data-start=\"1364\" data-end=\"1415\">\n<p data-start=\"1366\" data-end=\"1415\">ekstra pikk seljatugi, mis kasvab lapsega kaasa<\/p>\n<\/li>\n<\/ul>\n<hr data-start=\"1417\" data-end=\"1420\" \/>\n<h2 data-start=\"1422\" data-end=\"1461\"><strong data-start=\"1425\" data-end=\"1461\">Tehnilised andmed (lihtsustatud)<\/strong><\/h2>\n<h3 data-start=\"1463\" data-end=\"1482\"><strong data-start=\"1467\" data-end=\"1482\">Jalutusk\u00e4ru<\/strong><\/h3>\n<ul data-start=\"1483\" data-end=\"1787\">\n<li data-start=\"1483\" data-end=\"1529\">\n<p data-start=\"1485\" data-end=\"1529\">Kandev\u00f5ime: 22 kg (lapsele) + 3 kg pakikorvile<\/p>\n<\/li>\n<li data-start=\"1530\" data-end=\"1546\">\n<p data-start=\"1532\" data-end=\"1546\">Kaubakorv: \u2714<\/p>\n<\/li>\n<li data-start=\"1547\" data-end=\"1563\">\n<p data-start=\"1549\" data-end=\"1563\">Vedrustus: \u2714<\/p>\n<\/li>\n<li data-start=\"1564\" data-end=\"1589\">\n<p data-start=\"1566\" data-end=\"1589\">P\u00e4iksekaitse: UPF 50+<\/p>\n<\/li>\n<li data-start=\"1590\" data-end=\"1618\">\n<p data-start=\"1592\" data-end=\"1618\">Kokkupandav \u00fche k\u00e4ega: \u2714<\/p>\n<\/li>\n<li data-start=\"1619\" data-end=\"1645\">\n<p data-start=\"1621\" data-end=\"1645\">5-punktiline turvarihm<\/p>\n<\/li>\n<li data-start=\"1646\" data-end=\"1666\">\n<p data-start=\"1648\" data-end=\"1666\">Suur p\u00e4ikesevari<\/p>\n<\/li>\n<li data-start=\"1667\" data-end=\"1707\">\n<p data-start=\"1669\" data-end=\"1707\">M\u00f5\u00f5dud kokkupandult: 44 \u00d7 52 \u00d7 77 cm<\/p>\n<\/li>\n<li data-start=\"1708\" data-end=\"1744\">\n<p data-start=\"1710\" data-end=\"1744\">M\u00f5\u00f5dud avatult: 91 \u00d7 52 \u00d7 110 cm<\/p>\n<\/li>\n<li data-start=\"1745\" data-end=\"1787\">\n<p data-start=\"1747\" data-end=\"1787\">Rattad: EVA, p\u00f6\u00f6rlevad ja lukustatavad<\/p>\n<\/li>\n<\/ul>\n<h3 data-start=\"1789\" data-end=\"1807\"><strong data-start=\"1793\" data-end=\"1807\">Vankrikorv<\/strong><\/h3>\n<ul data-start=\"1808\" data-end=\"1956\">\n<li data-start=\"1808\" data-end=\"1833\">\n<p data-start=\"1810\" data-end=\"1833\">Kandev\u00f5ime: kuni 9 kg<\/p>\n<\/li>\n<li data-start=\"1834\" data-end=\"1864\">\n<p data-start=\"1836\" data-end=\"1864\">Madrats puuvillase kattega<\/p>\n<\/li>\n<li data-start=\"1865\" data-end=\"1888\">\n<p data-start=\"1867\" data-end=\"1888\">UPF 50+ p\u00e4ikesevari<\/p>\n<\/li>\n<li data-start=\"1889\" data-end=\"1920\">\n<p data-start=\"1891\" data-end=\"1920\">Integreeritud ventilatsioon<\/p>\n<\/li>\n<li data-start=\"1921\" data-end=\"1956\">\n<p data-start=\"1923\" data-end=\"1956\">M\u00f5\u00f5dud avatult: 80 \u00d7 37 \u00d7 63 cm<\/p>\n<\/li>\n<\/ul>\n<h3 data-start=\"1958\" data-end=\"1984\"><strong data-start=\"1962\" data-end=\"1984\">Turvah\u00e4ll (i-Size)<\/strong><\/h3>\n<ul data-start=\"1985\" data-end=\"2227\">\n<li data-start=\"1985\" data-end=\"2020\">\n<p data-start=\"1987\" data-end=\"2020\">Vanus \/ kaal: 0\u201313 kg, 40\u201387 cm<\/p>\n<\/li>\n<li data-start=\"2021\" data-end=\"2050\">\n<p data-start=\"2023\" data-end=\"2050\">Paigaldus auto Isofix-iga<\/p>\n<\/li>\n<li data-start=\"2051\" data-end=\"2077\">\n<p data-start=\"2053\" data-end=\"2077\">Tagasisuunas kasutatav<\/p>\n<\/li>\n<li data-start=\"2078\" data-end=\"2114\">\n<p data-start=\"2080\" data-end=\"2114\">Eemaldatav kate ja vari, UPF 50+<\/p>\n<\/li>\n<li data-start=\"2115\" data-end=\"2158\">\n<p data-start=\"2117\" data-end=\"2158\">Hingav kangas, m\u00e4luporolon, turvapadjad<\/p>\n<\/li>\n<li data-start=\"2159\" data-end=\"2199\">\n<p data-start=\"2161\" data-end=\"2199\">\u00dche k\u00e4ega vabastatav kinnituss\u00fcsteem<\/p>\n<\/li>\n<li data-start=\"2200\" data-end=\"2227\">\n<p data-start=\"2202\" data-end=\"2227\">M\u00f5\u00f5dud: 71 \u00d7 45 \u00d7 60 cm<\/p>\n<\/li>\n<\/ul>\n","protected":false},"excerpt":{"rendered":"<p>3-in-1 komplekt: vankrikorv, jalutusk\u00e4ru ja turvah\u00e4ll K\u00f5ik, mida vajad lapse s\u00fcnnist kuni umbes 4. eluaastani \u2013 \u00fches mugavas komplektis! Valmis igaks seikluseks Stiilses 3-in-1 komplektis on kokku sobitatud vankrikorv, jalutusk\u00e4ru ja turvah\u00e4ll. Kaasas olevate adapteritega saad jalutusk\u00e4ru hetkega muuta mugavaks reisis\u00fcsteemiks \u2013 lihtsalt \u00fche liigutusega.Drive N Care Isofix-alus on saadaval eraldi. Mugav beebile, lihtne vanemale [&hellip;]<\/p>\n","protected":false},"featured_media":509705,"template":"","meta":{"_acf_changed":false},"pwb-brand":[11952],"product_brand":[],"product_cat":[11719,11575,11721,11717],"product_tag":[],"class_list":{"0":"post-456452","1":"product","2":"type-product","3":"status-publish","4":"has-post-thumbnail","6":"pwb-brand-hauck-ru","7":"product_cat-vankrid-ru","8":"product_cat-uued-tooted-ru","9":"product_cat-jalutuskarud-ru","10":"product_cat-lastevankrid-ja-karud-ru","11":"pa_manufacturer-hauck-ru","13":"first","14":"onbackorder","15":"taxable","16":"shipping-taxable","17":"purchasable","18":"product-type-simple"},"exclude_global_add_ons":[],"addons":[],"acf":[],"yoast_head":"<!-- This site is optimized with the Yoast SEO plugin v27.1.1 - https:\/\/yoast.com\/product\/yoast-seo-wordpress\/ -->\n<title>Hauck vanker-jalutusk\u00e4ru Shopper SLX Trioset, Pooh Cuddles, \u041a\u043e\u043b\u044f\u0441\u043a\u0438, \u041f\u0440\u043e\u0433\u0443\u043b\u043e\u0447\u043d\u044b\u0435 \u043a\u043e\u043b\u044f\u0441\u043a\u0438, Beebipood<\/title>\n<meta name=\"description\" content=\"Hauck vanker-jalutusk\u00e4ru Shopper SLX Trioset, Pooh Cuddles, Shopper SLX Trio komplekt on vastupidav ja praktiline komplekt.Esirattad keerlevad\/lukusta\" \/>\n<meta name=\"robots\" content=\"index, follow, max-snippet:-1, max-image-preview:large, max-video-preview:-1\" \/>\n<link rel=\"canonical\" href=\"https:\/\/beebipood.ee\/ru\/produkt\/hauck-shop-n-care-trio-set-grey\/\" \/>\n<meta property=\"og:locale\" content=\"ru_RU\" \/>\n<meta property=\"og:type\" content=\"article\" \/>\n<meta property=\"og:title\" content=\"Hauck vanker-jalutusk\u00e4ru Shopper SLX Trioset, Pooh Cuddles, \u041a\u043e\u043b\u044f\u0441\u043a\u0438, \u041f\u0440\u043e\u0433\u0443\u043b\u043e\u0447\u043d\u044b\u0435 \u043a\u043e\u043b\u044f\u0441\u043a\u0438, Beebipood\" \/>\n<meta property=\"og:description\" content=\"Hauck vanker-jalutusk\u00e4ru Shopper SLX Trioset, Pooh Cuddles, Shopper SLX Trio komplekt on vastupidav ja praktiline komplekt.Esirattad keerlevad\/lukusta\" \/>\n<meta property=\"og:url\" content=\"https:\/\/beebipood.ee\/ru\/produkt\/hauck-shop-n-care-trio-set-grey\/\" \/>\n<meta property=\"og:site_name\" content=\"Beebipood\" \/>\n<meta property=\"article:modified_time\" content=\"2025-12-12T09:58:19+00:00\" \/>\n<meta property=\"og:image\" content=\"https:\/\/beebipood.ee\/wp-content\/uploads\/2016\/02\/shop-n-care-trio-set-grey.webp\" \/>\n\t<meta property=\"og:image:width\" content=\"823\" \/>\n\t<meta property=\"og:image:height\" content=\"823\" \/>\n\t<meta property=\"og:image:type\" content=\"image\/webp\" \/>\n<meta name=\"twitter:card\" content=\"summary_large_image\" \/>\n<meta name=\"twitter:label1\" content=\"\u041f\u0440\u0438\u043c\u0435\u0440\u043d\u043e\u0435 \u0432\u0440\u0435\u043c\u044f \u0434\u043b\u044f \u0447\u0442\u0435\u043d\u0438\u044f\" \/>\n\t<meta name=\"twitter:data1\" content=\"2 \u043c\u0438\u043d\u0443\u0442\u044b\" \/>\n<script type=\"application\/ld+json\" class=\"yoast-schema-graph\">{\"@context\":\"https:\/\/schema.org\",\"@graph\":[{\"@type\":\"WebPage\",\"@id\":\"https:\/\/beebipood.ee\/ru\/produkt\/hauck-shop-n-care-trio-set-grey\/\",\"url\":\"https:\/\/beebipood.ee\/ru\/produkt\/hauck-shop-n-care-trio-set-grey\/\",\"name\":\"Hauck vanker-jalutusk\u00e4ru Shopper SLX Trioset, Pooh Cuddles, \u041a\u043e\u043b\u044f\u0441\u043a\u0438, \u041f\u0440\u043e\u0433\u0443\u043b\u043e\u0447\u043d\u044b\u0435 \u043a\u043e\u043b\u044f\u0441\u043a\u0438, Beebipood\",\"isPartOf\":{\"@id\":\"https:\/\/beebipood.ee\/ru\/#website\"},\"primaryImageOfPage\":{\"@id\":\"https:\/\/beebipood.ee\/ru\/produkt\/hauck-shop-n-care-trio-set-grey\/#primaryimage\"},\"image\":{\"@id\":\"https:\/\/beebipood.ee\/ru\/produkt\/hauck-shop-n-care-trio-set-grey\/#primaryimage\"},\"thumbnailUrl\":\"https:\/\/beebipood.ee\/wp-content\/uploads\/2016\/02\/shop-n-care-trio-set-grey.webp\",\"datePublished\":\"2025-12-12T08:43:08+00:00\",\"dateModified\":\"2025-12-12T09:58:19+00:00\",\"description\":\"Hauck vanker-jalutusk\u00e4ru Shopper SLX Trioset, Pooh Cuddles, Shopper SLX Trio komplekt on vastupidav ja praktiline komplekt.Esirattad keerlevad\/lukusta\",\"breadcrumb\":{\"@id\":\"https:\/\/beebipood.ee\/ru\/produkt\/hauck-shop-n-care-trio-set-grey\/#breadcrumb\"},\"inLanguage\":\"ru-RU\",\"potentialAction\":[{\"@type\":\"ReadAction\",\"target\":[\"https:\/\/beebipood.ee\/ru\/produkt\/hauck-shop-n-care-trio-set-grey\/\"]}]},{\"@type\":\"ImageObject\",\"inLanguage\":\"ru-RU\",\"@id\":\"https:\/\/beebipood.ee\/ru\/produkt\/hauck-shop-n-care-trio-set-grey\/#primaryimage\",\"url\":\"https:\/\/beebipood.ee\/wp-content\/uploads\/2016\/02\/shop-n-care-trio-set-grey.webp\",\"contentUrl\":\"https:\/\/beebipood.ee\/wp-content\/uploads\/2016\/02\/shop-n-care-trio-set-grey.webp\",\"width\":823,\"height\":823},{\"@type\":\"BreadcrumbList\",\"@id\":\"https:\/\/beebipood.ee\/ru\/produkt\/hauck-shop-n-care-trio-set-grey\/#breadcrumb\",\"itemListElement\":[{\"@type\":\"ListItem\",\"position\":1,\"name\":\"Home\",\"item\":\"https:\/\/beebipood.ee\/ru\/\"},{\"@type\":\"ListItem\",\"position\":2,\"name\":\"\u041a\u0430\u0442\u0430\u043b\u043e\u0433 \u0442\u043e\u0432\u0430\u0440\u043e\u0432\",\"item\":\"https:\/\/beebipood.ee\/tooted\/\"},{\"@type\":\"ListItem\",\"position\":3,\"name\":\"Hauck Shop N Care Trio Set, Grey\"}]},{\"@type\":\"WebSite\",\"@id\":\"https:\/\/beebipood.ee\/ru\/#website\",\"url\":\"https:\/\/beebipood.ee\/ru\/\",\"name\":\"Beebipood\",\"description\":\"Lastekaubad, beebikaubad, m\u00e4nguasjad\",\"publisher\":{\"@id\":\"https:\/\/beebipood.ee\/ru\/#organization\"},\"potentialAction\":[{\"@type\":\"SearchAction\",\"target\":{\"@type\":\"EntryPoint\",\"urlTemplate\":\"https:\/\/beebipood.ee\/ru\/?s={search_term_string}\"},\"query-input\":{\"@type\":\"PropertyValueSpecification\",\"valueRequired\":true,\"valueName\":\"search_term_string\"}}],\"inLanguage\":\"ru-RU\"},{\"@type\":\"Organization\",\"@id\":\"https:\/\/beebipood.ee\/ru\/#organization\",\"name\":\"Beebipood\",\"url\":\"https:\/\/beebipood.ee\/ru\/\",\"logo\":{\"@type\":\"ImageObject\",\"inLanguage\":\"ru-RU\",\"@id\":\"https:\/\/beebipood.ee\/ru\/#\/schema\/logo\/image\/\",\"url\":\"https:\/\/beebipood.ee\/wp-content\/uploads\/2025\/03\/beebipood.ee-logo-1.svg\",\"contentUrl\":\"https:\/\/beebipood.ee\/wp-content\/uploads\/2025\/03\/beebipood.ee-logo-1.svg\",\"caption\":\"Beebipood\"},\"image\":{\"@id\":\"https:\/\/beebipood.ee\/ru\/#\/schema\/logo\/image\/\"}}]}<\/script>\n<!-- \/ Yoast SEO plugin. -->","yoast_head_json":{"title":"Hauck vanker-jalutusk\u00e4ru Shopper SLX Trioset, Pooh Cuddles, \u041a\u043e\u043b\u044f\u0441\u043a\u0438, \u041f\u0440\u043e\u0433\u0443\u043b\u043e\u0447\u043d\u044b\u0435 \u043a\u043e\u043b\u044f\u0441\u043a\u0438, Beebipood","description":"Hauck vanker-jalutusk\u00e4ru Shopper SLX Trioset, Pooh Cuddles, Shopper SLX Trio komplekt on vastupidav ja praktiline komplekt.Esirattad keerlevad\/lukusta","robots":{"index":"index","follow":"follow","max-snippet":"max-snippet:-1","max-image-preview":"max-image-preview:large","max-video-preview":"max-video-preview:-1"},"canonical":"https:\/\/beebipood.ee\/ru\/produkt\/hauck-shop-n-care-trio-set-grey\/","og_locale":"ru_RU","og_type":"article","og_title":"Hauck vanker-jalutusk\u00e4ru Shopper SLX Trioset, Pooh Cuddles, \u041a\u043e\u043b\u044f\u0441\u043a\u0438, \u041f\u0440\u043e\u0433\u0443\u043b\u043e\u0447\u043d\u044b\u0435 \u043a\u043e\u043b\u044f\u0441\u043a\u0438, Beebipood","og_description":"Hauck vanker-jalutusk\u00e4ru Shopper SLX Trioset, Pooh Cuddles, Shopper SLX Trio komplekt on vastupidav ja praktiline komplekt.Esirattad keerlevad\/lukusta","og_url":"https:\/\/beebipood.ee\/ru\/produkt\/hauck-shop-n-care-trio-set-grey\/","og_site_name":"Beebipood","article_modified_time":"2025-12-12T09:58:19+00:00","og_image":[{"width":823,"height":823,"url":"https:\/\/beebipood.ee\/wp-content\/uploads\/2016\/02\/shop-n-care-trio-set-grey.webp","type":"image\/webp"}],"twitter_card":"summary_large_image","twitter_misc":{"\u041f\u0440\u0438\u043c\u0435\u0440\u043d\u043e\u0435 \u0432\u0440\u0435\u043c\u044f \u0434\u043b\u044f \u0447\u0442\u0435\u043d\u0438\u044f":"2 \u043c\u0438\u043d\u0443\u0442\u044b"},"schema":{"@context":"https:\/\/schema.org","@graph":[{"@type":"WebPage","@id":"https:\/\/beebipood.ee\/ru\/produkt\/hauck-shop-n-care-trio-set-grey\/","url":"https:\/\/beebipood.ee\/ru\/produkt\/hauck-shop-n-care-trio-set-grey\/","name":"Hauck vanker-jalutusk\u00e4ru Shopper SLX Trioset, Pooh Cuddles, \u041a\u043e\u043b\u044f\u0441\u043a\u0438, \u041f\u0440\u043e\u0433\u0443\u043b\u043e\u0447\u043d\u044b\u0435 \u043a\u043e\u043b\u044f\u0441\u043a\u0438, Beebipood","isPartOf":{"@id":"https:\/\/beebipood.ee\/ru\/#website"},"primaryImageOfPage":{"@id":"https:\/\/beebipood.ee\/ru\/produkt\/hauck-shop-n-care-trio-set-grey\/#primaryimage"},"image":{"@id":"https:\/\/beebipood.ee\/ru\/produkt\/hauck-shop-n-care-trio-set-grey\/#primaryimage"},"thumbnailUrl":"https:\/\/beebipood.ee\/wp-content\/uploads\/2016\/02\/shop-n-care-trio-set-grey.webp","datePublished":"2025-12-12T08:43:08+00:00","dateModified":"2025-12-12T09:58:19+00:00","description":"Hauck vanker-jalutusk\u00e4ru Shopper SLX Trioset, Pooh Cuddles, Shopper SLX Trio komplekt on vastupidav ja praktiline komplekt.Esirattad keerlevad\/lukusta","breadcrumb":{"@id":"https:\/\/beebipood.ee\/ru\/produkt\/hauck-shop-n-care-trio-set-grey\/#breadcrumb"},"inLanguage":"ru-RU","potentialAction":[{"@type":"ReadAction","target":["https:\/\/beebipood.ee\/ru\/produkt\/hauck-shop-n-care-trio-set-grey\/"]}]},{"@type":"ImageObject","inLanguage":"ru-RU","@id":"https:\/\/beebipood.ee\/ru\/produkt\/hauck-shop-n-care-trio-set-grey\/#primaryimage","url":"https:\/\/beebipood.ee\/wp-content\/uploads\/2016\/02\/shop-n-care-trio-set-grey.webp","contentUrl":"https:\/\/beebipood.ee\/wp-content\/uploads\/2016\/02\/shop-n-care-trio-set-grey.webp","width":823,"height":823},{"@type":"BreadcrumbList","@id":"https:\/\/beebipood.ee\/ru\/produkt\/hauck-shop-n-care-trio-set-grey\/#breadcrumb","itemListElement":[{"@type":"ListItem","position":1,"name":"Home","item":"https:\/\/beebipood.ee\/ru\/"},{"@type":"ListItem","position":2,"name":"\u041a\u0430\u0442\u0430\u043b\u043e\u0433 \u0442\u043e\u0432\u0430\u0440\u043e\u0432","item":"https:\/\/beebipood.ee\/tooted\/"},{"@type":"ListItem","position":3,"name":"Hauck Shop N Care Trio Set, Grey"}]},{"@type":"WebSite","@id":"https:\/\/beebipood.ee\/ru\/#website","url":"https:\/\/beebipood.ee\/ru\/","name":"Beebipood","description":"Lastekaubad, beebikaubad, m\u00e4nguasjad","publisher":{"@id":"https:\/\/beebipood.ee\/ru\/#organization"},"potentialAction":[{"@type":"SearchAction","target":{"@type":"EntryPoint","urlTemplate":"https:\/\/beebipood.ee\/ru\/?s={search_term_string}"},"query-input":{"@type":"PropertyValueSpecification","valueRequired":true,"valueName":"search_term_string"}}],"inLanguage":"ru-RU"},{"@type":"Organization","@id":"https:\/\/beebipood.ee\/ru\/#organization","name":"Beebipood","url":"https:\/\/beebipood.ee\/ru\/","logo":{"@type":"ImageObject","inLanguage":"ru-RU","@id":"https:\/\/beebipood.ee\/ru\/#\/schema\/logo\/image\/","url":"https:\/\/beebipood.ee\/wp-content\/uploads\/2025\/03\/beebipood.ee-logo-1.svg","contentUrl":"https:\/\/beebipood.ee\/wp-content\/uploads\/2025\/03\/beebipood.ee-logo-1.svg","caption":"Beebipood"},"image":{"@id":"https:\/\/beebipood.ee\/ru\/#\/schema\/logo\/image\/"}}]}},"brands":[{"id":11952,"name":"Hauck","slug":"hauck-ru"}],"_links":{"self":[{"href":"https:\/\/beebipood.ee\/ru\/wp-json\/wp\/v2\/product\/456452","targetHints":{"allow":["GET"]}}],"collection":[{"href":"https:\/\/beebipood.ee\/ru\/wp-json\/wp\/v2\/product"}],"about":[{"href":"https:\/\/beebipood.ee\/ru\/wp-json\/wp\/v2\/types\/product"}],"wp:featuredmedia":[{"embeddable":true,"href":"https:\/\/beebipood.ee\/ru\/wp-json\/wp\/v2\/media\/509705"}],"wp:attachment":[{"href":"https:\/\/beebipood.ee\/ru\/wp-json\/wp\/v2\/media?parent=456452"}],"wp:term":[{"taxonomy":"pwb-brand","embeddable":true,"href":"https:\/\/beebipood.ee\/ru\/wp-json\/wp\/v2\/pwb-brand?post=456452"},{"taxonomy":"product_brand","embeddable":true,"href":"https:\/\/beebipood.ee\/ru\/wp-json\/wp\/v2\/product_brand?post=456452"},{"taxonomy":"product_cat","embeddable":true,"href":"https:\/\/beebipood.ee\/ru\/wp-json\/wp\/v2\/product_cat?post=456452"},{"taxonomy":"product_tag","embeddable":true,"href":"https:\/\/beebipood.ee\/ru\/wp-json\/wp\/v2\/product_tag?post=456452"}],"curies":[{"name":"wp","href":"https:\/\/api.w.org\/{rel}","templated":true}]}}