{"id":456456,"date":"2016-02-05T07:33:03","date_gmt":"2016-02-05T05:33:03","guid":{"rendered":"https:\/\/beebipood.ee\/toode\/thule-urban-glide-3-snakikandik\/"},"modified":"2025-01-09T10:50:35","modified_gmt":"2025-01-09T08:50:35","slug":"thule-urban-glide-3-snakikandik","status":"publish","type":"product","link":"https:\/\/beebipood.ee\/ru\/produkt\/thule-urban-glide-3-snakikandik\/","title":{"rendered":"Thule Urban Glide 3 sn\u00e4kikandik"},"content":{"rendered":"<p>Lisa oma Thule Urban Glide 3 \u00fchesele v\u00f5i kahesele jalutusk\u00e4rule praktiline sn\u00e4kikandik, <br \/>et hoida lapse toit ja joogipudel mugavalt k\u00e4ep\u00e4raselt.<br \/>H\u00f5lpsa ja lihtsa kinnitusega paigaldamine ja eemaldamine.<br \/>S\u00f6\u00f6k ja jook on lapsele mugavalt k\u00e4eulatuses.<br \/>Sn\u00e4kikandikut saab paigutada jalutusk\u00e4ru vasakule v\u00f5i paremale k\u00fcljele.<br \/>V\u00e4ljakeeratav, et last oleks k\u00e4russe lihtne panna ja sealt v\u00e4lja v\u00f5tta.<br \/>Valmistatud ftalaadivabadest ohututest materjalidest.<br \/>Lihtne puhastada.<br \/>Saab kasutada \u00fche jalutusk\u00e4ru m\u00f5lemal k\u00fcljel olevalt sellest, mida teie laps eelistab.<br \/>Samuti on v\u00f5imalik kasutada kahte suupistealust m\u00f5lemale lapsele <br \/>Thule Urban Glide 3 Double kahekohalise lapsevankriga.<\/p>\n","protected":false},"excerpt":{"rendered":"<p>Lisa oma Thule Urban Glide 3 \u00fchesele v\u00f5i kahesele jalutusk\u00e4rule praktiline sn\u00e4kikandik, et hoida lapse toit ja joogipudel mugavalt k\u00e4ep\u00e4raselt.H\u00f5lpsa ja lihtsa kinnitusega paigaldamine ja eemaldamine.S\u00f6\u00f6k ja jook on lapsele mugavalt k\u00e4eulatuses.Sn\u00e4kikandikut saab paigutada jalutusk\u00e4ru vasakule v\u00f5i paremale k\u00fcljele.V\u00e4ljakeeratav, et last oleks k\u00e4russe lihtne panna ja sealt v\u00e4lja v\u00f5tta.Valmistatud ftalaadivabadest ohututest materjalidest.Lihtne puhastada.Saab kasutada \u00fche [&hellip;]<\/p>\n","protected":false},"featured_media":164306,"template":"","meta":{"_acf_changed":false},"pwb-brand":[11980],"product_brand":[],"product_cat":[11847,11849,11851,11721,11853,11725,11717],"product_tag":[],"class_list":{"0":"post-456456","1":"product","2":"type-product","3":"status-publish","4":"has-post-thumbnail","6":"pwb-brand-thule-ru","7":"product_cat-thule-ru","8":"product_cat-thule-urban-glide-3-ru","9":"product_cat-thule-urban-glide-4-wheel-ru","10":"product_cat-jalutuskarud-ru","11":"product_cat-thule-urban-glide-3-double-ru","12":"product_cat-lisatarvikud-ru","13":"product_cat-lastevankrid-ja-karud-ru","14":"pa_manufacturer-thule-ru","16":"first","17":"onbackorder","18":"taxable","19":"shipping-taxable","20":"purchasable","21":"product-type-simple"},"exclude_global_add_ons":[],"addons":[],"acf":[],"yoast_head":"<!-- This site is optimized with the Yoast SEO plugin v27.1.1 - https:\/\/yoast.com\/product\/yoast-seo-wordpress\/ -->\n<title>Thule Urban Glide 3 sn\u00e4kikandik, \u0421\u041a\u0418\u0414\u041a\u0418, \u041b\u043e\u0448\u0430\u0434\u043a\u0430-\u043a\u0430\u0447\u0430\u043b\u043a\u0430, \u041a\u043e\u043b\u044f\u0441\u043a\u0438, \u041f\u0440\u043e\u0433\u0443\u043b\u043e\u0447\u043d\u044b\u0435 \u043a\u043e\u043b\u044f\u0441\u043a\u0438, \u041f\u0440\u0438\u043d\u0430\u0434\u043b\u0435\u0436\u043d\u043e\u0441\u0442\u0438, THULE, Thule Urban Glide 3, Thule Urban Glide 4-wheel, Thule Urban Glide 3 Double , Beebipood<\/title>\n<meta name=\"description\" content=\"Thule Urban Glide 3 sn\u00e4kikandik, Lisa oma Thule Urban Glide 3 &uuml;hesele v&otilde;i kahesele jalutusk&auml;rule praktiline sn&auml;kikandik, et hoid\" \/>\n<meta name=\"robots\" content=\"index, follow, max-snippet:-1, max-image-preview:large, max-video-preview:-1\" \/>\n<link rel=\"canonical\" href=\"https:\/\/beebipood.ee\/ru\/produkt\/thule-urban-glide-3-snakikandik\/\" \/>\n<meta property=\"og:locale\" content=\"ru_RU\" \/>\n<meta property=\"og:type\" content=\"article\" \/>\n<meta property=\"og:title\" content=\"Thule Urban Glide 3 sn\u00e4kikandik, \u0421\u041a\u0418\u0414\u041a\u0418, \u041b\u043e\u0448\u0430\u0434\u043a\u0430-\u043a\u0430\u0447\u0430\u043b\u043a\u0430, \u041a\u043e\u043b\u044f\u0441\u043a\u0438, \u041f\u0440\u043e\u0433\u0443\u043b\u043e\u0447\u043d\u044b\u0435 \u043a\u043e\u043b\u044f\u0441\u043a\u0438, \u041f\u0440\u0438\u043d\u0430\u0434\u043b\u0435\u0436\u043d\u043e\u0441\u0442\u0438, THULE, Thule Urban Glide 3, Thule Urban Glide 4-wheel, Thule Urban Glide 3 Double , Beebipood\" \/>\n<meta property=\"og:description\" content=\"Thule Urban Glide 3 sn\u00e4kikandik, Lisa oma Thule Urban Glide 3 &uuml;hesele v&otilde;i kahesele jalutusk&auml;rule praktiline sn&auml;kikandik, et hoid\" \/>\n<meta property=\"og:url\" content=\"https:\/\/beebipood.ee\/ru\/produkt\/thule-urban-glide-3-snakikandik\/\" \/>\n<meta property=\"og:site_name\" content=\"Beebipood\" \/>\n<meta property=\"article:modified_time\" content=\"2025-01-09T08:50:35+00:00\" \/>\n<meta property=\"og:image\" content=\"https:\/\/beebipood.ee\/wp-content\/uploads\/2016\/02\/Thule-Urban-Glide-3-snakikandik-Lastevankrid-ja-karud-Jalutuskarud-Lisavarustus-THULE-Thule-Urban-Glide-3-Thule-Urban-Glide-4wheel-Thule-Urban-Glide-3-Double-_1-77b.jpg\" \/>\n\t<meta property=\"og:image:width\" content=\"1200\" \/>\n\t<meta property=\"og:image:height\" content=\"1200\" \/>\n\t<meta property=\"og:image:type\" content=\"image\/jpeg\" \/>\n<meta name=\"twitter:card\" content=\"summary_large_image\" \/>\n<meta name=\"twitter:label1\" content=\"\u041f\u0440\u0438\u043c\u0435\u0440\u043d\u043e\u0435 \u0432\u0440\u0435\u043c\u044f \u0434\u043b\u044f \u0447\u0442\u0435\u043d\u0438\u044f\" \/>\n\t<meta name=\"twitter:data1\" content=\"1 \u043c\u0438\u043d\u0443\u0442\u0430\" \/>\n<script type=\"application\/ld+json\" class=\"yoast-schema-graph\">{\"@context\":\"https:\/\/schema.org\",\"@graph\":[{\"@type\":\"WebPage\",\"@id\":\"https:\/\/beebipood.ee\/ru\/produkt\/thule-urban-glide-3-snakikandik\/\",\"url\":\"https:\/\/beebipood.ee\/ru\/produkt\/thule-urban-glide-3-snakikandik\/\",\"name\":\"Thule Urban Glide 3 sn\u00e4kikandik, \u0421\u041a\u0418\u0414\u041a\u0418, \u041b\u043e\u0448\u0430\u0434\u043a\u0430-\u043a\u0430\u0447\u0430\u043b\u043a\u0430, \u041a\u043e\u043b\u044f\u0441\u043a\u0438, \u041f\u0440\u043e\u0433\u0443\u043b\u043e\u0447\u043d\u044b\u0435 \u043a\u043e\u043b\u044f\u0441\u043a\u0438, \u041f\u0440\u0438\u043d\u0430\u0434\u043b\u0435\u0436\u043d\u043e\u0441\u0442\u0438, THULE, Thule Urban Glide 3, Thule Urban Glide 4-wheel, Thule Urban Glide 3 Double , Beebipood\",\"isPartOf\":{\"@id\":\"https:\/\/beebipood.ee\/ru\/#website\"},\"primaryImageOfPage\":{\"@id\":\"https:\/\/beebipood.ee\/ru\/produkt\/thule-urban-glide-3-snakikandik\/#primaryimage\"},\"image\":{\"@id\":\"https:\/\/beebipood.ee\/ru\/produkt\/thule-urban-glide-3-snakikandik\/#primaryimage\"},\"thumbnailUrl\":\"https:\/\/beebipood.ee\/wp-content\/uploads\/2016\/02\/Thule-Urban-Glide-3-snakikandik-Lastevankrid-ja-karud-Jalutuskarud-Lisavarustus-THULE-Thule-Urban-Glide-3-Thule-Urban-Glide-4wheel-Thule-Urban-Glide-3-Double-_1-77b.jpg\",\"datePublished\":\"2016-02-05T05:33:03+00:00\",\"dateModified\":\"2025-01-09T08:50:35+00:00\",\"description\":\"Thule Urban Glide 3 sn\u00e4kikandik, Lisa oma Thule Urban Glide 3 &uuml;hesele v&otilde;i kahesele jalutusk&auml;rule praktiline sn&auml;kikandik, et hoid\",\"breadcrumb\":{\"@id\":\"https:\/\/beebipood.ee\/ru\/produkt\/thule-urban-glide-3-snakikandik\/#breadcrumb\"},\"inLanguage\":\"ru-RU\",\"potentialAction\":[{\"@type\":\"ReadAction\",\"target\":[\"https:\/\/beebipood.ee\/ru\/produkt\/thule-urban-glide-3-snakikandik\/\"]}]},{\"@type\":\"ImageObject\",\"inLanguage\":\"ru-RU\",\"@id\":\"https:\/\/beebipood.ee\/ru\/produkt\/thule-urban-glide-3-snakikandik\/#primaryimage\",\"url\":\"https:\/\/beebipood.ee\/wp-content\/uploads\/2016\/02\/Thule-Urban-Glide-3-snakikandik-Lastevankrid-ja-karud-Jalutuskarud-Lisavarustus-THULE-Thule-Urban-Glide-3-Thule-Urban-Glide-4wheel-Thule-Urban-Glide-3-Double-_1-77b.jpg\",\"contentUrl\":\"https:\/\/beebipood.ee\/wp-content\/uploads\/2016\/02\/Thule-Urban-Glide-3-snakikandik-Lastevankrid-ja-karud-Jalutuskarud-Lisavarustus-THULE-Thule-Urban-Glide-3-Thule-Urban-Glide-4wheel-Thule-Urban-Glide-3-Double-_1-77b.jpg\",\"width\":1200,\"height\":1200},{\"@type\":\"BreadcrumbList\",\"@id\":\"https:\/\/beebipood.ee\/ru\/produkt\/thule-urban-glide-3-snakikandik\/#breadcrumb\",\"itemListElement\":[{\"@type\":\"ListItem\",\"position\":1,\"name\":\"Home\",\"item\":\"https:\/\/beebipood.ee\/ru\/\"},{\"@type\":\"ListItem\",\"position\":2,\"name\":\"\u041a\u0430\u0442\u0430\u043b\u043e\u0433 \u0442\u043e\u0432\u0430\u0440\u043e\u0432\",\"item\":\"https:\/\/beebipood.ee\/tooted\/\"},{\"@type\":\"ListItem\",\"position\":3,\"name\":\"Thule Urban Glide 3 sn\u00e4kikandik\"}]},{\"@type\":\"WebSite\",\"@id\":\"https:\/\/beebipood.ee\/ru\/#website\",\"url\":\"https:\/\/beebipood.ee\/ru\/\",\"name\":\"Beebipood\",\"description\":\"Lastekaubad, beebikaubad, m\u00e4nguasjad\",\"publisher\":{\"@id\":\"https:\/\/beebipood.ee\/ru\/#organization\"},\"potentialAction\":[{\"@type\":\"SearchAction\",\"target\":{\"@type\":\"EntryPoint\",\"urlTemplate\":\"https:\/\/beebipood.ee\/ru\/?s={search_term_string}\"},\"query-input\":{\"@type\":\"PropertyValueSpecification\",\"valueRequired\":true,\"valueName\":\"search_term_string\"}}],\"inLanguage\":\"ru-RU\"},{\"@type\":\"Organization\",\"@id\":\"https:\/\/beebipood.ee\/ru\/#organization\",\"name\":\"Beebipood\",\"url\":\"https:\/\/beebipood.ee\/ru\/\",\"logo\":{\"@type\":\"ImageObject\",\"inLanguage\":\"ru-RU\",\"@id\":\"https:\/\/beebipood.ee\/ru\/#\/schema\/logo\/image\/\",\"url\":\"https:\/\/beebipood.ee\/wp-content\/uploads\/2025\/03\/beebipood.ee-logo-1.svg\",\"contentUrl\":\"https:\/\/beebipood.ee\/wp-content\/uploads\/2025\/03\/beebipood.ee-logo-1.svg\",\"caption\":\"Beebipood\"},\"image\":{\"@id\":\"https:\/\/beebipood.ee\/ru\/#\/schema\/logo\/image\/\"}}]}<\/script>\n<!-- \/ Yoast SEO plugin. -->","yoast_head_json":{"title":"Thule Urban Glide 3 sn\u00e4kikandik, \u0421\u041a\u0418\u0414\u041a\u0418, \u041b\u043e\u0448\u0430\u0434\u043a\u0430-\u043a\u0430\u0447\u0430\u043b\u043a\u0430, \u041a\u043e\u043b\u044f\u0441\u043a\u0438, \u041f\u0440\u043e\u0433\u0443\u043b\u043e\u0447\u043d\u044b\u0435 \u043a\u043e\u043b\u044f\u0441\u043a\u0438, \u041f\u0440\u0438\u043d\u0430\u0434\u043b\u0435\u0436\u043d\u043e\u0441\u0442\u0438, THULE, Thule Urban Glide 3, Thule Urban Glide 4-wheel, Thule Urban Glide 3 Double , Beebipood","description":"Thule Urban Glide 3 sn\u00e4kikandik, Lisa oma Thule Urban Glide 3 &uuml;hesele v&otilde;i kahesele jalutusk&auml;rule praktiline sn&auml;kikandik, et hoid","robots":{"index":"index","follow":"follow","max-snippet":"max-snippet:-1","max-image-preview":"max-image-preview:large","max-video-preview":"max-video-preview:-1"},"canonical":"https:\/\/beebipood.ee\/ru\/produkt\/thule-urban-glide-3-snakikandik\/","og_locale":"ru_RU","og_type":"article","og_title":"Thule Urban Glide 3 sn\u00e4kikandik, \u0421\u041a\u0418\u0414\u041a\u0418, \u041b\u043e\u0448\u0430\u0434\u043a\u0430-\u043a\u0430\u0447\u0430\u043b\u043a\u0430, \u041a\u043e\u043b\u044f\u0441\u043a\u0438, \u041f\u0440\u043e\u0433\u0443\u043b\u043e\u0447\u043d\u044b\u0435 \u043a\u043e\u043b\u044f\u0441\u043a\u0438, \u041f\u0440\u0438\u043d\u0430\u0434\u043b\u0435\u0436\u043d\u043e\u0441\u0442\u0438, THULE, Thule Urban Glide 3, Thule Urban Glide 4-wheel, Thule Urban Glide 3 Double , Beebipood","og_description":"Thule Urban Glide 3 sn\u00e4kikandik, Lisa oma Thule Urban Glide 3 &uuml;hesele v&otilde;i kahesele jalutusk&auml;rule praktiline sn&auml;kikandik, et hoid","og_url":"https:\/\/beebipood.ee\/ru\/produkt\/thule-urban-glide-3-snakikandik\/","og_site_name":"Beebipood","article_modified_time":"2025-01-09T08:50:35+00:00","og_image":[{"width":1200,"height":1200,"url":"https:\/\/beebipood.ee\/wp-content\/uploads\/2016\/02\/Thule-Urban-Glide-3-snakikandik-Lastevankrid-ja-karud-Jalutuskarud-Lisavarustus-THULE-Thule-Urban-Glide-3-Thule-Urban-Glide-4wheel-Thule-Urban-Glide-3-Double-_1-77b.jpg","type":"image\/jpeg"}],"twitter_card":"summary_large_image","twitter_misc":{"\u041f\u0440\u0438\u043c\u0435\u0440\u043d\u043e\u0435 \u0432\u0440\u0435\u043c\u044f \u0434\u043b\u044f \u0447\u0442\u0435\u043d\u0438\u044f":"1 \u043c\u0438\u043d\u0443\u0442\u0430"},"schema":{"@context":"https:\/\/schema.org","@graph":[{"@type":"WebPage","@id":"https:\/\/beebipood.ee\/ru\/produkt\/thule-urban-glide-3-snakikandik\/","url":"https:\/\/beebipood.ee\/ru\/produkt\/thule-urban-glide-3-snakikandik\/","name":"Thule Urban Glide 3 sn\u00e4kikandik, \u0421\u041a\u0418\u0414\u041a\u0418, \u041b\u043e\u0448\u0430\u0434\u043a\u0430-\u043a\u0430\u0447\u0430\u043b\u043a\u0430, \u041a\u043e\u043b\u044f\u0441\u043a\u0438, \u041f\u0440\u043e\u0433\u0443\u043b\u043e\u0447\u043d\u044b\u0435 \u043a\u043e\u043b\u044f\u0441\u043a\u0438, \u041f\u0440\u0438\u043d\u0430\u0434\u043b\u0435\u0436\u043d\u043e\u0441\u0442\u0438, THULE, Thule Urban Glide 3, Thule Urban Glide 4-wheel, Thule Urban Glide 3 Double , Beebipood","isPartOf":{"@id":"https:\/\/beebipood.ee\/ru\/#website"},"primaryImageOfPage":{"@id":"https:\/\/beebipood.ee\/ru\/produkt\/thule-urban-glide-3-snakikandik\/#primaryimage"},"image":{"@id":"https:\/\/beebipood.ee\/ru\/produkt\/thule-urban-glide-3-snakikandik\/#primaryimage"},"thumbnailUrl":"https:\/\/beebipood.ee\/wp-content\/uploads\/2016\/02\/Thule-Urban-Glide-3-snakikandik-Lastevankrid-ja-karud-Jalutuskarud-Lisavarustus-THULE-Thule-Urban-Glide-3-Thule-Urban-Glide-4wheel-Thule-Urban-Glide-3-Double-_1-77b.jpg","datePublished":"2016-02-05T05:33:03+00:00","dateModified":"2025-01-09T08:50:35+00:00","description":"Thule Urban Glide 3 sn\u00e4kikandik, Lisa oma Thule Urban Glide 3 &uuml;hesele v&otilde;i kahesele jalutusk&auml;rule praktiline sn&auml;kikandik, et hoid","breadcrumb":{"@id":"https:\/\/beebipood.ee\/ru\/produkt\/thule-urban-glide-3-snakikandik\/#breadcrumb"},"inLanguage":"ru-RU","potentialAction":[{"@type":"ReadAction","target":["https:\/\/beebipood.ee\/ru\/produkt\/thule-urban-glide-3-snakikandik\/"]}]},{"@type":"ImageObject","inLanguage":"ru-RU","@id":"https:\/\/beebipood.ee\/ru\/produkt\/thule-urban-glide-3-snakikandik\/#primaryimage","url":"https:\/\/beebipood.ee\/wp-content\/uploads\/2016\/02\/Thule-Urban-Glide-3-snakikandik-Lastevankrid-ja-karud-Jalutuskarud-Lisavarustus-THULE-Thule-Urban-Glide-3-Thule-Urban-Glide-4wheel-Thule-Urban-Glide-3-Double-_1-77b.jpg","contentUrl":"https:\/\/beebipood.ee\/wp-content\/uploads\/2016\/02\/Thule-Urban-Glide-3-snakikandik-Lastevankrid-ja-karud-Jalutuskarud-Lisavarustus-THULE-Thule-Urban-Glide-3-Thule-Urban-Glide-4wheel-Thule-Urban-Glide-3-Double-_1-77b.jpg","width":1200,"height":1200},{"@type":"BreadcrumbList","@id":"https:\/\/beebipood.ee\/ru\/produkt\/thule-urban-glide-3-snakikandik\/#breadcrumb","itemListElement":[{"@type":"ListItem","position":1,"name":"Home","item":"https:\/\/beebipood.ee\/ru\/"},{"@type":"ListItem","position":2,"name":"\u041a\u0430\u0442\u0430\u043b\u043e\u0433 \u0442\u043e\u0432\u0430\u0440\u043e\u0432","item":"https:\/\/beebipood.ee\/tooted\/"},{"@type":"ListItem","position":3,"name":"Thule Urban Glide 3 sn\u00e4kikandik"}]},{"@type":"WebSite","@id":"https:\/\/beebipood.ee\/ru\/#website","url":"https:\/\/beebipood.ee\/ru\/","name":"Beebipood","description":"Lastekaubad, beebikaubad, m\u00e4nguasjad","publisher":{"@id":"https:\/\/beebipood.ee\/ru\/#organization"},"potentialAction":[{"@type":"SearchAction","target":{"@type":"EntryPoint","urlTemplate":"https:\/\/beebipood.ee\/ru\/?s={search_term_string}"},"query-input":{"@type":"PropertyValueSpecification","valueRequired":true,"valueName":"search_term_string"}}],"inLanguage":"ru-RU"},{"@type":"Organization","@id":"https:\/\/beebipood.ee\/ru\/#organization","name":"Beebipood","url":"https:\/\/beebipood.ee\/ru\/","logo":{"@type":"ImageObject","inLanguage":"ru-RU","@id":"https:\/\/beebipood.ee\/ru\/#\/schema\/logo\/image\/","url":"https:\/\/beebipood.ee\/wp-content\/uploads\/2025\/03\/beebipood.ee-logo-1.svg","contentUrl":"https:\/\/beebipood.ee\/wp-content\/uploads\/2025\/03\/beebipood.ee-logo-1.svg","caption":"Beebipood"},"image":{"@id":"https:\/\/beebipood.ee\/ru\/#\/schema\/logo\/image\/"}}]}},"brands":[{"id":11980,"name":"THULE","slug":"thule-ru"}],"_links":{"self":[{"href":"https:\/\/beebipood.ee\/ru\/wp-json\/wp\/v2\/product\/456456","targetHints":{"allow":["GET"]}}],"collection":[{"href":"https:\/\/beebipood.ee\/ru\/wp-json\/wp\/v2\/product"}],"about":[{"href":"https:\/\/beebipood.ee\/ru\/wp-json\/wp\/v2\/types\/product"}],"wp:featuredmedia":[{"embeddable":true,"href":"https:\/\/beebipood.ee\/ru\/wp-json\/wp\/v2\/media\/164306"}],"wp:attachment":[{"href":"https:\/\/beebipood.ee\/ru\/wp-json\/wp\/v2\/media?parent=456456"}],"wp:term":[{"taxonomy":"pwb-brand","embeddable":true,"href":"https:\/\/beebipood.ee\/ru\/wp-json\/wp\/v2\/pwb-brand?post=456456"},{"taxonomy":"product_brand","embeddable":true,"href":"https:\/\/beebipood.ee\/ru\/wp-json\/wp\/v2\/product_brand?post=456456"},{"taxonomy":"product_cat","embeddable":true,"href":"https:\/\/beebipood.ee\/ru\/wp-json\/wp\/v2\/product_cat?post=456456"},{"taxonomy":"product_tag","embeddable":true,"href":"https:\/\/beebipood.ee\/ru\/wp-json\/wp\/v2\/product_tag?post=456456"}],"curies":[{"name":"wp","href":"https:\/\/api.w.org\/{rel}","templated":true}]}}