{"id":456472,"date":"2016-02-08T09:16:32","date_gmt":"2016-02-08T07:16:32","guid":{"rendered":"https:\/\/beebipood.ee\/toode\/thule-shine-jalutuskaru-2-in-1-grey-melange\/"},"modified":"2025-01-09T10:50:34","modified_gmt":"2025-01-09T08:50:34","slug":"thule-shine-jalutuskaru-2-in-1-grey-melange","status":"publish","type":"product","link":"https:\/\/beebipood.ee\/ru\/produkt\/thule-shine-jalutuskaru-2-in-1-grey-melange\/","title":{"rendered":"Thule Shine jalutusk\u00e4ru 2 in 1, Grey Melange"},"content":{"rendered":"<p><span style=\"text-decoration: underline;\">Igak\u00fclgne mugavus<\/span><br \/>Pole oluline, kas olete l\u00e4hi\u00fcmbrust avastamas v\u00f5i liigute \u00fchistranspordiga,<br \/>teie laps tunneb ennast k\u00e4rus alati mugavalt.<br \/>K\u00f5ikide rataste vedrustus t\u00e4hendab, et s\u00f5it m\u00f6\u00f6da munakividega linnat\u00e4navat on sujuv ja nauditav.<br \/>T\u00e4ielikult v\u00e4ljaulatuv varikatus, peaaegu tasane lamamisasend<br \/>ja sisseehitatud jalatugi v\u00f5imaldavad teie lapsel ennast tunda mugavalt<br \/>ja teha uinakut isegi keset tormilist linna.<br \/><span style=\"text-decoration: underline;\">Kerge ja stabiilne<\/span><br \/>T\u00e4nu lihtsale \u00fche k\u00e4ega juhitavusele ja kergele disainile<br \/>on seda tugevat lastek\u00e4ru rahvarohketes kohtades kerge man\u00f6\u00f6verdada.<br \/>Selle vastupidavad materjalid tagavad teie vasts\u00fcndinu v\u00f5i v\u00e4ikelapse stabiilsuse ja turvalisuse.<br \/><span style=\"text-decoration: underline;\">Kompaktne ja paindlik<\/span><br \/>See lastek\u00e4ru on h\u00f5lpsalt \u00fche k\u00e4ega kokkupandav koos integreeritud sangaga,<br \/>mis teeb selle kandmise lihtsaks. Seda lastek\u00e4ru on kodus mugav hoida,<br \/>kuna see on kompaktselt kokkupandav ja ta p\u00fcsib ilma toeta p\u00fcsti.<br \/><span style=\"text-decoration: underline;\">Suur pagasikorv<\/span><br \/>Disainitud stressivabaks jalutamiseks kitsastes kohtades<br \/>nagu metroo v\u00f5i kohalik pood. Sisaldab ka ruumikat pagasikorvi,<br \/>millele on lihtne juurde p\u00e4\u00e4seda ja mis mahutab kuni 10 kg.<br \/>See t\u00e4hendab, et saate k\u00e4rru panna kogu piknikuvarustuse<br \/>linnaparki kaasav\u00f5tmiseks ja isegi siis j\u00e4tkub ruumi koduteel toidupoest l\u00e4biminekuks.<br \/><span style=\"text-decoration: underline;\">K\u00e4ru nii vasts\u00fcndinutele kui v\u00e4ikelastele<\/span><br \/>Ideaalne kasutamiseks alates esimesest p\u00e4evast koos erinevate valikutega,<br \/>mis on kohandatud igaks elustiiliks.<br \/>Lisage oma lemmikk\u00e4rule Thule Shine Bassinet, Thule Newborn Inlay,<br \/>Thule Newborn Nest v\u00f5i Thule Shine Infant Car Seat Adapter<br \/>(tarvikud on m\u00fc\u00fcgil eraldi, turvah\u00e4ll pole k\u00f5ikidel turgudel saadaval).<br \/>K\u00f5ik meie s\u00fcnnij\u00e4rgsed lisatarvikud teevad teie lapse s\u00f5idu mugavaks.<br \/><span style=\"text-decoration: underline;\">Spetsifikatsioonid:<\/span><br \/>M\u00f5\u00f5dud: 90 x 52 x 96,5 cm<br \/>M\u00f5\u00f5dud kokkupandult 69 x 52 x 35 cm<br \/>Kandev\u00f5ime 22 kg<br \/>Laius 52 cm<br \/>Kaal 9.85 kg<\/p>\n<p><span style=\"text-decoration: underline;\">Thule Shine vankrikorv<\/span><br \/>Asetage vankrikorvile oma Thule Shine jalutusk\u00e4ru kaarvari <br \/>ning saate suurep\u00e4rase varikatuse ja \u00f5hutavuse vankrikorvile.<br \/>Sisaldab madratsit ja h\u00f5lpsalt lukuga eemaldavat vankrikorvikatet.<br \/>Vankrikorvis on k\u00e4ep\u00e4rane v\u00e4ike hoiutasku luti ja muude vajalike asjade jaoks.<br \/>Pehme hall polster musta pealiskangaga.<br \/>Lisamugavuse tagab ventileeritud vankrikorvi p\u00f5hi.<br \/>Kaasas oleva madratsi kate on masinpestav.<br \/>Vankrikorvil k\u00e4epidemed kust korvi t\u00f5sta ja k\u00e4rule asetada.<br \/>Rohelised indikaatorid annavad m\u00e4rku, <br \/>et vankrikorv on raamile sobilikult paigaldatud.<br \/>M\u00f5\u00f5dud: 38,2 x 80,5 x 25 cm<br \/>Kaal: 3,2 kg<\/p>\n","protected":false},"excerpt":{"rendered":"<p>Igak\u00fclgne mugavusPole oluline, kas olete l\u00e4hi\u00fcmbrust avastamas v\u00f5i liigute \u00fchistranspordiga,teie laps tunneb ennast k\u00e4rus alati mugavalt.K\u00f5ikide rataste vedrustus t\u00e4hendab, et s\u00f5it m\u00f6\u00f6da munakividega linnat\u00e4navat on sujuv ja nauditav.T\u00e4ielikult v\u00e4ljaulatuv varikatus, peaaegu tasane lamamisasendja sisseehitatud jalatugi v\u00f5imaldavad teie lapsel ennast tunda mugavaltja teha uinakut isegi keset tormilist linna.Kerge ja stabiilneT\u00e4nu lihtsale \u00fche k\u00e4ega juhitavusele ja kergele [&hellip;]<\/p>\n","protected":false},"featured_media":164478,"template":"","meta":{"_acf_changed":false},"pwb-brand":[11980],"product_brand":[],"product_cat":[11847,11721,11833,11717],"product_tag":[],"class_list":{"0":"post-456472","1":"product","2":"type-product","3":"status-publish","4":"has-post-thumbnail","6":"pwb-brand-thule-ru","7":"product_cat-thule-ru","8":"product_cat-jalutuskarud-ru","9":"product_cat-thule-shine-ru","10":"product_cat-lastevankrid-ja-karud-ru","11":"pa_manufacturer-thule-ru","13":"first","14":"outofstock","15":"taxable","16":"shipping-taxable","17":"purchasable","18":"product-type-simple"},"exclude_global_add_ons":[],"addons":[],"acf":[],"yoast_head":"<!-- This site is optimized with the Yoast SEO plugin v27.1.1 - https:\/\/yoast.com\/product\/yoast-seo-wordpress\/ -->\n<title>Thule Shine jalutusk\u00e4ru 2 in 1, Grey Melange, \u0421\u041a\u0418\u0414\u041a\u0418, \u041a\u043e\u043b\u044f\u0441\u043a\u0438, \u041f\u0440\u043e\u0433\u0443\u043b\u043e\u0447\u043d\u044b\u0435 \u043a\u043e\u043b\u044f\u0441\u043a\u0438, Thule Shine, THULE, Beebipood<\/title>\n<meta name=\"description\" content=\"Thule Shine jalutusk\u00e4ru 2 in 1, Grey Melange, Igak&uuml;lgne mugavusPole oluline, kas olete l&auml;hi\" \/>\n<meta name=\"robots\" content=\"index, follow, max-snippet:-1, max-image-preview:large, max-video-preview:-1\" \/>\n<link rel=\"canonical\" href=\"https:\/\/beebipood.ee\/ru\/produkt\/thule-shine-jalutuskaru-2-in-1-grey-melange\/\" \/>\n<meta property=\"og:locale\" content=\"ru_RU\" \/>\n<meta property=\"og:type\" content=\"article\" \/>\n<meta property=\"og:title\" content=\"Thule Shine jalutusk\u00e4ru 2 in 1, Grey Melange, \u0421\u041a\u0418\u0414\u041a\u0418, \u041a\u043e\u043b\u044f\u0441\u043a\u0438, \u041f\u0440\u043e\u0433\u0443\u043b\u043e\u0447\u043d\u044b\u0435 \u043a\u043e\u043b\u044f\u0441\u043a\u0438, Thule Shine, THULE, Beebipood\" \/>\n<meta property=\"og:description\" content=\"Thule Shine jalutusk\u00e4ru 2 in 1, Grey Melange, Igak&uuml;lgne mugavusPole oluline, kas olete l&auml;hi\" \/>\n<meta property=\"og:url\" content=\"https:\/\/beebipood.ee\/ru\/produkt\/thule-shine-jalutuskaru-2-in-1-grey-melange\/\" \/>\n<meta property=\"og:site_name\" content=\"Beebipood\" \/>\n<meta property=\"article:modified_time\" content=\"2025-01-09T08:50:34+00:00\" \/>\n<meta property=\"og:image\" content=\"https:\/\/beebipood.ee\/wp-content\/uploads\/2016\/02\/Thule-Shine-jalutuskaru-2-in-1-Grey-Melange-Lastevankrid-ja-karud-Jalutuskarud_6-9ed.jpg\" \/>\n\t<meta property=\"og:image:width\" content=\"900\" \/>\n\t<meta property=\"og:image:height\" content=\"900\" \/>\n\t<meta property=\"og:image:type\" content=\"image\/jpeg\" \/>\n<meta name=\"twitter:card\" content=\"summary_large_image\" \/>\n<meta name=\"twitter:label1\" content=\"\u041f\u0440\u0438\u043c\u0435\u0440\u043d\u043e\u0435 \u0432\u0440\u0435\u043c\u044f \u0434\u043b\u044f \u0447\u0442\u0435\u043d\u0438\u044f\" \/>\n\t<meta name=\"twitter:data1\" content=\"2 \u043c\u0438\u043d\u0443\u0442\u044b\" \/>\n<script type=\"application\/ld+json\" class=\"yoast-schema-graph\">{\"@context\":\"https:\/\/schema.org\",\"@graph\":[{\"@type\":\"WebPage\",\"@id\":\"https:\/\/beebipood.ee\/ru\/produkt\/thule-shine-jalutuskaru-2-in-1-grey-melange\/\",\"url\":\"https:\/\/beebipood.ee\/ru\/produkt\/thule-shine-jalutuskaru-2-in-1-grey-melange\/\",\"name\":\"Thule Shine jalutusk\u00e4ru 2 in 1, Grey Melange, \u0421\u041a\u0418\u0414\u041a\u0418, \u041a\u043e\u043b\u044f\u0441\u043a\u0438, \u041f\u0440\u043e\u0433\u0443\u043b\u043e\u0447\u043d\u044b\u0435 \u043a\u043e\u043b\u044f\u0441\u043a\u0438, Thule Shine, THULE, Beebipood\",\"isPartOf\":{\"@id\":\"https:\/\/beebipood.ee\/ru\/#website\"},\"primaryImageOfPage\":{\"@id\":\"https:\/\/beebipood.ee\/ru\/produkt\/thule-shine-jalutuskaru-2-in-1-grey-melange\/#primaryimage\"},\"image\":{\"@id\":\"https:\/\/beebipood.ee\/ru\/produkt\/thule-shine-jalutuskaru-2-in-1-grey-melange\/#primaryimage\"},\"thumbnailUrl\":\"https:\/\/beebipood.ee\/wp-content\/uploads\/2016\/02\/Thule-Shine-jalutuskaru-2-in-1-Grey-Melange-Lastevankrid-ja-karud-Jalutuskarud_6-9ed.jpg\",\"datePublished\":\"2016-02-08T07:16:32+00:00\",\"dateModified\":\"2025-01-09T08:50:34+00:00\",\"description\":\"Thule Shine jalutusk\u00e4ru 2 in 1, Grey Melange, Igak&uuml;lgne mugavusPole oluline, kas olete l&auml;hi\",\"breadcrumb\":{\"@id\":\"https:\/\/beebipood.ee\/ru\/produkt\/thule-shine-jalutuskaru-2-in-1-grey-melange\/#breadcrumb\"},\"inLanguage\":\"ru-RU\",\"potentialAction\":[{\"@type\":\"ReadAction\",\"target\":[\"https:\/\/beebipood.ee\/ru\/produkt\/thule-shine-jalutuskaru-2-in-1-grey-melange\/\"]}]},{\"@type\":\"ImageObject\",\"inLanguage\":\"ru-RU\",\"@id\":\"https:\/\/beebipood.ee\/ru\/produkt\/thule-shine-jalutuskaru-2-in-1-grey-melange\/#primaryimage\",\"url\":\"https:\/\/beebipood.ee\/wp-content\/uploads\/2016\/02\/Thule-Shine-jalutuskaru-2-in-1-Grey-Melange-Lastevankrid-ja-karud-Jalutuskarud_6-9ed.jpg\",\"contentUrl\":\"https:\/\/beebipood.ee\/wp-content\/uploads\/2016\/02\/Thule-Shine-jalutuskaru-2-in-1-Grey-Melange-Lastevankrid-ja-karud-Jalutuskarud_6-9ed.jpg\",\"width\":900,\"height\":900},{\"@type\":\"BreadcrumbList\",\"@id\":\"https:\/\/beebipood.ee\/ru\/produkt\/thule-shine-jalutuskaru-2-in-1-grey-melange\/#breadcrumb\",\"itemListElement\":[{\"@type\":\"ListItem\",\"position\":1,\"name\":\"Home\",\"item\":\"https:\/\/beebipood.ee\/ru\/\"},{\"@type\":\"ListItem\",\"position\":2,\"name\":\"\u041a\u0430\u0442\u0430\u043b\u043e\u0433 \u0442\u043e\u0432\u0430\u0440\u043e\u0432\",\"item\":\"https:\/\/beebipood.ee\/tooted\/\"},{\"@type\":\"ListItem\",\"position\":3,\"name\":\"Thule Shine jalutusk\u00e4ru 2 in 1, Grey Melange\"}]},{\"@type\":\"WebSite\",\"@id\":\"https:\/\/beebipood.ee\/ru\/#website\",\"url\":\"https:\/\/beebipood.ee\/ru\/\",\"name\":\"Beebipood\",\"description\":\"Lastekaubad, beebikaubad, m\u00e4nguasjad\",\"publisher\":{\"@id\":\"https:\/\/beebipood.ee\/ru\/#organization\"},\"potentialAction\":[{\"@type\":\"SearchAction\",\"target\":{\"@type\":\"EntryPoint\",\"urlTemplate\":\"https:\/\/beebipood.ee\/ru\/?s={search_term_string}\"},\"query-input\":{\"@type\":\"PropertyValueSpecification\",\"valueRequired\":true,\"valueName\":\"search_term_string\"}}],\"inLanguage\":\"ru-RU\"},{\"@type\":\"Organization\",\"@id\":\"https:\/\/beebipood.ee\/ru\/#organization\",\"name\":\"Beebipood\",\"url\":\"https:\/\/beebipood.ee\/ru\/\",\"logo\":{\"@type\":\"ImageObject\",\"inLanguage\":\"ru-RU\",\"@id\":\"https:\/\/beebipood.ee\/ru\/#\/schema\/logo\/image\/\",\"url\":\"https:\/\/beebipood.ee\/wp-content\/uploads\/2025\/03\/beebipood.ee-logo-1.svg\",\"contentUrl\":\"https:\/\/beebipood.ee\/wp-content\/uploads\/2025\/03\/beebipood.ee-logo-1.svg\",\"caption\":\"Beebipood\"},\"image\":{\"@id\":\"https:\/\/beebipood.ee\/ru\/#\/schema\/logo\/image\/\"}}]}<\/script>\n<!-- \/ Yoast SEO plugin. -->","yoast_head_json":{"title":"Thule Shine jalutusk\u00e4ru 2 in 1, Grey Melange, \u0421\u041a\u0418\u0414\u041a\u0418, \u041a\u043e\u043b\u044f\u0441\u043a\u0438, \u041f\u0440\u043e\u0433\u0443\u043b\u043e\u0447\u043d\u044b\u0435 \u043a\u043e\u043b\u044f\u0441\u043a\u0438, Thule Shine, THULE, Beebipood","description":"Thule Shine jalutusk\u00e4ru 2 in 1, Grey Melange, Igak&uuml;lgne mugavusPole oluline, kas olete l&auml;hi","robots":{"index":"index","follow":"follow","max-snippet":"max-snippet:-1","max-image-preview":"max-image-preview:large","max-video-preview":"max-video-preview:-1"},"canonical":"https:\/\/beebipood.ee\/ru\/produkt\/thule-shine-jalutuskaru-2-in-1-grey-melange\/","og_locale":"ru_RU","og_type":"article","og_title":"Thule Shine jalutusk\u00e4ru 2 in 1, Grey Melange, \u0421\u041a\u0418\u0414\u041a\u0418, \u041a\u043e\u043b\u044f\u0441\u043a\u0438, \u041f\u0440\u043e\u0433\u0443\u043b\u043e\u0447\u043d\u044b\u0435 \u043a\u043e\u043b\u044f\u0441\u043a\u0438, Thule Shine, THULE, Beebipood","og_description":"Thule Shine jalutusk\u00e4ru 2 in 1, Grey Melange, Igak&uuml;lgne mugavusPole oluline, kas olete l&auml;hi","og_url":"https:\/\/beebipood.ee\/ru\/produkt\/thule-shine-jalutuskaru-2-in-1-grey-melange\/","og_site_name":"Beebipood","article_modified_time":"2025-01-09T08:50:34+00:00","og_image":[{"width":900,"height":900,"url":"https:\/\/beebipood.ee\/wp-content\/uploads\/2016\/02\/Thule-Shine-jalutuskaru-2-in-1-Grey-Melange-Lastevankrid-ja-karud-Jalutuskarud_6-9ed.jpg","type":"image\/jpeg"}],"twitter_card":"summary_large_image","twitter_misc":{"\u041f\u0440\u0438\u043c\u0435\u0440\u043d\u043e\u0435 \u0432\u0440\u0435\u043c\u044f \u0434\u043b\u044f \u0447\u0442\u0435\u043d\u0438\u044f":"2 \u043c\u0438\u043d\u0443\u0442\u044b"},"schema":{"@context":"https:\/\/schema.org","@graph":[{"@type":"WebPage","@id":"https:\/\/beebipood.ee\/ru\/produkt\/thule-shine-jalutuskaru-2-in-1-grey-melange\/","url":"https:\/\/beebipood.ee\/ru\/produkt\/thule-shine-jalutuskaru-2-in-1-grey-melange\/","name":"Thule Shine jalutusk\u00e4ru 2 in 1, Grey Melange, \u0421\u041a\u0418\u0414\u041a\u0418, \u041a\u043e\u043b\u044f\u0441\u043a\u0438, \u041f\u0440\u043e\u0433\u0443\u043b\u043e\u0447\u043d\u044b\u0435 \u043a\u043e\u043b\u044f\u0441\u043a\u0438, Thule Shine, THULE, Beebipood","isPartOf":{"@id":"https:\/\/beebipood.ee\/ru\/#website"},"primaryImageOfPage":{"@id":"https:\/\/beebipood.ee\/ru\/produkt\/thule-shine-jalutuskaru-2-in-1-grey-melange\/#primaryimage"},"image":{"@id":"https:\/\/beebipood.ee\/ru\/produkt\/thule-shine-jalutuskaru-2-in-1-grey-melange\/#primaryimage"},"thumbnailUrl":"https:\/\/beebipood.ee\/wp-content\/uploads\/2016\/02\/Thule-Shine-jalutuskaru-2-in-1-Grey-Melange-Lastevankrid-ja-karud-Jalutuskarud_6-9ed.jpg","datePublished":"2016-02-08T07:16:32+00:00","dateModified":"2025-01-09T08:50:34+00:00","description":"Thule Shine jalutusk\u00e4ru 2 in 1, Grey Melange, Igak&uuml;lgne mugavusPole oluline, kas olete l&auml;hi","breadcrumb":{"@id":"https:\/\/beebipood.ee\/ru\/produkt\/thule-shine-jalutuskaru-2-in-1-grey-melange\/#breadcrumb"},"inLanguage":"ru-RU","potentialAction":[{"@type":"ReadAction","target":["https:\/\/beebipood.ee\/ru\/produkt\/thule-shine-jalutuskaru-2-in-1-grey-melange\/"]}]},{"@type":"ImageObject","inLanguage":"ru-RU","@id":"https:\/\/beebipood.ee\/ru\/produkt\/thule-shine-jalutuskaru-2-in-1-grey-melange\/#primaryimage","url":"https:\/\/beebipood.ee\/wp-content\/uploads\/2016\/02\/Thule-Shine-jalutuskaru-2-in-1-Grey-Melange-Lastevankrid-ja-karud-Jalutuskarud_6-9ed.jpg","contentUrl":"https:\/\/beebipood.ee\/wp-content\/uploads\/2016\/02\/Thule-Shine-jalutuskaru-2-in-1-Grey-Melange-Lastevankrid-ja-karud-Jalutuskarud_6-9ed.jpg","width":900,"height":900},{"@type":"BreadcrumbList","@id":"https:\/\/beebipood.ee\/ru\/produkt\/thule-shine-jalutuskaru-2-in-1-grey-melange\/#breadcrumb","itemListElement":[{"@type":"ListItem","position":1,"name":"Home","item":"https:\/\/beebipood.ee\/ru\/"},{"@type":"ListItem","position":2,"name":"\u041a\u0430\u0442\u0430\u043b\u043e\u0433 \u0442\u043e\u0432\u0430\u0440\u043e\u0432","item":"https:\/\/beebipood.ee\/tooted\/"},{"@type":"ListItem","position":3,"name":"Thule Shine jalutusk\u00e4ru 2 in 1, Grey Melange"}]},{"@type":"WebSite","@id":"https:\/\/beebipood.ee\/ru\/#website","url":"https:\/\/beebipood.ee\/ru\/","name":"Beebipood","description":"Lastekaubad, beebikaubad, m\u00e4nguasjad","publisher":{"@id":"https:\/\/beebipood.ee\/ru\/#organization"},"potentialAction":[{"@type":"SearchAction","target":{"@type":"EntryPoint","urlTemplate":"https:\/\/beebipood.ee\/ru\/?s={search_term_string}"},"query-input":{"@type":"PropertyValueSpecification","valueRequired":true,"valueName":"search_term_string"}}],"inLanguage":"ru-RU"},{"@type":"Organization","@id":"https:\/\/beebipood.ee\/ru\/#organization","name":"Beebipood","url":"https:\/\/beebipood.ee\/ru\/","logo":{"@type":"ImageObject","inLanguage":"ru-RU","@id":"https:\/\/beebipood.ee\/ru\/#\/schema\/logo\/image\/","url":"https:\/\/beebipood.ee\/wp-content\/uploads\/2025\/03\/beebipood.ee-logo-1.svg","contentUrl":"https:\/\/beebipood.ee\/wp-content\/uploads\/2025\/03\/beebipood.ee-logo-1.svg","caption":"Beebipood"},"image":{"@id":"https:\/\/beebipood.ee\/ru\/#\/schema\/logo\/image\/"}}]}},"brands":[{"id":11980,"name":"THULE","slug":"thule-ru"}],"_links":{"self":[{"href":"https:\/\/beebipood.ee\/ru\/wp-json\/wp\/v2\/product\/456472","targetHints":{"allow":["GET"]}}],"collection":[{"href":"https:\/\/beebipood.ee\/ru\/wp-json\/wp\/v2\/product"}],"about":[{"href":"https:\/\/beebipood.ee\/ru\/wp-json\/wp\/v2\/types\/product"}],"wp:featuredmedia":[{"embeddable":true,"href":"https:\/\/beebipood.ee\/ru\/wp-json\/wp\/v2\/media\/164478"}],"wp:attachment":[{"href":"https:\/\/beebipood.ee\/ru\/wp-json\/wp\/v2\/media?parent=456472"}],"wp:term":[{"taxonomy":"pwb-brand","embeddable":true,"href":"https:\/\/beebipood.ee\/ru\/wp-json\/wp\/v2\/pwb-brand?post=456472"},{"taxonomy":"product_brand","embeddable":true,"href":"https:\/\/beebipood.ee\/ru\/wp-json\/wp\/v2\/product_brand?post=456472"},{"taxonomy":"product_cat","embeddable":true,"href":"https:\/\/beebipood.ee\/ru\/wp-json\/wp\/v2\/product_cat?post=456472"},{"taxonomy":"product_tag","embeddable":true,"href":"https:\/\/beebipood.ee\/ru\/wp-json\/wp\/v2\/product_tag?post=456472"}],"curies":[{"name":"wp","href":"https:\/\/api.w.org\/{rel}","templated":true}]}}