{"id":456480,"date":"2016-02-09T07:29:02","date_gmt":"2016-02-09T05:29:02","guid":{"rendered":"https:\/\/beebipood.ee\/toode\/thule-shine-vankrikorv\/"},"modified":"2025-01-09T10:50:34","modified_gmt":"2025-01-09T08:50:34","slug":"thule-shine-vankrikorv","status":"publish","type":"product","link":"https:\/\/beebipood.ee\/ru\/produkt\/thule-shine-vankrikorv\/","title":{"rendered":"Thule Shine vankrikorv"},"content":{"rendered":"<p>Thule Shine vankrikorv<br \/>Asetage vankrikorvile oma Thule Shine jalutusk\u00e4ru kaarvari <br \/>ning saate suurep\u00e4rase varikatuse ja \u00f5hutavuse vankrikorvile.<br \/>Sisaldab madratsit ja h\u00f5lpsalt lukuga eemaldavat vankrikorvikatet.<br \/>Vankrikorvis on k\u00e4ep\u00e4rane v\u00e4ike hoiutasku luti ja muude vajalike asjade jaoks.<br \/>Pehme hall polster musta pealiskangaga.<br \/>Lisamugavuse tagab ventileeritud vankrikorvi p\u00f5hi.<br \/>Kaasas oleva madratsi kate on masinpestav.<br \/>Vankrikorvil k\u00e4epidemed kust korvi t\u00f5sta ja k\u00e4rule asetada.<br \/>Rohelised indikaatorid annavad m\u00e4rku, <br \/>et vankrikorv on raamile sobilikult paigaldatud.<br \/>M\u00f5\u00f5dud: 38,2 x 80,5 x 25 cm<br \/>Kaal: 3,2 kg<\/p>\n","protected":false},"excerpt":{"rendered":"<p>Thule Shine vankrikorvAsetage vankrikorvile oma Thule Shine jalutusk\u00e4ru kaarvari ning saate suurep\u00e4rase varikatuse ja \u00f5hutavuse vankrikorvile.Sisaldab madratsit ja h\u00f5lpsalt lukuga eemaldavat vankrikorvikatet.Vankrikorvis on k\u00e4ep\u00e4rane v\u00e4ike hoiutasku luti ja muude vajalike asjade jaoks.Pehme hall polster musta pealiskangaga.Lisamugavuse tagab ventileeritud vankrikorvi p\u00f5hi.Kaasas oleva madratsi kate on masinpestav.Vankrikorvil k\u00e4epidemed kust korvi t\u00f5sta ja k\u00e4rule asetada.Rohelised indikaatorid annavad m\u00e4rku, [&hellip;]<\/p>\n","protected":false},"featured_media":164644,"template":"","meta":{"_acf_changed":false},"pwb-brand":[11980],"product_brand":[],"product_cat":[11847,11833,11725,11717],"product_tag":[],"class_list":{"0":"post-456480","1":"product","2":"type-product","3":"status-publish","4":"has-post-thumbnail","6":"pwb-brand-thule-ru","7":"product_cat-thule-ru","8":"product_cat-thule-shine-ru","9":"product_cat-lisatarvikud-ru","10":"product_cat-lastevankrid-ja-karud-ru","11":"pa_manufacturer-thule-ru","13":"first","14":"onbackorder","15":"taxable","16":"shipping-taxable","17":"purchasable","18":"product-type-simple"},"exclude_global_add_ons":[],"addons":[],"acf":[],"yoast_head":"<!-- This site is optimized with the Yoast SEO plugin v27.1.1 - https:\/\/yoast.com\/product\/yoast-seo-wordpress\/ -->\n<title>Thule Shine vankrikorv, \u041d\u041e\u0412\u042b\u0415 \u0422\u041e\u0412\u0410\u0420\u042b, \u041b\u043e\u0448\u0430\u0434\u043a\u0430-\u043a\u0430\u0447\u0430\u043b\u043a\u0430, \u041a\u043e\u043b\u044f\u0441\u043a\u0438, \u041f\u0440\u0438\u043d\u0430\u0434\u043b\u0435\u0436\u043d\u043e\u0441\u0442\u0438, Thule Shine, THULE, Beebipood<\/title>\n<meta name=\"description\" content=\"Thule Shine vankrikorv, Thule Shine vankrikorvAsetage vankrikorvile oma Thule Shine jalutusk&auml;ru kaarvari ning saate suurep&auml;rase varikat\" \/>\n<meta name=\"robots\" content=\"index, follow, max-snippet:-1, max-image-preview:large, max-video-preview:-1\" \/>\n<link rel=\"canonical\" href=\"https:\/\/beebipood.ee\/ru\/produkt\/thule-shine-vankrikorv\/\" \/>\n<meta property=\"og:locale\" content=\"ru_RU\" \/>\n<meta property=\"og:type\" content=\"article\" \/>\n<meta property=\"og:title\" content=\"Thule Shine vankrikorv, \u041d\u041e\u0412\u042b\u0415 \u0422\u041e\u0412\u0410\u0420\u042b, \u041b\u043e\u0448\u0430\u0434\u043a\u0430-\u043a\u0430\u0447\u0430\u043b\u043a\u0430, \u041a\u043e\u043b\u044f\u0441\u043a\u0438, \u041f\u0440\u0438\u043d\u0430\u0434\u043b\u0435\u0436\u043d\u043e\u0441\u0442\u0438, Thule Shine, THULE, Beebipood\" \/>\n<meta property=\"og:description\" content=\"Thule Shine vankrikorv, Thule Shine vankrikorvAsetage vankrikorvile oma Thule Shine jalutusk&auml;ru kaarvari ning saate suurep&auml;rase varikat\" \/>\n<meta property=\"og:url\" content=\"https:\/\/beebipood.ee\/ru\/produkt\/thule-shine-vankrikorv\/\" \/>\n<meta property=\"og:site_name\" content=\"Beebipood\" \/>\n<meta property=\"article:modified_time\" content=\"2025-01-09T08:50:34+00:00\" \/>\n<meta property=\"og:image\" content=\"https:\/\/beebipood.ee\/wp-content\/uploads\/2016\/02\/Thule-Shine-vankrikorv-Lastevankrid-ja-karud-Jalutuskarud_3-23a.jpg\" \/>\n\t<meta property=\"og:image:width\" content=\"900\" \/>\n\t<meta property=\"og:image:height\" content=\"900\" \/>\n\t<meta property=\"og:image:type\" content=\"image\/jpeg\" \/>\n<meta name=\"twitter:card\" content=\"summary_large_image\" \/>\n<script type=\"application\/ld+json\" class=\"yoast-schema-graph\">{\"@context\":\"https:\/\/schema.org\",\"@graph\":[{\"@type\":\"WebPage\",\"@id\":\"https:\/\/beebipood.ee\/ru\/produkt\/thule-shine-vankrikorv\/\",\"url\":\"https:\/\/beebipood.ee\/ru\/produkt\/thule-shine-vankrikorv\/\",\"name\":\"Thule Shine vankrikorv, \u041d\u041e\u0412\u042b\u0415 \u0422\u041e\u0412\u0410\u0420\u042b, \u041b\u043e\u0448\u0430\u0434\u043a\u0430-\u043a\u0430\u0447\u0430\u043b\u043a\u0430, \u041a\u043e\u043b\u044f\u0441\u043a\u0438, \u041f\u0440\u0438\u043d\u0430\u0434\u043b\u0435\u0436\u043d\u043e\u0441\u0442\u0438, Thule Shine, THULE, Beebipood\",\"isPartOf\":{\"@id\":\"https:\/\/beebipood.ee\/ru\/#website\"},\"primaryImageOfPage\":{\"@id\":\"https:\/\/beebipood.ee\/ru\/produkt\/thule-shine-vankrikorv\/#primaryimage\"},\"image\":{\"@id\":\"https:\/\/beebipood.ee\/ru\/produkt\/thule-shine-vankrikorv\/#primaryimage\"},\"thumbnailUrl\":\"https:\/\/beebipood.ee\/wp-content\/uploads\/2016\/02\/Thule-Shine-vankrikorv-Lastevankrid-ja-karud-Jalutuskarud_3-23a.jpg\",\"datePublished\":\"2016-02-09T05:29:02+00:00\",\"dateModified\":\"2025-01-09T08:50:34+00:00\",\"description\":\"Thule Shine vankrikorv, Thule Shine vankrikorvAsetage vankrikorvile oma Thule Shine jalutusk&auml;ru kaarvari ning saate suurep&auml;rase varikat\",\"breadcrumb\":{\"@id\":\"https:\/\/beebipood.ee\/ru\/produkt\/thule-shine-vankrikorv\/#breadcrumb\"},\"inLanguage\":\"ru-RU\",\"potentialAction\":[{\"@type\":\"ReadAction\",\"target\":[\"https:\/\/beebipood.ee\/ru\/produkt\/thule-shine-vankrikorv\/\"]}]},{\"@type\":\"ImageObject\",\"inLanguage\":\"ru-RU\",\"@id\":\"https:\/\/beebipood.ee\/ru\/produkt\/thule-shine-vankrikorv\/#primaryimage\",\"url\":\"https:\/\/beebipood.ee\/wp-content\/uploads\/2016\/02\/Thule-Shine-vankrikorv-Lastevankrid-ja-karud-Jalutuskarud_3-23a.jpg\",\"contentUrl\":\"https:\/\/beebipood.ee\/wp-content\/uploads\/2016\/02\/Thule-Shine-vankrikorv-Lastevankrid-ja-karud-Jalutuskarud_3-23a.jpg\",\"width\":900,\"height\":900},{\"@type\":\"BreadcrumbList\",\"@id\":\"https:\/\/beebipood.ee\/ru\/produkt\/thule-shine-vankrikorv\/#breadcrumb\",\"itemListElement\":[{\"@type\":\"ListItem\",\"position\":1,\"name\":\"Home\",\"item\":\"https:\/\/beebipood.ee\/ru\/\"},{\"@type\":\"ListItem\",\"position\":2,\"name\":\"\u041a\u0430\u0442\u0430\u043b\u043e\u0433 \u0442\u043e\u0432\u0430\u0440\u043e\u0432\",\"item\":\"https:\/\/beebipood.ee\/tooted\/\"},{\"@type\":\"ListItem\",\"position\":3,\"name\":\"Thule Shine vankrikorv\"}]},{\"@type\":\"WebSite\",\"@id\":\"https:\/\/beebipood.ee\/ru\/#website\",\"url\":\"https:\/\/beebipood.ee\/ru\/\",\"name\":\"Beebipood\",\"description\":\"Lastekaubad, beebikaubad, m\u00e4nguasjad\",\"publisher\":{\"@id\":\"https:\/\/beebipood.ee\/ru\/#organization\"},\"potentialAction\":[{\"@type\":\"SearchAction\",\"target\":{\"@type\":\"EntryPoint\",\"urlTemplate\":\"https:\/\/beebipood.ee\/ru\/?s={search_term_string}\"},\"query-input\":{\"@type\":\"PropertyValueSpecification\",\"valueRequired\":true,\"valueName\":\"search_term_string\"}}],\"inLanguage\":\"ru-RU\"},{\"@type\":\"Organization\",\"@id\":\"https:\/\/beebipood.ee\/ru\/#organization\",\"name\":\"Beebipood\",\"url\":\"https:\/\/beebipood.ee\/ru\/\",\"logo\":{\"@type\":\"ImageObject\",\"inLanguage\":\"ru-RU\",\"@id\":\"https:\/\/beebipood.ee\/ru\/#\/schema\/logo\/image\/\",\"url\":\"https:\/\/beebipood.ee\/wp-content\/uploads\/2025\/03\/beebipood.ee-logo-1.svg\",\"contentUrl\":\"https:\/\/beebipood.ee\/wp-content\/uploads\/2025\/03\/beebipood.ee-logo-1.svg\",\"caption\":\"Beebipood\"},\"image\":{\"@id\":\"https:\/\/beebipood.ee\/ru\/#\/schema\/logo\/image\/\"}}]}<\/script>\n<!-- \/ Yoast SEO plugin. -->","yoast_head_json":{"title":"Thule Shine vankrikorv, \u041d\u041e\u0412\u042b\u0415 \u0422\u041e\u0412\u0410\u0420\u042b, \u041b\u043e\u0448\u0430\u0434\u043a\u0430-\u043a\u0430\u0447\u0430\u043b\u043a\u0430, \u041a\u043e\u043b\u044f\u0441\u043a\u0438, \u041f\u0440\u0438\u043d\u0430\u0434\u043b\u0435\u0436\u043d\u043e\u0441\u0442\u0438, Thule Shine, THULE, Beebipood","description":"Thule Shine vankrikorv, Thule Shine vankrikorvAsetage vankrikorvile oma Thule Shine jalutusk&auml;ru kaarvari ning saate suurep&auml;rase varikat","robots":{"index":"index","follow":"follow","max-snippet":"max-snippet:-1","max-image-preview":"max-image-preview:large","max-video-preview":"max-video-preview:-1"},"canonical":"https:\/\/beebipood.ee\/ru\/produkt\/thule-shine-vankrikorv\/","og_locale":"ru_RU","og_type":"article","og_title":"Thule Shine vankrikorv, \u041d\u041e\u0412\u042b\u0415 \u0422\u041e\u0412\u0410\u0420\u042b, \u041b\u043e\u0448\u0430\u0434\u043a\u0430-\u043a\u0430\u0447\u0430\u043b\u043a\u0430, \u041a\u043e\u043b\u044f\u0441\u043a\u0438, \u041f\u0440\u0438\u043d\u0430\u0434\u043b\u0435\u0436\u043d\u043e\u0441\u0442\u0438, Thule Shine, THULE, Beebipood","og_description":"Thule Shine vankrikorv, Thule Shine vankrikorvAsetage vankrikorvile oma Thule Shine jalutusk&auml;ru kaarvari ning saate suurep&auml;rase varikat","og_url":"https:\/\/beebipood.ee\/ru\/produkt\/thule-shine-vankrikorv\/","og_site_name":"Beebipood","article_modified_time":"2025-01-09T08:50:34+00:00","og_image":[{"width":900,"height":900,"url":"https:\/\/beebipood.ee\/wp-content\/uploads\/2016\/02\/Thule-Shine-vankrikorv-Lastevankrid-ja-karud-Jalutuskarud_3-23a.jpg","type":"image\/jpeg"}],"twitter_card":"summary_large_image","schema":{"@context":"https:\/\/schema.org","@graph":[{"@type":"WebPage","@id":"https:\/\/beebipood.ee\/ru\/produkt\/thule-shine-vankrikorv\/","url":"https:\/\/beebipood.ee\/ru\/produkt\/thule-shine-vankrikorv\/","name":"Thule Shine vankrikorv, \u041d\u041e\u0412\u042b\u0415 \u0422\u041e\u0412\u0410\u0420\u042b, \u041b\u043e\u0448\u0430\u0434\u043a\u0430-\u043a\u0430\u0447\u0430\u043b\u043a\u0430, \u041a\u043e\u043b\u044f\u0441\u043a\u0438, \u041f\u0440\u0438\u043d\u0430\u0434\u043b\u0435\u0436\u043d\u043e\u0441\u0442\u0438, Thule Shine, THULE, Beebipood","isPartOf":{"@id":"https:\/\/beebipood.ee\/ru\/#website"},"primaryImageOfPage":{"@id":"https:\/\/beebipood.ee\/ru\/produkt\/thule-shine-vankrikorv\/#primaryimage"},"image":{"@id":"https:\/\/beebipood.ee\/ru\/produkt\/thule-shine-vankrikorv\/#primaryimage"},"thumbnailUrl":"https:\/\/beebipood.ee\/wp-content\/uploads\/2016\/02\/Thule-Shine-vankrikorv-Lastevankrid-ja-karud-Jalutuskarud_3-23a.jpg","datePublished":"2016-02-09T05:29:02+00:00","dateModified":"2025-01-09T08:50:34+00:00","description":"Thule Shine vankrikorv, Thule Shine vankrikorvAsetage vankrikorvile oma Thule Shine jalutusk&auml;ru kaarvari ning saate suurep&auml;rase varikat","breadcrumb":{"@id":"https:\/\/beebipood.ee\/ru\/produkt\/thule-shine-vankrikorv\/#breadcrumb"},"inLanguage":"ru-RU","potentialAction":[{"@type":"ReadAction","target":["https:\/\/beebipood.ee\/ru\/produkt\/thule-shine-vankrikorv\/"]}]},{"@type":"ImageObject","inLanguage":"ru-RU","@id":"https:\/\/beebipood.ee\/ru\/produkt\/thule-shine-vankrikorv\/#primaryimage","url":"https:\/\/beebipood.ee\/wp-content\/uploads\/2016\/02\/Thule-Shine-vankrikorv-Lastevankrid-ja-karud-Jalutuskarud_3-23a.jpg","contentUrl":"https:\/\/beebipood.ee\/wp-content\/uploads\/2016\/02\/Thule-Shine-vankrikorv-Lastevankrid-ja-karud-Jalutuskarud_3-23a.jpg","width":900,"height":900},{"@type":"BreadcrumbList","@id":"https:\/\/beebipood.ee\/ru\/produkt\/thule-shine-vankrikorv\/#breadcrumb","itemListElement":[{"@type":"ListItem","position":1,"name":"Home","item":"https:\/\/beebipood.ee\/ru\/"},{"@type":"ListItem","position":2,"name":"\u041a\u0430\u0442\u0430\u043b\u043e\u0433 \u0442\u043e\u0432\u0430\u0440\u043e\u0432","item":"https:\/\/beebipood.ee\/tooted\/"},{"@type":"ListItem","position":3,"name":"Thule Shine vankrikorv"}]},{"@type":"WebSite","@id":"https:\/\/beebipood.ee\/ru\/#website","url":"https:\/\/beebipood.ee\/ru\/","name":"Beebipood","description":"Lastekaubad, beebikaubad, m\u00e4nguasjad","publisher":{"@id":"https:\/\/beebipood.ee\/ru\/#organization"},"potentialAction":[{"@type":"SearchAction","target":{"@type":"EntryPoint","urlTemplate":"https:\/\/beebipood.ee\/ru\/?s={search_term_string}"},"query-input":{"@type":"PropertyValueSpecification","valueRequired":true,"valueName":"search_term_string"}}],"inLanguage":"ru-RU"},{"@type":"Organization","@id":"https:\/\/beebipood.ee\/ru\/#organization","name":"Beebipood","url":"https:\/\/beebipood.ee\/ru\/","logo":{"@type":"ImageObject","inLanguage":"ru-RU","@id":"https:\/\/beebipood.ee\/ru\/#\/schema\/logo\/image\/","url":"https:\/\/beebipood.ee\/wp-content\/uploads\/2025\/03\/beebipood.ee-logo-1.svg","contentUrl":"https:\/\/beebipood.ee\/wp-content\/uploads\/2025\/03\/beebipood.ee-logo-1.svg","caption":"Beebipood"},"image":{"@id":"https:\/\/beebipood.ee\/ru\/#\/schema\/logo\/image\/"}}]}},"brands":[{"id":11980,"name":"THULE","slug":"thule-ru"}],"_links":{"self":[{"href":"https:\/\/beebipood.ee\/ru\/wp-json\/wp\/v2\/product\/456480","targetHints":{"allow":["GET"]}}],"collection":[{"href":"https:\/\/beebipood.ee\/ru\/wp-json\/wp\/v2\/product"}],"about":[{"href":"https:\/\/beebipood.ee\/ru\/wp-json\/wp\/v2\/types\/product"}],"wp:featuredmedia":[{"embeddable":true,"href":"https:\/\/beebipood.ee\/ru\/wp-json\/wp\/v2\/media\/164644"}],"wp:attachment":[{"href":"https:\/\/beebipood.ee\/ru\/wp-json\/wp\/v2\/media?parent=456480"}],"wp:term":[{"taxonomy":"pwb-brand","embeddable":true,"href":"https:\/\/beebipood.ee\/ru\/wp-json\/wp\/v2\/pwb-brand?post=456480"},{"taxonomy":"product_brand","embeddable":true,"href":"https:\/\/beebipood.ee\/ru\/wp-json\/wp\/v2\/product_brand?post=456480"},{"taxonomy":"product_cat","embeddable":true,"href":"https:\/\/beebipood.ee\/ru\/wp-json\/wp\/v2\/product_cat?post=456480"},{"taxonomy":"product_tag","embeddable":true,"href":"https:\/\/beebipood.ee\/ru\/wp-json\/wp\/v2\/product_tag?post=456480"}],"curies":[{"name":"wp","href":"https:\/\/api.w.org\/{rel}","templated":true}]}}