{"id":456482,"date":"2016-02-09T07:38:54","date_gmt":"2016-02-09T05:38:54","guid":{"rendered":"https:\/\/beebipood.ee\/toode\/thule-shine-all-weather-kate\/"},"modified":"2025-01-09T10:50:33","modified_gmt":"2025-01-09T08:50:33","slug":"thule-shine-all-weather-kate","status":"publish","type":"product","link":"https:\/\/beebipood.ee\/ru\/produkt\/thule-shine-all-weather-kate\/","title":{"rendered":"Thule Shine all-weather kate"},"content":{"rendered":"<p>Katet on lihtne paigaldada, seega saate selle k\u00f5ikjale kaasa v\u00f5tta.<br \/>Muutke see h\u00f5lpsalt v\u00f5rkkatteks, avades ja eemaldades vihmakate ning pange selle salajasse taskusse.<br \/>M\u00f5lemal k\u00fcljel o avad, mis v\u00f5imaldavad teil oma lapsele h\u00f5lpsasti juurde p\u00e4\u00e4seda.<br \/>Vihma- ja v\u00f5rkkate koos \u00fches tootes.<br \/>T\u00f5mbluku abil\u00a0saate\u00a0vihmakatte salajasse taskusse hoiule panna.\u00a0<br \/>Sisseehitatud salajane tasku.<br \/>Materjal: Pol\u00fcester.<br \/>Sobib h\u00e4sti koos ja ilma vankrikorvita Thule Shine k\u00e4rule.<br \/><span style=\"text-decoration: underline;\">M\u00f5\u00f5dud ja kaal<\/span><br \/>M\u00f5\u00f5dud: 3.9 x 10.3 x 11 cm<br \/>Kaal: 0.342 kg<\/p>\n","protected":false},"excerpt":{"rendered":"<p>Katet on lihtne paigaldada, seega saate selle k\u00f5ikjale kaasa v\u00f5tta.Muutke see h\u00f5lpsalt v\u00f5rkkatteks, avades ja eemaldades vihmakate ning pange selle salajasse taskusse.M\u00f5lemal k\u00fcljel o avad, mis v\u00f5imaldavad teil oma lapsele h\u00f5lpsasti juurde p\u00e4\u00e4seda.Vihma- ja v\u00f5rkkate koos \u00fches tootes.T\u00f5mbluku abil\u00a0saate\u00a0vihmakatte salajasse taskusse hoiule panna.\u00a0Sisseehitatud salajane tasku.Materjal: Pol\u00fcester.Sobib h\u00e4sti koos ja ilma vankrikorvita Thule Shine k\u00e4rule.M\u00f5\u00f5dud ja [&hellip;]<\/p>\n","protected":false},"featured_media":164657,"template":"","meta":{"_acf_changed":false},"pwb-brand":[11980],"product_brand":[],"product_cat":[11847,11833,11725,11717],"product_tag":[],"class_list":{"0":"post-456482","1":"product","2":"type-product","3":"status-publish","4":"has-post-thumbnail","6":"pwb-brand-thule-ru","7":"product_cat-thule-ru","8":"product_cat-thule-shine-ru","9":"product_cat-lisatarvikud-ru","10":"product_cat-lastevankrid-ja-karud-ru","11":"pa_manufacturer-thule-ru","13":"first","14":"onbackorder","15":"taxable","16":"shipping-taxable","17":"purchasable","18":"product-type-simple"},"exclude_global_add_ons":[],"addons":[],"acf":[],"yoast_head":"<!-- This site is optimized with the Yoast SEO plugin v27.1.1 - https:\/\/yoast.com\/product\/yoast-seo-wordpress\/ -->\n<title>Thule Shine all-weather kate, \u041d\u041e\u0412\u042b\u0415 \u0422\u041e\u0412\u0410\u0420\u042b, \u041b\u043e\u0448\u0430\u0434\u043a\u0430-\u043a\u0430\u0447\u0430\u043b\u043a\u0430, \u041a\u043e\u043b\u044f\u0441\u043a\u0438, \u041f\u0440\u0438\u043d\u0430\u0434\u043b\u0435\u0436\u043d\u043e\u0441\u0442\u0438, Thule Shine, THULE, Beebipood<\/title>\n<meta name=\"description\" content=\"Thule Shine all-weather kate, Katet on lihtne paigaldada, seega saate selle k&otilde;ikjale kaasa v&otilde;tta.Muutke see h&otilde;lpsalt v&otilde;rkka\" \/>\n<meta name=\"robots\" content=\"index, follow, max-snippet:-1, max-image-preview:large, max-video-preview:-1\" \/>\n<link rel=\"canonical\" href=\"https:\/\/beebipood.ee\/ru\/produkt\/thule-shine-all-weather-kate\/\" \/>\n<meta property=\"og:locale\" content=\"ru_RU\" \/>\n<meta property=\"og:type\" content=\"article\" \/>\n<meta property=\"og:title\" content=\"Thule Shine all-weather kate, \u041d\u041e\u0412\u042b\u0415 \u0422\u041e\u0412\u0410\u0420\u042b, \u041b\u043e\u0448\u0430\u0434\u043a\u0430-\u043a\u0430\u0447\u0430\u043b\u043a\u0430, \u041a\u043e\u043b\u044f\u0441\u043a\u0438, \u041f\u0440\u0438\u043d\u0430\u0434\u043b\u0435\u0436\u043d\u043e\u0441\u0442\u0438, Thule Shine, THULE, Beebipood\" \/>\n<meta property=\"og:description\" content=\"Thule Shine all-weather kate, Katet on lihtne paigaldada, seega saate selle k&otilde;ikjale kaasa v&otilde;tta.Muutke see h&otilde;lpsalt v&otilde;rkka\" \/>\n<meta property=\"og:url\" content=\"https:\/\/beebipood.ee\/ru\/produkt\/thule-shine-all-weather-kate\/\" \/>\n<meta property=\"og:site_name\" content=\"Beebipood\" \/>\n<meta property=\"article:modified_time\" content=\"2025-01-09T08:50:33+00:00\" \/>\n<meta property=\"og:image\" content=\"https:\/\/beebipood.ee\/wp-content\/uploads\/2016\/02\/Thule-Shine-allweather-kate-Lastevankrid-ja-karud-Jalutuskarud_3-0b3.jpg\" \/>\n\t<meta property=\"og:image:width\" content=\"900\" \/>\n\t<meta property=\"og:image:height\" content=\"900\" \/>\n\t<meta property=\"og:image:type\" content=\"image\/jpeg\" \/>\n<meta name=\"twitter:card\" content=\"summary_large_image\" \/>\n<script type=\"application\/ld+json\" class=\"yoast-schema-graph\">{\"@context\":\"https:\/\/schema.org\",\"@graph\":[{\"@type\":\"WebPage\",\"@id\":\"https:\/\/beebipood.ee\/ru\/produkt\/thule-shine-all-weather-kate\/\",\"url\":\"https:\/\/beebipood.ee\/ru\/produkt\/thule-shine-all-weather-kate\/\",\"name\":\"Thule Shine all-weather kate, \u041d\u041e\u0412\u042b\u0415 \u0422\u041e\u0412\u0410\u0420\u042b, \u041b\u043e\u0448\u0430\u0434\u043a\u0430-\u043a\u0430\u0447\u0430\u043b\u043a\u0430, \u041a\u043e\u043b\u044f\u0441\u043a\u0438, \u041f\u0440\u0438\u043d\u0430\u0434\u043b\u0435\u0436\u043d\u043e\u0441\u0442\u0438, Thule Shine, THULE, Beebipood\",\"isPartOf\":{\"@id\":\"https:\/\/beebipood.ee\/ru\/#website\"},\"primaryImageOfPage\":{\"@id\":\"https:\/\/beebipood.ee\/ru\/produkt\/thule-shine-all-weather-kate\/#primaryimage\"},\"image\":{\"@id\":\"https:\/\/beebipood.ee\/ru\/produkt\/thule-shine-all-weather-kate\/#primaryimage\"},\"thumbnailUrl\":\"https:\/\/beebipood.ee\/wp-content\/uploads\/2016\/02\/Thule-Shine-allweather-kate-Lastevankrid-ja-karud-Jalutuskarud_3-0b3.jpg\",\"datePublished\":\"2016-02-09T05:38:54+00:00\",\"dateModified\":\"2025-01-09T08:50:33+00:00\",\"description\":\"Thule Shine all-weather kate, Katet on lihtne paigaldada, seega saate selle k&otilde;ikjale kaasa v&otilde;tta.Muutke see h&otilde;lpsalt v&otilde;rkka\",\"breadcrumb\":{\"@id\":\"https:\/\/beebipood.ee\/ru\/produkt\/thule-shine-all-weather-kate\/#breadcrumb\"},\"inLanguage\":\"ru-RU\",\"potentialAction\":[{\"@type\":\"ReadAction\",\"target\":[\"https:\/\/beebipood.ee\/ru\/produkt\/thule-shine-all-weather-kate\/\"]}]},{\"@type\":\"ImageObject\",\"inLanguage\":\"ru-RU\",\"@id\":\"https:\/\/beebipood.ee\/ru\/produkt\/thule-shine-all-weather-kate\/#primaryimage\",\"url\":\"https:\/\/beebipood.ee\/wp-content\/uploads\/2016\/02\/Thule-Shine-allweather-kate-Lastevankrid-ja-karud-Jalutuskarud_3-0b3.jpg\",\"contentUrl\":\"https:\/\/beebipood.ee\/wp-content\/uploads\/2016\/02\/Thule-Shine-allweather-kate-Lastevankrid-ja-karud-Jalutuskarud_3-0b3.jpg\",\"width\":900,\"height\":900},{\"@type\":\"BreadcrumbList\",\"@id\":\"https:\/\/beebipood.ee\/ru\/produkt\/thule-shine-all-weather-kate\/#breadcrumb\",\"itemListElement\":[{\"@type\":\"ListItem\",\"position\":1,\"name\":\"Home\",\"item\":\"https:\/\/beebipood.ee\/ru\/\"},{\"@type\":\"ListItem\",\"position\":2,\"name\":\"\u041a\u0430\u0442\u0430\u043b\u043e\u0433 \u0442\u043e\u0432\u0430\u0440\u043e\u0432\",\"item\":\"https:\/\/beebipood.ee\/tooted\/\"},{\"@type\":\"ListItem\",\"position\":3,\"name\":\"Thule Shine all-weather kate\"}]},{\"@type\":\"WebSite\",\"@id\":\"https:\/\/beebipood.ee\/ru\/#website\",\"url\":\"https:\/\/beebipood.ee\/ru\/\",\"name\":\"Beebipood\",\"description\":\"Lastekaubad, beebikaubad, m\u00e4nguasjad\",\"publisher\":{\"@id\":\"https:\/\/beebipood.ee\/ru\/#organization\"},\"potentialAction\":[{\"@type\":\"SearchAction\",\"target\":{\"@type\":\"EntryPoint\",\"urlTemplate\":\"https:\/\/beebipood.ee\/ru\/?s={search_term_string}\"},\"query-input\":{\"@type\":\"PropertyValueSpecification\",\"valueRequired\":true,\"valueName\":\"search_term_string\"}}],\"inLanguage\":\"ru-RU\"},{\"@type\":\"Organization\",\"@id\":\"https:\/\/beebipood.ee\/ru\/#organization\",\"name\":\"Beebipood\",\"url\":\"https:\/\/beebipood.ee\/ru\/\",\"logo\":{\"@type\":\"ImageObject\",\"inLanguage\":\"ru-RU\",\"@id\":\"https:\/\/beebipood.ee\/ru\/#\/schema\/logo\/image\/\",\"url\":\"https:\/\/beebipood.ee\/wp-content\/uploads\/2025\/03\/beebipood.ee-logo-1.svg\",\"contentUrl\":\"https:\/\/beebipood.ee\/wp-content\/uploads\/2025\/03\/beebipood.ee-logo-1.svg\",\"caption\":\"Beebipood\"},\"image\":{\"@id\":\"https:\/\/beebipood.ee\/ru\/#\/schema\/logo\/image\/\"}}]}<\/script>\n<!-- \/ Yoast SEO plugin. -->","yoast_head_json":{"title":"Thule Shine all-weather kate, \u041d\u041e\u0412\u042b\u0415 \u0422\u041e\u0412\u0410\u0420\u042b, \u041b\u043e\u0448\u0430\u0434\u043a\u0430-\u043a\u0430\u0447\u0430\u043b\u043a\u0430, \u041a\u043e\u043b\u044f\u0441\u043a\u0438, \u041f\u0440\u0438\u043d\u0430\u0434\u043b\u0435\u0436\u043d\u043e\u0441\u0442\u0438, Thule Shine, THULE, Beebipood","description":"Thule Shine all-weather kate, Katet on lihtne paigaldada, seega saate selle k&otilde;ikjale kaasa v&otilde;tta.Muutke see h&otilde;lpsalt v&otilde;rkka","robots":{"index":"index","follow":"follow","max-snippet":"max-snippet:-1","max-image-preview":"max-image-preview:large","max-video-preview":"max-video-preview:-1"},"canonical":"https:\/\/beebipood.ee\/ru\/produkt\/thule-shine-all-weather-kate\/","og_locale":"ru_RU","og_type":"article","og_title":"Thule Shine all-weather kate, \u041d\u041e\u0412\u042b\u0415 \u0422\u041e\u0412\u0410\u0420\u042b, \u041b\u043e\u0448\u0430\u0434\u043a\u0430-\u043a\u0430\u0447\u0430\u043b\u043a\u0430, \u041a\u043e\u043b\u044f\u0441\u043a\u0438, \u041f\u0440\u0438\u043d\u0430\u0434\u043b\u0435\u0436\u043d\u043e\u0441\u0442\u0438, Thule Shine, THULE, Beebipood","og_description":"Thule Shine all-weather kate, Katet on lihtne paigaldada, seega saate selle k&otilde;ikjale kaasa v&otilde;tta.Muutke see h&otilde;lpsalt v&otilde;rkka","og_url":"https:\/\/beebipood.ee\/ru\/produkt\/thule-shine-all-weather-kate\/","og_site_name":"Beebipood","article_modified_time":"2025-01-09T08:50:33+00:00","og_image":[{"width":900,"height":900,"url":"https:\/\/beebipood.ee\/wp-content\/uploads\/2016\/02\/Thule-Shine-allweather-kate-Lastevankrid-ja-karud-Jalutuskarud_3-0b3.jpg","type":"image\/jpeg"}],"twitter_card":"summary_large_image","schema":{"@context":"https:\/\/schema.org","@graph":[{"@type":"WebPage","@id":"https:\/\/beebipood.ee\/ru\/produkt\/thule-shine-all-weather-kate\/","url":"https:\/\/beebipood.ee\/ru\/produkt\/thule-shine-all-weather-kate\/","name":"Thule Shine all-weather kate, \u041d\u041e\u0412\u042b\u0415 \u0422\u041e\u0412\u0410\u0420\u042b, \u041b\u043e\u0448\u0430\u0434\u043a\u0430-\u043a\u0430\u0447\u0430\u043b\u043a\u0430, \u041a\u043e\u043b\u044f\u0441\u043a\u0438, \u041f\u0440\u0438\u043d\u0430\u0434\u043b\u0435\u0436\u043d\u043e\u0441\u0442\u0438, Thule Shine, THULE, Beebipood","isPartOf":{"@id":"https:\/\/beebipood.ee\/ru\/#website"},"primaryImageOfPage":{"@id":"https:\/\/beebipood.ee\/ru\/produkt\/thule-shine-all-weather-kate\/#primaryimage"},"image":{"@id":"https:\/\/beebipood.ee\/ru\/produkt\/thule-shine-all-weather-kate\/#primaryimage"},"thumbnailUrl":"https:\/\/beebipood.ee\/wp-content\/uploads\/2016\/02\/Thule-Shine-allweather-kate-Lastevankrid-ja-karud-Jalutuskarud_3-0b3.jpg","datePublished":"2016-02-09T05:38:54+00:00","dateModified":"2025-01-09T08:50:33+00:00","description":"Thule Shine all-weather kate, Katet on lihtne paigaldada, seega saate selle k&otilde;ikjale kaasa v&otilde;tta.Muutke see h&otilde;lpsalt v&otilde;rkka","breadcrumb":{"@id":"https:\/\/beebipood.ee\/ru\/produkt\/thule-shine-all-weather-kate\/#breadcrumb"},"inLanguage":"ru-RU","potentialAction":[{"@type":"ReadAction","target":["https:\/\/beebipood.ee\/ru\/produkt\/thule-shine-all-weather-kate\/"]}]},{"@type":"ImageObject","inLanguage":"ru-RU","@id":"https:\/\/beebipood.ee\/ru\/produkt\/thule-shine-all-weather-kate\/#primaryimage","url":"https:\/\/beebipood.ee\/wp-content\/uploads\/2016\/02\/Thule-Shine-allweather-kate-Lastevankrid-ja-karud-Jalutuskarud_3-0b3.jpg","contentUrl":"https:\/\/beebipood.ee\/wp-content\/uploads\/2016\/02\/Thule-Shine-allweather-kate-Lastevankrid-ja-karud-Jalutuskarud_3-0b3.jpg","width":900,"height":900},{"@type":"BreadcrumbList","@id":"https:\/\/beebipood.ee\/ru\/produkt\/thule-shine-all-weather-kate\/#breadcrumb","itemListElement":[{"@type":"ListItem","position":1,"name":"Home","item":"https:\/\/beebipood.ee\/ru\/"},{"@type":"ListItem","position":2,"name":"\u041a\u0430\u0442\u0430\u043b\u043e\u0433 \u0442\u043e\u0432\u0430\u0440\u043e\u0432","item":"https:\/\/beebipood.ee\/tooted\/"},{"@type":"ListItem","position":3,"name":"Thule Shine all-weather kate"}]},{"@type":"WebSite","@id":"https:\/\/beebipood.ee\/ru\/#website","url":"https:\/\/beebipood.ee\/ru\/","name":"Beebipood","description":"Lastekaubad, beebikaubad, m\u00e4nguasjad","publisher":{"@id":"https:\/\/beebipood.ee\/ru\/#organization"},"potentialAction":[{"@type":"SearchAction","target":{"@type":"EntryPoint","urlTemplate":"https:\/\/beebipood.ee\/ru\/?s={search_term_string}"},"query-input":{"@type":"PropertyValueSpecification","valueRequired":true,"valueName":"search_term_string"}}],"inLanguage":"ru-RU"},{"@type":"Organization","@id":"https:\/\/beebipood.ee\/ru\/#organization","name":"Beebipood","url":"https:\/\/beebipood.ee\/ru\/","logo":{"@type":"ImageObject","inLanguage":"ru-RU","@id":"https:\/\/beebipood.ee\/ru\/#\/schema\/logo\/image\/","url":"https:\/\/beebipood.ee\/wp-content\/uploads\/2025\/03\/beebipood.ee-logo-1.svg","contentUrl":"https:\/\/beebipood.ee\/wp-content\/uploads\/2025\/03\/beebipood.ee-logo-1.svg","caption":"Beebipood"},"image":{"@id":"https:\/\/beebipood.ee\/ru\/#\/schema\/logo\/image\/"}}]}},"brands":[{"id":11980,"name":"THULE","slug":"thule-ru"}],"_links":{"self":[{"href":"https:\/\/beebipood.ee\/ru\/wp-json\/wp\/v2\/product\/456482","targetHints":{"allow":["GET"]}}],"collection":[{"href":"https:\/\/beebipood.ee\/ru\/wp-json\/wp\/v2\/product"}],"about":[{"href":"https:\/\/beebipood.ee\/ru\/wp-json\/wp\/v2\/types\/product"}],"wp:featuredmedia":[{"embeddable":true,"href":"https:\/\/beebipood.ee\/ru\/wp-json\/wp\/v2\/media\/164657"}],"wp:attachment":[{"href":"https:\/\/beebipood.ee\/ru\/wp-json\/wp\/v2\/media?parent=456482"}],"wp:term":[{"taxonomy":"pwb-brand","embeddable":true,"href":"https:\/\/beebipood.ee\/ru\/wp-json\/wp\/v2\/pwb-brand?post=456482"},{"taxonomy":"product_brand","embeddable":true,"href":"https:\/\/beebipood.ee\/ru\/wp-json\/wp\/v2\/product_brand?post=456482"},{"taxonomy":"product_cat","embeddable":true,"href":"https:\/\/beebipood.ee\/ru\/wp-json\/wp\/v2\/product_cat?post=456482"},{"taxonomy":"product_tag","embeddable":true,"href":"https:\/\/beebipood.ee\/ru\/wp-json\/wp\/v2\/product_tag?post=456482"}],"curies":[{"name":"wp","href":"https:\/\/api.w.org\/{rel}","templated":true}]}}