{"id":456486,"date":"2016-02-09T09:16:29","date_gmt":"2016-02-09T07:16:29","guid":{"rendered":"https:\/\/beebipood.ee\/toode\/hauck-atlantic-twin-tandemkaru-melange-grey\/"},"modified":"2025-01-09T10:50:33","modified_gmt":"2025-01-09T08:50:33","slug":"hauck-atlantic-twin-tandemkaru-melange-grey","status":"publish","type":"product","link":"https:\/\/beebipood.ee\/ru\/produkt\/hauck-atlantic-twin-tandemkaru-melange-grey\/","title":{"rendered":"Hauck Atlantic Twin tandemk\u00e4ru, Melange Grey"},"content":{"rendered":"<p>Atlantic Twin &#8212; ideaalne lahendus lastele kelle on v\u00e4ike vanusevahe<\/p>\n<p>Sobib imikutele ja lastele alates 6 kuud <br \/>Kangas on vastupidav, vetth\u00fclgav ja UPF 50+<br \/>Kerge alumiiniumist raam<br \/>360\u00b0 p\u00f6\u00f6rlevad ning lukustatavad esirattad<br \/>Reguleeritav ergonoomiline k\u00e4epide<br \/>Ruumikas XL kaubakorv<br \/>Kummirattad<br \/>Easy Fix s\u00fcsteem<br \/>VANKRIKORV sobib alates s\u00fcnnist<br \/>Ventileeritav vankrikorv on pehme voodriga<br \/>Mugav kandesang<br \/>Vankrikorv on muudetav istumisosaks<br \/>Eemaldatav vankrikate\/jalakate<br \/>Iste paigaldatav m\u00f5lemat pidi<br \/>Turvalisuse polsterdatud 5-punkti turvav\u00f6\u00f6d<br \/>Eemaldatav turvakaar<br \/>Kaheosaline kaarvari<br \/>Reguleeritav istme seljatugi<br \/>Reguleeritav jalatugi <br \/>Kasutajas\u00f5bralik, tagarataste \u00fche-jala-pidur<br \/>K\u00f5ik katted saab kergesti eemaldada ja k\u00e4sitsi pesta<br \/>Kandekott<br \/>Komplektis joogitopsihoidja<br \/>Saab kombineerida kahe turvah\u00e4lliga Hauck Comfort Fix v\u00f5i Select Baby <\/p>\n<p><span style=\"text-decoration: underline;\">M\u00f5\u00f5tmed ja kaal:<\/span><br \/>Kaal: 16,40 kg<br \/>Istmeosa kaal : 4,15 kg<br \/>M\u00f5\u00f5tmed kokkuvolditult: 95 x 64 x 50 cm<br \/>M\u00f5\u00f5tmed kokkupandult: 125 x 64 x 108 cm<br \/>Istme laius: 31 cm<br \/>Istme pikku: 75 cm<br \/>Ratta l\u00e4bim\u00f5\u00f5t (taga): 27 cm<br \/>Ratta l\u00e4bim\u00f5\u00f5t (ees): 18 cm<br \/>Kandev\u00f5ime: 2x15kg k\u00e4ru + 2x3kg kaubakorv (36kg)<\/p>\n","protected":false},"excerpt":{"rendered":"<p>Atlantic Twin &#8212; ideaalne lahendus lastele kelle on v\u00e4ike vanusevahe Sobib imikutele ja lastele alates 6 kuud Kangas on vastupidav, vetth\u00fclgav ja UPF 50+Kerge alumiiniumist raam360\u00b0 p\u00f6\u00f6rlevad ning lukustatavad esirattadReguleeritav ergonoomiline k\u00e4epideRuumikas XL kaubakorvKummirattadEasy Fix s\u00fcsteemVANKRIKORV sobib alates s\u00fcnnistVentileeritav vankrikorv on pehme voodrigaMugav kandesangVankrikorv on muudetav istumisosaksEemaldatav vankrikate\/jalakateIste paigaldatav m\u00f5lemat pidiTurvalisuse polsterdatud 5-punkti turvav\u00f6\u00f6dEemaldatav turvakaarKaheosaline [&hellip;]<\/p>\n","protected":false},"featured_media":107856,"template":"","meta":{"_acf_changed":false},"pwb-brand":[11952],"product_brand":[],"product_cat":[11723,11717],"product_tag":[],"class_list":{"0":"post-456486","1":"product","2":"type-product","3":"status-publish","4":"has-post-thumbnail","6":"pwb-brand-hauck-ru","7":"product_cat-kaksikutele-ru","8":"product_cat-lastevankrid-ja-karud-ru","9":"pa_manufacturer-hauck-ru","11":"first","12":"onbackorder","13":"taxable","14":"shipping-taxable","15":"purchasable","16":"product-type-simple"},"exclude_global_add_ons":[],"addons":[],"acf":[],"yoast_head":"<!-- This site is optimized with the Yoast SEO plugin v27.1.1 - https:\/\/yoast.com\/product\/yoast-seo-wordpress\/ -->\n<title>Hauck Atlantic Twin tandemk\u00e4ru, Melange Grey, \u041d\u041e\u0412\u042b\u0415 \u0422\u041e\u0412\u0410\u0420\u042b, \u041a\u043e\u043b\u044f\u0441\u043a\u0438, \u0414\u043b\u044f \u0434\u0432\u043e\u0439\u043d\u044f\u0448\u0435\u043a, Beebipood<\/title>\n<meta name=\"description\" content=\"Hauck Atlantic Twin tandemk\u00e4ru, Melange Grey, Atlantic Twin - ideaalne lahendus lastele kelle on v&auml;ike vanusevaheSobib imikutele ja lastele\" \/>\n<meta name=\"robots\" content=\"index, follow, max-snippet:-1, max-image-preview:large, max-video-preview:-1\" \/>\n<link rel=\"canonical\" href=\"https:\/\/beebipood.ee\/ru\/produkt\/hauck-atlantic-twin-tandemkaru-melange-grey\/\" \/>\n<meta property=\"og:locale\" content=\"ru_RU\" \/>\n<meta property=\"og:type\" content=\"article\" \/>\n<meta property=\"og:title\" content=\"Hauck Atlantic Twin tandemk\u00e4ru, Melange Grey, \u041d\u041e\u0412\u042b\u0415 \u0422\u041e\u0412\u0410\u0420\u042b, \u041a\u043e\u043b\u044f\u0441\u043a\u0438, \u0414\u043b\u044f \u0434\u0432\u043e\u0439\u043d\u044f\u0448\u0435\u043a, Beebipood\" \/>\n<meta property=\"og:description\" content=\"Hauck Atlantic Twin tandemk\u00e4ru, Melange Grey, Atlantic Twin - ideaalne lahendus lastele kelle on v&auml;ike vanusevaheSobib imikutele ja lastele\" \/>\n<meta property=\"og:url\" content=\"https:\/\/beebipood.ee\/ru\/produkt\/hauck-atlantic-twin-tandemkaru-melange-grey\/\" \/>\n<meta property=\"og:site_name\" content=\"Beebipood\" \/>\n<meta property=\"article:modified_time\" content=\"2025-01-09T08:50:33+00:00\" \/>\n<meta property=\"og:image\" content=\"https:\/\/beebipood.ee\/wp-content\/uploads\/2016\/02\/Hauck-Atlantic-Twin-tandemkaru-Melange-Grey-UUED-TOOTED-Lastevankrid-ja-karud-Kaksikutele_3-e51.jpg\" \/>\n\t<meta property=\"og:image:width\" content=\"1500\" \/>\n\t<meta property=\"og:image:height\" content=\"1500\" \/>\n\t<meta property=\"og:image:type\" content=\"image\/jpeg\" \/>\n<meta name=\"twitter:card\" content=\"summary_large_image\" \/>\n<meta name=\"twitter:label1\" content=\"\u041f\u0440\u0438\u043c\u0435\u0440\u043d\u043e\u0435 \u0432\u0440\u0435\u043c\u044f \u0434\u043b\u044f \u0447\u0442\u0435\u043d\u0438\u044f\" \/>\n\t<meta name=\"twitter:data1\" content=\"1 \u043c\u0438\u043d\u0443\u0442\u0430\" \/>\n<script type=\"application\/ld+json\" class=\"yoast-schema-graph\">{\"@context\":\"https:\/\/schema.org\",\"@graph\":[{\"@type\":\"WebPage\",\"@id\":\"https:\/\/beebipood.ee\/ru\/produkt\/hauck-atlantic-twin-tandemkaru-melange-grey\/\",\"url\":\"https:\/\/beebipood.ee\/ru\/produkt\/hauck-atlantic-twin-tandemkaru-melange-grey\/\",\"name\":\"Hauck Atlantic Twin tandemk\u00e4ru, Melange Grey, \u041d\u041e\u0412\u042b\u0415 \u0422\u041e\u0412\u0410\u0420\u042b, \u041a\u043e\u043b\u044f\u0441\u043a\u0438, \u0414\u043b\u044f \u0434\u0432\u043e\u0439\u043d\u044f\u0448\u0435\u043a, Beebipood\",\"isPartOf\":{\"@id\":\"https:\/\/beebipood.ee\/ru\/#website\"},\"primaryImageOfPage\":{\"@id\":\"https:\/\/beebipood.ee\/ru\/produkt\/hauck-atlantic-twin-tandemkaru-melange-grey\/#primaryimage\"},\"image\":{\"@id\":\"https:\/\/beebipood.ee\/ru\/produkt\/hauck-atlantic-twin-tandemkaru-melange-grey\/#primaryimage\"},\"thumbnailUrl\":\"https:\/\/beebipood.ee\/wp-content\/uploads\/2016\/02\/Hauck-Atlantic-Twin-tandemkaru-Melange-Grey-UUED-TOOTED-Lastevankrid-ja-karud-Kaksikutele_3-e51.jpg\",\"datePublished\":\"2016-02-09T07:16:29+00:00\",\"dateModified\":\"2025-01-09T08:50:33+00:00\",\"description\":\"Hauck Atlantic Twin tandemk\u00e4ru, Melange Grey, Atlantic Twin - ideaalne lahendus lastele kelle on v&auml;ike vanusevaheSobib imikutele ja lastele\",\"breadcrumb\":{\"@id\":\"https:\/\/beebipood.ee\/ru\/produkt\/hauck-atlantic-twin-tandemkaru-melange-grey\/#breadcrumb\"},\"inLanguage\":\"ru-RU\",\"potentialAction\":[{\"@type\":\"ReadAction\",\"target\":[\"https:\/\/beebipood.ee\/ru\/produkt\/hauck-atlantic-twin-tandemkaru-melange-grey\/\"]}]},{\"@type\":\"ImageObject\",\"inLanguage\":\"ru-RU\",\"@id\":\"https:\/\/beebipood.ee\/ru\/produkt\/hauck-atlantic-twin-tandemkaru-melange-grey\/#primaryimage\",\"url\":\"https:\/\/beebipood.ee\/wp-content\/uploads\/2016\/02\/Hauck-Atlantic-Twin-tandemkaru-Melange-Grey-UUED-TOOTED-Lastevankrid-ja-karud-Kaksikutele_3-e51.jpg\",\"contentUrl\":\"https:\/\/beebipood.ee\/wp-content\/uploads\/2016\/02\/Hauck-Atlantic-Twin-tandemkaru-Melange-Grey-UUED-TOOTED-Lastevankrid-ja-karud-Kaksikutele_3-e51.jpg\",\"width\":1500,\"height\":1500},{\"@type\":\"BreadcrumbList\",\"@id\":\"https:\/\/beebipood.ee\/ru\/produkt\/hauck-atlantic-twin-tandemkaru-melange-grey\/#breadcrumb\",\"itemListElement\":[{\"@type\":\"ListItem\",\"position\":1,\"name\":\"Home\",\"item\":\"https:\/\/beebipood.ee\/ru\/\"},{\"@type\":\"ListItem\",\"position\":2,\"name\":\"\u041a\u0430\u0442\u0430\u043b\u043e\u0433 \u0442\u043e\u0432\u0430\u0440\u043e\u0432\",\"item\":\"https:\/\/beebipood.ee\/tooted\/\"},{\"@type\":\"ListItem\",\"position\":3,\"name\":\"Hauck Atlantic Twin tandemk\u00e4ru, Melange Grey\"}]},{\"@type\":\"WebSite\",\"@id\":\"https:\/\/beebipood.ee\/ru\/#website\",\"url\":\"https:\/\/beebipood.ee\/ru\/\",\"name\":\"Beebipood\",\"description\":\"Lastekaubad, beebikaubad, m\u00e4nguasjad\",\"publisher\":{\"@id\":\"https:\/\/beebipood.ee\/ru\/#organization\"},\"potentialAction\":[{\"@type\":\"SearchAction\",\"target\":{\"@type\":\"EntryPoint\",\"urlTemplate\":\"https:\/\/beebipood.ee\/ru\/?s={search_term_string}\"},\"query-input\":{\"@type\":\"PropertyValueSpecification\",\"valueRequired\":true,\"valueName\":\"search_term_string\"}}],\"inLanguage\":\"ru-RU\"},{\"@type\":\"Organization\",\"@id\":\"https:\/\/beebipood.ee\/ru\/#organization\",\"name\":\"Beebipood\",\"url\":\"https:\/\/beebipood.ee\/ru\/\",\"logo\":{\"@type\":\"ImageObject\",\"inLanguage\":\"ru-RU\",\"@id\":\"https:\/\/beebipood.ee\/ru\/#\/schema\/logo\/image\/\",\"url\":\"https:\/\/beebipood.ee\/wp-content\/uploads\/2025\/03\/beebipood.ee-logo-1.svg\",\"contentUrl\":\"https:\/\/beebipood.ee\/wp-content\/uploads\/2025\/03\/beebipood.ee-logo-1.svg\",\"caption\":\"Beebipood\"},\"image\":{\"@id\":\"https:\/\/beebipood.ee\/ru\/#\/schema\/logo\/image\/\"}}]}<\/script>\n<!-- \/ Yoast SEO plugin. -->","yoast_head_json":{"title":"Hauck Atlantic Twin tandemk\u00e4ru, Melange Grey, \u041d\u041e\u0412\u042b\u0415 \u0422\u041e\u0412\u0410\u0420\u042b, \u041a\u043e\u043b\u044f\u0441\u043a\u0438, \u0414\u043b\u044f \u0434\u0432\u043e\u0439\u043d\u044f\u0448\u0435\u043a, Beebipood","description":"Hauck Atlantic Twin tandemk\u00e4ru, Melange Grey, Atlantic Twin - ideaalne lahendus lastele kelle on v&auml;ike vanusevaheSobib imikutele ja lastele","robots":{"index":"index","follow":"follow","max-snippet":"max-snippet:-1","max-image-preview":"max-image-preview:large","max-video-preview":"max-video-preview:-1"},"canonical":"https:\/\/beebipood.ee\/ru\/produkt\/hauck-atlantic-twin-tandemkaru-melange-grey\/","og_locale":"ru_RU","og_type":"article","og_title":"Hauck Atlantic Twin tandemk\u00e4ru, Melange Grey, \u041d\u041e\u0412\u042b\u0415 \u0422\u041e\u0412\u0410\u0420\u042b, \u041a\u043e\u043b\u044f\u0441\u043a\u0438, \u0414\u043b\u044f \u0434\u0432\u043e\u0439\u043d\u044f\u0448\u0435\u043a, Beebipood","og_description":"Hauck Atlantic Twin tandemk\u00e4ru, Melange Grey, Atlantic Twin - ideaalne lahendus lastele kelle on v&auml;ike vanusevaheSobib imikutele ja lastele","og_url":"https:\/\/beebipood.ee\/ru\/produkt\/hauck-atlantic-twin-tandemkaru-melange-grey\/","og_site_name":"Beebipood","article_modified_time":"2025-01-09T08:50:33+00:00","og_image":[{"width":1500,"height":1500,"url":"https:\/\/beebipood.ee\/wp-content\/uploads\/2016\/02\/Hauck-Atlantic-Twin-tandemkaru-Melange-Grey-UUED-TOOTED-Lastevankrid-ja-karud-Kaksikutele_3-e51.jpg","type":"image\/jpeg"}],"twitter_card":"summary_large_image","twitter_misc":{"\u041f\u0440\u0438\u043c\u0435\u0440\u043d\u043e\u0435 \u0432\u0440\u0435\u043c\u044f \u0434\u043b\u044f \u0447\u0442\u0435\u043d\u0438\u044f":"1 \u043c\u0438\u043d\u0443\u0442\u0430"},"schema":{"@context":"https:\/\/schema.org","@graph":[{"@type":"WebPage","@id":"https:\/\/beebipood.ee\/ru\/produkt\/hauck-atlantic-twin-tandemkaru-melange-grey\/","url":"https:\/\/beebipood.ee\/ru\/produkt\/hauck-atlantic-twin-tandemkaru-melange-grey\/","name":"Hauck Atlantic Twin tandemk\u00e4ru, Melange Grey, \u041d\u041e\u0412\u042b\u0415 \u0422\u041e\u0412\u0410\u0420\u042b, \u041a\u043e\u043b\u044f\u0441\u043a\u0438, \u0414\u043b\u044f \u0434\u0432\u043e\u0439\u043d\u044f\u0448\u0435\u043a, Beebipood","isPartOf":{"@id":"https:\/\/beebipood.ee\/ru\/#website"},"primaryImageOfPage":{"@id":"https:\/\/beebipood.ee\/ru\/produkt\/hauck-atlantic-twin-tandemkaru-melange-grey\/#primaryimage"},"image":{"@id":"https:\/\/beebipood.ee\/ru\/produkt\/hauck-atlantic-twin-tandemkaru-melange-grey\/#primaryimage"},"thumbnailUrl":"https:\/\/beebipood.ee\/wp-content\/uploads\/2016\/02\/Hauck-Atlantic-Twin-tandemkaru-Melange-Grey-UUED-TOOTED-Lastevankrid-ja-karud-Kaksikutele_3-e51.jpg","datePublished":"2016-02-09T07:16:29+00:00","dateModified":"2025-01-09T08:50:33+00:00","description":"Hauck Atlantic Twin tandemk\u00e4ru, Melange Grey, Atlantic Twin - ideaalne lahendus lastele kelle on v&auml;ike vanusevaheSobib imikutele ja lastele","breadcrumb":{"@id":"https:\/\/beebipood.ee\/ru\/produkt\/hauck-atlantic-twin-tandemkaru-melange-grey\/#breadcrumb"},"inLanguage":"ru-RU","potentialAction":[{"@type":"ReadAction","target":["https:\/\/beebipood.ee\/ru\/produkt\/hauck-atlantic-twin-tandemkaru-melange-grey\/"]}]},{"@type":"ImageObject","inLanguage":"ru-RU","@id":"https:\/\/beebipood.ee\/ru\/produkt\/hauck-atlantic-twin-tandemkaru-melange-grey\/#primaryimage","url":"https:\/\/beebipood.ee\/wp-content\/uploads\/2016\/02\/Hauck-Atlantic-Twin-tandemkaru-Melange-Grey-UUED-TOOTED-Lastevankrid-ja-karud-Kaksikutele_3-e51.jpg","contentUrl":"https:\/\/beebipood.ee\/wp-content\/uploads\/2016\/02\/Hauck-Atlantic-Twin-tandemkaru-Melange-Grey-UUED-TOOTED-Lastevankrid-ja-karud-Kaksikutele_3-e51.jpg","width":1500,"height":1500},{"@type":"BreadcrumbList","@id":"https:\/\/beebipood.ee\/ru\/produkt\/hauck-atlantic-twin-tandemkaru-melange-grey\/#breadcrumb","itemListElement":[{"@type":"ListItem","position":1,"name":"Home","item":"https:\/\/beebipood.ee\/ru\/"},{"@type":"ListItem","position":2,"name":"\u041a\u0430\u0442\u0430\u043b\u043e\u0433 \u0442\u043e\u0432\u0430\u0440\u043e\u0432","item":"https:\/\/beebipood.ee\/tooted\/"},{"@type":"ListItem","position":3,"name":"Hauck Atlantic Twin tandemk\u00e4ru, Melange Grey"}]},{"@type":"WebSite","@id":"https:\/\/beebipood.ee\/ru\/#website","url":"https:\/\/beebipood.ee\/ru\/","name":"Beebipood","description":"Lastekaubad, beebikaubad, m\u00e4nguasjad","publisher":{"@id":"https:\/\/beebipood.ee\/ru\/#organization"},"potentialAction":[{"@type":"SearchAction","target":{"@type":"EntryPoint","urlTemplate":"https:\/\/beebipood.ee\/ru\/?s={search_term_string}"},"query-input":{"@type":"PropertyValueSpecification","valueRequired":true,"valueName":"search_term_string"}}],"inLanguage":"ru-RU"},{"@type":"Organization","@id":"https:\/\/beebipood.ee\/ru\/#organization","name":"Beebipood","url":"https:\/\/beebipood.ee\/ru\/","logo":{"@type":"ImageObject","inLanguage":"ru-RU","@id":"https:\/\/beebipood.ee\/ru\/#\/schema\/logo\/image\/","url":"https:\/\/beebipood.ee\/wp-content\/uploads\/2025\/03\/beebipood.ee-logo-1.svg","contentUrl":"https:\/\/beebipood.ee\/wp-content\/uploads\/2025\/03\/beebipood.ee-logo-1.svg","caption":"Beebipood"},"image":{"@id":"https:\/\/beebipood.ee\/ru\/#\/schema\/logo\/image\/"}}]}},"brands":[{"id":11952,"name":"Hauck","slug":"hauck-ru"}],"_links":{"self":[{"href":"https:\/\/beebipood.ee\/ru\/wp-json\/wp\/v2\/product\/456486","targetHints":{"allow":["GET"]}}],"collection":[{"href":"https:\/\/beebipood.ee\/ru\/wp-json\/wp\/v2\/product"}],"about":[{"href":"https:\/\/beebipood.ee\/ru\/wp-json\/wp\/v2\/types\/product"}],"wp:featuredmedia":[{"embeddable":true,"href":"https:\/\/beebipood.ee\/ru\/wp-json\/wp\/v2\/media\/107856"}],"wp:attachment":[{"href":"https:\/\/beebipood.ee\/ru\/wp-json\/wp\/v2\/media?parent=456486"}],"wp:term":[{"taxonomy":"pwb-brand","embeddable":true,"href":"https:\/\/beebipood.ee\/ru\/wp-json\/wp\/v2\/pwb-brand?post=456486"},{"taxonomy":"product_brand","embeddable":true,"href":"https:\/\/beebipood.ee\/ru\/wp-json\/wp\/v2\/product_brand?post=456486"},{"taxonomy":"product_cat","embeddable":true,"href":"https:\/\/beebipood.ee\/ru\/wp-json\/wp\/v2\/product_cat?post=456486"},{"taxonomy":"product_tag","embeddable":true,"href":"https:\/\/beebipood.ee\/ru\/wp-json\/wp\/v2\/product_tag?post=456486"}],"curies":[{"name":"wp","href":"https:\/\/api.w.org\/{rel}","templated":true}]}}