{"id":456490,"date":"2016-02-10T08:50:38","date_gmt":"2016-02-10T06:50:38","guid":{"rendered":"https:\/\/beebipood.ee\/toode\/hauck-tandemkaru-freerider-black\/"},"modified":"2025-01-09T10:50:33","modified_gmt":"2025-01-09T08:50:33","slug":"hauck-tandemkaru-freerider-black","status":"publish","type":"product","link":"https:\/\/beebipood.ee\/ru\/produkt\/hauck-tandemkaru-freerider-black\/","title":{"rendered":"Hauck tandemk\u00e4ru Freerider, Black"},"content":{"rendered":"<p>tandemk\u00e4ru kaksikutele<br \/>toote kaal 12,5 kg, raami kaal 10,6 kg<br \/>m\u00f5\u00f5tmed kokkupanduna 95 x 61 x 38 cm<br \/>m\u00f5\u00f5tmed lahtisena 128 x 61 x 112 cm<br \/>k\u00e4epideme k\u00f5rgus minimaalselt 72 cm ja maksimaalselt 112 cm<br \/>istumisosa pikkus kokku 86 cm<br \/>istme k\u00f5rgus maast 48 cm<br \/> istumisosa laius 32 cm <br \/>rataste materjal: plastiku segu, eemaldatavad tagarattad, eemaldatavad esirattad<br \/>esimeste rataste diameeter 24 cm<br \/>tagumiste rataste diameeter 29 cm<br \/>seljatoe k\u00f5rgust on v\u00f5imalik reguleerida 114,2 x 167,7\u00b0<br \/>jalatoe asendit on v\u00f5imalik reguleerida 5 erinevasse asendisse<br \/>eemaldatav turvakaar<br \/>eemaldatav p\u00e4ikesevari<br \/>suur ostukorv<br \/>istumisosa kattematerjal on eemaldatav ja k\u00e4sitsi pestav<br \/>lisaiste k\u00e4ib esimese istme taha<br \/>5-punkti turvarihmad<br \/>kandev\u00f5ime 0-15 kg istme kohta<br \/>VIDEO: <a href=\"https:\/\/www.youtube.com\/watch?v=osG5q0e1KHk\">https:\/\/www.youtube.com\/watch?v=osG5q0e1KHk<\/a><\/p>\n","protected":false},"excerpt":{"rendered":"<p>tandemk\u00e4ru kaksikuteletoote kaal 12,5 kg, raami kaal 10,6 kgm\u00f5\u00f5tmed kokkupanduna 95 x 61 x 38 cmm\u00f5\u00f5tmed lahtisena 128 x 61 x 112 cmk\u00e4epideme k\u00f5rgus minimaalselt 72 cm ja maksimaalselt 112 cmistumisosa pikkus kokku 86 cmistme k\u00f5rgus maast 48 cm istumisosa laius 32 cm rataste materjal: plastiku segu, eemaldatavad tagarattad, eemaldatavad esirattadesimeste rataste diameeter 24 cmtagumiste [&hellip;]<\/p>\n","protected":false},"featured_media":107942,"template":"","meta":{"_acf_changed":false},"pwb-brand":[11952],"product_brand":[],"product_cat":[11723,11717],"product_tag":[],"class_list":{"0":"post-456490","1":"product","2":"type-product","3":"status-publish","4":"has-post-thumbnail","6":"pwb-brand-hauck-ru","7":"product_cat-kaksikutele-ru","8":"product_cat-lastevankrid-ja-karud-ru","9":"pa_manufacturer-hauck-ru","11":"first","12":"onbackorder","13":"taxable","14":"shipping-taxable","15":"purchasable","16":"product-type-simple"},"exclude_global_add_ons":[],"addons":[],"acf":[],"yoast_head":"<!-- This site is optimized with the Yoast SEO plugin v27.1.1 - https:\/\/yoast.com\/product\/yoast-seo-wordpress\/ -->\n<title>Hauck tandemk\u00e4ru Freerider, Black, \u041a\u043e\u043b\u044f\u0441\u043a\u0438, \u0414\u043b\u044f \u0434\u0432\u043e\u0439\u043d\u044f\u0448\u0435\u043a, Beebipood<\/title>\n<meta name=\"description\" content=\"Hauck tandemk\u00e4ru Freerider, Black, tandemk&auml;ru kaksikuteletoote kaal 12,5 kg, raami kaal 10,6 kgm&otilde;&otilde;tmed kokkupanduna 95 x 61 x\" \/>\n<meta name=\"robots\" content=\"index, follow, max-snippet:-1, max-image-preview:large, max-video-preview:-1\" \/>\n<link rel=\"canonical\" href=\"https:\/\/beebipood.ee\/ru\/produkt\/hauck-tandemkaru-freerider-black\/\" \/>\n<meta property=\"og:locale\" content=\"ru_RU\" \/>\n<meta property=\"og:type\" content=\"article\" \/>\n<meta property=\"og:title\" content=\"Hauck tandemk\u00e4ru Freerider, Black, \u041a\u043e\u043b\u044f\u0441\u043a\u0438, \u0414\u043b\u044f \u0434\u0432\u043e\u0439\u043d\u044f\u0448\u0435\u043a, Beebipood\" \/>\n<meta property=\"og:description\" content=\"Hauck tandemk\u00e4ru Freerider, Black, tandemk&auml;ru kaksikuteletoote kaal 12,5 kg, raami kaal 10,6 kgm&otilde;&otilde;tmed kokkupanduna 95 x 61 x\" \/>\n<meta property=\"og:url\" content=\"https:\/\/beebipood.ee\/ru\/produkt\/hauck-tandemkaru-freerider-black\/\" \/>\n<meta property=\"og:site_name\" content=\"Beebipood\" \/>\n<meta property=\"article:modified_time\" content=\"2025-01-09T08:50:33+00:00\" \/>\n<meta property=\"og:image\" content=\"https:\/\/beebipood.ee\/wp-content\/uploads\/2016\/02\/Hauck-tandemkaru-Freerider-Black-UUED-TOOTED-Lastevankrid-ja-karud-Kaksikutele_8-4cf.jpg\" \/>\n\t<meta property=\"og:image:width\" content=\"500\" \/>\n\t<meta property=\"og:image:height\" content=\"500\" \/>\n\t<meta property=\"og:image:type\" content=\"image\/jpeg\" \/>\n<meta name=\"twitter:card\" content=\"summary_large_image\" \/>\n<script type=\"application\/ld+json\" class=\"yoast-schema-graph\">{\"@context\":\"https:\/\/schema.org\",\"@graph\":[{\"@type\":\"WebPage\",\"@id\":\"https:\/\/beebipood.ee\/ru\/produkt\/hauck-tandemkaru-freerider-black\/\",\"url\":\"https:\/\/beebipood.ee\/ru\/produkt\/hauck-tandemkaru-freerider-black\/\",\"name\":\"Hauck tandemk\u00e4ru Freerider, Black, \u041a\u043e\u043b\u044f\u0441\u043a\u0438, \u0414\u043b\u044f \u0434\u0432\u043e\u0439\u043d\u044f\u0448\u0435\u043a, Beebipood\",\"isPartOf\":{\"@id\":\"https:\/\/beebipood.ee\/ru\/#website\"},\"primaryImageOfPage\":{\"@id\":\"https:\/\/beebipood.ee\/ru\/produkt\/hauck-tandemkaru-freerider-black\/#primaryimage\"},\"image\":{\"@id\":\"https:\/\/beebipood.ee\/ru\/produkt\/hauck-tandemkaru-freerider-black\/#primaryimage\"},\"thumbnailUrl\":\"https:\/\/beebipood.ee\/wp-content\/uploads\/2016\/02\/Hauck-tandemkaru-Freerider-Black-UUED-TOOTED-Lastevankrid-ja-karud-Kaksikutele_8-4cf.jpg\",\"datePublished\":\"2016-02-10T06:50:38+00:00\",\"dateModified\":\"2025-01-09T08:50:33+00:00\",\"description\":\"Hauck tandemk\u00e4ru Freerider, Black, tandemk&auml;ru kaksikuteletoote kaal 12,5 kg, raami kaal 10,6 kgm&otilde;&otilde;tmed kokkupanduna 95 x 61 x\",\"breadcrumb\":{\"@id\":\"https:\/\/beebipood.ee\/ru\/produkt\/hauck-tandemkaru-freerider-black\/#breadcrumb\"},\"inLanguage\":\"ru-RU\",\"potentialAction\":[{\"@type\":\"ReadAction\",\"target\":[\"https:\/\/beebipood.ee\/ru\/produkt\/hauck-tandemkaru-freerider-black\/\"]}]},{\"@type\":\"ImageObject\",\"inLanguage\":\"ru-RU\",\"@id\":\"https:\/\/beebipood.ee\/ru\/produkt\/hauck-tandemkaru-freerider-black\/#primaryimage\",\"url\":\"https:\/\/beebipood.ee\/wp-content\/uploads\/2016\/02\/Hauck-tandemkaru-Freerider-Black-UUED-TOOTED-Lastevankrid-ja-karud-Kaksikutele_8-4cf.jpg\",\"contentUrl\":\"https:\/\/beebipood.ee\/wp-content\/uploads\/2016\/02\/Hauck-tandemkaru-Freerider-Black-UUED-TOOTED-Lastevankrid-ja-karud-Kaksikutele_8-4cf.jpg\",\"width\":500,\"height\":500},{\"@type\":\"BreadcrumbList\",\"@id\":\"https:\/\/beebipood.ee\/ru\/produkt\/hauck-tandemkaru-freerider-black\/#breadcrumb\",\"itemListElement\":[{\"@type\":\"ListItem\",\"position\":1,\"name\":\"Home\",\"item\":\"https:\/\/beebipood.ee\/ru\/\"},{\"@type\":\"ListItem\",\"position\":2,\"name\":\"\u041a\u0430\u0442\u0430\u043b\u043e\u0433 \u0442\u043e\u0432\u0430\u0440\u043e\u0432\",\"item\":\"https:\/\/beebipood.ee\/tooted\/\"},{\"@type\":\"ListItem\",\"position\":3,\"name\":\"Hauck tandemk\u00e4ru Freerider, Black\"}]},{\"@type\":\"WebSite\",\"@id\":\"https:\/\/beebipood.ee\/ru\/#website\",\"url\":\"https:\/\/beebipood.ee\/ru\/\",\"name\":\"Beebipood\",\"description\":\"Lastekaubad, beebikaubad, m\u00e4nguasjad\",\"publisher\":{\"@id\":\"https:\/\/beebipood.ee\/ru\/#organization\"},\"potentialAction\":[{\"@type\":\"SearchAction\",\"target\":{\"@type\":\"EntryPoint\",\"urlTemplate\":\"https:\/\/beebipood.ee\/ru\/?s={search_term_string}\"},\"query-input\":{\"@type\":\"PropertyValueSpecification\",\"valueRequired\":true,\"valueName\":\"search_term_string\"}}],\"inLanguage\":\"ru-RU\"},{\"@type\":\"Organization\",\"@id\":\"https:\/\/beebipood.ee\/ru\/#organization\",\"name\":\"Beebipood\",\"url\":\"https:\/\/beebipood.ee\/ru\/\",\"logo\":{\"@type\":\"ImageObject\",\"inLanguage\":\"ru-RU\",\"@id\":\"https:\/\/beebipood.ee\/ru\/#\/schema\/logo\/image\/\",\"url\":\"https:\/\/beebipood.ee\/wp-content\/uploads\/2025\/03\/beebipood.ee-logo-1.svg\",\"contentUrl\":\"https:\/\/beebipood.ee\/wp-content\/uploads\/2025\/03\/beebipood.ee-logo-1.svg\",\"caption\":\"Beebipood\"},\"image\":{\"@id\":\"https:\/\/beebipood.ee\/ru\/#\/schema\/logo\/image\/\"}}]}<\/script>\n<!-- \/ Yoast SEO plugin. -->","yoast_head_json":{"title":"Hauck tandemk\u00e4ru Freerider, Black, \u041a\u043e\u043b\u044f\u0441\u043a\u0438, \u0414\u043b\u044f \u0434\u0432\u043e\u0439\u043d\u044f\u0448\u0435\u043a, Beebipood","description":"Hauck tandemk\u00e4ru Freerider, Black, tandemk&auml;ru kaksikuteletoote kaal 12,5 kg, raami kaal 10,6 kgm&otilde;&otilde;tmed kokkupanduna 95 x 61 x","robots":{"index":"index","follow":"follow","max-snippet":"max-snippet:-1","max-image-preview":"max-image-preview:large","max-video-preview":"max-video-preview:-1"},"canonical":"https:\/\/beebipood.ee\/ru\/produkt\/hauck-tandemkaru-freerider-black\/","og_locale":"ru_RU","og_type":"article","og_title":"Hauck tandemk\u00e4ru Freerider, Black, \u041a\u043e\u043b\u044f\u0441\u043a\u0438, \u0414\u043b\u044f \u0434\u0432\u043e\u0439\u043d\u044f\u0448\u0435\u043a, Beebipood","og_description":"Hauck tandemk\u00e4ru Freerider, Black, tandemk&auml;ru kaksikuteletoote kaal 12,5 kg, raami kaal 10,6 kgm&otilde;&otilde;tmed kokkupanduna 95 x 61 x","og_url":"https:\/\/beebipood.ee\/ru\/produkt\/hauck-tandemkaru-freerider-black\/","og_site_name":"Beebipood","article_modified_time":"2025-01-09T08:50:33+00:00","og_image":[{"width":500,"height":500,"url":"https:\/\/beebipood.ee\/wp-content\/uploads\/2016\/02\/Hauck-tandemkaru-Freerider-Black-UUED-TOOTED-Lastevankrid-ja-karud-Kaksikutele_8-4cf.jpg","type":"image\/jpeg"}],"twitter_card":"summary_large_image","schema":{"@context":"https:\/\/schema.org","@graph":[{"@type":"WebPage","@id":"https:\/\/beebipood.ee\/ru\/produkt\/hauck-tandemkaru-freerider-black\/","url":"https:\/\/beebipood.ee\/ru\/produkt\/hauck-tandemkaru-freerider-black\/","name":"Hauck tandemk\u00e4ru Freerider, Black, \u041a\u043e\u043b\u044f\u0441\u043a\u0438, \u0414\u043b\u044f \u0434\u0432\u043e\u0439\u043d\u044f\u0448\u0435\u043a, Beebipood","isPartOf":{"@id":"https:\/\/beebipood.ee\/ru\/#website"},"primaryImageOfPage":{"@id":"https:\/\/beebipood.ee\/ru\/produkt\/hauck-tandemkaru-freerider-black\/#primaryimage"},"image":{"@id":"https:\/\/beebipood.ee\/ru\/produkt\/hauck-tandemkaru-freerider-black\/#primaryimage"},"thumbnailUrl":"https:\/\/beebipood.ee\/wp-content\/uploads\/2016\/02\/Hauck-tandemkaru-Freerider-Black-UUED-TOOTED-Lastevankrid-ja-karud-Kaksikutele_8-4cf.jpg","datePublished":"2016-02-10T06:50:38+00:00","dateModified":"2025-01-09T08:50:33+00:00","description":"Hauck tandemk\u00e4ru Freerider, Black, tandemk&auml;ru kaksikuteletoote kaal 12,5 kg, raami kaal 10,6 kgm&otilde;&otilde;tmed kokkupanduna 95 x 61 x","breadcrumb":{"@id":"https:\/\/beebipood.ee\/ru\/produkt\/hauck-tandemkaru-freerider-black\/#breadcrumb"},"inLanguage":"ru-RU","potentialAction":[{"@type":"ReadAction","target":["https:\/\/beebipood.ee\/ru\/produkt\/hauck-tandemkaru-freerider-black\/"]}]},{"@type":"ImageObject","inLanguage":"ru-RU","@id":"https:\/\/beebipood.ee\/ru\/produkt\/hauck-tandemkaru-freerider-black\/#primaryimage","url":"https:\/\/beebipood.ee\/wp-content\/uploads\/2016\/02\/Hauck-tandemkaru-Freerider-Black-UUED-TOOTED-Lastevankrid-ja-karud-Kaksikutele_8-4cf.jpg","contentUrl":"https:\/\/beebipood.ee\/wp-content\/uploads\/2016\/02\/Hauck-tandemkaru-Freerider-Black-UUED-TOOTED-Lastevankrid-ja-karud-Kaksikutele_8-4cf.jpg","width":500,"height":500},{"@type":"BreadcrumbList","@id":"https:\/\/beebipood.ee\/ru\/produkt\/hauck-tandemkaru-freerider-black\/#breadcrumb","itemListElement":[{"@type":"ListItem","position":1,"name":"Home","item":"https:\/\/beebipood.ee\/ru\/"},{"@type":"ListItem","position":2,"name":"\u041a\u0430\u0442\u0430\u043b\u043e\u0433 \u0442\u043e\u0432\u0430\u0440\u043e\u0432","item":"https:\/\/beebipood.ee\/tooted\/"},{"@type":"ListItem","position":3,"name":"Hauck tandemk\u00e4ru Freerider, Black"}]},{"@type":"WebSite","@id":"https:\/\/beebipood.ee\/ru\/#website","url":"https:\/\/beebipood.ee\/ru\/","name":"Beebipood","description":"Lastekaubad, beebikaubad, m\u00e4nguasjad","publisher":{"@id":"https:\/\/beebipood.ee\/ru\/#organization"},"potentialAction":[{"@type":"SearchAction","target":{"@type":"EntryPoint","urlTemplate":"https:\/\/beebipood.ee\/ru\/?s={search_term_string}"},"query-input":{"@type":"PropertyValueSpecification","valueRequired":true,"valueName":"search_term_string"}}],"inLanguage":"ru-RU"},{"@type":"Organization","@id":"https:\/\/beebipood.ee\/ru\/#organization","name":"Beebipood","url":"https:\/\/beebipood.ee\/ru\/","logo":{"@type":"ImageObject","inLanguage":"ru-RU","@id":"https:\/\/beebipood.ee\/ru\/#\/schema\/logo\/image\/","url":"https:\/\/beebipood.ee\/wp-content\/uploads\/2025\/03\/beebipood.ee-logo-1.svg","contentUrl":"https:\/\/beebipood.ee\/wp-content\/uploads\/2025\/03\/beebipood.ee-logo-1.svg","caption":"Beebipood"},"image":{"@id":"https:\/\/beebipood.ee\/ru\/#\/schema\/logo\/image\/"}}]}},"brands":[{"id":11952,"name":"Hauck","slug":"hauck-ru"}],"_links":{"self":[{"href":"https:\/\/beebipood.ee\/ru\/wp-json\/wp\/v2\/product\/456490","targetHints":{"allow":["GET"]}}],"collection":[{"href":"https:\/\/beebipood.ee\/ru\/wp-json\/wp\/v2\/product"}],"about":[{"href":"https:\/\/beebipood.ee\/ru\/wp-json\/wp\/v2\/types\/product"}],"wp:featuredmedia":[{"embeddable":true,"href":"https:\/\/beebipood.ee\/ru\/wp-json\/wp\/v2\/media\/107942"}],"wp:attachment":[{"href":"https:\/\/beebipood.ee\/ru\/wp-json\/wp\/v2\/media?parent=456490"}],"wp:term":[{"taxonomy":"pwb-brand","embeddable":true,"href":"https:\/\/beebipood.ee\/ru\/wp-json\/wp\/v2\/pwb-brand?post=456490"},{"taxonomy":"product_brand","embeddable":true,"href":"https:\/\/beebipood.ee\/ru\/wp-json\/wp\/v2\/product_brand?post=456490"},{"taxonomy":"product_cat","embeddable":true,"href":"https:\/\/beebipood.ee\/ru\/wp-json\/wp\/v2\/product_cat?post=456490"},{"taxonomy":"product_tag","embeddable":true,"href":"https:\/\/beebipood.ee\/ru\/wp-json\/wp\/v2\/product_tag?post=456490"}],"curies":[{"name":"wp","href":"https:\/\/api.w.org\/{rel}","templated":true}]}}