{"id":456496,"date":"2016-02-10T11:28:03","date_gmt":"2016-02-10T09:28:03","guid":{"rendered":"https:\/\/beebipood.ee\/toode\/hauck-reisivoodi-play-n-relax-center-dark-green\/"},"modified":"2025-01-09T10:50:33","modified_gmt":"2025-01-09T08:50:33","slug":"hauck-reisivoodi-play-n-relax-center-dark-green","status":"publish","type":"product","link":"https:\/\/beebipood.ee\/ru\/produkt\/hauck-reisivoodi-play-n-relax-center-dark-green\/","title":{"rendered":"Hauck reisivoodi Play N Relax Center, Dark Green"},"content":{"rendered":"<p><span>Mitme otstarbeline reisivoodi mis on mugav<\/span><br \/><span>ning seda on kerge igale poole kaasa v\u00f5tta.<\/span><br \/><span>Laps saab reisivoodis nii magada kui ka m\u00e4ngida,<\/span><br \/><span>samuti saab ka t\u00e4nu m\u00e4hkimisalusele lapsele riideid ning m\u00e4hkmeid kergesti vahetada.<\/span><br \/><span>sobib kasutada alates s\u00fcnnist<\/span><br \/><span>kaasas m\u00e4hkimisalus<\/span><br \/><span>lamamispind, mida saab t\u00f5sta k\u00f5rgemale<\/span><br \/><span>voodil on k\u00fcljel lukuga lahti k\u00e4iv ava, t\u00e4nu millele saab laps ise v\u00e4lja k\u00e4perdada<\/span><br \/><span>k\u00fcljeaken, et saaksite alati oma lapsel silma peal hoida<\/span><br \/><span>optimaalne \u00f5huringlus l\u00e4bi v\u00f5rgusilma<\/span><br \/><span>t\u00e4nu avarale lamamisalale sobib see ka vanematele lastele<\/span><br \/><span>kerge kokku pandav<\/span><br \/><span>m\u00f5\u00f5dud: 129 x 79 x 78 cm,<\/span><br \/><span>kokkupanduna: 22,5 x 26 x 77 cm,<\/span><br \/><span>madratsi m\u00f5\u00f5dud: 120 x 60 x 2 cm<\/span><br \/><span>kaal: 10,9 kg<\/span><br \/><span>kandev\u00f5ime kuni 15 kg<\/span><br \/><span>vasts\u00fcndinu level sobib 0-9 kg<\/span><br \/><span>m\u00e4hkimisalus sobib 0-9 kg<\/span><\/p>\n","protected":false},"excerpt":{"rendered":"<p>Mitme otstarbeline reisivoodi mis on mugavning seda on kerge igale poole kaasa v\u00f5tta.Laps saab reisivoodis nii magada kui ka m\u00e4ngida,samuti saab ka t\u00e4nu m\u00e4hkimisalusele lapsele riideid ning m\u00e4hkmeid kergesti vahetada.sobib kasutada alates s\u00fcnnistkaasas m\u00e4hkimisaluslamamispind, mida saab t\u00f5sta k\u00f5rgemalevoodil on k\u00fcljel lukuga lahti k\u00e4iv ava, t\u00e4nu millele saab laps ise v\u00e4lja k\u00e4perdadak\u00fcljeaken, et saaksite alati oma [&hellip;]<\/p>\n","protected":false},"featured_media":164711,"template":"","meta":{"_acf_changed":false},"pwb-brand":[11952],"product_brand":[],"product_cat":[11569,11553,11789],"product_tag":[],"class_list":{"0":"post-456496","1":"product","2":"type-product","3":"status-publish","4":"has-post-thumbnail","6":"pwb-brand-hauck-ru","7":"product_cat-reisivoodid-ru","8":"product_cat-beebivoodid-reisivoodid-hallid-ru","9":"product_cat-lastemoobel-ja-sisustus-ru","10":"pa_manufacturer-hauck-ru","12":"first","13":"onbackorder","14":"taxable","15":"shipping-taxable","16":"purchasable","17":"product-type-simple"},"exclude_global_add_ons":[],"addons":[],"acf":[],"yoast_head":"<!-- This site is optimized with the Yoast SEO plugin v27.1.1 - https:\/\/yoast.com\/product\/yoast-seo-wordpress\/ -->\n<title>Hauck reisivoodi Play N Relax Center, Dark Green, \u0414\u0435\u0442\u0441\u043a\u0438e \u043a\u0440\u043e\u0432\u0430\u0442\u043a\u0438, \u043f\u0435\u0440\u0435\u043d\u043e\u0441\u043d\u044b\u0435 \u043a\u0440\u043e\u0432\u0430\u0442\u043a\u0438, \u043b\u044e\u043b\u044c\u043a\u0438, \u041f\u0435\u0440\u0435\u043d\u043e\u0441\u043d\u044b\u0435 \u043a\u0440\u043e\u0432\u0430\u0442\u043a\u0438, \u041d\u041e\u0412\u042b\u0415 \u0422\u041e\u0412\u0410\u0420\u042b, M\u0435\u0431\u0435\u043b\u044c, Beebipood<\/title>\n<meta name=\"description\" content=\"Hauck reisivoodi Play N Relax Center, Dark Green, Mitme otstarbeline reisivoodi mis on mugavning seda on kerge igale poole kaasa v&amp;o\" \/>\n<meta name=\"robots\" content=\"index, follow, max-snippet:-1, max-image-preview:large, max-video-preview:-1\" \/>\n<link rel=\"canonical\" href=\"https:\/\/beebipood.ee\/ru\/produkt\/hauck-reisivoodi-play-n-relax-center-dark-green\/\" \/>\n<meta property=\"og:locale\" content=\"ru_RU\" \/>\n<meta property=\"og:type\" content=\"article\" \/>\n<meta property=\"og:title\" content=\"Hauck reisivoodi Play N Relax Center, Dark Green, \u0414\u0435\u0442\u0441\u043a\u0438e \u043a\u0440\u043e\u0432\u0430\u0442\u043a\u0438, \u043f\u0435\u0440\u0435\u043d\u043e\u0441\u043d\u044b\u0435 \u043a\u0440\u043e\u0432\u0430\u0442\u043a\u0438, \u043b\u044e\u043b\u044c\u043a\u0438, \u041f\u0435\u0440\u0435\u043d\u043e\u0441\u043d\u044b\u0435 \u043a\u0440\u043e\u0432\u0430\u0442\u043a\u0438, \u041d\u041e\u0412\u042b\u0415 \u0422\u041e\u0412\u0410\u0420\u042b, M\u0435\u0431\u0435\u043b\u044c, Beebipood\" \/>\n<meta property=\"og:description\" content=\"Hauck reisivoodi Play N Relax Center, Dark Green, Mitme otstarbeline reisivoodi mis on mugavning seda on kerge igale poole kaasa v&amp;o\" \/>\n<meta property=\"og:url\" content=\"https:\/\/beebipood.ee\/ru\/produkt\/hauck-reisivoodi-play-n-relax-center-dark-green\/\" \/>\n<meta property=\"og:site_name\" content=\"Beebipood\" \/>\n<meta property=\"article:modified_time\" content=\"2025-01-09T08:50:33+00:00\" \/>\n<meta property=\"og:image\" content=\"https:\/\/beebipood.ee\/wp-content\/uploads\/2016\/02\/Hauck-reisivoodi-Play-N-Relax-Center-Dark-Green-Beebivoodid-reisivoodid-hallid-Reisivoodid-UUED-TOOTED-Lastemoobel-ja-sisustus_2-4b6.jpg\" \/>\n\t<meta property=\"og:image:width\" content=\"1500\" \/>\n\t<meta property=\"og:image:height\" content=\"1500\" \/>\n\t<meta property=\"og:image:type\" content=\"image\/jpeg\" \/>\n<meta name=\"twitter:card\" content=\"summary_large_image\" \/>\n<meta name=\"twitter:label1\" content=\"\u041f\u0440\u0438\u043c\u0435\u0440\u043d\u043e\u0435 \u0432\u0440\u0435\u043c\u044f \u0434\u043b\u044f \u0447\u0442\u0435\u043d\u0438\u044f\" \/>\n\t<meta name=\"twitter:data1\" content=\"1 \u043c\u0438\u043d\u0443\u0442\u0430\" \/>\n<script type=\"application\/ld+json\" class=\"yoast-schema-graph\">{\"@context\":\"https:\/\/schema.org\",\"@graph\":[{\"@type\":\"WebPage\",\"@id\":\"https:\/\/beebipood.ee\/ru\/produkt\/hauck-reisivoodi-play-n-relax-center-dark-green\/\",\"url\":\"https:\/\/beebipood.ee\/ru\/produkt\/hauck-reisivoodi-play-n-relax-center-dark-green\/\",\"name\":\"Hauck reisivoodi Play N Relax Center, Dark Green, \u0414\u0435\u0442\u0441\u043a\u0438e \u043a\u0440\u043e\u0432\u0430\u0442\u043a\u0438, \u043f\u0435\u0440\u0435\u043d\u043e\u0441\u043d\u044b\u0435 \u043a\u0440\u043e\u0432\u0430\u0442\u043a\u0438, \u043b\u044e\u043b\u044c\u043a\u0438, \u041f\u0435\u0440\u0435\u043d\u043e\u0441\u043d\u044b\u0435 \u043a\u0440\u043e\u0432\u0430\u0442\u043a\u0438, \u041d\u041e\u0412\u042b\u0415 \u0422\u041e\u0412\u0410\u0420\u042b, M\u0435\u0431\u0435\u043b\u044c, Beebipood\",\"isPartOf\":{\"@id\":\"https:\/\/beebipood.ee\/ru\/#website\"},\"primaryImageOfPage\":{\"@id\":\"https:\/\/beebipood.ee\/ru\/produkt\/hauck-reisivoodi-play-n-relax-center-dark-green\/#primaryimage\"},\"image\":{\"@id\":\"https:\/\/beebipood.ee\/ru\/produkt\/hauck-reisivoodi-play-n-relax-center-dark-green\/#primaryimage\"},\"thumbnailUrl\":\"https:\/\/beebipood.ee\/wp-content\/uploads\/2016\/02\/Hauck-reisivoodi-Play-N-Relax-Center-Dark-Green-Beebivoodid-reisivoodid-hallid-Reisivoodid-UUED-TOOTED-Lastemoobel-ja-sisustus_2-4b6.jpg\",\"datePublished\":\"2016-02-10T09:28:03+00:00\",\"dateModified\":\"2025-01-09T08:50:33+00:00\",\"description\":\"Hauck reisivoodi Play N Relax Center, Dark Green, Mitme otstarbeline reisivoodi mis on mugavning seda on kerge igale poole kaasa v&o\",\"breadcrumb\":{\"@id\":\"https:\/\/beebipood.ee\/ru\/produkt\/hauck-reisivoodi-play-n-relax-center-dark-green\/#breadcrumb\"},\"inLanguage\":\"ru-RU\",\"potentialAction\":[{\"@type\":\"ReadAction\",\"target\":[\"https:\/\/beebipood.ee\/ru\/produkt\/hauck-reisivoodi-play-n-relax-center-dark-green\/\"]}]},{\"@type\":\"ImageObject\",\"inLanguage\":\"ru-RU\",\"@id\":\"https:\/\/beebipood.ee\/ru\/produkt\/hauck-reisivoodi-play-n-relax-center-dark-green\/#primaryimage\",\"url\":\"https:\/\/beebipood.ee\/wp-content\/uploads\/2016\/02\/Hauck-reisivoodi-Play-N-Relax-Center-Dark-Green-Beebivoodid-reisivoodid-hallid-Reisivoodid-UUED-TOOTED-Lastemoobel-ja-sisustus_2-4b6.jpg\",\"contentUrl\":\"https:\/\/beebipood.ee\/wp-content\/uploads\/2016\/02\/Hauck-reisivoodi-Play-N-Relax-Center-Dark-Green-Beebivoodid-reisivoodid-hallid-Reisivoodid-UUED-TOOTED-Lastemoobel-ja-sisustus_2-4b6.jpg\",\"width\":1500,\"height\":1500},{\"@type\":\"BreadcrumbList\",\"@id\":\"https:\/\/beebipood.ee\/ru\/produkt\/hauck-reisivoodi-play-n-relax-center-dark-green\/#breadcrumb\",\"itemListElement\":[{\"@type\":\"ListItem\",\"position\":1,\"name\":\"Home\",\"item\":\"https:\/\/beebipood.ee\/ru\/\"},{\"@type\":\"ListItem\",\"position\":2,\"name\":\"\u041a\u0430\u0442\u0430\u043b\u043e\u0433 \u0442\u043e\u0432\u0430\u0440\u043e\u0432\",\"item\":\"https:\/\/beebipood.ee\/tooted\/\"},{\"@type\":\"ListItem\",\"position\":3,\"name\":\"Hauck reisivoodi Play N Relax Center, Dark Green\"}]},{\"@type\":\"WebSite\",\"@id\":\"https:\/\/beebipood.ee\/ru\/#website\",\"url\":\"https:\/\/beebipood.ee\/ru\/\",\"name\":\"Beebipood\",\"description\":\"Lastekaubad, beebikaubad, m\u00e4nguasjad\",\"publisher\":{\"@id\":\"https:\/\/beebipood.ee\/ru\/#organization\"},\"potentialAction\":[{\"@type\":\"SearchAction\",\"target\":{\"@type\":\"EntryPoint\",\"urlTemplate\":\"https:\/\/beebipood.ee\/ru\/?s={search_term_string}\"},\"query-input\":{\"@type\":\"PropertyValueSpecification\",\"valueRequired\":true,\"valueName\":\"search_term_string\"}}],\"inLanguage\":\"ru-RU\"},{\"@type\":\"Organization\",\"@id\":\"https:\/\/beebipood.ee\/ru\/#organization\",\"name\":\"Beebipood\",\"url\":\"https:\/\/beebipood.ee\/ru\/\",\"logo\":{\"@type\":\"ImageObject\",\"inLanguage\":\"ru-RU\",\"@id\":\"https:\/\/beebipood.ee\/ru\/#\/schema\/logo\/image\/\",\"url\":\"https:\/\/beebipood.ee\/wp-content\/uploads\/2025\/03\/beebipood.ee-logo-1.svg\",\"contentUrl\":\"https:\/\/beebipood.ee\/wp-content\/uploads\/2025\/03\/beebipood.ee-logo-1.svg\",\"caption\":\"Beebipood\"},\"image\":{\"@id\":\"https:\/\/beebipood.ee\/ru\/#\/schema\/logo\/image\/\"}}]}<\/script>\n<!-- \/ Yoast SEO plugin. -->","yoast_head_json":{"title":"Hauck reisivoodi Play N Relax Center, Dark Green, \u0414\u0435\u0442\u0441\u043a\u0438e \u043a\u0440\u043e\u0432\u0430\u0442\u043a\u0438, \u043f\u0435\u0440\u0435\u043d\u043e\u0441\u043d\u044b\u0435 \u043a\u0440\u043e\u0432\u0430\u0442\u043a\u0438, \u043b\u044e\u043b\u044c\u043a\u0438, \u041f\u0435\u0440\u0435\u043d\u043e\u0441\u043d\u044b\u0435 \u043a\u0440\u043e\u0432\u0430\u0442\u043a\u0438, \u041d\u041e\u0412\u042b\u0415 \u0422\u041e\u0412\u0410\u0420\u042b, M\u0435\u0431\u0435\u043b\u044c, Beebipood","description":"Hauck reisivoodi Play N Relax Center, Dark Green, Mitme otstarbeline reisivoodi mis on mugavning seda on kerge igale poole kaasa v&o","robots":{"index":"index","follow":"follow","max-snippet":"max-snippet:-1","max-image-preview":"max-image-preview:large","max-video-preview":"max-video-preview:-1"},"canonical":"https:\/\/beebipood.ee\/ru\/produkt\/hauck-reisivoodi-play-n-relax-center-dark-green\/","og_locale":"ru_RU","og_type":"article","og_title":"Hauck reisivoodi Play N Relax Center, Dark Green, \u0414\u0435\u0442\u0441\u043a\u0438e \u043a\u0440\u043e\u0432\u0430\u0442\u043a\u0438, \u043f\u0435\u0440\u0435\u043d\u043e\u0441\u043d\u044b\u0435 \u043a\u0440\u043e\u0432\u0430\u0442\u043a\u0438, \u043b\u044e\u043b\u044c\u043a\u0438, \u041f\u0435\u0440\u0435\u043d\u043e\u0441\u043d\u044b\u0435 \u043a\u0440\u043e\u0432\u0430\u0442\u043a\u0438, \u041d\u041e\u0412\u042b\u0415 \u0422\u041e\u0412\u0410\u0420\u042b, M\u0435\u0431\u0435\u043b\u044c, Beebipood","og_description":"Hauck reisivoodi Play N Relax Center, Dark Green, Mitme otstarbeline reisivoodi mis on mugavning seda on kerge igale poole kaasa v&o","og_url":"https:\/\/beebipood.ee\/ru\/produkt\/hauck-reisivoodi-play-n-relax-center-dark-green\/","og_site_name":"Beebipood","article_modified_time":"2025-01-09T08:50:33+00:00","og_image":[{"width":1500,"height":1500,"url":"https:\/\/beebipood.ee\/wp-content\/uploads\/2016\/02\/Hauck-reisivoodi-Play-N-Relax-Center-Dark-Green-Beebivoodid-reisivoodid-hallid-Reisivoodid-UUED-TOOTED-Lastemoobel-ja-sisustus_2-4b6.jpg","type":"image\/jpeg"}],"twitter_card":"summary_large_image","twitter_misc":{"\u041f\u0440\u0438\u043c\u0435\u0440\u043d\u043e\u0435 \u0432\u0440\u0435\u043c\u044f \u0434\u043b\u044f \u0447\u0442\u0435\u043d\u0438\u044f":"1 \u043c\u0438\u043d\u0443\u0442\u0430"},"schema":{"@context":"https:\/\/schema.org","@graph":[{"@type":"WebPage","@id":"https:\/\/beebipood.ee\/ru\/produkt\/hauck-reisivoodi-play-n-relax-center-dark-green\/","url":"https:\/\/beebipood.ee\/ru\/produkt\/hauck-reisivoodi-play-n-relax-center-dark-green\/","name":"Hauck reisivoodi Play N Relax Center, Dark Green, \u0414\u0435\u0442\u0441\u043a\u0438e \u043a\u0440\u043e\u0432\u0430\u0442\u043a\u0438, \u043f\u0435\u0440\u0435\u043d\u043e\u0441\u043d\u044b\u0435 \u043a\u0440\u043e\u0432\u0430\u0442\u043a\u0438, \u043b\u044e\u043b\u044c\u043a\u0438, \u041f\u0435\u0440\u0435\u043d\u043e\u0441\u043d\u044b\u0435 \u043a\u0440\u043e\u0432\u0430\u0442\u043a\u0438, \u041d\u041e\u0412\u042b\u0415 \u0422\u041e\u0412\u0410\u0420\u042b, M\u0435\u0431\u0435\u043b\u044c, Beebipood","isPartOf":{"@id":"https:\/\/beebipood.ee\/ru\/#website"},"primaryImageOfPage":{"@id":"https:\/\/beebipood.ee\/ru\/produkt\/hauck-reisivoodi-play-n-relax-center-dark-green\/#primaryimage"},"image":{"@id":"https:\/\/beebipood.ee\/ru\/produkt\/hauck-reisivoodi-play-n-relax-center-dark-green\/#primaryimage"},"thumbnailUrl":"https:\/\/beebipood.ee\/wp-content\/uploads\/2016\/02\/Hauck-reisivoodi-Play-N-Relax-Center-Dark-Green-Beebivoodid-reisivoodid-hallid-Reisivoodid-UUED-TOOTED-Lastemoobel-ja-sisustus_2-4b6.jpg","datePublished":"2016-02-10T09:28:03+00:00","dateModified":"2025-01-09T08:50:33+00:00","description":"Hauck reisivoodi Play N Relax Center, Dark Green, Mitme otstarbeline reisivoodi mis on mugavning seda on kerge igale poole kaasa v&o","breadcrumb":{"@id":"https:\/\/beebipood.ee\/ru\/produkt\/hauck-reisivoodi-play-n-relax-center-dark-green\/#breadcrumb"},"inLanguage":"ru-RU","potentialAction":[{"@type":"ReadAction","target":["https:\/\/beebipood.ee\/ru\/produkt\/hauck-reisivoodi-play-n-relax-center-dark-green\/"]}]},{"@type":"ImageObject","inLanguage":"ru-RU","@id":"https:\/\/beebipood.ee\/ru\/produkt\/hauck-reisivoodi-play-n-relax-center-dark-green\/#primaryimage","url":"https:\/\/beebipood.ee\/wp-content\/uploads\/2016\/02\/Hauck-reisivoodi-Play-N-Relax-Center-Dark-Green-Beebivoodid-reisivoodid-hallid-Reisivoodid-UUED-TOOTED-Lastemoobel-ja-sisustus_2-4b6.jpg","contentUrl":"https:\/\/beebipood.ee\/wp-content\/uploads\/2016\/02\/Hauck-reisivoodi-Play-N-Relax-Center-Dark-Green-Beebivoodid-reisivoodid-hallid-Reisivoodid-UUED-TOOTED-Lastemoobel-ja-sisustus_2-4b6.jpg","width":1500,"height":1500},{"@type":"BreadcrumbList","@id":"https:\/\/beebipood.ee\/ru\/produkt\/hauck-reisivoodi-play-n-relax-center-dark-green\/#breadcrumb","itemListElement":[{"@type":"ListItem","position":1,"name":"Home","item":"https:\/\/beebipood.ee\/ru\/"},{"@type":"ListItem","position":2,"name":"\u041a\u0430\u0442\u0430\u043b\u043e\u0433 \u0442\u043e\u0432\u0430\u0440\u043e\u0432","item":"https:\/\/beebipood.ee\/tooted\/"},{"@type":"ListItem","position":3,"name":"Hauck reisivoodi Play N Relax Center, Dark Green"}]},{"@type":"WebSite","@id":"https:\/\/beebipood.ee\/ru\/#website","url":"https:\/\/beebipood.ee\/ru\/","name":"Beebipood","description":"Lastekaubad, beebikaubad, m\u00e4nguasjad","publisher":{"@id":"https:\/\/beebipood.ee\/ru\/#organization"},"potentialAction":[{"@type":"SearchAction","target":{"@type":"EntryPoint","urlTemplate":"https:\/\/beebipood.ee\/ru\/?s={search_term_string}"},"query-input":{"@type":"PropertyValueSpecification","valueRequired":true,"valueName":"search_term_string"}}],"inLanguage":"ru-RU"},{"@type":"Organization","@id":"https:\/\/beebipood.ee\/ru\/#organization","name":"Beebipood","url":"https:\/\/beebipood.ee\/ru\/","logo":{"@type":"ImageObject","inLanguage":"ru-RU","@id":"https:\/\/beebipood.ee\/ru\/#\/schema\/logo\/image\/","url":"https:\/\/beebipood.ee\/wp-content\/uploads\/2025\/03\/beebipood.ee-logo-1.svg","contentUrl":"https:\/\/beebipood.ee\/wp-content\/uploads\/2025\/03\/beebipood.ee-logo-1.svg","caption":"Beebipood"},"image":{"@id":"https:\/\/beebipood.ee\/ru\/#\/schema\/logo\/image\/"}}]}},"brands":[{"id":11952,"name":"Hauck","slug":"hauck-ru"}],"_links":{"self":[{"href":"https:\/\/beebipood.ee\/ru\/wp-json\/wp\/v2\/product\/456496","targetHints":{"allow":["GET"]}}],"collection":[{"href":"https:\/\/beebipood.ee\/ru\/wp-json\/wp\/v2\/product"}],"about":[{"href":"https:\/\/beebipood.ee\/ru\/wp-json\/wp\/v2\/types\/product"}],"wp:featuredmedia":[{"embeddable":true,"href":"https:\/\/beebipood.ee\/ru\/wp-json\/wp\/v2\/media\/164711"}],"wp:attachment":[{"href":"https:\/\/beebipood.ee\/ru\/wp-json\/wp\/v2\/media?parent=456496"}],"wp:term":[{"taxonomy":"pwb-brand","embeddable":true,"href":"https:\/\/beebipood.ee\/ru\/wp-json\/wp\/v2\/pwb-brand?post=456496"},{"taxonomy":"product_brand","embeddable":true,"href":"https:\/\/beebipood.ee\/ru\/wp-json\/wp\/v2\/product_brand?post=456496"},{"taxonomy":"product_cat","embeddable":true,"href":"https:\/\/beebipood.ee\/ru\/wp-json\/wp\/v2\/product_cat?post=456496"},{"taxonomy":"product_tag","embeddable":true,"href":"https:\/\/beebipood.ee\/ru\/wp-json\/wp\/v2\/product_tag?post=456496"}],"curies":[{"name":"wp","href":"https:\/\/api.w.org\/{rel}","templated":true}]}}