{"id":456510,"date":"2026-02-16T08:26:19","date_gmt":"2026-02-16T06:26:19","guid":{"rendered":"https:\/\/beebipood.ee\/toode\/hauck-reisivoodi-dream-n-play-beige\/"},"modified":"2026-02-16T16:26:57","modified_gmt":"2026-02-16T14:26:57","slug":"hauck-reisivoodi-sleep-n-easyfold-dark-grey","status":"publish","type":"product","link":"https:\/\/beebipood.ee\/ru\/produkt\/hauck-reisivoodi-sleep-n-easyfold-dark-grey\/","title":{"rendered":"Hauck reisivoodi Sleep N Easyfold, Dark Grey"},"content":{"rendered":"<h2 data-start=\"165\" data-end=\"233\">Sleep N Easyfold reisivoodi \u2013 mugav uni k\u00f5ikjal, kuhu pere liigub<\/h2>\n<p data-start=\"235\" data-end=\"481\"><strong data-start=\"235\" data-end=\"255\">Sleep N Easyfold<\/strong> on nutika kokkupandava s\u00fcsteemiga reisivoodi, mis teeb reisimise v\u00e4ikese lapsega lihtsaks ja mugavaks. Voodi avaneb ja l\u00e4heb kokku vaid m\u00f5ne liigutusega, pakkudes lapsele turvalist ja hubast magamiskohta nii kodus kui reisil.<\/p>\n<hr data-start=\"483\" data-end=\"486\" \/>\n<h3 data-start=\"488\" data-end=\"525\">Kiire \u00fcles panna ja kokku pakkida<\/h3>\n<p data-start=\"526\" data-end=\"774\">Kas otsid reisivoodit, mille saaks paigaldada sekunditega? Sleep N Easyfoldi innovaatiline voltimiss\u00fcsteem v\u00f5imaldab voodi kiiresti avada ja sama lihtsalt kokku panna. See s\u00e4\u00e4stab aega ning muudab reisimise stressivabaks ka siis, kui p\u00e4ev on kiire.<\/p>\n<hr data-start=\"776\" data-end=\"779\" \/>\n<h3 data-start=\"781\" data-end=\"810\">Mugav uni ka kodust eemal<\/h3>\n<p data-start=\"811\" data-end=\"1070\">Uued kohad v\u00f5ivad lapsele olla harjumatud, kuid Sleep N Easyfold loob turvalise ja m\u00f5nusa magamiskeskkonna alates s\u00fcnnist kuni 15 kg kaaluni. Hubane ja stabiilne magamisala aitab lapsel rahulikult uinuda \u2014 justkui oma voodis, \u00fcksk\u00f5ik kus te parasjagu viibite.<\/p>\n<hr data-start=\"1072\" data-end=\"1075\" \/>\n<h3 data-start=\"1077\" data-end=\"1100\">Lihtne transportida<\/h3>\n<p data-start=\"1101\" data-end=\"1320\">Integreeritud rattad muudavad reisivoodi liigutamise eriti mugavaks \u2014 nii kokkupandult kui ka avatuna. Kompaktne kandekott aitab voodit h\u00f5lpsasti kaasa v\u00f5tta ning ruumis\u00e4\u00e4stlik disain sobib ideaalselt aktiivsele perele.<\/p>\n<hr data-start=\"1322\" data-end=\"1325\" \/>\n<h3 data-start=\"1327\" data-end=\"1362\">Suur avaus v\u00e4ikesele avastajale<\/h3>\n<p data-start=\"1363\" data-end=\"1566\">Lapsed armastavad iseseisvalt ringi liikuda. Reisivoodil on suur eest avatav luuk, mille kaudu saab laps ise voodisse sisse ja sealt v\u00e4lja ronida \u2014 l\u00f5bus ja praktiline lahendus igap\u00e4evaseks kasutamiseks.<\/p>\n<hr data-start=\"1568\" data-end=\"1571\" \/>\n<h3 data-start=\"1573\" data-end=\"1610\">M\u00f5nus ja \u00f5hurikas magamiskeskkond<\/h3>\n<p data-start=\"1611\" data-end=\"1765\">Kaks suurt v\u00f5rkkangast k\u00fclge tagavad hea \u00f5huringluse ning aitavad hoida voodi sisekliima v\u00e4rske ja mugavana. \u00d5hk liigub vabalt, kuid tuulet\u00f5mbust ei teki.<\/p>\n<hr data-start=\"1767\" data-end=\"1770\" \/>\n<h3 data-start=\"1772\" data-end=\"1800\">Muuda voodi m\u00e4ngutelgiks<\/h3>\n<p data-start=\"1801\" data-end=\"1989\">Lisavarustusena saad reisivoodi muuta vahvaks m\u00e4ngutelgiks Travel Bed Cover katte abil. Sellest saab lapsele loss, peidupaik v\u00f5i m\u00e4ngunurk \u2014 ideaalne nii kodus kui reisil. (M\u00fc\u00fcgil eraldi.)<\/p>\n<hr data-start=\"1991\" data-end=\"1994\" \/>\n<h3 data-start=\"1996\" data-end=\"2021\">Saadaval lisatarvikud<\/h3>\n<p data-start=\"2022\" data-end=\"2074\">Reisivoodile on saadaval mitmeid praktilisi lisasid:<\/p>\n<ul data-start=\"2075\" data-end=\"2237\">\n<li data-start=\"2075\" data-end=\"2092\">\n<p data-start=\"2077\" data-end=\"2092\">Sleeper madrats<\/p>\n<\/li>\n<li data-start=\"2093\" data-end=\"2127\">\n<p data-start=\"2095\" data-end=\"2127\">Travel Bed Cover m\u00e4ngutelgi kate<\/p>\n<\/li>\n<li data-start=\"2128\" data-end=\"2172\">\n<p data-start=\"2130\" data-end=\"2172\">Travel Bed Canopy putuka- ja p\u00e4ikesekaitse<\/p>\n<\/li>\n<li data-start=\"2173\" data-end=\"2202\">\n<p data-start=\"2175\" data-end=\"2202\">Madratsikate (kummiga lina)<\/p>\n<\/li>\n<li data-start=\"2203\" data-end=\"2237\">\n<p data-start=\"2205\" data-end=\"2237\">Travel Bed Mobile voodikarussell<\/p>\n<\/li>\n<\/ul>\n<hr data-start=\"2239\" data-end=\"2242\" \/>\n<h3 data-start=\"2244\" data-end=\"2265\">Tehnilised andmed<\/h3>\n<ul data-start=\"2266\" data-end=\"2406\">\n<li data-start=\"2266\" data-end=\"2318\">\n<p data-start=\"2268\" data-end=\"2318\">Sobiv vanus: s\u00fcnnist kuni umbes 3 aastat (0\u201315 kg)<\/p>\n<\/li>\n<li data-start=\"2319\" data-end=\"2339\">\n<p data-start=\"2321\" data-end=\"2339\">Toote kaal: 7,6 kg<\/p>\n<\/li>\n<li data-start=\"2340\" data-end=\"2406\">\n<p data-start=\"2342\" data-end=\"2406\">Erifunktsioonid: v\u00f5rk k\u00fcljed, integreeritud rattad, avatav k\u00fcljepaneel<\/p>\n<\/li>\n<\/ul>\n<p data-start=\"2408\" data-end=\"2418\"><strong data-start=\"2408\" data-end=\"2418\">M\u00f5\u00f5dud<\/strong><\/p>\n<ul data-start=\"2419\" data-end=\"2510\">\n<li data-start=\"2419\" data-end=\"2454\">\n<p data-start=\"2421\" data-end=\"2454\">Kokkupandult: 76,5 \u00d7 21 \u00d7 22 cm<\/p>\n<\/li>\n<li data-start=\"2455\" data-end=\"2484\">\n<p data-start=\"2457\" data-end=\"2484\">Avatuna: 125 \u00d7 69 \u00d7 82 cm<\/p>\n<\/li>\n<li data-start=\"2485\" data-end=\"2510\">\n<p data-start=\"2487\" data-end=\"2510\">Magamisala: 120 \u00d7 60 cm<\/p>\n<\/li>\n<li data-start=\"2485\" data-end=\"2510\">VIDEO: <a href=\"https:\/\/youtu.be\/QajpS5vCqGI?si=H1qyLtsub6x-EgEH\">SIIN<\/a><\/li>\n<\/ul>\n","protected":false},"excerpt":{"rendered":"<p>Sleep N Easyfold reisivoodi \u2013 mugav uni k\u00f5ikjal, kuhu pere liigub Sleep N Easyfold on nutika kokkupandava s\u00fcsteemiga reisivoodi, mis teeb reisimise v\u00e4ikese lapsega lihtsaks ja mugavaks. Voodi avaneb ja l\u00e4heb kokku vaid m\u00f5ne liigutusega, pakkudes lapsele turvalist ja hubast magamiskohta nii kodus kui reisil. Kiire \u00fcles panna ja kokku pakkida Kas otsid reisivoodit, mille [&hellip;]<\/p>\n","protected":false},"featured_media":511312,"template":"","meta":{"_acf_changed":false},"pwb-brand":[11952],"product_brand":[],"product_cat":[11569,11553,11789],"product_tag":[],"class_list":{"0":"post-456510","1":"product","2":"type-product","3":"status-publish","4":"has-post-thumbnail","6":"pwb-brand-hauck-ru","7":"product_cat-reisivoodid-ru","8":"product_cat-beebivoodid-reisivoodid-hallid-ru","9":"product_cat-lastemoobel-ja-sisustus-ru","10":"pa_manufacturer-hauck-ru","12":"first","13":"onbackorder","14":"taxable","15":"shipping-taxable","16":"purchasable","17":"product-type-simple"},"exclude_global_add_ons":[],"addons":[],"acf":[],"yoast_head":"<!-- This site is optimized with the Yoast SEO plugin v27.3 - https:\/\/yoast.com\/product\/yoast-seo-wordpress\/ -->\n<title>Hauck reisivoodi Dream&#039;n Play, Beige, \u0414\u0435\u0442\u0441\u043a\u0438e \u043a\u0440\u043e\u0432\u0430\u0442\u043a\u0438, \u043f\u0435\u0440\u0435\u043d\u043e\u0441\u043d\u044b\u0435 \u043a\u0440\u043e\u0432\u0430\u0442\u043a\u0438, \u043b\u044e\u043b\u044c\u043a\u0438, \u041f\u0435\u0440\u0435\u043d\u043e\u0441\u043d\u044b\u0435 \u043a\u0440\u043e\u0432\u0430\u0442\u043a\u0438, M\u0435\u0431\u0435\u043b\u044c, Beebipood<\/title>\n<meta name=\"description\" content=\"Hauck reisivoodi Dream&#039;n Play, Beige, mugav kott\u00a0voodi hoiustamiseks ning kaasaskandmisekskomplektis madrats 60x120cmkandev\u00f5ime:&amp;nbsp\" \/>\n<meta name=\"robots\" content=\"index, follow, max-snippet:-1, max-image-preview:large, max-video-preview:-1\" \/>\n<link rel=\"canonical\" href=\"https:\/\/beebipood.ee\/ru\/produkt\/hauck-reisivoodi-sleep-n-easyfold-dark-grey\/\" \/>\n<meta property=\"og:locale\" content=\"ru_RU\" \/>\n<meta property=\"og:type\" content=\"article\" \/>\n<meta property=\"og:title\" content=\"Hauck reisivoodi Dream&#039;n Play, Beige, \u0414\u0435\u0442\u0441\u043a\u0438e \u043a\u0440\u043e\u0432\u0430\u0442\u043a\u0438, \u043f\u0435\u0440\u0435\u043d\u043e\u0441\u043d\u044b\u0435 \u043a\u0440\u043e\u0432\u0430\u0442\u043a\u0438, \u043b\u044e\u043b\u044c\u043a\u0438, \u041f\u0435\u0440\u0435\u043d\u043e\u0441\u043d\u044b\u0435 \u043a\u0440\u043e\u0432\u0430\u0442\u043a\u0438, M\u0435\u0431\u0435\u043b\u044c, Beebipood\" \/>\n<meta property=\"og:description\" content=\"Hauck reisivoodi Dream&#039;n Play, Beige, mugav kott\u00a0voodi hoiustamiseks ning kaasaskandmisekskomplektis madrats 60x120cmkandev\u00f5ime:&amp;nbsp\" \/>\n<meta property=\"og:url\" content=\"https:\/\/beebipood.ee\/ru\/produkt\/hauck-reisivoodi-sleep-n-easyfold-dark-grey\/\" \/>\n<meta property=\"og:site_name\" content=\"Beebipood\" \/>\n<meta property=\"article:modified_time\" content=\"2026-02-16T14:26:57+00:00\" \/>\n<meta property=\"og:image\" content=\"https:\/\/beebipood.ee\/wp-content\/uploads\/2026\/02\/reisivoodi-sleep-n-easyfold.webp\" \/>\n\t<meta property=\"og:image:width\" content=\"823\" \/>\n\t<meta property=\"og:image:height\" content=\"823\" \/>\n\t<meta property=\"og:image:type\" content=\"image\/webp\" \/>\n<meta name=\"twitter:card\" content=\"summary_large_image\" \/>\n<meta name=\"twitter:label1\" content=\"\u041f\u0440\u0438\u043c\u0435\u0440\u043d\u043e\u0435 \u0432\u0440\u0435\u043c\u044f \u0434\u043b\u044f \u0447\u0442\u0435\u043d\u0438\u044f\" \/>\n\t<meta name=\"twitter:data1\" content=\"2 \u043c\u0438\u043d\u0443\u0442\u044b\" \/>\n<script type=\"application\/ld+json\" class=\"yoast-schema-graph\">{\"@context\":\"https:\\\/\\\/schema.org\",\"@graph\":[{\"@type\":\"WebPage\",\"@id\":\"https:\\\/\\\/beebipood.ee\\\/ru\\\/produkt\\\/hauck-reisivoodi-sleep-n-easyfold-dark-grey\\\/\",\"url\":\"https:\\\/\\\/beebipood.ee\\\/ru\\\/produkt\\\/hauck-reisivoodi-sleep-n-easyfold-dark-grey\\\/\",\"name\":\"Hauck reisivoodi Dream'n Play, Beige, \u0414\u0435\u0442\u0441\u043a\u0438e \u043a\u0440\u043e\u0432\u0430\u0442\u043a\u0438, \u043f\u0435\u0440\u0435\u043d\u043e\u0441\u043d\u044b\u0435 \u043a\u0440\u043e\u0432\u0430\u0442\u043a\u0438, \u043b\u044e\u043b\u044c\u043a\u0438, \u041f\u0435\u0440\u0435\u043d\u043e\u0441\u043d\u044b\u0435 \u043a\u0440\u043e\u0432\u0430\u0442\u043a\u0438, M\u0435\u0431\u0435\u043b\u044c, Beebipood\",\"isPartOf\":{\"@id\":\"https:\\\/\\\/beebipood.ee\\\/ru\\\/#website\"},\"primaryImageOfPage\":{\"@id\":\"https:\\\/\\\/beebipood.ee\\\/ru\\\/produkt\\\/hauck-reisivoodi-sleep-n-easyfold-dark-grey\\\/#primaryimage\"},\"image\":{\"@id\":\"https:\\\/\\\/beebipood.ee\\\/ru\\\/produkt\\\/hauck-reisivoodi-sleep-n-easyfold-dark-grey\\\/#primaryimage\"},\"thumbnailUrl\":\"https:\\\/\\\/beebipood.ee\\\/wp-content\\\/uploads\\\/2026\\\/02\\\/reisivoodi-sleep-n-easyfold.webp\",\"datePublished\":\"2026-02-16T06:26:19+00:00\",\"dateModified\":\"2026-02-16T14:26:57+00:00\",\"description\":\"Hauck reisivoodi Dream'n Play, Beige, mugav kott\u00a0voodi hoiustamiseks ning kaasaskandmisekskomplektis madrats 60x120cmkandev\u00f5ime:&nbsp\",\"breadcrumb\":{\"@id\":\"https:\\\/\\\/beebipood.ee\\\/ru\\\/produkt\\\/hauck-reisivoodi-sleep-n-easyfold-dark-grey\\\/#breadcrumb\"},\"inLanguage\":\"ru-RU\",\"potentialAction\":[{\"@type\":\"ReadAction\",\"target\":[\"https:\\\/\\\/beebipood.ee\\\/ru\\\/produkt\\\/hauck-reisivoodi-sleep-n-easyfold-dark-grey\\\/\"]}]},{\"@type\":\"ImageObject\",\"inLanguage\":\"ru-RU\",\"@id\":\"https:\\\/\\\/beebipood.ee\\\/ru\\\/produkt\\\/hauck-reisivoodi-sleep-n-easyfold-dark-grey\\\/#primaryimage\",\"url\":\"https:\\\/\\\/beebipood.ee\\\/wp-content\\\/uploads\\\/2026\\\/02\\\/reisivoodi-sleep-n-easyfold.webp\",\"contentUrl\":\"https:\\\/\\\/beebipood.ee\\\/wp-content\\\/uploads\\\/2026\\\/02\\\/reisivoodi-sleep-n-easyfold.webp\",\"width\":823,\"height\":823},{\"@type\":\"BreadcrumbList\",\"@id\":\"https:\\\/\\\/beebipood.ee\\\/ru\\\/produkt\\\/hauck-reisivoodi-sleep-n-easyfold-dark-grey\\\/#breadcrumb\",\"itemListElement\":[{\"@type\":\"ListItem\",\"position\":1,\"name\":\"Home\",\"item\":\"https:\\\/\\\/beebipood.ee\\\/ru\\\/\"},{\"@type\":\"ListItem\",\"position\":2,\"name\":\"\u041a\u0430\u0442\u0430\u043b\u043e\u0433 \u0442\u043e\u0432\u0430\u0440\u043e\u0432\",\"item\":\"https:\\\/\\\/beebipood.ee\\\/tooted\\\/\"},{\"@type\":\"ListItem\",\"position\":3,\"name\":\"Hauck reisivoodi Sleep N Easyfold, Dark Grey\"}]},{\"@type\":\"WebSite\",\"@id\":\"https:\\\/\\\/beebipood.ee\\\/ru\\\/#website\",\"url\":\"https:\\\/\\\/beebipood.ee\\\/ru\\\/\",\"name\":\"Beebipood\",\"description\":\"Lastekaubad, beebikaubad, m\u00e4nguasjad\",\"publisher\":{\"@id\":\"https:\\\/\\\/beebipood.ee\\\/ru\\\/#organization\"},\"potentialAction\":[{\"@type\":\"SearchAction\",\"target\":{\"@type\":\"EntryPoint\",\"urlTemplate\":\"https:\\\/\\\/beebipood.ee\\\/ru\\\/?s={search_term_string}\"},\"query-input\":{\"@type\":\"PropertyValueSpecification\",\"valueRequired\":true,\"valueName\":\"search_term_string\"}}],\"inLanguage\":\"ru-RU\"},{\"@type\":\"Organization\",\"@id\":\"https:\\\/\\\/beebipood.ee\\\/ru\\\/#organization\",\"name\":\"Beebipood\",\"url\":\"https:\\\/\\\/beebipood.ee\\\/ru\\\/\",\"logo\":{\"@type\":\"ImageObject\",\"inLanguage\":\"ru-RU\",\"@id\":\"https:\\\/\\\/beebipood.ee\\\/ru\\\/#\\\/schema\\\/logo\\\/image\\\/\",\"url\":\"https:\\\/\\\/beebipood.ee\\\/wp-content\\\/uploads\\\/2025\\\/03\\\/beebipood.ee-logo-1.svg\",\"contentUrl\":\"https:\\\/\\\/beebipood.ee\\\/wp-content\\\/uploads\\\/2025\\\/03\\\/beebipood.ee-logo-1.svg\",\"caption\":\"Beebipood\"},\"image\":{\"@id\":\"https:\\\/\\\/beebipood.ee\\\/ru\\\/#\\\/schema\\\/logo\\\/image\\\/\"}}]}<\/script>\n<!-- \/ Yoast SEO plugin. -->","yoast_head_json":{"title":"Hauck reisivoodi Dream'n Play, Beige, \u0414\u0435\u0442\u0441\u043a\u0438e \u043a\u0440\u043e\u0432\u0430\u0442\u043a\u0438, \u043f\u0435\u0440\u0435\u043d\u043e\u0441\u043d\u044b\u0435 \u043a\u0440\u043e\u0432\u0430\u0442\u043a\u0438, \u043b\u044e\u043b\u044c\u043a\u0438, \u041f\u0435\u0440\u0435\u043d\u043e\u0441\u043d\u044b\u0435 \u043a\u0440\u043e\u0432\u0430\u0442\u043a\u0438, M\u0435\u0431\u0435\u043b\u044c, Beebipood","description":"Hauck reisivoodi Dream'n Play, Beige, mugav kott\u00a0voodi hoiustamiseks ning kaasaskandmisekskomplektis madrats 60x120cmkandev\u00f5ime:&nbsp","robots":{"index":"index","follow":"follow","max-snippet":"max-snippet:-1","max-image-preview":"max-image-preview:large","max-video-preview":"max-video-preview:-1"},"canonical":"https:\/\/beebipood.ee\/ru\/produkt\/hauck-reisivoodi-sleep-n-easyfold-dark-grey\/","og_locale":"ru_RU","og_type":"article","og_title":"Hauck reisivoodi Dream'n Play, Beige, \u0414\u0435\u0442\u0441\u043a\u0438e \u043a\u0440\u043e\u0432\u0430\u0442\u043a\u0438, \u043f\u0435\u0440\u0435\u043d\u043e\u0441\u043d\u044b\u0435 \u043a\u0440\u043e\u0432\u0430\u0442\u043a\u0438, \u043b\u044e\u043b\u044c\u043a\u0438, \u041f\u0435\u0440\u0435\u043d\u043e\u0441\u043d\u044b\u0435 \u043a\u0440\u043e\u0432\u0430\u0442\u043a\u0438, M\u0435\u0431\u0435\u043b\u044c, Beebipood","og_description":"Hauck reisivoodi Dream'n Play, Beige, mugav kott\u00a0voodi hoiustamiseks ning kaasaskandmisekskomplektis madrats 60x120cmkandev\u00f5ime:&nbsp","og_url":"https:\/\/beebipood.ee\/ru\/produkt\/hauck-reisivoodi-sleep-n-easyfold-dark-grey\/","og_site_name":"Beebipood","article_modified_time":"2026-02-16T14:26:57+00:00","og_image":[{"width":823,"height":823,"url":"https:\/\/beebipood.ee\/wp-content\/uploads\/2026\/02\/reisivoodi-sleep-n-easyfold.webp","type":"image\/webp"}],"twitter_card":"summary_large_image","twitter_misc":{"\u041f\u0440\u0438\u043c\u0435\u0440\u043d\u043e\u0435 \u0432\u0440\u0435\u043c\u044f \u0434\u043b\u044f \u0447\u0442\u0435\u043d\u0438\u044f":"2 \u043c\u0438\u043d\u0443\u0442\u044b"},"schema":{"@context":"https:\/\/schema.org","@graph":[{"@type":"WebPage","@id":"https:\/\/beebipood.ee\/ru\/produkt\/hauck-reisivoodi-sleep-n-easyfold-dark-grey\/","url":"https:\/\/beebipood.ee\/ru\/produkt\/hauck-reisivoodi-sleep-n-easyfold-dark-grey\/","name":"Hauck reisivoodi Dream'n Play, Beige, \u0414\u0435\u0442\u0441\u043a\u0438e \u043a\u0440\u043e\u0432\u0430\u0442\u043a\u0438, \u043f\u0435\u0440\u0435\u043d\u043e\u0441\u043d\u044b\u0435 \u043a\u0440\u043e\u0432\u0430\u0442\u043a\u0438, \u043b\u044e\u043b\u044c\u043a\u0438, \u041f\u0435\u0440\u0435\u043d\u043e\u0441\u043d\u044b\u0435 \u043a\u0440\u043e\u0432\u0430\u0442\u043a\u0438, M\u0435\u0431\u0435\u043b\u044c, Beebipood","isPartOf":{"@id":"https:\/\/beebipood.ee\/ru\/#website"},"primaryImageOfPage":{"@id":"https:\/\/beebipood.ee\/ru\/produkt\/hauck-reisivoodi-sleep-n-easyfold-dark-grey\/#primaryimage"},"image":{"@id":"https:\/\/beebipood.ee\/ru\/produkt\/hauck-reisivoodi-sleep-n-easyfold-dark-grey\/#primaryimage"},"thumbnailUrl":"https:\/\/beebipood.ee\/wp-content\/uploads\/2026\/02\/reisivoodi-sleep-n-easyfold.webp","datePublished":"2026-02-16T06:26:19+00:00","dateModified":"2026-02-16T14:26:57+00:00","description":"Hauck reisivoodi Dream'n Play, Beige, mugav kott\u00a0voodi hoiustamiseks ning kaasaskandmisekskomplektis madrats 60x120cmkandev\u00f5ime:&nbsp","breadcrumb":{"@id":"https:\/\/beebipood.ee\/ru\/produkt\/hauck-reisivoodi-sleep-n-easyfold-dark-grey\/#breadcrumb"},"inLanguage":"ru-RU","potentialAction":[{"@type":"ReadAction","target":["https:\/\/beebipood.ee\/ru\/produkt\/hauck-reisivoodi-sleep-n-easyfold-dark-grey\/"]}]},{"@type":"ImageObject","inLanguage":"ru-RU","@id":"https:\/\/beebipood.ee\/ru\/produkt\/hauck-reisivoodi-sleep-n-easyfold-dark-grey\/#primaryimage","url":"https:\/\/beebipood.ee\/wp-content\/uploads\/2026\/02\/reisivoodi-sleep-n-easyfold.webp","contentUrl":"https:\/\/beebipood.ee\/wp-content\/uploads\/2026\/02\/reisivoodi-sleep-n-easyfold.webp","width":823,"height":823},{"@type":"BreadcrumbList","@id":"https:\/\/beebipood.ee\/ru\/produkt\/hauck-reisivoodi-sleep-n-easyfold-dark-grey\/#breadcrumb","itemListElement":[{"@type":"ListItem","position":1,"name":"Home","item":"https:\/\/beebipood.ee\/ru\/"},{"@type":"ListItem","position":2,"name":"\u041a\u0430\u0442\u0430\u043b\u043e\u0433 \u0442\u043e\u0432\u0430\u0440\u043e\u0432","item":"https:\/\/beebipood.ee\/tooted\/"},{"@type":"ListItem","position":3,"name":"Hauck reisivoodi Sleep N Easyfold, Dark Grey"}]},{"@type":"WebSite","@id":"https:\/\/beebipood.ee\/ru\/#website","url":"https:\/\/beebipood.ee\/ru\/","name":"Beebipood","description":"Lastekaubad, beebikaubad, m\u00e4nguasjad","publisher":{"@id":"https:\/\/beebipood.ee\/ru\/#organization"},"potentialAction":[{"@type":"SearchAction","target":{"@type":"EntryPoint","urlTemplate":"https:\/\/beebipood.ee\/ru\/?s={search_term_string}"},"query-input":{"@type":"PropertyValueSpecification","valueRequired":true,"valueName":"search_term_string"}}],"inLanguage":"ru-RU"},{"@type":"Organization","@id":"https:\/\/beebipood.ee\/ru\/#organization","name":"Beebipood","url":"https:\/\/beebipood.ee\/ru\/","logo":{"@type":"ImageObject","inLanguage":"ru-RU","@id":"https:\/\/beebipood.ee\/ru\/#\/schema\/logo\/image\/","url":"https:\/\/beebipood.ee\/wp-content\/uploads\/2025\/03\/beebipood.ee-logo-1.svg","contentUrl":"https:\/\/beebipood.ee\/wp-content\/uploads\/2025\/03\/beebipood.ee-logo-1.svg","caption":"Beebipood"},"image":{"@id":"https:\/\/beebipood.ee\/ru\/#\/schema\/logo\/image\/"}}]}},"brands":[{"id":11952,"name":"Hauck","slug":"hauck-ru"}],"_links":{"self":[{"href":"https:\/\/beebipood.ee\/ru\/wp-json\/wp\/v2\/product\/456510","targetHints":{"allow":["GET"]}}],"collection":[{"href":"https:\/\/beebipood.ee\/ru\/wp-json\/wp\/v2\/product"}],"about":[{"href":"https:\/\/beebipood.ee\/ru\/wp-json\/wp\/v2\/types\/product"}],"wp:featuredmedia":[{"embeddable":true,"href":"https:\/\/beebipood.ee\/ru\/wp-json\/wp\/v2\/media\/511312"}],"wp:attachment":[{"href":"https:\/\/beebipood.ee\/ru\/wp-json\/wp\/v2\/media?parent=456510"}],"wp:term":[{"taxonomy":"pwb-brand","embeddable":true,"href":"https:\/\/beebipood.ee\/ru\/wp-json\/wp\/v2\/pwb-brand?post=456510"},{"taxonomy":"product_brand","embeddable":true,"href":"https:\/\/beebipood.ee\/ru\/wp-json\/wp\/v2\/product_brand?post=456510"},{"taxonomy":"product_cat","embeddable":true,"href":"https:\/\/beebipood.ee\/ru\/wp-json\/wp\/v2\/product_cat?post=456510"},{"taxonomy":"product_tag","embeddable":true,"href":"https:\/\/beebipood.ee\/ru\/wp-json\/wp\/v2\/product_tag?post=456510"}],"curies":[{"name":"wp","href":"https:\/\/api.w.org\/{rel}","templated":true}]}}