{"id":456512,"date":"2016-02-11T08:37:49","date_gmt":"2016-02-11T06:37:49","guid":{"rendered":"https:\/\/beebipood.ee\/toode\/hauck-2-uhes-mangumatt-ja-hoiukott-play-n-tidy\/"},"modified":"2025-01-09T10:50:32","modified_gmt":"2025-01-09T08:50:32","slug":"hauck-2-uhes-mangumatt-ja-hoiukott-play-n-tidy","status":"publish","type":"product","link":"https:\/\/beebipood.ee\/ru\/produkt\/hauck-2-uhes-mangumatt-ja-hoiukott-play-n-tidy\/","title":{"rendered":"Hauck 2-\u00fches m\u00e4ngumatt ja hoiukott, Play N Tidy"},"content":{"rendered":"<p>M\u00e4ngumatt, mis hoiab toa korras<br \/>Korjab kokku k\u00f5ik \u00fche randmeliigutusega<br \/>Sang tugevast n\u00f6\u00f6rist ja m\u00e4ngumatist<br \/>muutub praktiliseks ja kergeks kotiks igasuguste m\u00e4nguasjade jaoks.<br \/>Kui teie laps m\u00e4ngib, siis pingutusn\u00f6\u00f6ri <br \/>hoitakse v\u00e4ikeses kotis, nii see ei sega see m\u00e4ngimist.<br \/>M\u00e4ngumati l\u00e4bim\u00f5\u00f5t 120cm<br \/>Kui teie m\u00e4ngumatil on mustuse m\u00e4rke <br \/>siis pange see lihtsalt pesumasinasse ja peske 40\u00b0 C juures. <br \/>Kergesti puhastatav pol\u00fcesterkangas on \u00fclimalt vastupidav.<\/p>\n","protected":false},"excerpt":{"rendered":"<p>M\u00e4ngumatt, mis hoiab toa korrasKorjab kokku k\u00f5ik \u00fche randmeliigutusegaSang tugevast n\u00f6\u00f6rist ja m\u00e4ngumatistmuutub praktiliseks ja kergeks kotiks igasuguste m\u00e4nguasjade jaoks.Kui teie laps m\u00e4ngib, siis pingutusn\u00f6\u00f6ri hoitakse v\u00e4ikeses kotis, nii see ei sega see m\u00e4ngimist.M\u00e4ngumati l\u00e4bim\u00f5\u00f5t 120cmKui teie m\u00e4ngumatil on mustuse m\u00e4rke siis pange see lihtsalt pesumasinasse ja peske 40\u00b0 C juures. Kergesti puhastatav pol\u00fcesterkangas on [&hellip;]<\/p>\n","protected":false},"featured_media":108140,"template":"","meta":{"_acf_changed":false},"pwb-brand":[11952],"product_brand":[],"product_cat":[11669,11671,11675,11709,11689],"product_tag":[],"class_list":{"0":"post-456512","1":"product","2":"type-product","3":"status-publish","4":"has-post-thumbnail","6":"pwb-brand-hauck-ru","7":"product_cat-muu-sisustus-varia-ru","8":"product_cat-vaibad-ru","9":"product_cat-aktiivne-tegevus-ja-vaba-aeg-ru","10":"product_cat-sootmistoolid-beebi-ja-lastetarbed-mahkimine-hugieen-ru","11":"product_cat-manguasjad-mangud-nukud-mangumoobel-ru","12":"pa_manufacturer-hauck-ru","14":"first","15":"instock","16":"sale","17":"taxable","18":"shipping-taxable","19":"purchasable","20":"product-type-simple"},"exclude_global_add_ons":[],"addons":[],"acf":[],"yoast_head":"<!-- This site is optimized with the Yoast SEO plugin v27.1.1 - https:\/\/yoast.com\/product\/yoast-seo-wordpress\/ -->\n<title>Hauck 2-\u00fches m\u00e4ngumatt ja hoiukott, Play N Tidy, \u0414\u0440\u0443\u0433\u0430\u044f \u043c\u0435\u0431\u0435\u043b\u044c, \u041a\u043e\u0432\u0440\u044b, \u0410\u043a\u0442\u0438\u0432\u043d\u044b\u0435 \u0434\u0435\u0439\u0441\u0442\u0432\u0438\u044f, \u0418\u0433\u0440\u0443\u0448\u043a\u0438, \u041f\u0440\u0438\u043d\u0430\u0434\u043b\u0435\u0436\u043d\u043e\u0441\u0442\u0438 \u0434\u043b\u044f \u043c\u043b\u0430\u0434\u0435\u043d\u0446\u0435\u0432, Beebipood<\/title>\n<meta name=\"description\" content=\"Hauck 2-\u00fches m\u00e4ngumatt ja hoiukott, Play N Tidy, M&auml;ngumatt, mis hoiab toa korrasKorjab kokku k&otilde;ik &uuml;he randmeliigutusegaSang tu\" \/>\n<meta name=\"robots\" content=\"index, follow, max-snippet:-1, max-image-preview:large, max-video-preview:-1\" \/>\n<link rel=\"canonical\" href=\"https:\/\/beebipood.ee\/ru\/produkt\/hauck-2-uhes-mangumatt-ja-hoiukott-play-n-tidy\/\" \/>\n<meta property=\"og:locale\" content=\"ru_RU\" \/>\n<meta property=\"og:type\" content=\"article\" \/>\n<meta property=\"og:title\" content=\"Hauck 2-\u00fches m\u00e4ngumatt ja hoiukott, Play N Tidy, \u0414\u0440\u0443\u0433\u0430\u044f \u043c\u0435\u0431\u0435\u043b\u044c, \u041a\u043e\u0432\u0440\u044b, \u0410\u043a\u0442\u0438\u0432\u043d\u044b\u0435 \u0434\u0435\u0439\u0441\u0442\u0432\u0438\u044f, \u0418\u0433\u0440\u0443\u0448\u043a\u0438, \u041f\u0440\u0438\u043d\u0430\u0434\u043b\u0435\u0436\u043d\u043e\u0441\u0442\u0438 \u0434\u043b\u044f \u043c\u043b\u0430\u0434\u0435\u043d\u0446\u0435\u0432, Beebipood\" \/>\n<meta property=\"og:description\" content=\"Hauck 2-\u00fches m\u00e4ngumatt ja hoiukott, Play N Tidy, M&auml;ngumatt, mis hoiab toa korrasKorjab kokku k&otilde;ik &uuml;he randmeliigutusegaSang tu\" \/>\n<meta property=\"og:url\" content=\"https:\/\/beebipood.ee\/ru\/produkt\/hauck-2-uhes-mangumatt-ja-hoiukott-play-n-tidy\/\" \/>\n<meta property=\"og:site_name\" content=\"Beebipood\" \/>\n<meta property=\"article:modified_time\" content=\"2025-01-09T08:50:32+00:00\" \/>\n<meta property=\"og:image\" content=\"https:\/\/beebipood.ee\/wp-content\/uploads\/2016\/02\/Hauck-2uhes-mangumatt-ja-hoiukott-Play-N-Tidy-Beebivoodid-reisivoodid-hallid-Reisivoodid-Lastemoobel-ja-sisustus_3-d6e.jpg\" \/>\n\t<meta property=\"og:image:width\" content=\"1500\" \/>\n\t<meta property=\"og:image:height\" content=\"1500\" \/>\n\t<meta property=\"og:image:type\" content=\"image\/jpeg\" \/>\n<meta name=\"twitter:card\" content=\"summary_large_image\" \/>\n<script type=\"application\/ld+json\" class=\"yoast-schema-graph\">{\"@context\":\"https:\/\/schema.org\",\"@graph\":[{\"@type\":\"WebPage\",\"@id\":\"https:\/\/beebipood.ee\/ru\/produkt\/hauck-2-uhes-mangumatt-ja-hoiukott-play-n-tidy\/\",\"url\":\"https:\/\/beebipood.ee\/ru\/produkt\/hauck-2-uhes-mangumatt-ja-hoiukott-play-n-tidy\/\",\"name\":\"Hauck 2-\u00fches m\u00e4ngumatt ja hoiukott, Play N Tidy, \u0414\u0440\u0443\u0433\u0430\u044f \u043c\u0435\u0431\u0435\u043b\u044c, \u041a\u043e\u0432\u0440\u044b, \u0410\u043a\u0442\u0438\u0432\u043d\u044b\u0435 \u0434\u0435\u0439\u0441\u0442\u0432\u0438\u044f, \u0418\u0433\u0440\u0443\u0448\u043a\u0438, \u041f\u0440\u0438\u043d\u0430\u0434\u043b\u0435\u0436\u043d\u043e\u0441\u0442\u0438 \u0434\u043b\u044f \u043c\u043b\u0430\u0434\u0435\u043d\u0446\u0435\u0432, Beebipood\",\"isPartOf\":{\"@id\":\"https:\/\/beebipood.ee\/ru\/#website\"},\"primaryImageOfPage\":{\"@id\":\"https:\/\/beebipood.ee\/ru\/produkt\/hauck-2-uhes-mangumatt-ja-hoiukott-play-n-tidy\/#primaryimage\"},\"image\":{\"@id\":\"https:\/\/beebipood.ee\/ru\/produkt\/hauck-2-uhes-mangumatt-ja-hoiukott-play-n-tidy\/#primaryimage\"},\"thumbnailUrl\":\"https:\/\/beebipood.ee\/wp-content\/uploads\/2016\/02\/Hauck-2uhes-mangumatt-ja-hoiukott-Play-N-Tidy-Beebivoodid-reisivoodid-hallid-Reisivoodid-Lastemoobel-ja-sisustus_3-d6e.jpg\",\"datePublished\":\"2016-02-11T06:37:49+00:00\",\"dateModified\":\"2025-01-09T08:50:32+00:00\",\"description\":\"Hauck 2-\u00fches m\u00e4ngumatt ja hoiukott, Play N Tidy, M&auml;ngumatt, mis hoiab toa korrasKorjab kokku k&otilde;ik &uuml;he randmeliigutusegaSang tu\",\"breadcrumb\":{\"@id\":\"https:\/\/beebipood.ee\/ru\/produkt\/hauck-2-uhes-mangumatt-ja-hoiukott-play-n-tidy\/#breadcrumb\"},\"inLanguage\":\"ru-RU\",\"potentialAction\":[{\"@type\":\"ReadAction\",\"target\":[\"https:\/\/beebipood.ee\/ru\/produkt\/hauck-2-uhes-mangumatt-ja-hoiukott-play-n-tidy\/\"]}]},{\"@type\":\"ImageObject\",\"inLanguage\":\"ru-RU\",\"@id\":\"https:\/\/beebipood.ee\/ru\/produkt\/hauck-2-uhes-mangumatt-ja-hoiukott-play-n-tidy\/#primaryimage\",\"url\":\"https:\/\/beebipood.ee\/wp-content\/uploads\/2016\/02\/Hauck-2uhes-mangumatt-ja-hoiukott-Play-N-Tidy-Beebivoodid-reisivoodid-hallid-Reisivoodid-Lastemoobel-ja-sisustus_3-d6e.jpg\",\"contentUrl\":\"https:\/\/beebipood.ee\/wp-content\/uploads\/2016\/02\/Hauck-2uhes-mangumatt-ja-hoiukott-Play-N-Tidy-Beebivoodid-reisivoodid-hallid-Reisivoodid-Lastemoobel-ja-sisustus_3-d6e.jpg\",\"width\":1500,\"height\":1500},{\"@type\":\"BreadcrumbList\",\"@id\":\"https:\/\/beebipood.ee\/ru\/produkt\/hauck-2-uhes-mangumatt-ja-hoiukott-play-n-tidy\/#breadcrumb\",\"itemListElement\":[{\"@type\":\"ListItem\",\"position\":1,\"name\":\"Home\",\"item\":\"https:\/\/beebipood.ee\/ru\/\"},{\"@type\":\"ListItem\",\"position\":2,\"name\":\"\u041a\u0430\u0442\u0430\u043b\u043e\u0433 \u0442\u043e\u0432\u0430\u0440\u043e\u0432\",\"item\":\"https:\/\/beebipood.ee\/tooted\/\"},{\"@type\":\"ListItem\",\"position\":3,\"name\":\"Hauck 2-\u00fches m\u00e4ngumatt ja hoiukott, Play N Tidy\"}]},{\"@type\":\"WebSite\",\"@id\":\"https:\/\/beebipood.ee\/ru\/#website\",\"url\":\"https:\/\/beebipood.ee\/ru\/\",\"name\":\"Beebipood\",\"description\":\"Lastekaubad, beebikaubad, m\u00e4nguasjad\",\"publisher\":{\"@id\":\"https:\/\/beebipood.ee\/ru\/#organization\"},\"potentialAction\":[{\"@type\":\"SearchAction\",\"target\":{\"@type\":\"EntryPoint\",\"urlTemplate\":\"https:\/\/beebipood.ee\/ru\/?s={search_term_string}\"},\"query-input\":{\"@type\":\"PropertyValueSpecification\",\"valueRequired\":true,\"valueName\":\"search_term_string\"}}],\"inLanguage\":\"ru-RU\"},{\"@type\":\"Organization\",\"@id\":\"https:\/\/beebipood.ee\/ru\/#organization\",\"name\":\"Beebipood\",\"url\":\"https:\/\/beebipood.ee\/ru\/\",\"logo\":{\"@type\":\"ImageObject\",\"inLanguage\":\"ru-RU\",\"@id\":\"https:\/\/beebipood.ee\/ru\/#\/schema\/logo\/image\/\",\"url\":\"https:\/\/beebipood.ee\/wp-content\/uploads\/2025\/03\/beebipood.ee-logo-1.svg\",\"contentUrl\":\"https:\/\/beebipood.ee\/wp-content\/uploads\/2025\/03\/beebipood.ee-logo-1.svg\",\"caption\":\"Beebipood\"},\"image\":{\"@id\":\"https:\/\/beebipood.ee\/ru\/#\/schema\/logo\/image\/\"}}]}<\/script>\n<!-- \/ Yoast SEO plugin. -->","yoast_head_json":{"title":"Hauck 2-\u00fches m\u00e4ngumatt ja hoiukott, Play N Tidy, \u0414\u0440\u0443\u0433\u0430\u044f \u043c\u0435\u0431\u0435\u043b\u044c, \u041a\u043e\u0432\u0440\u044b, \u0410\u043a\u0442\u0438\u0432\u043d\u044b\u0435 \u0434\u0435\u0439\u0441\u0442\u0432\u0438\u044f, \u0418\u0433\u0440\u0443\u0448\u043a\u0438, \u041f\u0440\u0438\u043d\u0430\u0434\u043b\u0435\u0436\u043d\u043e\u0441\u0442\u0438 \u0434\u043b\u044f \u043c\u043b\u0430\u0434\u0435\u043d\u0446\u0435\u0432, Beebipood","description":"Hauck 2-\u00fches m\u00e4ngumatt ja hoiukott, Play N Tidy, M&auml;ngumatt, mis hoiab toa korrasKorjab kokku k&otilde;ik &uuml;he randmeliigutusegaSang tu","robots":{"index":"index","follow":"follow","max-snippet":"max-snippet:-1","max-image-preview":"max-image-preview:large","max-video-preview":"max-video-preview:-1"},"canonical":"https:\/\/beebipood.ee\/ru\/produkt\/hauck-2-uhes-mangumatt-ja-hoiukott-play-n-tidy\/","og_locale":"ru_RU","og_type":"article","og_title":"Hauck 2-\u00fches m\u00e4ngumatt ja hoiukott, Play N Tidy, \u0414\u0440\u0443\u0433\u0430\u044f \u043c\u0435\u0431\u0435\u043b\u044c, \u041a\u043e\u0432\u0440\u044b, \u0410\u043a\u0442\u0438\u0432\u043d\u044b\u0435 \u0434\u0435\u0439\u0441\u0442\u0432\u0438\u044f, \u0418\u0433\u0440\u0443\u0448\u043a\u0438, \u041f\u0440\u0438\u043d\u0430\u0434\u043b\u0435\u0436\u043d\u043e\u0441\u0442\u0438 \u0434\u043b\u044f \u043c\u043b\u0430\u0434\u0435\u043d\u0446\u0435\u0432, Beebipood","og_description":"Hauck 2-\u00fches m\u00e4ngumatt ja hoiukott, Play N Tidy, M&auml;ngumatt, mis hoiab toa korrasKorjab kokku k&otilde;ik &uuml;he randmeliigutusegaSang tu","og_url":"https:\/\/beebipood.ee\/ru\/produkt\/hauck-2-uhes-mangumatt-ja-hoiukott-play-n-tidy\/","og_site_name":"Beebipood","article_modified_time":"2025-01-09T08:50:32+00:00","og_image":[{"width":1500,"height":1500,"url":"https:\/\/beebipood.ee\/wp-content\/uploads\/2016\/02\/Hauck-2uhes-mangumatt-ja-hoiukott-Play-N-Tidy-Beebivoodid-reisivoodid-hallid-Reisivoodid-Lastemoobel-ja-sisustus_3-d6e.jpg","type":"image\/jpeg"}],"twitter_card":"summary_large_image","schema":{"@context":"https:\/\/schema.org","@graph":[{"@type":"WebPage","@id":"https:\/\/beebipood.ee\/ru\/produkt\/hauck-2-uhes-mangumatt-ja-hoiukott-play-n-tidy\/","url":"https:\/\/beebipood.ee\/ru\/produkt\/hauck-2-uhes-mangumatt-ja-hoiukott-play-n-tidy\/","name":"Hauck 2-\u00fches m\u00e4ngumatt ja hoiukott, Play N Tidy, \u0414\u0440\u0443\u0433\u0430\u044f \u043c\u0435\u0431\u0435\u043b\u044c, \u041a\u043e\u0432\u0440\u044b, \u0410\u043a\u0442\u0438\u0432\u043d\u044b\u0435 \u0434\u0435\u0439\u0441\u0442\u0432\u0438\u044f, \u0418\u0433\u0440\u0443\u0448\u043a\u0438, \u041f\u0440\u0438\u043d\u0430\u0434\u043b\u0435\u0436\u043d\u043e\u0441\u0442\u0438 \u0434\u043b\u044f \u043c\u043b\u0430\u0434\u0435\u043d\u0446\u0435\u0432, Beebipood","isPartOf":{"@id":"https:\/\/beebipood.ee\/ru\/#website"},"primaryImageOfPage":{"@id":"https:\/\/beebipood.ee\/ru\/produkt\/hauck-2-uhes-mangumatt-ja-hoiukott-play-n-tidy\/#primaryimage"},"image":{"@id":"https:\/\/beebipood.ee\/ru\/produkt\/hauck-2-uhes-mangumatt-ja-hoiukott-play-n-tidy\/#primaryimage"},"thumbnailUrl":"https:\/\/beebipood.ee\/wp-content\/uploads\/2016\/02\/Hauck-2uhes-mangumatt-ja-hoiukott-Play-N-Tidy-Beebivoodid-reisivoodid-hallid-Reisivoodid-Lastemoobel-ja-sisustus_3-d6e.jpg","datePublished":"2016-02-11T06:37:49+00:00","dateModified":"2025-01-09T08:50:32+00:00","description":"Hauck 2-\u00fches m\u00e4ngumatt ja hoiukott, Play N Tidy, M&auml;ngumatt, mis hoiab toa korrasKorjab kokku k&otilde;ik &uuml;he randmeliigutusegaSang tu","breadcrumb":{"@id":"https:\/\/beebipood.ee\/ru\/produkt\/hauck-2-uhes-mangumatt-ja-hoiukott-play-n-tidy\/#breadcrumb"},"inLanguage":"ru-RU","potentialAction":[{"@type":"ReadAction","target":["https:\/\/beebipood.ee\/ru\/produkt\/hauck-2-uhes-mangumatt-ja-hoiukott-play-n-tidy\/"]}]},{"@type":"ImageObject","inLanguage":"ru-RU","@id":"https:\/\/beebipood.ee\/ru\/produkt\/hauck-2-uhes-mangumatt-ja-hoiukott-play-n-tidy\/#primaryimage","url":"https:\/\/beebipood.ee\/wp-content\/uploads\/2016\/02\/Hauck-2uhes-mangumatt-ja-hoiukott-Play-N-Tidy-Beebivoodid-reisivoodid-hallid-Reisivoodid-Lastemoobel-ja-sisustus_3-d6e.jpg","contentUrl":"https:\/\/beebipood.ee\/wp-content\/uploads\/2016\/02\/Hauck-2uhes-mangumatt-ja-hoiukott-Play-N-Tidy-Beebivoodid-reisivoodid-hallid-Reisivoodid-Lastemoobel-ja-sisustus_3-d6e.jpg","width":1500,"height":1500},{"@type":"BreadcrumbList","@id":"https:\/\/beebipood.ee\/ru\/produkt\/hauck-2-uhes-mangumatt-ja-hoiukott-play-n-tidy\/#breadcrumb","itemListElement":[{"@type":"ListItem","position":1,"name":"Home","item":"https:\/\/beebipood.ee\/ru\/"},{"@type":"ListItem","position":2,"name":"\u041a\u0430\u0442\u0430\u043b\u043e\u0433 \u0442\u043e\u0432\u0430\u0440\u043e\u0432","item":"https:\/\/beebipood.ee\/tooted\/"},{"@type":"ListItem","position":3,"name":"Hauck 2-\u00fches m\u00e4ngumatt ja hoiukott, Play N Tidy"}]},{"@type":"WebSite","@id":"https:\/\/beebipood.ee\/ru\/#website","url":"https:\/\/beebipood.ee\/ru\/","name":"Beebipood","description":"Lastekaubad, beebikaubad, m\u00e4nguasjad","publisher":{"@id":"https:\/\/beebipood.ee\/ru\/#organization"},"potentialAction":[{"@type":"SearchAction","target":{"@type":"EntryPoint","urlTemplate":"https:\/\/beebipood.ee\/ru\/?s={search_term_string}"},"query-input":{"@type":"PropertyValueSpecification","valueRequired":true,"valueName":"search_term_string"}}],"inLanguage":"ru-RU"},{"@type":"Organization","@id":"https:\/\/beebipood.ee\/ru\/#organization","name":"Beebipood","url":"https:\/\/beebipood.ee\/ru\/","logo":{"@type":"ImageObject","inLanguage":"ru-RU","@id":"https:\/\/beebipood.ee\/ru\/#\/schema\/logo\/image\/","url":"https:\/\/beebipood.ee\/wp-content\/uploads\/2025\/03\/beebipood.ee-logo-1.svg","contentUrl":"https:\/\/beebipood.ee\/wp-content\/uploads\/2025\/03\/beebipood.ee-logo-1.svg","caption":"Beebipood"},"image":{"@id":"https:\/\/beebipood.ee\/ru\/#\/schema\/logo\/image\/"}}]}},"brands":[{"id":11952,"name":"Hauck","slug":"hauck-ru"}],"_links":{"self":[{"href":"https:\/\/beebipood.ee\/ru\/wp-json\/wp\/v2\/product\/456512","targetHints":{"allow":["GET"]}}],"collection":[{"href":"https:\/\/beebipood.ee\/ru\/wp-json\/wp\/v2\/product"}],"about":[{"href":"https:\/\/beebipood.ee\/ru\/wp-json\/wp\/v2\/types\/product"}],"wp:featuredmedia":[{"embeddable":true,"href":"https:\/\/beebipood.ee\/ru\/wp-json\/wp\/v2\/media\/108140"}],"wp:attachment":[{"href":"https:\/\/beebipood.ee\/ru\/wp-json\/wp\/v2\/media?parent=456512"}],"wp:term":[{"taxonomy":"pwb-brand","embeddable":true,"href":"https:\/\/beebipood.ee\/ru\/wp-json\/wp\/v2\/pwb-brand?post=456512"},{"taxonomy":"product_brand","embeddable":true,"href":"https:\/\/beebipood.ee\/ru\/wp-json\/wp\/v2\/product_brand?post=456512"},{"taxonomy":"product_cat","embeddable":true,"href":"https:\/\/beebipood.ee\/ru\/wp-json\/wp\/v2\/product_cat?post=456512"},{"taxonomy":"product_tag","embeddable":true,"href":"https:\/\/beebipood.ee\/ru\/wp-json\/wp\/v2\/product_tag?post=456512"}],"curies":[{"name":"wp","href":"https:\/\/api.w.org\/{rel}","templated":true}]}}