{"id":456530,"date":"2016-02-15T09:57:29","date_gmt":"2016-02-15T07:57:29","guid":{"rendered":"https:\/\/beebipood.ee\/toode\/babydan-activity-4-in-1-kaimistool-bordeaux\/"},"modified":"2025-01-09T10:50:31","modified_gmt":"2025-01-09T08:50:31","slug":"babydan-activity-4-in-1-kaimistool-bordeaux","status":"publish","type":"product","link":"https:\/\/beebipood.ee\/ru\/produkt\/babydan-activity-4-in-1-kaimistool-bordeaux\/","title":{"rendered":"BabyDan Activity 4-in-1 k\u00e4imistool, Bordeaux"},"content":{"rendered":"<p>L\u00f5bus Activity k\u00e4imistool BabyDan&#8217;ilt on algselt m\u00f5eldud k\u00f5ndima \u00f5ppimiseks, <br \/>kuid tegelikult sisaldab see nelja kasulikku funktsiooni:<br \/>K\u00f5ndimistugi lapsele<br \/>Istuv asend, kus laps saab ennast jalgadega edasi l\u00fckata<br \/>T\u00f5ukeratas, kui lapse motoorika oskused on juba piisavalt arenenud<br \/>Esipaneel, mis on varustatud heli ja valgusega m\u00e4nguasjadega, <br \/>mis saab vajadusel ka eemaldada.<br \/><span style=\"text-decoration: underline;\"><br \/>Omadused<\/span><br \/>Sobib kasutamiseks al. 6 kuuselt. Max 25kg<br \/>K\u00e4epidemel 2 k\u00f5rgusastet<br \/>Rataste pind on pehme ning ei j\u00e4ta p\u00f5randale j\u00e4lgi<br \/>Rattad on vaiksed ning libisemise kindlad<br \/>V\u00f5imalus muuta k\u00e4imistool raskemaks &#8212; t\u00e4ites selleks m\u00f5eldud kohad liivaga. <br \/>Selline raskus reguleerib ka \u00fcldist kasutamise taset.<br \/>Ratastel on nupud, millega saab reguleerida veeremise takistust<br \/>Nuppudest saab lukustada ka p\u00f6\u00f6ramise &#8212; ehk lapsel on v\u00f5imalik s\u00f5ita ainult otse<br \/>L\u00f5busad m\u00e4nguasjad esipaneelil, mida saab vajadusel eemaldada<br \/>Puhastamine m\u00e4rja lapiga<br \/>Kasutab 2x AA patareisid (ei kuulu komplekti)<br \/><span style=\"text-decoration: underline;\">N\u00e4itajad<\/span><br \/>M\u00f5\u00f5dud: 43 x 53 x 45cm (k\u00f5rgus, laius, pikkus)<br \/>Kaal: 2.5kg<br \/>Materjal: Pol\u00fcpropeen ABS (PVC vaba)<br \/>CE m\u00e4rgistusega ning vastab EN71-2-3 standarditele<\/p>\n","protected":false},"excerpt":{"rendered":"<p>L\u00f5bus Activity k\u00e4imistool BabyDan&#8217;ilt on algselt m\u00f5eldud k\u00f5ndima \u00f5ppimiseks, kuid tegelikult sisaldab see nelja kasulikku funktsiooni:K\u00f5ndimistugi lapseleIstuv asend, kus laps saab ennast jalgadega edasi l\u00fckataT\u00f5ukeratas, kui lapse motoorika oskused on juba piisavalt arenenudEsipaneel, mis on varustatud heli ja valgusega m\u00e4nguasjadega, mis saab vajadusel ka eemaldada.OmadusedSobib kasutamiseks al. 6 kuuselt. Max 25kgK\u00e4epidemel 2 k\u00f5rgusastetRataste pind on [&hellip;]<\/p>\n","protected":false},"featured_media":108322,"template":"","meta":{"_acf_changed":false},"pwb-brand":[11971],"product_brand":[],"product_cat":[11709],"product_tag":[],"class_list":{"0":"post-456530","1":"product","2":"type-product","3":"status-publish","4":"has-post-thumbnail","6":"pwb-brand-babydan-ru","7":"product_cat-sootmistoolid-beebi-ja-lastetarbed-mahkimine-hugieen-ru","8":"pa_manufacturer-babydan-ru","10":"first","11":"onbackorder","12":"taxable","13":"shipping-taxable","14":"purchasable","15":"product-type-simple"},"exclude_global_add_ons":[],"addons":[],"acf":[],"yoast_head":"<!-- This site is optimized with the Yoast SEO plugin v27.1.1 - https:\/\/yoast.com\/product\/yoast-seo-wordpress\/ -->\n<title>BabyDan Activity 4-in-1 k\u00e4imistool, Bordeaux, \u041f\u0440\u0438\u043d\u0430\u0434\u043b\u0435\u0436\u043d\u043e\u0441\u0442\u0438 \u0434\u043b\u044f \u043c\u043b\u0430\u0434\u0435\u043d\u0446\u0435\u0432, Beebipood<\/title>\n<meta name=\"description\" content=\"BabyDan Activity 4-in-1 k\u00e4imistool, Bordeaux, L&otilde;bus Activity k&auml;imistool BabyDan&#039;ilt on algselt m&otilde;eldud k&otilde;ndima &otilde;ppimiseks,\" \/>\n<meta name=\"robots\" content=\"index, follow, max-snippet:-1, max-image-preview:large, max-video-preview:-1\" \/>\n<link rel=\"canonical\" href=\"https:\/\/beebipood.ee\/ru\/produkt\/babydan-activity-4-in-1-kaimistool-bordeaux\/\" \/>\n<meta property=\"og:locale\" content=\"ru_RU\" \/>\n<meta property=\"og:type\" content=\"article\" \/>\n<meta property=\"og:title\" content=\"BabyDan Activity 4-in-1 k\u00e4imistool, Bordeaux, \u041f\u0440\u0438\u043d\u0430\u0434\u043b\u0435\u0436\u043d\u043e\u0441\u0442\u0438 \u0434\u043b\u044f \u043c\u043b\u0430\u0434\u0435\u043d\u0446\u0435\u0432, Beebipood\" \/>\n<meta property=\"og:description\" content=\"BabyDan Activity 4-in-1 k\u00e4imistool, Bordeaux, L&otilde;bus Activity k&auml;imistool BabyDan&#039;ilt on algselt m&otilde;eldud k&otilde;ndima &otilde;ppimiseks,\" \/>\n<meta property=\"og:url\" content=\"https:\/\/beebipood.ee\/ru\/produkt\/babydan-activity-4-in-1-kaimistool-bordeaux\/\" \/>\n<meta property=\"og:site_name\" content=\"Beebipood\" \/>\n<meta property=\"article:modified_time\" content=\"2025-01-09T08:50:31+00:00\" \/>\n<meta property=\"og:image\" content=\"https:\/\/beebipood.ee\/wp-content\/uploads\/2016\/02\/BabyDan-Activity-4in1-kaimistool-Bordeaux-Beebi-ja-lastetarbed_3-7ee.jpg\" \/>\n\t<meta property=\"og:image:width\" content=\"360\" \/>\n\t<meta property=\"og:image:height\" content=\"313\" \/>\n\t<meta property=\"og:image:type\" content=\"image\/jpeg\" \/>\n<meta name=\"twitter:card\" content=\"summary_large_image\" \/>\n<meta name=\"twitter:label1\" content=\"\u041f\u0440\u0438\u043c\u0435\u0440\u043d\u043e\u0435 \u0432\u0440\u0435\u043c\u044f \u0434\u043b\u044f \u0447\u0442\u0435\u043d\u0438\u044f\" \/>\n\t<meta name=\"twitter:data1\" content=\"1 \u043c\u0438\u043d\u0443\u0442\u0430\" \/>\n<script type=\"application\/ld+json\" class=\"yoast-schema-graph\">{\"@context\":\"https:\/\/schema.org\",\"@graph\":[{\"@type\":\"WebPage\",\"@id\":\"https:\/\/beebipood.ee\/ru\/produkt\/babydan-activity-4-in-1-kaimistool-bordeaux\/\",\"url\":\"https:\/\/beebipood.ee\/ru\/produkt\/babydan-activity-4-in-1-kaimistool-bordeaux\/\",\"name\":\"BabyDan Activity 4-in-1 k\u00e4imistool, Bordeaux, \u041f\u0440\u0438\u043d\u0430\u0434\u043b\u0435\u0436\u043d\u043e\u0441\u0442\u0438 \u0434\u043b\u044f \u043c\u043b\u0430\u0434\u0435\u043d\u0446\u0435\u0432, Beebipood\",\"isPartOf\":{\"@id\":\"https:\/\/beebipood.ee\/ru\/#website\"},\"primaryImageOfPage\":{\"@id\":\"https:\/\/beebipood.ee\/ru\/produkt\/babydan-activity-4-in-1-kaimistool-bordeaux\/#primaryimage\"},\"image\":{\"@id\":\"https:\/\/beebipood.ee\/ru\/produkt\/babydan-activity-4-in-1-kaimistool-bordeaux\/#primaryimage\"},\"thumbnailUrl\":\"https:\/\/beebipood.ee\/wp-content\/uploads\/2016\/02\/BabyDan-Activity-4in1-kaimistool-Bordeaux-Beebi-ja-lastetarbed_3-7ee.jpg\",\"datePublished\":\"2016-02-15T07:57:29+00:00\",\"dateModified\":\"2025-01-09T08:50:31+00:00\",\"description\":\"BabyDan Activity 4-in-1 k\u00e4imistool, Bordeaux, L&otilde;bus Activity k&auml;imistool BabyDan'ilt on algselt m&otilde;eldud k&otilde;ndima &otilde;ppimiseks,\",\"breadcrumb\":{\"@id\":\"https:\/\/beebipood.ee\/ru\/produkt\/babydan-activity-4-in-1-kaimistool-bordeaux\/#breadcrumb\"},\"inLanguage\":\"ru-RU\",\"potentialAction\":[{\"@type\":\"ReadAction\",\"target\":[\"https:\/\/beebipood.ee\/ru\/produkt\/babydan-activity-4-in-1-kaimistool-bordeaux\/\"]}]},{\"@type\":\"ImageObject\",\"inLanguage\":\"ru-RU\",\"@id\":\"https:\/\/beebipood.ee\/ru\/produkt\/babydan-activity-4-in-1-kaimistool-bordeaux\/#primaryimage\",\"url\":\"https:\/\/beebipood.ee\/wp-content\/uploads\/2016\/02\/BabyDan-Activity-4in1-kaimistool-Bordeaux-Beebi-ja-lastetarbed_3-7ee.jpg\",\"contentUrl\":\"https:\/\/beebipood.ee\/wp-content\/uploads\/2016\/02\/BabyDan-Activity-4in1-kaimistool-Bordeaux-Beebi-ja-lastetarbed_3-7ee.jpg\",\"width\":360,\"height\":313},{\"@type\":\"BreadcrumbList\",\"@id\":\"https:\/\/beebipood.ee\/ru\/produkt\/babydan-activity-4-in-1-kaimistool-bordeaux\/#breadcrumb\",\"itemListElement\":[{\"@type\":\"ListItem\",\"position\":1,\"name\":\"Home\",\"item\":\"https:\/\/beebipood.ee\/ru\/\"},{\"@type\":\"ListItem\",\"position\":2,\"name\":\"\u041a\u0430\u0442\u0430\u043b\u043e\u0433 \u0442\u043e\u0432\u0430\u0440\u043e\u0432\",\"item\":\"https:\/\/beebipood.ee\/tooted\/\"},{\"@type\":\"ListItem\",\"position\":3,\"name\":\"BabyDan Activity 4-in-1 k\u00e4imistool, Bordeaux\"}]},{\"@type\":\"WebSite\",\"@id\":\"https:\/\/beebipood.ee\/ru\/#website\",\"url\":\"https:\/\/beebipood.ee\/ru\/\",\"name\":\"Beebipood\",\"description\":\"Lastekaubad, beebikaubad, m\u00e4nguasjad\",\"publisher\":{\"@id\":\"https:\/\/beebipood.ee\/ru\/#organization\"},\"potentialAction\":[{\"@type\":\"SearchAction\",\"target\":{\"@type\":\"EntryPoint\",\"urlTemplate\":\"https:\/\/beebipood.ee\/ru\/?s={search_term_string}\"},\"query-input\":{\"@type\":\"PropertyValueSpecification\",\"valueRequired\":true,\"valueName\":\"search_term_string\"}}],\"inLanguage\":\"ru-RU\"},{\"@type\":\"Organization\",\"@id\":\"https:\/\/beebipood.ee\/ru\/#organization\",\"name\":\"Beebipood\",\"url\":\"https:\/\/beebipood.ee\/ru\/\",\"logo\":{\"@type\":\"ImageObject\",\"inLanguage\":\"ru-RU\",\"@id\":\"https:\/\/beebipood.ee\/ru\/#\/schema\/logo\/image\/\",\"url\":\"https:\/\/beebipood.ee\/wp-content\/uploads\/2025\/03\/beebipood.ee-logo-1.svg\",\"contentUrl\":\"https:\/\/beebipood.ee\/wp-content\/uploads\/2025\/03\/beebipood.ee-logo-1.svg\",\"caption\":\"Beebipood\"},\"image\":{\"@id\":\"https:\/\/beebipood.ee\/ru\/#\/schema\/logo\/image\/\"}}]}<\/script>\n<!-- \/ Yoast SEO plugin. -->","yoast_head_json":{"title":"BabyDan Activity 4-in-1 k\u00e4imistool, Bordeaux, \u041f\u0440\u0438\u043d\u0430\u0434\u043b\u0435\u0436\u043d\u043e\u0441\u0442\u0438 \u0434\u043b\u044f \u043c\u043b\u0430\u0434\u0435\u043d\u0446\u0435\u0432, Beebipood","description":"BabyDan Activity 4-in-1 k\u00e4imistool, Bordeaux, L&otilde;bus Activity k&auml;imistool BabyDan'ilt on algselt m&otilde;eldud k&otilde;ndima &otilde;ppimiseks,","robots":{"index":"index","follow":"follow","max-snippet":"max-snippet:-1","max-image-preview":"max-image-preview:large","max-video-preview":"max-video-preview:-1"},"canonical":"https:\/\/beebipood.ee\/ru\/produkt\/babydan-activity-4-in-1-kaimistool-bordeaux\/","og_locale":"ru_RU","og_type":"article","og_title":"BabyDan Activity 4-in-1 k\u00e4imistool, Bordeaux, \u041f\u0440\u0438\u043d\u0430\u0434\u043b\u0435\u0436\u043d\u043e\u0441\u0442\u0438 \u0434\u043b\u044f \u043c\u043b\u0430\u0434\u0435\u043d\u0446\u0435\u0432, Beebipood","og_description":"BabyDan Activity 4-in-1 k\u00e4imistool, Bordeaux, L&otilde;bus Activity k&auml;imistool BabyDan'ilt on algselt m&otilde;eldud k&otilde;ndima &otilde;ppimiseks,","og_url":"https:\/\/beebipood.ee\/ru\/produkt\/babydan-activity-4-in-1-kaimistool-bordeaux\/","og_site_name":"Beebipood","article_modified_time":"2025-01-09T08:50:31+00:00","og_image":[{"width":360,"height":313,"url":"https:\/\/beebipood.ee\/wp-content\/uploads\/2016\/02\/BabyDan-Activity-4in1-kaimistool-Bordeaux-Beebi-ja-lastetarbed_3-7ee.jpg","type":"image\/jpeg"}],"twitter_card":"summary_large_image","twitter_misc":{"\u041f\u0440\u0438\u043c\u0435\u0440\u043d\u043e\u0435 \u0432\u0440\u0435\u043c\u044f \u0434\u043b\u044f \u0447\u0442\u0435\u043d\u0438\u044f":"1 \u043c\u0438\u043d\u0443\u0442\u0430"},"schema":{"@context":"https:\/\/schema.org","@graph":[{"@type":"WebPage","@id":"https:\/\/beebipood.ee\/ru\/produkt\/babydan-activity-4-in-1-kaimistool-bordeaux\/","url":"https:\/\/beebipood.ee\/ru\/produkt\/babydan-activity-4-in-1-kaimistool-bordeaux\/","name":"BabyDan Activity 4-in-1 k\u00e4imistool, Bordeaux, \u041f\u0440\u0438\u043d\u0430\u0434\u043b\u0435\u0436\u043d\u043e\u0441\u0442\u0438 \u0434\u043b\u044f \u043c\u043b\u0430\u0434\u0435\u043d\u0446\u0435\u0432, Beebipood","isPartOf":{"@id":"https:\/\/beebipood.ee\/ru\/#website"},"primaryImageOfPage":{"@id":"https:\/\/beebipood.ee\/ru\/produkt\/babydan-activity-4-in-1-kaimistool-bordeaux\/#primaryimage"},"image":{"@id":"https:\/\/beebipood.ee\/ru\/produkt\/babydan-activity-4-in-1-kaimistool-bordeaux\/#primaryimage"},"thumbnailUrl":"https:\/\/beebipood.ee\/wp-content\/uploads\/2016\/02\/BabyDan-Activity-4in1-kaimistool-Bordeaux-Beebi-ja-lastetarbed_3-7ee.jpg","datePublished":"2016-02-15T07:57:29+00:00","dateModified":"2025-01-09T08:50:31+00:00","description":"BabyDan Activity 4-in-1 k\u00e4imistool, Bordeaux, L&otilde;bus Activity k&auml;imistool BabyDan'ilt on algselt m&otilde;eldud k&otilde;ndima &otilde;ppimiseks,","breadcrumb":{"@id":"https:\/\/beebipood.ee\/ru\/produkt\/babydan-activity-4-in-1-kaimistool-bordeaux\/#breadcrumb"},"inLanguage":"ru-RU","potentialAction":[{"@type":"ReadAction","target":["https:\/\/beebipood.ee\/ru\/produkt\/babydan-activity-4-in-1-kaimistool-bordeaux\/"]}]},{"@type":"ImageObject","inLanguage":"ru-RU","@id":"https:\/\/beebipood.ee\/ru\/produkt\/babydan-activity-4-in-1-kaimistool-bordeaux\/#primaryimage","url":"https:\/\/beebipood.ee\/wp-content\/uploads\/2016\/02\/BabyDan-Activity-4in1-kaimistool-Bordeaux-Beebi-ja-lastetarbed_3-7ee.jpg","contentUrl":"https:\/\/beebipood.ee\/wp-content\/uploads\/2016\/02\/BabyDan-Activity-4in1-kaimistool-Bordeaux-Beebi-ja-lastetarbed_3-7ee.jpg","width":360,"height":313},{"@type":"BreadcrumbList","@id":"https:\/\/beebipood.ee\/ru\/produkt\/babydan-activity-4-in-1-kaimistool-bordeaux\/#breadcrumb","itemListElement":[{"@type":"ListItem","position":1,"name":"Home","item":"https:\/\/beebipood.ee\/ru\/"},{"@type":"ListItem","position":2,"name":"\u041a\u0430\u0442\u0430\u043b\u043e\u0433 \u0442\u043e\u0432\u0430\u0440\u043e\u0432","item":"https:\/\/beebipood.ee\/tooted\/"},{"@type":"ListItem","position":3,"name":"BabyDan Activity 4-in-1 k\u00e4imistool, Bordeaux"}]},{"@type":"WebSite","@id":"https:\/\/beebipood.ee\/ru\/#website","url":"https:\/\/beebipood.ee\/ru\/","name":"Beebipood","description":"Lastekaubad, beebikaubad, m\u00e4nguasjad","publisher":{"@id":"https:\/\/beebipood.ee\/ru\/#organization"},"potentialAction":[{"@type":"SearchAction","target":{"@type":"EntryPoint","urlTemplate":"https:\/\/beebipood.ee\/ru\/?s={search_term_string}"},"query-input":{"@type":"PropertyValueSpecification","valueRequired":true,"valueName":"search_term_string"}}],"inLanguage":"ru-RU"},{"@type":"Organization","@id":"https:\/\/beebipood.ee\/ru\/#organization","name":"Beebipood","url":"https:\/\/beebipood.ee\/ru\/","logo":{"@type":"ImageObject","inLanguage":"ru-RU","@id":"https:\/\/beebipood.ee\/ru\/#\/schema\/logo\/image\/","url":"https:\/\/beebipood.ee\/wp-content\/uploads\/2025\/03\/beebipood.ee-logo-1.svg","contentUrl":"https:\/\/beebipood.ee\/wp-content\/uploads\/2025\/03\/beebipood.ee-logo-1.svg","caption":"Beebipood"},"image":{"@id":"https:\/\/beebipood.ee\/ru\/#\/schema\/logo\/image\/"}}]}},"brands":[{"id":11971,"name":"BabyDan","slug":"babydan-ru"}],"_links":{"self":[{"href":"https:\/\/beebipood.ee\/ru\/wp-json\/wp\/v2\/product\/456530","targetHints":{"allow":["GET"]}}],"collection":[{"href":"https:\/\/beebipood.ee\/ru\/wp-json\/wp\/v2\/product"}],"about":[{"href":"https:\/\/beebipood.ee\/ru\/wp-json\/wp\/v2\/types\/product"}],"wp:featuredmedia":[{"embeddable":true,"href":"https:\/\/beebipood.ee\/ru\/wp-json\/wp\/v2\/media\/108322"}],"wp:attachment":[{"href":"https:\/\/beebipood.ee\/ru\/wp-json\/wp\/v2\/media?parent=456530"}],"wp:term":[{"taxonomy":"pwb-brand","embeddable":true,"href":"https:\/\/beebipood.ee\/ru\/wp-json\/wp\/v2\/pwb-brand?post=456530"},{"taxonomy":"product_brand","embeddable":true,"href":"https:\/\/beebipood.ee\/ru\/wp-json\/wp\/v2\/product_brand?post=456530"},{"taxonomy":"product_cat","embeddable":true,"href":"https:\/\/beebipood.ee\/ru\/wp-json\/wp\/v2\/product_cat?post=456530"},{"taxonomy":"product_tag","embeddable":true,"href":"https:\/\/beebipood.ee\/ru\/wp-json\/wp\/v2\/product_tag?post=456530"}],"curies":[{"name":"wp","href":"https:\/\/api.w.org\/{rel}","templated":true}]}}