{"id":456538,"date":"2016-02-15T14:45:32","date_gmt":"2016-02-15T12:45:32","guid":{"rendered":"https:\/\/beebipood.ee\/toode\/hauck-alpha-soogitooli-kandik-white\/"},"modified":"2025-01-09T10:50:30","modified_gmt":"2025-01-09T08:50:30","slug":"hauck-alpha-soogitooli-kandik-white","status":"publish","type":"product","link":"https:\/\/beebipood.ee\/ru\/produkt\/hauck-alpha-soogitooli-kandik-white\/","title":{"rendered":"Hauck Alpha s\u00f6\u00f6gitooli kandik, White"},"content":{"rendered":"<p>Sobib k\u00f5igile Hauck Alpha toolidele<br \/>Kaks kandikut, m\u00f5lemad eemaldatavad<br \/>Reguleeritava s\u00fcgavusega<br \/>Kergelt puhastatav materjal\u00a0\u00a0<br \/> M\u00f5\u00f5dud 46 x 56,5 x 22,5 cm<br \/> Kandik: 51 x 30 cm<br \/> Kaal 2,35 kg<\/p>\n","protected":false},"excerpt":{"rendered":"<p>Sobib k\u00f5igile Hauck Alpha toolideleKaks kandikut, m\u00f5lemad eemaldatavadReguleeritava s\u00fcgavusegaKergelt puhastatav materjal\u00a0\u00a0 M\u00f5\u00f5dud 46 x 56,5 x 22,5 cm Kandik: 51 x 30 cm Kaal 2,35 kg<\/p>\n","protected":false},"featured_media":108415,"template":"","meta":{"_acf_changed":false},"pwb-brand":[11952],"product_brand":[],"product_cat":[11645,11709],"product_tag":[],"class_list":{"0":"post-456538","1":"product","2":"type-product","3":"status-publish","4":"has-post-thumbnail","6":"pwb-brand-hauck-ru","7":"product_cat-sootmistoolid-ru","8":"product_cat-sootmistoolid-beebi-ja-lastetarbed-mahkimine-hugieen-ru","9":"pa_manufacturer-hauck-ru","11":"first","12":"onbackorder","13":"taxable","14":"shipping-taxable","15":"purchasable","16":"product-type-simple"},"exclude_global_add_ons":[],"addons":[],"acf":[],"yoast_head":"<!-- This site is optimized with the Yoast SEO plugin v27.1.1 - https:\/\/yoast.com\/product\/yoast-seo-wordpress\/ -->\n<title>Hauck Alpha s\u00f6\u00f6gitooli kandik, White, \u0421\u0442\u0443\u043b\u044c\u0447\u0438\u043a\u0438 \u0434\u043b\u044f \u043a\u043e\u0440\u043c\u043b\u0435\u043d\u0438\u044f, \u041f\u0440\u0438\u043d\u0430\u0434\u043b\u0435\u0436\u043d\u043e\u0441\u0442\u0438 \u0434\u043b\u044f \u043c\u043b\u0430\u0434\u0435\u043d\u0446\u0435\u0432, Beebipood<\/title>\n<meta name=\"description\" content=\"Hauck Alpha s\u00f6\u00f6gitooli kandik, White, Sobib k&otilde;igile Hauck Alpha toolideleKaks kandikut, m&otilde;lemad eemaldatavadReguleeritava s&uuml;\" \/>\n<meta name=\"robots\" content=\"index, follow, max-snippet:-1, max-image-preview:large, max-video-preview:-1\" \/>\n<link rel=\"canonical\" href=\"https:\/\/beebipood.ee\/ru\/produkt\/hauck-alpha-soogitooli-kandik-white\/\" \/>\n<meta property=\"og:locale\" content=\"ru_RU\" \/>\n<meta property=\"og:type\" content=\"article\" \/>\n<meta property=\"og:title\" content=\"Hauck Alpha s\u00f6\u00f6gitooli kandik, White, \u0421\u0442\u0443\u043b\u044c\u0447\u0438\u043a\u0438 \u0434\u043b\u044f \u043a\u043e\u0440\u043c\u043b\u0435\u043d\u0438\u044f, \u041f\u0440\u0438\u043d\u0430\u0434\u043b\u0435\u0436\u043d\u043e\u0441\u0442\u0438 \u0434\u043b\u044f \u043c\u043b\u0430\u0434\u0435\u043d\u0446\u0435\u0432, Beebipood\" \/>\n<meta property=\"og:description\" content=\"Hauck Alpha s\u00f6\u00f6gitooli kandik, White, Sobib k&otilde;igile Hauck Alpha toolideleKaks kandikut, m&otilde;lemad eemaldatavadReguleeritava s&uuml;\" \/>\n<meta property=\"og:url\" content=\"https:\/\/beebipood.ee\/ru\/produkt\/hauck-alpha-soogitooli-kandik-white\/\" \/>\n<meta property=\"og:site_name\" content=\"Beebipood\" \/>\n<meta property=\"article:modified_time\" content=\"2025-01-09T08:50:30+00:00\" \/>\n<meta property=\"og:image\" content=\"https:\/\/beebipood.ee\/wp-content\/uploads\/2016\/02\/Hauck-Alpha-soogitooli-kandik-White-UUED-TOOTED-Sootmistoolid-Beebi-ja-lastetarbed_7-d10.jpg\" \/>\n\t<meta property=\"og:image:width\" content=\"500\" \/>\n\t<meta property=\"og:image:height\" content=\"500\" \/>\n\t<meta property=\"og:image:type\" content=\"image\/jpeg\" \/>\n<meta name=\"twitter:card\" content=\"summary_large_image\" \/>\n<script type=\"application\/ld+json\" class=\"yoast-schema-graph\">{\"@context\":\"https:\/\/schema.org\",\"@graph\":[{\"@type\":\"WebPage\",\"@id\":\"https:\/\/beebipood.ee\/ru\/produkt\/hauck-alpha-soogitooli-kandik-white\/\",\"url\":\"https:\/\/beebipood.ee\/ru\/produkt\/hauck-alpha-soogitooli-kandik-white\/\",\"name\":\"Hauck Alpha s\u00f6\u00f6gitooli kandik, White, \u0421\u0442\u0443\u043b\u044c\u0447\u0438\u043a\u0438 \u0434\u043b\u044f \u043a\u043e\u0440\u043c\u043b\u0435\u043d\u0438\u044f, \u041f\u0440\u0438\u043d\u0430\u0434\u043b\u0435\u0436\u043d\u043e\u0441\u0442\u0438 \u0434\u043b\u044f \u043c\u043b\u0430\u0434\u0435\u043d\u0446\u0435\u0432, Beebipood\",\"isPartOf\":{\"@id\":\"https:\/\/beebipood.ee\/ru\/#website\"},\"primaryImageOfPage\":{\"@id\":\"https:\/\/beebipood.ee\/ru\/produkt\/hauck-alpha-soogitooli-kandik-white\/#primaryimage\"},\"image\":{\"@id\":\"https:\/\/beebipood.ee\/ru\/produkt\/hauck-alpha-soogitooli-kandik-white\/#primaryimage\"},\"thumbnailUrl\":\"https:\/\/beebipood.ee\/wp-content\/uploads\/2016\/02\/Hauck-Alpha-soogitooli-kandik-White-UUED-TOOTED-Sootmistoolid-Beebi-ja-lastetarbed_7-d10.jpg\",\"datePublished\":\"2016-02-15T12:45:32+00:00\",\"dateModified\":\"2025-01-09T08:50:30+00:00\",\"description\":\"Hauck Alpha s\u00f6\u00f6gitooli kandik, White, Sobib k&otilde;igile Hauck Alpha toolideleKaks kandikut, m&otilde;lemad eemaldatavadReguleeritava s&uuml;\",\"breadcrumb\":{\"@id\":\"https:\/\/beebipood.ee\/ru\/produkt\/hauck-alpha-soogitooli-kandik-white\/#breadcrumb\"},\"inLanguage\":\"ru-RU\",\"potentialAction\":[{\"@type\":\"ReadAction\",\"target\":[\"https:\/\/beebipood.ee\/ru\/produkt\/hauck-alpha-soogitooli-kandik-white\/\"]}]},{\"@type\":\"ImageObject\",\"inLanguage\":\"ru-RU\",\"@id\":\"https:\/\/beebipood.ee\/ru\/produkt\/hauck-alpha-soogitooli-kandik-white\/#primaryimage\",\"url\":\"https:\/\/beebipood.ee\/wp-content\/uploads\/2016\/02\/Hauck-Alpha-soogitooli-kandik-White-UUED-TOOTED-Sootmistoolid-Beebi-ja-lastetarbed_7-d10.jpg\",\"contentUrl\":\"https:\/\/beebipood.ee\/wp-content\/uploads\/2016\/02\/Hauck-Alpha-soogitooli-kandik-White-UUED-TOOTED-Sootmistoolid-Beebi-ja-lastetarbed_7-d10.jpg\",\"width\":500,\"height\":500},{\"@type\":\"BreadcrumbList\",\"@id\":\"https:\/\/beebipood.ee\/ru\/produkt\/hauck-alpha-soogitooli-kandik-white\/#breadcrumb\",\"itemListElement\":[{\"@type\":\"ListItem\",\"position\":1,\"name\":\"Home\",\"item\":\"https:\/\/beebipood.ee\/ru\/\"},{\"@type\":\"ListItem\",\"position\":2,\"name\":\"\u041a\u0430\u0442\u0430\u043b\u043e\u0433 \u0442\u043e\u0432\u0430\u0440\u043e\u0432\",\"item\":\"https:\/\/beebipood.ee\/tooted\/\"},{\"@type\":\"ListItem\",\"position\":3,\"name\":\"Hauck Alpha s\u00f6\u00f6gitooli kandik, White\"}]},{\"@type\":\"WebSite\",\"@id\":\"https:\/\/beebipood.ee\/ru\/#website\",\"url\":\"https:\/\/beebipood.ee\/ru\/\",\"name\":\"Beebipood\",\"description\":\"Lastekaubad, beebikaubad, m\u00e4nguasjad\",\"publisher\":{\"@id\":\"https:\/\/beebipood.ee\/ru\/#organization\"},\"potentialAction\":[{\"@type\":\"SearchAction\",\"target\":{\"@type\":\"EntryPoint\",\"urlTemplate\":\"https:\/\/beebipood.ee\/ru\/?s={search_term_string}\"},\"query-input\":{\"@type\":\"PropertyValueSpecification\",\"valueRequired\":true,\"valueName\":\"search_term_string\"}}],\"inLanguage\":\"ru-RU\"},{\"@type\":\"Organization\",\"@id\":\"https:\/\/beebipood.ee\/ru\/#organization\",\"name\":\"Beebipood\",\"url\":\"https:\/\/beebipood.ee\/ru\/\",\"logo\":{\"@type\":\"ImageObject\",\"inLanguage\":\"ru-RU\",\"@id\":\"https:\/\/beebipood.ee\/ru\/#\/schema\/logo\/image\/\",\"url\":\"https:\/\/beebipood.ee\/wp-content\/uploads\/2025\/03\/beebipood.ee-logo-1.svg\",\"contentUrl\":\"https:\/\/beebipood.ee\/wp-content\/uploads\/2025\/03\/beebipood.ee-logo-1.svg\",\"caption\":\"Beebipood\"},\"image\":{\"@id\":\"https:\/\/beebipood.ee\/ru\/#\/schema\/logo\/image\/\"}}]}<\/script>\n<!-- \/ Yoast SEO plugin. -->","yoast_head_json":{"title":"Hauck Alpha s\u00f6\u00f6gitooli kandik, White, \u0421\u0442\u0443\u043b\u044c\u0447\u0438\u043a\u0438 \u0434\u043b\u044f \u043a\u043e\u0440\u043c\u043b\u0435\u043d\u0438\u044f, \u041f\u0440\u0438\u043d\u0430\u0434\u043b\u0435\u0436\u043d\u043e\u0441\u0442\u0438 \u0434\u043b\u044f \u043c\u043b\u0430\u0434\u0435\u043d\u0446\u0435\u0432, Beebipood","description":"Hauck Alpha s\u00f6\u00f6gitooli kandik, White, Sobib k&otilde;igile Hauck Alpha toolideleKaks kandikut, m&otilde;lemad eemaldatavadReguleeritava s&uuml;","robots":{"index":"index","follow":"follow","max-snippet":"max-snippet:-1","max-image-preview":"max-image-preview:large","max-video-preview":"max-video-preview:-1"},"canonical":"https:\/\/beebipood.ee\/ru\/produkt\/hauck-alpha-soogitooli-kandik-white\/","og_locale":"ru_RU","og_type":"article","og_title":"Hauck Alpha s\u00f6\u00f6gitooli kandik, White, \u0421\u0442\u0443\u043b\u044c\u0447\u0438\u043a\u0438 \u0434\u043b\u044f \u043a\u043e\u0440\u043c\u043b\u0435\u043d\u0438\u044f, \u041f\u0440\u0438\u043d\u0430\u0434\u043b\u0435\u0436\u043d\u043e\u0441\u0442\u0438 \u0434\u043b\u044f \u043c\u043b\u0430\u0434\u0435\u043d\u0446\u0435\u0432, Beebipood","og_description":"Hauck Alpha s\u00f6\u00f6gitooli kandik, White, Sobib k&otilde;igile Hauck Alpha toolideleKaks kandikut, m&otilde;lemad eemaldatavadReguleeritava s&uuml;","og_url":"https:\/\/beebipood.ee\/ru\/produkt\/hauck-alpha-soogitooli-kandik-white\/","og_site_name":"Beebipood","article_modified_time":"2025-01-09T08:50:30+00:00","og_image":[{"width":500,"height":500,"url":"https:\/\/beebipood.ee\/wp-content\/uploads\/2016\/02\/Hauck-Alpha-soogitooli-kandik-White-UUED-TOOTED-Sootmistoolid-Beebi-ja-lastetarbed_7-d10.jpg","type":"image\/jpeg"}],"twitter_card":"summary_large_image","schema":{"@context":"https:\/\/schema.org","@graph":[{"@type":"WebPage","@id":"https:\/\/beebipood.ee\/ru\/produkt\/hauck-alpha-soogitooli-kandik-white\/","url":"https:\/\/beebipood.ee\/ru\/produkt\/hauck-alpha-soogitooli-kandik-white\/","name":"Hauck Alpha s\u00f6\u00f6gitooli kandik, White, \u0421\u0442\u0443\u043b\u044c\u0447\u0438\u043a\u0438 \u0434\u043b\u044f \u043a\u043e\u0440\u043c\u043b\u0435\u043d\u0438\u044f, \u041f\u0440\u0438\u043d\u0430\u0434\u043b\u0435\u0436\u043d\u043e\u0441\u0442\u0438 \u0434\u043b\u044f \u043c\u043b\u0430\u0434\u0435\u043d\u0446\u0435\u0432, Beebipood","isPartOf":{"@id":"https:\/\/beebipood.ee\/ru\/#website"},"primaryImageOfPage":{"@id":"https:\/\/beebipood.ee\/ru\/produkt\/hauck-alpha-soogitooli-kandik-white\/#primaryimage"},"image":{"@id":"https:\/\/beebipood.ee\/ru\/produkt\/hauck-alpha-soogitooli-kandik-white\/#primaryimage"},"thumbnailUrl":"https:\/\/beebipood.ee\/wp-content\/uploads\/2016\/02\/Hauck-Alpha-soogitooli-kandik-White-UUED-TOOTED-Sootmistoolid-Beebi-ja-lastetarbed_7-d10.jpg","datePublished":"2016-02-15T12:45:32+00:00","dateModified":"2025-01-09T08:50:30+00:00","description":"Hauck Alpha s\u00f6\u00f6gitooli kandik, White, Sobib k&otilde;igile Hauck Alpha toolideleKaks kandikut, m&otilde;lemad eemaldatavadReguleeritava s&uuml;","breadcrumb":{"@id":"https:\/\/beebipood.ee\/ru\/produkt\/hauck-alpha-soogitooli-kandik-white\/#breadcrumb"},"inLanguage":"ru-RU","potentialAction":[{"@type":"ReadAction","target":["https:\/\/beebipood.ee\/ru\/produkt\/hauck-alpha-soogitooli-kandik-white\/"]}]},{"@type":"ImageObject","inLanguage":"ru-RU","@id":"https:\/\/beebipood.ee\/ru\/produkt\/hauck-alpha-soogitooli-kandik-white\/#primaryimage","url":"https:\/\/beebipood.ee\/wp-content\/uploads\/2016\/02\/Hauck-Alpha-soogitooli-kandik-White-UUED-TOOTED-Sootmistoolid-Beebi-ja-lastetarbed_7-d10.jpg","contentUrl":"https:\/\/beebipood.ee\/wp-content\/uploads\/2016\/02\/Hauck-Alpha-soogitooli-kandik-White-UUED-TOOTED-Sootmistoolid-Beebi-ja-lastetarbed_7-d10.jpg","width":500,"height":500},{"@type":"BreadcrumbList","@id":"https:\/\/beebipood.ee\/ru\/produkt\/hauck-alpha-soogitooli-kandik-white\/#breadcrumb","itemListElement":[{"@type":"ListItem","position":1,"name":"Home","item":"https:\/\/beebipood.ee\/ru\/"},{"@type":"ListItem","position":2,"name":"\u041a\u0430\u0442\u0430\u043b\u043e\u0433 \u0442\u043e\u0432\u0430\u0440\u043e\u0432","item":"https:\/\/beebipood.ee\/tooted\/"},{"@type":"ListItem","position":3,"name":"Hauck Alpha s\u00f6\u00f6gitooli kandik, White"}]},{"@type":"WebSite","@id":"https:\/\/beebipood.ee\/ru\/#website","url":"https:\/\/beebipood.ee\/ru\/","name":"Beebipood","description":"Lastekaubad, beebikaubad, m\u00e4nguasjad","publisher":{"@id":"https:\/\/beebipood.ee\/ru\/#organization"},"potentialAction":[{"@type":"SearchAction","target":{"@type":"EntryPoint","urlTemplate":"https:\/\/beebipood.ee\/ru\/?s={search_term_string}"},"query-input":{"@type":"PropertyValueSpecification","valueRequired":true,"valueName":"search_term_string"}}],"inLanguage":"ru-RU"},{"@type":"Organization","@id":"https:\/\/beebipood.ee\/ru\/#organization","name":"Beebipood","url":"https:\/\/beebipood.ee\/ru\/","logo":{"@type":"ImageObject","inLanguage":"ru-RU","@id":"https:\/\/beebipood.ee\/ru\/#\/schema\/logo\/image\/","url":"https:\/\/beebipood.ee\/wp-content\/uploads\/2025\/03\/beebipood.ee-logo-1.svg","contentUrl":"https:\/\/beebipood.ee\/wp-content\/uploads\/2025\/03\/beebipood.ee-logo-1.svg","caption":"Beebipood"},"image":{"@id":"https:\/\/beebipood.ee\/ru\/#\/schema\/logo\/image\/"}}]}},"brands":[{"id":11952,"name":"Hauck","slug":"hauck-ru"}],"_links":{"self":[{"href":"https:\/\/beebipood.ee\/ru\/wp-json\/wp\/v2\/product\/456538","targetHints":{"allow":["GET"]}}],"collection":[{"href":"https:\/\/beebipood.ee\/ru\/wp-json\/wp\/v2\/product"}],"about":[{"href":"https:\/\/beebipood.ee\/ru\/wp-json\/wp\/v2\/types\/product"}],"wp:featuredmedia":[{"embeddable":true,"href":"https:\/\/beebipood.ee\/ru\/wp-json\/wp\/v2\/media\/108415"}],"wp:attachment":[{"href":"https:\/\/beebipood.ee\/ru\/wp-json\/wp\/v2\/media?parent=456538"}],"wp:term":[{"taxonomy":"pwb-brand","embeddable":true,"href":"https:\/\/beebipood.ee\/ru\/wp-json\/wp\/v2\/pwb-brand?post=456538"},{"taxonomy":"product_brand","embeddable":true,"href":"https:\/\/beebipood.ee\/ru\/wp-json\/wp\/v2\/product_brand?post=456538"},{"taxonomy":"product_cat","embeddable":true,"href":"https:\/\/beebipood.ee\/ru\/wp-json\/wp\/v2\/product_cat?post=456538"},{"taxonomy":"product_tag","embeddable":true,"href":"https:\/\/beebipood.ee\/ru\/wp-json\/wp\/v2\/product_tag?post=456538"}],"curies":[{"name":"wp","href":"https:\/\/api.w.org\/{rel}","templated":true}]}}