{"id":456542,"date":"2016-02-16T06:03:56","date_gmt":"2016-02-16T04:03:56","guid":{"rendered":"https:\/\/beebipood.ee\/toode\/hauck-soogitooli-pehmendus-select-jersey-organic\/"},"modified":"2025-01-09T10:50:30","modified_gmt":"2025-01-09T08:50:30","slug":"hauck-soogitooli-pehmendus-select-jersey-organic","status":"publish","type":"product","link":"https:\/\/beebipood.ee\/ru\/produkt\/hauck-soogitooli-pehmendus-select-jersey-organic\/","title":{"rendered":"Hauck s\u00f6\u00f6gitooli pehmendus Select, Jersey Organic"},"content":{"rendered":"<p>See kaheosaline istmepadi Hauck Alpha t\u00fc\u00fcpi puidust s\u00f6\u00f6gitoolile<br \/>T\u00e4nu puuvillasele struktuurile on see istmepadi puudutamisel v\u00e4ga pehme, <br \/>pakkudes teie lapsele hingavat ja temperatuuri tasakaalustavat istmepadja, <br \/>mis hoiab \u00e4ra kuumuse kogunemise ja pakub optimaalset mugavust ka soojematel p\u00e4evadel.<br \/>Pehmel istmepadjal on libisemisvastane kate, mis ei lase sellel edasi-tagasi libiseda, <br \/>pakkudes suuremat mugavust ja ohutust.<br \/>M\u00f5\u00f5t: 27 x 47 x 8 cm<br \/>\u00d5rnpesu<\/p>\n","protected":false},"excerpt":{"rendered":"<p>See kaheosaline istmepadi Hauck Alpha t\u00fc\u00fcpi puidust s\u00f6\u00f6gitoolileT\u00e4nu puuvillasele struktuurile on see istmepadi puudutamisel v\u00e4ga pehme, pakkudes teie lapsele hingavat ja temperatuuri tasakaalustavat istmepadja, mis hoiab \u00e4ra kuumuse kogunemise ja pakub optimaalset mugavust ka soojematel p\u00e4evadel.Pehmel istmepadjal on libisemisvastane kate, mis ei lase sellel edasi-tagasi libiseda, pakkudes suuremat mugavust ja ohutust.M\u00f5\u00f5t: 27 x 47 x [&hellip;]<\/p>\n","protected":false},"featured_media":108452,"template":"","meta":{"_acf_changed":false},"pwb-brand":[11952],"product_brand":[],"product_cat":[11645,11709],"product_tag":[],"class_list":{"0":"post-456542","1":"product","2":"type-product","3":"status-publish","4":"has-post-thumbnail","6":"pwb-brand-hauck-ru","7":"product_cat-sootmistoolid-ru","8":"product_cat-sootmistoolid-beebi-ja-lastetarbed-mahkimine-hugieen-ru","9":"pa_manufacturer-hauck-ru","11":"first","12":"onbackorder","13":"taxable","14":"shipping-taxable","15":"purchasable","16":"product-type-simple"},"exclude_global_add_ons":[],"addons":[],"acf":[],"yoast_head":"<!-- This site is optimized with the Yoast SEO plugin v27.1.1 - https:\/\/yoast.com\/product\/yoast-seo-wordpress\/ -->\n<title>Hauck s\u00f6\u00f6gitooli pehmendus Select, Jersey Organic , \u0421\u0442\u0443\u043b\u044c\u0447\u0438\u043a\u0438 \u0434\u043b\u044f \u043a\u043e\u0440\u043c\u043b\u0435\u043d\u0438\u044f, \u041f\u0440\u0438\u043d\u0430\u0434\u043b\u0435\u0436\u043d\u043e\u0441\u0442\u0438 \u0434\u043b\u044f \u043c\u043b\u0430\u0434\u0435\u043d\u0446\u0435\u0432, Beebipood<\/title>\n<meta name=\"description\" content=\"Hauck s\u00f6\u00f6gitooli pehmendus Select, Jersey Organic , See kaheosaline istmepadi Hauck Alpha t&uuml;&uuml;pi puidust s&ouml;&ouml;gitoolileT&auml;nu puu\" \/>\n<meta name=\"robots\" content=\"index, follow, max-snippet:-1, max-image-preview:large, max-video-preview:-1\" \/>\n<link rel=\"canonical\" href=\"https:\/\/beebipood.ee\/ru\/produkt\/hauck-soogitooli-pehmendus-select-jersey-organic\/\" \/>\n<meta property=\"og:locale\" content=\"ru_RU\" \/>\n<meta property=\"og:type\" content=\"article\" \/>\n<meta property=\"og:title\" content=\"Hauck s\u00f6\u00f6gitooli pehmendus Select, Jersey Organic , \u0421\u0442\u0443\u043b\u044c\u0447\u0438\u043a\u0438 \u0434\u043b\u044f \u043a\u043e\u0440\u043c\u043b\u0435\u043d\u0438\u044f, \u041f\u0440\u0438\u043d\u0430\u0434\u043b\u0435\u0436\u043d\u043e\u0441\u0442\u0438 \u0434\u043b\u044f \u043c\u043b\u0430\u0434\u0435\u043d\u0446\u0435\u0432, Beebipood\" \/>\n<meta property=\"og:description\" content=\"Hauck s\u00f6\u00f6gitooli pehmendus Select, Jersey Organic , See kaheosaline istmepadi Hauck Alpha t&uuml;&uuml;pi puidust s&ouml;&ouml;gitoolileT&auml;nu puu\" \/>\n<meta property=\"og:url\" content=\"https:\/\/beebipood.ee\/ru\/produkt\/hauck-soogitooli-pehmendus-select-jersey-organic\/\" \/>\n<meta property=\"og:site_name\" content=\"Beebipood\" \/>\n<meta property=\"article:modified_time\" content=\"2025-01-09T08:50:30+00:00\" \/>\n<meta property=\"og:image\" content=\"https:\/\/beebipood.ee\/wp-content\/uploads\/2016\/02\/Hauck-soogitooli-pehmendus-Select-Jersey-Organic-Sootmistoolid-Beebi-ja-lastetarbed_3-9c1.jpg\" \/>\n\t<meta property=\"og:image:width\" content=\"1500\" \/>\n\t<meta property=\"og:image:height\" content=\"1500\" \/>\n\t<meta property=\"og:image:type\" content=\"image\/jpeg\" \/>\n<meta name=\"twitter:card\" content=\"summary_large_image\" \/>\n<script type=\"application\/ld+json\" class=\"yoast-schema-graph\">{\"@context\":\"https:\/\/schema.org\",\"@graph\":[{\"@type\":\"WebPage\",\"@id\":\"https:\/\/beebipood.ee\/ru\/produkt\/hauck-soogitooli-pehmendus-select-jersey-organic\/\",\"url\":\"https:\/\/beebipood.ee\/ru\/produkt\/hauck-soogitooli-pehmendus-select-jersey-organic\/\",\"name\":\"Hauck s\u00f6\u00f6gitooli pehmendus Select, Jersey Organic , \u0421\u0442\u0443\u043b\u044c\u0447\u0438\u043a\u0438 \u0434\u043b\u044f \u043a\u043e\u0440\u043c\u043b\u0435\u043d\u0438\u044f, \u041f\u0440\u0438\u043d\u0430\u0434\u043b\u0435\u0436\u043d\u043e\u0441\u0442\u0438 \u0434\u043b\u044f \u043c\u043b\u0430\u0434\u0435\u043d\u0446\u0435\u0432, Beebipood\",\"isPartOf\":{\"@id\":\"https:\/\/beebipood.ee\/ru\/#website\"},\"primaryImageOfPage\":{\"@id\":\"https:\/\/beebipood.ee\/ru\/produkt\/hauck-soogitooli-pehmendus-select-jersey-organic\/#primaryimage\"},\"image\":{\"@id\":\"https:\/\/beebipood.ee\/ru\/produkt\/hauck-soogitooli-pehmendus-select-jersey-organic\/#primaryimage\"},\"thumbnailUrl\":\"https:\/\/beebipood.ee\/wp-content\/uploads\/2016\/02\/Hauck-soogitooli-pehmendus-Select-Jersey-Organic-Sootmistoolid-Beebi-ja-lastetarbed_3-9c1.jpg\",\"datePublished\":\"2016-02-16T04:03:56+00:00\",\"dateModified\":\"2025-01-09T08:50:30+00:00\",\"description\":\"Hauck s\u00f6\u00f6gitooli pehmendus Select, Jersey Organic , See kaheosaline istmepadi Hauck Alpha t&uuml;&uuml;pi puidust s&ouml;&ouml;gitoolileT&auml;nu puu\",\"breadcrumb\":{\"@id\":\"https:\/\/beebipood.ee\/ru\/produkt\/hauck-soogitooli-pehmendus-select-jersey-organic\/#breadcrumb\"},\"inLanguage\":\"ru-RU\",\"potentialAction\":[{\"@type\":\"ReadAction\",\"target\":[\"https:\/\/beebipood.ee\/ru\/produkt\/hauck-soogitooli-pehmendus-select-jersey-organic\/\"]}]},{\"@type\":\"ImageObject\",\"inLanguage\":\"ru-RU\",\"@id\":\"https:\/\/beebipood.ee\/ru\/produkt\/hauck-soogitooli-pehmendus-select-jersey-organic\/#primaryimage\",\"url\":\"https:\/\/beebipood.ee\/wp-content\/uploads\/2016\/02\/Hauck-soogitooli-pehmendus-Select-Jersey-Organic-Sootmistoolid-Beebi-ja-lastetarbed_3-9c1.jpg\",\"contentUrl\":\"https:\/\/beebipood.ee\/wp-content\/uploads\/2016\/02\/Hauck-soogitooli-pehmendus-Select-Jersey-Organic-Sootmistoolid-Beebi-ja-lastetarbed_3-9c1.jpg\",\"width\":1500,\"height\":1500},{\"@type\":\"BreadcrumbList\",\"@id\":\"https:\/\/beebipood.ee\/ru\/produkt\/hauck-soogitooli-pehmendus-select-jersey-organic\/#breadcrumb\",\"itemListElement\":[{\"@type\":\"ListItem\",\"position\":1,\"name\":\"Home\",\"item\":\"https:\/\/beebipood.ee\/ru\/\"},{\"@type\":\"ListItem\",\"position\":2,\"name\":\"\u041a\u0430\u0442\u0430\u043b\u043e\u0433 \u0442\u043e\u0432\u0430\u0440\u043e\u0432\",\"item\":\"https:\/\/beebipood.ee\/tooted\/\"},{\"@type\":\"ListItem\",\"position\":3,\"name\":\"Hauck s\u00f6\u00f6gitooli pehmendus Select, Jersey Organic\"}]},{\"@type\":\"WebSite\",\"@id\":\"https:\/\/beebipood.ee\/ru\/#website\",\"url\":\"https:\/\/beebipood.ee\/ru\/\",\"name\":\"Beebipood\",\"description\":\"Lastekaubad, beebikaubad, m\u00e4nguasjad\",\"publisher\":{\"@id\":\"https:\/\/beebipood.ee\/ru\/#organization\"},\"potentialAction\":[{\"@type\":\"SearchAction\",\"target\":{\"@type\":\"EntryPoint\",\"urlTemplate\":\"https:\/\/beebipood.ee\/ru\/?s={search_term_string}\"},\"query-input\":{\"@type\":\"PropertyValueSpecification\",\"valueRequired\":true,\"valueName\":\"search_term_string\"}}],\"inLanguage\":\"ru-RU\"},{\"@type\":\"Organization\",\"@id\":\"https:\/\/beebipood.ee\/ru\/#organization\",\"name\":\"Beebipood\",\"url\":\"https:\/\/beebipood.ee\/ru\/\",\"logo\":{\"@type\":\"ImageObject\",\"inLanguage\":\"ru-RU\",\"@id\":\"https:\/\/beebipood.ee\/ru\/#\/schema\/logo\/image\/\",\"url\":\"https:\/\/beebipood.ee\/wp-content\/uploads\/2025\/03\/beebipood.ee-logo-1.svg\",\"contentUrl\":\"https:\/\/beebipood.ee\/wp-content\/uploads\/2025\/03\/beebipood.ee-logo-1.svg\",\"caption\":\"Beebipood\"},\"image\":{\"@id\":\"https:\/\/beebipood.ee\/ru\/#\/schema\/logo\/image\/\"}}]}<\/script>\n<!-- \/ Yoast SEO plugin. -->","yoast_head_json":{"title":"Hauck s\u00f6\u00f6gitooli pehmendus Select, Jersey Organic , \u0421\u0442\u0443\u043b\u044c\u0447\u0438\u043a\u0438 \u0434\u043b\u044f \u043a\u043e\u0440\u043c\u043b\u0435\u043d\u0438\u044f, \u041f\u0440\u0438\u043d\u0430\u0434\u043b\u0435\u0436\u043d\u043e\u0441\u0442\u0438 \u0434\u043b\u044f \u043c\u043b\u0430\u0434\u0435\u043d\u0446\u0435\u0432, Beebipood","description":"Hauck s\u00f6\u00f6gitooli pehmendus Select, Jersey Organic , See kaheosaline istmepadi Hauck Alpha t&uuml;&uuml;pi puidust s&ouml;&ouml;gitoolileT&auml;nu puu","robots":{"index":"index","follow":"follow","max-snippet":"max-snippet:-1","max-image-preview":"max-image-preview:large","max-video-preview":"max-video-preview:-1"},"canonical":"https:\/\/beebipood.ee\/ru\/produkt\/hauck-soogitooli-pehmendus-select-jersey-organic\/","og_locale":"ru_RU","og_type":"article","og_title":"Hauck s\u00f6\u00f6gitooli pehmendus Select, Jersey Organic , \u0421\u0442\u0443\u043b\u044c\u0447\u0438\u043a\u0438 \u0434\u043b\u044f \u043a\u043e\u0440\u043c\u043b\u0435\u043d\u0438\u044f, \u041f\u0440\u0438\u043d\u0430\u0434\u043b\u0435\u0436\u043d\u043e\u0441\u0442\u0438 \u0434\u043b\u044f \u043c\u043b\u0430\u0434\u0435\u043d\u0446\u0435\u0432, Beebipood","og_description":"Hauck s\u00f6\u00f6gitooli pehmendus Select, Jersey Organic , See kaheosaline istmepadi Hauck Alpha t&uuml;&uuml;pi puidust s&ouml;&ouml;gitoolileT&auml;nu puu","og_url":"https:\/\/beebipood.ee\/ru\/produkt\/hauck-soogitooli-pehmendus-select-jersey-organic\/","og_site_name":"Beebipood","article_modified_time":"2025-01-09T08:50:30+00:00","og_image":[{"width":1500,"height":1500,"url":"https:\/\/beebipood.ee\/wp-content\/uploads\/2016\/02\/Hauck-soogitooli-pehmendus-Select-Jersey-Organic-Sootmistoolid-Beebi-ja-lastetarbed_3-9c1.jpg","type":"image\/jpeg"}],"twitter_card":"summary_large_image","schema":{"@context":"https:\/\/schema.org","@graph":[{"@type":"WebPage","@id":"https:\/\/beebipood.ee\/ru\/produkt\/hauck-soogitooli-pehmendus-select-jersey-organic\/","url":"https:\/\/beebipood.ee\/ru\/produkt\/hauck-soogitooli-pehmendus-select-jersey-organic\/","name":"Hauck s\u00f6\u00f6gitooli pehmendus Select, Jersey Organic , \u0421\u0442\u0443\u043b\u044c\u0447\u0438\u043a\u0438 \u0434\u043b\u044f \u043a\u043e\u0440\u043c\u043b\u0435\u043d\u0438\u044f, \u041f\u0440\u0438\u043d\u0430\u0434\u043b\u0435\u0436\u043d\u043e\u0441\u0442\u0438 \u0434\u043b\u044f \u043c\u043b\u0430\u0434\u0435\u043d\u0446\u0435\u0432, Beebipood","isPartOf":{"@id":"https:\/\/beebipood.ee\/ru\/#website"},"primaryImageOfPage":{"@id":"https:\/\/beebipood.ee\/ru\/produkt\/hauck-soogitooli-pehmendus-select-jersey-organic\/#primaryimage"},"image":{"@id":"https:\/\/beebipood.ee\/ru\/produkt\/hauck-soogitooli-pehmendus-select-jersey-organic\/#primaryimage"},"thumbnailUrl":"https:\/\/beebipood.ee\/wp-content\/uploads\/2016\/02\/Hauck-soogitooli-pehmendus-Select-Jersey-Organic-Sootmistoolid-Beebi-ja-lastetarbed_3-9c1.jpg","datePublished":"2016-02-16T04:03:56+00:00","dateModified":"2025-01-09T08:50:30+00:00","description":"Hauck s\u00f6\u00f6gitooli pehmendus Select, Jersey Organic , See kaheosaline istmepadi Hauck Alpha t&uuml;&uuml;pi puidust s&ouml;&ouml;gitoolileT&auml;nu puu","breadcrumb":{"@id":"https:\/\/beebipood.ee\/ru\/produkt\/hauck-soogitooli-pehmendus-select-jersey-organic\/#breadcrumb"},"inLanguage":"ru-RU","potentialAction":[{"@type":"ReadAction","target":["https:\/\/beebipood.ee\/ru\/produkt\/hauck-soogitooli-pehmendus-select-jersey-organic\/"]}]},{"@type":"ImageObject","inLanguage":"ru-RU","@id":"https:\/\/beebipood.ee\/ru\/produkt\/hauck-soogitooli-pehmendus-select-jersey-organic\/#primaryimage","url":"https:\/\/beebipood.ee\/wp-content\/uploads\/2016\/02\/Hauck-soogitooli-pehmendus-Select-Jersey-Organic-Sootmistoolid-Beebi-ja-lastetarbed_3-9c1.jpg","contentUrl":"https:\/\/beebipood.ee\/wp-content\/uploads\/2016\/02\/Hauck-soogitooli-pehmendus-Select-Jersey-Organic-Sootmistoolid-Beebi-ja-lastetarbed_3-9c1.jpg","width":1500,"height":1500},{"@type":"BreadcrumbList","@id":"https:\/\/beebipood.ee\/ru\/produkt\/hauck-soogitooli-pehmendus-select-jersey-organic\/#breadcrumb","itemListElement":[{"@type":"ListItem","position":1,"name":"Home","item":"https:\/\/beebipood.ee\/ru\/"},{"@type":"ListItem","position":2,"name":"\u041a\u0430\u0442\u0430\u043b\u043e\u0433 \u0442\u043e\u0432\u0430\u0440\u043e\u0432","item":"https:\/\/beebipood.ee\/tooted\/"},{"@type":"ListItem","position":3,"name":"Hauck s\u00f6\u00f6gitooli pehmendus Select, Jersey Organic"}]},{"@type":"WebSite","@id":"https:\/\/beebipood.ee\/ru\/#website","url":"https:\/\/beebipood.ee\/ru\/","name":"Beebipood","description":"Lastekaubad, beebikaubad, m\u00e4nguasjad","publisher":{"@id":"https:\/\/beebipood.ee\/ru\/#organization"},"potentialAction":[{"@type":"SearchAction","target":{"@type":"EntryPoint","urlTemplate":"https:\/\/beebipood.ee\/ru\/?s={search_term_string}"},"query-input":{"@type":"PropertyValueSpecification","valueRequired":true,"valueName":"search_term_string"}}],"inLanguage":"ru-RU"},{"@type":"Organization","@id":"https:\/\/beebipood.ee\/ru\/#organization","name":"Beebipood","url":"https:\/\/beebipood.ee\/ru\/","logo":{"@type":"ImageObject","inLanguage":"ru-RU","@id":"https:\/\/beebipood.ee\/ru\/#\/schema\/logo\/image\/","url":"https:\/\/beebipood.ee\/wp-content\/uploads\/2025\/03\/beebipood.ee-logo-1.svg","contentUrl":"https:\/\/beebipood.ee\/wp-content\/uploads\/2025\/03\/beebipood.ee-logo-1.svg","caption":"Beebipood"},"image":{"@id":"https:\/\/beebipood.ee\/ru\/#\/schema\/logo\/image\/"}}]}},"brands":[{"id":11952,"name":"Hauck","slug":"hauck-ru"}],"_links":{"self":[{"href":"https:\/\/beebipood.ee\/ru\/wp-json\/wp\/v2\/product\/456542","targetHints":{"allow":["GET"]}}],"collection":[{"href":"https:\/\/beebipood.ee\/ru\/wp-json\/wp\/v2\/product"}],"about":[{"href":"https:\/\/beebipood.ee\/ru\/wp-json\/wp\/v2\/types\/product"}],"wp:featuredmedia":[{"embeddable":true,"href":"https:\/\/beebipood.ee\/ru\/wp-json\/wp\/v2\/media\/108452"}],"wp:attachment":[{"href":"https:\/\/beebipood.ee\/ru\/wp-json\/wp\/v2\/media?parent=456542"}],"wp:term":[{"taxonomy":"pwb-brand","embeddable":true,"href":"https:\/\/beebipood.ee\/ru\/wp-json\/wp\/v2\/pwb-brand?post=456542"},{"taxonomy":"product_brand","embeddable":true,"href":"https:\/\/beebipood.ee\/ru\/wp-json\/wp\/v2\/product_brand?post=456542"},{"taxonomy":"product_cat","embeddable":true,"href":"https:\/\/beebipood.ee\/ru\/wp-json\/wp\/v2\/product_cat?post=456542"},{"taxonomy":"product_tag","embeddable":true,"href":"https:\/\/beebipood.ee\/ru\/wp-json\/wp\/v2\/product_tag?post=456542"}],"curies":[{"name":"wp","href":"https:\/\/api.w.org\/{rel}","templated":true}]}}