{"id":456574,"date":"2016-02-18T07:50:17","date_gmt":"2016-02-18T05:50:17","guid":{"rendered":"https:\/\/beebipood.ee\/toode\/hauck-open-n-stop-2-turvavarav-black\/"},"modified":"2025-03-04T10:34:00","modified_gmt":"2025-03-04T08:34:00","slug":"hauck-open-n-stop-2-turvavarav-black","status":"publish","type":"product","link":"https:\/\/beebipood.ee\/ru\/produkt\/hauck-open-n-stop-2-turvavarav-black\/","title":{"rendered":"Hauck Open N Stop\u200b 2 turvav\u00e4rav, black"},"content":{"rendered":"<p><span>Niipea, kui laps muutub liikuvaks on turvav\u00e4ravad treppidel<\/span><br \/><span>ja ukseavades h\u00e4davajalikud ning aitavad teie beebi hoida turvaliselt.<\/span><br \/><span>Turvav\u00e4rav on reguleeritav ning neid saab paigaldada<\/span><br \/><span>ja eemaldada ilma j\u00e4rgi j\u00e4tmata.<\/span><br \/><span>metallist turvav\u00e4rav<\/span><br \/><span>sobib avale laiusega 75-80 cm<\/span><br \/><span>v\u00e4ga lihtne kasutada<\/span><br \/><span>saab avada \u00fche k\u00e4ega<\/span><br \/><span>lihtne paigaldada, ei vaja puurimist ega kruvisid<\/span><br \/><span>topelt lukustusmehhanism<\/span><br \/><span>v\u00e4rav avaneb m\u00f5lemas suunas<\/span><br \/><span>v\u00f5imalik paigaldada ka eraldi Y-spindlitega \u00fcmarpostidele<\/span><br \/><span>pikendused on 9 cm ja 21 cm<\/span><br \/><span>75 &#8212; 80 cm = v\u00e4rav (ilma pikenduseta)<\/span><br \/><span>84 &#8212; 89 cm = v\u00e4rav + 9 cm pikendus<\/span><br \/><span>93 &#8212; 98 cm = v\u00e4rav + 9 cm + 9 cm pikendused<\/span><br \/><span>96 &#8212; 101 cm = v\u00e4rav + 21 cm pikendus<\/span><br \/><span>105 &#8212; 110 cm = v\u00e4rav + 9 cm + 21 cm pikendused<\/span><br \/><span>117 &#8212; 122 cm = v\u00e4rav + 21 cm + 21 cm pikendused<\/span><br \/><span>pikendustega v\u00f5imalik suurendada kuni 122cm&#8217; ni<\/span><br \/><span>turvav\u00e4rav SGS-sertifitseeritud<\/span><\/p>\n","protected":false},"excerpt":{"rendered":"<p>Niipea, kui laps muutub liikuvaks on turvav\u00e4ravad treppidelja ukseavades h\u00e4davajalikud ning aitavad teie beebi hoida turvaliselt.Turvav\u00e4rav on reguleeritav ning neid saab paigaldadaja eemaldada ilma j\u00e4rgi j\u00e4tmata.metallist turvav\u00e4ravsobib avale laiusega 75-80 cmv\u00e4ga lihtne kasutadasaab avada \u00fche k\u00e4egalihtne paigaldada, ei vaja puurimist ega kruvisidtopelt lukustusmehhanismv\u00e4rav avaneb m\u00f5lemas suunasv\u00f5imalik paigaldada ka eraldi Y-spindlitega \u00fcmarpostidelepikendused on 9 cm ja [&hellip;]<\/p>\n","protected":false},"featured_media":164856,"template":"","meta":{"_acf_changed":false},"pwb-brand":[11952],"product_brand":[],"product_cat":[11703,11705,11791],"product_tag":[],"class_list":{"0":"post-456574","1":"product","2":"type-product","3":"status-publish","4":"has-post-thumbnail","6":"pwb-brand-hauck-ru","7":"product_cat-turvalisus-maneezid-turvavaravad-piirded-ru","8":"product_cat-turvavaravad-ru","9":"product_cat-turvavarustus-ru","10":"pa_manufacturer-hauck-ru","12":"first","13":"instock","14":"taxable","15":"shipping-taxable","16":"purchasable","17":"product-type-simple"},"exclude_global_add_ons":[],"addons":[],"acf":[],"yoast_head":"<!-- This site is optimized with the Yoast SEO plugin v27.1.1 - https:\/\/yoast.com\/product\/yoast-seo-wordpress\/ -->\n<title>Hauck Open N Stop\u200b 2 turvav\u00e4rav, black, \u0411\u0435\u0437\u043e\u043f\u0430\u0441\u043d\u043e\u0441\u0442\u044c, \u0432\u043e\u0440\u043e\u0442\u0430 \u0431\u0435\u0437\u043e\u043f\u0430\u0441\u043d\u043e\u0441\u0442\u0438,\u043c\u0430\u043d\u0435\u0436\u0438, \u0412\u043e\u0440\u043e\u0442\u0430 \u0431\u0435\u0437\u043e\u043f\u0430\u0441\u043d\u043e\u0441\u0442\u0438, \u0421\u043d\u0430\u0440\u044f\u0436\u0435\u043d\u0438\u044f \u0431\u0435\u0437\u043e\u043f\u0430\u0441\u043d\u043e\u0441\u0442\u0438, Beebipood<\/title>\n<meta name=\"description\" content=\"Hauck Open N Stop\u200b 2 turvav\u00e4rav, black, Niipea, kui laps muutub liikuvaks on turvav&auml;ravad treppidelja ukseavades h&auml;dava\" \/>\n<meta name=\"robots\" content=\"index, follow, max-snippet:-1, max-image-preview:large, max-video-preview:-1\" \/>\n<link rel=\"canonical\" href=\"https:\/\/beebipood.ee\/ru\/produkt\/hauck-open-n-stop-2-turvavarav-black\/\" \/>\n<meta property=\"og:locale\" content=\"ru_RU\" \/>\n<meta property=\"og:type\" content=\"article\" \/>\n<meta property=\"og:title\" content=\"Hauck Open N Stop\u200b 2 turvav\u00e4rav, black, \u0411\u0435\u0437\u043e\u043f\u0430\u0441\u043d\u043e\u0441\u0442\u044c, \u0432\u043e\u0440\u043e\u0442\u0430 \u0431\u0435\u0437\u043e\u043f\u0430\u0441\u043d\u043e\u0441\u0442\u0438,\u043c\u0430\u043d\u0435\u0436\u0438, \u0412\u043e\u0440\u043e\u0442\u0430 \u0431\u0435\u0437\u043e\u043f\u0430\u0441\u043d\u043e\u0441\u0442\u0438, \u0421\u043d\u0430\u0440\u044f\u0436\u0435\u043d\u0438\u044f \u0431\u0435\u0437\u043e\u043f\u0430\u0441\u043d\u043e\u0441\u0442\u0438, Beebipood\" \/>\n<meta property=\"og:description\" content=\"Hauck Open N Stop\u200b 2 turvav\u00e4rav, black, Niipea, kui laps muutub liikuvaks on turvav&auml;ravad treppidelja ukseavades h&auml;dava\" \/>\n<meta property=\"og:url\" content=\"https:\/\/beebipood.ee\/ru\/produkt\/hauck-open-n-stop-2-turvavarav-black\/\" \/>\n<meta property=\"og:site_name\" content=\"Beebipood\" \/>\n<meta property=\"article:modified_time\" content=\"2025-03-04T08:34:00+00:00\" \/>\n<meta property=\"og:image\" content=\"https:\/\/beebipood.ee\/wp-content\/uploads\/2016\/02\/Hauck-Open-N-Stop-2-turvavarav-black-UUED-TOOTED-Turvalisus-maneeid-turvavaravad-piirded-Turvavaravad-Turvavarustus_1-b4e.jpg\" \/>\n\t<meta property=\"og:image:width\" content=\"1500\" \/>\n\t<meta property=\"og:image:height\" content=\"1500\" \/>\n\t<meta property=\"og:image:type\" content=\"image\/jpeg\" \/>\n<meta name=\"twitter:card\" content=\"summary_large_image\" \/>\n<meta name=\"twitter:label1\" content=\"\u041f\u0440\u0438\u043c\u0435\u0440\u043d\u043e\u0435 \u0432\u0440\u0435\u043c\u044f \u0434\u043b\u044f \u0447\u0442\u0435\u043d\u0438\u044f\" \/>\n\t<meta name=\"twitter:data1\" content=\"1 \u043c\u0438\u043d\u0443\u0442\u0430\" \/>\n<script type=\"application\/ld+json\" class=\"yoast-schema-graph\">{\"@context\":\"https:\/\/schema.org\",\"@graph\":[{\"@type\":\"WebPage\",\"@id\":\"https:\/\/beebipood.ee\/ru\/produkt\/hauck-open-n-stop-2-turvavarav-black\/\",\"url\":\"https:\/\/beebipood.ee\/ru\/produkt\/hauck-open-n-stop-2-turvavarav-black\/\",\"name\":\"Hauck Open N Stop\u200b 2 turvav\u00e4rav, black, \u0411\u0435\u0437\u043e\u043f\u0430\u0441\u043d\u043e\u0441\u0442\u044c, \u0432\u043e\u0440\u043e\u0442\u0430 \u0431\u0435\u0437\u043e\u043f\u0430\u0441\u043d\u043e\u0441\u0442\u0438,\u043c\u0430\u043d\u0435\u0436\u0438, \u0412\u043e\u0440\u043e\u0442\u0430 \u0431\u0435\u0437\u043e\u043f\u0430\u0441\u043d\u043e\u0441\u0442\u0438, \u0421\u043d\u0430\u0440\u044f\u0436\u0435\u043d\u0438\u044f \u0431\u0435\u0437\u043e\u043f\u0430\u0441\u043d\u043e\u0441\u0442\u0438, Beebipood\",\"isPartOf\":{\"@id\":\"https:\/\/beebipood.ee\/ru\/#website\"},\"primaryImageOfPage\":{\"@id\":\"https:\/\/beebipood.ee\/ru\/produkt\/hauck-open-n-stop-2-turvavarav-black\/#primaryimage\"},\"image\":{\"@id\":\"https:\/\/beebipood.ee\/ru\/produkt\/hauck-open-n-stop-2-turvavarav-black\/#primaryimage\"},\"thumbnailUrl\":\"https:\/\/beebipood.ee\/wp-content\/uploads\/2016\/02\/Hauck-Open-N-Stop-2-turvavarav-black-UUED-TOOTED-Turvalisus-maneeid-turvavaravad-piirded-Turvavaravad-Turvavarustus_1-b4e.jpg\",\"datePublished\":\"2016-02-18T05:50:17+00:00\",\"dateModified\":\"2025-03-04T08:34:00+00:00\",\"description\":\"Hauck Open N Stop\u200b 2 turvav\u00e4rav, black, Niipea, kui laps muutub liikuvaks on turvav&auml;ravad treppidelja ukseavades h&auml;dava\",\"breadcrumb\":{\"@id\":\"https:\/\/beebipood.ee\/ru\/produkt\/hauck-open-n-stop-2-turvavarav-black\/#breadcrumb\"},\"inLanguage\":\"ru-RU\",\"potentialAction\":[{\"@type\":\"ReadAction\",\"target\":[\"https:\/\/beebipood.ee\/ru\/produkt\/hauck-open-n-stop-2-turvavarav-black\/\"]}]},{\"@type\":\"ImageObject\",\"inLanguage\":\"ru-RU\",\"@id\":\"https:\/\/beebipood.ee\/ru\/produkt\/hauck-open-n-stop-2-turvavarav-black\/#primaryimage\",\"url\":\"https:\/\/beebipood.ee\/wp-content\/uploads\/2016\/02\/Hauck-Open-N-Stop-2-turvavarav-black-UUED-TOOTED-Turvalisus-maneeid-turvavaravad-piirded-Turvavaravad-Turvavarustus_1-b4e.jpg\",\"contentUrl\":\"https:\/\/beebipood.ee\/wp-content\/uploads\/2016\/02\/Hauck-Open-N-Stop-2-turvavarav-black-UUED-TOOTED-Turvalisus-maneeid-turvavaravad-piirded-Turvavaravad-Turvavarustus_1-b4e.jpg\",\"width\":1500,\"height\":1500},{\"@type\":\"BreadcrumbList\",\"@id\":\"https:\/\/beebipood.ee\/ru\/produkt\/hauck-open-n-stop-2-turvavarav-black\/#breadcrumb\",\"itemListElement\":[{\"@type\":\"ListItem\",\"position\":1,\"name\":\"Home\",\"item\":\"https:\/\/beebipood.ee\/ru\/\"},{\"@type\":\"ListItem\",\"position\":2,\"name\":\"\u041a\u0430\u0442\u0430\u043b\u043e\u0433 \u0442\u043e\u0432\u0430\u0440\u043e\u0432\",\"item\":\"https:\/\/beebipood.ee\/tooted\/\"},{\"@type\":\"ListItem\",\"position\":3,\"name\":\"Hauck Open N Stop\u200b 2 turvav\u00e4rav, black\"}]},{\"@type\":\"WebSite\",\"@id\":\"https:\/\/beebipood.ee\/ru\/#website\",\"url\":\"https:\/\/beebipood.ee\/ru\/\",\"name\":\"Beebipood\",\"description\":\"Lastekaubad, beebikaubad, m\u00e4nguasjad\",\"publisher\":{\"@id\":\"https:\/\/beebipood.ee\/ru\/#organization\"},\"potentialAction\":[{\"@type\":\"SearchAction\",\"target\":{\"@type\":\"EntryPoint\",\"urlTemplate\":\"https:\/\/beebipood.ee\/ru\/?s={search_term_string}\"},\"query-input\":{\"@type\":\"PropertyValueSpecification\",\"valueRequired\":true,\"valueName\":\"search_term_string\"}}],\"inLanguage\":\"ru-RU\"},{\"@type\":\"Organization\",\"@id\":\"https:\/\/beebipood.ee\/ru\/#organization\",\"name\":\"Beebipood\",\"url\":\"https:\/\/beebipood.ee\/ru\/\",\"logo\":{\"@type\":\"ImageObject\",\"inLanguage\":\"ru-RU\",\"@id\":\"https:\/\/beebipood.ee\/ru\/#\/schema\/logo\/image\/\",\"url\":\"https:\/\/beebipood.ee\/wp-content\/uploads\/2025\/03\/beebipood.ee-logo-1.svg\",\"contentUrl\":\"https:\/\/beebipood.ee\/wp-content\/uploads\/2025\/03\/beebipood.ee-logo-1.svg\",\"caption\":\"Beebipood\"},\"image\":{\"@id\":\"https:\/\/beebipood.ee\/ru\/#\/schema\/logo\/image\/\"}}]}<\/script>\n<!-- \/ Yoast SEO plugin. -->","yoast_head_json":{"title":"Hauck Open N Stop\u200b 2 turvav\u00e4rav, black, \u0411\u0435\u0437\u043e\u043f\u0430\u0441\u043d\u043e\u0441\u0442\u044c, \u0432\u043e\u0440\u043e\u0442\u0430 \u0431\u0435\u0437\u043e\u043f\u0430\u0441\u043d\u043e\u0441\u0442\u0438,\u043c\u0430\u043d\u0435\u0436\u0438, \u0412\u043e\u0440\u043e\u0442\u0430 \u0431\u0435\u0437\u043e\u043f\u0430\u0441\u043d\u043e\u0441\u0442\u0438, \u0421\u043d\u0430\u0440\u044f\u0436\u0435\u043d\u0438\u044f \u0431\u0435\u0437\u043e\u043f\u0430\u0441\u043d\u043e\u0441\u0442\u0438, Beebipood","description":"Hauck Open N Stop\u200b 2 turvav\u00e4rav, black, Niipea, kui laps muutub liikuvaks on turvav&auml;ravad treppidelja ukseavades h&auml;dava","robots":{"index":"index","follow":"follow","max-snippet":"max-snippet:-1","max-image-preview":"max-image-preview:large","max-video-preview":"max-video-preview:-1"},"canonical":"https:\/\/beebipood.ee\/ru\/produkt\/hauck-open-n-stop-2-turvavarav-black\/","og_locale":"ru_RU","og_type":"article","og_title":"Hauck Open N Stop\u200b 2 turvav\u00e4rav, black, \u0411\u0435\u0437\u043e\u043f\u0430\u0441\u043d\u043e\u0441\u0442\u044c, \u0432\u043e\u0440\u043e\u0442\u0430 \u0431\u0435\u0437\u043e\u043f\u0430\u0441\u043d\u043e\u0441\u0442\u0438,\u043c\u0430\u043d\u0435\u0436\u0438, \u0412\u043e\u0440\u043e\u0442\u0430 \u0431\u0435\u0437\u043e\u043f\u0430\u0441\u043d\u043e\u0441\u0442\u0438, \u0421\u043d\u0430\u0440\u044f\u0436\u0435\u043d\u0438\u044f \u0431\u0435\u0437\u043e\u043f\u0430\u0441\u043d\u043e\u0441\u0442\u0438, Beebipood","og_description":"Hauck Open N Stop\u200b 2 turvav\u00e4rav, black, Niipea, kui laps muutub liikuvaks on turvav&auml;ravad treppidelja ukseavades h&auml;dava","og_url":"https:\/\/beebipood.ee\/ru\/produkt\/hauck-open-n-stop-2-turvavarav-black\/","og_site_name":"Beebipood","article_modified_time":"2025-03-04T08:34:00+00:00","og_image":[{"width":1500,"height":1500,"url":"https:\/\/beebipood.ee\/wp-content\/uploads\/2016\/02\/Hauck-Open-N-Stop-2-turvavarav-black-UUED-TOOTED-Turvalisus-maneeid-turvavaravad-piirded-Turvavaravad-Turvavarustus_1-b4e.jpg","type":"image\/jpeg"}],"twitter_card":"summary_large_image","twitter_misc":{"\u041f\u0440\u0438\u043c\u0435\u0440\u043d\u043e\u0435 \u0432\u0440\u0435\u043c\u044f \u0434\u043b\u044f \u0447\u0442\u0435\u043d\u0438\u044f":"1 \u043c\u0438\u043d\u0443\u0442\u0430"},"schema":{"@context":"https:\/\/schema.org","@graph":[{"@type":"WebPage","@id":"https:\/\/beebipood.ee\/ru\/produkt\/hauck-open-n-stop-2-turvavarav-black\/","url":"https:\/\/beebipood.ee\/ru\/produkt\/hauck-open-n-stop-2-turvavarav-black\/","name":"Hauck Open N Stop\u200b 2 turvav\u00e4rav, black, \u0411\u0435\u0437\u043e\u043f\u0430\u0441\u043d\u043e\u0441\u0442\u044c, \u0432\u043e\u0440\u043e\u0442\u0430 \u0431\u0435\u0437\u043e\u043f\u0430\u0441\u043d\u043e\u0441\u0442\u0438,\u043c\u0430\u043d\u0435\u0436\u0438, \u0412\u043e\u0440\u043e\u0442\u0430 \u0431\u0435\u0437\u043e\u043f\u0430\u0441\u043d\u043e\u0441\u0442\u0438, \u0421\u043d\u0430\u0440\u044f\u0436\u0435\u043d\u0438\u044f \u0431\u0435\u0437\u043e\u043f\u0430\u0441\u043d\u043e\u0441\u0442\u0438, Beebipood","isPartOf":{"@id":"https:\/\/beebipood.ee\/ru\/#website"},"primaryImageOfPage":{"@id":"https:\/\/beebipood.ee\/ru\/produkt\/hauck-open-n-stop-2-turvavarav-black\/#primaryimage"},"image":{"@id":"https:\/\/beebipood.ee\/ru\/produkt\/hauck-open-n-stop-2-turvavarav-black\/#primaryimage"},"thumbnailUrl":"https:\/\/beebipood.ee\/wp-content\/uploads\/2016\/02\/Hauck-Open-N-Stop-2-turvavarav-black-UUED-TOOTED-Turvalisus-maneeid-turvavaravad-piirded-Turvavaravad-Turvavarustus_1-b4e.jpg","datePublished":"2016-02-18T05:50:17+00:00","dateModified":"2025-03-04T08:34:00+00:00","description":"Hauck Open N Stop\u200b 2 turvav\u00e4rav, black, Niipea, kui laps muutub liikuvaks on turvav&auml;ravad treppidelja ukseavades h&auml;dava","breadcrumb":{"@id":"https:\/\/beebipood.ee\/ru\/produkt\/hauck-open-n-stop-2-turvavarav-black\/#breadcrumb"},"inLanguage":"ru-RU","potentialAction":[{"@type":"ReadAction","target":["https:\/\/beebipood.ee\/ru\/produkt\/hauck-open-n-stop-2-turvavarav-black\/"]}]},{"@type":"ImageObject","inLanguage":"ru-RU","@id":"https:\/\/beebipood.ee\/ru\/produkt\/hauck-open-n-stop-2-turvavarav-black\/#primaryimage","url":"https:\/\/beebipood.ee\/wp-content\/uploads\/2016\/02\/Hauck-Open-N-Stop-2-turvavarav-black-UUED-TOOTED-Turvalisus-maneeid-turvavaravad-piirded-Turvavaravad-Turvavarustus_1-b4e.jpg","contentUrl":"https:\/\/beebipood.ee\/wp-content\/uploads\/2016\/02\/Hauck-Open-N-Stop-2-turvavarav-black-UUED-TOOTED-Turvalisus-maneeid-turvavaravad-piirded-Turvavaravad-Turvavarustus_1-b4e.jpg","width":1500,"height":1500},{"@type":"BreadcrumbList","@id":"https:\/\/beebipood.ee\/ru\/produkt\/hauck-open-n-stop-2-turvavarav-black\/#breadcrumb","itemListElement":[{"@type":"ListItem","position":1,"name":"Home","item":"https:\/\/beebipood.ee\/ru\/"},{"@type":"ListItem","position":2,"name":"\u041a\u0430\u0442\u0430\u043b\u043e\u0433 \u0442\u043e\u0432\u0430\u0440\u043e\u0432","item":"https:\/\/beebipood.ee\/tooted\/"},{"@type":"ListItem","position":3,"name":"Hauck Open N Stop\u200b 2 turvav\u00e4rav, black"}]},{"@type":"WebSite","@id":"https:\/\/beebipood.ee\/ru\/#website","url":"https:\/\/beebipood.ee\/ru\/","name":"Beebipood","description":"Lastekaubad, beebikaubad, m\u00e4nguasjad","publisher":{"@id":"https:\/\/beebipood.ee\/ru\/#organization"},"potentialAction":[{"@type":"SearchAction","target":{"@type":"EntryPoint","urlTemplate":"https:\/\/beebipood.ee\/ru\/?s={search_term_string}"},"query-input":{"@type":"PropertyValueSpecification","valueRequired":true,"valueName":"search_term_string"}}],"inLanguage":"ru-RU"},{"@type":"Organization","@id":"https:\/\/beebipood.ee\/ru\/#organization","name":"Beebipood","url":"https:\/\/beebipood.ee\/ru\/","logo":{"@type":"ImageObject","inLanguage":"ru-RU","@id":"https:\/\/beebipood.ee\/ru\/#\/schema\/logo\/image\/","url":"https:\/\/beebipood.ee\/wp-content\/uploads\/2025\/03\/beebipood.ee-logo-1.svg","contentUrl":"https:\/\/beebipood.ee\/wp-content\/uploads\/2025\/03\/beebipood.ee-logo-1.svg","caption":"Beebipood"},"image":{"@id":"https:\/\/beebipood.ee\/ru\/#\/schema\/logo\/image\/"}}]}},"brands":[{"id":11952,"name":"Hauck","slug":"hauck-ru"}],"_links":{"self":[{"href":"https:\/\/beebipood.ee\/ru\/wp-json\/wp\/v2\/product\/456574","targetHints":{"allow":["GET"]}}],"collection":[{"href":"https:\/\/beebipood.ee\/ru\/wp-json\/wp\/v2\/product"}],"about":[{"href":"https:\/\/beebipood.ee\/ru\/wp-json\/wp\/v2\/types\/product"}],"wp:featuredmedia":[{"embeddable":true,"href":"https:\/\/beebipood.ee\/ru\/wp-json\/wp\/v2\/media\/164856"}],"wp:attachment":[{"href":"https:\/\/beebipood.ee\/ru\/wp-json\/wp\/v2\/media?parent=456574"}],"wp:term":[{"taxonomy":"pwb-brand","embeddable":true,"href":"https:\/\/beebipood.ee\/ru\/wp-json\/wp\/v2\/pwb-brand?post=456574"},{"taxonomy":"product_brand","embeddable":true,"href":"https:\/\/beebipood.ee\/ru\/wp-json\/wp\/v2\/product_brand?post=456574"},{"taxonomy":"product_cat","embeddable":true,"href":"https:\/\/beebipood.ee\/ru\/wp-json\/wp\/v2\/product_cat?post=456574"},{"taxonomy":"product_tag","embeddable":true,"href":"https:\/\/beebipood.ee\/ru\/wp-json\/wp\/v2\/product_tag?post=456574"}],"curies":[{"name":"wp","href":"https:\/\/api.w.org\/{rel}","templated":true}]}}