{"id":456596,"date":"2016-02-19T11:10:10","date_gmt":"2016-02-19T09:10:10","guid":{"rendered":"https:\/\/beebipood.ee\/toode\/thule-spring-jalutuskaru-majolicablue\/"},"modified":"2025-01-09T10:50:28","modified_gmt":"2025-01-09T08:50:28","slug":"thule-spring-jalutuskaru-majolicablue","status":"publish","type":"product","link":"https:\/\/beebipood.ee\/ru\/produkt\/thule-spring-jalutuskaru-majolicablue\/","title":{"rendered":"Thule Spring jalutusk\u00e4ru, Majolica Blue"},"content":{"rendered":"<p><span>Nii palju n\u00e4ha, teha ja kogeda!<\/span><br \/><span>Tehke seda paindliku, vahva ja praktilise Thule Springi k\u00e4ruga,<\/span><br \/><span>mis muudab teie igap\u00e4evaelu lihtsamaks.<\/span><br \/><span>Mugav, kerge ja h\u00f5lpsasti \u00fche k\u00e4ega kokkupandav,<\/span><br \/><span>mis annab teile vabaduse minna kuhu iganes soovite.<\/span><br \/><span>See v\u00f5tab v\u00e4he ruumi ja on reisidel suurep\u00e4rane kaaslane,<\/span><br \/><span>kuna on h\u00f5lpsalt kokkupandav ja seisab ilma toeta p\u00fcsti.<\/span><br \/><span>Lihtne pealeastutav jalatugi ja langetatav seljatugi<\/span><br \/><span>kohandavad Thule Spring linnavankri teie lapse vajadustega kogu p\u00e4evaks.<\/span><br \/><span>Tugevast ja kvaliteetsest kangast varikatused on vastupidavad<\/span><br \/><span>ning tagavad elegantse v\u00e4limuse.<\/span><br \/><span>Kui te soovite oma vankrit veelgi funktsionaalsemaks muuta,<\/span><br \/><span>siis saate valida suure hulga praktiliste tarvikute hulgast,<\/span><br \/><span>nt Thule Spring vihmakate, Thule Spring jalatugi ja Thule Spring autoistmeadapterid,<\/span><br \/><span>mis v\u00f5imaldavad vankril pakkuda k\u00f5ike mida teil vaja on.<\/span><br \/><span>Lapse kandmise korral kiiresti ja h\u00f5lpsalt \u00fche k\u00e4ega volditav<\/span><br \/><span>\u00dche k\u00e4ega reguleeritav liugjuhtraud tagab t\u00e4iusliku sobivuse<\/span><br \/><span>H\u00f5lpsamat kandmist, transportimist ja hoiustamist v\u00f5imaldavad kokkuvolditavus<\/span><br \/><span>ja ilma toeta p\u00fcstip\u00fcsimine<\/span><br \/><span>P\u00f6\u00f6ratava ja vedrustatud esiratta saab lukustada kindlasse asendisse,<\/span><br \/><span>et s\u00f5it sujuks k\u00f5ikjal mugavalt<\/span><br \/><span>L\u00e4bipaistvast v\u00f5rgust piiluaknaga ventileeritav kaarvari<\/span><br \/><span>muudab s\u00f5idu lapse jaoks mugavaks iga ilmaga (varikatus valitakse eraldi)<\/span><br \/><span>Langetatava seljatoega iste on mugav ja sobib liikvel olles uinakute tegemiseks<\/span><br \/><span>T\u00e4nu astumist h\u00f5lbustavale jalatoele saavad vanemad lapsed omal k\u00e4el k\u00e4russe ronida<\/span><br \/><span>Reguleeritav kaarvari koos paigaldatud laiendusega,<\/span><br \/><span>mis kaitseb madala p\u00e4ikese eest ja pakub UPF 50+ UV-kaitset (varikatus valitakse eraldi)<\/span><br \/><span>Ebatasasel pinnal tagavad sujuva s\u00f5idu torkekindlad vahuga t\u00e4idetud 8,5-tollised rehvid<\/span><br \/><span>Ohutu s\u00f5idu tagab viie kinnituskohaga turvarihm<\/span><br \/><span style=\"text-decoration: underline;\">Tehnilised andmed<\/span><br \/><span>Kandev\u00f5ime 29 kg<\/span><br \/><span>M\u00f5\u00f5tmed avatult 103,5 x 59,5 x 108,5 cm<\/span><br \/><span>M\u00f5\u00f5tmed kokkupandult 32 x 45 x 76 cm<\/span><br \/><span>Kaal 9.6 kg<\/span><br \/><span>Laius 59.5 cm<\/span><br \/><span>Rataste suurus: ees 21,5cm ja taga 21,5cm<\/span><br \/><span>Turvarihm 5-punkti<\/span><br \/><span>Vastab ohutusstandarditele Jah<\/span><br \/><span>Lapsed 1<\/span><\/p>\n","protected":false},"excerpt":{"rendered":"<p>Nii palju n\u00e4ha, teha ja kogeda!Tehke seda paindliku, vahva ja praktilise Thule Springi k\u00e4ruga,mis muudab teie igap\u00e4evaelu lihtsamaks.Mugav, kerge ja h\u00f5lpsasti \u00fche k\u00e4ega kokkupandav,mis annab teile vabaduse minna kuhu iganes soovite.See v\u00f5tab v\u00e4he ruumi ja on reisidel suurep\u00e4rane kaaslane,kuna on h\u00f5lpsalt kokkupandav ja seisab ilma toeta p\u00fcsti.Lihtne pealeastutav jalatugi ja langetatav seljatugikohandavad Thule Spring linnavankri [&hellip;]<\/p>\n","protected":false},"featured_media":164929,"template":"","meta":{"_acf_changed":false},"pwb-brand":[11980],"product_brand":[],"product_cat":[11847,11721,11845,11717],"product_tag":[],"class_list":{"0":"post-456596","1":"product","2":"type-product","3":"status-publish","4":"has-post-thumbnail","6":"pwb-brand-thule-ru","7":"product_cat-thule-ru","8":"product_cat-jalutuskarud-ru","9":"product_cat-thule-spring-ru","10":"product_cat-lastevankrid-ja-karud-ru","11":"pa_manufacturer-thule-ru","13":"first","14":"onbackorder","15":"taxable","16":"shipping-taxable","17":"purchasable","18":"product-type-simple"},"exclude_global_add_ons":[],"addons":[],"acf":[],"yoast_head":"<!-- This site is optimized with the Yoast SEO plugin v27.1.1 - https:\/\/yoast.com\/product\/yoast-seo-wordpress\/ -->\n<title>Thule Spring jalutusk\u00e4ru, Majolica Blue, \u041d\u041e\u0412\u042b\u0415 \u0422\u041e\u0412\u0410\u0420\u042b, \u041a\u043e\u043b\u044f\u0441\u043a\u0438, \u041f\u0440\u043e\u0433\u0443\u043b\u043e\u0447\u043d\u044b\u0435 \u043a\u043e\u043b\u044f\u0441\u043a\u0438, Thule Spring, THULE, Beebipood<\/title>\n<meta name=\"description\" content=\"Thule Spring jalutusk\u00e4ru, Majolica Blue, Nii palju n&auml;ha, teha ja kogeda!Tehke seda paindliku, vahva ja praktilise Thule Spring\" \/>\n<meta name=\"robots\" content=\"index, follow, max-snippet:-1, max-image-preview:large, max-video-preview:-1\" \/>\n<link rel=\"canonical\" href=\"https:\/\/beebipood.ee\/ru\/produkt\/thule-spring-jalutuskaru-majolicablue\/\" \/>\n<meta property=\"og:locale\" content=\"ru_RU\" \/>\n<meta property=\"og:type\" content=\"article\" \/>\n<meta property=\"og:title\" content=\"Thule Spring jalutusk\u00e4ru, Majolica Blue, \u041d\u041e\u0412\u042b\u0415 \u0422\u041e\u0412\u0410\u0420\u042b, \u041a\u043e\u043b\u044f\u0441\u043a\u0438, \u041f\u0440\u043e\u0433\u0443\u043b\u043e\u0447\u043d\u044b\u0435 \u043a\u043e\u043b\u044f\u0441\u043a\u0438, Thule Spring, THULE, Beebipood\" \/>\n<meta property=\"og:description\" content=\"Thule Spring jalutusk\u00e4ru, Majolica Blue, Nii palju n&auml;ha, teha ja kogeda!Tehke seda paindliku, vahva ja praktilise Thule Spring\" \/>\n<meta property=\"og:url\" content=\"https:\/\/beebipood.ee\/ru\/produkt\/thule-spring-jalutuskaru-majolicablue\/\" \/>\n<meta property=\"og:site_name\" content=\"Beebipood\" \/>\n<meta property=\"article:modified_time\" content=\"2025-01-09T08:50:28+00:00\" \/>\n<meta property=\"og:image\" content=\"https:\/\/beebipood.ee\/wp-content\/uploads\/2016\/02\/Thule-Spring-jalutuskaru-MajolicaBlue-SOODUSPAKKUMISED-Lastevankrid-ja-karud-Vankrid-Jalutuskarud_4-001.jpg\" \/>\n\t<meta property=\"og:image:width\" content=\"1200\" \/>\n\t<meta property=\"og:image:height\" content=\"1200\" \/>\n\t<meta property=\"og:image:type\" content=\"image\/jpeg\" \/>\n<meta name=\"twitter:card\" content=\"summary_large_image\" \/>\n<meta name=\"twitter:label1\" content=\"\u041f\u0440\u0438\u043c\u0435\u0440\u043d\u043e\u0435 \u0432\u0440\u0435\u043c\u044f \u0434\u043b\u044f \u0447\u0442\u0435\u043d\u0438\u044f\" \/>\n\t<meta name=\"twitter:data1\" content=\"1 \u043c\u0438\u043d\u0443\u0442\u0430\" \/>\n<script type=\"application\/ld+json\" class=\"yoast-schema-graph\">{\"@context\":\"https:\/\/schema.org\",\"@graph\":[{\"@type\":\"WebPage\",\"@id\":\"https:\/\/beebipood.ee\/ru\/produkt\/thule-spring-jalutuskaru-majolicablue\/\",\"url\":\"https:\/\/beebipood.ee\/ru\/produkt\/thule-spring-jalutuskaru-majolicablue\/\",\"name\":\"Thule Spring jalutusk\u00e4ru, Majolica Blue, \u041d\u041e\u0412\u042b\u0415 \u0422\u041e\u0412\u0410\u0420\u042b, \u041a\u043e\u043b\u044f\u0441\u043a\u0438, \u041f\u0440\u043e\u0433\u0443\u043b\u043e\u0447\u043d\u044b\u0435 \u043a\u043e\u043b\u044f\u0441\u043a\u0438, Thule Spring, THULE, Beebipood\",\"isPartOf\":{\"@id\":\"https:\/\/beebipood.ee\/ru\/#website\"},\"primaryImageOfPage\":{\"@id\":\"https:\/\/beebipood.ee\/ru\/produkt\/thule-spring-jalutuskaru-majolicablue\/#primaryimage\"},\"image\":{\"@id\":\"https:\/\/beebipood.ee\/ru\/produkt\/thule-spring-jalutuskaru-majolicablue\/#primaryimage\"},\"thumbnailUrl\":\"https:\/\/beebipood.ee\/wp-content\/uploads\/2016\/02\/Thule-Spring-jalutuskaru-MajolicaBlue-SOODUSPAKKUMISED-Lastevankrid-ja-karud-Vankrid-Jalutuskarud_4-001.jpg\",\"datePublished\":\"2016-02-19T09:10:10+00:00\",\"dateModified\":\"2025-01-09T08:50:28+00:00\",\"description\":\"Thule Spring jalutusk\u00e4ru, Majolica Blue, Nii palju n&auml;ha, teha ja kogeda!Tehke seda paindliku, vahva ja praktilise Thule Spring\",\"breadcrumb\":{\"@id\":\"https:\/\/beebipood.ee\/ru\/produkt\/thule-spring-jalutuskaru-majolicablue\/#breadcrumb\"},\"inLanguage\":\"ru-RU\",\"potentialAction\":[{\"@type\":\"ReadAction\",\"target\":[\"https:\/\/beebipood.ee\/ru\/produkt\/thule-spring-jalutuskaru-majolicablue\/\"]}]},{\"@type\":\"ImageObject\",\"inLanguage\":\"ru-RU\",\"@id\":\"https:\/\/beebipood.ee\/ru\/produkt\/thule-spring-jalutuskaru-majolicablue\/#primaryimage\",\"url\":\"https:\/\/beebipood.ee\/wp-content\/uploads\/2016\/02\/Thule-Spring-jalutuskaru-MajolicaBlue-SOODUSPAKKUMISED-Lastevankrid-ja-karud-Vankrid-Jalutuskarud_4-001.jpg\",\"contentUrl\":\"https:\/\/beebipood.ee\/wp-content\/uploads\/2016\/02\/Thule-Spring-jalutuskaru-MajolicaBlue-SOODUSPAKKUMISED-Lastevankrid-ja-karud-Vankrid-Jalutuskarud_4-001.jpg\",\"width\":1200,\"height\":1200},{\"@type\":\"BreadcrumbList\",\"@id\":\"https:\/\/beebipood.ee\/ru\/produkt\/thule-spring-jalutuskaru-majolicablue\/#breadcrumb\",\"itemListElement\":[{\"@type\":\"ListItem\",\"position\":1,\"name\":\"Home\",\"item\":\"https:\/\/beebipood.ee\/ru\/\"},{\"@type\":\"ListItem\",\"position\":2,\"name\":\"\u041a\u0430\u0442\u0430\u043b\u043e\u0433 \u0442\u043e\u0432\u0430\u0440\u043e\u0432\",\"item\":\"https:\/\/beebipood.ee\/tooted\/\"},{\"@type\":\"ListItem\",\"position\":3,\"name\":\"Thule Spring jalutusk\u00e4ru, Majolica Blue\"}]},{\"@type\":\"WebSite\",\"@id\":\"https:\/\/beebipood.ee\/ru\/#website\",\"url\":\"https:\/\/beebipood.ee\/ru\/\",\"name\":\"Beebipood\",\"description\":\"Lastekaubad, beebikaubad, m\u00e4nguasjad\",\"publisher\":{\"@id\":\"https:\/\/beebipood.ee\/ru\/#organization\"},\"potentialAction\":[{\"@type\":\"SearchAction\",\"target\":{\"@type\":\"EntryPoint\",\"urlTemplate\":\"https:\/\/beebipood.ee\/ru\/?s={search_term_string}\"},\"query-input\":{\"@type\":\"PropertyValueSpecification\",\"valueRequired\":true,\"valueName\":\"search_term_string\"}}],\"inLanguage\":\"ru-RU\"},{\"@type\":\"Organization\",\"@id\":\"https:\/\/beebipood.ee\/ru\/#organization\",\"name\":\"Beebipood\",\"url\":\"https:\/\/beebipood.ee\/ru\/\",\"logo\":{\"@type\":\"ImageObject\",\"inLanguage\":\"ru-RU\",\"@id\":\"https:\/\/beebipood.ee\/ru\/#\/schema\/logo\/image\/\",\"url\":\"https:\/\/beebipood.ee\/wp-content\/uploads\/2025\/03\/beebipood.ee-logo-1.svg\",\"contentUrl\":\"https:\/\/beebipood.ee\/wp-content\/uploads\/2025\/03\/beebipood.ee-logo-1.svg\",\"caption\":\"Beebipood\"},\"image\":{\"@id\":\"https:\/\/beebipood.ee\/ru\/#\/schema\/logo\/image\/\"}}]}<\/script>\n<!-- \/ Yoast SEO plugin. -->","yoast_head_json":{"title":"Thule Spring jalutusk\u00e4ru, Majolica Blue, \u041d\u041e\u0412\u042b\u0415 \u0422\u041e\u0412\u0410\u0420\u042b, \u041a\u043e\u043b\u044f\u0441\u043a\u0438, \u041f\u0440\u043e\u0433\u0443\u043b\u043e\u0447\u043d\u044b\u0435 \u043a\u043e\u043b\u044f\u0441\u043a\u0438, Thule Spring, THULE, Beebipood","description":"Thule Spring jalutusk\u00e4ru, Majolica Blue, Nii palju n&auml;ha, teha ja kogeda!Tehke seda paindliku, vahva ja praktilise Thule Spring","robots":{"index":"index","follow":"follow","max-snippet":"max-snippet:-1","max-image-preview":"max-image-preview:large","max-video-preview":"max-video-preview:-1"},"canonical":"https:\/\/beebipood.ee\/ru\/produkt\/thule-spring-jalutuskaru-majolicablue\/","og_locale":"ru_RU","og_type":"article","og_title":"Thule Spring jalutusk\u00e4ru, Majolica Blue, \u041d\u041e\u0412\u042b\u0415 \u0422\u041e\u0412\u0410\u0420\u042b, \u041a\u043e\u043b\u044f\u0441\u043a\u0438, \u041f\u0440\u043e\u0433\u0443\u043b\u043e\u0447\u043d\u044b\u0435 \u043a\u043e\u043b\u044f\u0441\u043a\u0438, Thule Spring, THULE, Beebipood","og_description":"Thule Spring jalutusk\u00e4ru, Majolica Blue, Nii palju n&auml;ha, teha ja kogeda!Tehke seda paindliku, vahva ja praktilise Thule Spring","og_url":"https:\/\/beebipood.ee\/ru\/produkt\/thule-spring-jalutuskaru-majolicablue\/","og_site_name":"Beebipood","article_modified_time":"2025-01-09T08:50:28+00:00","og_image":[{"width":1200,"height":1200,"url":"https:\/\/beebipood.ee\/wp-content\/uploads\/2016\/02\/Thule-Spring-jalutuskaru-MajolicaBlue-SOODUSPAKKUMISED-Lastevankrid-ja-karud-Vankrid-Jalutuskarud_4-001.jpg","type":"image\/jpeg"}],"twitter_card":"summary_large_image","twitter_misc":{"\u041f\u0440\u0438\u043c\u0435\u0440\u043d\u043e\u0435 \u0432\u0440\u0435\u043c\u044f \u0434\u043b\u044f \u0447\u0442\u0435\u043d\u0438\u044f":"1 \u043c\u0438\u043d\u0443\u0442\u0430"},"schema":{"@context":"https:\/\/schema.org","@graph":[{"@type":"WebPage","@id":"https:\/\/beebipood.ee\/ru\/produkt\/thule-spring-jalutuskaru-majolicablue\/","url":"https:\/\/beebipood.ee\/ru\/produkt\/thule-spring-jalutuskaru-majolicablue\/","name":"Thule Spring jalutusk\u00e4ru, Majolica Blue, \u041d\u041e\u0412\u042b\u0415 \u0422\u041e\u0412\u0410\u0420\u042b, \u041a\u043e\u043b\u044f\u0441\u043a\u0438, \u041f\u0440\u043e\u0433\u0443\u043b\u043e\u0447\u043d\u044b\u0435 \u043a\u043e\u043b\u044f\u0441\u043a\u0438, Thule Spring, THULE, Beebipood","isPartOf":{"@id":"https:\/\/beebipood.ee\/ru\/#website"},"primaryImageOfPage":{"@id":"https:\/\/beebipood.ee\/ru\/produkt\/thule-spring-jalutuskaru-majolicablue\/#primaryimage"},"image":{"@id":"https:\/\/beebipood.ee\/ru\/produkt\/thule-spring-jalutuskaru-majolicablue\/#primaryimage"},"thumbnailUrl":"https:\/\/beebipood.ee\/wp-content\/uploads\/2016\/02\/Thule-Spring-jalutuskaru-MajolicaBlue-SOODUSPAKKUMISED-Lastevankrid-ja-karud-Vankrid-Jalutuskarud_4-001.jpg","datePublished":"2016-02-19T09:10:10+00:00","dateModified":"2025-01-09T08:50:28+00:00","description":"Thule Spring jalutusk\u00e4ru, Majolica Blue, Nii palju n&auml;ha, teha ja kogeda!Tehke seda paindliku, vahva ja praktilise Thule Spring","breadcrumb":{"@id":"https:\/\/beebipood.ee\/ru\/produkt\/thule-spring-jalutuskaru-majolicablue\/#breadcrumb"},"inLanguage":"ru-RU","potentialAction":[{"@type":"ReadAction","target":["https:\/\/beebipood.ee\/ru\/produkt\/thule-spring-jalutuskaru-majolicablue\/"]}]},{"@type":"ImageObject","inLanguage":"ru-RU","@id":"https:\/\/beebipood.ee\/ru\/produkt\/thule-spring-jalutuskaru-majolicablue\/#primaryimage","url":"https:\/\/beebipood.ee\/wp-content\/uploads\/2016\/02\/Thule-Spring-jalutuskaru-MajolicaBlue-SOODUSPAKKUMISED-Lastevankrid-ja-karud-Vankrid-Jalutuskarud_4-001.jpg","contentUrl":"https:\/\/beebipood.ee\/wp-content\/uploads\/2016\/02\/Thule-Spring-jalutuskaru-MajolicaBlue-SOODUSPAKKUMISED-Lastevankrid-ja-karud-Vankrid-Jalutuskarud_4-001.jpg","width":1200,"height":1200},{"@type":"BreadcrumbList","@id":"https:\/\/beebipood.ee\/ru\/produkt\/thule-spring-jalutuskaru-majolicablue\/#breadcrumb","itemListElement":[{"@type":"ListItem","position":1,"name":"Home","item":"https:\/\/beebipood.ee\/ru\/"},{"@type":"ListItem","position":2,"name":"\u041a\u0430\u0442\u0430\u043b\u043e\u0433 \u0442\u043e\u0432\u0430\u0440\u043e\u0432","item":"https:\/\/beebipood.ee\/tooted\/"},{"@type":"ListItem","position":3,"name":"Thule Spring jalutusk\u00e4ru, Majolica Blue"}]},{"@type":"WebSite","@id":"https:\/\/beebipood.ee\/ru\/#website","url":"https:\/\/beebipood.ee\/ru\/","name":"Beebipood","description":"Lastekaubad, beebikaubad, m\u00e4nguasjad","publisher":{"@id":"https:\/\/beebipood.ee\/ru\/#organization"},"potentialAction":[{"@type":"SearchAction","target":{"@type":"EntryPoint","urlTemplate":"https:\/\/beebipood.ee\/ru\/?s={search_term_string}"},"query-input":{"@type":"PropertyValueSpecification","valueRequired":true,"valueName":"search_term_string"}}],"inLanguage":"ru-RU"},{"@type":"Organization","@id":"https:\/\/beebipood.ee\/ru\/#organization","name":"Beebipood","url":"https:\/\/beebipood.ee\/ru\/","logo":{"@type":"ImageObject","inLanguage":"ru-RU","@id":"https:\/\/beebipood.ee\/ru\/#\/schema\/logo\/image\/","url":"https:\/\/beebipood.ee\/wp-content\/uploads\/2025\/03\/beebipood.ee-logo-1.svg","contentUrl":"https:\/\/beebipood.ee\/wp-content\/uploads\/2025\/03\/beebipood.ee-logo-1.svg","caption":"Beebipood"},"image":{"@id":"https:\/\/beebipood.ee\/ru\/#\/schema\/logo\/image\/"}}]}},"brands":[{"id":11980,"name":"THULE","slug":"thule-ru"}],"_links":{"self":[{"href":"https:\/\/beebipood.ee\/ru\/wp-json\/wp\/v2\/product\/456596","targetHints":{"allow":["GET"]}}],"collection":[{"href":"https:\/\/beebipood.ee\/ru\/wp-json\/wp\/v2\/product"}],"about":[{"href":"https:\/\/beebipood.ee\/ru\/wp-json\/wp\/v2\/types\/product"}],"wp:featuredmedia":[{"embeddable":true,"href":"https:\/\/beebipood.ee\/ru\/wp-json\/wp\/v2\/media\/164929"}],"wp:attachment":[{"href":"https:\/\/beebipood.ee\/ru\/wp-json\/wp\/v2\/media?parent=456596"}],"wp:term":[{"taxonomy":"pwb-brand","embeddable":true,"href":"https:\/\/beebipood.ee\/ru\/wp-json\/wp\/v2\/pwb-brand?post=456596"},{"taxonomy":"product_brand","embeddable":true,"href":"https:\/\/beebipood.ee\/ru\/wp-json\/wp\/v2\/product_brand?post=456596"},{"taxonomy":"product_cat","embeddable":true,"href":"https:\/\/beebipood.ee\/ru\/wp-json\/wp\/v2\/product_cat?post=456596"},{"taxonomy":"product_tag","embeddable":true,"href":"https:\/\/beebipood.ee\/ru\/wp-json\/wp\/v2\/product_tag?post=456596"}],"curies":[{"name":"wp","href":"https:\/\/api.w.org\/{rel}","templated":true}]}}