{"id":456606,"date":"2016-02-20T13:44:10","date_gmt":"2016-02-20T11:44:10","guid":{"rendered":"https:\/\/beebipood.ee\/toode\/thule-spring-jalatugi\/"},"modified":"2025-01-09T10:50:28","modified_gmt":"2025-01-09T08:50:28","slug":"thule-spring-jalatugi","status":"publish","type":"product","link":"https:\/\/beebipood.ee\/ru\/produkt\/thule-spring-jalatugi\/","title":{"rendered":"Thule Spring jalatugi"},"content":{"rendered":"<p>Thule Spring jalatugi muudab Teie lapse olemise jalutusk\u00e4igu ajal veelgi mugavamaks.<br \/>Jalatugi kinnitub Thule Spring k\u00e4ru s\u00e4\u00e4retoe alla. <br \/>Alla klapitav kui ei ole tarvidust kasutada. <br \/>Thule Spring k\u00e4ru on v\u00f5imalik kokku ja lahti panna ka lisatud jalatoega. <br \/>Sobilik lastele vanusest 6 kuud kuni 4 eluaastat.<\/p>\n<p>\u00a0<\/p>\n","protected":false},"excerpt":{"rendered":"<p>Thule Spring jalatugi muudab Teie lapse olemise jalutusk\u00e4igu ajal veelgi mugavamaks.Jalatugi kinnitub Thule Spring k\u00e4ru s\u00e4\u00e4retoe alla. Alla klapitav kui ei ole tarvidust kasutada. Thule Spring k\u00e4ru on v\u00f5imalik kokku ja lahti panna ka lisatud jalatoega. Sobilik lastele vanusest 6 kuud kuni 4 eluaastat. \u00a0<\/p>\n","protected":false},"featured_media":165053,"template":"","meta":{"_acf_changed":false},"pwb-brand":[11954],"product_brand":[],"product_cat":[11847,11721,11845,11717],"product_tag":[],"class_list":{"0":"post-456606","1":"product","2":"type-product","3":"status-publish","4":"has-post-thumbnail","6":"pwb-brand-icoo-ru","7":"product_cat-thule-ru","8":"product_cat-jalutuskarud-ru","9":"product_cat-thule-spring-ru","10":"product_cat-lastevankrid-ja-karud-ru","11":"pa_manufacturer-icoo-ru","13":"first","14":"outofstock","15":"taxable","16":"shipping-taxable","17":"purchasable","18":"product-type-simple"},"exclude_global_add_ons":[],"addons":[],"acf":[],"yoast_head":"<!-- This site is optimized with the Yoast SEO plugin v27.1.1 - https:\/\/yoast.com\/product\/yoast-seo-wordpress\/ -->\n<title>Thule Spring jalatugi, \u041d\u041e\u0412\u042b\u0415 \u0422\u041e\u0412\u0410\u0420\u042b, \u041a\u043e\u043b\u044f\u0441\u043a\u0438, \u041f\u0440\u043e\u0433\u0443\u043b\u043e\u0447\u043d\u044b\u0435 \u043a\u043e\u043b\u044f\u0441\u043a\u0438, Thule Spring, THULE, Beebipood<\/title>\n<meta name=\"description\" content=\"Thule Spring jalatugi, Thule Spring jalatugi muudab Teie lapse olemise jalutusk&auml;igu ajal veelgi mugavamaks.Jalatugi kinnitub Thule Spring k&auml;r\" \/>\n<meta name=\"robots\" content=\"index, follow, max-snippet:-1, max-image-preview:large, max-video-preview:-1\" \/>\n<link rel=\"canonical\" href=\"https:\/\/beebipood.ee\/ru\/produkt\/thule-spring-jalatugi\/\" \/>\n<meta property=\"og:locale\" content=\"ru_RU\" \/>\n<meta property=\"og:type\" content=\"article\" \/>\n<meta property=\"og:title\" content=\"Thule Spring jalatugi, \u041d\u041e\u0412\u042b\u0415 \u0422\u041e\u0412\u0410\u0420\u042b, \u041a\u043e\u043b\u044f\u0441\u043a\u0438, \u041f\u0440\u043e\u0433\u0443\u043b\u043e\u0447\u043d\u044b\u0435 \u043a\u043e\u043b\u044f\u0441\u043a\u0438, Thule Spring, THULE, Beebipood\" \/>\n<meta property=\"og:description\" content=\"Thule Spring jalatugi, Thule Spring jalatugi muudab Teie lapse olemise jalutusk&auml;igu ajal veelgi mugavamaks.Jalatugi kinnitub Thule Spring k&auml;r\" \/>\n<meta property=\"og:url\" content=\"https:\/\/beebipood.ee\/ru\/produkt\/thule-spring-jalatugi\/\" \/>\n<meta property=\"og:site_name\" content=\"Beebipood\" \/>\n<meta property=\"article:modified_time\" content=\"2025-01-09T08:50:28+00:00\" \/>\n<meta property=\"og:image\" content=\"https:\/\/beebipood.ee\/wp-content\/uploads\/2016\/02\/Thule-Spring-jalutuskaru-turvakaar-ja-jalatugi-Midnight-black-Lastevankrid-ja-karud-Lisavarustus-Thule-Urban-Glide-2-THULE_3-675.jpg\" \/>\n\t<meta property=\"og:image:width\" content=\"1800\" \/>\n\t<meta property=\"og:image:height\" content=\"1200\" \/>\n\t<meta property=\"og:image:type\" content=\"image\/jpeg\" \/>\n<meta name=\"twitter:card\" content=\"summary_large_image\" \/>\n<script type=\"application\/ld+json\" class=\"yoast-schema-graph\">{\"@context\":\"https:\/\/schema.org\",\"@graph\":[{\"@type\":\"WebPage\",\"@id\":\"https:\/\/beebipood.ee\/ru\/produkt\/thule-spring-jalatugi\/\",\"url\":\"https:\/\/beebipood.ee\/ru\/produkt\/thule-spring-jalatugi\/\",\"name\":\"Thule Spring jalatugi, \u041d\u041e\u0412\u042b\u0415 \u0422\u041e\u0412\u0410\u0420\u042b, \u041a\u043e\u043b\u044f\u0441\u043a\u0438, \u041f\u0440\u043e\u0433\u0443\u043b\u043e\u0447\u043d\u044b\u0435 \u043a\u043e\u043b\u044f\u0441\u043a\u0438, Thule Spring, THULE, Beebipood\",\"isPartOf\":{\"@id\":\"https:\/\/beebipood.ee\/ru\/#website\"},\"primaryImageOfPage\":{\"@id\":\"https:\/\/beebipood.ee\/ru\/produkt\/thule-spring-jalatugi\/#primaryimage\"},\"image\":{\"@id\":\"https:\/\/beebipood.ee\/ru\/produkt\/thule-spring-jalatugi\/#primaryimage\"},\"thumbnailUrl\":\"https:\/\/beebipood.ee\/wp-content\/uploads\/2016\/02\/Thule-Spring-jalutuskaru-turvakaar-ja-jalatugi-Midnight-black-Lastevankrid-ja-karud-Lisavarustus-Thule-Urban-Glide-2-THULE_3-675.jpg\",\"datePublished\":\"2016-02-20T11:44:10+00:00\",\"dateModified\":\"2025-01-09T08:50:28+00:00\",\"description\":\"Thule Spring jalatugi, Thule Spring jalatugi muudab Teie lapse olemise jalutusk&auml;igu ajal veelgi mugavamaks.Jalatugi kinnitub Thule Spring k&auml;r\",\"breadcrumb\":{\"@id\":\"https:\/\/beebipood.ee\/ru\/produkt\/thule-spring-jalatugi\/#breadcrumb\"},\"inLanguage\":\"ru-RU\",\"potentialAction\":[{\"@type\":\"ReadAction\",\"target\":[\"https:\/\/beebipood.ee\/ru\/produkt\/thule-spring-jalatugi\/\"]}]},{\"@type\":\"ImageObject\",\"inLanguage\":\"ru-RU\",\"@id\":\"https:\/\/beebipood.ee\/ru\/produkt\/thule-spring-jalatugi\/#primaryimage\",\"url\":\"https:\/\/beebipood.ee\/wp-content\/uploads\/2016\/02\/Thule-Spring-jalutuskaru-turvakaar-ja-jalatugi-Midnight-black-Lastevankrid-ja-karud-Lisavarustus-Thule-Urban-Glide-2-THULE_3-675.jpg\",\"contentUrl\":\"https:\/\/beebipood.ee\/wp-content\/uploads\/2016\/02\/Thule-Spring-jalutuskaru-turvakaar-ja-jalatugi-Midnight-black-Lastevankrid-ja-karud-Lisavarustus-Thule-Urban-Glide-2-THULE_3-675.jpg\",\"width\":1800,\"height\":1200},{\"@type\":\"BreadcrumbList\",\"@id\":\"https:\/\/beebipood.ee\/ru\/produkt\/thule-spring-jalatugi\/#breadcrumb\",\"itemListElement\":[{\"@type\":\"ListItem\",\"position\":1,\"name\":\"Home\",\"item\":\"https:\/\/beebipood.ee\/ru\/\"},{\"@type\":\"ListItem\",\"position\":2,\"name\":\"\u041a\u0430\u0442\u0430\u043b\u043e\u0433 \u0442\u043e\u0432\u0430\u0440\u043e\u0432\",\"item\":\"https:\/\/beebipood.ee\/tooted\/\"},{\"@type\":\"ListItem\",\"position\":3,\"name\":\"Thule Spring jalatugi\"}]},{\"@type\":\"WebSite\",\"@id\":\"https:\/\/beebipood.ee\/ru\/#website\",\"url\":\"https:\/\/beebipood.ee\/ru\/\",\"name\":\"Beebipood\",\"description\":\"Lastekaubad, beebikaubad, m\u00e4nguasjad\",\"publisher\":{\"@id\":\"https:\/\/beebipood.ee\/ru\/#organization\"},\"potentialAction\":[{\"@type\":\"SearchAction\",\"target\":{\"@type\":\"EntryPoint\",\"urlTemplate\":\"https:\/\/beebipood.ee\/ru\/?s={search_term_string}\"},\"query-input\":{\"@type\":\"PropertyValueSpecification\",\"valueRequired\":true,\"valueName\":\"search_term_string\"}}],\"inLanguage\":\"ru-RU\"},{\"@type\":\"Organization\",\"@id\":\"https:\/\/beebipood.ee\/ru\/#organization\",\"name\":\"Beebipood\",\"url\":\"https:\/\/beebipood.ee\/ru\/\",\"logo\":{\"@type\":\"ImageObject\",\"inLanguage\":\"ru-RU\",\"@id\":\"https:\/\/beebipood.ee\/ru\/#\/schema\/logo\/image\/\",\"url\":\"https:\/\/beebipood.ee\/wp-content\/uploads\/2025\/03\/beebipood.ee-logo-1.svg\",\"contentUrl\":\"https:\/\/beebipood.ee\/wp-content\/uploads\/2025\/03\/beebipood.ee-logo-1.svg\",\"caption\":\"Beebipood\"},\"image\":{\"@id\":\"https:\/\/beebipood.ee\/ru\/#\/schema\/logo\/image\/\"}}]}<\/script>\n<!-- \/ Yoast SEO plugin. -->","yoast_head_json":{"title":"Thule Spring jalatugi, \u041d\u041e\u0412\u042b\u0415 \u0422\u041e\u0412\u0410\u0420\u042b, \u041a\u043e\u043b\u044f\u0441\u043a\u0438, \u041f\u0440\u043e\u0433\u0443\u043b\u043e\u0447\u043d\u044b\u0435 \u043a\u043e\u043b\u044f\u0441\u043a\u0438, Thule Spring, THULE, Beebipood","description":"Thule Spring jalatugi, Thule Spring jalatugi muudab Teie lapse olemise jalutusk&auml;igu ajal veelgi mugavamaks.Jalatugi kinnitub Thule Spring k&auml;r","robots":{"index":"index","follow":"follow","max-snippet":"max-snippet:-1","max-image-preview":"max-image-preview:large","max-video-preview":"max-video-preview:-1"},"canonical":"https:\/\/beebipood.ee\/ru\/produkt\/thule-spring-jalatugi\/","og_locale":"ru_RU","og_type":"article","og_title":"Thule Spring jalatugi, \u041d\u041e\u0412\u042b\u0415 \u0422\u041e\u0412\u0410\u0420\u042b, \u041a\u043e\u043b\u044f\u0441\u043a\u0438, \u041f\u0440\u043e\u0433\u0443\u043b\u043e\u0447\u043d\u044b\u0435 \u043a\u043e\u043b\u044f\u0441\u043a\u0438, Thule Spring, THULE, Beebipood","og_description":"Thule Spring jalatugi, Thule Spring jalatugi muudab Teie lapse olemise jalutusk&auml;igu ajal veelgi mugavamaks.Jalatugi kinnitub Thule Spring k&auml;r","og_url":"https:\/\/beebipood.ee\/ru\/produkt\/thule-spring-jalatugi\/","og_site_name":"Beebipood","article_modified_time":"2025-01-09T08:50:28+00:00","og_image":[{"width":1800,"height":1200,"url":"https:\/\/beebipood.ee\/wp-content\/uploads\/2016\/02\/Thule-Spring-jalutuskaru-turvakaar-ja-jalatugi-Midnight-black-Lastevankrid-ja-karud-Lisavarustus-Thule-Urban-Glide-2-THULE_3-675.jpg","type":"image\/jpeg"}],"twitter_card":"summary_large_image","schema":{"@context":"https:\/\/schema.org","@graph":[{"@type":"WebPage","@id":"https:\/\/beebipood.ee\/ru\/produkt\/thule-spring-jalatugi\/","url":"https:\/\/beebipood.ee\/ru\/produkt\/thule-spring-jalatugi\/","name":"Thule Spring jalatugi, \u041d\u041e\u0412\u042b\u0415 \u0422\u041e\u0412\u0410\u0420\u042b, \u041a\u043e\u043b\u044f\u0441\u043a\u0438, \u041f\u0440\u043e\u0433\u0443\u043b\u043e\u0447\u043d\u044b\u0435 \u043a\u043e\u043b\u044f\u0441\u043a\u0438, Thule Spring, THULE, Beebipood","isPartOf":{"@id":"https:\/\/beebipood.ee\/ru\/#website"},"primaryImageOfPage":{"@id":"https:\/\/beebipood.ee\/ru\/produkt\/thule-spring-jalatugi\/#primaryimage"},"image":{"@id":"https:\/\/beebipood.ee\/ru\/produkt\/thule-spring-jalatugi\/#primaryimage"},"thumbnailUrl":"https:\/\/beebipood.ee\/wp-content\/uploads\/2016\/02\/Thule-Spring-jalutuskaru-turvakaar-ja-jalatugi-Midnight-black-Lastevankrid-ja-karud-Lisavarustus-Thule-Urban-Glide-2-THULE_3-675.jpg","datePublished":"2016-02-20T11:44:10+00:00","dateModified":"2025-01-09T08:50:28+00:00","description":"Thule Spring jalatugi, Thule Spring jalatugi muudab Teie lapse olemise jalutusk&auml;igu ajal veelgi mugavamaks.Jalatugi kinnitub Thule Spring k&auml;r","breadcrumb":{"@id":"https:\/\/beebipood.ee\/ru\/produkt\/thule-spring-jalatugi\/#breadcrumb"},"inLanguage":"ru-RU","potentialAction":[{"@type":"ReadAction","target":["https:\/\/beebipood.ee\/ru\/produkt\/thule-spring-jalatugi\/"]}]},{"@type":"ImageObject","inLanguage":"ru-RU","@id":"https:\/\/beebipood.ee\/ru\/produkt\/thule-spring-jalatugi\/#primaryimage","url":"https:\/\/beebipood.ee\/wp-content\/uploads\/2016\/02\/Thule-Spring-jalutuskaru-turvakaar-ja-jalatugi-Midnight-black-Lastevankrid-ja-karud-Lisavarustus-Thule-Urban-Glide-2-THULE_3-675.jpg","contentUrl":"https:\/\/beebipood.ee\/wp-content\/uploads\/2016\/02\/Thule-Spring-jalutuskaru-turvakaar-ja-jalatugi-Midnight-black-Lastevankrid-ja-karud-Lisavarustus-Thule-Urban-Glide-2-THULE_3-675.jpg","width":1800,"height":1200},{"@type":"BreadcrumbList","@id":"https:\/\/beebipood.ee\/ru\/produkt\/thule-spring-jalatugi\/#breadcrumb","itemListElement":[{"@type":"ListItem","position":1,"name":"Home","item":"https:\/\/beebipood.ee\/ru\/"},{"@type":"ListItem","position":2,"name":"\u041a\u0430\u0442\u0430\u043b\u043e\u0433 \u0442\u043e\u0432\u0430\u0440\u043e\u0432","item":"https:\/\/beebipood.ee\/tooted\/"},{"@type":"ListItem","position":3,"name":"Thule Spring jalatugi"}]},{"@type":"WebSite","@id":"https:\/\/beebipood.ee\/ru\/#website","url":"https:\/\/beebipood.ee\/ru\/","name":"Beebipood","description":"Lastekaubad, beebikaubad, m\u00e4nguasjad","publisher":{"@id":"https:\/\/beebipood.ee\/ru\/#organization"},"potentialAction":[{"@type":"SearchAction","target":{"@type":"EntryPoint","urlTemplate":"https:\/\/beebipood.ee\/ru\/?s={search_term_string}"},"query-input":{"@type":"PropertyValueSpecification","valueRequired":true,"valueName":"search_term_string"}}],"inLanguage":"ru-RU"},{"@type":"Organization","@id":"https:\/\/beebipood.ee\/ru\/#organization","name":"Beebipood","url":"https:\/\/beebipood.ee\/ru\/","logo":{"@type":"ImageObject","inLanguage":"ru-RU","@id":"https:\/\/beebipood.ee\/ru\/#\/schema\/logo\/image\/","url":"https:\/\/beebipood.ee\/wp-content\/uploads\/2025\/03\/beebipood.ee-logo-1.svg","contentUrl":"https:\/\/beebipood.ee\/wp-content\/uploads\/2025\/03\/beebipood.ee-logo-1.svg","caption":"Beebipood"},"image":{"@id":"https:\/\/beebipood.ee\/ru\/#\/schema\/logo\/image\/"}}]}},"brands":[{"id":11954,"name":"iCoo","slug":"icoo-ru"}],"_links":{"self":[{"href":"https:\/\/beebipood.ee\/ru\/wp-json\/wp\/v2\/product\/456606","targetHints":{"allow":["GET"]}}],"collection":[{"href":"https:\/\/beebipood.ee\/ru\/wp-json\/wp\/v2\/product"}],"about":[{"href":"https:\/\/beebipood.ee\/ru\/wp-json\/wp\/v2\/types\/product"}],"wp:featuredmedia":[{"embeddable":true,"href":"https:\/\/beebipood.ee\/ru\/wp-json\/wp\/v2\/media\/165053"}],"wp:attachment":[{"href":"https:\/\/beebipood.ee\/ru\/wp-json\/wp\/v2\/media?parent=456606"}],"wp:term":[{"taxonomy":"pwb-brand","embeddable":true,"href":"https:\/\/beebipood.ee\/ru\/wp-json\/wp\/v2\/pwb-brand?post=456606"},{"taxonomy":"product_brand","embeddable":true,"href":"https:\/\/beebipood.ee\/ru\/wp-json\/wp\/v2\/product_brand?post=456606"},{"taxonomy":"product_cat","embeddable":true,"href":"https:\/\/beebipood.ee\/ru\/wp-json\/wp\/v2\/product_cat?post=456606"},{"taxonomy":"product_tag","embeddable":true,"href":"https:\/\/beebipood.ee\/ru\/wp-json\/wp\/v2\/product_tag?post=456606"}],"curies":[{"name":"wp","href":"https:\/\/api.w.org\/{rel}","templated":true}]}}