{"id":456620,"date":"2016-02-23T06:59:04","date_gmt":"2016-02-23T04:59:04","guid":{"rendered":"https:\/\/beebipood.ee\/toode\/thule-lapsevankri-transpordikott-large\/"},"modified":"2025-01-09T10:50:27","modified_gmt":"2025-01-09T08:50:27","slug":"thule-lapsevankri-transpordikott-large","status":"publish","type":"product","link":"https:\/\/beebipood.ee\/ru\/produkt\/thule-lapsevankri-transpordikott-large\/","title":{"rendered":"Thule lapsevankri transpordikott, Large"},"content":{"rendered":"<p>Thule lapsevankri reisikott on kompaktne ja kokkupandav transpordikott <br \/>lapsevankri lihtsaks transportimiseks. <br \/>Tehke reisil olles lihtsalt kott lahti, <br \/>pange jalutusk\u00e4ru ilma rattaid eemaldamata sinna sisse <br \/>ja kandke kotti k\u00e4epidemest v\u00f5i \u00f5larihmaga.<br \/>Kompaktne ja kokkuvolditav reisikott lapsevankri lihtsaks transportimiseks. <br \/>Unikaalne kujundus s\u00e4\u00e4stab ruumi <br \/>ja seda saab v\u00e4ikeseks kotikeseks kokku voltida siis, kui seda ei kasutata. <br \/>Polsterdatud nurgad pakuvad lisakaitset. <br \/>Kotil on kandesang ja \u00f5larihm. <br \/>BlueSigni poolt heaks kiidetud. <br \/>Ruum lisatekile, riietele v\u00f5i muule vajalikule.<br \/>\u00dchildub: Thule Urban Glide 3, Thule Urban Glide 4-wheel, Thule Urban Glide 2, Thule Glide 2<\/p>\n<p>\u00a0<\/p>\n","protected":false},"excerpt":{"rendered":"<p>Thule lapsevankri reisikott on kompaktne ja kokkupandav transpordikott lapsevankri lihtsaks transportimiseks. Tehke reisil olles lihtsalt kott lahti, pange jalutusk\u00e4ru ilma rattaid eemaldamata sinna sisse ja kandke kotti k\u00e4epidemest v\u00f5i \u00f5larihmaga.Kompaktne ja kokkuvolditav reisikott lapsevankri lihtsaks transportimiseks. Unikaalne kujundus s\u00e4\u00e4stab ruumi ja seda saab v\u00e4ikeseks kotikeseks kokku voltida siis, kui seda ei kasutata. Polsterdatud nurgad pakuvad [&hellip;]<\/p>\n","protected":false},"featured_media":165100,"template":"","meta":{"_acf_changed":false},"pwb-brand":[11980],"product_brand":[],"product_cat":[11847,11849,11851,11721,11725,11717,11825],"product_tag":[],"class_list":{"0":"post-456620","1":"product","2":"type-product","3":"status-publish","4":"has-post-thumbnail","6":"pwb-brand-thule-ru","7":"product_cat-thule-ru","8":"product_cat-thule-urban-glide-3-ru","9":"product_cat-thule-urban-glide-4-wheel-ru","10":"product_cat-jalutuskarud-ru","11":"product_cat-lisatarvikud-ru","12":"product_cat-lastevankrid-ja-karud-ru","13":"product_cat-thule-glide-3-ru","14":"pa_manufacturer-thule-ru","16":"first","17":"instock","18":"taxable","19":"shipping-taxable","20":"purchasable","21":"product-type-simple"},"exclude_global_add_ons":[],"addons":[],"acf":[],"yoast_head":"<!-- This site is optimized with the Yoast SEO plugin v27.1.1 - https:\/\/yoast.com\/product\/yoast-seo-wordpress\/ -->\n<title>Thule lapsevankri transpordikott, Large, \u041d\u041e\u0412\u042b\u0415 \u0422\u041e\u0412\u0410\u0420\u042b, \u041a\u043e\u043b\u044f\u0441\u043a\u0438, \u041f\u0440\u043e\u0433\u0443\u043b\u043e\u0447\u043d\u044b\u0435 \u043a\u043e\u043b\u044f\u0441\u043a\u0438, \u041f\u0440\u0438\u043d\u0430\u0434\u043b\u0435\u0436\u043d\u043e\u0441\u0442\u0438, Thule Urban Glide 2, THULE, Thule Urban Glide 3, Thule Urban Glide 4-wheel, Beebipood<\/title>\n<meta name=\"description\" content=\"Thule lapsevankri transpordikott, Large, Thule lapsevankri reisikott on kompaktne ja kokkupandav transpordikott lapsevankri lihtsaks transportimiseks.\" \/>\n<meta name=\"robots\" content=\"index, follow, max-snippet:-1, max-image-preview:large, max-video-preview:-1\" \/>\n<link rel=\"canonical\" href=\"https:\/\/beebipood.ee\/ru\/produkt\/thule-lapsevankri-transpordikott-large\/\" \/>\n<meta property=\"og:locale\" content=\"ru_RU\" \/>\n<meta property=\"og:type\" content=\"article\" \/>\n<meta property=\"og:title\" content=\"Thule lapsevankri transpordikott, Large, \u041d\u041e\u0412\u042b\u0415 \u0422\u041e\u0412\u0410\u0420\u042b, \u041a\u043e\u043b\u044f\u0441\u043a\u0438, \u041f\u0440\u043e\u0433\u0443\u043b\u043e\u0447\u043d\u044b\u0435 \u043a\u043e\u043b\u044f\u0441\u043a\u0438, \u041f\u0440\u0438\u043d\u0430\u0434\u043b\u0435\u0436\u043d\u043e\u0441\u0442\u0438, Thule Urban Glide 2, THULE, Thule Urban Glide 3, Thule Urban Glide 4-wheel, Beebipood\" \/>\n<meta property=\"og:description\" content=\"Thule lapsevankri transpordikott, Large, Thule lapsevankri reisikott on kompaktne ja kokkupandav transpordikott lapsevankri lihtsaks transportimiseks.\" \/>\n<meta property=\"og:url\" content=\"https:\/\/beebipood.ee\/ru\/produkt\/thule-lapsevankri-transpordikott-large\/\" \/>\n<meta property=\"og:site_name\" content=\"Beebipood\" \/>\n<meta property=\"article:modified_time\" content=\"2025-01-09T08:50:27+00:00\" \/>\n<meta property=\"og:image\" content=\"https:\/\/beebipood.ee\/wp-content\/uploads\/2016\/02\/thule_lapsevankri_transpordikott_large-90e.jpg\" \/>\n\t<meta property=\"og:image:width\" content=\"700\" \/>\n\t<meta property=\"og:image:height\" content=\"700\" \/>\n\t<meta property=\"og:image:type\" content=\"image\/jpeg\" \/>\n<meta name=\"twitter:card\" content=\"summary_large_image\" \/>\n<script type=\"application\/ld+json\" class=\"yoast-schema-graph\">{\"@context\":\"https:\/\/schema.org\",\"@graph\":[{\"@type\":\"WebPage\",\"@id\":\"https:\/\/beebipood.ee\/ru\/produkt\/thule-lapsevankri-transpordikott-large\/\",\"url\":\"https:\/\/beebipood.ee\/ru\/produkt\/thule-lapsevankri-transpordikott-large\/\",\"name\":\"Thule lapsevankri transpordikott, Large, \u041d\u041e\u0412\u042b\u0415 \u0422\u041e\u0412\u0410\u0420\u042b, \u041a\u043e\u043b\u044f\u0441\u043a\u0438, \u041f\u0440\u043e\u0433\u0443\u043b\u043e\u0447\u043d\u044b\u0435 \u043a\u043e\u043b\u044f\u0441\u043a\u0438, \u041f\u0440\u0438\u043d\u0430\u0434\u043b\u0435\u0436\u043d\u043e\u0441\u0442\u0438, Thule Urban Glide 2, THULE, Thule Urban Glide 3, Thule Urban Glide 4-wheel, Beebipood\",\"isPartOf\":{\"@id\":\"https:\/\/beebipood.ee\/ru\/#website\"},\"primaryImageOfPage\":{\"@id\":\"https:\/\/beebipood.ee\/ru\/produkt\/thule-lapsevankri-transpordikott-large\/#primaryimage\"},\"image\":{\"@id\":\"https:\/\/beebipood.ee\/ru\/produkt\/thule-lapsevankri-transpordikott-large\/#primaryimage\"},\"thumbnailUrl\":\"https:\/\/beebipood.ee\/wp-content\/uploads\/2016\/02\/thule_lapsevankri_transpordikott_large-90e.jpg\",\"datePublished\":\"2016-02-23T04:59:04+00:00\",\"dateModified\":\"2025-01-09T08:50:27+00:00\",\"description\":\"Thule lapsevankri transpordikott, Large, Thule lapsevankri reisikott on kompaktne ja kokkupandav transpordikott lapsevankri lihtsaks transportimiseks.\",\"breadcrumb\":{\"@id\":\"https:\/\/beebipood.ee\/ru\/produkt\/thule-lapsevankri-transpordikott-large\/#breadcrumb\"},\"inLanguage\":\"ru-RU\",\"potentialAction\":[{\"@type\":\"ReadAction\",\"target\":[\"https:\/\/beebipood.ee\/ru\/produkt\/thule-lapsevankri-transpordikott-large\/\"]}]},{\"@type\":\"ImageObject\",\"inLanguage\":\"ru-RU\",\"@id\":\"https:\/\/beebipood.ee\/ru\/produkt\/thule-lapsevankri-transpordikott-large\/#primaryimage\",\"url\":\"https:\/\/beebipood.ee\/wp-content\/uploads\/2016\/02\/thule_lapsevankri_transpordikott_large-90e.jpg\",\"contentUrl\":\"https:\/\/beebipood.ee\/wp-content\/uploads\/2016\/02\/thule_lapsevankri_transpordikott_large-90e.jpg\",\"width\":700,\"height\":700},{\"@type\":\"BreadcrumbList\",\"@id\":\"https:\/\/beebipood.ee\/ru\/produkt\/thule-lapsevankri-transpordikott-large\/#breadcrumb\",\"itemListElement\":[{\"@type\":\"ListItem\",\"position\":1,\"name\":\"Home\",\"item\":\"https:\/\/beebipood.ee\/ru\/\"},{\"@type\":\"ListItem\",\"position\":2,\"name\":\"\u041a\u0430\u0442\u0430\u043b\u043e\u0433 \u0442\u043e\u0432\u0430\u0440\u043e\u0432\",\"item\":\"https:\/\/beebipood.ee\/tooted\/\"},{\"@type\":\"ListItem\",\"position\":3,\"name\":\"Thule lapsevankri transpordikott, Large\"}]},{\"@type\":\"WebSite\",\"@id\":\"https:\/\/beebipood.ee\/ru\/#website\",\"url\":\"https:\/\/beebipood.ee\/ru\/\",\"name\":\"Beebipood\",\"description\":\"Lastekaubad, beebikaubad, m\u00e4nguasjad\",\"publisher\":{\"@id\":\"https:\/\/beebipood.ee\/ru\/#organization\"},\"potentialAction\":[{\"@type\":\"SearchAction\",\"target\":{\"@type\":\"EntryPoint\",\"urlTemplate\":\"https:\/\/beebipood.ee\/ru\/?s={search_term_string}\"},\"query-input\":{\"@type\":\"PropertyValueSpecification\",\"valueRequired\":true,\"valueName\":\"search_term_string\"}}],\"inLanguage\":\"ru-RU\"},{\"@type\":\"Organization\",\"@id\":\"https:\/\/beebipood.ee\/ru\/#organization\",\"name\":\"Beebipood\",\"url\":\"https:\/\/beebipood.ee\/ru\/\",\"logo\":{\"@type\":\"ImageObject\",\"inLanguage\":\"ru-RU\",\"@id\":\"https:\/\/beebipood.ee\/ru\/#\/schema\/logo\/image\/\",\"url\":\"https:\/\/beebipood.ee\/wp-content\/uploads\/2025\/03\/beebipood.ee-logo-1.svg\",\"contentUrl\":\"https:\/\/beebipood.ee\/wp-content\/uploads\/2025\/03\/beebipood.ee-logo-1.svg\",\"caption\":\"Beebipood\"},\"image\":{\"@id\":\"https:\/\/beebipood.ee\/ru\/#\/schema\/logo\/image\/\"}}]}<\/script>\n<!-- \/ Yoast SEO plugin. -->","yoast_head_json":{"title":"Thule lapsevankri transpordikott, Large, \u041d\u041e\u0412\u042b\u0415 \u0422\u041e\u0412\u0410\u0420\u042b, \u041a\u043e\u043b\u044f\u0441\u043a\u0438, \u041f\u0440\u043e\u0433\u0443\u043b\u043e\u0447\u043d\u044b\u0435 \u043a\u043e\u043b\u044f\u0441\u043a\u0438, \u041f\u0440\u0438\u043d\u0430\u0434\u043b\u0435\u0436\u043d\u043e\u0441\u0442\u0438, Thule Urban Glide 2, THULE, Thule Urban Glide 3, Thule Urban Glide 4-wheel, Beebipood","description":"Thule lapsevankri transpordikott, Large, Thule lapsevankri reisikott on kompaktne ja kokkupandav transpordikott lapsevankri lihtsaks transportimiseks.","robots":{"index":"index","follow":"follow","max-snippet":"max-snippet:-1","max-image-preview":"max-image-preview:large","max-video-preview":"max-video-preview:-1"},"canonical":"https:\/\/beebipood.ee\/ru\/produkt\/thule-lapsevankri-transpordikott-large\/","og_locale":"ru_RU","og_type":"article","og_title":"Thule lapsevankri transpordikott, Large, \u041d\u041e\u0412\u042b\u0415 \u0422\u041e\u0412\u0410\u0420\u042b, \u041a\u043e\u043b\u044f\u0441\u043a\u0438, \u041f\u0440\u043e\u0433\u0443\u043b\u043e\u0447\u043d\u044b\u0435 \u043a\u043e\u043b\u044f\u0441\u043a\u0438, \u041f\u0440\u0438\u043d\u0430\u0434\u043b\u0435\u0436\u043d\u043e\u0441\u0442\u0438, Thule Urban Glide 2, THULE, Thule Urban Glide 3, Thule Urban Glide 4-wheel, Beebipood","og_description":"Thule lapsevankri transpordikott, Large, Thule lapsevankri reisikott on kompaktne ja kokkupandav transpordikott lapsevankri lihtsaks transportimiseks.","og_url":"https:\/\/beebipood.ee\/ru\/produkt\/thule-lapsevankri-transpordikott-large\/","og_site_name":"Beebipood","article_modified_time":"2025-01-09T08:50:27+00:00","og_image":[{"width":700,"height":700,"url":"https:\/\/beebipood.ee\/wp-content\/uploads\/2016\/02\/thule_lapsevankri_transpordikott_large-90e.jpg","type":"image\/jpeg"}],"twitter_card":"summary_large_image","schema":{"@context":"https:\/\/schema.org","@graph":[{"@type":"WebPage","@id":"https:\/\/beebipood.ee\/ru\/produkt\/thule-lapsevankri-transpordikott-large\/","url":"https:\/\/beebipood.ee\/ru\/produkt\/thule-lapsevankri-transpordikott-large\/","name":"Thule lapsevankri transpordikott, Large, \u041d\u041e\u0412\u042b\u0415 \u0422\u041e\u0412\u0410\u0420\u042b, \u041a\u043e\u043b\u044f\u0441\u043a\u0438, \u041f\u0440\u043e\u0433\u0443\u043b\u043e\u0447\u043d\u044b\u0435 \u043a\u043e\u043b\u044f\u0441\u043a\u0438, \u041f\u0440\u0438\u043d\u0430\u0434\u043b\u0435\u0436\u043d\u043e\u0441\u0442\u0438, Thule Urban Glide 2, THULE, Thule Urban Glide 3, Thule Urban Glide 4-wheel, Beebipood","isPartOf":{"@id":"https:\/\/beebipood.ee\/ru\/#website"},"primaryImageOfPage":{"@id":"https:\/\/beebipood.ee\/ru\/produkt\/thule-lapsevankri-transpordikott-large\/#primaryimage"},"image":{"@id":"https:\/\/beebipood.ee\/ru\/produkt\/thule-lapsevankri-transpordikott-large\/#primaryimage"},"thumbnailUrl":"https:\/\/beebipood.ee\/wp-content\/uploads\/2016\/02\/thule_lapsevankri_transpordikott_large-90e.jpg","datePublished":"2016-02-23T04:59:04+00:00","dateModified":"2025-01-09T08:50:27+00:00","description":"Thule lapsevankri transpordikott, Large, Thule lapsevankri reisikott on kompaktne ja kokkupandav transpordikott lapsevankri lihtsaks transportimiseks.","breadcrumb":{"@id":"https:\/\/beebipood.ee\/ru\/produkt\/thule-lapsevankri-transpordikott-large\/#breadcrumb"},"inLanguage":"ru-RU","potentialAction":[{"@type":"ReadAction","target":["https:\/\/beebipood.ee\/ru\/produkt\/thule-lapsevankri-transpordikott-large\/"]}]},{"@type":"ImageObject","inLanguage":"ru-RU","@id":"https:\/\/beebipood.ee\/ru\/produkt\/thule-lapsevankri-transpordikott-large\/#primaryimage","url":"https:\/\/beebipood.ee\/wp-content\/uploads\/2016\/02\/thule_lapsevankri_transpordikott_large-90e.jpg","contentUrl":"https:\/\/beebipood.ee\/wp-content\/uploads\/2016\/02\/thule_lapsevankri_transpordikott_large-90e.jpg","width":700,"height":700},{"@type":"BreadcrumbList","@id":"https:\/\/beebipood.ee\/ru\/produkt\/thule-lapsevankri-transpordikott-large\/#breadcrumb","itemListElement":[{"@type":"ListItem","position":1,"name":"Home","item":"https:\/\/beebipood.ee\/ru\/"},{"@type":"ListItem","position":2,"name":"\u041a\u0430\u0442\u0430\u043b\u043e\u0433 \u0442\u043e\u0432\u0430\u0440\u043e\u0432","item":"https:\/\/beebipood.ee\/tooted\/"},{"@type":"ListItem","position":3,"name":"Thule lapsevankri transpordikott, Large"}]},{"@type":"WebSite","@id":"https:\/\/beebipood.ee\/ru\/#website","url":"https:\/\/beebipood.ee\/ru\/","name":"Beebipood","description":"Lastekaubad, beebikaubad, m\u00e4nguasjad","publisher":{"@id":"https:\/\/beebipood.ee\/ru\/#organization"},"potentialAction":[{"@type":"SearchAction","target":{"@type":"EntryPoint","urlTemplate":"https:\/\/beebipood.ee\/ru\/?s={search_term_string}"},"query-input":{"@type":"PropertyValueSpecification","valueRequired":true,"valueName":"search_term_string"}}],"inLanguage":"ru-RU"},{"@type":"Organization","@id":"https:\/\/beebipood.ee\/ru\/#organization","name":"Beebipood","url":"https:\/\/beebipood.ee\/ru\/","logo":{"@type":"ImageObject","inLanguage":"ru-RU","@id":"https:\/\/beebipood.ee\/ru\/#\/schema\/logo\/image\/","url":"https:\/\/beebipood.ee\/wp-content\/uploads\/2025\/03\/beebipood.ee-logo-1.svg","contentUrl":"https:\/\/beebipood.ee\/wp-content\/uploads\/2025\/03\/beebipood.ee-logo-1.svg","caption":"Beebipood"},"image":{"@id":"https:\/\/beebipood.ee\/ru\/#\/schema\/logo\/image\/"}}]}},"brands":[{"id":11980,"name":"THULE","slug":"thule-ru"}],"_links":{"self":[{"href":"https:\/\/beebipood.ee\/ru\/wp-json\/wp\/v2\/product\/456620","targetHints":{"allow":["GET"]}}],"collection":[{"href":"https:\/\/beebipood.ee\/ru\/wp-json\/wp\/v2\/product"}],"about":[{"href":"https:\/\/beebipood.ee\/ru\/wp-json\/wp\/v2\/types\/product"}],"wp:featuredmedia":[{"embeddable":true,"href":"https:\/\/beebipood.ee\/ru\/wp-json\/wp\/v2\/media\/165100"}],"wp:attachment":[{"href":"https:\/\/beebipood.ee\/ru\/wp-json\/wp\/v2\/media?parent=456620"}],"wp:term":[{"taxonomy":"pwb-brand","embeddable":true,"href":"https:\/\/beebipood.ee\/ru\/wp-json\/wp\/v2\/pwb-brand?post=456620"},{"taxonomy":"product_brand","embeddable":true,"href":"https:\/\/beebipood.ee\/ru\/wp-json\/wp\/v2\/product_brand?post=456620"},{"taxonomy":"product_cat","embeddable":true,"href":"https:\/\/beebipood.ee\/ru\/wp-json\/wp\/v2\/product_cat?post=456620"},{"taxonomy":"product_tag","embeddable":true,"href":"https:\/\/beebipood.ee\/ru\/wp-json\/wp\/v2\/product_tag?post=456620"}],"curies":[{"name":"wp","href":"https:\/\/api.w.org\/{rel}","templated":true}]}}