{"id":456622,"date":"2016-02-23T08:45:36","date_gmt":"2016-02-23T06:45:36","guid":{"rendered":"https:\/\/beebipood.ee\/toode\/hauck-disney-sport-kergkaru-pooh-exploring\/"},"modified":"2025-01-09T10:50:27","modified_gmt":"2025-01-09T08:50:27","slug":"hauck-disney-sport-kergkaru-pooh-exploring","status":"publish","type":"product","link":"https:\/\/beebipood.ee\/ru\/produkt\/hauck-disney-sport-kergkaru-pooh-exploring\/","title":{"rendered":"Hauck Disney Sport kergk\u00e4ru, Pooh Exploring"},"content":{"rendered":"<p>Kompaktne ja mugav kergk\u00e4ru Sport, <br \/>mis on ideaalne igap\u00e4evaseks kasutamiseks<br \/>Varikatus pakub optimaalset kaitset p\u00e4ikese, tuule v\u00f5i vihma eest.<br \/>5-punkti turvarihmad \u00f5lapolsterdustega <br \/>Seljatugi on reguleeritavad <br \/>Suur kaubakorv<br \/>Esirattad on 360\u00b0 p\u00f6\u00f6rlevad ning lukustatavad <br \/>Reguleeritav jalatugi <br \/>K\u00e4ru on lihtne kokku panna <br \/>Vanuser\u00fchm: 0 kuni 36kuud<br \/>M\u00f5\u00f5dud lahtiselt 75 x 45 x 100 cm <br \/>M\u00f5\u00f5dud kokkupandult 81 x 45 x 24 cm<br \/>Istme laius 31 cm<br \/>Lamamisosa pikkus 72 cm<br \/>Jalutusk\u00e4ru kaal 5,9 kg<br \/>Kandev\u00f5ime: 18kg (15kg + 3kg)<\/p>\n","protected":false},"excerpt":{"rendered":"<p>Kompaktne ja mugav kergk\u00e4ru Sport, mis on ideaalne igap\u00e4evaseks kasutamiseksVarikatus pakub optimaalset kaitset p\u00e4ikese, tuule v\u00f5i vihma eest.5-punkti turvarihmad \u00f5lapolsterdustega Seljatugi on reguleeritavad Suur kaubakorvEsirattad on 360\u00b0 p\u00f6\u00f6rlevad ning lukustatavad Reguleeritav jalatugi K\u00e4ru on lihtne kokku panna Vanuser\u00fchm: 0 kuni 36kuudM\u00f5\u00f5dud lahtiselt 75 x 45 x 100 cm M\u00f5\u00f5dud kokkupandult 81 x 45 x 24 [&hellip;]<\/p>\n","protected":false},"featured_media":108787,"template":"","meta":{"_acf_changed":false},"pwb-brand":[11953],"product_brand":[],"product_cat":[11721,11717],"product_tag":[],"class_list":{"0":"post-456622","1":"product","2":"type-product","3":"status-publish","4":"has-post-thumbnail","6":"pwb-brand-hauck-disney-ru","7":"product_cat-jalutuskarud-ru","8":"product_cat-lastevankrid-ja-karud-ru","9":"pa_manufacturer-hauckdisney-ru","11":"first","12":"onbackorder","13":"taxable","14":"shipping-taxable","15":"purchasable","16":"product-type-simple"},"exclude_global_add_ons":[],"addons":[],"acf":[],"yoast_head":"<!-- This site is optimized with the Yoast SEO plugin v27.1.1 - https:\/\/yoast.com\/product\/yoast-seo-wordpress\/ -->\n<title>Hauck Disney Sport kergk\u00e4ru, Pooh Exploring , \u041d\u041e\u0412\u042b\u0415 \u0422\u041e\u0412\u0410\u0420\u042b, \u041a\u043e\u043b\u044f\u0441\u043a\u0438, \u041f\u0440\u043e\u0433\u0443\u043b\u043e\u0447\u043d\u044b\u0435 \u043a\u043e\u043b\u044f\u0441\u043a\u0438, Beebipood<\/title>\n<meta name=\"description\" content=\"Hauck Disney Sport kergk\u00e4ru, Pooh Exploring , Kompaktne ja mugav kergk&auml;ru Sport, mis on ideaalne igap&auml;evaseks kasutamiseksVarikatus pa\" \/>\n<meta name=\"robots\" content=\"index, follow, max-snippet:-1, max-image-preview:large, max-video-preview:-1\" \/>\n<link rel=\"canonical\" href=\"https:\/\/beebipood.ee\/ru\/produkt\/hauck-disney-sport-kergkaru-pooh-exploring\/\" \/>\n<meta property=\"og:locale\" content=\"ru_RU\" \/>\n<meta property=\"og:type\" content=\"article\" \/>\n<meta property=\"og:title\" content=\"Hauck Disney Sport kergk\u00e4ru, Pooh Exploring , \u041d\u041e\u0412\u042b\u0415 \u0422\u041e\u0412\u0410\u0420\u042b, \u041a\u043e\u043b\u044f\u0441\u043a\u0438, \u041f\u0440\u043e\u0433\u0443\u043b\u043e\u0447\u043d\u044b\u0435 \u043a\u043e\u043b\u044f\u0441\u043a\u0438, Beebipood\" \/>\n<meta property=\"og:description\" content=\"Hauck Disney Sport kergk\u00e4ru, Pooh Exploring , Kompaktne ja mugav kergk&auml;ru Sport, mis on ideaalne igap&auml;evaseks kasutamiseksVarikatus pa\" \/>\n<meta property=\"og:url\" content=\"https:\/\/beebipood.ee\/ru\/produkt\/hauck-disney-sport-kergkaru-pooh-exploring\/\" \/>\n<meta property=\"og:site_name\" content=\"Beebipood\" \/>\n<meta property=\"article:modified_time\" content=\"2025-01-09T08:50:27+00:00\" \/>\n<meta property=\"og:image\" content=\"https:\/\/beebipood.ee\/wp-content\/uploads\/2016\/02\/Hauck-Disney-Sport-kergkaru-Pooh-Exploring-UUED-TOOTED-Lastevankrid-ja-karud-Jalutuskarud_8-416.jpg\" \/>\n\t<meta property=\"og:image:width\" content=\"1280\" \/>\n\t<meta property=\"og:image:height\" content=\"1280\" \/>\n\t<meta property=\"og:image:type\" content=\"image\/jpeg\" \/>\n<meta name=\"twitter:card\" content=\"summary_large_image\" \/>\n<script type=\"application\/ld+json\" class=\"yoast-schema-graph\">{\"@context\":\"https:\/\/schema.org\",\"@graph\":[{\"@type\":\"WebPage\",\"@id\":\"https:\/\/beebipood.ee\/ru\/produkt\/hauck-disney-sport-kergkaru-pooh-exploring\/\",\"url\":\"https:\/\/beebipood.ee\/ru\/produkt\/hauck-disney-sport-kergkaru-pooh-exploring\/\",\"name\":\"Hauck Disney Sport kergk\u00e4ru, Pooh Exploring , \u041d\u041e\u0412\u042b\u0415 \u0422\u041e\u0412\u0410\u0420\u042b, \u041a\u043e\u043b\u044f\u0441\u043a\u0438, \u041f\u0440\u043e\u0433\u0443\u043b\u043e\u0447\u043d\u044b\u0435 \u043a\u043e\u043b\u044f\u0441\u043a\u0438, Beebipood\",\"isPartOf\":{\"@id\":\"https:\/\/beebipood.ee\/ru\/#website\"},\"primaryImageOfPage\":{\"@id\":\"https:\/\/beebipood.ee\/ru\/produkt\/hauck-disney-sport-kergkaru-pooh-exploring\/#primaryimage\"},\"image\":{\"@id\":\"https:\/\/beebipood.ee\/ru\/produkt\/hauck-disney-sport-kergkaru-pooh-exploring\/#primaryimage\"},\"thumbnailUrl\":\"https:\/\/beebipood.ee\/wp-content\/uploads\/2016\/02\/Hauck-Disney-Sport-kergkaru-Pooh-Exploring-UUED-TOOTED-Lastevankrid-ja-karud-Jalutuskarud_8-416.jpg\",\"datePublished\":\"2016-02-23T06:45:36+00:00\",\"dateModified\":\"2025-01-09T08:50:27+00:00\",\"description\":\"Hauck Disney Sport kergk\u00e4ru, Pooh Exploring , Kompaktne ja mugav kergk&auml;ru Sport, mis on ideaalne igap&auml;evaseks kasutamiseksVarikatus pa\",\"breadcrumb\":{\"@id\":\"https:\/\/beebipood.ee\/ru\/produkt\/hauck-disney-sport-kergkaru-pooh-exploring\/#breadcrumb\"},\"inLanguage\":\"ru-RU\",\"potentialAction\":[{\"@type\":\"ReadAction\",\"target\":[\"https:\/\/beebipood.ee\/ru\/produkt\/hauck-disney-sport-kergkaru-pooh-exploring\/\"]}]},{\"@type\":\"ImageObject\",\"inLanguage\":\"ru-RU\",\"@id\":\"https:\/\/beebipood.ee\/ru\/produkt\/hauck-disney-sport-kergkaru-pooh-exploring\/#primaryimage\",\"url\":\"https:\/\/beebipood.ee\/wp-content\/uploads\/2016\/02\/Hauck-Disney-Sport-kergkaru-Pooh-Exploring-UUED-TOOTED-Lastevankrid-ja-karud-Jalutuskarud_8-416.jpg\",\"contentUrl\":\"https:\/\/beebipood.ee\/wp-content\/uploads\/2016\/02\/Hauck-Disney-Sport-kergkaru-Pooh-Exploring-UUED-TOOTED-Lastevankrid-ja-karud-Jalutuskarud_8-416.jpg\",\"width\":1280,\"height\":1280},{\"@type\":\"BreadcrumbList\",\"@id\":\"https:\/\/beebipood.ee\/ru\/produkt\/hauck-disney-sport-kergkaru-pooh-exploring\/#breadcrumb\",\"itemListElement\":[{\"@type\":\"ListItem\",\"position\":1,\"name\":\"Home\",\"item\":\"https:\/\/beebipood.ee\/ru\/\"},{\"@type\":\"ListItem\",\"position\":2,\"name\":\"\u041a\u0430\u0442\u0430\u043b\u043e\u0433 \u0442\u043e\u0432\u0430\u0440\u043e\u0432\",\"item\":\"https:\/\/beebipood.ee\/tooted\/\"},{\"@type\":\"ListItem\",\"position\":3,\"name\":\"Hauck Disney Sport kergk\u00e4ru, Pooh Exploring\"}]},{\"@type\":\"WebSite\",\"@id\":\"https:\/\/beebipood.ee\/ru\/#website\",\"url\":\"https:\/\/beebipood.ee\/ru\/\",\"name\":\"Beebipood\",\"description\":\"Lastekaubad, beebikaubad, m\u00e4nguasjad\",\"publisher\":{\"@id\":\"https:\/\/beebipood.ee\/ru\/#organization\"},\"potentialAction\":[{\"@type\":\"SearchAction\",\"target\":{\"@type\":\"EntryPoint\",\"urlTemplate\":\"https:\/\/beebipood.ee\/ru\/?s={search_term_string}\"},\"query-input\":{\"@type\":\"PropertyValueSpecification\",\"valueRequired\":true,\"valueName\":\"search_term_string\"}}],\"inLanguage\":\"ru-RU\"},{\"@type\":\"Organization\",\"@id\":\"https:\/\/beebipood.ee\/ru\/#organization\",\"name\":\"Beebipood\",\"url\":\"https:\/\/beebipood.ee\/ru\/\",\"logo\":{\"@type\":\"ImageObject\",\"inLanguage\":\"ru-RU\",\"@id\":\"https:\/\/beebipood.ee\/ru\/#\/schema\/logo\/image\/\",\"url\":\"https:\/\/beebipood.ee\/wp-content\/uploads\/2025\/03\/beebipood.ee-logo-1.svg\",\"contentUrl\":\"https:\/\/beebipood.ee\/wp-content\/uploads\/2025\/03\/beebipood.ee-logo-1.svg\",\"caption\":\"Beebipood\"},\"image\":{\"@id\":\"https:\/\/beebipood.ee\/ru\/#\/schema\/logo\/image\/\"}}]}<\/script>\n<!-- \/ Yoast SEO plugin. -->","yoast_head_json":{"title":"Hauck Disney Sport kergk\u00e4ru, Pooh Exploring , \u041d\u041e\u0412\u042b\u0415 \u0422\u041e\u0412\u0410\u0420\u042b, \u041a\u043e\u043b\u044f\u0441\u043a\u0438, \u041f\u0440\u043e\u0433\u0443\u043b\u043e\u0447\u043d\u044b\u0435 \u043a\u043e\u043b\u044f\u0441\u043a\u0438, Beebipood","description":"Hauck Disney Sport kergk\u00e4ru, Pooh Exploring , Kompaktne ja mugav kergk&auml;ru Sport, mis on ideaalne igap&auml;evaseks kasutamiseksVarikatus pa","robots":{"index":"index","follow":"follow","max-snippet":"max-snippet:-1","max-image-preview":"max-image-preview:large","max-video-preview":"max-video-preview:-1"},"canonical":"https:\/\/beebipood.ee\/ru\/produkt\/hauck-disney-sport-kergkaru-pooh-exploring\/","og_locale":"ru_RU","og_type":"article","og_title":"Hauck Disney Sport kergk\u00e4ru, Pooh Exploring , \u041d\u041e\u0412\u042b\u0415 \u0422\u041e\u0412\u0410\u0420\u042b, \u041a\u043e\u043b\u044f\u0441\u043a\u0438, \u041f\u0440\u043e\u0433\u0443\u043b\u043e\u0447\u043d\u044b\u0435 \u043a\u043e\u043b\u044f\u0441\u043a\u0438, Beebipood","og_description":"Hauck Disney Sport kergk\u00e4ru, Pooh Exploring , Kompaktne ja mugav kergk&auml;ru Sport, mis on ideaalne igap&auml;evaseks kasutamiseksVarikatus pa","og_url":"https:\/\/beebipood.ee\/ru\/produkt\/hauck-disney-sport-kergkaru-pooh-exploring\/","og_site_name":"Beebipood","article_modified_time":"2025-01-09T08:50:27+00:00","og_image":[{"width":1280,"height":1280,"url":"https:\/\/beebipood.ee\/wp-content\/uploads\/2016\/02\/Hauck-Disney-Sport-kergkaru-Pooh-Exploring-UUED-TOOTED-Lastevankrid-ja-karud-Jalutuskarud_8-416.jpg","type":"image\/jpeg"}],"twitter_card":"summary_large_image","schema":{"@context":"https:\/\/schema.org","@graph":[{"@type":"WebPage","@id":"https:\/\/beebipood.ee\/ru\/produkt\/hauck-disney-sport-kergkaru-pooh-exploring\/","url":"https:\/\/beebipood.ee\/ru\/produkt\/hauck-disney-sport-kergkaru-pooh-exploring\/","name":"Hauck Disney Sport kergk\u00e4ru, Pooh Exploring , \u041d\u041e\u0412\u042b\u0415 \u0422\u041e\u0412\u0410\u0420\u042b, \u041a\u043e\u043b\u044f\u0441\u043a\u0438, \u041f\u0440\u043e\u0433\u0443\u043b\u043e\u0447\u043d\u044b\u0435 \u043a\u043e\u043b\u044f\u0441\u043a\u0438, Beebipood","isPartOf":{"@id":"https:\/\/beebipood.ee\/ru\/#website"},"primaryImageOfPage":{"@id":"https:\/\/beebipood.ee\/ru\/produkt\/hauck-disney-sport-kergkaru-pooh-exploring\/#primaryimage"},"image":{"@id":"https:\/\/beebipood.ee\/ru\/produkt\/hauck-disney-sport-kergkaru-pooh-exploring\/#primaryimage"},"thumbnailUrl":"https:\/\/beebipood.ee\/wp-content\/uploads\/2016\/02\/Hauck-Disney-Sport-kergkaru-Pooh-Exploring-UUED-TOOTED-Lastevankrid-ja-karud-Jalutuskarud_8-416.jpg","datePublished":"2016-02-23T06:45:36+00:00","dateModified":"2025-01-09T08:50:27+00:00","description":"Hauck Disney Sport kergk\u00e4ru, Pooh Exploring , Kompaktne ja mugav kergk&auml;ru Sport, mis on ideaalne igap&auml;evaseks kasutamiseksVarikatus pa","breadcrumb":{"@id":"https:\/\/beebipood.ee\/ru\/produkt\/hauck-disney-sport-kergkaru-pooh-exploring\/#breadcrumb"},"inLanguage":"ru-RU","potentialAction":[{"@type":"ReadAction","target":["https:\/\/beebipood.ee\/ru\/produkt\/hauck-disney-sport-kergkaru-pooh-exploring\/"]}]},{"@type":"ImageObject","inLanguage":"ru-RU","@id":"https:\/\/beebipood.ee\/ru\/produkt\/hauck-disney-sport-kergkaru-pooh-exploring\/#primaryimage","url":"https:\/\/beebipood.ee\/wp-content\/uploads\/2016\/02\/Hauck-Disney-Sport-kergkaru-Pooh-Exploring-UUED-TOOTED-Lastevankrid-ja-karud-Jalutuskarud_8-416.jpg","contentUrl":"https:\/\/beebipood.ee\/wp-content\/uploads\/2016\/02\/Hauck-Disney-Sport-kergkaru-Pooh-Exploring-UUED-TOOTED-Lastevankrid-ja-karud-Jalutuskarud_8-416.jpg","width":1280,"height":1280},{"@type":"BreadcrumbList","@id":"https:\/\/beebipood.ee\/ru\/produkt\/hauck-disney-sport-kergkaru-pooh-exploring\/#breadcrumb","itemListElement":[{"@type":"ListItem","position":1,"name":"Home","item":"https:\/\/beebipood.ee\/ru\/"},{"@type":"ListItem","position":2,"name":"\u041a\u0430\u0442\u0430\u043b\u043e\u0433 \u0442\u043e\u0432\u0430\u0440\u043e\u0432","item":"https:\/\/beebipood.ee\/tooted\/"},{"@type":"ListItem","position":3,"name":"Hauck Disney Sport kergk\u00e4ru, Pooh Exploring"}]},{"@type":"WebSite","@id":"https:\/\/beebipood.ee\/ru\/#website","url":"https:\/\/beebipood.ee\/ru\/","name":"Beebipood","description":"Lastekaubad, beebikaubad, m\u00e4nguasjad","publisher":{"@id":"https:\/\/beebipood.ee\/ru\/#organization"},"potentialAction":[{"@type":"SearchAction","target":{"@type":"EntryPoint","urlTemplate":"https:\/\/beebipood.ee\/ru\/?s={search_term_string}"},"query-input":{"@type":"PropertyValueSpecification","valueRequired":true,"valueName":"search_term_string"}}],"inLanguage":"ru-RU"},{"@type":"Organization","@id":"https:\/\/beebipood.ee\/ru\/#organization","name":"Beebipood","url":"https:\/\/beebipood.ee\/ru\/","logo":{"@type":"ImageObject","inLanguage":"ru-RU","@id":"https:\/\/beebipood.ee\/ru\/#\/schema\/logo\/image\/","url":"https:\/\/beebipood.ee\/wp-content\/uploads\/2025\/03\/beebipood.ee-logo-1.svg","contentUrl":"https:\/\/beebipood.ee\/wp-content\/uploads\/2025\/03\/beebipood.ee-logo-1.svg","caption":"Beebipood"},"image":{"@id":"https:\/\/beebipood.ee\/ru\/#\/schema\/logo\/image\/"}}]}},"brands":[{"id":11953,"name":"Hauck Disney","slug":"hauck-disney-ru"}],"_links":{"self":[{"href":"https:\/\/beebipood.ee\/ru\/wp-json\/wp\/v2\/product\/456622","targetHints":{"allow":["GET"]}}],"collection":[{"href":"https:\/\/beebipood.ee\/ru\/wp-json\/wp\/v2\/product"}],"about":[{"href":"https:\/\/beebipood.ee\/ru\/wp-json\/wp\/v2\/types\/product"}],"wp:featuredmedia":[{"embeddable":true,"href":"https:\/\/beebipood.ee\/ru\/wp-json\/wp\/v2\/media\/108787"}],"wp:attachment":[{"href":"https:\/\/beebipood.ee\/ru\/wp-json\/wp\/v2\/media?parent=456622"}],"wp:term":[{"taxonomy":"pwb-brand","embeddable":true,"href":"https:\/\/beebipood.ee\/ru\/wp-json\/wp\/v2\/pwb-brand?post=456622"},{"taxonomy":"product_brand","embeddable":true,"href":"https:\/\/beebipood.ee\/ru\/wp-json\/wp\/v2\/product_brand?post=456622"},{"taxonomy":"product_cat","embeddable":true,"href":"https:\/\/beebipood.ee\/ru\/wp-json\/wp\/v2\/product_cat?post=456622"},{"taxonomy":"product_tag","embeddable":true,"href":"https:\/\/beebipood.ee\/ru\/wp-json\/wp\/v2\/product_tag?post=456622"}],"curies":[{"name":"wp","href":"https:\/\/api.w.org\/{rel}","templated":true}]}}