{"id":456628,"date":"2016-02-24T08:28:59","date_gmt":"2016-02-24T06:28:59","guid":{"rendered":"https:\/\/beebipood.ee\/toode\/hauck-runner-3-jalutuskaru-jungle-green\/"},"modified":"2025-01-09T10:50:26","modified_gmt":"2025-01-09T08:50:26","slug":"hauck-runner-3-jalutuskaru-jungle-green","status":"publish","type":"product","link":"https:\/\/beebipood.ee\/ru\/produkt\/hauck-runner-3-jalutuskaru-jungle-green\/","title":{"rendered":"Hauck Runner 3 jalutusk\u00e4ru, Jungle Green"},"content":{"rendered":"<p><span>Runner 3 on sportlik ja kerge, hea man\u00f6\u00f6verdamisv\u00f5imega jalutusk\u00e4ru<\/span><br \/><span>Reguleeritava tagavedrustusega kus saate valida soviva pehmise vedustusele<\/span><br \/><span>K\u00e4sipidur tagab sujuva kiiruse juhtimise igal maastikul<\/span><br \/><span>T\u00e4nu innovatiivsele s\u00fcsteemile k\u00e4ib v\u00e4ga kergesti kokku\/lahti<\/span><\/p>\n<p><span>K\u00e4epide on reguleeritava k\u00f5rgusega 11 x \/ 75 &#8212; 109 cm<\/span><br \/><span>Kaarvarju v\u00f5ib vajadusel pikendada \u00fche sektsiooni v\u00f5rra t\u00f5mbeluku avamisel<\/span><br \/><span>Polsterdatud 5-punkti turvarihmad<\/span><br \/><span>Mugav polsterdatud iste<\/span><br \/><span>Pika seljatoega<\/span><br \/><span>Allalastav seljatugi<\/span><br \/><span>Seljatuge on v\u00f5imalik lasta alla moodustades peaaegu horisontaalse tasapinna<\/span><br \/><span>Suur tuulutusaken tagab m\u00f5nusa \u00f5huringluse<\/span><br \/><span>Reguleeritav jalgade tugi ei j\u00e4ta magava lapse jalgu rippuma<\/span><br \/><span>Turvakaar on eemadatav<\/span><br \/><span>Suur lukustatav pakikorv kust ei kuku midagi v\u00e4lja<\/span><br \/><span>Praktiline topsihoidja<\/span><br \/><span>Katted eemaldatavad<\/span><br \/><span>\u00d5hkrehvid<\/span><br \/><span>P\u00f6\u00f6rlev (360\u02da) ja lukustatav esiratas<\/span><br \/><span>Runner 3 saate h\u00f5lpsasti kokku voltida.<\/span><br \/><span>Vajadusel saate tagumised rattad kiiresti eemaldada.<\/span><br \/><span>Jalaga seisupidur<\/span><br \/><span>Kangas on vastupidav ja vetth\u00fclgav<\/span><br \/><span>Kangal on UV kaitse 50+<\/span><\/p>\n<p><span>Kasutatav s\u00fcnnist 0 kuni 25kg<\/span><br \/><span>M\u00f5\u00f5dud lahtiselt 116 x 62 x 107 cm<\/span><br \/><span>M\u00f5\u00f5dud kokkupandult 47 x 36,5 x 84,5 cm<\/span><br \/><span>Istme laius 35 cm<\/span><br \/><span>Lamamisosa pikkus 75 cm<\/span><br \/><span>Lamamiskalle 102 &#8212; 157 \u00b0<\/span><br \/><span>Esiratta l\u00e4bim\u00f5\u00f5t 30 cm<\/span><br \/><span>Tagumiste rataste l\u00e4bim\u00f5\u00f5t 40 cm<\/span><br \/><span>Jalutusk\u00e4ru kaal 14,4 kg<\/span><br \/><span>Kandev\u00f5ime: 25kg<\/span><\/p>\n","protected":false},"excerpt":{"rendered":"<p>Runner 3 on sportlik ja kerge, hea man\u00f6\u00f6verdamisv\u00f5imega jalutusk\u00e4ruReguleeritava tagavedrustusega kus saate valida soviva pehmise vedustuseleK\u00e4sipidur tagab sujuva kiiruse juhtimise igal maastikulT\u00e4nu innovatiivsele s\u00fcsteemile k\u00e4ib v\u00e4ga kergesti kokku\/lahti K\u00e4epide on reguleeritava k\u00f5rgusega 11 x \/ 75 &#8212; 109 cmKaarvarju v\u00f5ib vajadusel pikendada \u00fche sektsiooni v\u00f5rra t\u00f5mbeluku avamiselPolsterdatud 5-punkti turvarihmadMugav polsterdatud istePika seljatoegaAllalastav seljatugiSeljatuge on v\u00f5imalik [&hellip;]<\/p>\n","protected":false},"featured_media":165147,"template":"","meta":{"_acf_changed":false},"pwb-brand":[11952],"product_brand":[],"product_cat":[11721,11717],"product_tag":[],"class_list":{"0":"post-456628","1":"product","2":"type-product","3":"status-publish","4":"has-post-thumbnail","6":"pwb-brand-hauck-ru","7":"product_cat-jalutuskarud-ru","8":"product_cat-lastevankrid-ja-karud-ru","9":"pa_manufacturer-hauck-ru","11":"first","12":"onbackorder","13":"taxable","14":"shipping-taxable","15":"purchasable","16":"product-type-simple"},"exclude_global_add_ons":[],"addons":[],"acf":[],"yoast_head":"<!-- This site is optimized with the Yoast SEO plugin v27.3 - https:\/\/yoast.com\/product\/yoast-seo-wordpress\/ -->\n<title>Hauck Runner 3 jalutusk\u00e4ru, Jungle Green, \u041d\u041e\u0412\u042b\u0415 \u0422\u041e\u0412\u0410\u0420\u042b, \u041a\u043e\u043b\u044f\u0441\u043a\u0438, \u041f\u0440\u043e\u0433\u0443\u043b\u043e\u0447\u043d\u044b\u0435 \u043a\u043e\u043b\u044f\u0441\u043a\u0438, Beebipood<\/title>\n<meta name=\"description\" content=\"Hauck Runner 3 jalutusk\u00e4ru, Jungle Green, Runner 3 on sportlik ja kerge, hea man&ouml;&ouml;verdamisv&otilde;imega jalutusk&auml;ru\" \/>\n<meta name=\"robots\" content=\"index, follow, max-snippet:-1, max-image-preview:large, max-video-preview:-1\" \/>\n<link rel=\"canonical\" href=\"https:\/\/beebipood.ee\/ru\/produkt\/hauck-runner-3-jalutuskaru-jungle-green\/\" \/>\n<meta property=\"og:locale\" content=\"ru_RU\" \/>\n<meta property=\"og:type\" content=\"article\" \/>\n<meta property=\"og:title\" content=\"Hauck Runner 3 jalutusk\u00e4ru, Jungle Green, \u041d\u041e\u0412\u042b\u0415 \u0422\u041e\u0412\u0410\u0420\u042b, \u041a\u043e\u043b\u044f\u0441\u043a\u0438, \u041f\u0440\u043e\u0433\u0443\u043b\u043e\u0447\u043d\u044b\u0435 \u043a\u043e\u043b\u044f\u0441\u043a\u0438, Beebipood\" \/>\n<meta property=\"og:description\" content=\"Hauck Runner 3 jalutusk\u00e4ru, Jungle Green, Runner 3 on sportlik ja kerge, hea man&ouml;&ouml;verdamisv&otilde;imega jalutusk&auml;ru\" \/>\n<meta property=\"og:url\" content=\"https:\/\/beebipood.ee\/ru\/produkt\/hauck-runner-3-jalutuskaru-jungle-green\/\" \/>\n<meta property=\"og:site_name\" content=\"Beebipood\" \/>\n<meta property=\"article:modified_time\" content=\"2025-01-09T08:50:26+00:00\" \/>\n<meta property=\"og:image\" content=\"https:\/\/beebipood.ee\/wp-content\/uploads\/2016\/02\/Hauck-Runner-3-jalutuskaru-Jungle-Green-Lastevankrid-ja-karud-Jalutuskarud_2-86a.jpg\" \/>\n\t<meta property=\"og:image:width\" content=\"1500\" \/>\n\t<meta property=\"og:image:height\" content=\"1500\" \/>\n\t<meta property=\"og:image:type\" content=\"image\/jpeg\" \/>\n<meta name=\"twitter:card\" content=\"summary_large_image\" \/>\n<meta name=\"twitter:label1\" content=\"\u041f\u0440\u0438\u043c\u0435\u0440\u043d\u043e\u0435 \u0432\u0440\u0435\u043c\u044f \u0434\u043b\u044f \u0447\u0442\u0435\u043d\u0438\u044f\" \/>\n\t<meta name=\"twitter:data1\" content=\"1 \u043c\u0438\u043d\u0443\u0442\u0430\" \/>\n<script type=\"application\/ld+json\" class=\"yoast-schema-graph\">{\"@context\":\"https:\\\/\\\/schema.org\",\"@graph\":[{\"@type\":\"WebPage\",\"@id\":\"https:\\\/\\\/beebipood.ee\\\/ru\\\/produkt\\\/hauck-runner-3-jalutuskaru-jungle-green\\\/\",\"url\":\"https:\\\/\\\/beebipood.ee\\\/ru\\\/produkt\\\/hauck-runner-3-jalutuskaru-jungle-green\\\/\",\"name\":\"Hauck Runner 3 jalutusk\u00e4ru, Jungle Green, \u041d\u041e\u0412\u042b\u0415 \u0422\u041e\u0412\u0410\u0420\u042b, \u041a\u043e\u043b\u044f\u0441\u043a\u0438, \u041f\u0440\u043e\u0433\u0443\u043b\u043e\u0447\u043d\u044b\u0435 \u043a\u043e\u043b\u044f\u0441\u043a\u0438, Beebipood\",\"isPartOf\":{\"@id\":\"https:\\\/\\\/beebipood.ee\\\/ru\\\/#website\"},\"primaryImageOfPage\":{\"@id\":\"https:\\\/\\\/beebipood.ee\\\/ru\\\/produkt\\\/hauck-runner-3-jalutuskaru-jungle-green\\\/#primaryimage\"},\"image\":{\"@id\":\"https:\\\/\\\/beebipood.ee\\\/ru\\\/produkt\\\/hauck-runner-3-jalutuskaru-jungle-green\\\/#primaryimage\"},\"thumbnailUrl\":\"https:\\\/\\\/beebipood.ee\\\/wp-content\\\/uploads\\\/2016\\\/02\\\/Hauck-Runner-3-jalutuskaru-Jungle-Green-Lastevankrid-ja-karud-Jalutuskarud_2-86a.jpg\",\"datePublished\":\"2016-02-24T06:28:59+00:00\",\"dateModified\":\"2025-01-09T08:50:26+00:00\",\"description\":\"Hauck Runner 3 jalutusk\u00e4ru, Jungle Green, Runner 3 on sportlik ja kerge, hea man&ouml;&ouml;verdamisv&otilde;imega jalutusk&auml;ru\",\"breadcrumb\":{\"@id\":\"https:\\\/\\\/beebipood.ee\\\/ru\\\/produkt\\\/hauck-runner-3-jalutuskaru-jungle-green\\\/#breadcrumb\"},\"inLanguage\":\"ru-RU\",\"potentialAction\":[{\"@type\":\"ReadAction\",\"target\":[\"https:\\\/\\\/beebipood.ee\\\/ru\\\/produkt\\\/hauck-runner-3-jalutuskaru-jungle-green\\\/\"]}]},{\"@type\":\"ImageObject\",\"inLanguage\":\"ru-RU\",\"@id\":\"https:\\\/\\\/beebipood.ee\\\/ru\\\/produkt\\\/hauck-runner-3-jalutuskaru-jungle-green\\\/#primaryimage\",\"url\":\"https:\\\/\\\/beebipood.ee\\\/wp-content\\\/uploads\\\/2016\\\/02\\\/Hauck-Runner-3-jalutuskaru-Jungle-Green-Lastevankrid-ja-karud-Jalutuskarud_2-86a.jpg\",\"contentUrl\":\"https:\\\/\\\/beebipood.ee\\\/wp-content\\\/uploads\\\/2016\\\/02\\\/Hauck-Runner-3-jalutuskaru-Jungle-Green-Lastevankrid-ja-karud-Jalutuskarud_2-86a.jpg\",\"width\":1500,\"height\":1500},{\"@type\":\"BreadcrumbList\",\"@id\":\"https:\\\/\\\/beebipood.ee\\\/ru\\\/produkt\\\/hauck-runner-3-jalutuskaru-jungle-green\\\/#breadcrumb\",\"itemListElement\":[{\"@type\":\"ListItem\",\"position\":1,\"name\":\"Home\",\"item\":\"https:\\\/\\\/beebipood.ee\\\/ru\\\/\"},{\"@type\":\"ListItem\",\"position\":2,\"name\":\"\u041a\u0430\u0442\u0430\u043b\u043e\u0433 \u0442\u043e\u0432\u0430\u0440\u043e\u0432\",\"item\":\"https:\\\/\\\/beebipood.ee\\\/tooted\\\/\"},{\"@type\":\"ListItem\",\"position\":3,\"name\":\"Hauck Runner 3 jalutusk\u00e4ru, Jungle Green\"}]},{\"@type\":\"WebSite\",\"@id\":\"https:\\\/\\\/beebipood.ee\\\/ru\\\/#website\",\"url\":\"https:\\\/\\\/beebipood.ee\\\/ru\\\/\",\"name\":\"Beebipood\",\"description\":\"Lastekaubad, beebikaubad, m\u00e4nguasjad\",\"publisher\":{\"@id\":\"https:\\\/\\\/beebipood.ee\\\/ru\\\/#organization\"},\"potentialAction\":[{\"@type\":\"SearchAction\",\"target\":{\"@type\":\"EntryPoint\",\"urlTemplate\":\"https:\\\/\\\/beebipood.ee\\\/ru\\\/?s={search_term_string}\"},\"query-input\":{\"@type\":\"PropertyValueSpecification\",\"valueRequired\":true,\"valueName\":\"search_term_string\"}}],\"inLanguage\":\"ru-RU\"},{\"@type\":\"Organization\",\"@id\":\"https:\\\/\\\/beebipood.ee\\\/ru\\\/#organization\",\"name\":\"Beebipood\",\"url\":\"https:\\\/\\\/beebipood.ee\\\/ru\\\/\",\"logo\":{\"@type\":\"ImageObject\",\"inLanguage\":\"ru-RU\",\"@id\":\"https:\\\/\\\/beebipood.ee\\\/ru\\\/#\\\/schema\\\/logo\\\/image\\\/\",\"url\":\"https:\\\/\\\/beebipood.ee\\\/wp-content\\\/uploads\\\/2025\\\/03\\\/beebipood.ee-logo-1.svg\",\"contentUrl\":\"https:\\\/\\\/beebipood.ee\\\/wp-content\\\/uploads\\\/2025\\\/03\\\/beebipood.ee-logo-1.svg\",\"caption\":\"Beebipood\"},\"image\":{\"@id\":\"https:\\\/\\\/beebipood.ee\\\/ru\\\/#\\\/schema\\\/logo\\\/image\\\/\"}}]}<\/script>\n<!-- \/ Yoast SEO plugin. -->","yoast_head_json":{"title":"Hauck Runner 3 jalutusk\u00e4ru, Jungle Green, \u041d\u041e\u0412\u042b\u0415 \u0422\u041e\u0412\u0410\u0420\u042b, \u041a\u043e\u043b\u044f\u0441\u043a\u0438, \u041f\u0440\u043e\u0433\u0443\u043b\u043e\u0447\u043d\u044b\u0435 \u043a\u043e\u043b\u044f\u0441\u043a\u0438, Beebipood","description":"Hauck Runner 3 jalutusk\u00e4ru, Jungle Green, Runner 3 on sportlik ja kerge, hea man&ouml;&ouml;verdamisv&otilde;imega jalutusk&auml;ru","robots":{"index":"index","follow":"follow","max-snippet":"max-snippet:-1","max-image-preview":"max-image-preview:large","max-video-preview":"max-video-preview:-1"},"canonical":"https:\/\/beebipood.ee\/ru\/produkt\/hauck-runner-3-jalutuskaru-jungle-green\/","og_locale":"ru_RU","og_type":"article","og_title":"Hauck Runner 3 jalutusk\u00e4ru, Jungle Green, \u041d\u041e\u0412\u042b\u0415 \u0422\u041e\u0412\u0410\u0420\u042b, \u041a\u043e\u043b\u044f\u0441\u043a\u0438, \u041f\u0440\u043e\u0433\u0443\u043b\u043e\u0447\u043d\u044b\u0435 \u043a\u043e\u043b\u044f\u0441\u043a\u0438, Beebipood","og_description":"Hauck Runner 3 jalutusk\u00e4ru, Jungle Green, Runner 3 on sportlik ja kerge, hea man&ouml;&ouml;verdamisv&otilde;imega jalutusk&auml;ru","og_url":"https:\/\/beebipood.ee\/ru\/produkt\/hauck-runner-3-jalutuskaru-jungle-green\/","og_site_name":"Beebipood","article_modified_time":"2025-01-09T08:50:26+00:00","og_image":[{"width":1500,"height":1500,"url":"https:\/\/beebipood.ee\/wp-content\/uploads\/2016\/02\/Hauck-Runner-3-jalutuskaru-Jungle-Green-Lastevankrid-ja-karud-Jalutuskarud_2-86a.jpg","type":"image\/jpeg"}],"twitter_card":"summary_large_image","twitter_misc":{"\u041f\u0440\u0438\u043c\u0435\u0440\u043d\u043e\u0435 \u0432\u0440\u0435\u043c\u044f \u0434\u043b\u044f \u0447\u0442\u0435\u043d\u0438\u044f":"1 \u043c\u0438\u043d\u0443\u0442\u0430"},"schema":{"@context":"https:\/\/schema.org","@graph":[{"@type":"WebPage","@id":"https:\/\/beebipood.ee\/ru\/produkt\/hauck-runner-3-jalutuskaru-jungle-green\/","url":"https:\/\/beebipood.ee\/ru\/produkt\/hauck-runner-3-jalutuskaru-jungle-green\/","name":"Hauck Runner 3 jalutusk\u00e4ru, Jungle Green, \u041d\u041e\u0412\u042b\u0415 \u0422\u041e\u0412\u0410\u0420\u042b, \u041a\u043e\u043b\u044f\u0441\u043a\u0438, \u041f\u0440\u043e\u0433\u0443\u043b\u043e\u0447\u043d\u044b\u0435 \u043a\u043e\u043b\u044f\u0441\u043a\u0438, Beebipood","isPartOf":{"@id":"https:\/\/beebipood.ee\/ru\/#website"},"primaryImageOfPage":{"@id":"https:\/\/beebipood.ee\/ru\/produkt\/hauck-runner-3-jalutuskaru-jungle-green\/#primaryimage"},"image":{"@id":"https:\/\/beebipood.ee\/ru\/produkt\/hauck-runner-3-jalutuskaru-jungle-green\/#primaryimage"},"thumbnailUrl":"https:\/\/beebipood.ee\/wp-content\/uploads\/2016\/02\/Hauck-Runner-3-jalutuskaru-Jungle-Green-Lastevankrid-ja-karud-Jalutuskarud_2-86a.jpg","datePublished":"2016-02-24T06:28:59+00:00","dateModified":"2025-01-09T08:50:26+00:00","description":"Hauck Runner 3 jalutusk\u00e4ru, Jungle Green, Runner 3 on sportlik ja kerge, hea man&ouml;&ouml;verdamisv&otilde;imega jalutusk&auml;ru","breadcrumb":{"@id":"https:\/\/beebipood.ee\/ru\/produkt\/hauck-runner-3-jalutuskaru-jungle-green\/#breadcrumb"},"inLanguage":"ru-RU","potentialAction":[{"@type":"ReadAction","target":["https:\/\/beebipood.ee\/ru\/produkt\/hauck-runner-3-jalutuskaru-jungle-green\/"]}]},{"@type":"ImageObject","inLanguage":"ru-RU","@id":"https:\/\/beebipood.ee\/ru\/produkt\/hauck-runner-3-jalutuskaru-jungle-green\/#primaryimage","url":"https:\/\/beebipood.ee\/wp-content\/uploads\/2016\/02\/Hauck-Runner-3-jalutuskaru-Jungle-Green-Lastevankrid-ja-karud-Jalutuskarud_2-86a.jpg","contentUrl":"https:\/\/beebipood.ee\/wp-content\/uploads\/2016\/02\/Hauck-Runner-3-jalutuskaru-Jungle-Green-Lastevankrid-ja-karud-Jalutuskarud_2-86a.jpg","width":1500,"height":1500},{"@type":"BreadcrumbList","@id":"https:\/\/beebipood.ee\/ru\/produkt\/hauck-runner-3-jalutuskaru-jungle-green\/#breadcrumb","itemListElement":[{"@type":"ListItem","position":1,"name":"Home","item":"https:\/\/beebipood.ee\/ru\/"},{"@type":"ListItem","position":2,"name":"\u041a\u0430\u0442\u0430\u043b\u043e\u0433 \u0442\u043e\u0432\u0430\u0440\u043e\u0432","item":"https:\/\/beebipood.ee\/tooted\/"},{"@type":"ListItem","position":3,"name":"Hauck Runner 3 jalutusk\u00e4ru, Jungle Green"}]},{"@type":"WebSite","@id":"https:\/\/beebipood.ee\/ru\/#website","url":"https:\/\/beebipood.ee\/ru\/","name":"Beebipood","description":"Lastekaubad, beebikaubad, m\u00e4nguasjad","publisher":{"@id":"https:\/\/beebipood.ee\/ru\/#organization"},"potentialAction":[{"@type":"SearchAction","target":{"@type":"EntryPoint","urlTemplate":"https:\/\/beebipood.ee\/ru\/?s={search_term_string}"},"query-input":{"@type":"PropertyValueSpecification","valueRequired":true,"valueName":"search_term_string"}}],"inLanguage":"ru-RU"},{"@type":"Organization","@id":"https:\/\/beebipood.ee\/ru\/#organization","name":"Beebipood","url":"https:\/\/beebipood.ee\/ru\/","logo":{"@type":"ImageObject","inLanguage":"ru-RU","@id":"https:\/\/beebipood.ee\/ru\/#\/schema\/logo\/image\/","url":"https:\/\/beebipood.ee\/wp-content\/uploads\/2025\/03\/beebipood.ee-logo-1.svg","contentUrl":"https:\/\/beebipood.ee\/wp-content\/uploads\/2025\/03\/beebipood.ee-logo-1.svg","caption":"Beebipood"},"image":{"@id":"https:\/\/beebipood.ee\/ru\/#\/schema\/logo\/image\/"}}]}},"brands":[{"id":11952,"name":"Hauck","slug":"hauck-ru"}],"_links":{"self":[{"href":"https:\/\/beebipood.ee\/ru\/wp-json\/wp\/v2\/product\/456628","targetHints":{"allow":["GET"]}}],"collection":[{"href":"https:\/\/beebipood.ee\/ru\/wp-json\/wp\/v2\/product"}],"about":[{"href":"https:\/\/beebipood.ee\/ru\/wp-json\/wp\/v2\/types\/product"}],"wp:featuredmedia":[{"embeddable":true,"href":"https:\/\/beebipood.ee\/ru\/wp-json\/wp\/v2\/media\/165147"}],"wp:attachment":[{"href":"https:\/\/beebipood.ee\/ru\/wp-json\/wp\/v2\/media?parent=456628"}],"wp:term":[{"taxonomy":"pwb-brand","embeddable":true,"href":"https:\/\/beebipood.ee\/ru\/wp-json\/wp\/v2\/pwb-brand?post=456628"},{"taxonomy":"product_brand","embeddable":true,"href":"https:\/\/beebipood.ee\/ru\/wp-json\/wp\/v2\/product_brand?post=456628"},{"taxonomy":"product_cat","embeddable":true,"href":"https:\/\/beebipood.ee\/ru\/wp-json\/wp\/v2\/product_cat?post=456628"},{"taxonomy":"product_tag","embeddable":true,"href":"https:\/\/beebipood.ee\/ru\/wp-json\/wp\/v2\/product_tag?post=456628"}],"curies":[{"name":"wp","href":"https:\/\/api.w.org\/{rel}","templated":true}]}}