{"id":456632,"date":"2016-02-24T09:15:53","date_gmt":"2016-02-24T07:15:53","guid":{"rendered":"https:\/\/beebipood.ee\/toode\/babydan-kaimistool-grey\/"},"modified":"2025-01-09T10:50:26","modified_gmt":"2025-01-09T08:50:26","slug":"babydan-kaimistool-grey","status":"publish","type":"product","link":"https:\/\/beebipood.ee\/ru\/produkt\/babydan-kaimistool-grey\/","title":{"rendered":"BabyDan k\u00e4imistool, grey"},"content":{"rendered":"<p>BabyDan k\u00e4imistool aitab sinu lapsel saavutada need esimesed t\u00e4htsad sammud. <br \/>Laps saab mugavalt istuda k\u00e4imistoolis ning samal ajal tegeleda stimuleerivate m\u00e4nguasjade, <br \/>helide ja tuledega, mis on on m\u00e4ngualuse k\u00fcljes.<br \/><strong>Omadused<\/strong><br \/>Optimaalselt asetsevad neli ratast, mis tagavad \u00fclima stabiilsuse<br \/>Kummist kattega rattad on vaiksed ning \u00f5rnad sinu p\u00f5ranada vastu<br \/>Lihtsasti kokkupandav<br \/>Isteosa k\u00f5rgus on reglueeritav kolmel positsioonil<br \/>M\u00e4ngualust on puhastamiseks lihtne eemaldada<br \/>P\u00f6\u00f6rleb 360 kraadi<br \/>Kasutab 2 x AA patareisid (ei kuulu komplekti)<br \/>N\u00e4itajad<br \/>M\u00f5eldud kasutamiseks alates 6. elukuust<br \/>M\u00f5\u00f5dud 53 x 64 x 78cm (k\u00f5rgus, laius, pikkus)<\/p>\n","protected":false},"excerpt":{"rendered":"<p>BabyDan k\u00e4imistool aitab sinu lapsel saavutada need esimesed t\u00e4htsad sammud. Laps saab mugavalt istuda k\u00e4imistoolis ning samal ajal tegeleda stimuleerivate m\u00e4nguasjade, helide ja tuledega, mis on on m\u00e4ngualuse k\u00fcljes.OmadusedOptimaalselt asetsevad neli ratast, mis tagavad \u00fclima stabiilsuseKummist kattega rattad on vaiksed ning \u00f5rnad sinu p\u00f5ranada vastuLihtsasti kokkupandavIsteosa k\u00f5rgus on reglueeritav kolmel positsioonilM\u00e4ngualust on puhastamiseks lihtne eemaldadaP\u00f6\u00f6rleb [&hellip;]<\/p>\n","protected":false},"featured_media":108876,"template":"","meta":{"_acf_changed":false},"pwb-brand":[11971],"product_brand":[],"product_cat":[11879,11709],"product_tag":[],"class_list":{"0":"post-456632","1":"product","2":"type-product","3":"status-publish","4":"has-post-thumbnail","6":"pwb-brand-babydan-ru","7":"product_cat-lamamistoolid-ja-kiiged-ru","8":"product_cat-sootmistoolid-beebi-ja-lastetarbed-mahkimine-hugieen-ru","9":"pa_manufacturer-babydan-ru","11":"first","12":"onbackorder","13":"taxable","14":"shipping-taxable","15":"purchasable","16":"product-type-simple"},"exclude_global_add_ons":[],"addons":[],"acf":[],"yoast_head":"<!-- This site is optimized with the Yoast SEO plugin v27.1.1 - https:\/\/yoast.com\/product\/yoast-seo-wordpress\/ -->\n<title>BabyDan k\u00e4imistool, grey, \u041f\u0440\u0438\u043d\u0430\u0434\u043b\u0435\u0436\u043d\u043e\u0441\u0442\u0438 \u0434\u043b\u044f \u043c\u043b\u0430\u0434\u0435\u043d\u0446\u0435\u0432, \u0428\u0435\u0437\u043b\u043e\u043d\u0433\u0438 \u0438 \u043a\u0430\u0447\u0435\u043b\u0438, Beebipood<\/title>\n<meta name=\"description\" content=\"BabyDan k\u00e4imistool, grey, BabyDan k&auml;imistool aitab sinu lapsel saavutada need esimesed t&auml;htsad sammud. Laps saab mugavalt istuda k&auml;imis\" \/>\n<meta name=\"robots\" content=\"index, follow, max-snippet:-1, max-image-preview:large, max-video-preview:-1\" \/>\n<link rel=\"canonical\" href=\"https:\/\/beebipood.ee\/ru\/produkt\/babydan-kaimistool-grey\/\" \/>\n<meta property=\"og:locale\" content=\"ru_RU\" \/>\n<meta property=\"og:type\" content=\"article\" \/>\n<meta property=\"og:title\" content=\"BabyDan k\u00e4imistool, grey, \u041f\u0440\u0438\u043d\u0430\u0434\u043b\u0435\u0436\u043d\u043e\u0441\u0442\u0438 \u0434\u043b\u044f \u043c\u043b\u0430\u0434\u0435\u043d\u0446\u0435\u0432, \u0428\u0435\u0437\u043b\u043e\u043d\u0433\u0438 \u0438 \u043a\u0430\u0447\u0435\u043b\u0438, Beebipood\" \/>\n<meta property=\"og:description\" content=\"BabyDan k\u00e4imistool, grey, BabyDan k&auml;imistool aitab sinu lapsel saavutada need esimesed t&auml;htsad sammud. Laps saab mugavalt istuda k&auml;imis\" \/>\n<meta property=\"og:url\" content=\"https:\/\/beebipood.ee\/ru\/produkt\/babydan-kaimistool-grey\/\" \/>\n<meta property=\"og:site_name\" content=\"Beebipood\" \/>\n<meta property=\"article:modified_time\" content=\"2025-01-09T08:50:26+00:00\" \/>\n<meta property=\"og:image\" content=\"https:\/\/beebipood.ee\/wp-content\/uploads\/2016\/02\/BabyDan-kaimistool-grey-Beebi-ja-lastetarbed-Lamamistoolid-ja-kiiged_1-926.jpg\" \/>\n\t<meta property=\"og:image:width\" content=\"600\" \/>\n\t<meta property=\"og:image:height\" content=\"400\" \/>\n\t<meta property=\"og:image:type\" content=\"image\/jpeg\" \/>\n<meta name=\"twitter:card\" content=\"summary_large_image\" \/>\n<script type=\"application\/ld+json\" class=\"yoast-schema-graph\">{\"@context\":\"https:\/\/schema.org\",\"@graph\":[{\"@type\":\"WebPage\",\"@id\":\"https:\/\/beebipood.ee\/ru\/produkt\/babydan-kaimistool-grey\/\",\"url\":\"https:\/\/beebipood.ee\/ru\/produkt\/babydan-kaimistool-grey\/\",\"name\":\"BabyDan k\u00e4imistool, grey, \u041f\u0440\u0438\u043d\u0430\u0434\u043b\u0435\u0436\u043d\u043e\u0441\u0442\u0438 \u0434\u043b\u044f \u043c\u043b\u0430\u0434\u0435\u043d\u0446\u0435\u0432, \u0428\u0435\u0437\u043b\u043e\u043d\u0433\u0438 \u0438 \u043a\u0430\u0447\u0435\u043b\u0438, Beebipood\",\"isPartOf\":{\"@id\":\"https:\/\/beebipood.ee\/ru\/#website\"},\"primaryImageOfPage\":{\"@id\":\"https:\/\/beebipood.ee\/ru\/produkt\/babydan-kaimistool-grey\/#primaryimage\"},\"image\":{\"@id\":\"https:\/\/beebipood.ee\/ru\/produkt\/babydan-kaimistool-grey\/#primaryimage\"},\"thumbnailUrl\":\"https:\/\/beebipood.ee\/wp-content\/uploads\/2016\/02\/BabyDan-kaimistool-grey-Beebi-ja-lastetarbed-Lamamistoolid-ja-kiiged_1-926.jpg\",\"datePublished\":\"2016-02-24T07:15:53+00:00\",\"dateModified\":\"2025-01-09T08:50:26+00:00\",\"description\":\"BabyDan k\u00e4imistool, grey, BabyDan k&auml;imistool aitab sinu lapsel saavutada need esimesed t&auml;htsad sammud. Laps saab mugavalt istuda k&auml;imis\",\"breadcrumb\":{\"@id\":\"https:\/\/beebipood.ee\/ru\/produkt\/babydan-kaimistool-grey\/#breadcrumb\"},\"inLanguage\":\"ru-RU\",\"potentialAction\":[{\"@type\":\"ReadAction\",\"target\":[\"https:\/\/beebipood.ee\/ru\/produkt\/babydan-kaimistool-grey\/\"]}]},{\"@type\":\"ImageObject\",\"inLanguage\":\"ru-RU\",\"@id\":\"https:\/\/beebipood.ee\/ru\/produkt\/babydan-kaimistool-grey\/#primaryimage\",\"url\":\"https:\/\/beebipood.ee\/wp-content\/uploads\/2016\/02\/BabyDan-kaimistool-grey-Beebi-ja-lastetarbed-Lamamistoolid-ja-kiiged_1-926.jpg\",\"contentUrl\":\"https:\/\/beebipood.ee\/wp-content\/uploads\/2016\/02\/BabyDan-kaimistool-grey-Beebi-ja-lastetarbed-Lamamistoolid-ja-kiiged_1-926.jpg\",\"width\":600,\"height\":400},{\"@type\":\"BreadcrumbList\",\"@id\":\"https:\/\/beebipood.ee\/ru\/produkt\/babydan-kaimistool-grey\/#breadcrumb\",\"itemListElement\":[{\"@type\":\"ListItem\",\"position\":1,\"name\":\"Home\",\"item\":\"https:\/\/beebipood.ee\/ru\/\"},{\"@type\":\"ListItem\",\"position\":2,\"name\":\"\u041a\u0430\u0442\u0430\u043b\u043e\u0433 \u0442\u043e\u0432\u0430\u0440\u043e\u0432\",\"item\":\"https:\/\/beebipood.ee\/tooted\/\"},{\"@type\":\"ListItem\",\"position\":3,\"name\":\"BabyDan k\u00e4imistool, grey\"}]},{\"@type\":\"WebSite\",\"@id\":\"https:\/\/beebipood.ee\/ru\/#website\",\"url\":\"https:\/\/beebipood.ee\/ru\/\",\"name\":\"Beebipood\",\"description\":\"Lastekaubad, beebikaubad, m\u00e4nguasjad\",\"publisher\":{\"@id\":\"https:\/\/beebipood.ee\/ru\/#organization\"},\"potentialAction\":[{\"@type\":\"SearchAction\",\"target\":{\"@type\":\"EntryPoint\",\"urlTemplate\":\"https:\/\/beebipood.ee\/ru\/?s={search_term_string}\"},\"query-input\":{\"@type\":\"PropertyValueSpecification\",\"valueRequired\":true,\"valueName\":\"search_term_string\"}}],\"inLanguage\":\"ru-RU\"},{\"@type\":\"Organization\",\"@id\":\"https:\/\/beebipood.ee\/ru\/#organization\",\"name\":\"Beebipood\",\"url\":\"https:\/\/beebipood.ee\/ru\/\",\"logo\":{\"@type\":\"ImageObject\",\"inLanguage\":\"ru-RU\",\"@id\":\"https:\/\/beebipood.ee\/ru\/#\/schema\/logo\/image\/\",\"url\":\"https:\/\/beebipood.ee\/wp-content\/uploads\/2025\/03\/beebipood.ee-logo-1.svg\",\"contentUrl\":\"https:\/\/beebipood.ee\/wp-content\/uploads\/2025\/03\/beebipood.ee-logo-1.svg\",\"caption\":\"Beebipood\"},\"image\":{\"@id\":\"https:\/\/beebipood.ee\/ru\/#\/schema\/logo\/image\/\"}}]}<\/script>\n<!-- \/ Yoast SEO plugin. -->","yoast_head_json":{"title":"BabyDan k\u00e4imistool, grey, \u041f\u0440\u0438\u043d\u0430\u0434\u043b\u0435\u0436\u043d\u043e\u0441\u0442\u0438 \u0434\u043b\u044f \u043c\u043b\u0430\u0434\u0435\u043d\u0446\u0435\u0432, \u0428\u0435\u0437\u043b\u043e\u043d\u0433\u0438 \u0438 \u043a\u0430\u0447\u0435\u043b\u0438, Beebipood","description":"BabyDan k\u00e4imistool, grey, BabyDan k&auml;imistool aitab sinu lapsel saavutada need esimesed t&auml;htsad sammud. Laps saab mugavalt istuda k&auml;imis","robots":{"index":"index","follow":"follow","max-snippet":"max-snippet:-1","max-image-preview":"max-image-preview:large","max-video-preview":"max-video-preview:-1"},"canonical":"https:\/\/beebipood.ee\/ru\/produkt\/babydan-kaimistool-grey\/","og_locale":"ru_RU","og_type":"article","og_title":"BabyDan k\u00e4imistool, grey, \u041f\u0440\u0438\u043d\u0430\u0434\u043b\u0435\u0436\u043d\u043e\u0441\u0442\u0438 \u0434\u043b\u044f \u043c\u043b\u0430\u0434\u0435\u043d\u0446\u0435\u0432, \u0428\u0435\u0437\u043b\u043e\u043d\u0433\u0438 \u0438 \u043a\u0430\u0447\u0435\u043b\u0438, Beebipood","og_description":"BabyDan k\u00e4imistool, grey, BabyDan k&auml;imistool aitab sinu lapsel saavutada need esimesed t&auml;htsad sammud. Laps saab mugavalt istuda k&auml;imis","og_url":"https:\/\/beebipood.ee\/ru\/produkt\/babydan-kaimistool-grey\/","og_site_name":"Beebipood","article_modified_time":"2025-01-09T08:50:26+00:00","og_image":[{"width":600,"height":400,"url":"https:\/\/beebipood.ee\/wp-content\/uploads\/2016\/02\/BabyDan-kaimistool-grey-Beebi-ja-lastetarbed-Lamamistoolid-ja-kiiged_1-926.jpg","type":"image\/jpeg"}],"twitter_card":"summary_large_image","schema":{"@context":"https:\/\/schema.org","@graph":[{"@type":"WebPage","@id":"https:\/\/beebipood.ee\/ru\/produkt\/babydan-kaimistool-grey\/","url":"https:\/\/beebipood.ee\/ru\/produkt\/babydan-kaimistool-grey\/","name":"BabyDan k\u00e4imistool, grey, \u041f\u0440\u0438\u043d\u0430\u0434\u043b\u0435\u0436\u043d\u043e\u0441\u0442\u0438 \u0434\u043b\u044f \u043c\u043b\u0430\u0434\u0435\u043d\u0446\u0435\u0432, \u0428\u0435\u0437\u043b\u043e\u043d\u0433\u0438 \u0438 \u043a\u0430\u0447\u0435\u043b\u0438, Beebipood","isPartOf":{"@id":"https:\/\/beebipood.ee\/ru\/#website"},"primaryImageOfPage":{"@id":"https:\/\/beebipood.ee\/ru\/produkt\/babydan-kaimistool-grey\/#primaryimage"},"image":{"@id":"https:\/\/beebipood.ee\/ru\/produkt\/babydan-kaimistool-grey\/#primaryimage"},"thumbnailUrl":"https:\/\/beebipood.ee\/wp-content\/uploads\/2016\/02\/BabyDan-kaimistool-grey-Beebi-ja-lastetarbed-Lamamistoolid-ja-kiiged_1-926.jpg","datePublished":"2016-02-24T07:15:53+00:00","dateModified":"2025-01-09T08:50:26+00:00","description":"BabyDan k\u00e4imistool, grey, BabyDan k&auml;imistool aitab sinu lapsel saavutada need esimesed t&auml;htsad sammud. Laps saab mugavalt istuda k&auml;imis","breadcrumb":{"@id":"https:\/\/beebipood.ee\/ru\/produkt\/babydan-kaimistool-grey\/#breadcrumb"},"inLanguage":"ru-RU","potentialAction":[{"@type":"ReadAction","target":["https:\/\/beebipood.ee\/ru\/produkt\/babydan-kaimistool-grey\/"]}]},{"@type":"ImageObject","inLanguage":"ru-RU","@id":"https:\/\/beebipood.ee\/ru\/produkt\/babydan-kaimistool-grey\/#primaryimage","url":"https:\/\/beebipood.ee\/wp-content\/uploads\/2016\/02\/BabyDan-kaimistool-grey-Beebi-ja-lastetarbed-Lamamistoolid-ja-kiiged_1-926.jpg","contentUrl":"https:\/\/beebipood.ee\/wp-content\/uploads\/2016\/02\/BabyDan-kaimistool-grey-Beebi-ja-lastetarbed-Lamamistoolid-ja-kiiged_1-926.jpg","width":600,"height":400},{"@type":"BreadcrumbList","@id":"https:\/\/beebipood.ee\/ru\/produkt\/babydan-kaimistool-grey\/#breadcrumb","itemListElement":[{"@type":"ListItem","position":1,"name":"Home","item":"https:\/\/beebipood.ee\/ru\/"},{"@type":"ListItem","position":2,"name":"\u041a\u0430\u0442\u0430\u043b\u043e\u0433 \u0442\u043e\u0432\u0430\u0440\u043e\u0432","item":"https:\/\/beebipood.ee\/tooted\/"},{"@type":"ListItem","position":3,"name":"BabyDan k\u00e4imistool, grey"}]},{"@type":"WebSite","@id":"https:\/\/beebipood.ee\/ru\/#website","url":"https:\/\/beebipood.ee\/ru\/","name":"Beebipood","description":"Lastekaubad, beebikaubad, m\u00e4nguasjad","publisher":{"@id":"https:\/\/beebipood.ee\/ru\/#organization"},"potentialAction":[{"@type":"SearchAction","target":{"@type":"EntryPoint","urlTemplate":"https:\/\/beebipood.ee\/ru\/?s={search_term_string}"},"query-input":{"@type":"PropertyValueSpecification","valueRequired":true,"valueName":"search_term_string"}}],"inLanguage":"ru-RU"},{"@type":"Organization","@id":"https:\/\/beebipood.ee\/ru\/#organization","name":"Beebipood","url":"https:\/\/beebipood.ee\/ru\/","logo":{"@type":"ImageObject","inLanguage":"ru-RU","@id":"https:\/\/beebipood.ee\/ru\/#\/schema\/logo\/image\/","url":"https:\/\/beebipood.ee\/wp-content\/uploads\/2025\/03\/beebipood.ee-logo-1.svg","contentUrl":"https:\/\/beebipood.ee\/wp-content\/uploads\/2025\/03\/beebipood.ee-logo-1.svg","caption":"Beebipood"},"image":{"@id":"https:\/\/beebipood.ee\/ru\/#\/schema\/logo\/image\/"}}]}},"brands":[{"id":11971,"name":"BabyDan","slug":"babydan-ru"}],"_links":{"self":[{"href":"https:\/\/beebipood.ee\/ru\/wp-json\/wp\/v2\/product\/456632","targetHints":{"allow":["GET"]}}],"collection":[{"href":"https:\/\/beebipood.ee\/ru\/wp-json\/wp\/v2\/product"}],"about":[{"href":"https:\/\/beebipood.ee\/ru\/wp-json\/wp\/v2\/types\/product"}],"wp:featuredmedia":[{"embeddable":true,"href":"https:\/\/beebipood.ee\/ru\/wp-json\/wp\/v2\/media\/108876"}],"wp:attachment":[{"href":"https:\/\/beebipood.ee\/ru\/wp-json\/wp\/v2\/media?parent=456632"}],"wp:term":[{"taxonomy":"pwb-brand","embeddable":true,"href":"https:\/\/beebipood.ee\/ru\/wp-json\/wp\/v2\/pwb-brand?post=456632"},{"taxonomy":"product_brand","embeddable":true,"href":"https:\/\/beebipood.ee\/ru\/wp-json\/wp\/v2\/product_brand?post=456632"},{"taxonomy":"product_cat","embeddable":true,"href":"https:\/\/beebipood.ee\/ru\/wp-json\/wp\/v2\/product_cat?post=456632"},{"taxonomy":"product_tag","embeddable":true,"href":"https:\/\/beebipood.ee\/ru\/wp-json\/wp\/v2\/product_tag?post=456632"}],"curies":[{"name":"wp","href":"https:\/\/api.w.org\/{rel}","templated":true}]}}