{"id":456636,"date":"2016-02-25T07:58:34","date_gmt":"2016-02-25T05:58:34","guid":{"rendered":"https:\/\/beebipood.ee\/toode\/hauck-paikesekaitse-ruloo-auto-aknale-shade-me-2\/"},"modified":"2025-01-09T10:50:26","modified_gmt":"2025-01-09T08:50:26","slug":"hauck-paikesekaitse-ruloo-auto-aknale-shade-me-2","status":"publish","type":"product","link":"https:\/\/beebipood.ee\/ru\/produkt\/hauck-paikesekaitse-ruloo-auto-aknale-shade-me-2\/","title":{"rendered":"Hauck p\u00e4ikesekaitse \/ ruloo auto aknale, Shade Me 2"},"content":{"rendered":"<p><span>Ruloo kaitseb last ereda valguse, kuuma ja ohtliku UV-kiirguse eest.<\/span><br \/><span>Sobib k\u00f5ikidele autodele.<\/span><br \/><span>P\u00e4iksekaitse ruloo on kinnitatav autoakna k\u00fclge kleepuvatele iminappadele abil.<\/span><br \/><span>V\u00f5imalik akna erinevatele osadele paigutada kas vertikaalselt v\u00f5i horisontaalselt.<\/span><br \/><span>Saate p\u00f6\u00f6rata ja riputada nii, et tr\u00fckis oleks suunatud sissepoole v\u00f5i v\u00e4ljapoole.<\/span><br \/><span>Komplekti kuulub 2 rulood.<\/span><br \/><span><span>\u00dche ruloo m\u00f5\u00f5t: 47 x 41<\/span><\/span><\/p>\n","protected":false},"excerpt":{"rendered":"<p>Ruloo kaitseb last ereda valguse, kuuma ja ohtliku UV-kiirguse eest.Sobib k\u00f5ikidele autodele.P\u00e4iksekaitse ruloo on kinnitatav autoakna k\u00fclge kleepuvatele iminappadele abil.V\u00f5imalik akna erinevatele osadele paigutada kas vertikaalselt v\u00f5i horisontaalselt.Saate p\u00f6\u00f6rata ja riputada nii, et tr\u00fckis oleks suunatud sissepoole v\u00f5i v\u00e4ljapoole.Komplekti kuulub 2 rulood.\u00dche ruloo m\u00f5\u00f5t: 47 x 41<\/p>\n","protected":false},"featured_media":108982,"template":"","meta":{"_acf_changed":false},"pwb-brand":[11952],"product_brand":[],"product_cat":[11727,11797,11791],"product_tag":[],"class_list":{"0":"post-456636","1":"product","2":"type-product","3":"status-publish","4":"has-post-thumbnail","6":"pwb-brand-hauck-ru","7":"product_cat-turvatoolid-hallid-ru","8":"product_cat-lisatarvikud-ru-1","9":"product_cat-turvavarustus-ru","10":"pa_manufacturer-hauck-ru","12":"first","13":"instock","14":"taxable","15":"shipping-taxable","16":"purchasable","17":"product-type-simple"},"exclude_global_add_ons":[],"addons":[],"acf":[],"yoast_head":"<!-- This site is optimized with the Yoast SEO plugin v27.1.1 - https:\/\/yoast.com\/product\/yoast-seo-wordpress\/ -->\n<title>Hauck p\u00e4ikesekaitse \/ ruloo auto aknale, Shade Me 2, \u0410\u0432\u0442\u043e\u043a\u0440\u0435\u0441\u043b\u0430, \u043b\u044e\u043b\u044c\u043a\u0438, \u0421\u043d\u0430\u0440\u044f\u0436\u0435\u043d\u0438\u044f \u0431\u0435\u0437\u043e\u043f\u0430\u0441\u043d\u043e\u0441\u0442\u0438, \u0410\u043a\u0441\u0435\u0441\u0441\u0443\u0430\u0440\u044b, Beebipood<\/title>\n<meta name=\"description\" content=\"Hauck p\u00e4ikesekaitse \/ ruloo auto aknale, Shade Me 2, Ruloo kaitseb last ereda valguse, kuuma ja ohtliku UV-kiirguse eest.Sobib k&amp;ot\" \/>\n<meta name=\"robots\" content=\"index, follow, max-snippet:-1, max-image-preview:large, max-video-preview:-1\" \/>\n<link rel=\"canonical\" href=\"https:\/\/beebipood.ee\/ru\/produkt\/hauck-paikesekaitse-ruloo-auto-aknale-shade-me-2\/\" \/>\n<meta property=\"og:locale\" content=\"ru_RU\" \/>\n<meta property=\"og:type\" content=\"article\" \/>\n<meta property=\"og:title\" content=\"Hauck p\u00e4ikesekaitse \/ ruloo auto aknale, Shade Me 2, \u0410\u0432\u0442\u043e\u043a\u0440\u0435\u0441\u043b\u0430, \u043b\u044e\u043b\u044c\u043a\u0438, \u0421\u043d\u0430\u0440\u044f\u0436\u0435\u043d\u0438\u044f \u0431\u0435\u0437\u043e\u043f\u0430\u0441\u043d\u043e\u0441\u0442\u0438, \u0410\u043a\u0441\u0435\u0441\u0441\u0443\u0430\u0440\u044b, Beebipood\" \/>\n<meta property=\"og:description\" content=\"Hauck p\u00e4ikesekaitse \/ ruloo auto aknale, Shade Me 2, Ruloo kaitseb last ereda valguse, kuuma ja ohtliku UV-kiirguse eest.Sobib k&amp;ot\" \/>\n<meta property=\"og:url\" content=\"https:\/\/beebipood.ee\/ru\/produkt\/hauck-paikesekaitse-ruloo-auto-aknale-shade-me-2\/\" \/>\n<meta property=\"og:site_name\" content=\"Beebipood\" \/>\n<meta property=\"article:modified_time\" content=\"2025-01-09T08:50:26+00:00\" \/>\n<meta property=\"og:image\" content=\"https:\/\/beebipood.ee\/wp-content\/uploads\/2016\/02\/Hauck-paikesekaitse-ruloo-auto-aknale-Shade-Me-2-Turvatoolid-hallid-Turvavarustus-Lisatarvikud_6-187.jpg\" \/>\n\t<meta property=\"og:image:width\" content=\"1280\" \/>\n\t<meta property=\"og:image:height\" content=\"1280\" \/>\n\t<meta property=\"og:image:type\" content=\"image\/jpeg\" \/>\n<meta name=\"twitter:card\" content=\"summary_large_image\" \/>\n<script type=\"application\/ld+json\" class=\"yoast-schema-graph\">{\"@context\":\"https:\/\/schema.org\",\"@graph\":[{\"@type\":\"WebPage\",\"@id\":\"https:\/\/beebipood.ee\/ru\/produkt\/hauck-paikesekaitse-ruloo-auto-aknale-shade-me-2\/\",\"url\":\"https:\/\/beebipood.ee\/ru\/produkt\/hauck-paikesekaitse-ruloo-auto-aknale-shade-me-2\/\",\"name\":\"Hauck p\u00e4ikesekaitse \/ ruloo auto aknale, Shade Me 2, \u0410\u0432\u0442\u043e\u043a\u0440\u0435\u0441\u043b\u0430, \u043b\u044e\u043b\u044c\u043a\u0438, \u0421\u043d\u0430\u0440\u044f\u0436\u0435\u043d\u0438\u044f \u0431\u0435\u0437\u043e\u043f\u0430\u0441\u043d\u043e\u0441\u0442\u0438, \u0410\u043a\u0441\u0435\u0441\u0441\u0443\u0430\u0440\u044b, Beebipood\",\"isPartOf\":{\"@id\":\"https:\/\/beebipood.ee\/ru\/#website\"},\"primaryImageOfPage\":{\"@id\":\"https:\/\/beebipood.ee\/ru\/produkt\/hauck-paikesekaitse-ruloo-auto-aknale-shade-me-2\/#primaryimage\"},\"image\":{\"@id\":\"https:\/\/beebipood.ee\/ru\/produkt\/hauck-paikesekaitse-ruloo-auto-aknale-shade-me-2\/#primaryimage\"},\"thumbnailUrl\":\"https:\/\/beebipood.ee\/wp-content\/uploads\/2016\/02\/Hauck-paikesekaitse-ruloo-auto-aknale-Shade-Me-2-Turvatoolid-hallid-Turvavarustus-Lisatarvikud_6-187.jpg\",\"datePublished\":\"2016-02-25T05:58:34+00:00\",\"dateModified\":\"2025-01-09T08:50:26+00:00\",\"description\":\"Hauck p\u00e4ikesekaitse \/ ruloo auto aknale, Shade Me 2, Ruloo kaitseb last ereda valguse, kuuma ja ohtliku UV-kiirguse eest.Sobib k&ot\",\"breadcrumb\":{\"@id\":\"https:\/\/beebipood.ee\/ru\/produkt\/hauck-paikesekaitse-ruloo-auto-aknale-shade-me-2\/#breadcrumb\"},\"inLanguage\":\"ru-RU\",\"potentialAction\":[{\"@type\":\"ReadAction\",\"target\":[\"https:\/\/beebipood.ee\/ru\/produkt\/hauck-paikesekaitse-ruloo-auto-aknale-shade-me-2\/\"]}]},{\"@type\":\"ImageObject\",\"inLanguage\":\"ru-RU\",\"@id\":\"https:\/\/beebipood.ee\/ru\/produkt\/hauck-paikesekaitse-ruloo-auto-aknale-shade-me-2\/#primaryimage\",\"url\":\"https:\/\/beebipood.ee\/wp-content\/uploads\/2016\/02\/Hauck-paikesekaitse-ruloo-auto-aknale-Shade-Me-2-Turvatoolid-hallid-Turvavarustus-Lisatarvikud_6-187.jpg\",\"contentUrl\":\"https:\/\/beebipood.ee\/wp-content\/uploads\/2016\/02\/Hauck-paikesekaitse-ruloo-auto-aknale-Shade-Me-2-Turvatoolid-hallid-Turvavarustus-Lisatarvikud_6-187.jpg\",\"width\":1280,\"height\":1280},{\"@type\":\"BreadcrumbList\",\"@id\":\"https:\/\/beebipood.ee\/ru\/produkt\/hauck-paikesekaitse-ruloo-auto-aknale-shade-me-2\/#breadcrumb\",\"itemListElement\":[{\"@type\":\"ListItem\",\"position\":1,\"name\":\"Home\",\"item\":\"https:\/\/beebipood.ee\/ru\/\"},{\"@type\":\"ListItem\",\"position\":2,\"name\":\"\u041a\u0430\u0442\u0430\u043b\u043e\u0433 \u0442\u043e\u0432\u0430\u0440\u043e\u0432\",\"item\":\"https:\/\/beebipood.ee\/tooted\/\"},{\"@type\":\"ListItem\",\"position\":3,\"name\":\"Hauck p\u00e4ikesekaitse \/ ruloo auto aknale, Shade Me 2\"}]},{\"@type\":\"WebSite\",\"@id\":\"https:\/\/beebipood.ee\/ru\/#website\",\"url\":\"https:\/\/beebipood.ee\/ru\/\",\"name\":\"Beebipood\",\"description\":\"Lastekaubad, beebikaubad, m\u00e4nguasjad\",\"publisher\":{\"@id\":\"https:\/\/beebipood.ee\/ru\/#organization\"},\"potentialAction\":[{\"@type\":\"SearchAction\",\"target\":{\"@type\":\"EntryPoint\",\"urlTemplate\":\"https:\/\/beebipood.ee\/ru\/?s={search_term_string}\"},\"query-input\":{\"@type\":\"PropertyValueSpecification\",\"valueRequired\":true,\"valueName\":\"search_term_string\"}}],\"inLanguage\":\"ru-RU\"},{\"@type\":\"Organization\",\"@id\":\"https:\/\/beebipood.ee\/ru\/#organization\",\"name\":\"Beebipood\",\"url\":\"https:\/\/beebipood.ee\/ru\/\",\"logo\":{\"@type\":\"ImageObject\",\"inLanguage\":\"ru-RU\",\"@id\":\"https:\/\/beebipood.ee\/ru\/#\/schema\/logo\/image\/\",\"url\":\"https:\/\/beebipood.ee\/wp-content\/uploads\/2025\/03\/beebipood.ee-logo-1.svg\",\"contentUrl\":\"https:\/\/beebipood.ee\/wp-content\/uploads\/2025\/03\/beebipood.ee-logo-1.svg\",\"caption\":\"Beebipood\"},\"image\":{\"@id\":\"https:\/\/beebipood.ee\/ru\/#\/schema\/logo\/image\/\"}}]}<\/script>\n<!-- \/ Yoast SEO plugin. -->","yoast_head_json":{"title":"Hauck p\u00e4ikesekaitse \/ ruloo auto aknale, Shade Me 2, \u0410\u0432\u0442\u043e\u043a\u0440\u0435\u0441\u043b\u0430, \u043b\u044e\u043b\u044c\u043a\u0438, \u0421\u043d\u0430\u0440\u044f\u0436\u0435\u043d\u0438\u044f \u0431\u0435\u0437\u043e\u043f\u0430\u0441\u043d\u043e\u0441\u0442\u0438, \u0410\u043a\u0441\u0435\u0441\u0441\u0443\u0430\u0440\u044b, Beebipood","description":"Hauck p\u00e4ikesekaitse \/ ruloo auto aknale, Shade Me 2, Ruloo kaitseb last ereda valguse, kuuma ja ohtliku UV-kiirguse eest.Sobib k&ot","robots":{"index":"index","follow":"follow","max-snippet":"max-snippet:-1","max-image-preview":"max-image-preview:large","max-video-preview":"max-video-preview:-1"},"canonical":"https:\/\/beebipood.ee\/ru\/produkt\/hauck-paikesekaitse-ruloo-auto-aknale-shade-me-2\/","og_locale":"ru_RU","og_type":"article","og_title":"Hauck p\u00e4ikesekaitse \/ ruloo auto aknale, Shade Me 2, \u0410\u0432\u0442\u043e\u043a\u0440\u0435\u0441\u043b\u0430, \u043b\u044e\u043b\u044c\u043a\u0438, \u0421\u043d\u0430\u0440\u044f\u0436\u0435\u043d\u0438\u044f \u0431\u0435\u0437\u043e\u043f\u0430\u0441\u043d\u043e\u0441\u0442\u0438, \u0410\u043a\u0441\u0435\u0441\u0441\u0443\u0430\u0440\u044b, Beebipood","og_description":"Hauck p\u00e4ikesekaitse \/ ruloo auto aknale, Shade Me 2, Ruloo kaitseb last ereda valguse, kuuma ja ohtliku UV-kiirguse eest.Sobib k&ot","og_url":"https:\/\/beebipood.ee\/ru\/produkt\/hauck-paikesekaitse-ruloo-auto-aknale-shade-me-2\/","og_site_name":"Beebipood","article_modified_time":"2025-01-09T08:50:26+00:00","og_image":[{"width":1280,"height":1280,"url":"https:\/\/beebipood.ee\/wp-content\/uploads\/2016\/02\/Hauck-paikesekaitse-ruloo-auto-aknale-Shade-Me-2-Turvatoolid-hallid-Turvavarustus-Lisatarvikud_6-187.jpg","type":"image\/jpeg"}],"twitter_card":"summary_large_image","schema":{"@context":"https:\/\/schema.org","@graph":[{"@type":"WebPage","@id":"https:\/\/beebipood.ee\/ru\/produkt\/hauck-paikesekaitse-ruloo-auto-aknale-shade-me-2\/","url":"https:\/\/beebipood.ee\/ru\/produkt\/hauck-paikesekaitse-ruloo-auto-aknale-shade-me-2\/","name":"Hauck p\u00e4ikesekaitse \/ ruloo auto aknale, Shade Me 2, \u0410\u0432\u0442\u043e\u043a\u0440\u0435\u0441\u043b\u0430, \u043b\u044e\u043b\u044c\u043a\u0438, \u0421\u043d\u0430\u0440\u044f\u0436\u0435\u043d\u0438\u044f \u0431\u0435\u0437\u043e\u043f\u0430\u0441\u043d\u043e\u0441\u0442\u0438, \u0410\u043a\u0441\u0435\u0441\u0441\u0443\u0430\u0440\u044b, Beebipood","isPartOf":{"@id":"https:\/\/beebipood.ee\/ru\/#website"},"primaryImageOfPage":{"@id":"https:\/\/beebipood.ee\/ru\/produkt\/hauck-paikesekaitse-ruloo-auto-aknale-shade-me-2\/#primaryimage"},"image":{"@id":"https:\/\/beebipood.ee\/ru\/produkt\/hauck-paikesekaitse-ruloo-auto-aknale-shade-me-2\/#primaryimage"},"thumbnailUrl":"https:\/\/beebipood.ee\/wp-content\/uploads\/2016\/02\/Hauck-paikesekaitse-ruloo-auto-aknale-Shade-Me-2-Turvatoolid-hallid-Turvavarustus-Lisatarvikud_6-187.jpg","datePublished":"2016-02-25T05:58:34+00:00","dateModified":"2025-01-09T08:50:26+00:00","description":"Hauck p\u00e4ikesekaitse \/ ruloo auto aknale, Shade Me 2, Ruloo kaitseb last ereda valguse, kuuma ja ohtliku UV-kiirguse eest.Sobib k&ot","breadcrumb":{"@id":"https:\/\/beebipood.ee\/ru\/produkt\/hauck-paikesekaitse-ruloo-auto-aknale-shade-me-2\/#breadcrumb"},"inLanguage":"ru-RU","potentialAction":[{"@type":"ReadAction","target":["https:\/\/beebipood.ee\/ru\/produkt\/hauck-paikesekaitse-ruloo-auto-aknale-shade-me-2\/"]}]},{"@type":"ImageObject","inLanguage":"ru-RU","@id":"https:\/\/beebipood.ee\/ru\/produkt\/hauck-paikesekaitse-ruloo-auto-aknale-shade-me-2\/#primaryimage","url":"https:\/\/beebipood.ee\/wp-content\/uploads\/2016\/02\/Hauck-paikesekaitse-ruloo-auto-aknale-Shade-Me-2-Turvatoolid-hallid-Turvavarustus-Lisatarvikud_6-187.jpg","contentUrl":"https:\/\/beebipood.ee\/wp-content\/uploads\/2016\/02\/Hauck-paikesekaitse-ruloo-auto-aknale-Shade-Me-2-Turvatoolid-hallid-Turvavarustus-Lisatarvikud_6-187.jpg","width":1280,"height":1280},{"@type":"BreadcrumbList","@id":"https:\/\/beebipood.ee\/ru\/produkt\/hauck-paikesekaitse-ruloo-auto-aknale-shade-me-2\/#breadcrumb","itemListElement":[{"@type":"ListItem","position":1,"name":"Home","item":"https:\/\/beebipood.ee\/ru\/"},{"@type":"ListItem","position":2,"name":"\u041a\u0430\u0442\u0430\u043b\u043e\u0433 \u0442\u043e\u0432\u0430\u0440\u043e\u0432","item":"https:\/\/beebipood.ee\/tooted\/"},{"@type":"ListItem","position":3,"name":"Hauck p\u00e4ikesekaitse \/ ruloo auto aknale, Shade Me 2"}]},{"@type":"WebSite","@id":"https:\/\/beebipood.ee\/ru\/#website","url":"https:\/\/beebipood.ee\/ru\/","name":"Beebipood","description":"Lastekaubad, beebikaubad, m\u00e4nguasjad","publisher":{"@id":"https:\/\/beebipood.ee\/ru\/#organization"},"potentialAction":[{"@type":"SearchAction","target":{"@type":"EntryPoint","urlTemplate":"https:\/\/beebipood.ee\/ru\/?s={search_term_string}"},"query-input":{"@type":"PropertyValueSpecification","valueRequired":true,"valueName":"search_term_string"}}],"inLanguage":"ru-RU"},{"@type":"Organization","@id":"https:\/\/beebipood.ee\/ru\/#organization","name":"Beebipood","url":"https:\/\/beebipood.ee\/ru\/","logo":{"@type":"ImageObject","inLanguage":"ru-RU","@id":"https:\/\/beebipood.ee\/ru\/#\/schema\/logo\/image\/","url":"https:\/\/beebipood.ee\/wp-content\/uploads\/2025\/03\/beebipood.ee-logo-1.svg","contentUrl":"https:\/\/beebipood.ee\/wp-content\/uploads\/2025\/03\/beebipood.ee-logo-1.svg","caption":"Beebipood"},"image":{"@id":"https:\/\/beebipood.ee\/ru\/#\/schema\/logo\/image\/"}}]}},"brands":[{"id":11952,"name":"Hauck","slug":"hauck-ru"}],"_links":{"self":[{"href":"https:\/\/beebipood.ee\/ru\/wp-json\/wp\/v2\/product\/456636","targetHints":{"allow":["GET"]}}],"collection":[{"href":"https:\/\/beebipood.ee\/ru\/wp-json\/wp\/v2\/product"}],"about":[{"href":"https:\/\/beebipood.ee\/ru\/wp-json\/wp\/v2\/types\/product"}],"wp:featuredmedia":[{"embeddable":true,"href":"https:\/\/beebipood.ee\/ru\/wp-json\/wp\/v2\/media\/108982"}],"wp:attachment":[{"href":"https:\/\/beebipood.ee\/ru\/wp-json\/wp\/v2\/media?parent=456636"}],"wp:term":[{"taxonomy":"pwb-brand","embeddable":true,"href":"https:\/\/beebipood.ee\/ru\/wp-json\/wp\/v2\/pwb-brand?post=456636"},{"taxonomy":"product_brand","embeddable":true,"href":"https:\/\/beebipood.ee\/ru\/wp-json\/wp\/v2\/product_brand?post=456636"},{"taxonomy":"product_cat","embeddable":true,"href":"https:\/\/beebipood.ee\/ru\/wp-json\/wp\/v2\/product_cat?post=456636"},{"taxonomy":"product_tag","embeddable":true,"href":"https:\/\/beebipood.ee\/ru\/wp-json\/wp\/v2\/product_tag?post=456636"}],"curies":[{"name":"wp","href":"https:\/\/api.w.org\/{rel}","templated":true}]}}