{"id":456648,"date":"2016-02-29T16:56:08","date_gmt":"2016-02-29T14:56:08","guid":{"rendered":"https:\/\/beebipood.ee\/toode\/hauck-soogitool-lamamistool-2-uhes-sit-n-relax-hearts\/"},"modified":"2026-02-20T12:17:51","modified_gmt":"2026-02-20T10:17:51","slug":"hauck-soogitool-lamamistool-2-uhes-sit-n-relax-hearts","status":"publish","type":"product","link":"https:\/\/beebipood.ee\/ru\/produkt\/hauck-soogitool-lamamistool-2-uhes-sit-n-relax-hearts\/","title":{"rendered":"Hauck s\u00f6\u00f6gitool-lamamistool 2 \u00fches Sit\u00b4n Relax, Hearts"},"content":{"rendered":"<h2 data-start=\"82\" data-end=\"136\">2in1 kokkupandav s\u00f6\u00f6gitool \u2013 s\u00fcnnist v\u00e4ikelapseeani<\/h2>\n<p data-start=\"138\" data-end=\"430\">Sit N Relax 2in1 on nutikas ja praktiline lahendus, mis kasvab koos sinu lapsega. See \u00fchendab beebitooli ja v\u00e4ikelapse s\u00f6\u00f6gitooli \u00fchte komplekti ning sobib kasutamiseks alates s\u00fcnnist kuni umbes 3. eluaastani. Kui tooli parasjagu ei kasuta, saab selle lihtsalt kokku klappida ja ruumi s\u00e4\u00e4sta.<\/p>\n<p data-start=\"432\" data-end=\"512\">Suur hoiukorv tooli all hoiab m\u00e4nguasjad, salvr\u00e4tid ja p\u00f5lled alati k\u00e4eulatuses.<\/p>\n<hr data-start=\"514\" data-end=\"517\" \/>\n<h3 data-start=\"519\" data-end=\"556\">Turvaline ja mugav alates s\u00fcnnist<\/h3>\n<p data-start=\"558\" data-end=\"593\">Pehmes ja hubases lamamistoolis on:<\/p>\n<ul data-start=\"594\" data-end=\"673\">\n<li data-start=\"594\" data-end=\"616\">\n<p data-start=\"596\" data-end=\"616\">3-punkti turvarihm<\/p>\n<\/li>\n<li data-start=\"617\" data-end=\"643\">\n<p data-start=\"619\" data-end=\"643\">reguleeritav seljatugi<\/p>\n<\/li>\n<li data-start=\"644\" data-end=\"673\">\n<p data-start=\"646\" data-end=\"673\">sobivus kuni 9 kg lapsele<\/p>\n<\/li>\n<\/ul>\n<p data-start=\"675\" data-end=\"866\">K\u00f5rgusreguleeritav raam v\u00f5imaldab hoida beebit alati enda l\u00e4hedal \u2013 s\u00f6\u00f6gilaua, diivanilaua v\u00f5i kasv\u00f5i vannitoa toimingute ajal. Nii on laps turvaliselt sinu silme all ja alati \u00f5igel k\u00f5rgusel.<\/p>\n<hr data-start=\"868\" data-end=\"871\" \/>\n<h3 data-start=\"873\" data-end=\"911\">S\u00f6\u00f6gir\u00f5\u00f5m ja m\u00e4nguaeg v\u00e4ikelapsele<\/h3>\n<p data-start=\"913\" data-end=\"984\">Kui laps oskab juba iseseisvalt istuda, saab kasutada v\u00e4ikelapse istet.<\/p>\n<p data-start=\"986\" data-end=\"1053\">Reguleeritavad osad v\u00f5imaldavad toolil lapse kasvuga kaasa liikuda:<\/p>\n<ul data-start=\"1054\" data-end=\"1144\">\n<li data-start=\"1054\" data-end=\"1080\">\n<p data-start=\"1056\" data-end=\"1080\">reguleeritav seljatugi<\/p>\n<\/li>\n<li data-start=\"1081\" data-end=\"1106\">\n<p data-start=\"1083\" data-end=\"1106\">reguleeritav jalatugi<\/p>\n<\/li>\n<li data-start=\"1107\" data-end=\"1144\">\n<p data-start=\"1109\" data-end=\"1144\">s\u00fcgavuselt reguleeritav s\u00f6\u00f6gilaud<\/p>\n<\/li>\n<\/ul>\n<p data-start=\"1146\" data-end=\"1202\">Eemaldatav kandik on kergesti puhastatav ning sellel on:<\/p>\n<ul data-start=\"1203\" data-end=\"1304\">\n<li data-start=\"1203\" data-end=\"1254\">\n<p data-start=\"1205\" data-end=\"1254\">k\u00f5rgendatud serv, mis aitab v\u00e4ltida mahaajamist<\/p>\n<\/li>\n<li data-start=\"1255\" data-end=\"1304\">\n<p data-start=\"1257\" data-end=\"1304\">topsi s\u00fcvend, mis hoiab joogi kindlalt paigal<\/p>\n<\/li>\n<\/ul>\n<p data-start=\"1306\" data-end=\"1343\">Turvalisuse tagab 5-punkti turvarihm.<\/p>\n<hr data-start=\"1345\" data-end=\"1348\" \/>\n<h3 data-start=\"1350\" data-end=\"1377\">Praktiline igap\u00e4evaelus<\/h3>\n<ul data-start=\"1379\" data-end=\"1551\">\n<li data-start=\"1379\" data-end=\"1413\">\n<p data-start=\"1381\" data-end=\"1413\">Kokkupandav \u2013 lihtne hoiustada<\/p>\n<\/li>\n<li data-start=\"1414\" data-end=\"1456\">\n<p data-start=\"1416\" data-end=\"1456\">Integreeritud rattad \u2013 mugav liigutada<\/p>\n<\/li>\n<li data-start=\"1457\" data-end=\"1474\">\n<p data-start=\"1459\" data-end=\"1474\">Suur hoiukorv<\/p>\n<\/li>\n<li data-start=\"1475\" data-end=\"1508\">\n<p data-start=\"1477\" data-end=\"1508\">Lihtsasti puhastatavad pinnad<\/p>\n<\/li>\n<li data-start=\"1509\" data-end=\"1551\">\n<p data-start=\"1511\" data-end=\"1551\">Seljatoe kalde reguleerimine \u00fche k\u00e4ega<\/p>\n<\/li>\n<\/ul>\n<hr data-start=\"1553\" data-end=\"1556\" \/>\n<h2 data-start=\"1558\" data-end=\"1578\">Tehnilised andmed<\/h2>\n<p data-start=\"1580\" data-end=\"1588\"><strong data-start=\"1580\" data-end=\"1588\">Raam<\/strong><\/p>\n<ul data-start=\"1589\" data-end=\"1694\">\n<li data-start=\"1589\" data-end=\"1615\">\n<p data-start=\"1591\" data-end=\"1615\">Sobiv vanus: 0\u201336 kuud<\/p>\n<\/li>\n<li data-start=\"1616\" data-end=\"1632\">\n<p data-start=\"1618\" data-end=\"1632\">Kaal: 4,8 kg<\/p>\n<\/li>\n<li data-start=\"1633\" data-end=\"1656\">\n<p data-start=\"1635\" data-end=\"1656\">K\u00f5rgus reguleeritav<\/p>\n<\/li>\n<li data-start=\"1657\" data-end=\"1681\">\n<p data-start=\"1659\" data-end=\"1681\">Integreeritud rattad<\/p>\n<\/li>\n<li data-start=\"1682\" data-end=\"1694\">\n<p data-start=\"1684\" data-end=\"1694\">Hoiukorv<\/p>\n<\/li>\n<\/ul>\n<p data-start=\"1696\" data-end=\"1717\"><strong data-start=\"1696\" data-end=\"1717\">Beebi lamamistool<\/strong><\/p>\n<ul data-start=\"1718\" data-end=\"1828\">\n<li data-start=\"1718\" data-end=\"1748\">\n<p data-start=\"1720\" data-end=\"1748\">Sobivus: s\u00fcnnist kuni 9 kg<\/p>\n<\/li>\n<li data-start=\"1749\" data-end=\"1766\">\n<p data-start=\"1751\" data-end=\"1766\">Kaal: 1,75 kg<\/p>\n<\/li>\n<li data-start=\"1767\" data-end=\"1789\">\n<p data-start=\"1769\" data-end=\"1789\">3-punkti turvarihm<\/p>\n<\/li>\n<li data-start=\"1790\" data-end=\"1828\">\n<p data-start=\"1792\" data-end=\"1828\">Reguleeritav seljatugi (\u00fche k\u00e4ega)<\/p>\n<\/li>\n<\/ul>\n<p data-start=\"1830\" data-end=\"1849\"><strong data-start=\"1830\" data-end=\"1849\">V\u00e4ikelapse iste<\/strong><\/p>\n<ul data-start=\"1850\" data-end=\"2052\">\n<li data-start=\"1850\" data-end=\"1889\">\n<p data-start=\"1852\" data-end=\"1889\">Sobivus: alates 6. kuust kuni 15 kg<\/p>\n<\/li>\n<li data-start=\"1890\" data-end=\"1906\">\n<p data-start=\"1892\" data-end=\"1906\">Kaal: 3,4 kg<\/p>\n<\/li>\n<li data-start=\"1907\" data-end=\"1929\">\n<p data-start=\"1909\" data-end=\"1929\">5-punkti turvarihm<\/p>\n<\/li>\n<li data-start=\"1930\" data-end=\"1965\">\n<p data-start=\"1932\" data-end=\"1965\">Reguleeritav selja- ja jalatugi<\/p>\n<\/li>\n<li data-start=\"1966\" data-end=\"2014\">\n<p data-start=\"1968\" data-end=\"2014\">S\u00fcgavuselt reguleeritav ja eemaldatav kandik<\/p>\n<\/li>\n<li data-start=\"2015\" data-end=\"2052\">\n<p data-start=\"2017\" data-end=\"2052\">Seljatoe kalde muutmine \u00fche k\u00e4ega<\/p>\n<\/li>\n<li data-start=\"2015\" data-end=\"2052\">VIDEO: <a href=\"https:\/\/youtu.be\/SpZOBH3Gy7c?si=a-tN1Eqsu_Y4MPym\">SIIN\u00a0<\/a><\/li>\n<\/ul>\n<hr data-start=\"2054\" data-end=\"2057\" \/>\n<p data-start=\"2059\" data-end=\"2208\">See 2in1 s\u00f6\u00f6gitool on ideaalne valik peredele, kes soovivad \u00fchte praktilist lahendust beebieast v\u00e4ikelapseeani \u2013 turvaline, mugav ja ruumis\u00e4\u00e4stlik<\/p>\n","protected":false},"excerpt":{"rendered":"<p>2in1 kokkupandav s\u00f6\u00f6gitool \u2013 s\u00fcnnist v\u00e4ikelapseeani Sit N Relax 2in1 on nutikas ja praktiline lahendus, mis kasvab koos sinu lapsega. See \u00fchendab beebitooli ja v\u00e4ikelapse s\u00f6\u00f6gitooli \u00fchte komplekti ning sobib kasutamiseks alates s\u00fcnnist kuni umbes 3. eluaastani. Kui tooli parasjagu ei kasuta, saab selle lihtsalt kokku klappida ja ruumi s\u00e4\u00e4sta. Suur hoiukorv tooli all hoiab [&hellip;]<\/p>\n","protected":false},"featured_media":109289,"template":"","meta":{"_acf_changed":false},"pwb-brand":[11952],"product_brand":[],"product_cat":[11645,11709],"product_tag":[],"class_list":{"0":"post-456648","1":"product","2":"type-product","3":"status-publish","4":"has-post-thumbnail","6":"pwb-brand-hauck-ru","7":"product_cat-sootmistoolid-ru","8":"product_cat-sootmistoolid-beebi-ja-lastetarbed-mahkimine-hugieen-ru","9":"pa_manufacturer-hauck-ru","11":"first","12":"onbackorder","13":"taxable","14":"shipping-taxable","15":"purchasable","16":"product-type-simple"},"exclude_global_add_ons":[],"addons":[],"acf":[],"yoast_head":"<!-- This site is optimized with the Yoast SEO plugin v27.1.1 - https:\/\/yoast.com\/product\/yoast-seo-wordpress\/ -->\n<title>Hauck s\u00f6\u00f6gitool-lamamistool 2 \u00fches Sit\u00b4n Relax, Hearts, \u0421\u0442\u0443\u043b\u044c\u0447\u0438\u043a\u0438 \u0434\u043b\u044f \u043a\u043e\u0440\u043c\u043b\u0435\u043d\u0438\u044f, \u041f\u0440\u0438\u043d\u0430\u0434\u043b\u0435\u0436\u043d\u043e\u0441\u0442\u0438 \u0434\u043b\u044f \u043c\u043b\u0430\u0434\u0435\u043d\u0446\u0435\u0432, Beebipood<\/title>\n<meta name=\"description\" content=\"Hauck s\u00f6\u00f6gitool-lamamistool 2 \u00fches Sit\u00b4n Relax, Hearts, S\u00f6\u00f6gitooli kui ka\u00a0lamamistooli k\u00f5rgused on reguleeritavadReguleeritav\" \/>\n<meta name=\"robots\" content=\"index, follow, max-snippet:-1, max-image-preview:large, max-video-preview:-1\" \/>\n<link rel=\"canonical\" href=\"https:\/\/beebipood.ee\/ru\/produkt\/hauck-soogitool-lamamistool-2-uhes-sit-n-relax-hearts\/\" \/>\n<meta property=\"og:locale\" content=\"ru_RU\" \/>\n<meta property=\"og:type\" content=\"article\" \/>\n<meta property=\"og:title\" content=\"Hauck s\u00f6\u00f6gitool-lamamistool 2 \u00fches Sit\u00b4n Relax, Hearts, \u0421\u0442\u0443\u043b\u044c\u0447\u0438\u043a\u0438 \u0434\u043b\u044f \u043a\u043e\u0440\u043c\u043b\u0435\u043d\u0438\u044f, \u041f\u0440\u0438\u043d\u0430\u0434\u043b\u0435\u0436\u043d\u043e\u0441\u0442\u0438 \u0434\u043b\u044f \u043c\u043b\u0430\u0434\u0435\u043d\u0446\u0435\u0432, Beebipood\" \/>\n<meta property=\"og:description\" content=\"Hauck s\u00f6\u00f6gitool-lamamistool 2 \u00fches Sit\u00b4n Relax, Hearts, S\u00f6\u00f6gitooli kui ka\u00a0lamamistooli k\u00f5rgused on reguleeritavadReguleeritav\" \/>\n<meta property=\"og:url\" content=\"https:\/\/beebipood.ee\/ru\/produkt\/hauck-soogitool-lamamistool-2-uhes-sit-n-relax-hearts\/\" \/>\n<meta property=\"og:site_name\" content=\"Beebipood\" \/>\n<meta property=\"article:modified_time\" content=\"2026-02-20T10:17:51+00:00\" \/>\n<meta property=\"og:image\" content=\"https:\/\/beebipood.ee\/wp-content\/uploads\/2016\/02\/Hauck-soogitoollamamistool-2-uhes-Sitn-Relax-Hearts-SOODUSPAKKUMISED-Sootmistoolid-Beebi-ja-lastetarbed_10-1f7.jpg\" \/>\n\t<meta property=\"og:image:width\" content=\"1280\" \/>\n\t<meta property=\"og:image:height\" content=\"1280\" \/>\n\t<meta property=\"og:image:type\" content=\"image\/jpeg\" \/>\n<meta name=\"twitter:card\" content=\"summary_large_image\" \/>\n<meta name=\"twitter:label1\" content=\"\u041f\u0440\u0438\u043c\u0435\u0440\u043d\u043e\u0435 \u0432\u0440\u0435\u043c\u044f \u0434\u043b\u044f \u0447\u0442\u0435\u043d\u0438\u044f\" \/>\n\t<meta name=\"twitter:data1\" content=\"2 \u043c\u0438\u043d\u0443\u0442\u044b\" \/>\n<script type=\"application\/ld+json\" class=\"yoast-schema-graph\">{\"@context\":\"https:\/\/schema.org\",\"@graph\":[{\"@type\":\"WebPage\",\"@id\":\"https:\/\/beebipood.ee\/ru\/produkt\/hauck-soogitool-lamamistool-2-uhes-sit-n-relax-hearts\/\",\"url\":\"https:\/\/beebipood.ee\/ru\/produkt\/hauck-soogitool-lamamistool-2-uhes-sit-n-relax-hearts\/\",\"name\":\"Hauck s\u00f6\u00f6gitool-lamamistool 2 \u00fches Sit\u00b4n Relax, Hearts, \u0421\u0442\u0443\u043b\u044c\u0447\u0438\u043a\u0438 \u0434\u043b\u044f \u043a\u043e\u0440\u043c\u043b\u0435\u043d\u0438\u044f, \u041f\u0440\u0438\u043d\u0430\u0434\u043b\u0435\u0436\u043d\u043e\u0441\u0442\u0438 \u0434\u043b\u044f \u043c\u043b\u0430\u0434\u0435\u043d\u0446\u0435\u0432, Beebipood\",\"isPartOf\":{\"@id\":\"https:\/\/beebipood.ee\/ru\/#website\"},\"primaryImageOfPage\":{\"@id\":\"https:\/\/beebipood.ee\/ru\/produkt\/hauck-soogitool-lamamistool-2-uhes-sit-n-relax-hearts\/#primaryimage\"},\"image\":{\"@id\":\"https:\/\/beebipood.ee\/ru\/produkt\/hauck-soogitool-lamamistool-2-uhes-sit-n-relax-hearts\/#primaryimage\"},\"thumbnailUrl\":\"https:\/\/beebipood.ee\/wp-content\/uploads\/2016\/02\/Hauck-soogitoollamamistool-2-uhes-Sitn-Relax-Hearts-SOODUSPAKKUMISED-Sootmistoolid-Beebi-ja-lastetarbed_10-1f7.jpg\",\"datePublished\":\"2016-02-29T14:56:08+00:00\",\"dateModified\":\"2026-02-20T10:17:51+00:00\",\"description\":\"Hauck s\u00f6\u00f6gitool-lamamistool 2 \u00fches Sit\u00b4n Relax, Hearts, S\u00f6\u00f6gitooli kui ka\u00a0lamamistooli k\u00f5rgused on reguleeritavadReguleeritav\",\"breadcrumb\":{\"@id\":\"https:\/\/beebipood.ee\/ru\/produkt\/hauck-soogitool-lamamistool-2-uhes-sit-n-relax-hearts\/#breadcrumb\"},\"inLanguage\":\"ru-RU\",\"potentialAction\":[{\"@type\":\"ReadAction\",\"target\":[\"https:\/\/beebipood.ee\/ru\/produkt\/hauck-soogitool-lamamistool-2-uhes-sit-n-relax-hearts\/\"]}]},{\"@type\":\"ImageObject\",\"inLanguage\":\"ru-RU\",\"@id\":\"https:\/\/beebipood.ee\/ru\/produkt\/hauck-soogitool-lamamistool-2-uhes-sit-n-relax-hearts\/#primaryimage\",\"url\":\"https:\/\/beebipood.ee\/wp-content\/uploads\/2016\/02\/Hauck-soogitoollamamistool-2-uhes-Sitn-Relax-Hearts-SOODUSPAKKUMISED-Sootmistoolid-Beebi-ja-lastetarbed_10-1f7.jpg\",\"contentUrl\":\"https:\/\/beebipood.ee\/wp-content\/uploads\/2016\/02\/Hauck-soogitoollamamistool-2-uhes-Sitn-Relax-Hearts-SOODUSPAKKUMISED-Sootmistoolid-Beebi-ja-lastetarbed_10-1f7.jpg\",\"width\":1280,\"height\":1280},{\"@type\":\"BreadcrumbList\",\"@id\":\"https:\/\/beebipood.ee\/ru\/produkt\/hauck-soogitool-lamamistool-2-uhes-sit-n-relax-hearts\/#breadcrumb\",\"itemListElement\":[{\"@type\":\"ListItem\",\"position\":1,\"name\":\"Home\",\"item\":\"https:\/\/beebipood.ee\/ru\/\"},{\"@type\":\"ListItem\",\"position\":2,\"name\":\"\u041a\u0430\u0442\u0430\u043b\u043e\u0433 \u0442\u043e\u0432\u0430\u0440\u043e\u0432\",\"item\":\"https:\/\/beebipood.ee\/tooted\/\"},{\"@type\":\"ListItem\",\"position\":3,\"name\":\"Hauck s\u00f6\u00f6gitool-lamamistool 2 \u00fches Sit\u00b4n Relax, Hearts\"}]},{\"@type\":\"WebSite\",\"@id\":\"https:\/\/beebipood.ee\/ru\/#website\",\"url\":\"https:\/\/beebipood.ee\/ru\/\",\"name\":\"Beebipood\",\"description\":\"Lastekaubad, beebikaubad, m\u00e4nguasjad\",\"publisher\":{\"@id\":\"https:\/\/beebipood.ee\/ru\/#organization\"},\"potentialAction\":[{\"@type\":\"SearchAction\",\"target\":{\"@type\":\"EntryPoint\",\"urlTemplate\":\"https:\/\/beebipood.ee\/ru\/?s={search_term_string}\"},\"query-input\":{\"@type\":\"PropertyValueSpecification\",\"valueRequired\":true,\"valueName\":\"search_term_string\"}}],\"inLanguage\":\"ru-RU\"},{\"@type\":\"Organization\",\"@id\":\"https:\/\/beebipood.ee\/ru\/#organization\",\"name\":\"Beebipood\",\"url\":\"https:\/\/beebipood.ee\/ru\/\",\"logo\":{\"@type\":\"ImageObject\",\"inLanguage\":\"ru-RU\",\"@id\":\"https:\/\/beebipood.ee\/ru\/#\/schema\/logo\/image\/\",\"url\":\"https:\/\/beebipood.ee\/wp-content\/uploads\/2025\/03\/beebipood.ee-logo-1.svg\",\"contentUrl\":\"https:\/\/beebipood.ee\/wp-content\/uploads\/2025\/03\/beebipood.ee-logo-1.svg\",\"caption\":\"Beebipood\"},\"image\":{\"@id\":\"https:\/\/beebipood.ee\/ru\/#\/schema\/logo\/image\/\"}}]}<\/script>\n<!-- \/ Yoast SEO plugin. -->","yoast_head_json":{"title":"Hauck s\u00f6\u00f6gitool-lamamistool 2 \u00fches Sit\u00b4n Relax, Hearts, \u0421\u0442\u0443\u043b\u044c\u0447\u0438\u043a\u0438 \u0434\u043b\u044f \u043a\u043e\u0440\u043c\u043b\u0435\u043d\u0438\u044f, \u041f\u0440\u0438\u043d\u0430\u0434\u043b\u0435\u0436\u043d\u043e\u0441\u0442\u0438 \u0434\u043b\u044f \u043c\u043b\u0430\u0434\u0435\u043d\u0446\u0435\u0432, Beebipood","description":"Hauck s\u00f6\u00f6gitool-lamamistool 2 \u00fches Sit\u00b4n Relax, Hearts, S\u00f6\u00f6gitooli kui ka\u00a0lamamistooli k\u00f5rgused on reguleeritavadReguleeritav","robots":{"index":"index","follow":"follow","max-snippet":"max-snippet:-1","max-image-preview":"max-image-preview:large","max-video-preview":"max-video-preview:-1"},"canonical":"https:\/\/beebipood.ee\/ru\/produkt\/hauck-soogitool-lamamistool-2-uhes-sit-n-relax-hearts\/","og_locale":"ru_RU","og_type":"article","og_title":"Hauck s\u00f6\u00f6gitool-lamamistool 2 \u00fches Sit\u00b4n Relax, Hearts, \u0421\u0442\u0443\u043b\u044c\u0447\u0438\u043a\u0438 \u0434\u043b\u044f \u043a\u043e\u0440\u043c\u043b\u0435\u043d\u0438\u044f, \u041f\u0440\u0438\u043d\u0430\u0434\u043b\u0435\u0436\u043d\u043e\u0441\u0442\u0438 \u0434\u043b\u044f \u043c\u043b\u0430\u0434\u0435\u043d\u0446\u0435\u0432, Beebipood","og_description":"Hauck s\u00f6\u00f6gitool-lamamistool 2 \u00fches Sit\u00b4n Relax, Hearts, S\u00f6\u00f6gitooli kui ka\u00a0lamamistooli k\u00f5rgused on reguleeritavadReguleeritav","og_url":"https:\/\/beebipood.ee\/ru\/produkt\/hauck-soogitool-lamamistool-2-uhes-sit-n-relax-hearts\/","og_site_name":"Beebipood","article_modified_time":"2026-02-20T10:17:51+00:00","og_image":[{"width":1280,"height":1280,"url":"https:\/\/beebipood.ee\/wp-content\/uploads\/2016\/02\/Hauck-soogitoollamamistool-2-uhes-Sitn-Relax-Hearts-SOODUSPAKKUMISED-Sootmistoolid-Beebi-ja-lastetarbed_10-1f7.jpg","type":"image\/jpeg"}],"twitter_card":"summary_large_image","twitter_misc":{"\u041f\u0440\u0438\u043c\u0435\u0440\u043d\u043e\u0435 \u0432\u0440\u0435\u043c\u044f \u0434\u043b\u044f \u0447\u0442\u0435\u043d\u0438\u044f":"2 \u043c\u0438\u043d\u0443\u0442\u044b"},"schema":{"@context":"https:\/\/schema.org","@graph":[{"@type":"WebPage","@id":"https:\/\/beebipood.ee\/ru\/produkt\/hauck-soogitool-lamamistool-2-uhes-sit-n-relax-hearts\/","url":"https:\/\/beebipood.ee\/ru\/produkt\/hauck-soogitool-lamamistool-2-uhes-sit-n-relax-hearts\/","name":"Hauck s\u00f6\u00f6gitool-lamamistool 2 \u00fches Sit\u00b4n Relax, Hearts, \u0421\u0442\u0443\u043b\u044c\u0447\u0438\u043a\u0438 \u0434\u043b\u044f \u043a\u043e\u0440\u043c\u043b\u0435\u043d\u0438\u044f, \u041f\u0440\u0438\u043d\u0430\u0434\u043b\u0435\u0436\u043d\u043e\u0441\u0442\u0438 \u0434\u043b\u044f \u043c\u043b\u0430\u0434\u0435\u043d\u0446\u0435\u0432, Beebipood","isPartOf":{"@id":"https:\/\/beebipood.ee\/ru\/#website"},"primaryImageOfPage":{"@id":"https:\/\/beebipood.ee\/ru\/produkt\/hauck-soogitool-lamamistool-2-uhes-sit-n-relax-hearts\/#primaryimage"},"image":{"@id":"https:\/\/beebipood.ee\/ru\/produkt\/hauck-soogitool-lamamistool-2-uhes-sit-n-relax-hearts\/#primaryimage"},"thumbnailUrl":"https:\/\/beebipood.ee\/wp-content\/uploads\/2016\/02\/Hauck-soogitoollamamistool-2-uhes-Sitn-Relax-Hearts-SOODUSPAKKUMISED-Sootmistoolid-Beebi-ja-lastetarbed_10-1f7.jpg","datePublished":"2016-02-29T14:56:08+00:00","dateModified":"2026-02-20T10:17:51+00:00","description":"Hauck s\u00f6\u00f6gitool-lamamistool 2 \u00fches Sit\u00b4n Relax, Hearts, S\u00f6\u00f6gitooli kui ka\u00a0lamamistooli k\u00f5rgused on reguleeritavadReguleeritav","breadcrumb":{"@id":"https:\/\/beebipood.ee\/ru\/produkt\/hauck-soogitool-lamamistool-2-uhes-sit-n-relax-hearts\/#breadcrumb"},"inLanguage":"ru-RU","potentialAction":[{"@type":"ReadAction","target":["https:\/\/beebipood.ee\/ru\/produkt\/hauck-soogitool-lamamistool-2-uhes-sit-n-relax-hearts\/"]}]},{"@type":"ImageObject","inLanguage":"ru-RU","@id":"https:\/\/beebipood.ee\/ru\/produkt\/hauck-soogitool-lamamistool-2-uhes-sit-n-relax-hearts\/#primaryimage","url":"https:\/\/beebipood.ee\/wp-content\/uploads\/2016\/02\/Hauck-soogitoollamamistool-2-uhes-Sitn-Relax-Hearts-SOODUSPAKKUMISED-Sootmistoolid-Beebi-ja-lastetarbed_10-1f7.jpg","contentUrl":"https:\/\/beebipood.ee\/wp-content\/uploads\/2016\/02\/Hauck-soogitoollamamistool-2-uhes-Sitn-Relax-Hearts-SOODUSPAKKUMISED-Sootmistoolid-Beebi-ja-lastetarbed_10-1f7.jpg","width":1280,"height":1280},{"@type":"BreadcrumbList","@id":"https:\/\/beebipood.ee\/ru\/produkt\/hauck-soogitool-lamamistool-2-uhes-sit-n-relax-hearts\/#breadcrumb","itemListElement":[{"@type":"ListItem","position":1,"name":"Home","item":"https:\/\/beebipood.ee\/ru\/"},{"@type":"ListItem","position":2,"name":"\u041a\u0430\u0442\u0430\u043b\u043e\u0433 \u0442\u043e\u0432\u0430\u0440\u043e\u0432","item":"https:\/\/beebipood.ee\/tooted\/"},{"@type":"ListItem","position":3,"name":"Hauck s\u00f6\u00f6gitool-lamamistool 2 \u00fches Sit\u00b4n Relax, Hearts"}]},{"@type":"WebSite","@id":"https:\/\/beebipood.ee\/ru\/#website","url":"https:\/\/beebipood.ee\/ru\/","name":"Beebipood","description":"Lastekaubad, beebikaubad, m\u00e4nguasjad","publisher":{"@id":"https:\/\/beebipood.ee\/ru\/#organization"},"potentialAction":[{"@type":"SearchAction","target":{"@type":"EntryPoint","urlTemplate":"https:\/\/beebipood.ee\/ru\/?s={search_term_string}"},"query-input":{"@type":"PropertyValueSpecification","valueRequired":true,"valueName":"search_term_string"}}],"inLanguage":"ru-RU"},{"@type":"Organization","@id":"https:\/\/beebipood.ee\/ru\/#organization","name":"Beebipood","url":"https:\/\/beebipood.ee\/ru\/","logo":{"@type":"ImageObject","inLanguage":"ru-RU","@id":"https:\/\/beebipood.ee\/ru\/#\/schema\/logo\/image\/","url":"https:\/\/beebipood.ee\/wp-content\/uploads\/2025\/03\/beebipood.ee-logo-1.svg","contentUrl":"https:\/\/beebipood.ee\/wp-content\/uploads\/2025\/03\/beebipood.ee-logo-1.svg","caption":"Beebipood"},"image":{"@id":"https:\/\/beebipood.ee\/ru\/#\/schema\/logo\/image\/"}}]}},"brands":[{"id":11952,"name":"Hauck","slug":"hauck-ru"}],"_links":{"self":[{"href":"https:\/\/beebipood.ee\/ru\/wp-json\/wp\/v2\/product\/456648","targetHints":{"allow":["GET"]}}],"collection":[{"href":"https:\/\/beebipood.ee\/ru\/wp-json\/wp\/v2\/product"}],"about":[{"href":"https:\/\/beebipood.ee\/ru\/wp-json\/wp\/v2\/types\/product"}],"wp:featuredmedia":[{"embeddable":true,"href":"https:\/\/beebipood.ee\/ru\/wp-json\/wp\/v2\/media\/109289"}],"wp:attachment":[{"href":"https:\/\/beebipood.ee\/ru\/wp-json\/wp\/v2\/media?parent=456648"}],"wp:term":[{"taxonomy":"pwb-brand","embeddable":true,"href":"https:\/\/beebipood.ee\/ru\/wp-json\/wp\/v2\/pwb-brand?post=456648"},{"taxonomy":"product_brand","embeddable":true,"href":"https:\/\/beebipood.ee\/ru\/wp-json\/wp\/v2\/product_brand?post=456648"},{"taxonomy":"product_cat","embeddable":true,"href":"https:\/\/beebipood.ee\/ru\/wp-json\/wp\/v2\/product_cat?post=456648"},{"taxonomy":"product_tag","embeddable":true,"href":"https:\/\/beebipood.ee\/ru\/wp-json\/wp\/v2\/product_tag?post=456648"}],"curies":[{"name":"wp","href":"https:\/\/api.w.org\/{rel}","templated":true}]}}