{"id":456652,"date":"2016-03-01T08:08:29","date_gmt":"2016-03-01T06:08:29","guid":{"rendered":"https:\/\/beebipood.ee\/toode\/hauck-swift-x-jalutuskaru-black\/"},"modified":"2025-01-09T10:50:25","modified_gmt":"2025-01-09T08:50:25","slug":"hauck-swift-x-jalutuskaru-black","status":"publish","type":"product","link":"https:\/\/beebipood.ee\/ru\/produkt\/hauck-swift-x-jalutuskaru-black\/","title":{"rendered":"Hauck Swift X jalutusk\u00e4ru, Black"},"content":{"rendered":"<p>Hauck Swift X on sportlik ja innovatiivne jalutusk\u00e4ru, <br \/>mis k\u00e4ib mugavalt \u00fche k\u00e4ega kokku ja lahti.<br \/>Swift jalutusk\u00e4ru sobib ideaalselt, <br \/>kui teil on vaja tihti kasutada bussi,rongi v\u00f5i \u00fchistransporti \u00fcldiselt.<\/p>\n<p>suur kaarvari<br \/>vedrustus<br \/>alumiiniumraam<br \/>k\u00e4epideme k\u00f5rgus 100cm<br \/>esirattad keerlevad<br \/>tagumine jalgpidur<br \/>suur ostukorv<br \/>5-punkti pehmendustega turvarihm<br \/>lamamisosa pikkus 81 cm, istme laius 31 cm<br \/>jala- ja seljatugi reguleeritavad mitmesse asendisse<br \/>lamamiskalle 111 &#8212; 162 \u00b0<br \/>mugavad ja hingavad kangad<br \/>kergesti puhastatav<br \/>poraktiline ja suur kaubakorv<\/p>\n<p>jalutusk\u00e4ru kaal ainult 6,3 kg <br \/>kasutatav s\u00fcnnist kuni 15kg<br \/>m\u00f5\u00f5dud kokkupandult 58 x 44 x 26 cm<br \/>m\u00f5\u00f5dud lahtiselt 84 x 44 x 100 cm<br \/>esirataste l\u00e4bim\u00f5\u00f5t 13,5 cm<br \/>tagumiste rataste l\u00e4bim\u00f5\u00f5t 13,5 cm<br \/>kandev\u00f5ime 18kg<\/p>\n","protected":false},"excerpt":{"rendered":"<p>Hauck Swift X on sportlik ja innovatiivne jalutusk\u00e4ru, mis k\u00e4ib mugavalt \u00fche k\u00e4ega kokku ja lahti.Swift jalutusk\u00e4ru sobib ideaalselt, kui teil on vaja tihti kasutada bussi,rongi v\u00f5i \u00fchistransporti \u00fcldiselt. suur kaarvarivedrustusalumiiniumraamk\u00e4epideme k\u00f5rgus 100cmesirattad keerlevadtagumine jalgpidursuur ostukorv5-punkti pehmendustega turvarihmlamamisosa pikkus 81 cm, istme laius 31 cmjala- ja seljatugi reguleeritavad mitmesse asendisselamamiskalle 111 &#8212; 162 \u00b0mugavad ja [&hellip;]<\/p>\n","protected":false},"featured_media":109346,"template":"","meta":{"_acf_changed":false},"pwb-brand":[11952],"product_brand":[],"product_cat":[11721,11717],"product_tag":[],"class_list":{"0":"post-456652","1":"product","2":"type-product","3":"status-publish","4":"has-post-thumbnail","6":"pwb-brand-hauck-ru","7":"product_cat-jalutuskarud-ru","8":"product_cat-lastevankrid-ja-karud-ru","9":"pa_manufacturer-hauck-ru","11":"first","12":"onbackorder","13":"taxable","14":"shipping-taxable","15":"purchasable","16":"product-type-simple"},"exclude_global_add_ons":[],"addons":[],"acf":[],"yoast_head":"<!-- This site is optimized with the Yoast SEO plugin v27.3 - https:\/\/yoast.com\/product\/yoast-seo-wordpress\/ -->\n<title>Hauck Swift X jalutusk\u00e4ru, Black, \u041a\u043e\u043b\u044f\u0441\u043a\u0438, \u041f\u0440\u043e\u0433\u0443\u043b\u043e\u0447\u043d\u044b\u0435 \u043a\u043e\u043b\u044f\u0441\u043a\u0438, Beebipood<\/title>\n<meta name=\"description\" content=\"Hauck Swift X jalutusk\u00e4ru, Black, Hauck Swift X on sportlik ja innovatiivne jalutusk&auml;ru, mis k&auml;ib mugavalt &uuml;he k&auml;ega kokku ja laht\" \/>\n<meta name=\"robots\" content=\"index, follow, max-snippet:-1, max-image-preview:large, max-video-preview:-1\" \/>\n<link rel=\"canonical\" href=\"https:\/\/beebipood.ee\/ru\/produkt\/hauck-swift-x-jalutuskaru-black\/\" \/>\n<meta property=\"og:locale\" content=\"ru_RU\" \/>\n<meta property=\"og:type\" content=\"article\" \/>\n<meta property=\"og:title\" content=\"Hauck Swift X jalutusk\u00e4ru, Black, \u041a\u043e\u043b\u044f\u0441\u043a\u0438, \u041f\u0440\u043e\u0433\u0443\u043b\u043e\u0447\u043d\u044b\u0435 \u043a\u043e\u043b\u044f\u0441\u043a\u0438, Beebipood\" \/>\n<meta property=\"og:description\" content=\"Hauck Swift X jalutusk\u00e4ru, Black, Hauck Swift X on sportlik ja innovatiivne jalutusk&auml;ru, mis k&auml;ib mugavalt &uuml;he k&auml;ega kokku ja laht\" \/>\n<meta property=\"og:url\" content=\"https:\/\/beebipood.ee\/ru\/produkt\/hauck-swift-x-jalutuskaru-black\/\" \/>\n<meta property=\"og:site_name\" content=\"Beebipood\" \/>\n<meta property=\"article:modified_time\" content=\"2025-01-09T08:50:25+00:00\" \/>\n<meta property=\"og:image\" content=\"https:\/\/beebipood.ee\/wp-content\/uploads\/2016\/03\/Hauck-Swift-X-jalutuskaru-Black-Lastevankrid-ja-karud-Jalutuskarud_1-a12.jpg\" \/>\n\t<meta property=\"og:image:width\" content=\"1500\" \/>\n\t<meta property=\"og:image:height\" content=\"1500\" \/>\n\t<meta property=\"og:image:type\" content=\"image\/jpeg\" \/>\n<meta name=\"twitter:card\" content=\"summary_large_image\" \/>\n<script type=\"application\/ld+json\" class=\"yoast-schema-graph\">{\"@context\":\"https:\\\/\\\/schema.org\",\"@graph\":[{\"@type\":\"WebPage\",\"@id\":\"https:\\\/\\\/beebipood.ee\\\/ru\\\/produkt\\\/hauck-swift-x-jalutuskaru-black\\\/\",\"url\":\"https:\\\/\\\/beebipood.ee\\\/ru\\\/produkt\\\/hauck-swift-x-jalutuskaru-black\\\/\",\"name\":\"Hauck Swift X jalutusk\u00e4ru, Black, \u041a\u043e\u043b\u044f\u0441\u043a\u0438, \u041f\u0440\u043e\u0433\u0443\u043b\u043e\u0447\u043d\u044b\u0435 \u043a\u043e\u043b\u044f\u0441\u043a\u0438, Beebipood\",\"isPartOf\":{\"@id\":\"https:\\\/\\\/beebipood.ee\\\/ru\\\/#website\"},\"primaryImageOfPage\":{\"@id\":\"https:\\\/\\\/beebipood.ee\\\/ru\\\/produkt\\\/hauck-swift-x-jalutuskaru-black\\\/#primaryimage\"},\"image\":{\"@id\":\"https:\\\/\\\/beebipood.ee\\\/ru\\\/produkt\\\/hauck-swift-x-jalutuskaru-black\\\/#primaryimage\"},\"thumbnailUrl\":\"https:\\\/\\\/beebipood.ee\\\/wp-content\\\/uploads\\\/2016\\\/03\\\/Hauck-Swift-X-jalutuskaru-Black-Lastevankrid-ja-karud-Jalutuskarud_1-a12.jpg\",\"datePublished\":\"2016-03-01T06:08:29+00:00\",\"dateModified\":\"2025-01-09T08:50:25+00:00\",\"description\":\"Hauck Swift X jalutusk\u00e4ru, Black, Hauck Swift X on sportlik ja innovatiivne jalutusk&auml;ru, mis k&auml;ib mugavalt &uuml;he k&auml;ega kokku ja laht\",\"breadcrumb\":{\"@id\":\"https:\\\/\\\/beebipood.ee\\\/ru\\\/produkt\\\/hauck-swift-x-jalutuskaru-black\\\/#breadcrumb\"},\"inLanguage\":\"ru-RU\",\"potentialAction\":[{\"@type\":\"ReadAction\",\"target\":[\"https:\\\/\\\/beebipood.ee\\\/ru\\\/produkt\\\/hauck-swift-x-jalutuskaru-black\\\/\"]}]},{\"@type\":\"ImageObject\",\"inLanguage\":\"ru-RU\",\"@id\":\"https:\\\/\\\/beebipood.ee\\\/ru\\\/produkt\\\/hauck-swift-x-jalutuskaru-black\\\/#primaryimage\",\"url\":\"https:\\\/\\\/beebipood.ee\\\/wp-content\\\/uploads\\\/2016\\\/03\\\/Hauck-Swift-X-jalutuskaru-Black-Lastevankrid-ja-karud-Jalutuskarud_1-a12.jpg\",\"contentUrl\":\"https:\\\/\\\/beebipood.ee\\\/wp-content\\\/uploads\\\/2016\\\/03\\\/Hauck-Swift-X-jalutuskaru-Black-Lastevankrid-ja-karud-Jalutuskarud_1-a12.jpg\",\"width\":1500,\"height\":1500},{\"@type\":\"BreadcrumbList\",\"@id\":\"https:\\\/\\\/beebipood.ee\\\/ru\\\/produkt\\\/hauck-swift-x-jalutuskaru-black\\\/#breadcrumb\",\"itemListElement\":[{\"@type\":\"ListItem\",\"position\":1,\"name\":\"Home\",\"item\":\"https:\\\/\\\/beebipood.ee\\\/ru\\\/\"},{\"@type\":\"ListItem\",\"position\":2,\"name\":\"\u041a\u0430\u0442\u0430\u043b\u043e\u0433 \u0442\u043e\u0432\u0430\u0440\u043e\u0432\",\"item\":\"https:\\\/\\\/beebipood.ee\\\/tooted\\\/\"},{\"@type\":\"ListItem\",\"position\":3,\"name\":\"Hauck Swift X jalutusk\u00e4ru, Black\"}]},{\"@type\":\"WebSite\",\"@id\":\"https:\\\/\\\/beebipood.ee\\\/ru\\\/#website\",\"url\":\"https:\\\/\\\/beebipood.ee\\\/ru\\\/\",\"name\":\"Beebipood\",\"description\":\"Lastekaubad, beebikaubad, m\u00e4nguasjad\",\"publisher\":{\"@id\":\"https:\\\/\\\/beebipood.ee\\\/ru\\\/#organization\"},\"potentialAction\":[{\"@type\":\"SearchAction\",\"target\":{\"@type\":\"EntryPoint\",\"urlTemplate\":\"https:\\\/\\\/beebipood.ee\\\/ru\\\/?s={search_term_string}\"},\"query-input\":{\"@type\":\"PropertyValueSpecification\",\"valueRequired\":true,\"valueName\":\"search_term_string\"}}],\"inLanguage\":\"ru-RU\"},{\"@type\":\"Organization\",\"@id\":\"https:\\\/\\\/beebipood.ee\\\/ru\\\/#organization\",\"name\":\"Beebipood\",\"url\":\"https:\\\/\\\/beebipood.ee\\\/ru\\\/\",\"logo\":{\"@type\":\"ImageObject\",\"inLanguage\":\"ru-RU\",\"@id\":\"https:\\\/\\\/beebipood.ee\\\/ru\\\/#\\\/schema\\\/logo\\\/image\\\/\",\"url\":\"https:\\\/\\\/beebipood.ee\\\/wp-content\\\/uploads\\\/2025\\\/03\\\/beebipood.ee-logo-1.svg\",\"contentUrl\":\"https:\\\/\\\/beebipood.ee\\\/wp-content\\\/uploads\\\/2025\\\/03\\\/beebipood.ee-logo-1.svg\",\"caption\":\"Beebipood\"},\"image\":{\"@id\":\"https:\\\/\\\/beebipood.ee\\\/ru\\\/#\\\/schema\\\/logo\\\/image\\\/\"}}]}<\/script>\n<!-- \/ Yoast SEO plugin. -->","yoast_head_json":{"title":"Hauck Swift X jalutusk\u00e4ru, Black, \u041a\u043e\u043b\u044f\u0441\u043a\u0438, \u041f\u0440\u043e\u0433\u0443\u043b\u043e\u0447\u043d\u044b\u0435 \u043a\u043e\u043b\u044f\u0441\u043a\u0438, Beebipood","description":"Hauck Swift X jalutusk\u00e4ru, Black, Hauck Swift X on sportlik ja innovatiivne jalutusk&auml;ru, mis k&auml;ib mugavalt &uuml;he k&auml;ega kokku ja laht","robots":{"index":"index","follow":"follow","max-snippet":"max-snippet:-1","max-image-preview":"max-image-preview:large","max-video-preview":"max-video-preview:-1"},"canonical":"https:\/\/beebipood.ee\/ru\/produkt\/hauck-swift-x-jalutuskaru-black\/","og_locale":"ru_RU","og_type":"article","og_title":"Hauck Swift X jalutusk\u00e4ru, Black, \u041a\u043e\u043b\u044f\u0441\u043a\u0438, \u041f\u0440\u043e\u0433\u0443\u043b\u043e\u0447\u043d\u044b\u0435 \u043a\u043e\u043b\u044f\u0441\u043a\u0438, Beebipood","og_description":"Hauck Swift X jalutusk\u00e4ru, Black, Hauck Swift X on sportlik ja innovatiivne jalutusk&auml;ru, mis k&auml;ib mugavalt &uuml;he k&auml;ega kokku ja laht","og_url":"https:\/\/beebipood.ee\/ru\/produkt\/hauck-swift-x-jalutuskaru-black\/","og_site_name":"Beebipood","article_modified_time":"2025-01-09T08:50:25+00:00","og_image":[{"width":1500,"height":1500,"url":"https:\/\/beebipood.ee\/wp-content\/uploads\/2016\/03\/Hauck-Swift-X-jalutuskaru-Black-Lastevankrid-ja-karud-Jalutuskarud_1-a12.jpg","type":"image\/jpeg"}],"twitter_card":"summary_large_image","schema":{"@context":"https:\/\/schema.org","@graph":[{"@type":"WebPage","@id":"https:\/\/beebipood.ee\/ru\/produkt\/hauck-swift-x-jalutuskaru-black\/","url":"https:\/\/beebipood.ee\/ru\/produkt\/hauck-swift-x-jalutuskaru-black\/","name":"Hauck Swift X jalutusk\u00e4ru, Black, \u041a\u043e\u043b\u044f\u0441\u043a\u0438, \u041f\u0440\u043e\u0433\u0443\u043b\u043e\u0447\u043d\u044b\u0435 \u043a\u043e\u043b\u044f\u0441\u043a\u0438, Beebipood","isPartOf":{"@id":"https:\/\/beebipood.ee\/ru\/#website"},"primaryImageOfPage":{"@id":"https:\/\/beebipood.ee\/ru\/produkt\/hauck-swift-x-jalutuskaru-black\/#primaryimage"},"image":{"@id":"https:\/\/beebipood.ee\/ru\/produkt\/hauck-swift-x-jalutuskaru-black\/#primaryimage"},"thumbnailUrl":"https:\/\/beebipood.ee\/wp-content\/uploads\/2016\/03\/Hauck-Swift-X-jalutuskaru-Black-Lastevankrid-ja-karud-Jalutuskarud_1-a12.jpg","datePublished":"2016-03-01T06:08:29+00:00","dateModified":"2025-01-09T08:50:25+00:00","description":"Hauck Swift X jalutusk\u00e4ru, Black, Hauck Swift X on sportlik ja innovatiivne jalutusk&auml;ru, mis k&auml;ib mugavalt &uuml;he k&auml;ega kokku ja laht","breadcrumb":{"@id":"https:\/\/beebipood.ee\/ru\/produkt\/hauck-swift-x-jalutuskaru-black\/#breadcrumb"},"inLanguage":"ru-RU","potentialAction":[{"@type":"ReadAction","target":["https:\/\/beebipood.ee\/ru\/produkt\/hauck-swift-x-jalutuskaru-black\/"]}]},{"@type":"ImageObject","inLanguage":"ru-RU","@id":"https:\/\/beebipood.ee\/ru\/produkt\/hauck-swift-x-jalutuskaru-black\/#primaryimage","url":"https:\/\/beebipood.ee\/wp-content\/uploads\/2016\/03\/Hauck-Swift-X-jalutuskaru-Black-Lastevankrid-ja-karud-Jalutuskarud_1-a12.jpg","contentUrl":"https:\/\/beebipood.ee\/wp-content\/uploads\/2016\/03\/Hauck-Swift-X-jalutuskaru-Black-Lastevankrid-ja-karud-Jalutuskarud_1-a12.jpg","width":1500,"height":1500},{"@type":"BreadcrumbList","@id":"https:\/\/beebipood.ee\/ru\/produkt\/hauck-swift-x-jalutuskaru-black\/#breadcrumb","itemListElement":[{"@type":"ListItem","position":1,"name":"Home","item":"https:\/\/beebipood.ee\/ru\/"},{"@type":"ListItem","position":2,"name":"\u041a\u0430\u0442\u0430\u043b\u043e\u0433 \u0442\u043e\u0432\u0430\u0440\u043e\u0432","item":"https:\/\/beebipood.ee\/tooted\/"},{"@type":"ListItem","position":3,"name":"Hauck Swift X jalutusk\u00e4ru, Black"}]},{"@type":"WebSite","@id":"https:\/\/beebipood.ee\/ru\/#website","url":"https:\/\/beebipood.ee\/ru\/","name":"Beebipood","description":"Lastekaubad, beebikaubad, m\u00e4nguasjad","publisher":{"@id":"https:\/\/beebipood.ee\/ru\/#organization"},"potentialAction":[{"@type":"SearchAction","target":{"@type":"EntryPoint","urlTemplate":"https:\/\/beebipood.ee\/ru\/?s={search_term_string}"},"query-input":{"@type":"PropertyValueSpecification","valueRequired":true,"valueName":"search_term_string"}}],"inLanguage":"ru-RU"},{"@type":"Organization","@id":"https:\/\/beebipood.ee\/ru\/#organization","name":"Beebipood","url":"https:\/\/beebipood.ee\/ru\/","logo":{"@type":"ImageObject","inLanguage":"ru-RU","@id":"https:\/\/beebipood.ee\/ru\/#\/schema\/logo\/image\/","url":"https:\/\/beebipood.ee\/wp-content\/uploads\/2025\/03\/beebipood.ee-logo-1.svg","contentUrl":"https:\/\/beebipood.ee\/wp-content\/uploads\/2025\/03\/beebipood.ee-logo-1.svg","caption":"Beebipood"},"image":{"@id":"https:\/\/beebipood.ee\/ru\/#\/schema\/logo\/image\/"}}]}},"brands":[{"id":11952,"name":"Hauck","slug":"hauck-ru"}],"_links":{"self":[{"href":"https:\/\/beebipood.ee\/ru\/wp-json\/wp\/v2\/product\/456652","targetHints":{"allow":["GET"]}}],"collection":[{"href":"https:\/\/beebipood.ee\/ru\/wp-json\/wp\/v2\/product"}],"about":[{"href":"https:\/\/beebipood.ee\/ru\/wp-json\/wp\/v2\/types\/product"}],"wp:featuredmedia":[{"embeddable":true,"href":"https:\/\/beebipood.ee\/ru\/wp-json\/wp\/v2\/media\/109346"}],"wp:attachment":[{"href":"https:\/\/beebipood.ee\/ru\/wp-json\/wp\/v2\/media?parent=456652"}],"wp:term":[{"taxonomy":"pwb-brand","embeddable":true,"href":"https:\/\/beebipood.ee\/ru\/wp-json\/wp\/v2\/pwb-brand?post=456652"},{"taxonomy":"product_brand","embeddable":true,"href":"https:\/\/beebipood.ee\/ru\/wp-json\/wp\/v2\/product_brand?post=456652"},{"taxonomy":"product_cat","embeddable":true,"href":"https:\/\/beebipood.ee\/ru\/wp-json\/wp\/v2\/product_cat?post=456652"},{"taxonomy":"product_tag","embeddable":true,"href":"https:\/\/beebipood.ee\/ru\/wp-json\/wp\/v2\/product_tag?post=456652"}],"curies":[{"name":"wp","href":"https:\/\/api.w.org\/{rel}","templated":true}]}}