{"id":456660,"date":"2016-03-02T08:23:26","date_gmt":"2016-03-02T06:23:26","guid":{"rendered":"https:\/\/beebipood.ee\/toode\/hauck-4w-universaalne-vihmakile-jalutuskarule\/"},"modified":"2025-01-09T10:50:24","modified_gmt":"2025-01-09T08:50:24","slug":"hauck-4w-universaalne-vihmakile-jalutuskarule","status":"publish","type":"product","link":"https:\/\/beebipood.ee\/ru\/produkt\/hauck-4w-universaalne-vihmakile-jalutuskarule\/","title":{"rendered":"Hauck 4W universaalne vihmakile jalutusk\u00e4rule"},"content":{"rendered":"<p>Usaldusv\u00e4\u00e4rne kaitse vihma ja tuule eest.<br \/>Hauck vihmakile p\u00fcsib kindlalt paigal kogu reisi v\u00e4ltel.<br \/>Lihtne sisse ja v\u00e4lja p\u00e4\u00e4s t\u00e4nu suurele t\u00f5mblukuga esiosale. <br \/>Helkurribad muudavad vihmakile n\u00e4htavaks h\u00e4maras, <br \/>pakkudes lisaturvalisust teie hommikustel v\u00f5i \u00f5htustel jalutusk\u00e4ikudel.<br \/>Praktiline peek-a-boo aken pakub head \u00f5hkuringlust<br \/>ning v\u00f5imaldab samal ajal ka lapsel silma peal hoida.<br \/>Vihmakate on valmistatud tugevast ja vastupidavast<br \/>PEVA kilest, mis on ohutu teie lapsele <br \/>ja v\u00f5imaldab vihmakilet kasutada pikka aega.<br \/>T\u00e4nu m\u00f5nusale kokkupandavale suurusele saate seda h\u00f5lpsalt hoiustada.<br \/>Universaalne vihmakate \u00fchildub enamike 4-rattaliste jalutusk\u00e4rudega.<\/p>\n","protected":false},"excerpt":{"rendered":"<p>Usaldusv\u00e4\u00e4rne kaitse vihma ja tuule eest.Hauck vihmakile p\u00fcsib kindlalt paigal kogu reisi v\u00e4ltel.Lihtne sisse ja v\u00e4lja p\u00e4\u00e4s t\u00e4nu suurele t\u00f5mblukuga esiosale. Helkurribad muudavad vihmakile n\u00e4htavaks h\u00e4maras, pakkudes lisaturvalisust teie hommikustel v\u00f5i \u00f5htustel jalutusk\u00e4ikudel.Praktiline peek-a-boo aken pakub head \u00f5hkuringlustning v\u00f5imaldab samal ajal ka lapsel silma peal hoida.Vihmakate on valmistatud tugevast ja vastupidavastPEVA kilest, mis on ohutu [&hellip;]<\/p>\n","protected":false},"featured_media":109434,"template":"","meta":{"_acf_changed":false},"pwb-brand":[11952],"product_brand":[],"product_cat":[11725,11717],"product_tag":[],"class_list":{"0":"post-456660","1":"product","2":"type-product","3":"status-publish","4":"has-post-thumbnail","6":"pwb-brand-hauck-ru","7":"product_cat-lisatarvikud-ru","8":"product_cat-lastevankrid-ja-karud-ru","9":"pa_manufacturer-hauck-ru","11":"first","12":"instock","13":"taxable","14":"shipping-taxable","15":"purchasable","16":"product-type-simple"},"exclude_global_add_ons":[],"addons":[],"acf":[],"yoast_head":"<!-- This site is optimized with the Yoast SEO plugin v27.1.1 - https:\/\/yoast.com\/product\/yoast-seo-wordpress\/ -->\n<title>Hauck 4W universaalne vihmakile jalutusk\u00e4rule, \u041d\u041e\u0412\u042b\u0415 \u0422\u041e\u0412\u0410\u0420\u042b, \u041a\u043e\u043b\u044f\u0441\u043a\u0438, \u041f\u0440\u0438\u043d\u0430\u0434\u043b\u0435\u0436\u043d\u043e\u0441\u0442\u0438, Beebipood<\/title>\n<meta name=\"description\" content=\"Hauck 4W universaalne vihmakile jalutusk\u00e4rule, Usaldusv&auml;&auml;rne kaitse vihma ja tuule eest.Hauck vihmakile p&uuml;sib kindlalt paigal kogu reis\" \/>\n<meta name=\"robots\" content=\"index, follow, max-snippet:-1, max-image-preview:large, max-video-preview:-1\" \/>\n<link rel=\"canonical\" href=\"https:\/\/beebipood.ee\/ru\/produkt\/hauck-4w-universaalne-vihmakile-jalutuskarule\/\" \/>\n<meta property=\"og:locale\" content=\"ru_RU\" \/>\n<meta property=\"og:type\" content=\"article\" \/>\n<meta property=\"og:title\" content=\"Hauck 4W universaalne vihmakile jalutusk\u00e4rule, \u041d\u041e\u0412\u042b\u0415 \u0422\u041e\u0412\u0410\u0420\u042b, \u041a\u043e\u043b\u044f\u0441\u043a\u0438, \u041f\u0440\u0438\u043d\u0430\u0434\u043b\u0435\u0436\u043d\u043e\u0441\u0442\u0438, Beebipood\" \/>\n<meta property=\"og:description\" content=\"Hauck 4W universaalne vihmakile jalutusk\u00e4rule, Usaldusv&auml;&auml;rne kaitse vihma ja tuule eest.Hauck vihmakile p&uuml;sib kindlalt paigal kogu reis\" \/>\n<meta property=\"og:url\" content=\"https:\/\/beebipood.ee\/ru\/produkt\/hauck-4w-universaalne-vihmakile-jalutuskarule\/\" \/>\n<meta property=\"og:site_name\" content=\"Beebipood\" \/>\n<meta property=\"article:modified_time\" content=\"2025-01-09T08:50:24+00:00\" \/>\n<meta property=\"og:image\" content=\"https:\/\/beebipood.ee\/wp-content\/uploads\/2016\/03\/Hauck-4W-universaalne-vihmakile-jalutuskarule-Beebivoodid-reisivoodid-hallid-Reisivoodid-Lastemoobel-ja-sisustus_1-b5c.jpg\" \/>\n\t<meta property=\"og:image:width\" content=\"1500\" \/>\n\t<meta property=\"og:image:height\" content=\"1500\" \/>\n\t<meta property=\"og:image:type\" content=\"image\/jpeg\" \/>\n<meta name=\"twitter:card\" content=\"summary_large_image\" \/>\n<script type=\"application\/ld+json\" class=\"yoast-schema-graph\">{\"@context\":\"https:\/\/schema.org\",\"@graph\":[{\"@type\":\"WebPage\",\"@id\":\"https:\/\/beebipood.ee\/ru\/produkt\/hauck-4w-universaalne-vihmakile-jalutuskarule\/\",\"url\":\"https:\/\/beebipood.ee\/ru\/produkt\/hauck-4w-universaalne-vihmakile-jalutuskarule\/\",\"name\":\"Hauck 4W universaalne vihmakile jalutusk\u00e4rule, \u041d\u041e\u0412\u042b\u0415 \u0422\u041e\u0412\u0410\u0420\u042b, \u041a\u043e\u043b\u044f\u0441\u043a\u0438, \u041f\u0440\u0438\u043d\u0430\u0434\u043b\u0435\u0436\u043d\u043e\u0441\u0442\u0438, Beebipood\",\"isPartOf\":{\"@id\":\"https:\/\/beebipood.ee\/ru\/#website\"},\"primaryImageOfPage\":{\"@id\":\"https:\/\/beebipood.ee\/ru\/produkt\/hauck-4w-universaalne-vihmakile-jalutuskarule\/#primaryimage\"},\"image\":{\"@id\":\"https:\/\/beebipood.ee\/ru\/produkt\/hauck-4w-universaalne-vihmakile-jalutuskarule\/#primaryimage\"},\"thumbnailUrl\":\"https:\/\/beebipood.ee\/wp-content\/uploads\/2016\/03\/Hauck-4W-universaalne-vihmakile-jalutuskarule-Beebivoodid-reisivoodid-hallid-Reisivoodid-Lastemoobel-ja-sisustus_1-b5c.jpg\",\"datePublished\":\"2016-03-02T06:23:26+00:00\",\"dateModified\":\"2025-01-09T08:50:24+00:00\",\"description\":\"Hauck 4W universaalne vihmakile jalutusk\u00e4rule, Usaldusv&auml;&auml;rne kaitse vihma ja tuule eest.Hauck vihmakile p&uuml;sib kindlalt paigal kogu reis\",\"breadcrumb\":{\"@id\":\"https:\/\/beebipood.ee\/ru\/produkt\/hauck-4w-universaalne-vihmakile-jalutuskarule\/#breadcrumb\"},\"inLanguage\":\"ru-RU\",\"potentialAction\":[{\"@type\":\"ReadAction\",\"target\":[\"https:\/\/beebipood.ee\/ru\/produkt\/hauck-4w-universaalne-vihmakile-jalutuskarule\/\"]}]},{\"@type\":\"ImageObject\",\"inLanguage\":\"ru-RU\",\"@id\":\"https:\/\/beebipood.ee\/ru\/produkt\/hauck-4w-universaalne-vihmakile-jalutuskarule\/#primaryimage\",\"url\":\"https:\/\/beebipood.ee\/wp-content\/uploads\/2016\/03\/Hauck-4W-universaalne-vihmakile-jalutuskarule-Beebivoodid-reisivoodid-hallid-Reisivoodid-Lastemoobel-ja-sisustus_1-b5c.jpg\",\"contentUrl\":\"https:\/\/beebipood.ee\/wp-content\/uploads\/2016\/03\/Hauck-4W-universaalne-vihmakile-jalutuskarule-Beebivoodid-reisivoodid-hallid-Reisivoodid-Lastemoobel-ja-sisustus_1-b5c.jpg\",\"width\":1500,\"height\":1500},{\"@type\":\"BreadcrumbList\",\"@id\":\"https:\/\/beebipood.ee\/ru\/produkt\/hauck-4w-universaalne-vihmakile-jalutuskarule\/#breadcrumb\",\"itemListElement\":[{\"@type\":\"ListItem\",\"position\":1,\"name\":\"Home\",\"item\":\"https:\/\/beebipood.ee\/ru\/\"},{\"@type\":\"ListItem\",\"position\":2,\"name\":\"\u041a\u0430\u0442\u0430\u043b\u043e\u0433 \u0442\u043e\u0432\u0430\u0440\u043e\u0432\",\"item\":\"https:\/\/beebipood.ee\/tooted\/\"},{\"@type\":\"ListItem\",\"position\":3,\"name\":\"Hauck 4W universaalne vihmakile jalutusk\u00e4rule\"}]},{\"@type\":\"WebSite\",\"@id\":\"https:\/\/beebipood.ee\/ru\/#website\",\"url\":\"https:\/\/beebipood.ee\/ru\/\",\"name\":\"Beebipood\",\"description\":\"Lastekaubad, beebikaubad, m\u00e4nguasjad\",\"publisher\":{\"@id\":\"https:\/\/beebipood.ee\/ru\/#organization\"},\"potentialAction\":[{\"@type\":\"SearchAction\",\"target\":{\"@type\":\"EntryPoint\",\"urlTemplate\":\"https:\/\/beebipood.ee\/ru\/?s={search_term_string}\"},\"query-input\":{\"@type\":\"PropertyValueSpecification\",\"valueRequired\":true,\"valueName\":\"search_term_string\"}}],\"inLanguage\":\"ru-RU\"},{\"@type\":\"Organization\",\"@id\":\"https:\/\/beebipood.ee\/ru\/#organization\",\"name\":\"Beebipood\",\"url\":\"https:\/\/beebipood.ee\/ru\/\",\"logo\":{\"@type\":\"ImageObject\",\"inLanguage\":\"ru-RU\",\"@id\":\"https:\/\/beebipood.ee\/ru\/#\/schema\/logo\/image\/\",\"url\":\"https:\/\/beebipood.ee\/wp-content\/uploads\/2025\/03\/beebipood.ee-logo-1.svg\",\"contentUrl\":\"https:\/\/beebipood.ee\/wp-content\/uploads\/2025\/03\/beebipood.ee-logo-1.svg\",\"caption\":\"Beebipood\"},\"image\":{\"@id\":\"https:\/\/beebipood.ee\/ru\/#\/schema\/logo\/image\/\"}}]}<\/script>\n<!-- \/ Yoast SEO plugin. -->","yoast_head_json":{"title":"Hauck 4W universaalne vihmakile jalutusk\u00e4rule, \u041d\u041e\u0412\u042b\u0415 \u0422\u041e\u0412\u0410\u0420\u042b, \u041a\u043e\u043b\u044f\u0441\u043a\u0438, \u041f\u0440\u0438\u043d\u0430\u0434\u043b\u0435\u0436\u043d\u043e\u0441\u0442\u0438, Beebipood","description":"Hauck 4W universaalne vihmakile jalutusk\u00e4rule, Usaldusv&auml;&auml;rne kaitse vihma ja tuule eest.Hauck vihmakile p&uuml;sib kindlalt paigal kogu reis","robots":{"index":"index","follow":"follow","max-snippet":"max-snippet:-1","max-image-preview":"max-image-preview:large","max-video-preview":"max-video-preview:-1"},"canonical":"https:\/\/beebipood.ee\/ru\/produkt\/hauck-4w-universaalne-vihmakile-jalutuskarule\/","og_locale":"ru_RU","og_type":"article","og_title":"Hauck 4W universaalne vihmakile jalutusk\u00e4rule, \u041d\u041e\u0412\u042b\u0415 \u0422\u041e\u0412\u0410\u0420\u042b, \u041a\u043e\u043b\u044f\u0441\u043a\u0438, \u041f\u0440\u0438\u043d\u0430\u0434\u043b\u0435\u0436\u043d\u043e\u0441\u0442\u0438, Beebipood","og_description":"Hauck 4W universaalne vihmakile jalutusk\u00e4rule, Usaldusv&auml;&auml;rne kaitse vihma ja tuule eest.Hauck vihmakile p&uuml;sib kindlalt paigal kogu reis","og_url":"https:\/\/beebipood.ee\/ru\/produkt\/hauck-4w-universaalne-vihmakile-jalutuskarule\/","og_site_name":"Beebipood","article_modified_time":"2025-01-09T08:50:24+00:00","og_image":[{"width":1500,"height":1500,"url":"https:\/\/beebipood.ee\/wp-content\/uploads\/2016\/03\/Hauck-4W-universaalne-vihmakile-jalutuskarule-Beebivoodid-reisivoodid-hallid-Reisivoodid-Lastemoobel-ja-sisustus_1-b5c.jpg","type":"image\/jpeg"}],"twitter_card":"summary_large_image","schema":{"@context":"https:\/\/schema.org","@graph":[{"@type":"WebPage","@id":"https:\/\/beebipood.ee\/ru\/produkt\/hauck-4w-universaalne-vihmakile-jalutuskarule\/","url":"https:\/\/beebipood.ee\/ru\/produkt\/hauck-4w-universaalne-vihmakile-jalutuskarule\/","name":"Hauck 4W universaalne vihmakile jalutusk\u00e4rule, \u041d\u041e\u0412\u042b\u0415 \u0422\u041e\u0412\u0410\u0420\u042b, \u041a\u043e\u043b\u044f\u0441\u043a\u0438, \u041f\u0440\u0438\u043d\u0430\u0434\u043b\u0435\u0436\u043d\u043e\u0441\u0442\u0438, Beebipood","isPartOf":{"@id":"https:\/\/beebipood.ee\/ru\/#website"},"primaryImageOfPage":{"@id":"https:\/\/beebipood.ee\/ru\/produkt\/hauck-4w-universaalne-vihmakile-jalutuskarule\/#primaryimage"},"image":{"@id":"https:\/\/beebipood.ee\/ru\/produkt\/hauck-4w-universaalne-vihmakile-jalutuskarule\/#primaryimage"},"thumbnailUrl":"https:\/\/beebipood.ee\/wp-content\/uploads\/2016\/03\/Hauck-4W-universaalne-vihmakile-jalutuskarule-Beebivoodid-reisivoodid-hallid-Reisivoodid-Lastemoobel-ja-sisustus_1-b5c.jpg","datePublished":"2016-03-02T06:23:26+00:00","dateModified":"2025-01-09T08:50:24+00:00","description":"Hauck 4W universaalne vihmakile jalutusk\u00e4rule, Usaldusv&auml;&auml;rne kaitse vihma ja tuule eest.Hauck vihmakile p&uuml;sib kindlalt paigal kogu reis","breadcrumb":{"@id":"https:\/\/beebipood.ee\/ru\/produkt\/hauck-4w-universaalne-vihmakile-jalutuskarule\/#breadcrumb"},"inLanguage":"ru-RU","potentialAction":[{"@type":"ReadAction","target":["https:\/\/beebipood.ee\/ru\/produkt\/hauck-4w-universaalne-vihmakile-jalutuskarule\/"]}]},{"@type":"ImageObject","inLanguage":"ru-RU","@id":"https:\/\/beebipood.ee\/ru\/produkt\/hauck-4w-universaalne-vihmakile-jalutuskarule\/#primaryimage","url":"https:\/\/beebipood.ee\/wp-content\/uploads\/2016\/03\/Hauck-4W-universaalne-vihmakile-jalutuskarule-Beebivoodid-reisivoodid-hallid-Reisivoodid-Lastemoobel-ja-sisustus_1-b5c.jpg","contentUrl":"https:\/\/beebipood.ee\/wp-content\/uploads\/2016\/03\/Hauck-4W-universaalne-vihmakile-jalutuskarule-Beebivoodid-reisivoodid-hallid-Reisivoodid-Lastemoobel-ja-sisustus_1-b5c.jpg","width":1500,"height":1500},{"@type":"BreadcrumbList","@id":"https:\/\/beebipood.ee\/ru\/produkt\/hauck-4w-universaalne-vihmakile-jalutuskarule\/#breadcrumb","itemListElement":[{"@type":"ListItem","position":1,"name":"Home","item":"https:\/\/beebipood.ee\/ru\/"},{"@type":"ListItem","position":2,"name":"\u041a\u0430\u0442\u0430\u043b\u043e\u0433 \u0442\u043e\u0432\u0430\u0440\u043e\u0432","item":"https:\/\/beebipood.ee\/tooted\/"},{"@type":"ListItem","position":3,"name":"Hauck 4W universaalne vihmakile jalutusk\u00e4rule"}]},{"@type":"WebSite","@id":"https:\/\/beebipood.ee\/ru\/#website","url":"https:\/\/beebipood.ee\/ru\/","name":"Beebipood","description":"Lastekaubad, beebikaubad, m\u00e4nguasjad","publisher":{"@id":"https:\/\/beebipood.ee\/ru\/#organization"},"potentialAction":[{"@type":"SearchAction","target":{"@type":"EntryPoint","urlTemplate":"https:\/\/beebipood.ee\/ru\/?s={search_term_string}"},"query-input":{"@type":"PropertyValueSpecification","valueRequired":true,"valueName":"search_term_string"}}],"inLanguage":"ru-RU"},{"@type":"Organization","@id":"https:\/\/beebipood.ee\/ru\/#organization","name":"Beebipood","url":"https:\/\/beebipood.ee\/ru\/","logo":{"@type":"ImageObject","inLanguage":"ru-RU","@id":"https:\/\/beebipood.ee\/ru\/#\/schema\/logo\/image\/","url":"https:\/\/beebipood.ee\/wp-content\/uploads\/2025\/03\/beebipood.ee-logo-1.svg","contentUrl":"https:\/\/beebipood.ee\/wp-content\/uploads\/2025\/03\/beebipood.ee-logo-1.svg","caption":"Beebipood"},"image":{"@id":"https:\/\/beebipood.ee\/ru\/#\/schema\/logo\/image\/"}}]}},"brands":[{"id":11952,"name":"Hauck","slug":"hauck-ru"}],"_links":{"self":[{"href":"https:\/\/beebipood.ee\/ru\/wp-json\/wp\/v2\/product\/456660","targetHints":{"allow":["GET"]}}],"collection":[{"href":"https:\/\/beebipood.ee\/ru\/wp-json\/wp\/v2\/product"}],"about":[{"href":"https:\/\/beebipood.ee\/ru\/wp-json\/wp\/v2\/types\/product"}],"wp:featuredmedia":[{"embeddable":true,"href":"https:\/\/beebipood.ee\/ru\/wp-json\/wp\/v2\/media\/109434"}],"wp:attachment":[{"href":"https:\/\/beebipood.ee\/ru\/wp-json\/wp\/v2\/media?parent=456660"}],"wp:term":[{"taxonomy":"pwb-brand","embeddable":true,"href":"https:\/\/beebipood.ee\/ru\/wp-json\/wp\/v2\/pwb-brand?post=456660"},{"taxonomy":"product_brand","embeddable":true,"href":"https:\/\/beebipood.ee\/ru\/wp-json\/wp\/v2\/product_brand?post=456660"},{"taxonomy":"product_cat","embeddable":true,"href":"https:\/\/beebipood.ee\/ru\/wp-json\/wp\/v2\/product_cat?post=456660"},{"taxonomy":"product_tag","embeddable":true,"href":"https:\/\/beebipood.ee\/ru\/wp-json\/wp\/v2\/product_tag?post=456660"}],"curies":[{"name":"wp","href":"https:\/\/api.w.org\/{rel}","templated":true}]}}