{"id":456666,"date":"2016-03-10T09:34:25","date_gmt":"2016-03-10T07:34:25","guid":{"rendered":"https:\/\/beebipood.ee\/toode\/babybrezza-formula-pro-advanced-piimasegu-valmistaja-charcoal\/"},"modified":"2025-03-04T10:34:30","modified_gmt":"2025-03-04T08:34:30","slug":"babybrezza-formula-pro-advanced-piimasegu-valmistaja-charcoal","status":"publish","type":"product","link":"https:\/\/beebipood.ee\/ru\/produkt\/babybrezza-formula-pro-advanced-piimasegu-valmistaja-charcoal\/","title":{"rendered":"BabyBrezza Formula Pro Advanced piimasegu valmistaja, Charcoal"},"content":{"rendered":"<ul>\n<li>Lihtne piimasegu valmistamine &#8212; ei m\u00f5\u00f5tmist, keetmist ega segamist\u00a0<\/li>\n<li>Patendeeritud piimasegu kokkusegamise tehnoloogia &#8212; segab piimapulbri ja vee<br \/>ideaalselt kokku ilma \u00f5humullideta<\/li>\n<li>Kolm (3) temperatuuri seadet<\/li>\n<li>Saate valida kolme temperatuuriseade vahel (toatemperatuur, kehatemperatuur v\u00f5i kehatemperatuurist soojem)<\/li>\n<li>\u00d5hukindel piimapulbri hoiustamine &#8212; mahutab 700g piimapulbrit,<br \/>millest saab 20 pudeli (240ml) valmistada<\/li>\n<li>Digitaalne pulbrikoguse seadistamine, vajuta ainult nuppu<\/li>\n<li>Piimasegu valmistamine loetud sekunditega<\/li>\n<li>Piimasegu koguseid saab teha 60ml kuni 300ml (30 ml sammuga)<\/li>\n<li>Veeanum on n\u00f5udepesumasina kindel (puudub elektroonika)<\/li>\n<li>T\u00f6\u00f6tab k\u00f5igi tuntud piimapulbritega<\/li>\n<li>V\u00f5imaldab kasutada erinevates suurustes lutipudeleid<\/li>\n<li>Saab soojendada ka ainult vett<\/li>\n<li>BPA-vaba plastik<\/li>\n<li>Modernne v\u00e4limus<\/li>\n<li>Garantii: 2 aastat<\/li>\n<li>Kaal: 2,6kg<\/li>\n<li><span>Baby Brezza on tunnustatud auhindade v\u00e4\u00e4riline!<\/span><\/li>\n<\/ul>\n<p>EESTIKEELNE KASUTUSJUHEND:\u00a0<a href=\"https:\/\/cdn.shopify.com\/s\/files\/1\/1465\/2384\/files\/FPA_IM_ESTONIAN.pdf?48343&#038;fbclid=IwAR3Oamfv_br-GYQXNwxU8HY1qXdVw1762hfl7d2HRzAUGjMUDx04LoZIokw\">SIIN<\/a><br \/>VIDEO:\u00a0<a href=\"https:\/\/www.youtube.com\/watch?v=KVCJ-If5XSg\">https:\/\/www.youtube.com\/watch?v=KVCJ-If5XSg<br \/><\/a><\/p>\n<p>SEADED PIIMASEGUDELE LEIATE:\u00a0<a href=\"https:\/\/babybrezza.eu\/pages\/formula-pro-settings\">SIIN<\/a><\/p>\n","protected":false},"excerpt":{"rendered":"<p>Lihtne piimasegu valmistamine &#8212; ei m\u00f5\u00f5tmist, keetmist ega segamist\u00a0 Patendeeritud piimasegu kokkusegamise tehnoloogia &#8212; segab piimapulbri ja veeideaalselt kokku ilma \u00f5humullideta Kolm (3) temperatuuri seadet Saate valida kolme temperatuuriseade vahel (toatemperatuur, kehatemperatuur v\u00f5i kehatemperatuurist soojem) \u00d5hukindel piimapulbri hoiustamine &#8212; mahutab 700g piimapulbrit,millest saab 20 pudeli (240ml) valmistada Digitaalne pulbrikoguse seadistamine, vajuta ainult nuppu Piimasegu valmistamine [&hellip;]<\/p>\n","protected":false},"featured_media":401274,"template":"","meta":{"_acf_changed":false},"pwb-brand":[11967],"product_brand":[],"product_cat":[11573,11709,11883],"product_tag":[],"class_list":{"0":"post-456666","1":"product","2":"type-product","3":"status-publish","4":"has-post-thumbnail","6":"pwb-brand-baby-brezza-ru","7":"product_cat-sooduspakkumised-ru","8":"product_cat-sootmistoolid-beebi-ja-lastetarbed-mahkimine-hugieen-ru","9":"product_cat-toidu-valmistamine-ru","10":"pa_manufacturer-babybrezza-ru","12":"first","13":"onbackorder","14":"sale","15":"taxable","16":"shipping-taxable","17":"purchasable","18":"product-type-simple"},"exclude_global_add_ons":[],"addons":[],"acf":[],"yoast_head":"<!-- This site is optimized with the Yoast SEO plugin v27.1.1 - https:\/\/yoast.com\/product\/yoast-seo-wordpress\/ -->\n<title>BabyBrezza Formula Pro Advanced piimasegu valmistaja, Charcoal, \u0421\u041a\u0418\u0414\u041a\u0418, \u041d\u041e\u0412\u042b\u0415 \u0422\u041e\u0412\u0410\u0420\u042b, \u041f\u0440\u0438\u043d\u0430\u0434\u043b\u0435\u0436\u043d\u043e\u0441\u0442\u0438 \u0434\u043b\u044f \u043c\u043b\u0430\u0434\u0435\u043d\u0446\u0435\u0432, \u041f\u0440\u0438\u0433\u043e\u0442\u043e\u0432\u043b\u0435\u043d\u0438\u0435 , Beebipood<\/title>\n<meta name=\"description\" content=\"BabyBrezza Formula Pro Advanced piimasegu valmistaja, Charcoal, Lihtne piimasegu valmistamine - ei m&otilde;&otilde;tmist, keetmist ega segamist&nbsp;\" \/>\n<meta name=\"robots\" content=\"index, follow, max-snippet:-1, max-image-preview:large, max-video-preview:-1\" \/>\n<link rel=\"canonical\" href=\"https:\/\/beebipood.ee\/ru\/produkt\/babybrezza-formula-pro-advanced-piimasegu-valmistaja-charcoal\/\" \/>\n<meta property=\"og:locale\" content=\"ru_RU\" \/>\n<meta property=\"og:type\" content=\"article\" \/>\n<meta property=\"og:title\" content=\"BabyBrezza Formula Pro Advanced piimasegu valmistaja, Charcoal, \u0421\u041a\u0418\u0414\u041a\u0418, \u041d\u041e\u0412\u042b\u0415 \u0422\u041e\u0412\u0410\u0420\u042b, \u041f\u0440\u0438\u043d\u0430\u0434\u043b\u0435\u0436\u043d\u043e\u0441\u0442\u0438 \u0434\u043b\u044f \u043c\u043b\u0430\u0434\u0435\u043d\u0446\u0435\u0432, \u041f\u0440\u0438\u0433\u043e\u0442\u043e\u0432\u043b\u0435\u043d\u0438\u0435 , Beebipood\" \/>\n<meta property=\"og:description\" content=\"BabyBrezza Formula Pro Advanced piimasegu valmistaja, Charcoal, Lihtne piimasegu valmistamine - ei m&otilde;&otilde;tmist, keetmist ega segamist&nbsp;\" \/>\n<meta property=\"og:url\" content=\"https:\/\/beebipood.ee\/ru\/produkt\/babybrezza-formula-pro-advanced-piimasegu-valmistaja-charcoal\/\" \/>\n<meta property=\"og:site_name\" content=\"Beebipood\" \/>\n<meta property=\"article:modified_time\" content=\"2025-03-04T08:34:30+00:00\" \/>\n<meta property=\"og:image\" content=\"https:\/\/beebipood.ee\/wp-content\/uploads\/2016\/03\/BabyBrezza-Formula-Pro-Advanced-piimasegu-valmistaja-Charcoal-Aktiivne-tegevus-Manguasjad-Step2_3-3e1.jpg\" \/>\n\t<meta property=\"og:image:width\" content=\"1000\" \/>\n\t<meta property=\"og:image:height\" content=\"1000\" \/>\n\t<meta property=\"og:image:type\" content=\"image\/jpeg\" \/>\n<meta name=\"twitter:card\" content=\"summary_large_image\" \/>\n<meta name=\"twitter:label1\" content=\"\u041f\u0440\u0438\u043c\u0435\u0440\u043d\u043e\u0435 \u0432\u0440\u0435\u043c\u044f \u0434\u043b\u044f \u0447\u0442\u0435\u043d\u0438\u044f\" \/>\n\t<meta name=\"twitter:data1\" content=\"1 \u043c\u0438\u043d\u0443\u0442\u0430\" \/>\n<script type=\"application\/ld+json\" class=\"yoast-schema-graph\">{\"@context\":\"https:\/\/schema.org\",\"@graph\":[{\"@type\":\"WebPage\",\"@id\":\"https:\/\/beebipood.ee\/ru\/produkt\/babybrezza-formula-pro-advanced-piimasegu-valmistaja-charcoal\/\",\"url\":\"https:\/\/beebipood.ee\/ru\/produkt\/babybrezza-formula-pro-advanced-piimasegu-valmistaja-charcoal\/\",\"name\":\"BabyBrezza Formula Pro Advanced piimasegu valmistaja, Charcoal, \u0421\u041a\u0418\u0414\u041a\u0418, \u041d\u041e\u0412\u042b\u0415 \u0422\u041e\u0412\u0410\u0420\u042b, \u041f\u0440\u0438\u043d\u0430\u0434\u043b\u0435\u0436\u043d\u043e\u0441\u0442\u0438 \u0434\u043b\u044f \u043c\u043b\u0430\u0434\u0435\u043d\u0446\u0435\u0432, \u041f\u0440\u0438\u0433\u043e\u0442\u043e\u0432\u043b\u0435\u043d\u0438\u0435 , Beebipood\",\"isPartOf\":{\"@id\":\"https:\/\/beebipood.ee\/ru\/#website\"},\"primaryImageOfPage\":{\"@id\":\"https:\/\/beebipood.ee\/ru\/produkt\/babybrezza-formula-pro-advanced-piimasegu-valmistaja-charcoal\/#primaryimage\"},\"image\":{\"@id\":\"https:\/\/beebipood.ee\/ru\/produkt\/babybrezza-formula-pro-advanced-piimasegu-valmistaja-charcoal\/#primaryimage\"},\"thumbnailUrl\":\"https:\/\/beebipood.ee\/wp-content\/uploads\/2016\/03\/BabyBrezza-Formula-Pro-Advanced-piimasegu-valmistaja-Charcoal-Aktiivne-tegevus-Manguasjad-Step2_3-3e1.jpg\",\"datePublished\":\"2016-03-10T07:34:25+00:00\",\"dateModified\":\"2025-03-04T08:34:30+00:00\",\"description\":\"BabyBrezza Formula Pro Advanced piimasegu valmistaja, Charcoal, Lihtne piimasegu valmistamine - ei m&otilde;&otilde;tmist, keetmist ega segamist&nbsp;\",\"breadcrumb\":{\"@id\":\"https:\/\/beebipood.ee\/ru\/produkt\/babybrezza-formula-pro-advanced-piimasegu-valmistaja-charcoal\/#breadcrumb\"},\"inLanguage\":\"ru-RU\",\"potentialAction\":[{\"@type\":\"ReadAction\",\"target\":[\"https:\/\/beebipood.ee\/ru\/produkt\/babybrezza-formula-pro-advanced-piimasegu-valmistaja-charcoal\/\"]}]},{\"@type\":\"ImageObject\",\"inLanguage\":\"ru-RU\",\"@id\":\"https:\/\/beebipood.ee\/ru\/produkt\/babybrezza-formula-pro-advanced-piimasegu-valmistaja-charcoal\/#primaryimage\",\"url\":\"https:\/\/beebipood.ee\/wp-content\/uploads\/2016\/03\/BabyBrezza-Formula-Pro-Advanced-piimasegu-valmistaja-Charcoal-Aktiivne-tegevus-Manguasjad-Step2_3-3e1.jpg\",\"contentUrl\":\"https:\/\/beebipood.ee\/wp-content\/uploads\/2016\/03\/BabyBrezza-Formula-Pro-Advanced-piimasegu-valmistaja-Charcoal-Aktiivne-tegevus-Manguasjad-Step2_3-3e1.jpg\",\"width\":1000,\"height\":1000},{\"@type\":\"BreadcrumbList\",\"@id\":\"https:\/\/beebipood.ee\/ru\/produkt\/babybrezza-formula-pro-advanced-piimasegu-valmistaja-charcoal\/#breadcrumb\",\"itemListElement\":[{\"@type\":\"ListItem\",\"position\":1,\"name\":\"Home\",\"item\":\"https:\/\/beebipood.ee\/ru\/\"},{\"@type\":\"ListItem\",\"position\":2,\"name\":\"\u041a\u0430\u0442\u0430\u043b\u043e\u0433 \u0442\u043e\u0432\u0430\u0440\u043e\u0432\",\"item\":\"https:\/\/beebipood.ee\/tooted\/\"},{\"@type\":\"ListItem\",\"position\":3,\"name\":\"BabyBrezza Formula Pro Advanced piimasegu valmistaja, Charcoal\"}]},{\"@type\":\"WebSite\",\"@id\":\"https:\/\/beebipood.ee\/ru\/#website\",\"url\":\"https:\/\/beebipood.ee\/ru\/\",\"name\":\"Beebipood\",\"description\":\"Lastekaubad, beebikaubad, m\u00e4nguasjad\",\"publisher\":{\"@id\":\"https:\/\/beebipood.ee\/ru\/#organization\"},\"potentialAction\":[{\"@type\":\"SearchAction\",\"target\":{\"@type\":\"EntryPoint\",\"urlTemplate\":\"https:\/\/beebipood.ee\/ru\/?s={search_term_string}\"},\"query-input\":{\"@type\":\"PropertyValueSpecification\",\"valueRequired\":true,\"valueName\":\"search_term_string\"}}],\"inLanguage\":\"ru-RU\"},{\"@type\":\"Organization\",\"@id\":\"https:\/\/beebipood.ee\/ru\/#organization\",\"name\":\"Beebipood\",\"url\":\"https:\/\/beebipood.ee\/ru\/\",\"logo\":{\"@type\":\"ImageObject\",\"inLanguage\":\"ru-RU\",\"@id\":\"https:\/\/beebipood.ee\/ru\/#\/schema\/logo\/image\/\",\"url\":\"https:\/\/beebipood.ee\/wp-content\/uploads\/2025\/03\/beebipood.ee-logo-1.svg\",\"contentUrl\":\"https:\/\/beebipood.ee\/wp-content\/uploads\/2025\/03\/beebipood.ee-logo-1.svg\",\"caption\":\"Beebipood\"},\"image\":{\"@id\":\"https:\/\/beebipood.ee\/ru\/#\/schema\/logo\/image\/\"}}]}<\/script>\n<!-- \/ Yoast SEO plugin. -->","yoast_head_json":{"title":"BabyBrezza Formula Pro Advanced piimasegu valmistaja, Charcoal, \u0421\u041a\u0418\u0414\u041a\u0418, \u041d\u041e\u0412\u042b\u0415 \u0422\u041e\u0412\u0410\u0420\u042b, \u041f\u0440\u0438\u043d\u0430\u0434\u043b\u0435\u0436\u043d\u043e\u0441\u0442\u0438 \u0434\u043b\u044f \u043c\u043b\u0430\u0434\u0435\u043d\u0446\u0435\u0432, \u041f\u0440\u0438\u0433\u043e\u0442\u043e\u0432\u043b\u0435\u043d\u0438\u0435 , Beebipood","description":"BabyBrezza Formula Pro Advanced piimasegu valmistaja, Charcoal, Lihtne piimasegu valmistamine - ei m&otilde;&otilde;tmist, keetmist ega segamist&nbsp;","robots":{"index":"index","follow":"follow","max-snippet":"max-snippet:-1","max-image-preview":"max-image-preview:large","max-video-preview":"max-video-preview:-1"},"canonical":"https:\/\/beebipood.ee\/ru\/produkt\/babybrezza-formula-pro-advanced-piimasegu-valmistaja-charcoal\/","og_locale":"ru_RU","og_type":"article","og_title":"BabyBrezza Formula Pro Advanced piimasegu valmistaja, Charcoal, \u0421\u041a\u0418\u0414\u041a\u0418, \u041d\u041e\u0412\u042b\u0415 \u0422\u041e\u0412\u0410\u0420\u042b, \u041f\u0440\u0438\u043d\u0430\u0434\u043b\u0435\u0436\u043d\u043e\u0441\u0442\u0438 \u0434\u043b\u044f \u043c\u043b\u0430\u0434\u0435\u043d\u0446\u0435\u0432, \u041f\u0440\u0438\u0433\u043e\u0442\u043e\u0432\u043b\u0435\u043d\u0438\u0435 , Beebipood","og_description":"BabyBrezza Formula Pro Advanced piimasegu valmistaja, Charcoal, Lihtne piimasegu valmistamine - ei m&otilde;&otilde;tmist, keetmist ega segamist&nbsp;","og_url":"https:\/\/beebipood.ee\/ru\/produkt\/babybrezza-formula-pro-advanced-piimasegu-valmistaja-charcoal\/","og_site_name":"Beebipood","article_modified_time":"2025-03-04T08:34:30+00:00","og_image":[{"width":1000,"height":1000,"url":"https:\/\/beebipood.ee\/wp-content\/uploads\/2016\/03\/BabyBrezza-Formula-Pro-Advanced-piimasegu-valmistaja-Charcoal-Aktiivne-tegevus-Manguasjad-Step2_3-3e1.jpg","type":"image\/jpeg"}],"twitter_card":"summary_large_image","twitter_misc":{"\u041f\u0440\u0438\u043c\u0435\u0440\u043d\u043e\u0435 \u0432\u0440\u0435\u043c\u044f \u0434\u043b\u044f \u0447\u0442\u0435\u043d\u0438\u044f":"1 \u043c\u0438\u043d\u0443\u0442\u0430"},"schema":{"@context":"https:\/\/schema.org","@graph":[{"@type":"WebPage","@id":"https:\/\/beebipood.ee\/ru\/produkt\/babybrezza-formula-pro-advanced-piimasegu-valmistaja-charcoal\/","url":"https:\/\/beebipood.ee\/ru\/produkt\/babybrezza-formula-pro-advanced-piimasegu-valmistaja-charcoal\/","name":"BabyBrezza Formula Pro Advanced piimasegu valmistaja, Charcoal, \u0421\u041a\u0418\u0414\u041a\u0418, \u041d\u041e\u0412\u042b\u0415 \u0422\u041e\u0412\u0410\u0420\u042b, \u041f\u0440\u0438\u043d\u0430\u0434\u043b\u0435\u0436\u043d\u043e\u0441\u0442\u0438 \u0434\u043b\u044f \u043c\u043b\u0430\u0434\u0435\u043d\u0446\u0435\u0432, \u041f\u0440\u0438\u0433\u043e\u0442\u043e\u0432\u043b\u0435\u043d\u0438\u0435 , Beebipood","isPartOf":{"@id":"https:\/\/beebipood.ee\/ru\/#website"},"primaryImageOfPage":{"@id":"https:\/\/beebipood.ee\/ru\/produkt\/babybrezza-formula-pro-advanced-piimasegu-valmistaja-charcoal\/#primaryimage"},"image":{"@id":"https:\/\/beebipood.ee\/ru\/produkt\/babybrezza-formula-pro-advanced-piimasegu-valmistaja-charcoal\/#primaryimage"},"thumbnailUrl":"https:\/\/beebipood.ee\/wp-content\/uploads\/2016\/03\/BabyBrezza-Formula-Pro-Advanced-piimasegu-valmistaja-Charcoal-Aktiivne-tegevus-Manguasjad-Step2_3-3e1.jpg","datePublished":"2016-03-10T07:34:25+00:00","dateModified":"2025-03-04T08:34:30+00:00","description":"BabyBrezza Formula Pro Advanced piimasegu valmistaja, Charcoal, Lihtne piimasegu valmistamine - ei m&otilde;&otilde;tmist, keetmist ega segamist&nbsp;","breadcrumb":{"@id":"https:\/\/beebipood.ee\/ru\/produkt\/babybrezza-formula-pro-advanced-piimasegu-valmistaja-charcoal\/#breadcrumb"},"inLanguage":"ru-RU","potentialAction":[{"@type":"ReadAction","target":["https:\/\/beebipood.ee\/ru\/produkt\/babybrezza-formula-pro-advanced-piimasegu-valmistaja-charcoal\/"]}]},{"@type":"ImageObject","inLanguage":"ru-RU","@id":"https:\/\/beebipood.ee\/ru\/produkt\/babybrezza-formula-pro-advanced-piimasegu-valmistaja-charcoal\/#primaryimage","url":"https:\/\/beebipood.ee\/wp-content\/uploads\/2016\/03\/BabyBrezza-Formula-Pro-Advanced-piimasegu-valmistaja-Charcoal-Aktiivne-tegevus-Manguasjad-Step2_3-3e1.jpg","contentUrl":"https:\/\/beebipood.ee\/wp-content\/uploads\/2016\/03\/BabyBrezza-Formula-Pro-Advanced-piimasegu-valmistaja-Charcoal-Aktiivne-tegevus-Manguasjad-Step2_3-3e1.jpg","width":1000,"height":1000},{"@type":"BreadcrumbList","@id":"https:\/\/beebipood.ee\/ru\/produkt\/babybrezza-formula-pro-advanced-piimasegu-valmistaja-charcoal\/#breadcrumb","itemListElement":[{"@type":"ListItem","position":1,"name":"Home","item":"https:\/\/beebipood.ee\/ru\/"},{"@type":"ListItem","position":2,"name":"\u041a\u0430\u0442\u0430\u043b\u043e\u0433 \u0442\u043e\u0432\u0430\u0440\u043e\u0432","item":"https:\/\/beebipood.ee\/tooted\/"},{"@type":"ListItem","position":3,"name":"BabyBrezza Formula Pro Advanced piimasegu valmistaja, Charcoal"}]},{"@type":"WebSite","@id":"https:\/\/beebipood.ee\/ru\/#website","url":"https:\/\/beebipood.ee\/ru\/","name":"Beebipood","description":"Lastekaubad, beebikaubad, m\u00e4nguasjad","publisher":{"@id":"https:\/\/beebipood.ee\/ru\/#organization"},"potentialAction":[{"@type":"SearchAction","target":{"@type":"EntryPoint","urlTemplate":"https:\/\/beebipood.ee\/ru\/?s={search_term_string}"},"query-input":{"@type":"PropertyValueSpecification","valueRequired":true,"valueName":"search_term_string"}}],"inLanguage":"ru-RU"},{"@type":"Organization","@id":"https:\/\/beebipood.ee\/ru\/#organization","name":"Beebipood","url":"https:\/\/beebipood.ee\/ru\/","logo":{"@type":"ImageObject","inLanguage":"ru-RU","@id":"https:\/\/beebipood.ee\/ru\/#\/schema\/logo\/image\/","url":"https:\/\/beebipood.ee\/wp-content\/uploads\/2025\/03\/beebipood.ee-logo-1.svg","contentUrl":"https:\/\/beebipood.ee\/wp-content\/uploads\/2025\/03\/beebipood.ee-logo-1.svg","caption":"Beebipood"},"image":{"@id":"https:\/\/beebipood.ee\/ru\/#\/schema\/logo\/image\/"}}]}},"brands":[{"id":11967,"name":"Baby Brezza","slug":"baby-brezza-ru"}],"_links":{"self":[{"href":"https:\/\/beebipood.ee\/ru\/wp-json\/wp\/v2\/product\/456666","targetHints":{"allow":["GET"]}}],"collection":[{"href":"https:\/\/beebipood.ee\/ru\/wp-json\/wp\/v2\/product"}],"about":[{"href":"https:\/\/beebipood.ee\/ru\/wp-json\/wp\/v2\/types\/product"}],"wp:featuredmedia":[{"embeddable":true,"href":"https:\/\/beebipood.ee\/ru\/wp-json\/wp\/v2\/media\/401274"}],"wp:attachment":[{"href":"https:\/\/beebipood.ee\/ru\/wp-json\/wp\/v2\/media?parent=456666"}],"wp:term":[{"taxonomy":"pwb-brand","embeddable":true,"href":"https:\/\/beebipood.ee\/ru\/wp-json\/wp\/v2\/pwb-brand?post=456666"},{"taxonomy":"product_brand","embeddable":true,"href":"https:\/\/beebipood.ee\/ru\/wp-json\/wp\/v2\/product_brand?post=456666"},{"taxonomy":"product_cat","embeddable":true,"href":"https:\/\/beebipood.ee\/ru\/wp-json\/wp\/v2\/product_cat?post=456666"},{"taxonomy":"product_tag","embeddable":true,"href":"https:\/\/beebipood.ee\/ru\/wp-json\/wp\/v2\/product_tag?post=456666"}],"curies":[{"name":"wp","href":"https:\/\/api.w.org\/{rel}","templated":true}]}}