{"id":456672,"date":"2016-03-21T10:29:47","date_gmt":"2016-03-21T08:29:47","guid":{"rendered":"https:\/\/beebipood.ee\/toode\/besafe-pregnant-raseda-turvavoo-suunaja\/"},"modified":"2026-02-21T15:14:23","modified_gmt":"2026-02-21T13:14:23","slug":"besafe-pregnant-raseda-turvavoo-suunaja","status":"publish","type":"product","link":"https:\/\/beebipood.ee\/ru\/produkt\/besafe-pregnant-raseda-turvavoo-suunaja\/","title":{"rendered":"BeSafe Pregnant raseda turvav\u00f6\u00f6 suunaja"},"content":{"rendered":"<h2 data-start=\"75\" data-end=\"160\">BeSafe Pregnant turvav\u00f6\u00f6 suunaja \u2013 turvalisem ja mugavam autos\u00f5it lapseootel emale<\/h2>\n<p data-start=\"162\" data-end=\"402\"><strong data-start=\"162\" data-end=\"229\"><span class=\"hover:entity-accent entity-underline inline cursor-pointer align-baseline\"><span class=\"whitespace-normal\">BeSafe<\/span><\/span> Pregnant turvav\u00f6\u00f6 suunaja<\/strong> aitab hoida auto turvav\u00f6\u00f6 \u00f5igesti paigutatuna raseduse ajal \u2013 madalal puusadel, mitte kasvava k\u00f5hu peal. Nii on autos\u00f5it turvalisem ja mugavam nii emale kui ka k\u00f5hubeebile.<\/p>\n<hr data-start=\"404\" data-end=\"407\" \/>\n<h3 data-start=\"409\" data-end=\"433\">Turvalisus ennek\u00f5ike<\/h3>\n<p data-start=\"435\" data-end=\"574\">Avarii korral suureneb keha m\u00f5juv j\u00f5ud mitmekordselt. Kui turvav\u00f6\u00f6 asub k\u00f5hu peal, v\u00f5ib surve kanduda otse lapsele. Turvav\u00f6\u00f6 suunaja aitab:<\/p>\n<ul data-start=\"575\" data-end=\"726\">\n<li data-start=\"575\" data-end=\"626\">\n<p data-start=\"577\" data-end=\"626\">hoida turvav\u00f6\u00f6 alumise osa \u00f5igel kohal puusadel<\/p>\n<\/li>\n<li data-start=\"627\" data-end=\"671\">\n<p data-start=\"629\" data-end=\"671\">v\u00e4hendada vigastuste riski avarii korral<\/p>\n<\/li>\n<li data-start=\"672\" data-end=\"726\">\n<p data-start=\"674\" data-end=\"726\">s\u00e4ilitada auto turvas\u00fcsteemide loomuliku toimimise<\/p>\n<\/li>\n<\/ul>\n<p data-start=\"728\" data-end=\"786\">Toode on testitud vastavalt <strong data-start=\"756\" data-end=\"785\">ECE R16 ohutusstandardile<\/strong>.<\/p>\n<hr data-start=\"788\" data-end=\"791\" \/>\n<h3 data-start=\"793\" data-end=\"828\">Mugav igap\u00e4evaseks kasutamiseks<\/h3>\n<p data-start=\"830\" data-end=\"899\">Lisaks turvalisusele muudab suunaja autos\u00f5idu m\u00e4rgatavalt mugavamaks:<\/p>\n<ul data-start=\"900\" data-end=\"1050\">\n<li data-start=\"900\" data-end=\"946\">\n<p data-start=\"902\" data-end=\"946\">v\u00e4ldib turvav\u00f6\u00f6 ebameeldivat survet k\u00f5hule<\/p>\n<\/li>\n<li data-start=\"947\" data-end=\"997\">\n<p data-start=\"949\" data-end=\"997\">aitab v\u00f6\u00f6l p\u00fcsida paigal ka pikematel s\u00f5itudel<\/p>\n<\/li>\n<li data-start=\"998\" data-end=\"1050\">\n<p data-start=\"1000\" data-end=\"1050\">sobib kasutamiseks juba alates raseduse 2. kuust<\/p>\n<\/li>\n<\/ul>\n<hr data-start=\"1052\" data-end=\"1055\" \/>\n<h3 data-start=\"1057\" data-end=\"1078\">Lihtne paigaldada<\/h3>\n<p data-start=\"1080\" data-end=\"1208\">Turvav\u00f6\u00f6 suunaja kinnitatakse autoistme k\u00fclge spetsiaalse rihmaga ning seda kasutatakse alati koos auto <strong data-start=\"1184\" data-end=\"1207\">3-punkti turvav\u00f6\u00f6ga<\/strong>.<\/p>\n<p data-start=\"1210\" data-end=\"1370\">\u26a0\ufe0f Oluline: toodet ei tohi kasutada iseseisvalt ilma turvav\u00f6\u00f6ta.<br data-start=\"1274\" data-end=\"1277\" \/>P\u00e4rast avariid tuleb suunaja kindlasti v\u00e4lja vahetada, isegi kui n\u00e4htavaid kahjustusi ei ole.<\/p>\n<hr data-start=\"1372\" data-end=\"1375\" \/>\n<h3 data-start=\"1377\" data-end=\"1401\">Materjalid ja ohutus<\/h3>\n<ul data-start=\"1403\" data-end=\"1515\">\n<li data-start=\"1403\" data-end=\"1437\">\n<p data-start=\"1405\" data-end=\"1437\">Pealismaterjal: 100% pol\u00fcester<\/p>\n<\/li>\n<li data-start=\"1438\" data-end=\"1463\">\n<p data-start=\"1440\" data-end=\"1463\">Sisu: pol\u00fcuretaanvaht<\/p>\n<\/li>\n<li data-start=\"1464\" data-end=\"1515\">\n<p data-start=\"1466\" data-end=\"1515\">K\u00f5ik materjalid vastavad <strong data-start=\"1491\" data-end=\"1515\">REACH ohutusn\u00f5uetele<\/strong><\/p>\n<\/li>\n<\/ul>\n<hr data-start=\"1517\" data-end=\"1520\" \/>\n<h3 data-start=\"1522\" data-end=\"1540\">Hooldusjuhised<\/h3>\n<ul data-start=\"1542\" data-end=\"1701\">\n<li data-start=\"1542\" data-end=\"1554\">\n<p data-start=\"1544\" data-end=\"1554\">k\u00e4sipesu<\/p>\n<\/li>\n<li data-start=\"1555\" data-end=\"1575\">\n<p data-start=\"1557\" data-end=\"1575\">mitte pleegitada<\/p>\n<\/li>\n<li data-start=\"1576\" data-end=\"1594\">\n<p data-start=\"1578\" data-end=\"1594\">mitte triikida<\/p>\n<\/li>\n<li data-start=\"1595\" data-end=\"1639\">\n<p data-start=\"1597\" data-end=\"1639\">mitte trummelkuivatada ega kuivpuhastada<\/p>\n<\/li>\n<li data-start=\"1640\" data-end=\"1701\">\n<p data-start=\"1642\" data-end=\"1701\">kuivatada tasasel pinnal, eemal otsesest p\u00e4ikesevalgusest<\/p>\n<\/li>\n<\/ul>\n<hr data-start=\"1703\" data-end=\"1706\" \/>\n<p data-start=\"1708\" data-end=\"1958\">BeSafe Pregnant turvav\u00f6\u00f6 suunaja on lihtne, kuid v\u00e4ga oluline abivahend, mis aitab lapseootel emal autos turvaliselt ja mugavalt reisida kogu raseduse v\u00e4ltel. Ideaalne valik igap\u00e4evaseks kasutamiseks \u2013 t\u00f6\u00f6le, arsti juurde v\u00f5i perega reisile s\u00f5ites.<\/p>\n","protected":false},"excerpt":{"rendered":"<p>BeSafe Pregnant turvav\u00f6\u00f6 suunaja \u2013 turvalisem ja mugavam autos\u00f5it lapseootel emale BeSafe Pregnant turvav\u00f6\u00f6 suunaja aitab hoida auto turvav\u00f6\u00f6 \u00f5igesti paigutatuna raseduse ajal \u2013 madalal puusadel, mitte kasvava k\u00f5hu peal. Nii on autos\u00f5it turvalisem ja mugavam nii emale kui ka k\u00f5hubeebile. Turvalisus ennek\u00f5ike Avarii korral suureneb keha m\u00f5juv j\u00f5ud mitmekordselt. Kui turvav\u00f6\u00f6 asub k\u00f5hu peal, [&hellip;]<\/p>\n","protected":false},"featured_media":109935,"template":"","meta":{"_acf_changed":false},"pwb-brand":[11956],"product_brand":[],"product_cat":[11717],"product_tag":[],"class_list":{"0":"post-456672","1":"product","2":"type-product","3":"status-publish","4":"has-post-thumbnail","6":"pwb-brand-besafe-ru","7":"product_cat-lastevankrid-ja-karud-ru","8":"pa_manufacturer-besafe-ru","10":"first","11":"onbackorder","12":"taxable","13":"shipping-taxable","14":"purchasable","15":"product-type-simple"},"exclude_global_add_ons":[],"addons":[],"acf":[],"yoast_head":"<!-- This site is optimized with the Yoast SEO plugin v27.1.1 - https:\/\/yoast.com\/product\/yoast-seo-wordpress\/ -->\n<title>BeSafe Pregnant raseda turvav\u00f6\u00f6 suunaja, \u041a\u043e\u043b\u044f\u0441\u043a\u0438, Beebipood<\/title>\n<meta name=\"description\" content=\"BeSafe Pregnant raseda turvav\u00f6\u00f6 suunaja, Autos\u00f5it tavalise turvav\u00f6\u00f6ga v\u00f5ib olla \u00e4\u00e4rmiselt ebamugav, kui alumine v\u00f6&amp;o\" \/>\n<meta name=\"robots\" content=\"index, follow, max-snippet:-1, max-image-preview:large, max-video-preview:-1\" \/>\n<link rel=\"canonical\" href=\"https:\/\/beebipood.ee\/ru\/produkt\/besafe-pregnant-raseda-turvavoo-suunaja\/\" \/>\n<meta property=\"og:locale\" content=\"ru_RU\" \/>\n<meta property=\"og:type\" content=\"article\" \/>\n<meta property=\"og:title\" content=\"BeSafe Pregnant raseda turvav\u00f6\u00f6 suunaja, \u041a\u043e\u043b\u044f\u0441\u043a\u0438, Beebipood\" \/>\n<meta property=\"og:description\" content=\"BeSafe Pregnant raseda turvav\u00f6\u00f6 suunaja, Autos\u00f5it tavalise turvav\u00f6\u00f6ga v\u00f5ib olla \u00e4\u00e4rmiselt ebamugav, kui alumine v\u00f6&amp;o\" \/>\n<meta property=\"og:url\" content=\"https:\/\/beebipood.ee\/ru\/produkt\/besafe-pregnant-raseda-turvavoo-suunaja\/\" \/>\n<meta property=\"og:site_name\" content=\"Beebipood\" \/>\n<meta property=\"article:modified_time\" content=\"2026-02-21T13:14:23+00:00\" \/>\n<meta property=\"og:image\" content=\"https:\/\/beebipood.ee\/wp-content\/uploads\/2016\/03\/BeSafe-Pregnant-raseda-turvavoo-suunaja-UUED-TOOTED-Lastevankrid-ja-karud_3-9cf.jpg\" \/>\n\t<meta property=\"og:image:width\" content=\"600\" \/>\n\t<meta property=\"og:image:height\" content=\"600\" \/>\n\t<meta property=\"og:image:type\" content=\"image\/jpeg\" \/>\n<meta name=\"twitter:card\" content=\"summary_large_image\" \/>\n<meta name=\"twitter:label1\" content=\"\u041f\u0440\u0438\u043c\u0435\u0440\u043d\u043e\u0435 \u0432\u0440\u0435\u043c\u044f \u0434\u043b\u044f \u0447\u0442\u0435\u043d\u0438\u044f\" \/>\n\t<meta name=\"twitter:data1\" content=\"2 \u043c\u0438\u043d\u0443\u0442\u044b\" \/>\n<script type=\"application\/ld+json\" class=\"yoast-schema-graph\">{\"@context\":\"https:\/\/schema.org\",\"@graph\":[{\"@type\":\"WebPage\",\"@id\":\"https:\/\/beebipood.ee\/ru\/produkt\/besafe-pregnant-raseda-turvavoo-suunaja\/\",\"url\":\"https:\/\/beebipood.ee\/ru\/produkt\/besafe-pregnant-raseda-turvavoo-suunaja\/\",\"name\":\"BeSafe Pregnant raseda turvav\u00f6\u00f6 suunaja, \u041a\u043e\u043b\u044f\u0441\u043a\u0438, Beebipood\",\"isPartOf\":{\"@id\":\"https:\/\/beebipood.ee\/ru\/#website\"},\"primaryImageOfPage\":{\"@id\":\"https:\/\/beebipood.ee\/ru\/produkt\/besafe-pregnant-raseda-turvavoo-suunaja\/#primaryimage\"},\"image\":{\"@id\":\"https:\/\/beebipood.ee\/ru\/produkt\/besafe-pregnant-raseda-turvavoo-suunaja\/#primaryimage\"},\"thumbnailUrl\":\"https:\/\/beebipood.ee\/wp-content\/uploads\/2016\/03\/BeSafe-Pregnant-raseda-turvavoo-suunaja-UUED-TOOTED-Lastevankrid-ja-karud_3-9cf.jpg\",\"datePublished\":\"2016-03-21T08:29:47+00:00\",\"dateModified\":\"2026-02-21T13:14:23+00:00\",\"description\":\"BeSafe Pregnant raseda turvav\u00f6\u00f6 suunaja, Autos\u00f5it tavalise turvav\u00f6\u00f6ga v\u00f5ib olla \u00e4\u00e4rmiselt ebamugav, kui alumine v\u00f6&o\",\"breadcrumb\":{\"@id\":\"https:\/\/beebipood.ee\/ru\/produkt\/besafe-pregnant-raseda-turvavoo-suunaja\/#breadcrumb\"},\"inLanguage\":\"ru-RU\",\"potentialAction\":[{\"@type\":\"ReadAction\",\"target\":[\"https:\/\/beebipood.ee\/ru\/produkt\/besafe-pregnant-raseda-turvavoo-suunaja\/\"]}]},{\"@type\":\"ImageObject\",\"inLanguage\":\"ru-RU\",\"@id\":\"https:\/\/beebipood.ee\/ru\/produkt\/besafe-pregnant-raseda-turvavoo-suunaja\/#primaryimage\",\"url\":\"https:\/\/beebipood.ee\/wp-content\/uploads\/2016\/03\/BeSafe-Pregnant-raseda-turvavoo-suunaja-UUED-TOOTED-Lastevankrid-ja-karud_3-9cf.jpg\",\"contentUrl\":\"https:\/\/beebipood.ee\/wp-content\/uploads\/2016\/03\/BeSafe-Pregnant-raseda-turvavoo-suunaja-UUED-TOOTED-Lastevankrid-ja-karud_3-9cf.jpg\",\"width\":600,\"height\":600},{\"@type\":\"BreadcrumbList\",\"@id\":\"https:\/\/beebipood.ee\/ru\/produkt\/besafe-pregnant-raseda-turvavoo-suunaja\/#breadcrumb\",\"itemListElement\":[{\"@type\":\"ListItem\",\"position\":1,\"name\":\"Home\",\"item\":\"https:\/\/beebipood.ee\/ru\/\"},{\"@type\":\"ListItem\",\"position\":2,\"name\":\"\u041a\u0430\u0442\u0430\u043b\u043e\u0433 \u0442\u043e\u0432\u0430\u0440\u043e\u0432\",\"item\":\"https:\/\/beebipood.ee\/tooted\/\"},{\"@type\":\"ListItem\",\"position\":3,\"name\":\"BeSafe Pregnant raseda turvav\u00f6\u00f6 suunaja\"}]},{\"@type\":\"WebSite\",\"@id\":\"https:\/\/beebipood.ee\/ru\/#website\",\"url\":\"https:\/\/beebipood.ee\/ru\/\",\"name\":\"Beebipood\",\"description\":\"Lastekaubad, beebikaubad, m\u00e4nguasjad\",\"publisher\":{\"@id\":\"https:\/\/beebipood.ee\/ru\/#organization\"},\"potentialAction\":[{\"@type\":\"SearchAction\",\"target\":{\"@type\":\"EntryPoint\",\"urlTemplate\":\"https:\/\/beebipood.ee\/ru\/?s={search_term_string}\"},\"query-input\":{\"@type\":\"PropertyValueSpecification\",\"valueRequired\":true,\"valueName\":\"search_term_string\"}}],\"inLanguage\":\"ru-RU\"},{\"@type\":\"Organization\",\"@id\":\"https:\/\/beebipood.ee\/ru\/#organization\",\"name\":\"Beebipood\",\"url\":\"https:\/\/beebipood.ee\/ru\/\",\"logo\":{\"@type\":\"ImageObject\",\"inLanguage\":\"ru-RU\",\"@id\":\"https:\/\/beebipood.ee\/ru\/#\/schema\/logo\/image\/\",\"url\":\"https:\/\/beebipood.ee\/wp-content\/uploads\/2025\/03\/beebipood.ee-logo-1.svg\",\"contentUrl\":\"https:\/\/beebipood.ee\/wp-content\/uploads\/2025\/03\/beebipood.ee-logo-1.svg\",\"caption\":\"Beebipood\"},\"image\":{\"@id\":\"https:\/\/beebipood.ee\/ru\/#\/schema\/logo\/image\/\"}}]}<\/script>\n<!-- \/ Yoast SEO plugin. -->","yoast_head_json":{"title":"BeSafe Pregnant raseda turvav\u00f6\u00f6 suunaja, \u041a\u043e\u043b\u044f\u0441\u043a\u0438, Beebipood","description":"BeSafe Pregnant raseda turvav\u00f6\u00f6 suunaja, Autos\u00f5it tavalise turvav\u00f6\u00f6ga v\u00f5ib olla \u00e4\u00e4rmiselt ebamugav, kui alumine v\u00f6&o","robots":{"index":"index","follow":"follow","max-snippet":"max-snippet:-1","max-image-preview":"max-image-preview:large","max-video-preview":"max-video-preview:-1"},"canonical":"https:\/\/beebipood.ee\/ru\/produkt\/besafe-pregnant-raseda-turvavoo-suunaja\/","og_locale":"ru_RU","og_type":"article","og_title":"BeSafe Pregnant raseda turvav\u00f6\u00f6 suunaja, \u041a\u043e\u043b\u044f\u0441\u043a\u0438, Beebipood","og_description":"BeSafe Pregnant raseda turvav\u00f6\u00f6 suunaja, Autos\u00f5it tavalise turvav\u00f6\u00f6ga v\u00f5ib olla \u00e4\u00e4rmiselt ebamugav, kui alumine v\u00f6&o","og_url":"https:\/\/beebipood.ee\/ru\/produkt\/besafe-pregnant-raseda-turvavoo-suunaja\/","og_site_name":"Beebipood","article_modified_time":"2026-02-21T13:14:23+00:00","og_image":[{"width":600,"height":600,"url":"https:\/\/beebipood.ee\/wp-content\/uploads\/2016\/03\/BeSafe-Pregnant-raseda-turvavoo-suunaja-UUED-TOOTED-Lastevankrid-ja-karud_3-9cf.jpg","type":"image\/jpeg"}],"twitter_card":"summary_large_image","twitter_misc":{"\u041f\u0440\u0438\u043c\u0435\u0440\u043d\u043e\u0435 \u0432\u0440\u0435\u043c\u044f \u0434\u043b\u044f \u0447\u0442\u0435\u043d\u0438\u044f":"2 \u043c\u0438\u043d\u0443\u0442\u044b"},"schema":{"@context":"https:\/\/schema.org","@graph":[{"@type":"WebPage","@id":"https:\/\/beebipood.ee\/ru\/produkt\/besafe-pregnant-raseda-turvavoo-suunaja\/","url":"https:\/\/beebipood.ee\/ru\/produkt\/besafe-pregnant-raseda-turvavoo-suunaja\/","name":"BeSafe Pregnant raseda turvav\u00f6\u00f6 suunaja, \u041a\u043e\u043b\u044f\u0441\u043a\u0438, Beebipood","isPartOf":{"@id":"https:\/\/beebipood.ee\/ru\/#website"},"primaryImageOfPage":{"@id":"https:\/\/beebipood.ee\/ru\/produkt\/besafe-pregnant-raseda-turvavoo-suunaja\/#primaryimage"},"image":{"@id":"https:\/\/beebipood.ee\/ru\/produkt\/besafe-pregnant-raseda-turvavoo-suunaja\/#primaryimage"},"thumbnailUrl":"https:\/\/beebipood.ee\/wp-content\/uploads\/2016\/03\/BeSafe-Pregnant-raseda-turvavoo-suunaja-UUED-TOOTED-Lastevankrid-ja-karud_3-9cf.jpg","datePublished":"2016-03-21T08:29:47+00:00","dateModified":"2026-02-21T13:14:23+00:00","description":"BeSafe Pregnant raseda turvav\u00f6\u00f6 suunaja, Autos\u00f5it tavalise turvav\u00f6\u00f6ga v\u00f5ib olla \u00e4\u00e4rmiselt ebamugav, kui alumine v\u00f6&o","breadcrumb":{"@id":"https:\/\/beebipood.ee\/ru\/produkt\/besafe-pregnant-raseda-turvavoo-suunaja\/#breadcrumb"},"inLanguage":"ru-RU","potentialAction":[{"@type":"ReadAction","target":["https:\/\/beebipood.ee\/ru\/produkt\/besafe-pregnant-raseda-turvavoo-suunaja\/"]}]},{"@type":"ImageObject","inLanguage":"ru-RU","@id":"https:\/\/beebipood.ee\/ru\/produkt\/besafe-pregnant-raseda-turvavoo-suunaja\/#primaryimage","url":"https:\/\/beebipood.ee\/wp-content\/uploads\/2016\/03\/BeSafe-Pregnant-raseda-turvavoo-suunaja-UUED-TOOTED-Lastevankrid-ja-karud_3-9cf.jpg","contentUrl":"https:\/\/beebipood.ee\/wp-content\/uploads\/2016\/03\/BeSafe-Pregnant-raseda-turvavoo-suunaja-UUED-TOOTED-Lastevankrid-ja-karud_3-9cf.jpg","width":600,"height":600},{"@type":"BreadcrumbList","@id":"https:\/\/beebipood.ee\/ru\/produkt\/besafe-pregnant-raseda-turvavoo-suunaja\/#breadcrumb","itemListElement":[{"@type":"ListItem","position":1,"name":"Home","item":"https:\/\/beebipood.ee\/ru\/"},{"@type":"ListItem","position":2,"name":"\u041a\u0430\u0442\u0430\u043b\u043e\u0433 \u0442\u043e\u0432\u0430\u0440\u043e\u0432","item":"https:\/\/beebipood.ee\/tooted\/"},{"@type":"ListItem","position":3,"name":"BeSafe Pregnant raseda turvav\u00f6\u00f6 suunaja"}]},{"@type":"WebSite","@id":"https:\/\/beebipood.ee\/ru\/#website","url":"https:\/\/beebipood.ee\/ru\/","name":"Beebipood","description":"Lastekaubad, beebikaubad, m\u00e4nguasjad","publisher":{"@id":"https:\/\/beebipood.ee\/ru\/#organization"},"potentialAction":[{"@type":"SearchAction","target":{"@type":"EntryPoint","urlTemplate":"https:\/\/beebipood.ee\/ru\/?s={search_term_string}"},"query-input":{"@type":"PropertyValueSpecification","valueRequired":true,"valueName":"search_term_string"}}],"inLanguage":"ru-RU"},{"@type":"Organization","@id":"https:\/\/beebipood.ee\/ru\/#organization","name":"Beebipood","url":"https:\/\/beebipood.ee\/ru\/","logo":{"@type":"ImageObject","inLanguage":"ru-RU","@id":"https:\/\/beebipood.ee\/ru\/#\/schema\/logo\/image\/","url":"https:\/\/beebipood.ee\/wp-content\/uploads\/2025\/03\/beebipood.ee-logo-1.svg","contentUrl":"https:\/\/beebipood.ee\/wp-content\/uploads\/2025\/03\/beebipood.ee-logo-1.svg","caption":"Beebipood"},"image":{"@id":"https:\/\/beebipood.ee\/ru\/#\/schema\/logo\/image\/"}}]}},"brands":[{"id":11956,"name":"BeSafe","slug":"besafe-ru"}],"_links":{"self":[{"href":"https:\/\/beebipood.ee\/ru\/wp-json\/wp\/v2\/product\/456672","targetHints":{"allow":["GET"]}}],"collection":[{"href":"https:\/\/beebipood.ee\/ru\/wp-json\/wp\/v2\/product"}],"about":[{"href":"https:\/\/beebipood.ee\/ru\/wp-json\/wp\/v2\/types\/product"}],"wp:featuredmedia":[{"embeddable":true,"href":"https:\/\/beebipood.ee\/ru\/wp-json\/wp\/v2\/media\/109935"}],"wp:attachment":[{"href":"https:\/\/beebipood.ee\/ru\/wp-json\/wp\/v2\/media?parent=456672"}],"wp:term":[{"taxonomy":"pwb-brand","embeddable":true,"href":"https:\/\/beebipood.ee\/ru\/wp-json\/wp\/v2\/pwb-brand?post=456672"},{"taxonomy":"product_brand","embeddable":true,"href":"https:\/\/beebipood.ee\/ru\/wp-json\/wp\/v2\/product_brand?post=456672"},{"taxonomy":"product_cat","embeddable":true,"href":"https:\/\/beebipood.ee\/ru\/wp-json\/wp\/v2\/product_cat?post=456672"},{"taxonomy":"product_tag","embeddable":true,"href":"https:\/\/beebipood.ee\/ru\/wp-json\/wp\/v2\/product_tag?post=456672"}],"curies":[{"name":"wp","href":"https:\/\/api.w.org\/{rel}","templated":true}]}}