{"id":456678,"date":"2016-03-22T06:02:13","date_gmt":"2016-03-22T04:02:13","guid":{"rendered":"https:\/\/beebipood.ee\/toode\/besafe-stretch-turvatool-anthracite-mesh\/"},"modified":"2025-01-09T10:50:23","modified_gmt":"2025-01-09T08:50:23","slug":"besafe-stretch-turvatool-anthracite-mesh","status":"publish","type":"product","link":"https:\/\/beebipood.ee\/ru\/produkt\/besafe-stretch-turvatool-anthracite-mesh\/","title":{"rendered":"BeSafe Stretch turvatool, Anthracite Mesh"},"content":{"rendered":"<p>BeSafe Stretch<br \/>BeSafe k\u00f5ige turvalisem tool vanusele 6 kuud kuni 7 aastat. <br \/>Seljaga s\u00f5idusuunas veelgi kauem. <br \/>Kasvab koos lapsega kuni 125cm ning kuni 36kg. <br \/>Parim jalaruum, kuni 26cm, mis on mugav isegi 7 aastasele. <br \/>Unikaalne uus turvakontseptsioon, v\u00e4limine raam v\u00f5tab vastu kokkup\u00f5rkej\u00f5u. <br \/>Lisaks on toolil v\u00e4ga j\u00e4ik seljaosa mis hoiab avarii korral lapse asendi stabiilsena. <br \/>Lihtne paigaldus turvav\u00f6\u00f6ga v\u00f5imaldab tooli kasutada igal istmel, <br \/>kaasa arvatud tagumisel keskmisel istmel ning esiistmel. <br \/>Uued nutikad lahendused teevad paigaldamise lihtsamaks kui kunagi varem.<br \/>Lisaks pikale kasutuseale on ka tooli eluiga pikem kui \u00fchelgi teisel toolil. <br \/>Parimad uued materjalid teevad v\u00f5imalikuks tooli kasutuda kuni 15 aastat, <br \/>nii hoolime ka loodusest ning oma laste tulevikust.<br \/><span style=\"text-decoration: underline;\"><br \/>Tehniline info<\/span><br \/>Kasutatav lapsel pikkusega 61-125cm. Maksimaalne kaal kuni 36kg.<br \/>Vanusele ca 6 kuud &#8212; 7aastat.<br \/>Reguleeritav kaldeasend p\u00e4rast paigaldust.<\/p>\n","protected":false},"excerpt":{"rendered":"<p>BeSafe StretchBeSafe k\u00f5ige turvalisem tool vanusele 6 kuud kuni 7 aastat. Seljaga s\u00f5idusuunas veelgi kauem. Kasvab koos lapsega kuni 125cm ning kuni 36kg. Parim jalaruum, kuni 26cm, mis on mugav isegi 7 aastasele. Unikaalne uus turvakontseptsioon, v\u00e4limine raam v\u00f5tab vastu kokkup\u00f5rkej\u00f5u. Lisaks on toolil v\u00e4ga j\u00e4ik seljaosa mis hoiab avarii korral lapse asendi stabiilsena. Lihtne [&hellip;]<\/p>\n","protected":false},"featured_media":109956,"template":"","meta":{"_acf_changed":false},"pwb-brand":[11956],"product_brand":[],"product_cat":[11727,11737,11855,11791],"product_tag":[],"class_list":{"0":"post-456678","1":"product","2":"type-product","3":"status-publish","4":"has-post-thumbnail","6":"pwb-brand-besafe-ru","7":"product_cat-turvatoolid-hallid-ru","8":"product_cat-turvatoolid-9-36-kg-ru","9":"product_cat-sss-turvatoolid-ru","10":"product_cat-turvavarustus-ru","11":"pa_manufacturer-besafe-ru","13":"first","14":"onbackorder","15":"taxable","16":"shipping-taxable","17":"purchasable","18":"product-type-simple"},"exclude_global_add_ons":[],"addons":[],"acf":[],"yoast_head":"<!-- This site is optimized with the Yoast SEO plugin v27.1.1 - https:\/\/yoast.com\/product\/yoast-seo-wordpress\/ -->\n<title>BeSafe Stretch turvatool, Anthracite Mesh, \u0410\u0432\u0442\u043e\u043a\u0440\u0435\u0441\u043b\u0430, \u043b\u044e\u043b\u044c\u043a\u0438, \u0410\u0432\u0442\u043e\u043a\u0440\u0435\u0441\u043b\u0430 9-36 \u043a\u0433, \u0421\u043d\u0430\u0440\u044f\u0436\u0435\u043d\u0438\u044f \u0431\u0435\u0437\u043e\u043f\u0430\u0441\u043d\u043e\u0441\u0442\u0438, A\u0432\u0442\u043e\u043a\u0440\u0435\u0441\u043b\u043e \u0441\u043f\u0438\u043d\u043e\u0439 \u043f\u043e \u0445\u043e\u0434\u0443, Beebipood<\/title>\n<meta name=\"description\" content=\"BeSafe Stretch turvatool, Anthracite Mesh, BeSafe StretchBeSafe k&otilde;ige turvalisem tool vanusele 6 kuud kuni 7 aastat. Seljaga s&otilde;idus\" \/>\n<meta name=\"robots\" content=\"index, follow, max-snippet:-1, max-image-preview:large, max-video-preview:-1\" \/>\n<link rel=\"canonical\" href=\"https:\/\/beebipood.ee\/ru\/produkt\/besafe-stretch-turvatool-anthracite-mesh\/\" \/>\n<meta property=\"og:locale\" content=\"ru_RU\" \/>\n<meta property=\"og:type\" content=\"article\" \/>\n<meta property=\"og:title\" content=\"BeSafe Stretch turvatool, Anthracite Mesh, \u0410\u0432\u0442\u043e\u043a\u0440\u0435\u0441\u043b\u0430, \u043b\u044e\u043b\u044c\u043a\u0438, \u0410\u0432\u0442\u043e\u043a\u0440\u0435\u0441\u043b\u0430 9-36 \u043a\u0433, \u0421\u043d\u0430\u0440\u044f\u0436\u0435\u043d\u0438\u044f \u0431\u0435\u0437\u043e\u043f\u0430\u0441\u043d\u043e\u0441\u0442\u0438, A\u0432\u0442\u043e\u043a\u0440\u0435\u0441\u043b\u043e \u0441\u043f\u0438\u043d\u043e\u0439 \u043f\u043e \u0445\u043e\u0434\u0443, Beebipood\" \/>\n<meta property=\"og:description\" content=\"BeSafe Stretch turvatool, Anthracite Mesh, BeSafe StretchBeSafe k&otilde;ige turvalisem tool vanusele 6 kuud kuni 7 aastat. Seljaga s&otilde;idus\" \/>\n<meta property=\"og:url\" content=\"https:\/\/beebipood.ee\/ru\/produkt\/besafe-stretch-turvatool-anthracite-mesh\/\" \/>\n<meta property=\"og:site_name\" content=\"Beebipood\" \/>\n<meta property=\"article:modified_time\" content=\"2025-01-09T08:50:23+00:00\" \/>\n<meta property=\"og:image\" content=\"https:\/\/beebipood.ee\/wp-content\/uploads\/2016\/03\/BeSafe-Stretch-turvatool-Anthracite-Mesh-UUED-TOOTED-Turvatoolid-hallid-Turvatoolid-936-kg-Turvavarustus-SSS-Turvatoolid_1-05f.jpg\" \/>\n\t<meta property=\"og:image:width\" content=\"657\" \/>\n\t<meta property=\"og:image:height\" content=\"931\" \/>\n\t<meta property=\"og:image:type\" content=\"image\/jpeg\" \/>\n<meta name=\"twitter:card\" content=\"summary_large_image\" \/>\n<meta name=\"twitter:label1\" content=\"\u041f\u0440\u0438\u043c\u0435\u0440\u043d\u043e\u0435 \u0432\u0440\u0435\u043c\u044f \u0434\u043b\u044f \u0447\u0442\u0435\u043d\u0438\u044f\" \/>\n\t<meta name=\"twitter:data1\" content=\"1 \u043c\u0438\u043d\u0443\u0442\u0430\" \/>\n<script type=\"application\/ld+json\" class=\"yoast-schema-graph\">{\"@context\":\"https:\/\/schema.org\",\"@graph\":[{\"@type\":\"WebPage\",\"@id\":\"https:\/\/beebipood.ee\/ru\/produkt\/besafe-stretch-turvatool-anthracite-mesh\/\",\"url\":\"https:\/\/beebipood.ee\/ru\/produkt\/besafe-stretch-turvatool-anthracite-mesh\/\",\"name\":\"BeSafe Stretch turvatool, Anthracite Mesh, \u0410\u0432\u0442\u043e\u043a\u0440\u0435\u0441\u043b\u0430, \u043b\u044e\u043b\u044c\u043a\u0438, \u0410\u0432\u0442\u043e\u043a\u0440\u0435\u0441\u043b\u0430 9-36 \u043a\u0433, \u0421\u043d\u0430\u0440\u044f\u0436\u0435\u043d\u0438\u044f \u0431\u0435\u0437\u043e\u043f\u0430\u0441\u043d\u043e\u0441\u0442\u0438, A\u0432\u0442\u043e\u043a\u0440\u0435\u0441\u043b\u043e \u0441\u043f\u0438\u043d\u043e\u0439 \u043f\u043e \u0445\u043e\u0434\u0443, Beebipood\",\"isPartOf\":{\"@id\":\"https:\/\/beebipood.ee\/ru\/#website\"},\"primaryImageOfPage\":{\"@id\":\"https:\/\/beebipood.ee\/ru\/produkt\/besafe-stretch-turvatool-anthracite-mesh\/#primaryimage\"},\"image\":{\"@id\":\"https:\/\/beebipood.ee\/ru\/produkt\/besafe-stretch-turvatool-anthracite-mesh\/#primaryimage\"},\"thumbnailUrl\":\"https:\/\/beebipood.ee\/wp-content\/uploads\/2016\/03\/BeSafe-Stretch-turvatool-Anthracite-Mesh-UUED-TOOTED-Turvatoolid-hallid-Turvatoolid-936-kg-Turvavarustus-SSS-Turvatoolid_1-05f.jpg\",\"datePublished\":\"2016-03-22T04:02:13+00:00\",\"dateModified\":\"2025-01-09T08:50:23+00:00\",\"description\":\"BeSafe Stretch turvatool, Anthracite Mesh, BeSafe StretchBeSafe k&otilde;ige turvalisem tool vanusele 6 kuud kuni 7 aastat. Seljaga s&otilde;idus\",\"breadcrumb\":{\"@id\":\"https:\/\/beebipood.ee\/ru\/produkt\/besafe-stretch-turvatool-anthracite-mesh\/#breadcrumb\"},\"inLanguage\":\"ru-RU\",\"potentialAction\":[{\"@type\":\"ReadAction\",\"target\":[\"https:\/\/beebipood.ee\/ru\/produkt\/besafe-stretch-turvatool-anthracite-mesh\/\"]}]},{\"@type\":\"ImageObject\",\"inLanguage\":\"ru-RU\",\"@id\":\"https:\/\/beebipood.ee\/ru\/produkt\/besafe-stretch-turvatool-anthracite-mesh\/#primaryimage\",\"url\":\"https:\/\/beebipood.ee\/wp-content\/uploads\/2016\/03\/BeSafe-Stretch-turvatool-Anthracite-Mesh-UUED-TOOTED-Turvatoolid-hallid-Turvatoolid-936-kg-Turvavarustus-SSS-Turvatoolid_1-05f.jpg\",\"contentUrl\":\"https:\/\/beebipood.ee\/wp-content\/uploads\/2016\/03\/BeSafe-Stretch-turvatool-Anthracite-Mesh-UUED-TOOTED-Turvatoolid-hallid-Turvatoolid-936-kg-Turvavarustus-SSS-Turvatoolid_1-05f.jpg\",\"width\":657,\"height\":931},{\"@type\":\"BreadcrumbList\",\"@id\":\"https:\/\/beebipood.ee\/ru\/produkt\/besafe-stretch-turvatool-anthracite-mesh\/#breadcrumb\",\"itemListElement\":[{\"@type\":\"ListItem\",\"position\":1,\"name\":\"Home\",\"item\":\"https:\/\/beebipood.ee\/ru\/\"},{\"@type\":\"ListItem\",\"position\":2,\"name\":\"\u041a\u0430\u0442\u0430\u043b\u043e\u0433 \u0442\u043e\u0432\u0430\u0440\u043e\u0432\",\"item\":\"https:\/\/beebipood.ee\/tooted\/\"},{\"@type\":\"ListItem\",\"position\":3,\"name\":\"BeSafe Stretch turvatool, Anthracite Mesh\"}]},{\"@type\":\"WebSite\",\"@id\":\"https:\/\/beebipood.ee\/ru\/#website\",\"url\":\"https:\/\/beebipood.ee\/ru\/\",\"name\":\"Beebipood\",\"description\":\"Lastekaubad, beebikaubad, m\u00e4nguasjad\",\"publisher\":{\"@id\":\"https:\/\/beebipood.ee\/ru\/#organization\"},\"potentialAction\":[{\"@type\":\"SearchAction\",\"target\":{\"@type\":\"EntryPoint\",\"urlTemplate\":\"https:\/\/beebipood.ee\/ru\/?s={search_term_string}\"},\"query-input\":{\"@type\":\"PropertyValueSpecification\",\"valueRequired\":true,\"valueName\":\"search_term_string\"}}],\"inLanguage\":\"ru-RU\"},{\"@type\":\"Organization\",\"@id\":\"https:\/\/beebipood.ee\/ru\/#organization\",\"name\":\"Beebipood\",\"url\":\"https:\/\/beebipood.ee\/ru\/\",\"logo\":{\"@type\":\"ImageObject\",\"inLanguage\":\"ru-RU\",\"@id\":\"https:\/\/beebipood.ee\/ru\/#\/schema\/logo\/image\/\",\"url\":\"https:\/\/beebipood.ee\/wp-content\/uploads\/2025\/03\/beebipood.ee-logo-1.svg\",\"contentUrl\":\"https:\/\/beebipood.ee\/wp-content\/uploads\/2025\/03\/beebipood.ee-logo-1.svg\",\"caption\":\"Beebipood\"},\"image\":{\"@id\":\"https:\/\/beebipood.ee\/ru\/#\/schema\/logo\/image\/\"}}]}<\/script>\n<!-- \/ Yoast SEO plugin. -->","yoast_head_json":{"title":"BeSafe Stretch turvatool, Anthracite Mesh, \u0410\u0432\u0442\u043e\u043a\u0440\u0435\u0441\u043b\u0430, \u043b\u044e\u043b\u044c\u043a\u0438, \u0410\u0432\u0442\u043e\u043a\u0440\u0435\u0441\u043b\u0430 9-36 \u043a\u0433, \u0421\u043d\u0430\u0440\u044f\u0436\u0435\u043d\u0438\u044f \u0431\u0435\u0437\u043e\u043f\u0430\u0441\u043d\u043e\u0441\u0442\u0438, A\u0432\u0442\u043e\u043a\u0440\u0435\u0441\u043b\u043e \u0441\u043f\u0438\u043d\u043e\u0439 \u043f\u043e \u0445\u043e\u0434\u0443, Beebipood","description":"BeSafe Stretch turvatool, Anthracite Mesh, BeSafe StretchBeSafe k&otilde;ige turvalisem tool vanusele 6 kuud kuni 7 aastat. Seljaga s&otilde;idus","robots":{"index":"index","follow":"follow","max-snippet":"max-snippet:-1","max-image-preview":"max-image-preview:large","max-video-preview":"max-video-preview:-1"},"canonical":"https:\/\/beebipood.ee\/ru\/produkt\/besafe-stretch-turvatool-anthracite-mesh\/","og_locale":"ru_RU","og_type":"article","og_title":"BeSafe Stretch turvatool, Anthracite Mesh, \u0410\u0432\u0442\u043e\u043a\u0440\u0435\u0441\u043b\u0430, \u043b\u044e\u043b\u044c\u043a\u0438, \u0410\u0432\u0442\u043e\u043a\u0440\u0435\u0441\u043b\u0430 9-36 \u043a\u0433, \u0421\u043d\u0430\u0440\u044f\u0436\u0435\u043d\u0438\u044f \u0431\u0435\u0437\u043e\u043f\u0430\u0441\u043d\u043e\u0441\u0442\u0438, A\u0432\u0442\u043e\u043a\u0440\u0435\u0441\u043b\u043e \u0441\u043f\u0438\u043d\u043e\u0439 \u043f\u043e \u0445\u043e\u0434\u0443, Beebipood","og_description":"BeSafe Stretch turvatool, Anthracite Mesh, BeSafe StretchBeSafe k&otilde;ige turvalisem tool vanusele 6 kuud kuni 7 aastat. Seljaga s&otilde;idus","og_url":"https:\/\/beebipood.ee\/ru\/produkt\/besafe-stretch-turvatool-anthracite-mesh\/","og_site_name":"Beebipood","article_modified_time":"2025-01-09T08:50:23+00:00","og_image":[{"width":657,"height":931,"url":"https:\/\/beebipood.ee\/wp-content\/uploads\/2016\/03\/BeSafe-Stretch-turvatool-Anthracite-Mesh-UUED-TOOTED-Turvatoolid-hallid-Turvatoolid-936-kg-Turvavarustus-SSS-Turvatoolid_1-05f.jpg","type":"image\/jpeg"}],"twitter_card":"summary_large_image","twitter_misc":{"\u041f\u0440\u0438\u043c\u0435\u0440\u043d\u043e\u0435 \u0432\u0440\u0435\u043c\u044f \u0434\u043b\u044f \u0447\u0442\u0435\u043d\u0438\u044f":"1 \u043c\u0438\u043d\u0443\u0442\u0430"},"schema":{"@context":"https:\/\/schema.org","@graph":[{"@type":"WebPage","@id":"https:\/\/beebipood.ee\/ru\/produkt\/besafe-stretch-turvatool-anthracite-mesh\/","url":"https:\/\/beebipood.ee\/ru\/produkt\/besafe-stretch-turvatool-anthracite-mesh\/","name":"BeSafe Stretch turvatool, Anthracite Mesh, \u0410\u0432\u0442\u043e\u043a\u0440\u0435\u0441\u043b\u0430, \u043b\u044e\u043b\u044c\u043a\u0438, \u0410\u0432\u0442\u043e\u043a\u0440\u0435\u0441\u043b\u0430 9-36 \u043a\u0433, \u0421\u043d\u0430\u0440\u044f\u0436\u0435\u043d\u0438\u044f \u0431\u0435\u0437\u043e\u043f\u0430\u0441\u043d\u043e\u0441\u0442\u0438, A\u0432\u0442\u043e\u043a\u0440\u0435\u0441\u043b\u043e \u0441\u043f\u0438\u043d\u043e\u0439 \u043f\u043e \u0445\u043e\u0434\u0443, Beebipood","isPartOf":{"@id":"https:\/\/beebipood.ee\/ru\/#website"},"primaryImageOfPage":{"@id":"https:\/\/beebipood.ee\/ru\/produkt\/besafe-stretch-turvatool-anthracite-mesh\/#primaryimage"},"image":{"@id":"https:\/\/beebipood.ee\/ru\/produkt\/besafe-stretch-turvatool-anthracite-mesh\/#primaryimage"},"thumbnailUrl":"https:\/\/beebipood.ee\/wp-content\/uploads\/2016\/03\/BeSafe-Stretch-turvatool-Anthracite-Mesh-UUED-TOOTED-Turvatoolid-hallid-Turvatoolid-936-kg-Turvavarustus-SSS-Turvatoolid_1-05f.jpg","datePublished":"2016-03-22T04:02:13+00:00","dateModified":"2025-01-09T08:50:23+00:00","description":"BeSafe Stretch turvatool, Anthracite Mesh, BeSafe StretchBeSafe k&otilde;ige turvalisem tool vanusele 6 kuud kuni 7 aastat. Seljaga s&otilde;idus","breadcrumb":{"@id":"https:\/\/beebipood.ee\/ru\/produkt\/besafe-stretch-turvatool-anthracite-mesh\/#breadcrumb"},"inLanguage":"ru-RU","potentialAction":[{"@type":"ReadAction","target":["https:\/\/beebipood.ee\/ru\/produkt\/besafe-stretch-turvatool-anthracite-mesh\/"]}]},{"@type":"ImageObject","inLanguage":"ru-RU","@id":"https:\/\/beebipood.ee\/ru\/produkt\/besafe-stretch-turvatool-anthracite-mesh\/#primaryimage","url":"https:\/\/beebipood.ee\/wp-content\/uploads\/2016\/03\/BeSafe-Stretch-turvatool-Anthracite-Mesh-UUED-TOOTED-Turvatoolid-hallid-Turvatoolid-936-kg-Turvavarustus-SSS-Turvatoolid_1-05f.jpg","contentUrl":"https:\/\/beebipood.ee\/wp-content\/uploads\/2016\/03\/BeSafe-Stretch-turvatool-Anthracite-Mesh-UUED-TOOTED-Turvatoolid-hallid-Turvatoolid-936-kg-Turvavarustus-SSS-Turvatoolid_1-05f.jpg","width":657,"height":931},{"@type":"BreadcrumbList","@id":"https:\/\/beebipood.ee\/ru\/produkt\/besafe-stretch-turvatool-anthracite-mesh\/#breadcrumb","itemListElement":[{"@type":"ListItem","position":1,"name":"Home","item":"https:\/\/beebipood.ee\/ru\/"},{"@type":"ListItem","position":2,"name":"\u041a\u0430\u0442\u0430\u043b\u043e\u0433 \u0442\u043e\u0432\u0430\u0440\u043e\u0432","item":"https:\/\/beebipood.ee\/tooted\/"},{"@type":"ListItem","position":3,"name":"BeSafe Stretch turvatool, Anthracite Mesh"}]},{"@type":"WebSite","@id":"https:\/\/beebipood.ee\/ru\/#website","url":"https:\/\/beebipood.ee\/ru\/","name":"Beebipood","description":"Lastekaubad, beebikaubad, m\u00e4nguasjad","publisher":{"@id":"https:\/\/beebipood.ee\/ru\/#organization"},"potentialAction":[{"@type":"SearchAction","target":{"@type":"EntryPoint","urlTemplate":"https:\/\/beebipood.ee\/ru\/?s={search_term_string}"},"query-input":{"@type":"PropertyValueSpecification","valueRequired":true,"valueName":"search_term_string"}}],"inLanguage":"ru-RU"},{"@type":"Organization","@id":"https:\/\/beebipood.ee\/ru\/#organization","name":"Beebipood","url":"https:\/\/beebipood.ee\/ru\/","logo":{"@type":"ImageObject","inLanguage":"ru-RU","@id":"https:\/\/beebipood.ee\/ru\/#\/schema\/logo\/image\/","url":"https:\/\/beebipood.ee\/wp-content\/uploads\/2025\/03\/beebipood.ee-logo-1.svg","contentUrl":"https:\/\/beebipood.ee\/wp-content\/uploads\/2025\/03\/beebipood.ee-logo-1.svg","caption":"Beebipood"},"image":{"@id":"https:\/\/beebipood.ee\/ru\/#\/schema\/logo\/image\/"}}]}},"brands":[{"id":11956,"name":"BeSafe","slug":"besafe-ru"}],"_links":{"self":[{"href":"https:\/\/beebipood.ee\/ru\/wp-json\/wp\/v2\/product\/456678","targetHints":{"allow":["GET"]}}],"collection":[{"href":"https:\/\/beebipood.ee\/ru\/wp-json\/wp\/v2\/product"}],"about":[{"href":"https:\/\/beebipood.ee\/ru\/wp-json\/wp\/v2\/types\/product"}],"wp:featuredmedia":[{"embeddable":true,"href":"https:\/\/beebipood.ee\/ru\/wp-json\/wp\/v2\/media\/109956"}],"wp:attachment":[{"href":"https:\/\/beebipood.ee\/ru\/wp-json\/wp\/v2\/media?parent=456678"}],"wp:term":[{"taxonomy":"pwb-brand","embeddable":true,"href":"https:\/\/beebipood.ee\/ru\/wp-json\/wp\/v2\/pwb-brand?post=456678"},{"taxonomy":"product_brand","embeddable":true,"href":"https:\/\/beebipood.ee\/ru\/wp-json\/wp\/v2\/product_brand?post=456678"},{"taxonomy":"product_cat","embeddable":true,"href":"https:\/\/beebipood.ee\/ru\/wp-json\/wp\/v2\/product_cat?post=456678"},{"taxonomy":"product_tag","embeddable":true,"href":"https:\/\/beebipood.ee\/ru\/wp-json\/wp\/v2\/product_tag?post=456678"}],"curies":[{"name":"wp","href":"https:\/\/api.w.org\/{rel}","templated":true}]}}