{"id":456690,"date":"2016-03-29T07:56:21","date_gmt":"2016-03-29T04:56:21","guid":{"rendered":"https:\/\/beebipood.ee\/toode\/besafe-izi-modular-x1-i-size-turvahall-metallic-melange\/"},"modified":"2025-01-09T10:50:23","modified_gmt":"2025-01-09T08:50:23","slug":"besafe-izi-modular-x1-i-size-turvahall-metallic-melange","status":"publish","type":"product","link":"https:\/\/beebipood.ee\/ru\/produkt\/besafe-izi-modular-x1-i-size-turvahall-metallic-melange\/","title":{"rendered":"BeSafe iZi Go Modular X1 i-Size turvah\u00e4ll, Metallic Melange"},"content":{"rendered":"<p>BeSafe uusim turvah\u00e4ll. Populaarse Izi GO Modular uuendus.<br \/>V\u00f5imalik kasutada koos BeSafe IzI Modular ISOfix alusega, (m\u00fc\u00fcgil eraldi tootena) <br \/>v\u00f5i kinnitades auto turvav\u00f6\u00f6ga.<br \/>Uuenduslik disain turvalisteks ja sujuvateks s\u00f5itudeks<br \/>Sobilik lapsele pikkusega 40 &#8212; 75 cm<br \/>Vanus: vasts\u00fcndinu kuni umbes 12 kuud<\/p>\n<p>Turvah\u00e4lli kaal ca 4,2 kg (\u00fcks kergemaid h\u00e4lle i-Size kategoorias)<br \/>Saksa organisatsiooni AGR poolt tunnistatud eriti seljas\u00f5bralikuks.<br \/>BeSafe iZi Go Modular X1 i-Size sobib samale ISOfixi alusele kui eelk\u00e4ija <br \/>ja on varustatud 3 uue funktsiooniga, mis mitte ainult ei rakenda vanemate tagasisidet, <br \/>vaid viivad ka ohutuse ja mugavuse uuele tasemele.<br \/>Kaasaegsed turvaelemendid.<br \/>T\u00e4iustatud peapiirkonna kaitse uuendusliku Dynamic Force Absorber \u2122 abil.<br \/>T\u00e4iendav k\u00fclgkokkup\u00f5rke kaitse (SIP +) neelab veel kuni 20% l\u00f6\u00f6gij\u00f5ust.<br \/>5-punkti turvarihmad k\u00fclgkokkup\u00f5rke stabiilsuse suurendamiseks.<br \/>Laiad turvarihmad ja \u00f5lapadjad v\u00f5imaldavad suurema ohutuse tagamiseks j\u00f5udu jaotada.<br \/>Vastab viimasele UN R129 (i-size) regulatsioonile.<br \/>Pehme Baby Hugger \u2122 koos nutikalt paigutatud kiiluga stabiilsuse, toe <br \/>ja optimeeritud kaldenurgaga vasts\u00fcndinutele.<br \/>Uue kujundusega peaala, millel on rohkem ruumi beebi pea jaoks<br \/>Kvaliteetsed materjalid.<br \/>Turvarihmasid ja peatuge saab h\u00f5lpsalt \u00fche korraga reguleerida.<br \/>Paindlik ja UPF50+ kattevari, mida saab kasutada k\u00e4epidemest s\u00f5ltumatult.<br \/>Nutikad funktsioonid h\u00f5lpsaks igap\u00e4evaseks reisimiseks. <br \/>Paigutatav iZi Modular i-Size alusele vaid \u00fche kl\u00f5psuga.<br \/>Magnetic Belt Assistants \u2122 muudavad istmelt sisse ja v\u00e4lja saamise lihtsaks.<br \/>\u00dcks kergemaid i-size regulatsioonile vastavaid turvah\u00e4lle.<br \/>Ergonoomilise kujuga k\u00e4epide, et v\u00e4ltida vanema puusade vastu k\u00e4imist.<br \/>Sobib enamikele juhtivatele jalutusk\u00e4rudele koos vastavate adapteritega.<br \/>Masinas pestavat katet saab h\u00f5lpsalt \u00e4ra v\u00f5tta <\/p>\n<p><span style=\"text-decoration: underline;\">Uuendus 1:<\/span> Dynamic Force Absorber\u2122<br \/>P\u00fc\u00fcab lapse pea turvaliselt justkui batuut.<br \/>Dynamic Force Absorber\u2122 (d\u00fcnaamiline j\u00f5u neelaja) on BeSafe uusim leiutis turvaistme peatsis. <br \/>Pakub optimaalset kaitset beebi k\u00f5ige n\u00f5rgematele kehaosadele, peale ja kaelale. <br \/>Valmistatud spetsiaalsetest materjalidest erilisel viisil, neelab l\u00f6\u00f6gij\u00f5udu k\u00fclgkokkup\u00f5rkel. <br \/>Keskelt eriti pehme ning \u00e4\u00e4rtes vastupidi j\u00e4ik.<br \/><span style=\"text-decoration: underline;\">Uuendus 2:<\/span> Newborn Hugger\u2122<br \/>10\u00b0 rohkem kallet ning rohkem k\u00fclgstabiilsust.<br \/>Uus Newborn Hugger\u2122 (beebisisu) v\u00f5imaldab beebile parima istumisasendi. <br \/>Beebi selg on sirgelt t\u00e4nu uuele toele, samas on lisatud mugavuseks rohkem kallet. <br \/>Lisaks on k\u00fclgedel on uued pehmend kuid toetavad materjalid, pakkudes head k\u00fclgtuge, <br \/>et beebi tunneks end kindlalt ja mugavalt.<br \/><span style=\"text-decoration: underline;\">Uuendus 3:<\/span> Uus peatoe disain<br \/>Parim toestamine v\u00e4iksematele, rohkem ruumi suurematele.<br \/>Uus peatoe disain pakub rohkem ruumi andmata j\u00e4rgi turvalisuses. <br \/>V\u00e4iksemale beebile on peatugi sama kitsas kui eelmisel mudelil, <br \/>beebi kasvades on \u00fclemises osas rohkem ruumi.<\/p>\n","protected":false},"excerpt":{"rendered":"<p>BeSafe uusim turvah\u00e4ll. Populaarse Izi GO Modular uuendus.V\u00f5imalik kasutada koos BeSafe IzI Modular ISOfix alusega, (m\u00fc\u00fcgil eraldi tootena) v\u00f5i kinnitades auto turvav\u00f6\u00f6ga.Uuenduslik disain turvalisteks ja sujuvateks s\u00f5itudeksSobilik lapsele pikkusega 40 &#8212; 75 cmVanus: vasts\u00fcndinu kuni umbes 12 kuud Turvah\u00e4lli kaal ca 4,2 kg (\u00fcks kergemaid h\u00e4lle i-Size kategoorias)Saksa organisatsiooni AGR poolt tunnistatud eriti seljas\u00f5bralikuks.BeSafe iZi [&hellip;]<\/p>\n","protected":false},"featured_media":110067,"template":"","meta":{"_acf_changed":false},"pwb-brand":[11956],"product_brand":[],"product_cat":[11743,11727,11791],"product_tag":[],"class_list":{"0":"post-456690","1":"product","2":"type-product","3":"status-publish","4":"has-post-thumbnail","6":"pwb-brand-besafe-ru","7":"product_cat-turvahallid-ru","8":"product_cat-turvatoolid-hallid-ru","9":"product_cat-turvavarustus-ru","10":"pa_manufacturer-besafe-ru","12":"first","13":"onbackorder","14":"taxable","15":"shipping-taxable","16":"purchasable","17":"product-type-simple"},"exclude_global_add_ons":[],"addons":[],"acf":[],"yoast_head":"<!-- This site is optimized with the Yoast SEO plugin v27.1.1 - https:\/\/yoast.com\/product\/yoast-seo-wordpress\/ -->\n<title>BeSafe iZi Go Modular X1 i-Size turvah\u00e4ll, Metallic Melange, \u0421\u041a\u0418\u0414\u041a\u0418, \u0410\u0432\u0442\u043e\u043a\u0440\u0435\u0441\u043b\u0430, \u043b\u044e\u043b\u044c\u043a\u0438, \u0410\u0432\u0442\u043e\u043b\u044e\u043b\u044c\u043a\u0430, \u0421\u043d\u0430\u0440\u044f\u0436\u0435\u043d\u0438\u044f \u0431\u0435\u0437\u043e\u043f\u0430\u0441\u043d\u043e\u0441\u0442\u0438, Beebipood<\/title>\n<meta name=\"description\" content=\"BeSafe iZi Go Modular X1 i-Size turvah\u00e4ll, Metallic Melange, BeSafe uusim turvah&auml;ll. Populaarse Izi GO Modular uuendus.V&otilde;imalik kasutada k\" \/>\n<meta name=\"robots\" content=\"index, follow, max-snippet:-1, max-image-preview:large, max-video-preview:-1\" \/>\n<link rel=\"canonical\" href=\"https:\/\/beebipood.ee\/ru\/produkt\/besafe-izi-modular-x1-i-size-turvahall-metallic-melange\/\" \/>\n<meta property=\"og:locale\" content=\"ru_RU\" \/>\n<meta property=\"og:type\" content=\"article\" \/>\n<meta property=\"og:title\" content=\"BeSafe iZi Go Modular X1 i-Size turvah\u00e4ll, Metallic Melange, \u0421\u041a\u0418\u0414\u041a\u0418, \u0410\u0432\u0442\u043e\u043a\u0440\u0435\u0441\u043b\u0430, \u043b\u044e\u043b\u044c\u043a\u0438, \u0410\u0432\u0442\u043e\u043b\u044e\u043b\u044c\u043a\u0430, \u0421\u043d\u0430\u0440\u044f\u0436\u0435\u043d\u0438\u044f \u0431\u0435\u0437\u043e\u043f\u0430\u0441\u043d\u043e\u0441\u0442\u0438, Beebipood\" \/>\n<meta property=\"og:description\" content=\"BeSafe iZi Go Modular X1 i-Size turvah\u00e4ll, Metallic Melange, BeSafe uusim turvah&auml;ll. Populaarse Izi GO Modular uuendus.V&otilde;imalik kasutada k\" \/>\n<meta property=\"og:url\" content=\"https:\/\/beebipood.ee\/ru\/produkt\/besafe-izi-modular-x1-i-size-turvahall-metallic-melange\/\" \/>\n<meta property=\"og:site_name\" content=\"Beebipood\" \/>\n<meta property=\"article:modified_time\" content=\"2025-01-09T08:50:23+00:00\" \/>\n<meta property=\"og:image\" content=\"https:\/\/beebipood.ee\/wp-content\/uploads\/2016\/03\/BeSafe-iZi-Modular-X1-iSize-turvahall-Metallic-Melange-UUED-TOOTED-Turvatoolid-hallid-Turvahallid-Turvavarustus_1-e1b.jpg\" \/>\n\t<meta property=\"og:image:width\" content=\"1080\" \/>\n\t<meta property=\"og:image:height\" content=\"1080\" \/>\n\t<meta property=\"og:image:type\" content=\"image\/jpeg\" \/>\n<meta name=\"twitter:card\" content=\"summary_large_image\" \/>\n<meta name=\"twitter:label1\" content=\"\u041f\u0440\u0438\u043c\u0435\u0440\u043d\u043e\u0435 \u0432\u0440\u0435\u043c\u044f \u0434\u043b\u044f \u0447\u0442\u0435\u043d\u0438\u044f\" \/>\n\t<meta name=\"twitter:data1\" content=\"2 \u043c\u0438\u043d\u0443\u0442\u044b\" \/>\n<script type=\"application\/ld+json\" class=\"yoast-schema-graph\">{\"@context\":\"https:\/\/schema.org\",\"@graph\":[{\"@type\":\"WebPage\",\"@id\":\"https:\/\/beebipood.ee\/ru\/produkt\/besafe-izi-modular-x1-i-size-turvahall-metallic-melange\/\",\"url\":\"https:\/\/beebipood.ee\/ru\/produkt\/besafe-izi-modular-x1-i-size-turvahall-metallic-melange\/\",\"name\":\"BeSafe iZi Go Modular X1 i-Size turvah\u00e4ll, Metallic Melange, \u0421\u041a\u0418\u0414\u041a\u0418, \u0410\u0432\u0442\u043e\u043a\u0440\u0435\u0441\u043b\u0430, \u043b\u044e\u043b\u044c\u043a\u0438, \u0410\u0432\u0442\u043e\u043b\u044e\u043b\u044c\u043a\u0430, \u0421\u043d\u0430\u0440\u044f\u0436\u0435\u043d\u0438\u044f \u0431\u0435\u0437\u043e\u043f\u0430\u0441\u043d\u043e\u0441\u0442\u0438, Beebipood\",\"isPartOf\":{\"@id\":\"https:\/\/beebipood.ee\/ru\/#website\"},\"primaryImageOfPage\":{\"@id\":\"https:\/\/beebipood.ee\/ru\/produkt\/besafe-izi-modular-x1-i-size-turvahall-metallic-melange\/#primaryimage\"},\"image\":{\"@id\":\"https:\/\/beebipood.ee\/ru\/produkt\/besafe-izi-modular-x1-i-size-turvahall-metallic-melange\/#primaryimage\"},\"thumbnailUrl\":\"https:\/\/beebipood.ee\/wp-content\/uploads\/2016\/03\/BeSafe-iZi-Modular-X1-iSize-turvahall-Metallic-Melange-UUED-TOOTED-Turvatoolid-hallid-Turvahallid-Turvavarustus_1-e1b.jpg\",\"datePublished\":\"2016-03-29T04:56:21+00:00\",\"dateModified\":\"2025-01-09T08:50:23+00:00\",\"description\":\"BeSafe iZi Go Modular X1 i-Size turvah\u00e4ll, Metallic Melange, BeSafe uusim turvah&auml;ll. Populaarse Izi GO Modular uuendus.V&otilde;imalik kasutada k\",\"breadcrumb\":{\"@id\":\"https:\/\/beebipood.ee\/ru\/produkt\/besafe-izi-modular-x1-i-size-turvahall-metallic-melange\/#breadcrumb\"},\"inLanguage\":\"ru-RU\",\"potentialAction\":[{\"@type\":\"ReadAction\",\"target\":[\"https:\/\/beebipood.ee\/ru\/produkt\/besafe-izi-modular-x1-i-size-turvahall-metallic-melange\/\"]}]},{\"@type\":\"ImageObject\",\"inLanguage\":\"ru-RU\",\"@id\":\"https:\/\/beebipood.ee\/ru\/produkt\/besafe-izi-modular-x1-i-size-turvahall-metallic-melange\/#primaryimage\",\"url\":\"https:\/\/beebipood.ee\/wp-content\/uploads\/2016\/03\/BeSafe-iZi-Modular-X1-iSize-turvahall-Metallic-Melange-UUED-TOOTED-Turvatoolid-hallid-Turvahallid-Turvavarustus_1-e1b.jpg\",\"contentUrl\":\"https:\/\/beebipood.ee\/wp-content\/uploads\/2016\/03\/BeSafe-iZi-Modular-X1-iSize-turvahall-Metallic-Melange-UUED-TOOTED-Turvatoolid-hallid-Turvahallid-Turvavarustus_1-e1b.jpg\",\"width\":1080,\"height\":1080},{\"@type\":\"BreadcrumbList\",\"@id\":\"https:\/\/beebipood.ee\/ru\/produkt\/besafe-izi-modular-x1-i-size-turvahall-metallic-melange\/#breadcrumb\",\"itemListElement\":[{\"@type\":\"ListItem\",\"position\":1,\"name\":\"Home\",\"item\":\"https:\/\/beebipood.ee\/ru\/\"},{\"@type\":\"ListItem\",\"position\":2,\"name\":\"\u041a\u0430\u0442\u0430\u043b\u043e\u0433 \u0442\u043e\u0432\u0430\u0440\u043e\u0432\",\"item\":\"https:\/\/beebipood.ee\/tooted\/\"},{\"@type\":\"ListItem\",\"position\":3,\"name\":\"BeSafe iZi Go Modular X1 i-Size turvah\u00e4ll, Metallic Melange\"}]},{\"@type\":\"WebSite\",\"@id\":\"https:\/\/beebipood.ee\/ru\/#website\",\"url\":\"https:\/\/beebipood.ee\/ru\/\",\"name\":\"Beebipood\",\"description\":\"Lastekaubad, beebikaubad, m\u00e4nguasjad\",\"publisher\":{\"@id\":\"https:\/\/beebipood.ee\/ru\/#organization\"},\"potentialAction\":[{\"@type\":\"SearchAction\",\"target\":{\"@type\":\"EntryPoint\",\"urlTemplate\":\"https:\/\/beebipood.ee\/ru\/?s={search_term_string}\"},\"query-input\":{\"@type\":\"PropertyValueSpecification\",\"valueRequired\":true,\"valueName\":\"search_term_string\"}}],\"inLanguage\":\"ru-RU\"},{\"@type\":\"Organization\",\"@id\":\"https:\/\/beebipood.ee\/ru\/#organization\",\"name\":\"Beebipood\",\"url\":\"https:\/\/beebipood.ee\/ru\/\",\"logo\":{\"@type\":\"ImageObject\",\"inLanguage\":\"ru-RU\",\"@id\":\"https:\/\/beebipood.ee\/ru\/#\/schema\/logo\/image\/\",\"url\":\"https:\/\/beebipood.ee\/wp-content\/uploads\/2025\/03\/beebipood.ee-logo-1.svg\",\"contentUrl\":\"https:\/\/beebipood.ee\/wp-content\/uploads\/2025\/03\/beebipood.ee-logo-1.svg\",\"caption\":\"Beebipood\"},\"image\":{\"@id\":\"https:\/\/beebipood.ee\/ru\/#\/schema\/logo\/image\/\"}}]}<\/script>\n<!-- \/ Yoast SEO plugin. -->","yoast_head_json":{"title":"BeSafe iZi Go Modular X1 i-Size turvah\u00e4ll, Metallic Melange, \u0421\u041a\u0418\u0414\u041a\u0418, \u0410\u0432\u0442\u043e\u043a\u0440\u0435\u0441\u043b\u0430, \u043b\u044e\u043b\u044c\u043a\u0438, \u0410\u0432\u0442\u043e\u043b\u044e\u043b\u044c\u043a\u0430, \u0421\u043d\u0430\u0440\u044f\u0436\u0435\u043d\u0438\u044f \u0431\u0435\u0437\u043e\u043f\u0430\u0441\u043d\u043e\u0441\u0442\u0438, Beebipood","description":"BeSafe iZi Go Modular X1 i-Size turvah\u00e4ll, Metallic Melange, BeSafe uusim turvah&auml;ll. Populaarse Izi GO Modular uuendus.V&otilde;imalik kasutada k","robots":{"index":"index","follow":"follow","max-snippet":"max-snippet:-1","max-image-preview":"max-image-preview:large","max-video-preview":"max-video-preview:-1"},"canonical":"https:\/\/beebipood.ee\/ru\/produkt\/besafe-izi-modular-x1-i-size-turvahall-metallic-melange\/","og_locale":"ru_RU","og_type":"article","og_title":"BeSafe iZi Go Modular X1 i-Size turvah\u00e4ll, Metallic Melange, \u0421\u041a\u0418\u0414\u041a\u0418, \u0410\u0432\u0442\u043e\u043a\u0440\u0435\u0441\u043b\u0430, \u043b\u044e\u043b\u044c\u043a\u0438, \u0410\u0432\u0442\u043e\u043b\u044e\u043b\u044c\u043a\u0430, \u0421\u043d\u0430\u0440\u044f\u0436\u0435\u043d\u0438\u044f \u0431\u0435\u0437\u043e\u043f\u0430\u0441\u043d\u043e\u0441\u0442\u0438, Beebipood","og_description":"BeSafe iZi Go Modular X1 i-Size turvah\u00e4ll, Metallic Melange, BeSafe uusim turvah&auml;ll. Populaarse Izi GO Modular uuendus.V&otilde;imalik kasutada k","og_url":"https:\/\/beebipood.ee\/ru\/produkt\/besafe-izi-modular-x1-i-size-turvahall-metallic-melange\/","og_site_name":"Beebipood","article_modified_time":"2025-01-09T08:50:23+00:00","og_image":[{"width":1080,"height":1080,"url":"https:\/\/beebipood.ee\/wp-content\/uploads\/2016\/03\/BeSafe-iZi-Modular-X1-iSize-turvahall-Metallic-Melange-UUED-TOOTED-Turvatoolid-hallid-Turvahallid-Turvavarustus_1-e1b.jpg","type":"image\/jpeg"}],"twitter_card":"summary_large_image","twitter_misc":{"\u041f\u0440\u0438\u043c\u0435\u0440\u043d\u043e\u0435 \u0432\u0440\u0435\u043c\u044f \u0434\u043b\u044f \u0447\u0442\u0435\u043d\u0438\u044f":"2 \u043c\u0438\u043d\u0443\u0442\u044b"},"schema":{"@context":"https:\/\/schema.org","@graph":[{"@type":"WebPage","@id":"https:\/\/beebipood.ee\/ru\/produkt\/besafe-izi-modular-x1-i-size-turvahall-metallic-melange\/","url":"https:\/\/beebipood.ee\/ru\/produkt\/besafe-izi-modular-x1-i-size-turvahall-metallic-melange\/","name":"BeSafe iZi Go Modular X1 i-Size turvah\u00e4ll, Metallic Melange, \u0421\u041a\u0418\u0414\u041a\u0418, \u0410\u0432\u0442\u043e\u043a\u0440\u0435\u0441\u043b\u0430, \u043b\u044e\u043b\u044c\u043a\u0438, \u0410\u0432\u0442\u043e\u043b\u044e\u043b\u044c\u043a\u0430, \u0421\u043d\u0430\u0440\u044f\u0436\u0435\u043d\u0438\u044f \u0431\u0435\u0437\u043e\u043f\u0430\u0441\u043d\u043e\u0441\u0442\u0438, Beebipood","isPartOf":{"@id":"https:\/\/beebipood.ee\/ru\/#website"},"primaryImageOfPage":{"@id":"https:\/\/beebipood.ee\/ru\/produkt\/besafe-izi-modular-x1-i-size-turvahall-metallic-melange\/#primaryimage"},"image":{"@id":"https:\/\/beebipood.ee\/ru\/produkt\/besafe-izi-modular-x1-i-size-turvahall-metallic-melange\/#primaryimage"},"thumbnailUrl":"https:\/\/beebipood.ee\/wp-content\/uploads\/2016\/03\/BeSafe-iZi-Modular-X1-iSize-turvahall-Metallic-Melange-UUED-TOOTED-Turvatoolid-hallid-Turvahallid-Turvavarustus_1-e1b.jpg","datePublished":"2016-03-29T04:56:21+00:00","dateModified":"2025-01-09T08:50:23+00:00","description":"BeSafe iZi Go Modular X1 i-Size turvah\u00e4ll, Metallic Melange, BeSafe uusim turvah&auml;ll. Populaarse Izi GO Modular uuendus.V&otilde;imalik kasutada k","breadcrumb":{"@id":"https:\/\/beebipood.ee\/ru\/produkt\/besafe-izi-modular-x1-i-size-turvahall-metallic-melange\/#breadcrumb"},"inLanguage":"ru-RU","potentialAction":[{"@type":"ReadAction","target":["https:\/\/beebipood.ee\/ru\/produkt\/besafe-izi-modular-x1-i-size-turvahall-metallic-melange\/"]}]},{"@type":"ImageObject","inLanguage":"ru-RU","@id":"https:\/\/beebipood.ee\/ru\/produkt\/besafe-izi-modular-x1-i-size-turvahall-metallic-melange\/#primaryimage","url":"https:\/\/beebipood.ee\/wp-content\/uploads\/2016\/03\/BeSafe-iZi-Modular-X1-iSize-turvahall-Metallic-Melange-UUED-TOOTED-Turvatoolid-hallid-Turvahallid-Turvavarustus_1-e1b.jpg","contentUrl":"https:\/\/beebipood.ee\/wp-content\/uploads\/2016\/03\/BeSafe-iZi-Modular-X1-iSize-turvahall-Metallic-Melange-UUED-TOOTED-Turvatoolid-hallid-Turvahallid-Turvavarustus_1-e1b.jpg","width":1080,"height":1080},{"@type":"BreadcrumbList","@id":"https:\/\/beebipood.ee\/ru\/produkt\/besafe-izi-modular-x1-i-size-turvahall-metallic-melange\/#breadcrumb","itemListElement":[{"@type":"ListItem","position":1,"name":"Home","item":"https:\/\/beebipood.ee\/ru\/"},{"@type":"ListItem","position":2,"name":"\u041a\u0430\u0442\u0430\u043b\u043e\u0433 \u0442\u043e\u0432\u0430\u0440\u043e\u0432","item":"https:\/\/beebipood.ee\/tooted\/"},{"@type":"ListItem","position":3,"name":"BeSafe iZi Go Modular X1 i-Size turvah\u00e4ll, Metallic Melange"}]},{"@type":"WebSite","@id":"https:\/\/beebipood.ee\/ru\/#website","url":"https:\/\/beebipood.ee\/ru\/","name":"Beebipood","description":"Lastekaubad, beebikaubad, m\u00e4nguasjad","publisher":{"@id":"https:\/\/beebipood.ee\/ru\/#organization"},"potentialAction":[{"@type":"SearchAction","target":{"@type":"EntryPoint","urlTemplate":"https:\/\/beebipood.ee\/ru\/?s={search_term_string}"},"query-input":{"@type":"PropertyValueSpecification","valueRequired":true,"valueName":"search_term_string"}}],"inLanguage":"ru-RU"},{"@type":"Organization","@id":"https:\/\/beebipood.ee\/ru\/#organization","name":"Beebipood","url":"https:\/\/beebipood.ee\/ru\/","logo":{"@type":"ImageObject","inLanguage":"ru-RU","@id":"https:\/\/beebipood.ee\/ru\/#\/schema\/logo\/image\/","url":"https:\/\/beebipood.ee\/wp-content\/uploads\/2025\/03\/beebipood.ee-logo-1.svg","contentUrl":"https:\/\/beebipood.ee\/wp-content\/uploads\/2025\/03\/beebipood.ee-logo-1.svg","caption":"Beebipood"},"image":{"@id":"https:\/\/beebipood.ee\/ru\/#\/schema\/logo\/image\/"}}]}},"brands":[{"id":11956,"name":"BeSafe","slug":"besafe-ru"}],"_links":{"self":[{"href":"https:\/\/beebipood.ee\/ru\/wp-json\/wp\/v2\/product\/456690","targetHints":{"allow":["GET"]}}],"collection":[{"href":"https:\/\/beebipood.ee\/ru\/wp-json\/wp\/v2\/product"}],"about":[{"href":"https:\/\/beebipood.ee\/ru\/wp-json\/wp\/v2\/types\/product"}],"wp:featuredmedia":[{"embeddable":true,"href":"https:\/\/beebipood.ee\/ru\/wp-json\/wp\/v2\/media\/110067"}],"wp:attachment":[{"href":"https:\/\/beebipood.ee\/ru\/wp-json\/wp\/v2\/media?parent=456690"}],"wp:term":[{"taxonomy":"pwb-brand","embeddable":true,"href":"https:\/\/beebipood.ee\/ru\/wp-json\/wp\/v2\/pwb-brand?post=456690"},{"taxonomy":"product_brand","embeddable":true,"href":"https:\/\/beebipood.ee\/ru\/wp-json\/wp\/v2\/product_brand?post=456690"},{"taxonomy":"product_cat","embeddable":true,"href":"https:\/\/beebipood.ee\/ru\/wp-json\/wp\/v2\/product_cat?post=456690"},{"taxonomy":"product_tag","embeddable":true,"href":"https:\/\/beebipood.ee\/ru\/wp-json\/wp\/v2\/product_tag?post=456690"}],"curies":[{"name":"wp","href":"https:\/\/api.w.org\/{rel}","templated":true}]}}